{"id":418795,"date":"2025-09-13T08:52:44","date_gmt":"2025-09-13T07:52:44","guid":{"rendered":"https:\/\/www.purejewels.com\/?post_type=product&#038;p=418795"},"modified":"2026-04-29T08:11:12","modified_gmt":"2026-04-29T07:11:12","slug":"cz-ve-granul-detayli-22-ayar-altin-minyon-citcitlar-53140","status":"publish","type":"product","link":"https:\/\/www.purejewels.com\/tr\/product\/22ct-gold-petite-studs-with-cz-and-granule-detailing-53140\/","title":{"rendered":"22 Ayar Alt\u0131n Minyon CZ \u00c7\u0131t\u00e7\u0131t"},"content":{"rendered":"<p data-start=\"594\" data-end=\"992\"><strong data-start=\"594\" data-end=\"613\">Tasar\u0131m Konsepti<\/strong><\/p>\n<p data-start=\"594\" data-end=\"992\">Bu k\u00fc\u00e7\u00fck k\u00fcpeler klasik Hint tasar\u0131m\u0131n\u0131 \u00e7a\u011fda\u015f zarafetle harmanl\u0131yor. Zamans\u0131z \u015fal motifinden ilham alan k\u00fcpeler, parlak CZ ta\u015flarla i\u015flenmi\u015f g\u00f6zya\u015f\u0131 damlas\u0131 \u015feklindeki merkezi bir form sergiliyor. Merkezi \u00e7evreleyen minik alt\u0131n gran\u00fcllerden olu\u015fan narin sa\u00e7ak, G\u00fcney Asya m\u00fccevherlerinde bulunan karma\u015f\u0131k el i\u015f\u00e7ili\u011fi stillerine bir sayg\u0131 duru\u015fu niteli\u011finde doku ve geleneksel cazibe kat\u0131yor.<\/p>\n<p data-start=\"994\" data-end=\"1413\"><strong data-start=\"994\" data-end=\"1012\">Zanaatkarl\u0131k<\/strong><\/p>\n<p data-start=\"994\" data-end=\"1413\">Y\u00fcksek safl\u0131kta 22 ayar sar\u0131 alt\u0131ndan ustal\u0131kla d\u00f6k\u00fclen her bir k\u00fcpe, keskin kenarlar ve rahat kullan\u0131m sa\u011flamak i\u00e7in \u00f6zenle tamamlanm\u0131\u015ft\u0131r. \"Alt\u0131n top\" i\u015fi olarak bilinen gran\u00fcl detaylar par\u00e7aya hem karakter hem de \u0131\u015f\u0131k oyunu katarken, CZ ta\u015flar ince bir \u0131\u015f\u0131lt\u0131 verir. G\u00fcvenli bir vidal\u0131 arka ba\u011flant\u0131 ile tasarlanm\u0131\u015ft\u0131r ve Londra Assay Ofisi taraf\u0131ndan damgalanarak safl\u0131k ve i\u015f\u00e7ilik m\u00fckemmelli\u011fini garanti eder.<\/p>\n<p data-start=\"1415\" data-end=\"1687\"><strong data-start=\"1415\" data-end=\"1433\">Stil Fikirleri<\/strong><\/p>\n<p data-start=\"1415\" data-end=\"1687\">G\u00fcnl\u00fck kullan\u0131m i\u00e7in veya katmanl\u0131 kulak g\u00f6r\u00fcn\u00fcm\u00fcn\u00fcn bir par\u00e7as\u0131 olarak m\u00fckemmel olan bu \u00e7\u0131t\u00e7\u0131tlar, alt\u0131n zincirler veya dokulu bilekliklerle g\u00fczel bir uyum sa\u011flar. Sevdiklerinize hediye etmek, bayramlarda giyinmek veya alt\u0131n koleksiyonuna yeni ba\u015flayan gen\u00e7 m\u00fccevher severler i\u00e7in idealdir.<\/p>","protected":false},"excerpt":{"rendered":"<p>Nefis detaylara sahip bu 22 Ayar Alt\u0131n Petite \u00c7\u0131t\u00e7\u0131tlar, ince gran\u00fcl alt\u0131n i\u015f\u00e7ili\u011fiyle \u00e7er\u00e7evelenmi\u015f, \u0131\u015f\u0131lt\u0131l\u0131 CZ ta\u015flar ve rodyum kaplamayla s\u00fcslenmi\u015f, \u015falvardan ilham alan bir tasar\u0131ma sahiptir. Miras detaylar ve modern sadelikle zenginle\u015ftirilmi\u015f b\u00fcy\u00fcleyici bir g\u00fcnl\u00fck vurgu.<\/p>\n<p><strong>Malzeme:<\/strong>\u00a022 Ayar Alt\u0131n<br \/>\n<strong>Safl\u0131k:<\/strong>\u00a091.6% saf<br \/>\n<strong>Hallmark:<\/strong>\u00a0\u0130ngiliz Damgas\u0131<strong><br \/>\n<\/strong><strong>Br\u00fct A\u011f\u0131rl\u0131k: <\/strong>1.32 Gms<br \/>\n<strong>Net A\u011f\u0131rl\u0131k:<\/strong> 1.31 Gms<br \/>\n<strong>SKU:<\/strong> 52417, 53140<\/p>\n<p><strong>Fiyat ve Teslimat<\/strong>: KDV ve teslimat \u00fccreti dahil<br \/>\n<a href=\"https:\/\/www.purejewels.com\/tr\/i%cc%87ade-poli%cc%87ti%cc%87kasi\/\">\u0130ade Politikas\u0131<\/a><\/p>","protected":false},"featured_media":418797,"comment_status":"closed","ping_status":"closed","template":"","meta":{"_eb_attr":"","_crsspst_to_jayantr4sg-hostcom":true},"product_brand":[],"product_cat":[1559,1576,236,1793,6190,1792,1790,1254,5343,5599,5943,1570,1577,1575,1574,5349],"product_tag":[66],"class_list":{"0":"post-418795","1":"product","2":"type-product","3":"status-publish","4":"has-post-thumbnail","6":"product_cat-birthday-gifts","7":"product_cat-childrens-jewellery","8":"product_cat-collections","9":"product_cat-diwali-gifts","10":"product_cat-easter-jewellery","11":"product_cat-festival-gifts","12":"product_cat-for-whom-when","13":"product_cat-gold-earrings","14":"product_cat-jewellery-under-550","15":"product_cat-baby-earring","16":"product_cat-kids-jewellery","17":"product_cat-mothers-day-gifts","18":"product_cat-stud-earrings","19":"product_cat-teenage-jewellery","20":"product_cat-womens-jewellery","21":"product_cat-yellow-gold-jewellery","22":"product_tag-earrings","24":"first","25":"instock","26":"taxable","27":"shipping-taxable","28":"purchasable","29":"product-type-simple","30":"add-to-wishlist-before_image"},"yoast_head":"<!-- This site is optimized with the Yoast SEO plugin v27.5 - https:\/\/yoast.com\/product\/yoast-seo-wordpress\/ -->\n<title>22ct Gold Petite Studs with CZ &amp; Granule Detailing | PureJewels<\/title>\n<meta name=\"description\" content=\"Discover 22ct Gold Petite Studs with CZ &amp; Granule Detailing. Elegant, traditional, and perfect for daily wear. Crafted in pure gold at PureJewels London.\" \/>\n<meta name=\"robots\" content=\"index, follow, max-snippet:-1, max-image-preview:large, max-video-preview:-1\" \/>\n<link rel=\"canonical\" href=\"https:\/\/www.purejewels.com\/tr\/urun\/cz-ve-granul-detayli-22-ayar-altin-minyon-citcitlar-53140\/\" \/>\n<meta property=\"og:locale\" content=\"tr_TR\" \/>\n<meta property=\"og:type\" content=\"article\" \/>\n<meta property=\"og:title\" content=\"22ct Gold Petite Studs with CZ &amp; Granule Detailing | PureJewels\" \/>\n<meta property=\"og:description\" content=\"Discover 22ct Gold Petite Studs with CZ &amp; Granule Detailing. Elegant, traditional, and perfect for daily wear. Crafted in pure gold at PureJewels London.\" \/>\n<meta property=\"og:url\" content=\"https:\/\/www.purejewels.com\/tr\/urun\/cz-ve-granul-detayli-22-ayar-altin-minyon-citcitlar-53140\/\" \/>\n<meta property=\"og:site_name\" content=\"PureJewels UK\" \/>\n<meta property=\"article:modified_time\" content=\"2026-04-29T07:11:12+00:00\" \/>\n<meta property=\"og:image\" content=\"https:\/\/static.purejewels.com\/wp-content\/uploads\/2025\/10\/SKU-52417.jpg\" \/>\n\t<meta property=\"og:image:width\" content=\"1000\" \/>\n\t<meta property=\"og:image:height\" content=\"1000\" \/>\n\t<meta property=\"og:image:type\" content=\"image\/jpeg\" \/>\n<meta name=\"twitter:card\" content=\"summary_large_image\" \/>\n<meta name=\"twitter:label1\" content=\"Tahmini okuma s\u00fcresi\" \/>\n\t<meta name=\"twitter:data1\" content=\"1 dakika\" \/>\n<script type=\"application\/ld+json\" class=\"yoast-schema-graph\">{\"@context\":\"https:\\\/\\\/schema.org\",\"@graph\":[{\"@type\":[\"WebPage\",\"ItemPage\"],\"@id\":\"https:\\\/\\\/www.purejewels.com\\\/product\\\/22ct-gold-petite-studs-with-cz-and-granule-detailing-53140\\\/\",\"url\":\"https:\\\/\\\/www.purejewels.com\\\/product\\\/22ct-gold-petite-studs-with-cz-and-granule-detailing-53140\\\/\",\"name\":\"22ct Gold Petite Studs with CZ & Granule Detailing | PureJewels\",\"isPartOf\":{\"@id\":\"https:\\\/\\\/www.purejewels.com\\\/#website\"},\"primaryImageOfPage\":{\"@id\":\"https:\\\/\\\/www.purejewels.com\\\/product\\\/22ct-gold-petite-studs-with-cz-and-granule-detailing-53140\\\/#primaryimage\"},\"image\":{\"@id\":\"https:\\\/\\\/www.purejewels.com\\\/product\\\/22ct-gold-petite-studs-with-cz-and-granule-detailing-53140\\\/#primaryimage\"},\"thumbnailUrl\":\"https:\\\/\\\/static.purejewels.com\\\/wp-content\\\/uploads\\\/2025\\\/10\\\/SKU-52417.jpg\",\"datePublished\":\"2025-09-13T07:52:44+00:00\",\"dateModified\":\"2026-04-29T07:11:12+00:00\",\"description\":\"Discover 22ct Gold Petite Studs with CZ & Granule Detailing. Elegant, traditional, and perfect for daily wear. Crafted in pure gold at PureJewels London.\",\"breadcrumb\":{\"@id\":\"https:\\\/\\\/www.purejewels.com\\\/product\\\/22ct-gold-petite-studs-with-cz-and-granule-detailing-53140\\\/#breadcrumb\"},\"inLanguage\":\"tr\",\"potentialAction\":[{\"@type\":\"ReadAction\",\"target\":[\"https:\\\/\\\/www.purejewels.com\\\/product\\\/22ct-gold-petite-studs-with-cz-and-granule-detailing-53140\\\/\"]}]},{\"@type\":\"ImageObject\",\"inLanguage\":\"tr\",\"@id\":\"https:\\\/\\\/www.purejewels.com\\\/product\\\/22ct-gold-petite-studs-with-cz-and-granule-detailing-53140\\\/#primaryimage\",\"url\":\"https:\\\/\\\/static.purejewels.com\\\/wp-content\\\/uploads\\\/2025\\\/10\\\/SKU-52417.jpg\",\"contentUrl\":\"https:\\\/\\\/static.purejewels.com\\\/wp-content\\\/uploads\\\/2025\\\/10\\\/SKU-52417.jpg\",\"width\":1000,\"height\":1000,\"caption\":\"22ct Gold Petite CZ Studs\"},{\"@type\":\"BreadcrumbList\",\"@id\":\"https:\\\/\\\/www.purejewels.com\\\/product\\\/22ct-gold-petite-studs-with-cz-and-granule-detailing-53140\\\/#breadcrumb\",\"itemListElement\":[{\"@type\":\"ListItem\",\"position\":1,\"name\":\"Home\",\"item\":\"https:\\\/\\\/www.purejewels.com\\\/\"},{\"@type\":\"ListItem\",\"position\":2,\"name\":\"Shop\",\"item\":\"https:\\\/\\\/www.purejewels.com\\\/shop\\\/\"},{\"@type\":\"ListItem\",\"position\":3,\"name\":\"22ct Gold Petite CZ Studs\"}]},{\"@type\":\"WebSite\",\"@id\":\"https:\\\/\\\/www.purejewels.com\\\/#website\",\"url\":\"https:\\\/\\\/www.purejewels.com\\\/\",\"name\":\"PureJewels UK\",\"description\":\"Share the Love\",\"publisher\":{\"@id\":\"https:\\\/\\\/www.purejewels.com\\\/#organization\"},\"potentialAction\":[{\"@type\":\"SearchAction\",\"target\":{\"@type\":\"EntryPoint\",\"urlTemplate\":\"https:\\\/\\\/www.purejewels.com\\\/?s={search_term_string}\"},\"query-input\":{\"@type\":\"PropertyValueSpecification\",\"valueRequired\":true,\"valueName\":\"search_term_string\"}}],\"inLanguage\":\"tr\"},{\"@type\":\"Organization\",\"@id\":\"https:\\\/\\\/www.purejewels.com\\\/#organization\",\"name\":\"PureJewels UK\",\"url\":\"https:\\\/\\\/www.purejewels.com\\\/\",\"logo\":{\"@type\":\"ImageObject\",\"inLanguage\":\"tr\",\"@id\":\"https:\\\/\\\/www.purejewels.com\\\/#\\\/schema\\\/logo\\\/image\\\/\",\"url\":\"https:\\\/\\\/static.purejewels.com\\\/wp-content\\\/uploads\\\/2020\\\/11\\\/Logo-PJ-New-1.png\",\"contentUrl\":\"https:\\\/\\\/static.purejewels.com\\\/wp-content\\\/uploads\\\/2020\\\/11\\\/Logo-PJ-New-1.png\",\"width\":150,\"height\":80,\"caption\":\"PureJewels UK\"},\"image\":{\"@id\":\"https:\\\/\\\/www.purejewels.com\\\/#\\\/schema\\\/logo\\\/image\\\/\"}}]}<\/script>\n<!-- \/ Yoast SEO plugin. -->","yoast_head_json":{"title":"22 Ayar Alt\u0131n CZ ve Gran\u00fcl Detayl\u0131 Minyon \u00c7\u0131t\u00e7\u0131t | PureJewels","description":"CZ ve Gran\u00fcl Detayl\u0131 22 Ayar Alt\u0131n Minyon \u00c7\u0131t\u00e7\u0131tlar\u0131 ke\u015ffedin. Zarif, geleneksel ve g\u00fcnl\u00fck kullan\u0131m i\u00e7in m\u00fckemmel. PureJewels Londra'da saf alt\u0131ndan \u00fcretilmi\u015ftir.","robots":{"index":"index","follow":"follow","max-snippet":"max-snippet:-1","max-image-preview":"max-image-preview:large","max-video-preview":"max-video-preview:-1"},"canonical":"https:\/\/www.purejewels.com\/tr\/urun\/cz-ve-granul-detayli-22-ayar-altin-minyon-citcitlar-53140\/","og_locale":"tr_TR","og_type":"article","og_title":"22ct Gold Petite Studs with CZ & Granule Detailing | PureJewels","og_description":"Discover 22ct Gold Petite Studs with CZ & Granule Detailing. Elegant, traditional, and perfect for daily wear. Crafted in pure gold at PureJewels London.","og_url":"https:\/\/www.purejewels.com\/tr\/urun\/cz-ve-granul-detayli-22-ayar-altin-minyon-citcitlar-53140\/","og_site_name":"PureJewels UK","article_modified_time":"2026-04-29T07:11:12+00:00","og_image":[{"width":1000,"height":1000,"url":"https:\/\/static.purejewels.com\/wp-content\/uploads\/2025\/10\/SKU-52417.jpg","type":"image\/jpeg"}],"twitter_card":"summary_large_image","twitter_misc":{"Tahmini okuma s\u00fcresi":"1 dakika"},"schema":{"@context":"https:\/\/schema.org","@graph":[{"@type":["WebPage","ItemPage"],"@id":"https:\/\/www.purejewels.com\/product\/22ct-gold-petite-studs-with-cz-and-granule-detailing-53140\/","url":"https:\/\/www.purejewels.com\/product\/22ct-gold-petite-studs-with-cz-and-granule-detailing-53140\/","name":"22 Ayar Alt\u0131n CZ ve Gran\u00fcl Detayl\u0131 Minyon \u00c7\u0131t\u00e7\u0131t | PureJewels","isPartOf":{"@id":"https:\/\/www.purejewels.com\/#website"},"primaryImageOfPage":{"@id":"https:\/\/www.purejewels.com\/product\/22ct-gold-petite-studs-with-cz-and-granule-detailing-53140\/#primaryimage"},"image":{"@id":"https:\/\/www.purejewels.com\/product\/22ct-gold-petite-studs-with-cz-and-granule-detailing-53140\/#primaryimage"},"thumbnailUrl":"https:\/\/static.purejewels.com\/wp-content\/uploads\/2025\/10\/SKU-52417.jpg","datePublished":"2025-09-13T07:52:44+00:00","dateModified":"2026-04-29T07:11:12+00:00","description":"CZ ve Gran\u00fcl Detayl\u0131 22 Ayar Alt\u0131n Minyon \u00c7\u0131t\u00e7\u0131tlar\u0131 ke\u015ffedin. Zarif, geleneksel ve g\u00fcnl\u00fck kullan\u0131m i\u00e7in m\u00fckemmel. PureJewels Londra'da saf alt\u0131ndan \u00fcretilmi\u015ftir.","breadcrumb":{"@id":"https:\/\/www.purejewels.com\/product\/22ct-gold-petite-studs-with-cz-and-granule-detailing-53140\/#breadcrumb"},"inLanguage":"tr","potentialAction":[{"@type":"ReadAction","target":["https:\/\/www.purejewels.com\/product\/22ct-gold-petite-studs-with-cz-and-granule-detailing-53140\/"]}]},{"@type":"ImageObject","inLanguage":"tr","@id":"https:\/\/www.purejewels.com\/product\/22ct-gold-petite-studs-with-cz-and-granule-detailing-53140\/#primaryimage","url":"https:\/\/static.purejewels.com\/wp-content\/uploads\/2025\/10\/SKU-52417.jpg","contentUrl":"https:\/\/static.purejewels.com\/wp-content\/uploads\/2025\/10\/SKU-52417.jpg","width":1000,"height":1000,"caption":"22ct Gold Petite CZ Studs"},{"@type":"BreadcrumbList","@id":"https:\/\/www.purejewels.com\/product\/22ct-gold-petite-studs-with-cz-and-granule-detailing-53140\/#breadcrumb","itemListElement":[{"@type":"ListItem","position":1,"name":"Home","item":"https:\/\/www.purejewels.com\/"},{"@type":"ListItem","position":2,"name":"Shop","item":"https:\/\/www.purejewels.com\/shop\/"},{"@type":"ListItem","position":3,"name":"22ct Gold Petite CZ Studs"}]},{"@type":"WebSite","@id":"https:\/\/www.purejewels.com\/#website","url":"https:\/\/www.purejewels.com\/","name":"PureJewels \u0130ngiltere","description":"Sevgiyi Payla\u015f\u0131n","publisher":{"@id":"https:\/\/www.purejewels.com\/#organization"},"potentialAction":[{"@type":"SearchAction","target":{"@type":"EntryPoint","urlTemplate":"https:\/\/www.purejewels.com\/?s={search_term_string}"},"query-input":{"@type":"PropertyValueSpecification","valueRequired":true,"valueName":"search_term_string"}}],"inLanguage":"tr"},{"@type":"Organization","@id":"https:\/\/www.purejewels.com\/#organization","name":"PureJewels \u0130ngiltere","url":"https:\/\/www.purejewels.com\/","logo":{"@type":"ImageObject","inLanguage":"tr","@id":"https:\/\/www.purejewels.com\/#\/schema\/logo\/image\/","url":"https:\/\/static.purejewels.com\/wp-content\/uploads\/2020\/11\/Logo-PJ-New-1.png","contentUrl":"https:\/\/static.purejewels.com\/wp-content\/uploads\/2020\/11\/Logo-PJ-New-1.png","width":150,"height":80,"caption":"PureJewels UK"},"image":{"@id":"https:\/\/www.purejewels.com\/#\/schema\/logo\/image\/"}}]}},"_links":{"self":[{"href":"https:\/\/www.purejewels.com\/tr\/wp-json\/wp\/v2\/product\/418795","targetHints":{"allow":["GET"]}}],"collection":[{"href":"https:\/\/www.purejewels.com\/tr\/wp-json\/wp\/v2\/product"}],"about":[{"href":"https:\/\/www.purejewels.com\/tr\/wp-json\/wp\/v2\/types\/product"}],"replies":[{"embeddable":true,"href":"https:\/\/www.purejewels.com\/tr\/wp-json\/wp\/v2\/comments?post=418795"}],"version-history":[{"count":4,"href":"https:\/\/www.purejewels.com\/tr\/wp-json\/wp\/v2\/product\/418795\/revisions"}],"predecessor-version":[{"id":426428,"href":"https:\/\/www.purejewels.com\/tr\/wp-json\/wp\/v2\/product\/418795\/revisions\/426428"}],"wp:featuredmedia":[{"embeddable":true,"href":"https:\/\/www.purejewels.com\/tr\/wp-json\/wp\/v2\/media\/418797"}],"wp:attachment":[{"href":"https:\/\/www.purejewels.com\/tr\/wp-json\/wp\/v2\/media?parent=418795"}],"wp:term":[{"taxonomy":"product_brand","embeddable":true,"href":"https:\/\/www.purejewels.com\/tr\/wp-json\/wp\/v2\/product_brand?post=418795"},{"taxonomy":"product_cat","embeddable":true,"href":"https:\/\/www.purejewels.com\/tr\/wp-json\/wp\/v2\/product_cat?post=418795"},{"taxonomy":"product_tag","embeddable":true,"href":"https:\/\/www.purejewels.com\/tr\/wp-json\/wp\/v2\/product_tag?post=418795"}],"curies":[{"name":"wp","href":"https:\/\/api.w.org\/{rel}","templated":true}]}}