{"id":4188,"date":"2017-07-19T13:25:34","date_gmt":"2017-07-19T12:25:34","guid":{"rendered":"http:\/\/new.purejewels.com\/product\/jali-22ct-gold-filigree-bangle\/"},"modified":"2026-01-10T16:15:49","modified_gmt":"2026-01-10T16:15:49","slug":"jali-22-ayar-altin-telkari-bileklik","status":"publish","type":"product","link":"https:\/\/www.purejewels.com\/tr\/product\/jali-22ct-gold-filigree-bangle\/","title":{"rendered":"Jali 22 Ayar Alt\u0131n Telkari Kada Bileklik"},"content":{"rendered":"<p>&nbsp;<\/p>\n<ul>\n<li><span style=\"float: none; background-color: transparent; color: #333333; cursor: text; font-family: Georgia,'Times New Roman','Bitstream Charter',Times,serif; font-size: 16px; font-style: normal; font-variant: normal; font-weight: 400; letter-spacing: normal; text-align: left; text-decoration: none; text-indent: 0px;\">Jali 22ct <a href=\"https:\/\/www.purejewels.com\/tr\/product-category\/22ct-gold-jewellery\/gold-necklaces\/filligree-necklaces\/\">Alt\u0131n Telkari<\/a> Tek Kada\u00a0<\/span><\/li>\n<li>SKU: 23514<\/li>\n<li>64.3 g<\/li>\n<li>Londra Tahlil Ofisi Taraf\u0131ndan Damgalanm\u0131\u015f 22 Ayar Alt\u0131n<\/li>\n<li>T\u00fcm Bilezikler Sunum Kutusuyla Birlikte Gelir<\/li>\n<li>Teslimat Dahil<\/li>\n<li>T\u00fcm fiyatlara KDV dahildir<\/li>\n<li>Stok durumu ve stokta bulunan benzer tasar\u0131mlar\u0131n daha fazla g\u00f6r\u00fcnt\u00fcs\u00fc i\u00e7in bizimle canl\u0131 sohbet edin<\/li>\n<\/ul>\n<p><strong>A\u00e7\u0131klama<br \/>\n<\/strong>En iyi 22 ayar alt\u0131n telkari bileklik eski bir hazinedir.  Bu son derece geleneksel par\u00e7a, klasik tarzda karma\u015f\u0131k bir \u015fekilde i\u015flenmi\u015ftir.  G\u00fcnl\u00fck kullan\u0131m i\u00e7in bir bileklik de\u011fildir.  De\u011ferli telkari bilekli\u011finiz, k\u0131skan\u0131laca\u011f\u0131 ve hayranl\u0131k duyulaca\u011f\u0131 \u00f6zel g\u00fcnler i\u00e7in ortaya \u00e7\u0131kacakt\u0131r.  Hint klasikleri koleksiyonunuz i\u00e7in vazge\u00e7ilmez bir par\u00e7ad\u0131r ve \u015fa\u015f\u0131rt\u0131c\u0131 64,3 g a\u011f\u0131rl\u0131\u011f\u0131yla sahip olabilece\u011finiz en de\u011ferli bilekliklerden biridir.<\/p>\n<p><strong>Alt\u0131n Telkari bilekli\u011fimizin tarih\u00e7esi<\/strong><br \/>\n64,3 g en iyi 22 ayar alt\u0131ndan \u00fcretilen bu telkari bileklik i\u00e7in para biriktirmelisiniz.  Antik Delhi ve Agra'daki mimariyi \u00e7a\u011fr\u0131\u015ft\u0131ran detayl\u0131 telkari ile ger\u00e7ek bir Hint klasi\u011fi.   Asl\u0131nda bu teknik Bab\u00fcr d\u00f6neminden \u00f6ncesine dayan\u0131r ve halen t\u00fcm d\u00fcnyada kullan\u0131lmaktad\u0131r.  Alt\u0131n telkari, bazen de\u011ferli ta\u015flarla s\u00fcslenen, ancak zorunlu olmayan bir desen olu\u015fturmak i\u00e7in a\u00e7\u0131k alandan yararlan\u0131r.  Bu bileklik i\u00e7in, tel i\u015f\u00e7ili\u011fine k\u00fc\u00e7\u00fck alt\u0131n boncuklar eklenerek (gran\u00fclasyon) \u00e7ivili bir kafes etkisi yarat\u0131lm\u0131\u015ft\u0131r.<\/p>\n<p><strong>PureJewels'ten daha fazla Alt\u0131n Telkari<br \/>\n<\/strong>Jali Alt\u0131n Telkari K\u00fcpeler ve g\u00fczel bir Alt\u0131n Telkari Gerdanl\u0131k kolye ekleyerek alt\u0131n telkari bir set olu\u015fturun.  Alt\u0131n Telkari Bilekliklerimizin daha fazlas\u0131n\u0131 \u00e7evrimi\u00e7i olarak ke\u015ffedin veya resimleri g\u00f6rmek isterseniz Canl\u0131 Sohbet arac\u0131l\u0131\u011f\u0131yla bilgi al\u0131n.<\/p>","protected":false},"excerpt":{"rendered":"<ul>\n<li>Jali 22 Ayar Alt\u0131n Telkari Kada Bileklik<\/li>\n<li>\u00a0SKU: 23514<\/li>\n<li>- 64.3g<\/li>\n<li>Londra Tahlil Ofisi Taraf\u0131ndan Damgalanm\u0131\u015f 22 Ayar Alt\u0131n<\/li>\n<li>T\u00fcm Bilezikler Sunum Kutusuyla Birlikte Gelir<\/li>\n<li>Teslimat Dahil<\/li>\n<li>T\u00fcm fiyatlara KDV dahildir<\/li>\n<li>Stok durumu ve stokta bulunan benzer tasar\u0131mlar\u0131n daha fazla g\u00f6r\u00fcnt\u00fcs\u00fc i\u00e7in bizimle canl\u0131 sohbet edin<\/li>\n<\/ul>","protected":false},"featured_media":4189,"comment_status":"closed","ping_status":"closed","template":"","meta":{"_eb_attr":"","_crsspst_to_jayantr4sg-hostcom":true},"product_brand":[],"product_cat":[1659,252,1574],"product_tag":[1514,1502,63,1521],"class_list":{"0":"post-4188","1":"product","2":"type-product","3":"status-publish","4":"has-post-thumbnail","6":"product_cat-bridal-and-party-wear-gold-kada-bangle","7":"product_cat-jali-collections","8":"product_cat-womens-jewellery","9":"product_tag-bangles","10":"product_tag-filigree","11":"product_tag-gold","12":"product_tag-kada","14":"first","15":"outofstock","16":"featured","17":"taxable","18":"shipping-taxable","19":"product-type-simple","20":"add-to-wishlist-before_image"},"yoast_head":"<!-- This site is optimized with the Yoast SEO plugin v27.3 - https:\/\/yoast.com\/product\/yoast-seo-wordpress\/ -->\n<title>Jali 22ct Gold Filigree Kada Bangle - PureJewels UK<\/title>\n<meta name=\"robots\" content=\"index, follow, max-snippet:-1, max-image-preview:large, max-video-preview:-1\" \/>\n<link rel=\"canonical\" href=\"https:\/\/www.purejewels.com\/tr\/urun\/jali-22-ayar-altin-telkari-bileklik\/\" \/>\n<meta property=\"og:locale\" content=\"tr_TR\" \/>\n<meta property=\"og:type\" content=\"article\" \/>\n<meta property=\"og:title\" content=\"Jali 22ct Gold Filigree Kada Bangle - PureJewels UK\" \/>\n<meta property=\"og:description\" content=\"Jali 22ct Gold Filigree Kada Bangle  \u00a0SKU: 23514  - 64.3g  22ct Gold Hallmarked by London Assay Office  All Bangles Come With Presentation Box  Delivery Included  All prices include VAT  Live chat with us for availability and more images of similar designs currently in stock\" \/>\n<meta property=\"og:url\" content=\"https:\/\/www.purejewels.com\/tr\/urun\/jali-22-ayar-altin-telkari-bileklik\/\" \/>\n<meta property=\"og:site_name\" content=\"PureJewels UK\" \/>\n<meta property=\"article:modified_time\" content=\"2026-01-10T16:15:49+00:00\" \/>\n<meta property=\"og:image\" content=\"https:\/\/www.purejewels.com\/wp-content\/uploads\/2017\/07\/bangle_23514_a_960px-2.jpg\" \/>\n\t<meta property=\"og:image:width\" content=\"960\" \/>\n\t<meta property=\"og:image:height\" content=\"960\" \/>\n\t<meta property=\"og:image:type\" content=\"image\/jpeg\" \/>\n<meta name=\"twitter:card\" content=\"summary_large_image\" \/>\n<meta name=\"twitter:label1\" content=\"Tahmini okuma s\u00fcresi\" \/>\n\t<meta name=\"twitter:data1\" content=\"1 dakika\" \/>\n<script type=\"application\/ld+json\" class=\"yoast-schema-graph\">{\"@context\":\"https:\\\/\\\/schema.org\",\"@graph\":[{\"@type\":[\"WebPage\",\"ItemPage\"],\"@id\":\"https:\\\/\\\/www.purejewels.com\\\/product\\\/jali-22ct-gold-filigree-bangle\\\/\",\"url\":\"https:\\\/\\\/www.purejewels.com\\\/product\\\/jali-22ct-gold-filigree-bangle\\\/\",\"name\":\"Jali 22ct Gold Filigree Kada Bangle - PureJewels UK\",\"isPartOf\":{\"@id\":\"https:\\\/\\\/www.purejewels.com\\\/#website\"},\"primaryImageOfPage\":{\"@id\":\"https:\\\/\\\/www.purejewels.com\\\/product\\\/jali-22ct-gold-filigree-bangle\\\/#primaryimage\"},\"image\":{\"@id\":\"https:\\\/\\\/www.purejewels.com\\\/product\\\/jali-22ct-gold-filigree-bangle\\\/#primaryimage\"},\"thumbnailUrl\":\"https:\\\/\\\/static.purejewels.com\\\/wp-content\\\/uploads\\\/2017\\\/07\\\/bangle_23514_a_960px-2.jpg\",\"datePublished\":\"2017-07-19T12:25:34+00:00\",\"dateModified\":\"2026-01-10T16:15:49+00:00\",\"breadcrumb\":{\"@id\":\"https:\\\/\\\/www.purejewels.com\\\/product\\\/jali-22ct-gold-filigree-bangle\\\/#breadcrumb\"},\"inLanguage\":\"tr\",\"potentialAction\":[{\"@type\":\"ReadAction\",\"target\":[\"https:\\\/\\\/www.purejewels.com\\\/product\\\/jali-22ct-gold-filigree-bangle\\\/\"]}]},{\"@type\":\"ImageObject\",\"inLanguage\":\"tr\",\"@id\":\"https:\\\/\\\/www.purejewels.com\\\/product\\\/jali-22ct-gold-filigree-bangle\\\/#primaryimage\",\"url\":\"https:\\\/\\\/static.purejewels.com\\\/wp-content\\\/uploads\\\/2017\\\/07\\\/bangle_23514_a_960px-2.jpg\",\"contentUrl\":\"https:\\\/\\\/static.purejewels.com\\\/wp-content\\\/uploads\\\/2017\\\/07\\\/bangle_23514_a_960px-2.jpg\",\"width\":960,\"height\":960,\"caption\":\"bangle_23514_a_960px.jpg\"},{\"@type\":\"BreadcrumbList\",\"@id\":\"https:\\\/\\\/www.purejewels.com\\\/product\\\/jali-22ct-gold-filigree-bangle\\\/#breadcrumb\",\"itemListElement\":[{\"@type\":\"ListItem\",\"position\":1,\"name\":\"Home\",\"item\":\"https:\\\/\\\/www.purejewels.com\\\/\"},{\"@type\":\"ListItem\",\"position\":2,\"name\":\"Shop\",\"item\":\"https:\\\/\\\/www.purejewels.com\\\/shop\\\/\"},{\"@type\":\"ListItem\",\"position\":3,\"name\":\"Jali 22ct Gold Filigree Kada Bangle\"}]},{\"@type\":\"WebSite\",\"@id\":\"https:\\\/\\\/www.purejewels.com\\\/#website\",\"url\":\"https:\\\/\\\/www.purejewels.com\\\/\",\"name\":\"PureJewels UK\",\"description\":\"Share the Love\",\"publisher\":{\"@id\":\"https:\\\/\\\/www.purejewels.com\\\/#organization\"},\"potentialAction\":[{\"@type\":\"SearchAction\",\"target\":{\"@type\":\"EntryPoint\",\"urlTemplate\":\"https:\\\/\\\/www.purejewels.com\\\/?s={search_term_string}\"},\"query-input\":{\"@type\":\"PropertyValueSpecification\",\"valueRequired\":true,\"valueName\":\"search_term_string\"}}],\"inLanguage\":\"tr\"},{\"@type\":\"Organization\",\"@id\":\"https:\\\/\\\/www.purejewels.com\\\/#organization\",\"name\":\"PureJewels UK\",\"url\":\"https:\\\/\\\/www.purejewels.com\\\/\",\"logo\":{\"@type\":\"ImageObject\",\"inLanguage\":\"tr\",\"@id\":\"https:\\\/\\\/www.purejewels.com\\\/#\\\/schema\\\/logo\\\/image\\\/\",\"url\":\"https:\\\/\\\/static.purejewels.com\\\/wp-content\\\/uploads\\\/2020\\\/11\\\/Logo-PJ-New-1.png\",\"contentUrl\":\"https:\\\/\\\/static.purejewels.com\\\/wp-content\\\/uploads\\\/2020\\\/11\\\/Logo-PJ-New-1.png\",\"width\":150,\"height\":80,\"caption\":\"PureJewels UK\"},\"image\":{\"@id\":\"https:\\\/\\\/www.purejewels.com\\\/#\\\/schema\\\/logo\\\/image\\\/\"}}]}<\/script>\n<!-- \/ Yoast SEO plugin. -->","yoast_head_json":{"title":"Jali 22 Ayar Alt\u0131n Telkari Kada Bileklik - PureJewels UK","robots":{"index":"index","follow":"follow","max-snippet":"max-snippet:-1","max-image-preview":"max-image-preview:large","max-video-preview":"max-video-preview:-1"},"canonical":"https:\/\/www.purejewels.com\/tr\/urun\/jali-22-ayar-altin-telkari-bileklik\/","og_locale":"tr_TR","og_type":"article","og_title":"Jali 22ct Gold Filigree Kada Bangle - PureJewels UK","og_description":"Jali 22ct Gold Filigree Kada Bangle  \u00a0SKU: 23514  - 64.3g  22ct Gold Hallmarked by London Assay Office  All Bangles Come With Presentation Box  Delivery Included  All prices include VAT  Live chat with us for availability and more images of similar designs currently in stock","og_url":"https:\/\/www.purejewels.com\/tr\/urun\/jali-22-ayar-altin-telkari-bileklik\/","og_site_name":"PureJewels UK","article_modified_time":"2026-01-10T16:15:49+00:00","og_image":[{"width":960,"height":960,"url":"https:\/\/www.purejewels.com\/wp-content\/uploads\/2017\/07\/bangle_23514_a_960px-2.jpg","type":"image\/jpeg"}],"twitter_card":"summary_large_image","twitter_misc":{"Tahmini okuma s\u00fcresi":"1 dakika"},"schema":{"@context":"https:\/\/schema.org","@graph":[{"@type":["WebPage","ItemPage"],"@id":"https:\/\/www.purejewels.com\/product\/jali-22ct-gold-filigree-bangle\/","url":"https:\/\/www.purejewels.com\/product\/jali-22ct-gold-filigree-bangle\/","name":"Jali 22 Ayar Alt\u0131n Telkari Kada Bileklik - PureJewels UK","isPartOf":{"@id":"https:\/\/www.purejewels.com\/#website"},"primaryImageOfPage":{"@id":"https:\/\/www.purejewels.com\/product\/jali-22ct-gold-filigree-bangle\/#primaryimage"},"image":{"@id":"https:\/\/www.purejewels.com\/product\/jali-22ct-gold-filigree-bangle\/#primaryimage"},"thumbnailUrl":"https:\/\/static.purejewels.com\/wp-content\/uploads\/2017\/07\/bangle_23514_a_960px-2.jpg","datePublished":"2017-07-19T12:25:34+00:00","dateModified":"2026-01-10T16:15:49+00:00","breadcrumb":{"@id":"https:\/\/www.purejewels.com\/product\/jali-22ct-gold-filigree-bangle\/#breadcrumb"},"inLanguage":"tr","potentialAction":[{"@type":"ReadAction","target":["https:\/\/www.purejewels.com\/product\/jali-22ct-gold-filigree-bangle\/"]}]},{"@type":"ImageObject","inLanguage":"tr","@id":"https:\/\/www.purejewels.com\/product\/jali-22ct-gold-filigree-bangle\/#primaryimage","url":"https:\/\/static.purejewels.com\/wp-content\/uploads\/2017\/07\/bangle_23514_a_960px-2.jpg","contentUrl":"https:\/\/static.purejewels.com\/wp-content\/uploads\/2017\/07\/bangle_23514_a_960px-2.jpg","width":960,"height":960,"caption":"bangle_23514_a_960px.jpg"},{"@type":"BreadcrumbList","@id":"https:\/\/www.purejewels.com\/product\/jali-22ct-gold-filigree-bangle\/#breadcrumb","itemListElement":[{"@type":"ListItem","position":1,"name":"Home","item":"https:\/\/www.purejewels.com\/"},{"@type":"ListItem","position":2,"name":"Shop","item":"https:\/\/www.purejewels.com\/shop\/"},{"@type":"ListItem","position":3,"name":"Jali 22ct Gold Filigree Kada Bangle"}]},{"@type":"WebSite","@id":"https:\/\/www.purejewels.com\/#website","url":"https:\/\/www.purejewels.com\/","name":"PureJewels \u0130ngiltere","description":"Sevgiyi Payla\u015f\u0131n","publisher":{"@id":"https:\/\/www.purejewels.com\/#organization"},"potentialAction":[{"@type":"SearchAction","target":{"@type":"EntryPoint","urlTemplate":"https:\/\/www.purejewels.com\/?s={search_term_string}"},"query-input":{"@type":"PropertyValueSpecification","valueRequired":true,"valueName":"search_term_string"}}],"inLanguage":"tr"},{"@type":"Organization","@id":"https:\/\/www.purejewels.com\/#organization","name":"PureJewels \u0130ngiltere","url":"https:\/\/www.purejewels.com\/","logo":{"@type":"ImageObject","inLanguage":"tr","@id":"https:\/\/www.purejewels.com\/#\/schema\/logo\/image\/","url":"https:\/\/static.purejewels.com\/wp-content\/uploads\/2020\/11\/Logo-PJ-New-1.png","contentUrl":"https:\/\/static.purejewels.com\/wp-content\/uploads\/2020\/11\/Logo-PJ-New-1.png","width":150,"height":80,"caption":"PureJewels UK"},"image":{"@id":"https:\/\/www.purejewels.com\/#\/schema\/logo\/image\/"}}]}},"_links":{"self":[{"href":"https:\/\/www.purejewels.com\/tr\/wp-json\/wp\/v2\/product\/4188","targetHints":{"allow":["GET"]}}],"collection":[{"href":"https:\/\/www.purejewels.com\/tr\/wp-json\/wp\/v2\/product"}],"about":[{"href":"https:\/\/www.purejewels.com\/tr\/wp-json\/wp\/v2\/types\/product"}],"replies":[{"embeddable":true,"href":"https:\/\/www.purejewels.com\/tr\/wp-json\/wp\/v2\/comments?post=4188"}],"version-history":[{"count":1,"href":"https:\/\/www.purejewels.com\/tr\/wp-json\/wp\/v2\/product\/4188\/revisions"}],"predecessor-version":[{"id":385310,"href":"https:\/\/www.purejewels.com\/tr\/wp-json\/wp\/v2\/product\/4188\/revisions\/385310"}],"wp:featuredmedia":[{"embeddable":true,"href":"https:\/\/www.purejewels.com\/tr\/wp-json\/wp\/v2\/media\/4189"}],"wp:attachment":[{"href":"https:\/\/www.purejewels.com\/tr\/wp-json\/wp\/v2\/media?parent=4188"}],"wp:term":[{"taxonomy":"product_brand","embeddable":true,"href":"https:\/\/www.purejewels.com\/tr\/wp-json\/wp\/v2\/product_brand?post=4188"},{"taxonomy":"product_cat","embeddable":true,"href":"https:\/\/www.purejewels.com\/tr\/wp-json\/wp\/v2\/product_cat?post=4188"},{"taxonomy":"product_tag","embeddable":true,"href":"https:\/\/www.purejewels.com\/tr\/wp-json\/wp\/v2\/product_tag?post=4188"}],"curies":[{"name":"wp","href":"https:\/\/api.w.org\/{rel}","templated":true}]}}