{"id":418801,"date":"2025-08-13T09:14:17","date_gmt":"2025-08-13T08:14:17","guid":{"rendered":"https:\/\/www.purejewels.com\/?post_type=product&#038;p=418801"},"modified":"2026-02-18T11:55:53","modified_gmt":"2026-02-18T11:55:53","slug":"18-ayar-altin-pirlanta-om-kolye-ucu-0-25ct","status":"publish","type":"product","link":"https:\/\/www.purejewels.com\/tr\/product\/18ct-gold-diamond-om-pendant-0-25ct\/","title":{"rendered":"18 Ayar Alt\u0131n P\u0131rlanta Om Kolye | 0,25 ct"},"content":{"rendered":"<p data-start=\"533\" data-end=\"773\"><strong data-start=\"533\" data-end=\"543\">Tasar\u0131m<\/strong><br data-start=\"543\" data-end=\"546\" \/>Bu zarif kolye ucu, kutsal Om sembol\u00fcn\u00fc 18 ayar beyaz alt\u0131nla yeniden canland\u0131r\u0131yor ve 0,25 ayar do\u011fal VVS p\u0131rlantalarla \u0131\u015f\u0131ld\u0131yor. K\u00fcme ayar\u0131 safl\u0131\u011f\u0131, huzuru ve ilahi rezonans\u0131 temsil eden s\u00fcrekli bir parlakl\u0131k yarat\u0131r.<\/p>\n<p data-start=\"775\" data-end=\"1016\"><strong data-start=\"775\" data-end=\"792\">Zanaatkarl\u0131k<\/strong><br data-start=\"792\" data-end=\"795\" \/>Londra'da \u00fcretilen ve Birle\u015fik Krall\u0131k Assay Ofisi taraf\u0131ndan damgalanan her bir elmas, maksimum \u0131\u015f\u0131lt\u0131 ve simetri elde etmek i\u00e7in \u00f6zenle elle ayarlanm\u0131\u015ft\u0131r. Par\u00e7a y\u00fcksek parlakl\u0131kta cilalanarak elmaslar\u0131n ve alt\u0131n\u0131n parlakl\u0131\u011f\u0131 art\u0131r\u0131lm\u0131\u015ft\u0131r.<\/p>\n<p data-start=\"1018\" data-end=\"1299\" data-is-last-node=\"\" data-is-only-node=\"\"><strong data-start=\"1018\" data-end=\"1039\">\u015eekillendirme &amp; Hediyele\u015fme<\/strong><br data-start=\"1039\" data-end=\"1042\" \/>Ruhani ba\u011fl\u0131l\u0131k i\u00e7in veya do\u011fum g\u00fcnleri, y\u0131ld\u00f6n\u00fcmleri veya Diwali gibi u\u011furlu g\u00fcnlerde hediye etmek i\u00e7in m\u00fckemmel olan anlaml\u0131 bir kolye ucu. Zarif bir g\u00fcnl\u00fck giyim g\u00f6r\u00fcn\u00fcm\u00fc i\u00e7in narin bir zincirle g\u00fczel bir \u015fekilde e\u015fle\u015fir veya bayram giyimi i\u00e7in di\u011fer ince par\u00e7alarla katmanlan\u0131r.<\/p>","protected":false},"excerpt":{"rendered":"<p data-start=\"45\" data-end=\"265\">18 ayar alt\u0131ndan, 0,25 ct do\u011fal VVS p\u0131rlanta ile i\u015flenmi\u015f \u0131\u015f\u0131lt\u0131l\u0131 bir Om kolye ucu. \u0130lahi \u0131\u015f\u0131\u011f\u0131 ve hassasiyeti yans\u0131tan bir k\u00fcme ayar\u0131 ile Londra'da el yap\u0131m\u0131.<\/p>\n<p><strong>Malzeme:<\/strong> 18 Ayar Beyaz Alt\u0131n<br \/>\n<strong>Safl\u0131k:<\/strong> 75% saf Alt\u0131n<br \/>\n<strong>Hallmark:<\/strong>\u00a0\u0130ngiliz Damgas\u0131<\/p>\n<p><strong>Elmas A\u011f\u0131rl\u0131\u011f\u0131:<\/strong> 0.25ct<br \/>\n<strong>A\u011f\u0131rl\u0131k:<\/strong> 2.2 Gms<br \/>\n<strong>SKU:<\/strong> 41379<\/p>\n<p><strong>Fiyat ve Teslimat: <\/strong>Zincir fiyat\u0131 dahil de\u011fildir, KDV ve teslimat \u00fccretleri dahildir<strong><br \/>\n<a href=\"https:\/\/www.purejewels.com\/tr\/i%cc%87ade-poli%cc%87ti%cc%87kasi\/\">\u0130ade Politikas\u0131<\/a><\/strong><\/p>","protected":false},"featured_media":418805,"comment_status":"closed","ping_status":"closed","template":"","meta":{"_eb_attr":"","_crsspst_to_jayantr4sg-hostcom":false},"product_brand":[],"product_cat":[5679,5951,1793,1770,1571,1790,1229,1255,1767,1572,1768,1570,5600,1701,5348,1574],"product_tag":[],"class_list":{"0":"post-418801","1":"product","2":"type-product","3":"status-publish","4":"has-post-thumbnail","6":"product_cat-18ct-gold-jewellery","7":"product_cat-18ct-gold-pendant","8":"product_cat-diwali-gifts","9":"product_cat-fancy-pendants","10":"product_cat-fathers-day-gifts","11":"product_cat-for-whom-when","12":"product_cat-22ct-gold-jewellery","13":"product_cat-gold-pendants","14":"product_cat-ladies-pendants","15":"product_cat-mens-jewellery","16":"product_cat-mens-pendants","17":"product_cat-mothers-day-gifts","18":"product_cat-om-pendants","19":"product_cat-religious-pendants","20":"product_cat-white-gold-jewellery","21":"product_cat-womens-jewellery","23":"first","24":"instock","25":"taxable","26":"shipping-taxable","27":"purchasable","28":"product-type-simple","29":"add-to-wishlist-before_image"},"yoast_head":"<!-- This site is optimized with the Yoast SEO plugin v27.4 - https:\/\/yoast.com\/product\/yoast-seo-wordpress\/ -->\n<title>18ct Gold Om Pendant | VVS 0.25ct Diamonds | PureJewels UK<\/title>\n<meta name=\"description\" content=\"Handcrafted in London, this 18ct Gold Om Pendant features 0.25ct natural VVS diamonds in a refined cluster setting, hallmarked by the UK Assay Office.\" \/>\n<meta name=\"robots\" content=\"index, follow, max-snippet:-1, max-image-preview:large, max-video-preview:-1\" \/>\n<link rel=\"canonical\" href=\"https:\/\/www.purejewels.com\/tr\/urun\/18-ayar-altin-pirlanta-om-kolye-ucu-0-25ct\/\" \/>\n<meta property=\"og:locale\" content=\"tr_TR\" \/>\n<meta property=\"og:type\" content=\"article\" \/>\n<meta property=\"og:title\" content=\"18ct Gold Om Pendant | VVS 0.25ct Diamonds | PureJewels UK\" \/>\n<meta property=\"og:description\" content=\"Handcrafted in London, this 18ct Gold Om Pendant features 0.25ct natural VVS diamonds in a refined cluster setting, hallmarked by the UK Assay Office.\" \/>\n<meta property=\"og:url\" content=\"https:\/\/www.purejewels.com\/tr\/urun\/18-ayar-altin-pirlanta-om-kolye-ucu-0-25ct\/\" \/>\n<meta property=\"og:site_name\" content=\"PureJewels UK\" \/>\n<meta property=\"article:modified_time\" content=\"2026-02-18T11:55:53+00:00\" \/>\n<meta property=\"og:image\" content=\"https:\/\/static.purejewels.com\/wp-content\/uploads\/2025\/10\/SKU-41379.jpg\" \/>\n\t<meta property=\"og:image:width\" content=\"1000\" \/>\n\t<meta property=\"og:image:height\" content=\"1000\" \/>\n\t<meta property=\"og:image:type\" content=\"image\/jpeg\" \/>\n<meta name=\"twitter:card\" content=\"summary_large_image\" \/>\n<meta name=\"twitter:label1\" content=\"Tahmini okuma s\u00fcresi\" \/>\n\t<meta name=\"twitter:data1\" content=\"1 dakika\" \/>\n<script type=\"application\/ld+json\" class=\"yoast-schema-graph\">{\"@context\":\"https:\\\/\\\/schema.org\",\"@graph\":[{\"@type\":[\"WebPage\",\"ItemPage\"],\"@id\":\"https:\\\/\\\/www.purejewels.com\\\/product\\\/18ct-gold-diamond-om-pendant-0-25ct\\\/\",\"url\":\"https:\\\/\\\/www.purejewels.com\\\/product\\\/18ct-gold-diamond-om-pendant-0-25ct\\\/\",\"name\":\"18ct Gold Om Pendant | VVS 0.25ct Diamonds | PureJewels UK\",\"isPartOf\":{\"@id\":\"https:\\\/\\\/www.purejewels.com\\\/#website\"},\"primaryImageOfPage\":{\"@id\":\"https:\\\/\\\/www.purejewels.com\\\/product\\\/18ct-gold-diamond-om-pendant-0-25ct\\\/#primaryimage\"},\"image\":{\"@id\":\"https:\\\/\\\/www.purejewels.com\\\/product\\\/18ct-gold-diamond-om-pendant-0-25ct\\\/#primaryimage\"},\"thumbnailUrl\":\"https:\\\/\\\/static.purejewels.com\\\/wp-content\\\/uploads\\\/2025\\\/10\\\/SKU-41379.jpg\",\"datePublished\":\"2025-08-13T08:14:17+00:00\",\"dateModified\":\"2026-02-18T11:55:53+00:00\",\"description\":\"Handcrafted in London, this 18ct Gold Om Pendant features 0.25ct natural VVS diamonds in a refined cluster setting, hallmarked by the UK Assay Office.\",\"breadcrumb\":{\"@id\":\"https:\\\/\\\/www.purejewels.com\\\/product\\\/18ct-gold-diamond-om-pendant-0-25ct\\\/#breadcrumb\"},\"inLanguage\":\"tr\",\"potentialAction\":[{\"@type\":\"ReadAction\",\"target\":[\"https:\\\/\\\/www.purejewels.com\\\/product\\\/18ct-gold-diamond-om-pendant-0-25ct\\\/\"]}]},{\"@type\":\"ImageObject\",\"inLanguage\":\"tr\",\"@id\":\"https:\\\/\\\/www.purejewels.com\\\/product\\\/18ct-gold-diamond-om-pendant-0-25ct\\\/#primaryimage\",\"url\":\"https:\\\/\\\/static.purejewels.com\\\/wp-content\\\/uploads\\\/2025\\\/10\\\/SKU-41379.jpg\",\"contentUrl\":\"https:\\\/\\\/static.purejewels.com\\\/wp-content\\\/uploads\\\/2025\\\/10\\\/SKU-41379.jpg\",\"width\":1000,\"height\":1000},{\"@type\":\"BreadcrumbList\",\"@id\":\"https:\\\/\\\/www.purejewels.com\\\/product\\\/18ct-gold-diamond-om-pendant-0-25ct\\\/#breadcrumb\",\"itemListElement\":[{\"@type\":\"ListItem\",\"position\":1,\"name\":\"Home\",\"item\":\"https:\\\/\\\/www.purejewels.com\\\/\"},{\"@type\":\"ListItem\",\"position\":2,\"name\":\"Shop\",\"item\":\"https:\\\/\\\/www.purejewels.com\\\/shop\\\/\"},{\"@type\":\"ListItem\",\"position\":3,\"name\":\"18ct Gold Diamond Om Pendant | 0.25ct\"}]},{\"@type\":\"WebSite\",\"@id\":\"https:\\\/\\\/www.purejewels.com\\\/#website\",\"url\":\"https:\\\/\\\/www.purejewels.com\\\/\",\"name\":\"PureJewels UK\",\"description\":\"Share the Love\",\"publisher\":{\"@id\":\"https:\\\/\\\/www.purejewels.com\\\/#organization\"},\"potentialAction\":[{\"@type\":\"SearchAction\",\"target\":{\"@type\":\"EntryPoint\",\"urlTemplate\":\"https:\\\/\\\/www.purejewels.com\\\/?s={search_term_string}\"},\"query-input\":{\"@type\":\"PropertyValueSpecification\",\"valueRequired\":true,\"valueName\":\"search_term_string\"}}],\"inLanguage\":\"tr\"},{\"@type\":\"Organization\",\"@id\":\"https:\\\/\\\/www.purejewels.com\\\/#organization\",\"name\":\"PureJewels UK\",\"url\":\"https:\\\/\\\/www.purejewels.com\\\/\",\"logo\":{\"@type\":\"ImageObject\",\"inLanguage\":\"tr\",\"@id\":\"https:\\\/\\\/www.purejewels.com\\\/#\\\/schema\\\/logo\\\/image\\\/\",\"url\":\"https:\\\/\\\/static.purejewels.com\\\/wp-content\\\/uploads\\\/2020\\\/11\\\/Logo-PJ-New-1.png\",\"contentUrl\":\"https:\\\/\\\/static.purejewels.com\\\/wp-content\\\/uploads\\\/2020\\\/11\\\/Logo-PJ-New-1.png\",\"width\":150,\"height\":80,\"caption\":\"PureJewels UK\"},\"image\":{\"@id\":\"https:\\\/\\\/www.purejewels.com\\\/#\\\/schema\\\/logo\\\/image\\\/\"}}]}<\/script>\n<!-- \/ Yoast SEO plugin. -->","yoast_head_json":{"title":"18 Ayar Alt\u0131n Om Kolye | VVS 0,25 Ayar P\u0131rlanta | PureJewels UK","description":"Londra'da el i\u015f\u00e7ili\u011fiyle \u00fcretilen bu 18 ayar alt\u0131n Om kolye ucu, zarif bir k\u00fcme ayar\u0131nda 0,25 ct do\u011fal VVS p\u0131rlantaya sahiptir ve Birle\u015fik Krall\u0131k Tahlil Ofisi taraf\u0131ndan damgalanm\u0131\u015ft\u0131r.","robots":{"index":"index","follow":"follow","max-snippet":"max-snippet:-1","max-image-preview":"max-image-preview:large","max-video-preview":"max-video-preview:-1"},"canonical":"https:\/\/www.purejewels.com\/tr\/urun\/18-ayar-altin-pirlanta-om-kolye-ucu-0-25ct\/","og_locale":"tr_TR","og_type":"article","og_title":"18ct Gold Om Pendant | VVS 0.25ct Diamonds | PureJewels UK","og_description":"Handcrafted in London, this 18ct Gold Om Pendant features 0.25ct natural VVS diamonds in a refined cluster setting, hallmarked by the UK Assay Office.","og_url":"https:\/\/www.purejewels.com\/tr\/urun\/18-ayar-altin-pirlanta-om-kolye-ucu-0-25ct\/","og_site_name":"PureJewels UK","article_modified_time":"2026-02-18T11:55:53+00:00","og_image":[{"width":1000,"height":1000,"url":"https:\/\/static.purejewels.com\/wp-content\/uploads\/2025\/10\/SKU-41379.jpg","type":"image\/jpeg"}],"twitter_card":"summary_large_image","twitter_misc":{"Tahmini okuma s\u00fcresi":"1 dakika"},"schema":{"@context":"https:\/\/schema.org","@graph":[{"@type":["WebPage","ItemPage"],"@id":"https:\/\/www.purejewels.com\/product\/18ct-gold-diamond-om-pendant-0-25ct\/","url":"https:\/\/www.purejewels.com\/product\/18ct-gold-diamond-om-pendant-0-25ct\/","name":"18 Ayar Alt\u0131n Om Kolye | VVS 0,25 Ayar P\u0131rlanta | PureJewels UK","isPartOf":{"@id":"https:\/\/www.purejewels.com\/#website"},"primaryImageOfPage":{"@id":"https:\/\/www.purejewels.com\/product\/18ct-gold-diamond-om-pendant-0-25ct\/#primaryimage"},"image":{"@id":"https:\/\/www.purejewels.com\/product\/18ct-gold-diamond-om-pendant-0-25ct\/#primaryimage"},"thumbnailUrl":"https:\/\/static.purejewels.com\/wp-content\/uploads\/2025\/10\/SKU-41379.jpg","datePublished":"2025-08-13T08:14:17+00:00","dateModified":"2026-02-18T11:55:53+00:00","description":"Londra'da el i\u015f\u00e7ili\u011fiyle \u00fcretilen bu 18 ayar alt\u0131n Om kolye ucu, zarif bir k\u00fcme ayar\u0131nda 0,25 ct do\u011fal VVS p\u0131rlantaya sahiptir ve Birle\u015fik Krall\u0131k Tahlil Ofisi taraf\u0131ndan damgalanm\u0131\u015ft\u0131r.","breadcrumb":{"@id":"https:\/\/www.purejewels.com\/product\/18ct-gold-diamond-om-pendant-0-25ct\/#breadcrumb"},"inLanguage":"tr","potentialAction":[{"@type":"ReadAction","target":["https:\/\/www.purejewels.com\/product\/18ct-gold-diamond-om-pendant-0-25ct\/"]}]},{"@type":"ImageObject","inLanguage":"tr","@id":"https:\/\/www.purejewels.com\/product\/18ct-gold-diamond-om-pendant-0-25ct\/#primaryimage","url":"https:\/\/static.purejewels.com\/wp-content\/uploads\/2025\/10\/SKU-41379.jpg","contentUrl":"https:\/\/static.purejewels.com\/wp-content\/uploads\/2025\/10\/SKU-41379.jpg","width":1000,"height":1000},{"@type":"BreadcrumbList","@id":"https:\/\/www.purejewels.com\/product\/18ct-gold-diamond-om-pendant-0-25ct\/#breadcrumb","itemListElement":[{"@type":"ListItem","position":1,"name":"Home","item":"https:\/\/www.purejewels.com\/"},{"@type":"ListItem","position":2,"name":"Shop","item":"https:\/\/www.purejewels.com\/shop\/"},{"@type":"ListItem","position":3,"name":"18ct Gold Diamond Om Pendant | 0.25ct"}]},{"@type":"WebSite","@id":"https:\/\/www.purejewels.com\/#website","url":"https:\/\/www.purejewels.com\/","name":"PureJewels \u0130ngiltere","description":"Sevgiyi Payla\u015f\u0131n","publisher":{"@id":"https:\/\/www.purejewels.com\/#organization"},"potentialAction":[{"@type":"SearchAction","target":{"@type":"EntryPoint","urlTemplate":"https:\/\/www.purejewels.com\/?s={search_term_string}"},"query-input":{"@type":"PropertyValueSpecification","valueRequired":true,"valueName":"search_term_string"}}],"inLanguage":"tr"},{"@type":"Organization","@id":"https:\/\/www.purejewels.com\/#organization","name":"PureJewels \u0130ngiltere","url":"https:\/\/www.purejewels.com\/","logo":{"@type":"ImageObject","inLanguage":"tr","@id":"https:\/\/www.purejewels.com\/#\/schema\/logo\/image\/","url":"https:\/\/static.purejewels.com\/wp-content\/uploads\/2020\/11\/Logo-PJ-New-1.png","contentUrl":"https:\/\/static.purejewels.com\/wp-content\/uploads\/2020\/11\/Logo-PJ-New-1.png","width":150,"height":80,"caption":"PureJewels UK"},"image":{"@id":"https:\/\/www.purejewels.com\/#\/schema\/logo\/image\/"}}]}},"_links":{"self":[{"href":"https:\/\/www.purejewels.com\/tr\/wp-json\/wp\/v2\/product\/418801","targetHints":{"allow":["GET"]}}],"collection":[{"href":"https:\/\/www.purejewels.com\/tr\/wp-json\/wp\/v2\/product"}],"about":[{"href":"https:\/\/www.purejewels.com\/tr\/wp-json\/wp\/v2\/types\/product"}],"replies":[{"embeddable":true,"href":"https:\/\/www.purejewels.com\/tr\/wp-json\/wp\/v2\/comments?post=418801"}],"version-history":[{"count":1,"href":"https:\/\/www.purejewels.com\/tr\/wp-json\/wp\/v2\/product\/418801\/revisions"}],"predecessor-version":[{"id":418807,"href":"https:\/\/www.purejewels.com\/tr\/wp-json\/wp\/v2\/product\/418801\/revisions\/418807"}],"wp:featuredmedia":[{"embeddable":true,"href":"https:\/\/www.purejewels.com\/tr\/wp-json\/wp\/v2\/media\/418805"}],"wp:attachment":[{"href":"https:\/\/www.purejewels.com\/tr\/wp-json\/wp\/v2\/media?parent=418801"}],"wp:term":[{"taxonomy":"product_brand","embeddable":true,"href":"https:\/\/www.purejewels.com\/tr\/wp-json\/wp\/v2\/product_brand?post=418801"},{"taxonomy":"product_cat","embeddable":true,"href":"https:\/\/www.purejewels.com\/tr\/wp-json\/wp\/v2\/product_cat?post=418801"},{"taxonomy":"product_tag","embeddable":true,"href":"https:\/\/www.purejewels.com\/tr\/wp-json\/wp\/v2\/product_tag?post=418801"}],"curies":[{"name":"wp","href":"https:\/\/api.w.org\/{rel}","templated":true}]}}