{"id":418808,"date":"2025-06-13T09:41:29","date_gmt":"2025-06-13T08:41:29","guid":{"rendered":"https:\/\/www.purejewels.com\/?post_type=product&#038;p=418808"},"modified":"2026-04-17T05:23:16","modified_gmt":"2026-04-17T04:23:16","slug":"22-ayar-altin-parlak-cz-yuzuk-uk","status":"publish","type":"product","link":"https:\/\/www.purejewels.com\/tr\/product\/22ct-gold-radiant-cz-ring-uk\/","title":{"rendered":"22 Ayar Alt\u0131n Parlak CZ Y\u00fcz\u00fck"},"content":{"rendered":"<h3>Tasar\u0131m<\/h3>\n<p>Bu zarif 22 ayar alt\u0131n y\u00fcz\u00fck, \u0131\u015f\u0131lt\u0131l\u0131 \u00e7i\u00e7ekler gibi par\u0131ldayan ikiz \u00e7i\u00e7ekli CZ k\u00fcmelerini sergiliyor. A\u00e7\u0131k u\u00e7lu tasar\u0131m hareket ve denge katarak uyumu ve ba\u011flant\u0131n\u0131n g\u00fczelli\u011fini simgeliyor.<\/p>\n<h3>Zanaatkarl\u0131k<\/h3>\n<p>Londra'da el yap\u0131m\u0131 olarak \u00fcretilen ve Birle\u015fik Krall\u0131k Assay Ofisi taraf\u0131ndan damgalanan bu kolye, maksimum parlakl\u0131k i\u00e7in hassas ayarl\u0131 CZ ta\u015flara sahiptir. Alt\u0131n ve \u0131\u015f\u0131lt\u0131 aras\u0131nda kusursuz bir etkile\u015fim yaratmak i\u00e7in her ayr\u0131nt\u0131 elle parlat\u0131lm\u0131\u015ft\u0131r.<\/p>\n<h3>\u015eekillendirme &amp; Hediyele\u015fme<\/h3>\n<p>G\u00fcnl\u00fck kullan\u0131m veya \u00f6zel g\u00fcnler i\u00e7in zarif bir se\u00e7im olan bu y\u00fcz\u00fck, hem modern hem de geleneksel k\u0131yafetlerle zahmetsizce e\u015fle\u015fir. Do\u011fum g\u00fcnleri, y\u0131l d\u00f6n\u00fcmleri veya bayram kutlamalar\u0131 i\u00e7in anlaml\u0131 bir hediye.<\/p>","protected":false},"excerpt":{"rendered":"<p>M\u00fckemmel simetride bulu\u015fan ikiz CZ k\u00fcmeleriyle s\u00fcslenmi\u015f 22 ayar alt\u0131ndan \u0131\u015f\u0131lt\u0131l\u0131 bir y\u00fcz\u00fck. Londra'da el i\u015f\u00e7ili\u011fiyle \u00fcretilmi\u015ftir ve safl\u0131k ve parlakl\u0131k i\u00e7in damgalanm\u0131\u015ft\u0131r.<\/p>\n<p><strong>Malzeme:<\/strong> 22 Ayar Alt\u0131n (91,6% Saf Alt\u0131n)<strong><br \/>\nHallmark:\u00a0<\/strong>\u0130ngiliz Damgas\u0131<strong><br \/>\n<\/strong><strong>Br\u00fct A\u011f\u0131rl\u0131k Aral\u0131\u011f\u0131: <\/strong>2.10 Gms - 2.15 Gms<br \/>\n<b>Boyut: <\/b>Di\u011fer boyutlarda mevcuttur.<br \/>\n<strong>SKU<\/strong>: 52421, 52422, 52423<\/p>\n<p><strong>Fiyat ve Teslimat<\/strong>: KDV ve teslimat \u00fccretleri dahil<br \/>\n<a href=\"https:\/\/www.purejewels.com\/tr\/i%cc%87ade-poli%cc%87ti%cc%87kasi\/\">\u0130ade Politikas\u0131<\/a><\/p>","protected":false},"featured_media":418811,"comment_status":"closed","ping_status":"closed","template":"","meta":{"_eb_attr":"","_crsspst_to_jayantr4sg-hostcom":true},"product_brand":[],"product_cat":[1791,1794,6152,1785,1793,6190,1229,1235,5343,1783,1570,1569,1574,5349],"product_tag":[],"class_list":{"0":"post-418808","1":"product","2":"type-product","3":"status-publish","4":"has-post-thumbnail","6":"product_cat-anniversary-gifts","7":"product_cat-christmas-gifts","8":"product_cat-cubic-zirconia-rings","9":"product_cat-daily-wear-rings","10":"product_cat-diwali-gifts","11":"product_cat-easter-jewellery","12":"product_cat-22ct-gold-jewellery","13":"product_cat-gold-rings","14":"product_cat-jewellery-under-550","15":"product_cat-ladies-rings","16":"product_cat-mothers-day-gifts","17":"product_cat-valentine-day-gifts","18":"product_cat-womens-jewellery","19":"product_cat-yellow-gold-jewellery","21":"first","22":"instock","23":"taxable","24":"shipping-taxable","25":"purchasable","26":"product-type-variable","27":"add-to-wishlist-before_image"},"yoast_head":"<!-- This site is optimized with the Yoast SEO plugin v27.5 - https:\/\/yoast.com\/product\/yoast-seo-wordpress\/ -->\n<title>Valentine\u2019s Day Gold Ring with Diamond Floral Detail | PureJewels<\/title>\n<meta name=\"description\" content=\"Celebrate love with a Valentine\u2019s Day gold ring crafted in radiant gold and set with sparkling diamonds. A meaningful and elegant gift to mark the moment.\" \/>\n<meta name=\"robots\" content=\"index, follow, max-snippet:-1, max-image-preview:large, max-video-preview:-1\" \/>\n<link rel=\"canonical\" href=\"https:\/\/www.purejewels.com\/tr\/urun\/22-ayar-altin-parlak-cz-yuzuk-uk\/\" \/>\n<meta property=\"og:locale\" content=\"tr_TR\" \/>\n<meta property=\"og:type\" content=\"article\" \/>\n<meta property=\"og:title\" content=\"Valentine\u2019s Day Gold Ring with Diamond Floral Detail | PureJewels\" \/>\n<meta property=\"og:description\" content=\"Celebrate love with a Valentine\u2019s Day gold ring crafted in radiant gold and set with sparkling diamonds. A meaningful and elegant gift to mark the moment.\" \/>\n<meta property=\"og:url\" content=\"https:\/\/www.purejewels.com\/tr\/urun\/22-ayar-altin-parlak-cz-yuzuk-uk\/\" \/>\n<meta property=\"og:site_name\" content=\"PureJewels UK\" \/>\n<meta property=\"article:modified_time\" content=\"2026-04-17T04:23:16+00:00\" \/>\n<meta property=\"og:image\" content=\"https:\/\/static.purejewels.com\/wp-content\/uploads\/2025\/10\/SKU-52421_2.jpg\" \/>\n\t<meta property=\"og:image:width\" content=\"1000\" \/>\n\t<meta property=\"og:image:height\" content=\"1000\" \/>\n\t<meta property=\"og:image:type\" content=\"image\/jpeg\" \/>\n<meta name=\"twitter:card\" content=\"summary_large_image\" \/>\n<meta name=\"twitter:label1\" content=\"Tahmini okuma s\u00fcresi\" \/>\n\t<meta name=\"twitter:data1\" content=\"1 dakika\" \/>\n<script type=\"application\/ld+json\" class=\"yoast-schema-graph\">{\"@context\":\"https:\\\/\\\/schema.org\",\"@graph\":[{\"@type\":[\"WebPage\",\"ItemPage\"],\"@id\":\"https:\\\/\\\/www.purejewels.com\\\/product\\\/22ct-gold-radiant-cz-ring-uk\\\/\",\"url\":\"https:\\\/\\\/www.purejewels.com\\\/product\\\/22ct-gold-radiant-cz-ring-uk\\\/\",\"name\":\"Valentine\u2019s Day Gold Ring with Diamond Floral Detail | PureJewels\",\"isPartOf\":{\"@id\":\"https:\\\/\\\/www.purejewels.com\\\/#website\"},\"primaryImageOfPage\":{\"@id\":\"https:\\\/\\\/www.purejewels.com\\\/product\\\/22ct-gold-radiant-cz-ring-uk\\\/#primaryimage\"},\"image\":{\"@id\":\"https:\\\/\\\/www.purejewels.com\\\/product\\\/22ct-gold-radiant-cz-ring-uk\\\/#primaryimage\"},\"thumbnailUrl\":\"https:\\\/\\\/static.purejewels.com\\\/wp-content\\\/uploads\\\/2025\\\/10\\\/SKU-52421_2.jpg\",\"datePublished\":\"2025-06-13T08:41:29+00:00\",\"dateModified\":\"2026-04-17T04:23:16+00:00\",\"description\":\"Celebrate love with a Valentine\u2019s Day gold ring crafted in radiant gold and set with sparkling diamonds. A meaningful and elegant gift to mark the moment.\",\"breadcrumb\":{\"@id\":\"https:\\\/\\\/www.purejewels.com\\\/product\\\/22ct-gold-radiant-cz-ring-uk\\\/#breadcrumb\"},\"inLanguage\":\"tr\",\"potentialAction\":[{\"@type\":\"ReadAction\",\"target\":[\"https:\\\/\\\/www.purejewels.com\\\/product\\\/22ct-gold-radiant-cz-ring-uk\\\/\"]}]},{\"@type\":\"ImageObject\",\"inLanguage\":\"tr\",\"@id\":\"https:\\\/\\\/www.purejewels.com\\\/product\\\/22ct-gold-radiant-cz-ring-uk\\\/#primaryimage\",\"url\":\"https:\\\/\\\/static.purejewels.com\\\/wp-content\\\/uploads\\\/2025\\\/10\\\/SKU-52421_2.jpg\",\"contentUrl\":\"https:\\\/\\\/static.purejewels.com\\\/wp-content\\\/uploads\\\/2025\\\/10\\\/SKU-52421_2.jpg\",\"width\":1000,\"height\":1000},{\"@type\":\"BreadcrumbList\",\"@id\":\"https:\\\/\\\/www.purejewels.com\\\/product\\\/22ct-gold-radiant-cz-ring-uk\\\/#breadcrumb\",\"itemListElement\":[{\"@type\":\"ListItem\",\"position\":1,\"name\":\"Home\",\"item\":\"https:\\\/\\\/www.purejewels.com\\\/\"},{\"@type\":\"ListItem\",\"position\":2,\"name\":\"Shop\",\"item\":\"https:\\\/\\\/www.purejewels.com\\\/shop\\\/\"},{\"@type\":\"ListItem\",\"position\":3,\"name\":\"22ct Gold Radiant CZ Ring\"}]},{\"@type\":\"WebSite\",\"@id\":\"https:\\\/\\\/www.purejewels.com\\\/#website\",\"url\":\"https:\\\/\\\/www.purejewels.com\\\/\",\"name\":\"PureJewels UK\",\"description\":\"Share the Love\",\"publisher\":{\"@id\":\"https:\\\/\\\/www.purejewels.com\\\/#organization\"},\"potentialAction\":[{\"@type\":\"SearchAction\",\"target\":{\"@type\":\"EntryPoint\",\"urlTemplate\":\"https:\\\/\\\/www.purejewels.com\\\/?s={search_term_string}\"},\"query-input\":{\"@type\":\"PropertyValueSpecification\",\"valueRequired\":true,\"valueName\":\"search_term_string\"}}],\"inLanguage\":\"tr\"},{\"@type\":\"Organization\",\"@id\":\"https:\\\/\\\/www.purejewels.com\\\/#organization\",\"name\":\"PureJewels UK\",\"url\":\"https:\\\/\\\/www.purejewels.com\\\/\",\"logo\":{\"@type\":\"ImageObject\",\"inLanguage\":\"tr\",\"@id\":\"https:\\\/\\\/www.purejewels.com\\\/#\\\/schema\\\/logo\\\/image\\\/\",\"url\":\"https:\\\/\\\/static.purejewels.com\\\/wp-content\\\/uploads\\\/2020\\\/11\\\/Logo-PJ-New-1.png\",\"contentUrl\":\"https:\\\/\\\/static.purejewels.com\\\/wp-content\\\/uploads\\\/2020\\\/11\\\/Logo-PJ-New-1.png\",\"width\":150,\"height\":80,\"caption\":\"PureJewels UK\"},\"image\":{\"@id\":\"https:\\\/\\\/www.purejewels.com\\\/#\\\/schema\\\/logo\\\/image\\\/\"}}]}<\/script>\n<!-- \/ Yoast SEO plugin. -->","yoast_head_json":{"title":"Sevgililer G\u00fcn\u00fc P\u0131rlanta \u00c7i\u00e7ek Detayl\u0131 Alt\u0131n Y\u00fcz\u00fck | PureJewels","description":"A\u015fk\u0131, \u0131\u015f\u0131lt\u0131l\u0131 alt\u0131ndan haz\u0131rlanm\u0131\u015f ve p\u0131rlantalarla s\u00fcslenmi\u015f Sevgililer G\u00fcn\u00fc alt\u0131n y\u00fcz\u00fc\u011f\u00fcyle kutlay\u0131n. An\u0131 i\u015faretlemek i\u00e7in anlaml\u0131 ve zarif bir hediye.","robots":{"index":"index","follow":"follow","max-snippet":"max-snippet:-1","max-image-preview":"max-image-preview:large","max-video-preview":"max-video-preview:-1"},"canonical":"https:\/\/www.purejewels.com\/tr\/urun\/22-ayar-altin-parlak-cz-yuzuk-uk\/","og_locale":"tr_TR","og_type":"article","og_title":"Valentine\u2019s Day Gold Ring with Diamond Floral Detail | PureJewels","og_description":"Celebrate love with a Valentine\u2019s Day gold ring crafted in radiant gold and set with sparkling diamonds. A meaningful and elegant gift to mark the moment.","og_url":"https:\/\/www.purejewels.com\/tr\/urun\/22-ayar-altin-parlak-cz-yuzuk-uk\/","og_site_name":"PureJewels UK","article_modified_time":"2026-04-17T04:23:16+00:00","og_image":[{"width":1000,"height":1000,"url":"https:\/\/static.purejewels.com\/wp-content\/uploads\/2025\/10\/SKU-52421_2.jpg","type":"image\/jpeg"}],"twitter_card":"summary_large_image","twitter_misc":{"Tahmini okuma s\u00fcresi":"1 dakika"},"schema":{"@context":"https:\/\/schema.org","@graph":[{"@type":["WebPage","ItemPage"],"@id":"https:\/\/www.purejewels.com\/product\/22ct-gold-radiant-cz-ring-uk\/","url":"https:\/\/www.purejewels.com\/product\/22ct-gold-radiant-cz-ring-uk\/","name":"Sevgililer G\u00fcn\u00fc P\u0131rlanta \u00c7i\u00e7ek Detayl\u0131 Alt\u0131n Y\u00fcz\u00fck | PureJewels","isPartOf":{"@id":"https:\/\/www.purejewels.com\/#website"},"primaryImageOfPage":{"@id":"https:\/\/www.purejewels.com\/product\/22ct-gold-radiant-cz-ring-uk\/#primaryimage"},"image":{"@id":"https:\/\/www.purejewels.com\/product\/22ct-gold-radiant-cz-ring-uk\/#primaryimage"},"thumbnailUrl":"https:\/\/static.purejewels.com\/wp-content\/uploads\/2025\/10\/SKU-52421_2.jpg","datePublished":"2025-06-13T08:41:29+00:00","dateModified":"2026-04-17T04:23:16+00:00","description":"A\u015fk\u0131, \u0131\u015f\u0131lt\u0131l\u0131 alt\u0131ndan haz\u0131rlanm\u0131\u015f ve p\u0131rlantalarla s\u00fcslenmi\u015f Sevgililer G\u00fcn\u00fc alt\u0131n y\u00fcz\u00fc\u011f\u00fcyle kutlay\u0131n. An\u0131 i\u015faretlemek i\u00e7in anlaml\u0131 ve zarif bir hediye.","breadcrumb":{"@id":"https:\/\/www.purejewels.com\/product\/22ct-gold-radiant-cz-ring-uk\/#breadcrumb"},"inLanguage":"tr","potentialAction":[{"@type":"ReadAction","target":["https:\/\/www.purejewels.com\/product\/22ct-gold-radiant-cz-ring-uk\/"]}]},{"@type":"ImageObject","inLanguage":"tr","@id":"https:\/\/www.purejewels.com\/product\/22ct-gold-radiant-cz-ring-uk\/#primaryimage","url":"https:\/\/static.purejewels.com\/wp-content\/uploads\/2025\/10\/SKU-52421_2.jpg","contentUrl":"https:\/\/static.purejewels.com\/wp-content\/uploads\/2025\/10\/SKU-52421_2.jpg","width":1000,"height":1000},{"@type":"BreadcrumbList","@id":"https:\/\/www.purejewels.com\/product\/22ct-gold-radiant-cz-ring-uk\/#breadcrumb","itemListElement":[{"@type":"ListItem","position":1,"name":"Home","item":"https:\/\/www.purejewels.com\/"},{"@type":"ListItem","position":2,"name":"Shop","item":"https:\/\/www.purejewels.com\/shop\/"},{"@type":"ListItem","position":3,"name":"22ct Gold Radiant CZ Ring"}]},{"@type":"WebSite","@id":"https:\/\/www.purejewels.com\/#website","url":"https:\/\/www.purejewels.com\/","name":"PureJewels \u0130ngiltere","description":"Sevgiyi Payla\u015f\u0131n","publisher":{"@id":"https:\/\/www.purejewels.com\/#organization"},"potentialAction":[{"@type":"SearchAction","target":{"@type":"EntryPoint","urlTemplate":"https:\/\/www.purejewels.com\/?s={search_term_string}"},"query-input":{"@type":"PropertyValueSpecification","valueRequired":true,"valueName":"search_term_string"}}],"inLanguage":"tr"},{"@type":"Organization","@id":"https:\/\/www.purejewels.com\/#organization","name":"PureJewels \u0130ngiltere","url":"https:\/\/www.purejewels.com\/","logo":{"@type":"ImageObject","inLanguage":"tr","@id":"https:\/\/www.purejewels.com\/#\/schema\/logo\/image\/","url":"https:\/\/static.purejewels.com\/wp-content\/uploads\/2020\/11\/Logo-PJ-New-1.png","contentUrl":"https:\/\/static.purejewels.com\/wp-content\/uploads\/2020\/11\/Logo-PJ-New-1.png","width":150,"height":80,"caption":"PureJewels UK"},"image":{"@id":"https:\/\/www.purejewels.com\/#\/schema\/logo\/image\/"}}]}},"_links":{"self":[{"href":"https:\/\/www.purejewels.com\/tr\/wp-json\/wp\/v2\/product\/418808","targetHints":{"allow":["GET"]}}],"collection":[{"href":"https:\/\/www.purejewels.com\/tr\/wp-json\/wp\/v2\/product"}],"about":[{"href":"https:\/\/www.purejewels.com\/tr\/wp-json\/wp\/v2\/types\/product"}],"replies":[{"embeddable":true,"href":"https:\/\/www.purejewels.com\/tr\/wp-json\/wp\/v2\/comments?post=418808"}],"version-history":[{"count":4,"href":"https:\/\/www.purejewels.com\/tr\/wp-json\/wp\/v2\/product\/418808\/revisions"}],"predecessor-version":[{"id":419840,"href":"https:\/\/www.purejewels.com\/tr\/wp-json\/wp\/v2\/product\/418808\/revisions\/419840"}],"wp:featuredmedia":[{"embeddable":true,"href":"https:\/\/www.purejewels.com\/tr\/wp-json\/wp\/v2\/media\/418811"}],"wp:attachment":[{"href":"https:\/\/www.purejewels.com\/tr\/wp-json\/wp\/v2\/media?parent=418808"}],"wp:term":[{"taxonomy":"product_brand","embeddable":true,"href":"https:\/\/www.purejewels.com\/tr\/wp-json\/wp\/v2\/product_brand?post=418808"},{"taxonomy":"product_cat","embeddable":true,"href":"https:\/\/www.purejewels.com\/tr\/wp-json\/wp\/v2\/product_cat?post=418808"},{"taxonomy":"product_tag","embeddable":true,"href":"https:\/\/www.purejewels.com\/tr\/wp-json\/wp\/v2\/product_tag?post=418808"}],"curies":[{"name":"wp","href":"https:\/\/api.w.org\/{rel}","templated":true}]}}