{"id":418816,"date":"2025-10-13T10:13:31","date_gmt":"2025-10-13T09:13:31","guid":{"rendered":"https:\/\/www.purejewels.com\/?post_type=product&#038;p=418816"},"modified":"2026-04-29T08:05:32","modified_gmt":"2026-04-29T07:05:32","slug":"22-ayar-altin-cz-ve-mineli-cicekli-kupe-51193","status":"publish","type":"product","link":"https:\/\/www.purejewels.com\/tr\/product\/22ct-gold-floral-earrings-with-cz-and-enamel-51193\/","title":{"rendered":"CZ ve Mineli 22 Ayar Alt\u0131n \u00c7i\u00e7ekli K\u00fcpe"},"content":{"rendered":"<p data-start=\"508\" data-end=\"838\"><strong data-start=\"508\" data-end=\"527\">Tasar\u0131m Konsepti<\/strong><\/p>\n<p data-start=\"508\" data-end=\"838\">Do\u011fan\u0131n zahmetsiz g\u00fczelli\u011finden ilham alan bu \u00e7i\u00e7ekli k\u00fcpeler b\u00fcy\u00fclemek i\u00e7in tasarland\u0131. Zarif bir alt\u0131n k\u0131vr\u0131m\u0131n\u0131n alt\u0131nda a\u00e7an mavi mine yapraklardan olu\u015fan zarif \u00fc\u00e7l\u00fc, armut bi\u00e7imli bir CZ ta\u015fla ta\u00e7land\u0131r\u0131lm\u0131\u015ft\u0131r. Mine ve \u0131\u015f\u0131lt\u0131n\u0131n etkile\u015fimi, zamans\u0131z \u00e7i\u00e7ek motifine modern bir canl\u0131l\u0131k getiriyor.<\/p>\n<p data-start=\"840\" data-end=\"1212\"><strong data-start=\"840\" data-end=\"858\">Zanaatkarl\u0131k<\/strong><\/p>\n<p data-start=\"840\" data-end=\"1212\">22 ayar sar\u0131 alt\u0131ndan el i\u015f\u00e7ili\u011fiyle \u00fcretilen her bir k\u00fcpe, hassas ayarl\u0131 k\u00fcbik zirkonya ve titizlikle elle uygulanm\u0131\u015f mine ile s\u00fcslenmi\u015ftir. G\u00fcvenli vidal\u0131 arka kapak, t\u00fcm g\u00fcn kullan\u0131m i\u00e7in rahatl\u0131k ve g\u00fcvenlik sunar. Cilal\u0131 y\u00fczeyden karma\u015f\u0131k ayara kadar her unsur PureJewels'in geleneksel sanat ve rafine l\u00fckse olan ba\u011fl\u0131l\u0131\u011f\u0131n\u0131 yans\u0131t\u0131r.<\/p>\n<p data-start=\"1214\" data-end=\"1496\"><strong data-start=\"1214\" data-end=\"1232\">Stil Fikirleri<\/strong><\/p>\n<p data-start=\"1214\" data-end=\"1496\">Bu \u00e7i\u00e7ekli k\u00fcpeleri g\u00fcnl\u00fck \u015f\u0131kl\u0131\u011f\u0131n\u0131z\u0131 y\u00fckseltmek veya bayram ve resmi k\u0131yafetlerinize zarif bir renk katmak i\u00e7in tak\u0131n. Maksimum etki i\u00e7in safir tonlar\u0131 veya n\u00f6tr k\u0131yafetlerle e\u015fle\u015ftirin. Hem hediye hem de ki\u015fisel zevk i\u00e7in m\u00fckemmel, \u00e7ok y\u00f6nl\u00fc bir par\u00e7a.<\/p>\n<p data-start=\"1214\" data-end=\"1496\">Bu 22 Ayar Alt\u0131n \u00c7i\u00e7ekli K\u00fcpeler, taze ve zarif bir g\u00f6r\u00fcn\u00fcm i\u00e7in \u0131\u015f\u0131lt\u0131l\u0131 CZ ta\u015flarla vurgulanan canl\u0131 mavi mine yapraklara sahiptir. Narin \u00e7i\u00e7ek tasar\u0131m\u0131 her k\u0131yafete renk ve parlakl\u0131k katar. \u0130ngiltere'den al\u0131\u015fveri\u015f yapanlar\u0131n g\u00fcvenle ve zamans\u0131z bir stille hediye edebilecekleri son dakika Anneler G\u00fcn\u00fc m\u00fccevherleri i\u00e7in m\u00fckemmel bir se\u00e7im.<\/p>","protected":false},"excerpt":{"rendered":"<p>Bu 22 ayar alt\u0131n \u00e7i\u00e7ekli k\u00fcpelerle \u00e7i\u00e7ek a\u00e7an zarafeti kutlay\u0131n. Par\u0131ldayan CZ ta\u015flar ve canl\u0131 mavi mine yapraklarla zarif bir \u015fekilde vurgulanan bu tasar\u0131m, zamans\u0131z cazibeyi \u00e7a\u011fda\u015f renk dokunu\u015fuyla birle\u015ftiriyor.<\/p>\n<p><strong>Malzeme:<\/strong>\u00a022 Ayar Alt\u0131n<br \/>\n<strong>Safl\u0131k:<\/strong>\u00a091.6% saf<br \/>\n<strong>Hallmark:<\/strong>\u00a0\u0130ngiliz Damgas\u0131<strong><br \/>\n<\/strong><strong>Br\u00fct A\u011f\u0131rl\u0131k: <\/strong>4.26 Gms<br \/>\n<strong>Net A\u011f\u0131rl\u0131k:<\/strong> 4.22 Gms<br \/>\n<strong>SKU:<\/strong> 51193<\/p>\n<p><strong>Fiyat ve Teslimat<\/strong>: KDV ve teslimat \u00fccreti dahil<br \/>\n<a href=\"https:\/\/www.purejewels.com\/tr\/i%cc%87ade-poli%cc%87ti%cc%87kasi\/\">\u0130ade Politikas\u0131<\/a><\/p>","protected":false},"featured_media":418818,"comment_status":"closed","ping_status":"closed","template":"","meta":{"_eb_attr":"","_crsspst_to_jayantr4sg-hostcom":true},"product_brand":[],"product_cat":[1559,236,6150,1793,6190,1792,1790,1254,1570,1577,1574,5349],"product_tag":[66],"class_list":{"0":"post-418816","1":"product","2":"type-product","3":"status-publish","4":"has-post-thumbnail","6":"product_cat-birthday-gifts","7":"product_cat-collections","8":"product_cat-cubic-zirconia-ear-studs","9":"product_cat-diwali-gifts","10":"product_cat-easter-jewellery","11":"product_cat-festival-gifts","12":"product_cat-for-whom-when","13":"product_cat-gold-earrings","14":"product_cat-mothers-day-gifts","15":"product_cat-stud-earrings","16":"product_cat-womens-jewellery","17":"product_cat-yellow-gold-jewellery","18":"product_tag-earrings","20":"first","21":"instock","22":"taxable","23":"shipping-taxable","24":"purchasable","25":"product-type-simple","26":"add-to-wishlist-before_image"},"yoast_head":"<!-- This site is optimized with the Yoast SEO plugin v27.5 - https:\/\/yoast.com\/product\/yoast-seo-wordpress\/ -->\n<title>22ct Gold Floral Earrings with CZ &amp; Enamel | PureJewels UK<\/title>\n<meta name=\"description\" content=\"Discover 22ct Gold Floral Earrings with CZ and blue enamel accents. A perfect blend of tradition and colour. Handcrafted elegance from PureJewels London.\" \/>\n<meta name=\"robots\" content=\"index, follow, max-snippet:-1, max-image-preview:large, max-video-preview:-1\" \/>\n<link rel=\"canonical\" href=\"https:\/\/www.purejewels.com\/tr\/urun\/22-ayar-altin-cz-ve-mineli-cicekli-kupe-51193\/\" \/>\n<meta property=\"og:locale\" content=\"tr_TR\" \/>\n<meta property=\"og:type\" content=\"article\" \/>\n<meta property=\"og:title\" content=\"22ct Gold Floral Earrings with CZ &amp; Enamel | PureJewels UK\" \/>\n<meta property=\"og:description\" content=\"Discover 22ct Gold Floral Earrings with CZ and blue enamel accents. A perfect blend of tradition and colour. Handcrafted elegance from PureJewels London.\" \/>\n<meta property=\"og:url\" content=\"https:\/\/www.purejewels.com\/tr\/urun\/22-ayar-altin-cz-ve-mineli-cicekli-kupe-51193\/\" \/>\n<meta property=\"og:site_name\" content=\"PureJewels UK\" \/>\n<meta property=\"article:modified_time\" content=\"2026-04-29T07:05:32+00:00\" \/>\n<meta property=\"og:image\" content=\"https:\/\/static.purejewels.com\/wp-content\/uploads\/2025\/10\/SKU-51193.jpg\" \/>\n\t<meta property=\"og:image:width\" content=\"1000\" \/>\n\t<meta property=\"og:image:height\" content=\"1000\" \/>\n\t<meta property=\"og:image:type\" content=\"image\/jpeg\" \/>\n<meta name=\"twitter:card\" content=\"summary_large_image\" \/>\n<meta name=\"twitter:label1\" content=\"Tahmini okuma s\u00fcresi\" \/>\n\t<meta name=\"twitter:data1\" content=\"2 dakika\" \/>\n<script type=\"application\/ld+json\" class=\"yoast-schema-graph\">{\"@context\":\"https:\\\/\\\/schema.org\",\"@graph\":[{\"@type\":[\"WebPage\",\"ItemPage\"],\"@id\":\"https:\\\/\\\/www.purejewels.com\\\/product\\\/22ct-gold-floral-earrings-with-cz-and-enamel-51193\\\/\",\"url\":\"https:\\\/\\\/www.purejewels.com\\\/product\\\/22ct-gold-floral-earrings-with-cz-and-enamel-51193\\\/\",\"name\":\"22ct Gold Floral Earrings with CZ & Enamel | PureJewels UK\",\"isPartOf\":{\"@id\":\"https:\\\/\\\/www.purejewels.com\\\/#website\"},\"primaryImageOfPage\":{\"@id\":\"https:\\\/\\\/www.purejewels.com\\\/product\\\/22ct-gold-floral-earrings-with-cz-and-enamel-51193\\\/#primaryimage\"},\"image\":{\"@id\":\"https:\\\/\\\/www.purejewels.com\\\/product\\\/22ct-gold-floral-earrings-with-cz-and-enamel-51193\\\/#primaryimage\"},\"thumbnailUrl\":\"https:\\\/\\\/static.purejewels.com\\\/wp-content\\\/uploads\\\/2025\\\/10\\\/SKU-51193.jpg\",\"datePublished\":\"2025-10-13T09:13:31+00:00\",\"dateModified\":\"2026-04-29T07:05:32+00:00\",\"description\":\"Discover 22ct Gold Floral Earrings with CZ and blue enamel accents. A perfect blend of tradition and colour. Handcrafted elegance from PureJewels London.\",\"breadcrumb\":{\"@id\":\"https:\\\/\\\/www.purejewels.com\\\/product\\\/22ct-gold-floral-earrings-with-cz-and-enamel-51193\\\/#breadcrumb\"},\"inLanguage\":\"tr\",\"potentialAction\":[{\"@type\":\"ReadAction\",\"target\":[\"https:\\\/\\\/www.purejewels.com\\\/product\\\/22ct-gold-floral-earrings-with-cz-and-enamel-51193\\\/\"]}]},{\"@type\":\"ImageObject\",\"inLanguage\":\"tr\",\"@id\":\"https:\\\/\\\/www.purejewels.com\\\/product\\\/22ct-gold-floral-earrings-with-cz-and-enamel-51193\\\/#primaryimage\",\"url\":\"https:\\\/\\\/static.purejewels.com\\\/wp-content\\\/uploads\\\/2025\\\/10\\\/SKU-51193.jpg\",\"contentUrl\":\"https:\\\/\\\/static.purejewels.com\\\/wp-content\\\/uploads\\\/2025\\\/10\\\/SKU-51193.jpg\",\"width\":1000,\"height\":1000,\"caption\":\"22ct Gold Floral Earrings with CZ and Enamel\"},{\"@type\":\"BreadcrumbList\",\"@id\":\"https:\\\/\\\/www.purejewels.com\\\/product\\\/22ct-gold-floral-earrings-with-cz-and-enamel-51193\\\/#breadcrumb\",\"itemListElement\":[{\"@type\":\"ListItem\",\"position\":1,\"name\":\"Home\",\"item\":\"https:\\\/\\\/www.purejewels.com\\\/\"},{\"@type\":\"ListItem\",\"position\":2,\"name\":\"Shop\",\"item\":\"https:\\\/\\\/www.purejewels.com\\\/shop\\\/\"},{\"@type\":\"ListItem\",\"position\":3,\"name\":\"22ct Gold Floral Earrings with CZ and Enamel\"}]},{\"@type\":\"WebSite\",\"@id\":\"https:\\\/\\\/www.purejewels.com\\\/#website\",\"url\":\"https:\\\/\\\/www.purejewels.com\\\/\",\"name\":\"PureJewels UK\",\"description\":\"Share the Love\",\"publisher\":{\"@id\":\"https:\\\/\\\/www.purejewels.com\\\/#organization\"},\"potentialAction\":[{\"@type\":\"SearchAction\",\"target\":{\"@type\":\"EntryPoint\",\"urlTemplate\":\"https:\\\/\\\/www.purejewels.com\\\/?s={search_term_string}\"},\"query-input\":{\"@type\":\"PropertyValueSpecification\",\"valueRequired\":true,\"valueName\":\"search_term_string\"}}],\"inLanguage\":\"tr\"},{\"@type\":\"Organization\",\"@id\":\"https:\\\/\\\/www.purejewels.com\\\/#organization\",\"name\":\"PureJewels UK\",\"url\":\"https:\\\/\\\/www.purejewels.com\\\/\",\"logo\":{\"@type\":\"ImageObject\",\"inLanguage\":\"tr\",\"@id\":\"https:\\\/\\\/www.purejewels.com\\\/#\\\/schema\\\/logo\\\/image\\\/\",\"url\":\"https:\\\/\\\/static.purejewels.com\\\/wp-content\\\/uploads\\\/2020\\\/11\\\/Logo-PJ-New-1.png\",\"contentUrl\":\"https:\\\/\\\/static.purejewels.com\\\/wp-content\\\/uploads\\\/2020\\\/11\\\/Logo-PJ-New-1.png\",\"width\":150,\"height\":80,\"caption\":\"PureJewels UK\"},\"image\":{\"@id\":\"https:\\\/\\\/www.purejewels.com\\\/#\\\/schema\\\/logo\\\/image\\\/\"}}]}<\/script>\n<!-- \/ Yoast SEO plugin. -->","yoast_head_json":{"title":"CZ ve Mineli 22 Ayar Alt\u0131n \u00c7i\u00e7ekli K\u00fcpe | PureJewels UK","description":"CZ ve mavi mine desenli 22 ayar alt\u0131n \u00e7i\u00e7ekli k\u00fcpeleri ke\u015ffedin. Gelenek ve rengin m\u00fckemmel bir kar\u0131\u015f\u0131m\u0131. PureJewels Londra'dan el yap\u0131m\u0131 zarafet.","robots":{"index":"index","follow":"follow","max-snippet":"max-snippet:-1","max-image-preview":"max-image-preview:large","max-video-preview":"max-video-preview:-1"},"canonical":"https:\/\/www.purejewels.com\/tr\/urun\/22-ayar-altin-cz-ve-mineli-cicekli-kupe-51193\/","og_locale":"tr_TR","og_type":"article","og_title":"22ct Gold Floral Earrings with CZ & Enamel | PureJewels UK","og_description":"Discover 22ct Gold Floral Earrings with CZ and blue enamel accents. A perfect blend of tradition and colour. Handcrafted elegance from PureJewels London.","og_url":"https:\/\/www.purejewels.com\/tr\/urun\/22-ayar-altin-cz-ve-mineli-cicekli-kupe-51193\/","og_site_name":"PureJewels UK","article_modified_time":"2026-04-29T07:05:32+00:00","og_image":[{"width":1000,"height":1000,"url":"https:\/\/static.purejewels.com\/wp-content\/uploads\/2025\/10\/SKU-51193.jpg","type":"image\/jpeg"}],"twitter_card":"summary_large_image","twitter_misc":{"Tahmini okuma s\u00fcresi":"2 dakika"},"schema":{"@context":"https:\/\/schema.org","@graph":[{"@type":["WebPage","ItemPage"],"@id":"https:\/\/www.purejewels.com\/product\/22ct-gold-floral-earrings-with-cz-and-enamel-51193\/","url":"https:\/\/www.purejewels.com\/product\/22ct-gold-floral-earrings-with-cz-and-enamel-51193\/","name":"CZ ve Mineli 22 Ayar Alt\u0131n \u00c7i\u00e7ekli K\u00fcpe | PureJewels UK","isPartOf":{"@id":"https:\/\/www.purejewels.com\/#website"},"primaryImageOfPage":{"@id":"https:\/\/www.purejewels.com\/product\/22ct-gold-floral-earrings-with-cz-and-enamel-51193\/#primaryimage"},"image":{"@id":"https:\/\/www.purejewels.com\/product\/22ct-gold-floral-earrings-with-cz-and-enamel-51193\/#primaryimage"},"thumbnailUrl":"https:\/\/static.purejewels.com\/wp-content\/uploads\/2025\/10\/SKU-51193.jpg","datePublished":"2025-10-13T09:13:31+00:00","dateModified":"2026-04-29T07:05:32+00:00","description":"CZ ve mavi mine desenli 22 ayar alt\u0131n \u00e7i\u00e7ekli k\u00fcpeleri ke\u015ffedin. Gelenek ve rengin m\u00fckemmel bir kar\u0131\u015f\u0131m\u0131. PureJewels Londra'dan el yap\u0131m\u0131 zarafet.","breadcrumb":{"@id":"https:\/\/www.purejewels.com\/product\/22ct-gold-floral-earrings-with-cz-and-enamel-51193\/#breadcrumb"},"inLanguage":"tr","potentialAction":[{"@type":"ReadAction","target":["https:\/\/www.purejewels.com\/product\/22ct-gold-floral-earrings-with-cz-and-enamel-51193\/"]}]},{"@type":"ImageObject","inLanguage":"tr","@id":"https:\/\/www.purejewels.com\/product\/22ct-gold-floral-earrings-with-cz-and-enamel-51193\/#primaryimage","url":"https:\/\/static.purejewels.com\/wp-content\/uploads\/2025\/10\/SKU-51193.jpg","contentUrl":"https:\/\/static.purejewels.com\/wp-content\/uploads\/2025\/10\/SKU-51193.jpg","width":1000,"height":1000,"caption":"22ct Gold Floral Earrings with CZ and Enamel"},{"@type":"BreadcrumbList","@id":"https:\/\/www.purejewels.com\/product\/22ct-gold-floral-earrings-with-cz-and-enamel-51193\/#breadcrumb","itemListElement":[{"@type":"ListItem","position":1,"name":"Home","item":"https:\/\/www.purejewels.com\/"},{"@type":"ListItem","position":2,"name":"Shop","item":"https:\/\/www.purejewels.com\/shop\/"},{"@type":"ListItem","position":3,"name":"22ct Gold Floral Earrings with CZ and Enamel"}]},{"@type":"WebSite","@id":"https:\/\/www.purejewels.com\/#website","url":"https:\/\/www.purejewels.com\/","name":"PureJewels \u0130ngiltere","description":"Sevgiyi Payla\u015f\u0131n","publisher":{"@id":"https:\/\/www.purejewels.com\/#organization"},"potentialAction":[{"@type":"SearchAction","target":{"@type":"EntryPoint","urlTemplate":"https:\/\/www.purejewels.com\/?s={search_term_string}"},"query-input":{"@type":"PropertyValueSpecification","valueRequired":true,"valueName":"search_term_string"}}],"inLanguage":"tr"},{"@type":"Organization","@id":"https:\/\/www.purejewels.com\/#organization","name":"PureJewels \u0130ngiltere","url":"https:\/\/www.purejewels.com\/","logo":{"@type":"ImageObject","inLanguage":"tr","@id":"https:\/\/www.purejewels.com\/#\/schema\/logo\/image\/","url":"https:\/\/static.purejewels.com\/wp-content\/uploads\/2020\/11\/Logo-PJ-New-1.png","contentUrl":"https:\/\/static.purejewels.com\/wp-content\/uploads\/2020\/11\/Logo-PJ-New-1.png","width":150,"height":80,"caption":"PureJewels UK"},"image":{"@id":"https:\/\/www.purejewels.com\/#\/schema\/logo\/image\/"}}]}},"_links":{"self":[{"href":"https:\/\/www.purejewels.com\/tr\/wp-json\/wp\/v2\/product\/418816","targetHints":{"allow":["GET"]}}],"collection":[{"href":"https:\/\/www.purejewels.com\/tr\/wp-json\/wp\/v2\/product"}],"about":[{"href":"https:\/\/www.purejewels.com\/tr\/wp-json\/wp\/v2\/types\/product"}],"replies":[{"embeddable":true,"href":"https:\/\/www.purejewels.com\/tr\/wp-json\/wp\/v2\/comments?post=418816"}],"version-history":[{"count":3,"href":"https:\/\/www.purejewels.com\/tr\/wp-json\/wp\/v2\/product\/418816\/revisions"}],"predecessor-version":[{"id":426368,"href":"https:\/\/www.purejewels.com\/tr\/wp-json\/wp\/v2\/product\/418816\/revisions\/426368"}],"wp:featuredmedia":[{"embeddable":true,"href":"https:\/\/www.purejewels.com\/tr\/wp-json\/wp\/v2\/media\/418818"}],"wp:attachment":[{"href":"https:\/\/www.purejewels.com\/tr\/wp-json\/wp\/v2\/media?parent=418816"}],"wp:term":[{"taxonomy":"product_brand","embeddable":true,"href":"https:\/\/www.purejewels.com\/tr\/wp-json\/wp\/v2\/product_brand?post=418816"},{"taxonomy":"product_cat","embeddable":true,"href":"https:\/\/www.purejewels.com\/tr\/wp-json\/wp\/v2\/product_cat?post=418816"},{"taxonomy":"product_tag","embeddable":true,"href":"https:\/\/www.purejewels.com\/tr\/wp-json\/wp\/v2\/product_tag?post=418816"}],"curies":[{"name":"wp","href":"https:\/\/api.w.org\/{rel}","templated":true}]}}