{"id":418849,"date":"2025-10-08T11:48:44","date_gmt":"2025-10-08T10:48:44","guid":{"rendered":"https:\/\/www.purejewels.com\/?post_type=product&#038;p=418849"},"modified":"2026-04-27T15:28:06","modified_gmt":"2026-04-27T14:28:06","slug":"22-ayar-gundogumu-altin-selale-zincir-5mm-15-5-inc-53363","status":"publish","type":"product","link":"https:\/\/www.purejewels.com\/tr\/product\/22ct-sunrise-gold-waterfall-chain-5mm-15-5-inch-53363\/","title":{"rendered":"22 Ayar G\u00fcndo\u011fumu Alt\u0131n \u015eelale Zincir | 5mm"},"content":{"rendered":"<h3>Tasar\u0131m<\/h3>\n<p>Ak\u0131p giden anlar\u0131n zarafetinden ilham alan Sunrise Alt\u0131n \u015eelale Zincir, ak\u0131\u015fkanl\u0131\u011f\u0131 ve zarafeti \u00e7a\u011fr\u0131\u015ft\u0131rmak i\u00e7in haz\u0131rlanm\u0131\u015f 5 mm'lik bir siluete sahiptir. \u00c7i\u00e7eksi olmasa da, hareketi do\u011fada bulunan \u015fiirsel ritmi yans\u0131t\u0131r ve Rosette Koleksiyonu'nun b\u00fcy\u00fcme ve kutlama temas\u0131na uygun bir arkada\u015ft\u0131r.<\/p>\n<h3>Zanaatkarl\u0131k<\/h3>\n<p>Parlak 22 ayar alt\u0131ndan sevgiyle el i\u015f\u00e7ili\u011fiyle \u00fcretilen ve \u0130ngiltere'de damgalanan her bir halka, yumu\u015fak, basamakl\u0131 bir etki yaratmak i\u00e7in titizlikle bir araya getirilmi\u015ftir. Zincirin kusursuz \u00f6rt\u00fcs\u00fc ve y\u00fcksek cilal\u0131 y\u00fczeyi, PureJewels'in kal\u0131c\u0131 sanat ve hassasiyete olan ba\u011fl\u0131l\u0131\u011f\u0131n\u0131 yans\u0131tmaktad\u0131r.<\/p>\n<h3>\u015eekillendirme<\/h3>\n<p>K\u00f6pr\u00fcc\u00fck kemi\u011fi boyunca farkl\u0131 in\u00e7lerde nazik\u00e7e oturacak \u015fekilde tasarlanan bu zincir, sessiz bir g\u00fc\u00e7 ve \u00e7ok y\u00f6nl\u00fcl\u00fck sunar. Tek ba\u015f\u0131na g\u00fczel bir par\u00e7a olan veya Rozet kolye ucuyla m\u00fckemmel bir \u015fekilde katmanlanan bu zincir, ki\u015fisel ba\u015far\u0131lardan i\u00e7ten hediyelere kadar d\u00f6n\u00fcm noktalar\u0131n\u0131 i\u015faretlemek i\u00e7in idealdir.<\/p>","protected":false},"excerpt":{"rendered":"<p>Hayat\u0131n zarif yolculuklar\u0131n\u0131 yans\u0131tmak i\u00e7in el yap\u0131m\u0131 22 ayar alt\u0131ndan ak\u0131c\u0131 bir zincir. Bu par\u00e7a g\u00fcne\u015f \u0131\u015f\u0131\u011f\u0131 gibi s\u00fcz\u00fcl\u00fcr ve d\u00f6n\u00fcm noktalar\u0131n\u0131 sessiz bir zarafetle i\u015faretlemek i\u00e7in m\u00fckemmeldir.<\/p>\n<p><strong>Malzeme:<\/strong> 22 Ayar G\u00fcndo\u011fumu Alt\u0131n<br \/>\n<strong>Safl\u0131k:<\/strong> 91.6% saf<br \/>\n<strong>Hallmark:<\/strong> \u0130ngiliz Damgas\u0131<br \/>\n<strong>A\u011f\u0131rl\u0131k Aral\u0131\u011f\u0131:<\/strong> 6.16 Gms - 8.07 Gms<br \/>\n<strong>Uzunluk Aral\u0131\u011f\u0131:<\/strong> 15,5 \u0130n\u00e7 - 24 \u0130n\u00e7<br \/>\n<strong>SKU:<\/strong> 53363, 53216, 53217, 53329, 53362, 53330<\/p>\n<p><strong>Fiyat ve Teslimat:<\/strong> KDV ve teslimat \u00fccreti dahildir.<br \/>\n<a href=\"https:\/\/www.purejewels.com\/tr\/i%cc%87ade-poli%cc%87ti%cc%87kasi\/\">\u0130ade Politikas\u0131<\/a><\/p>","protected":false},"featured_media":349581,"comment_status":"closed","ping_status":"closed","template":"","meta":{"_eb_attr":"","_crsspst_to_jayantr4sg-hostcom":false},"product_brand":[],"product_cat":[1791,1559,1793,6049,1475,1229,1253,1779,1656,5275,1573,1574],"product_tag":[],"class_list":{"0":"post-418849","1":"product","2":"type-product","3":"status-publish","4":"has-post-thumbnail","6":"product_cat-anniversary-gifts","7":"product_cat-birthday-gifts","8":"product_cat-diwali-gifts","9":"product_cat-fancy-chain","10":"product_cat-gold-chains","11":"product_cat-22ct-gold-jewellery","12":"product_cat-gold-necklaces","13":"product_cat-mala-style-necklaces","14":"product_cat-rosettes-collections","15":"product_cat-rosettes-necklace","16":"product_cat-wedding-gifts","17":"product_cat-womens-jewellery","19":"first","20":"instock","21":"taxable","22":"shipping-taxable","23":"purchasable","24":"product-type-variable","25":"add-to-wishlist-before_image"},"yoast_head":"<!-- This site is optimized with the Yoast SEO plugin v27.5 - https:\/\/yoast.com\/product\/yoast-seo-wordpress\/ -->\n<title>Gold Chain with Flower Motif | 22ct Sunrise Gold Chain<\/title>\n<meta name=\"description\" content=\"Discover the elegance of our Sunrise Gold Chain with Flower motif. This 22ct Sunrise Gold Waterfall Chain in 5mm, adds charm to any outfit.\" \/>\n<meta name=\"robots\" content=\"index, follow, max-snippet:-1, max-image-preview:large, max-video-preview:-1\" \/>\n<link rel=\"canonical\" href=\"https:\/\/www.purejewels.com\/tr\/urun\/22-ayar-gundogumu-altin-selale-zincir-5mm-15-5-inc-53363\/\" \/>\n<meta property=\"og:locale\" content=\"tr_TR\" \/>\n<meta property=\"og:type\" content=\"article\" \/>\n<meta property=\"og:title\" content=\"Gold Chain with Flower Motif | 22ct Sunrise Gold Chain\" \/>\n<meta property=\"og:description\" content=\"Discover the elegance of our Sunrise Gold Chain with Flower motif. This 22ct Sunrise Gold Waterfall Chain in 5mm, adds charm to any outfit.\" \/>\n<meta property=\"og:url\" content=\"https:\/\/www.purejewels.com\/tr\/urun\/22-ayar-gundogumu-altin-selale-zincir-5mm-15-5-inc-53363\/\" \/>\n<meta property=\"og:site_name\" content=\"PureJewels UK\" \/>\n<meta property=\"article:modified_time\" content=\"2026-04-27T14:28:06+00:00\" \/>\n<meta property=\"og:image\" content=\"https:\/\/static.purejewels.com\/wp-content\/uploads\/2023\/08\/45733.jpg\" \/>\n\t<meta property=\"og:image:width\" content=\"1000\" \/>\n\t<meta property=\"og:image:height\" content=\"1000\" \/>\n\t<meta property=\"og:image:type\" content=\"image\/jpeg\" \/>\n<meta name=\"twitter:card\" content=\"summary_large_image\" \/>\n<meta name=\"twitter:label1\" content=\"Tahmini okuma s\u00fcresi\" \/>\n\t<meta name=\"twitter:data1\" content=\"1 dakika\" \/>\n<script type=\"application\/ld+json\" class=\"yoast-schema-graph\">{\"@context\":\"https:\\\/\\\/schema.org\",\"@graph\":[{\"@type\":[\"WebPage\",\"ItemPage\"],\"@id\":\"https:\\\/\\\/www.purejewels.com\\\/product\\\/22ct-sunrise-gold-waterfall-chain-5mm-15-5-inch-53363\\\/\",\"url\":\"https:\\\/\\\/www.purejewels.com\\\/product\\\/22ct-sunrise-gold-waterfall-chain-5mm-15-5-inch-53363\\\/\",\"name\":\"Gold Chain with Flower Motif | 22ct Sunrise Gold Chain\",\"isPartOf\":{\"@id\":\"https:\\\/\\\/www.purejewels.com\\\/#website\"},\"primaryImageOfPage\":{\"@id\":\"https:\\\/\\\/www.purejewels.com\\\/product\\\/22ct-sunrise-gold-waterfall-chain-5mm-15-5-inch-53363\\\/#primaryimage\"},\"image\":{\"@id\":\"https:\\\/\\\/www.purejewels.com\\\/product\\\/22ct-sunrise-gold-waterfall-chain-5mm-15-5-inch-53363\\\/#primaryimage\"},\"thumbnailUrl\":\"https:\\\/\\\/static.purejewels.com\\\/wp-content\\\/uploads\\\/2023\\\/08\\\/45733.jpg\",\"datePublished\":\"2025-10-08T10:48:44+00:00\",\"dateModified\":\"2026-04-27T14:28:06+00:00\",\"description\":\"Discover the elegance of our Sunrise Gold Chain with Flower motif. This 22ct Sunrise Gold Waterfall Chain in 5mm, adds charm to any outfit.\",\"breadcrumb\":{\"@id\":\"https:\\\/\\\/www.purejewels.com\\\/product\\\/22ct-sunrise-gold-waterfall-chain-5mm-15-5-inch-53363\\\/#breadcrumb\"},\"inLanguage\":\"tr\",\"potentialAction\":[{\"@type\":\"ReadAction\",\"target\":[\"https:\\\/\\\/www.purejewels.com\\\/product\\\/22ct-sunrise-gold-waterfall-chain-5mm-15-5-inch-53363\\\/\"]}]},{\"@type\":\"ImageObject\",\"inLanguage\":\"tr\",\"@id\":\"https:\\\/\\\/www.purejewels.com\\\/product\\\/22ct-sunrise-gold-waterfall-chain-5mm-15-5-inch-53363\\\/#primaryimage\",\"url\":\"https:\\\/\\\/static.purejewels.com\\\/wp-content\\\/uploads\\\/2023\\\/08\\\/45733.jpg\",\"contentUrl\":\"https:\\\/\\\/static.purejewels.com\\\/wp-content\\\/uploads\\\/2023\\\/08\\\/45733.jpg\",\"width\":1000,\"height\":1000,\"caption\":\"22ct Gold Rosette Waterfall chain\"},{\"@type\":\"BreadcrumbList\",\"@id\":\"https:\\\/\\\/www.purejewels.com\\\/product\\\/22ct-sunrise-gold-waterfall-chain-5mm-15-5-inch-53363\\\/#breadcrumb\",\"itemListElement\":[{\"@type\":\"ListItem\",\"position\":1,\"name\":\"Home\",\"item\":\"https:\\\/\\\/www.purejewels.com\\\/\"},{\"@type\":\"ListItem\",\"position\":2,\"name\":\"Shop\",\"item\":\"https:\\\/\\\/www.purejewels.com\\\/shop\\\/\"},{\"@type\":\"ListItem\",\"position\":3,\"name\":\"22ct Sunrise Gold Waterfall Chain | 5mm\"}]},{\"@type\":\"WebSite\",\"@id\":\"https:\\\/\\\/www.purejewels.com\\\/#website\",\"url\":\"https:\\\/\\\/www.purejewels.com\\\/\",\"name\":\"PureJewels UK\",\"description\":\"Share the Love\",\"publisher\":{\"@id\":\"https:\\\/\\\/www.purejewels.com\\\/#organization\"},\"potentialAction\":[{\"@type\":\"SearchAction\",\"target\":{\"@type\":\"EntryPoint\",\"urlTemplate\":\"https:\\\/\\\/www.purejewels.com\\\/?s={search_term_string}\"},\"query-input\":{\"@type\":\"PropertyValueSpecification\",\"valueRequired\":true,\"valueName\":\"search_term_string\"}}],\"inLanguage\":\"tr\"},{\"@type\":\"Organization\",\"@id\":\"https:\\\/\\\/www.purejewels.com\\\/#organization\",\"name\":\"PureJewels UK\",\"url\":\"https:\\\/\\\/www.purejewels.com\\\/\",\"logo\":{\"@type\":\"ImageObject\",\"inLanguage\":\"tr\",\"@id\":\"https:\\\/\\\/www.purejewels.com\\\/#\\\/schema\\\/logo\\\/image\\\/\",\"url\":\"https:\\\/\\\/static.purejewels.com\\\/wp-content\\\/uploads\\\/2020\\\/11\\\/Logo-PJ-New-1.png\",\"contentUrl\":\"https:\\\/\\\/static.purejewels.com\\\/wp-content\\\/uploads\\\/2020\\\/11\\\/Logo-PJ-New-1.png\",\"width\":150,\"height\":80,\"caption\":\"PureJewels UK\"},\"image\":{\"@id\":\"https:\\\/\\\/www.purejewels.com\\\/#\\\/schema\\\/logo\\\/image\\\/\"}}]}<\/script>\n<!-- \/ Yoast SEO plugin. -->","yoast_head_json":{"title":"\u00c7i\u00e7ek Motifli Alt\u0131n Zincir | 22 Ayar Sunrise Alt\u0131n Zincir","description":"\u00c7i\u00e7ek motifli G\u00fcn Do\u011fumu Alt\u0131n Zincirimizin zarafetini ke\u015ffedin. Bu 5 mm'lik 22 ayar G\u00fcn Do\u011fumu Alt\u0131n \u015eelale Zincir, her k\u0131yafete cazibe katar.","robots":{"index":"index","follow":"follow","max-snippet":"max-snippet:-1","max-image-preview":"max-image-preview:large","max-video-preview":"max-video-preview:-1"},"canonical":"https:\/\/www.purejewels.com\/tr\/urun\/22-ayar-gundogumu-altin-selale-zincir-5mm-15-5-inc-53363\/","og_locale":"tr_TR","og_type":"article","og_title":"Gold Chain with Flower Motif | 22ct Sunrise Gold Chain","og_description":"Discover the elegance of our Sunrise Gold Chain with Flower motif. This 22ct Sunrise Gold Waterfall Chain in 5mm, adds charm to any outfit.","og_url":"https:\/\/www.purejewels.com\/tr\/urun\/22-ayar-gundogumu-altin-selale-zincir-5mm-15-5-inc-53363\/","og_site_name":"PureJewels UK","article_modified_time":"2026-04-27T14:28:06+00:00","og_image":[{"width":1000,"height":1000,"url":"https:\/\/static.purejewels.com\/wp-content\/uploads\/2023\/08\/45733.jpg","type":"image\/jpeg"}],"twitter_card":"summary_large_image","twitter_misc":{"Tahmini okuma s\u00fcresi":"1 dakika"},"schema":{"@context":"https:\/\/schema.org","@graph":[{"@type":["WebPage","ItemPage"],"@id":"https:\/\/www.purejewels.com\/product\/22ct-sunrise-gold-waterfall-chain-5mm-15-5-inch-53363\/","url":"https:\/\/www.purejewels.com\/product\/22ct-sunrise-gold-waterfall-chain-5mm-15-5-inch-53363\/","name":"\u00c7i\u00e7ek Motifli Alt\u0131n Zincir | 22 Ayar Sunrise Alt\u0131n Zincir","isPartOf":{"@id":"https:\/\/www.purejewels.com\/#website"},"primaryImageOfPage":{"@id":"https:\/\/www.purejewels.com\/product\/22ct-sunrise-gold-waterfall-chain-5mm-15-5-inch-53363\/#primaryimage"},"image":{"@id":"https:\/\/www.purejewels.com\/product\/22ct-sunrise-gold-waterfall-chain-5mm-15-5-inch-53363\/#primaryimage"},"thumbnailUrl":"https:\/\/static.purejewels.com\/wp-content\/uploads\/2023\/08\/45733.jpg","datePublished":"2025-10-08T10:48:44+00:00","dateModified":"2026-04-27T14:28:06+00:00","description":"\u00c7i\u00e7ek motifli G\u00fcn Do\u011fumu Alt\u0131n Zincirimizin zarafetini ke\u015ffedin. Bu 5 mm'lik 22 ayar G\u00fcn Do\u011fumu Alt\u0131n \u015eelale Zincir, her k\u0131yafete cazibe katar.","breadcrumb":{"@id":"https:\/\/www.purejewels.com\/product\/22ct-sunrise-gold-waterfall-chain-5mm-15-5-inch-53363\/#breadcrumb"},"inLanguage":"tr","potentialAction":[{"@type":"ReadAction","target":["https:\/\/www.purejewels.com\/product\/22ct-sunrise-gold-waterfall-chain-5mm-15-5-inch-53363\/"]}]},{"@type":"ImageObject","inLanguage":"tr","@id":"https:\/\/www.purejewels.com\/product\/22ct-sunrise-gold-waterfall-chain-5mm-15-5-inch-53363\/#primaryimage","url":"https:\/\/static.purejewels.com\/wp-content\/uploads\/2023\/08\/45733.jpg","contentUrl":"https:\/\/static.purejewels.com\/wp-content\/uploads\/2023\/08\/45733.jpg","width":1000,"height":1000,"caption":"22ct Gold Rosette Waterfall chain"},{"@type":"BreadcrumbList","@id":"https:\/\/www.purejewels.com\/product\/22ct-sunrise-gold-waterfall-chain-5mm-15-5-inch-53363\/#breadcrumb","itemListElement":[{"@type":"ListItem","position":1,"name":"Home","item":"https:\/\/www.purejewels.com\/"},{"@type":"ListItem","position":2,"name":"Shop","item":"https:\/\/www.purejewels.com\/shop\/"},{"@type":"ListItem","position":3,"name":"22ct Sunrise Gold Waterfall Chain | 5mm"}]},{"@type":"WebSite","@id":"https:\/\/www.purejewels.com\/#website","url":"https:\/\/www.purejewels.com\/","name":"PureJewels \u0130ngiltere","description":"Sevgiyi Payla\u015f\u0131n","publisher":{"@id":"https:\/\/www.purejewels.com\/#organization"},"potentialAction":[{"@type":"SearchAction","target":{"@type":"EntryPoint","urlTemplate":"https:\/\/www.purejewels.com\/?s={search_term_string}"},"query-input":{"@type":"PropertyValueSpecification","valueRequired":true,"valueName":"search_term_string"}}],"inLanguage":"tr"},{"@type":"Organization","@id":"https:\/\/www.purejewels.com\/#organization","name":"PureJewels \u0130ngiltere","url":"https:\/\/www.purejewels.com\/","logo":{"@type":"ImageObject","inLanguage":"tr","@id":"https:\/\/www.purejewels.com\/#\/schema\/logo\/image\/","url":"https:\/\/static.purejewels.com\/wp-content\/uploads\/2020\/11\/Logo-PJ-New-1.png","contentUrl":"https:\/\/static.purejewels.com\/wp-content\/uploads\/2020\/11\/Logo-PJ-New-1.png","width":150,"height":80,"caption":"PureJewels UK"},"image":{"@id":"https:\/\/www.purejewels.com\/#\/schema\/logo\/image\/"}}]}},"_links":{"self":[{"href":"https:\/\/www.purejewels.com\/tr\/wp-json\/wp\/v2\/product\/418849","targetHints":{"allow":["GET"]}}],"collection":[{"href":"https:\/\/www.purejewels.com\/tr\/wp-json\/wp\/v2\/product"}],"about":[{"href":"https:\/\/www.purejewels.com\/tr\/wp-json\/wp\/v2\/types\/product"}],"replies":[{"embeddable":true,"href":"https:\/\/www.purejewels.com\/tr\/wp-json\/wp\/v2\/comments?post=418849"}],"version-history":[{"count":6,"href":"https:\/\/www.purejewels.com\/tr\/wp-json\/wp\/v2\/product\/418849\/revisions"}],"predecessor-version":[{"id":427190,"href":"https:\/\/www.purejewels.com\/tr\/wp-json\/wp\/v2\/product\/418849\/revisions\/427190"}],"wp:featuredmedia":[{"embeddable":true,"href":"https:\/\/www.purejewels.com\/tr\/wp-json\/wp\/v2\/media\/349581"}],"wp:attachment":[{"href":"https:\/\/www.purejewels.com\/tr\/wp-json\/wp\/v2\/media?parent=418849"}],"wp:term":[{"taxonomy":"product_brand","embeddable":true,"href":"https:\/\/www.purejewels.com\/tr\/wp-json\/wp\/v2\/product_brand?post=418849"},{"taxonomy":"product_cat","embeddable":true,"href":"https:\/\/www.purejewels.com\/tr\/wp-json\/wp\/v2\/product_cat?post=418849"},{"taxonomy":"product_tag","embeddable":true,"href":"https:\/\/www.purejewels.com\/tr\/wp-json\/wp\/v2\/product_tag?post=418849"}],"curies":[{"name":"wp","href":"https:\/\/api.w.org\/{rel}","templated":true}]}}