{"id":418852,"date":"2025-09-13T11:59:41","date_gmt":"2025-09-13T10:59:41","guid":{"rendered":"https:\/\/www.purejewels.com\/?post_type=product&#038;p=418852"},"modified":"2026-02-09T12:13:09","modified_gmt":"2026-02-09T12:13:09","slug":"trishul-ve-rudraksha-ile-22-ayar-altin-kada-51013","status":"publish","type":"product","link":"https:\/\/www.purejewels.com\/tr\/product\/22ct-gold-kada-with-trishul-and-rudraksha-51013\/","title":{"rendered":"Trishul ve Rudraksha ile 22 Ayar Alt\u0131n Kada"},"content":{"rendered":"<h3 data-start=\"950\" data-end=\"978\"><strong data-start=\"957\" data-end=\"976\">Tasar\u0131m Konsepti<\/strong><\/h3>\n<p data-start=\"979\" data-end=\"1263\">Kada, g\u00fcc\u00fc, korumay\u0131 ve d\u00f6n\u00fc\u015f\u00fcm\u00fc simgeleyen Trishul ile Lord Shiva'ya bir \u00f6vg\u00fcd\u00fcr. \u0130kili Rudraksha unsurlar\u0131 dinginli\u011fi ve ilahi ba\u011flant\u0131y\u0131 \u00e7a\u011fr\u0131\u015ft\u0131r\u0131r. S\u00fcsl\u00fc desenler ve oksitlenmi\u015f kaplama, ruhani sembolizmi muhte\u015fem tasar\u0131mla harmanlayarak g\u00f6rsel derinli\u011fi art\u0131r\u0131r.<\/p>\n<hr data-start=\"1265\" data-end=\"1268\" \/>\n<h3 data-start=\"1270\" data-end=\"1297\"><strong data-start=\"1277\" data-end=\"1295\">Zanaatkarl\u0131k<\/strong><\/h3>\n<p data-start=\"1298\" data-end=\"1524\">22 ayar sar\u0131 alt\u0131ndan el i\u015f\u00e7ili\u011fiyle \u00fcretilen kada, y\u00fcksek cila ve oksitlenmi\u015f dokular\u0131n kar\u0131\u015f\u0131m\u0131yla ince detaylara sahiptir. Motiflerin titizlikle yerle\u015ftirilmesi, Hindistan'\u0131n zengin k\u00fclt\u00fcrel k\u00f6klerini kutlayan ola\u011fan\u00fcst\u00fc bir sanat sergilemektedir.<\/p>\n<hr data-start=\"1526\" data-end=\"1529\" \/>\n<h3 data-start=\"1531\" data-end=\"1558\"><strong data-start=\"1538\" data-end=\"1556\">Stil Fikirleri<\/strong><\/h3>\n<p data-start=\"1559\" data-end=\"1836\">Bu Kada'y\u0131 dini t\u00f6renler, pujalar veya d\u00fc\u011f\u00fcnler i\u00e7in kurta-pijama veya sherwanis gibi geleneksel Hint k\u0131yafetleriyle e\u015fle\u015ftirin. Ayr\u0131ca zahmetsizce k\u00f6kl\u00fc ve g\u00fc\u00e7l\u00fc bir g\u00f6r\u00fcn\u00fcm i\u00e7in g\u00fcndelik Hint-bat\u0131 k\u0131yafetlerini de tamamlar. Cesur ama anlaml\u0131 bir alt\u0131n aksesuar arayan erkekler i\u00e7in idealdir.<\/p>","protected":false},"excerpt":{"rendered":"<p>Kutsal Trishul ve Rudraksha boncuk motiflerini i\u00e7eren bu el yap\u0131m\u0131 22 ayar alt\u0131n Kada ile cesur bir ruhani a\u00e7\u0131klama yap\u0131n. Karma\u015f\u0131k siyah emaye detaylar, modern adanm\u0131\u015flar i\u00e7in m\u00fckemmel olan geleneksel bir hava kat\u0131yor. G\u00fcnl\u00fck adanm\u0131\u015fl\u0131k veya bayram giyimi i\u00e7in tasarlanm\u0131\u015ft\u0131r.<\/p>\n<p><strong>Malzeme:<\/strong>\u00a022 Ayar Alt\u0131n (91,6% Saf Alt\u0131n)<strong><br \/>\nHallmark:\u00a0<\/strong>\u0130ngiliz Damgas\u0131<strong><br \/>\n<\/strong><strong>Br\u00fct A\u011f\u0131rl\u0131k: <\/strong>23.98 Gms<br \/>\n<strong>Net A\u011f\u0131rl\u0131k:<\/strong> 23.31 Gms<br \/>\n<strong>Boyut:<\/strong> 2.6<br \/>\n<strong>SKU:<\/strong> 51013<\/p>\n<p><strong>Fiyat ve Teslimat<\/strong>: KDV ve teslimat \u00fccreti dahil<br \/>\n<a href=\"https:\/\/www.purejewels.com\/tr\/i%cc%87ade-poli%cc%87ti%cc%87kasi\/\">\u0130ade Politikas\u0131<\/a><\/p>","protected":false},"featured_media":418862,"comment_status":"closed","ping_status":"closed","template":"","meta":{"_eb_attr":"","_crsspst_to_jayantr4sg-hostcom":true},"product_brand":[],"product_cat":[1571,1233,1229,5440,1572,1629,1657,5349],"product_tag":[],"class_list":{"0":"post-418852","1":"product","2":"type-product","3":"status-publish","4":"has-post-thumbnail","6":"product_cat-fathers-day-gifts","7":"product_cat-gold-bangles","8":"product_cat-22ct-gold-jewellery","9":"product_cat-mens-bangles","10":"product_cat-mens-jewellery","11":"product_cat-mens-kada","12":"product_cat-single-bangle","13":"product_cat-yellow-gold-jewellery","15":"first","16":"instock","17":"taxable","18":"shipping-taxable","19":"purchasable","20":"product-type-simple","21":"add-to-wishlist-before_image"},"yoast_head":"<!-- This site is optimized with the Yoast SEO plugin v27.6 - https:\/\/yoast.com\/product\/yoast-seo-wordpress\/ -->\n<title>22ct Gold Kada with Trishul &amp; Rudraksha \u2013 Religious Gold Kada<\/title>\n<meta name=\"description\" content=\"Shop this handcrafted 22ct Gold Kada for men featuring Trishul &amp; Rudraksha design. A bold spiritual accessory with traditional black enamel detailing.\" \/>\n<meta name=\"robots\" content=\"index, follow, max-snippet:-1, max-image-preview:large, max-video-preview:-1\" \/>\n<link rel=\"canonical\" href=\"https:\/\/www.purejewels.com\/tr\/urun\/trishul-ve-rudraksha-ile-22-ayar-altin-kada-51013\/\" \/>\n<meta property=\"og:locale\" content=\"tr_TR\" \/>\n<meta property=\"og:type\" content=\"article\" \/>\n<meta property=\"og:title\" content=\"22ct Gold Kada with Trishul &amp; Rudraksha \u2013 Religious Gold Kada\" \/>\n<meta property=\"og:description\" content=\"Shop this handcrafted 22ct Gold Kada for men featuring Trishul &amp; Rudraksha design. A bold spiritual accessory with traditional black enamel detailing.\" \/>\n<meta property=\"og:url\" content=\"https:\/\/www.purejewels.com\/tr\/urun\/trishul-ve-rudraksha-ile-22-ayar-altin-kada-51013\/\" \/>\n<meta property=\"og:site_name\" content=\"PureJewels UK\" \/>\n<meta property=\"article:modified_time\" content=\"2026-02-09T12:13:09+00:00\" \/>\n<meta property=\"og:image\" content=\"https:\/\/static.purejewels.com\/wp-content\/uploads\/2025\/10\/51013.jpg\" \/>\n\t<meta property=\"og:image:width\" content=\"1024\" \/>\n\t<meta property=\"og:image:height\" content=\"1024\" \/>\n\t<meta property=\"og:image:type\" content=\"image\/jpeg\" \/>\n<meta name=\"twitter:card\" content=\"summary_large_image\" \/>\n<meta name=\"twitter:label1\" content=\"Tahmini okuma s\u00fcresi\" \/>\n\t<meta name=\"twitter:data1\" content=\"1 dakika\" \/>\n<script type=\"application\/ld+json\" class=\"yoast-schema-graph\">{\"@context\":\"https:\\\/\\\/schema.org\",\"@graph\":[{\"@type\":[\"WebPage\",\"ItemPage\"],\"@id\":\"https:\\\/\\\/www.purejewels.com\\\/product\\\/22ct-gold-kada-with-trishul-and-rudraksha-51013\\\/\",\"url\":\"https:\\\/\\\/www.purejewels.com\\\/product\\\/22ct-gold-kada-with-trishul-and-rudraksha-51013\\\/\",\"name\":\"22ct Gold Kada with Trishul & Rudraksha \u2013 Religious Gold Kada\",\"isPartOf\":{\"@id\":\"https:\\\/\\\/www.purejewels.com\\\/#website\"},\"primaryImageOfPage\":{\"@id\":\"https:\\\/\\\/www.purejewels.com\\\/product\\\/22ct-gold-kada-with-trishul-and-rudraksha-51013\\\/#primaryimage\"},\"image\":{\"@id\":\"https:\\\/\\\/www.purejewels.com\\\/product\\\/22ct-gold-kada-with-trishul-and-rudraksha-51013\\\/#primaryimage\"},\"thumbnailUrl\":\"https:\\\/\\\/static.purejewels.com\\\/wp-content\\\/uploads\\\/2025\\\/10\\\/51013.jpg\",\"datePublished\":\"2025-09-13T10:59:41+00:00\",\"dateModified\":\"2026-02-09T12:13:09+00:00\",\"description\":\"Shop this handcrafted 22ct Gold Kada for men featuring Trishul & Rudraksha design. A bold spiritual accessory with traditional black enamel detailing.\",\"breadcrumb\":{\"@id\":\"https:\\\/\\\/www.purejewels.com\\\/product\\\/22ct-gold-kada-with-trishul-and-rudraksha-51013\\\/#breadcrumb\"},\"inLanguage\":\"tr\",\"potentialAction\":[{\"@type\":\"ReadAction\",\"target\":[\"https:\\\/\\\/www.purejewels.com\\\/product\\\/22ct-gold-kada-with-trishul-and-rudraksha-51013\\\/\"]}]},{\"@type\":\"ImageObject\",\"inLanguage\":\"tr\",\"@id\":\"https:\\\/\\\/www.purejewels.com\\\/product\\\/22ct-gold-kada-with-trishul-and-rudraksha-51013\\\/#primaryimage\",\"url\":\"https:\\\/\\\/static.purejewels.com\\\/wp-content\\\/uploads\\\/2025\\\/10\\\/51013.jpg\",\"contentUrl\":\"https:\\\/\\\/static.purejewels.com\\\/wp-content\\\/uploads\\\/2025\\\/10\\\/51013.jpg\",\"width\":1024,\"height\":1024,\"caption\":\"22ct Gold Kada with Trishul & Rudraksha\"},{\"@type\":\"BreadcrumbList\",\"@id\":\"https:\\\/\\\/www.purejewels.com\\\/product\\\/22ct-gold-kada-with-trishul-and-rudraksha-51013\\\/#breadcrumb\",\"itemListElement\":[{\"@type\":\"ListItem\",\"position\":1,\"name\":\"Home\",\"item\":\"https:\\\/\\\/www.purejewels.com\\\/\"},{\"@type\":\"ListItem\",\"position\":2,\"name\":\"Shop\",\"item\":\"https:\\\/\\\/www.purejewels.com\\\/shop\\\/\"},{\"@type\":\"ListItem\",\"position\":3,\"name\":\"22ct Gold Kada with Trishul and Rudraksha\"}]},{\"@type\":\"WebSite\",\"@id\":\"https:\\\/\\\/www.purejewels.com\\\/#website\",\"url\":\"https:\\\/\\\/www.purejewels.com\\\/\",\"name\":\"PureJewels UK\",\"description\":\"Share the Love\",\"publisher\":{\"@id\":\"https:\\\/\\\/www.purejewels.com\\\/#organization\"},\"potentialAction\":[{\"@type\":\"SearchAction\",\"target\":{\"@type\":\"EntryPoint\",\"urlTemplate\":\"https:\\\/\\\/www.purejewels.com\\\/?s={search_term_string}\"},\"query-input\":{\"@type\":\"PropertyValueSpecification\",\"valueRequired\":true,\"valueName\":\"search_term_string\"}}],\"inLanguage\":\"tr\"},{\"@type\":\"Organization\",\"@id\":\"https:\\\/\\\/www.purejewels.com\\\/#organization\",\"name\":\"PureJewels UK\",\"url\":\"https:\\\/\\\/www.purejewels.com\\\/\",\"logo\":{\"@type\":\"ImageObject\",\"inLanguage\":\"tr\",\"@id\":\"https:\\\/\\\/www.purejewels.com\\\/#\\\/schema\\\/logo\\\/image\\\/\",\"url\":\"https:\\\/\\\/static.purejewels.com\\\/wp-content\\\/uploads\\\/2020\\\/11\\\/Logo-PJ-New-1.png\",\"contentUrl\":\"https:\\\/\\\/static.purejewels.com\\\/wp-content\\\/uploads\\\/2020\\\/11\\\/Logo-PJ-New-1.png\",\"width\":150,\"height\":80,\"caption\":\"PureJewels UK\"},\"image\":{\"@id\":\"https:\\\/\\\/www.purejewels.com\\\/#\\\/schema\\\/logo\\\/image\\\/\"}}]}<\/script>\n<!-- \/ Yoast SEO plugin. -->","yoast_head_json":{"title":"Trishul ve Rudraksha ile 22 Ayar Alt\u0131n Kada - Dini Alt\u0131n Kada","description":"Trishul &amp; Rudraksha tasar\u0131m\u0131na sahip bu el yap\u0131m\u0131 22 ayar alt\u0131n Kada'y\u0131 erkekler i\u00e7in sat\u0131n al\u0131n. Geleneksel siyah mine detaylar\u0131yla cesur bir ruhani aksesuar.","robots":{"index":"index","follow":"follow","max-snippet":"max-snippet:-1","max-image-preview":"max-image-preview:large","max-video-preview":"max-video-preview:-1"},"canonical":"https:\/\/www.purejewels.com\/tr\/urun\/trishul-ve-rudraksha-ile-22-ayar-altin-kada-51013\/","og_locale":"tr_TR","og_type":"article","og_title":"22ct Gold Kada with Trishul & Rudraksha \u2013 Religious Gold Kada","og_description":"Shop this handcrafted 22ct Gold Kada for men featuring Trishul & Rudraksha design. A bold spiritual accessory with traditional black enamel detailing.","og_url":"https:\/\/www.purejewels.com\/tr\/urun\/trishul-ve-rudraksha-ile-22-ayar-altin-kada-51013\/","og_site_name":"PureJewels UK","article_modified_time":"2026-02-09T12:13:09+00:00","og_image":[{"width":1024,"height":1024,"url":"https:\/\/static.purejewels.com\/wp-content\/uploads\/2025\/10\/51013.jpg","type":"image\/jpeg"}],"twitter_card":"summary_large_image","twitter_misc":{"Tahmini okuma s\u00fcresi":"1 dakika"},"schema":{"@context":"https:\/\/schema.org","@graph":[{"@type":["WebPage","ItemPage"],"@id":"https:\/\/www.purejewels.com\/product\/22ct-gold-kada-with-trishul-and-rudraksha-51013\/","url":"https:\/\/www.purejewels.com\/product\/22ct-gold-kada-with-trishul-and-rudraksha-51013\/","name":"Trishul ve Rudraksha ile 22 Ayar Alt\u0131n Kada - Dini Alt\u0131n Kada","isPartOf":{"@id":"https:\/\/www.purejewels.com\/#website"},"primaryImageOfPage":{"@id":"https:\/\/www.purejewels.com\/product\/22ct-gold-kada-with-trishul-and-rudraksha-51013\/#primaryimage"},"image":{"@id":"https:\/\/www.purejewels.com\/product\/22ct-gold-kada-with-trishul-and-rudraksha-51013\/#primaryimage"},"thumbnailUrl":"https:\/\/static.purejewels.com\/wp-content\/uploads\/2025\/10\/51013.jpg","datePublished":"2025-09-13T10:59:41+00:00","dateModified":"2026-02-09T12:13:09+00:00","description":"Trishul &amp; Rudraksha tasar\u0131m\u0131na sahip bu el yap\u0131m\u0131 22 ayar alt\u0131n Kada'y\u0131 erkekler i\u00e7in sat\u0131n al\u0131n. Geleneksel siyah mine detaylar\u0131yla cesur bir ruhani aksesuar.","breadcrumb":{"@id":"https:\/\/www.purejewels.com\/product\/22ct-gold-kada-with-trishul-and-rudraksha-51013\/#breadcrumb"},"inLanguage":"tr","potentialAction":[{"@type":"ReadAction","target":["https:\/\/www.purejewels.com\/product\/22ct-gold-kada-with-trishul-and-rudraksha-51013\/"]}]},{"@type":"ImageObject","inLanguage":"tr","@id":"https:\/\/www.purejewels.com\/product\/22ct-gold-kada-with-trishul-and-rudraksha-51013\/#primaryimage","url":"https:\/\/static.purejewels.com\/wp-content\/uploads\/2025\/10\/51013.jpg","contentUrl":"https:\/\/static.purejewels.com\/wp-content\/uploads\/2025\/10\/51013.jpg","width":1024,"height":1024,"caption":"22ct Gold Kada with Trishul & Rudraksha"},{"@type":"BreadcrumbList","@id":"https:\/\/www.purejewels.com\/product\/22ct-gold-kada-with-trishul-and-rudraksha-51013\/#breadcrumb","itemListElement":[{"@type":"ListItem","position":1,"name":"Home","item":"https:\/\/www.purejewels.com\/"},{"@type":"ListItem","position":2,"name":"Shop","item":"https:\/\/www.purejewels.com\/shop\/"},{"@type":"ListItem","position":3,"name":"22ct Gold Kada with Trishul and Rudraksha"}]},{"@type":"WebSite","@id":"https:\/\/www.purejewels.com\/#website","url":"https:\/\/www.purejewels.com\/","name":"PureJewels \u0130ngiltere","description":"Sevgiyi Payla\u015f\u0131n","publisher":{"@id":"https:\/\/www.purejewels.com\/#organization"},"potentialAction":[{"@type":"SearchAction","target":{"@type":"EntryPoint","urlTemplate":"https:\/\/www.purejewels.com\/?s={search_term_string}"},"query-input":{"@type":"PropertyValueSpecification","valueRequired":true,"valueName":"search_term_string"}}],"inLanguage":"tr"},{"@type":"Organization","@id":"https:\/\/www.purejewels.com\/#organization","name":"PureJewels \u0130ngiltere","url":"https:\/\/www.purejewels.com\/","logo":{"@type":"ImageObject","inLanguage":"tr","@id":"https:\/\/www.purejewels.com\/#\/schema\/logo\/image\/","url":"https:\/\/static.purejewels.com\/wp-content\/uploads\/2020\/11\/Logo-PJ-New-1.png","contentUrl":"https:\/\/static.purejewels.com\/wp-content\/uploads\/2020\/11\/Logo-PJ-New-1.png","width":150,"height":80,"caption":"PureJewels UK"},"image":{"@id":"https:\/\/www.purejewels.com\/#\/schema\/logo\/image\/"}}]}},"_links":{"self":[{"href":"https:\/\/www.purejewels.com\/tr\/wp-json\/wp\/v2\/product\/418852","targetHints":{"allow":["GET"]}}],"collection":[{"href":"https:\/\/www.purejewels.com\/tr\/wp-json\/wp\/v2\/product"}],"about":[{"href":"https:\/\/www.purejewels.com\/tr\/wp-json\/wp\/v2\/types\/product"}],"replies":[{"embeddable":true,"href":"https:\/\/www.purejewels.com\/tr\/wp-json\/wp\/v2\/comments?post=418852"}],"version-history":[{"count":2,"href":"https:\/\/www.purejewels.com\/tr\/wp-json\/wp\/v2\/product\/418852\/revisions"}],"predecessor-version":[{"id":419533,"href":"https:\/\/www.purejewels.com\/tr\/wp-json\/wp\/v2\/product\/418852\/revisions\/419533"}],"wp:featuredmedia":[{"embeddable":true,"href":"https:\/\/www.purejewels.com\/tr\/wp-json\/wp\/v2\/media\/418862"}],"wp:attachment":[{"href":"https:\/\/www.purejewels.com\/tr\/wp-json\/wp\/v2\/media?parent=418852"}],"wp:term":[{"taxonomy":"product_brand","embeddable":true,"href":"https:\/\/www.purejewels.com\/tr\/wp-json\/wp\/v2\/product_brand?post=418852"},{"taxonomy":"product_cat","embeddable":true,"href":"https:\/\/www.purejewels.com\/tr\/wp-json\/wp\/v2\/product_cat?post=418852"},{"taxonomy":"product_tag","embeddable":true,"href":"https:\/\/www.purejewels.com\/tr\/wp-json\/wp\/v2\/product_tag?post=418852"}],"curies":[{"name":"wp","href":"https:\/\/api.w.org\/{rel}","templated":true}]}}