{"id":418869,"date":"2025-11-16T12:29:16","date_gmt":"2025-11-16T12:29:16","guid":{"rendered":"https:\/\/www.purejewels.com\/?post_type=product&#038;p=418869"},"modified":"2026-02-05T05:59:51","modified_gmt":"2026-02-05T05:59:51","slug":"22-ayar-gundogumu-altin-selale-zincir-4mm-16-inc-53364","status":"publish","type":"product","link":"https:\/\/www.purejewels.com\/tr\/product\/22ct-sunrise-gold-waterfall-chain-4mm-16-inch-53364\/","title":{"rendered":"22 Ayar G\u00fcndo\u011fumu Alt\u0131n \u015eelale Zincir | 4mm"},"content":{"rendered":"<p>4 mm tasar\u0131ml\u0131 22 ayar Sunrise Alt\u0131n Rozet \u015eelale Zincir, zarif detayc\u0131l\u0131\u011f\u0131 ve minimal g\u00fczelli\u011fi bir araya getiriyor. Zincir boyunca e\u015fit aral\u0131klarla yerle\u015ftirilmi\u015f k\u00fc\u00e7\u00fck \u00e7i\u00e7ek motifleri, g\u00fcnl\u00fck kullan\u0131m veya zarif toplant\u0131lar i\u00e7in m\u00fckemmel, \u0131\u015f\u0131lt\u0131l\u0131 ama abart\u0131s\u0131z bir \u0131\u015f\u0131lt\u0131 sunar.<\/p>\n<h3>Tasar\u0131m Konsepti<\/h3>\n<p>4 mm'lik narin rozetler denge ve safl\u0131\u011f\u0131 temsil ederek g\u00fcne\u015f \u0131\u015f\u0131\u011f\u0131ndan ilham alan parlakl\u0131\u011f\u0131 yumu\u015fak ve ince bir formda yakalar. Tasar\u0131m, her boyun \u00e7izgisini tamamlayan nazik bir ak\u0131\u015fla kad\u0131ns\u0131l\u0131\u011f\u0131 kutluyor.<\/p>\n<h3>Zanaatkarl\u0131k<\/h3>\n<p>Hassas d\u00f6k\u00fcmle haz\u0131rlanan ve p\u00fcr\u00fczs\u00fcz bir y\u00fczey i\u00e7in parlat\u0131lan her bir rozet, Londra At\u00f6lyesi'ndeki yetenekli ustalar\u0131m\u0131z\u0131n sanat\u0131n\u0131 yans\u0131t\u0131r. Zincir, uzun s\u00fcreli konfor i\u00e7in m\u00fckemmel hizalama ve ak\u0131\u015fkanl\u0131\u011f\u0131 korur.<\/p>\n<h3>Stil \u0130pu\u00e7lar\u0131<\/h3>\n<p>\u0130nce alt\u0131n zincirlerle katmanlamak veya zarif bir g\u00fcnl\u00fck g\u00f6r\u00fcn\u00fcm i\u00e7in k\u00fc\u00e7\u00fck saplama k\u00fcpelerle e\u015fle\u015ftirmek i\u00e7in idealdir.<\/p>","protected":false},"excerpt":{"rendered":"<p>Londra'daki at\u00f6lyemizde, k\u00f6kleri \u00e7ok k\u00fclt\u00fcrl\u00fc miras\u0131m\u0131za dayanan modern ve ileri teknoloji ile geleneksel i\u015f\u00e7ilik teknikleri kullan\u0131larak el i\u015f\u00e7ili\u011fi ve montaj\u0131 yap\u0131lmaktad\u0131r.<\/p>\n<p><strong>Malzeme:<\/strong>\u00a022 Ayar G\u00fcndo\u011fumu Alt\u0131n<br \/>\n<strong>Safl\u0131k:<\/strong>\u00a091.6% saf<br \/>\n<strong>Hallmark:<\/strong>\u00a0\u0130ngiliz Damgas\u0131<br \/>\n<strong>A\u011f\u0131rl\u0131k Aral\u0131\u011f\u0131:<\/strong> 6.48 Gms - 8.15 Gms<br \/>\n<strong>Uzunluk Aral\u0131\u011f\u0131 :<\/strong> 16 \u0130n\u00e7 - 24 \u0130n\u00e7<br \/>\n<strong>\u00c7i\u00e7ek Geni\u015fli\u011fi<\/strong>:  4mm<br \/>\n<strong>SKU: <\/strong>53213, 53214, 53215, 53331, 53364<\/p>\n<p><strong>Fiyat ve Teslimat:<\/strong>\u00a0KDV ve teslimat \u00fccreti dahildir.<br \/>\n<a href=\"https:\/\/www.purejewels.com\/tr\/i%cc%87ade-poli%cc%87ti%cc%87kasi\/\">\u0130ade Politikas\u0131<\/a><\/p>","protected":false},"featured_media":349581,"comment_status":"closed","ping_status":"closed","template":"","meta":{"_eb_attr":"","_crsspst_to_jayantr4sg-hostcom":false},"product_brand":[],"product_cat":[1791,1559,1793,6049,1475,1229,1253,1779,1656,5275,1573,1574],"product_tag":[],"class_list":{"0":"post-418869","1":"product","2":"type-product","3":"status-publish","4":"has-post-thumbnail","6":"product_cat-anniversary-gifts","7":"product_cat-birthday-gifts","8":"product_cat-diwali-gifts","9":"product_cat-fancy-chain","10":"product_cat-gold-chains","11":"product_cat-22ct-gold-jewellery","12":"product_cat-gold-necklaces","13":"product_cat-mala-style-necklaces","14":"product_cat-rosettes-collections","15":"product_cat-rosettes-necklace","16":"product_cat-wedding-gifts","17":"product_cat-womens-jewellery","19":"first","20":"instock","21":"taxable","22":"shipping-taxable","23":"purchasable","24":"product-type-variable","25":"add-to-wishlist-before_image"},"yoast_head":"<!-- This site is optimized with the Yoast SEO plugin v27.6 - https:\/\/yoast.com\/product\/yoast-seo-wordpress\/ -->\n<title>22ct Sunrise Gold Rosettes Waterfall Chain 4mm | PureJewels UK<\/title>\n<meta name=\"description\" content=\"22ct Sunrise Gold Rosettes Waterfall Chain with 4mm floral motifs designed for a light and graceful gold finish that adds subtle charm to every look.\" \/>\n<meta name=\"robots\" content=\"index, follow, max-snippet:-1, max-image-preview:large, max-video-preview:-1\" \/>\n<link rel=\"canonical\" href=\"https:\/\/www.purejewels.com\/tr\/urun\/22-ayar-gundogumu-altin-selale-zincir-4mm-16-inc-53364\/\" \/>\n<meta property=\"og:locale\" content=\"tr_TR\" \/>\n<meta property=\"og:type\" content=\"article\" \/>\n<meta property=\"og:title\" content=\"22ct Sunrise Gold Rosettes Waterfall Chain 4mm | PureJewels UK\" \/>\n<meta property=\"og:description\" content=\"22ct Sunrise Gold Rosettes Waterfall Chain with 4mm floral motifs designed for a light and graceful gold finish that adds subtle charm to every look.\" \/>\n<meta property=\"og:url\" content=\"https:\/\/www.purejewels.com\/tr\/urun\/22-ayar-gundogumu-altin-selale-zincir-4mm-16-inc-53364\/\" \/>\n<meta property=\"og:site_name\" content=\"PureJewels UK\" \/>\n<meta property=\"article:modified_time\" content=\"2026-02-05T05:59:51+00:00\" \/>\n<meta property=\"og:image\" content=\"https:\/\/static.purejewels.com\/wp-content\/uploads\/2023\/08\/45733.jpg\" \/>\n\t<meta property=\"og:image:width\" content=\"1000\" \/>\n\t<meta property=\"og:image:height\" content=\"1000\" \/>\n\t<meta property=\"og:image:type\" content=\"image\/jpeg\" \/>\n<meta name=\"twitter:card\" content=\"summary_large_image\" \/>\n<meta name=\"twitter:label1\" content=\"Tahmini okuma s\u00fcresi\" \/>\n\t<meta name=\"twitter:data1\" content=\"1 dakika\" \/>\n<script type=\"application\/ld+json\" class=\"yoast-schema-graph\">{\"@context\":\"https:\\\/\\\/schema.org\",\"@graph\":[{\"@type\":[\"WebPage\",\"ItemPage\"],\"@id\":\"https:\\\/\\\/www.purejewels.com\\\/product\\\/22ct-sunrise-gold-waterfall-chain-4mm-16-inch-53364\\\/\",\"url\":\"https:\\\/\\\/www.purejewels.com\\\/product\\\/22ct-sunrise-gold-waterfall-chain-4mm-16-inch-53364\\\/\",\"name\":\"22ct Sunrise Gold Rosettes Waterfall Chain 4mm | PureJewels UK\",\"isPartOf\":{\"@id\":\"https:\\\/\\\/www.purejewels.com\\\/#website\"},\"primaryImageOfPage\":{\"@id\":\"https:\\\/\\\/www.purejewels.com\\\/product\\\/22ct-sunrise-gold-waterfall-chain-4mm-16-inch-53364\\\/#primaryimage\"},\"image\":{\"@id\":\"https:\\\/\\\/www.purejewels.com\\\/product\\\/22ct-sunrise-gold-waterfall-chain-4mm-16-inch-53364\\\/#primaryimage\"},\"thumbnailUrl\":\"https:\\\/\\\/static.purejewels.com\\\/wp-content\\\/uploads\\\/2023\\\/08\\\/45733.jpg\",\"datePublished\":\"2025-11-16T12:29:16+00:00\",\"dateModified\":\"2026-02-05T05:59:51+00:00\",\"description\":\"22ct Sunrise Gold Rosettes Waterfall Chain with 4mm floral motifs designed for a light and graceful gold finish that adds subtle charm to every look.\",\"breadcrumb\":{\"@id\":\"https:\\\/\\\/www.purejewels.com\\\/product\\\/22ct-sunrise-gold-waterfall-chain-4mm-16-inch-53364\\\/#breadcrumb\"},\"inLanguage\":\"tr\",\"potentialAction\":[{\"@type\":\"ReadAction\",\"target\":[\"https:\\\/\\\/www.purejewels.com\\\/product\\\/22ct-sunrise-gold-waterfall-chain-4mm-16-inch-53364\\\/\"]}]},{\"@type\":\"ImageObject\",\"inLanguage\":\"tr\",\"@id\":\"https:\\\/\\\/www.purejewels.com\\\/product\\\/22ct-sunrise-gold-waterfall-chain-4mm-16-inch-53364\\\/#primaryimage\",\"url\":\"https:\\\/\\\/static.purejewels.com\\\/wp-content\\\/uploads\\\/2023\\\/08\\\/45733.jpg\",\"contentUrl\":\"https:\\\/\\\/static.purejewels.com\\\/wp-content\\\/uploads\\\/2023\\\/08\\\/45733.jpg\",\"width\":1000,\"height\":1000,\"caption\":\"22ct Gold Rosette Waterfall chain\"},{\"@type\":\"BreadcrumbList\",\"@id\":\"https:\\\/\\\/www.purejewels.com\\\/product\\\/22ct-sunrise-gold-waterfall-chain-4mm-16-inch-53364\\\/#breadcrumb\",\"itemListElement\":[{\"@type\":\"ListItem\",\"position\":1,\"name\":\"Home\",\"item\":\"https:\\\/\\\/www.purejewels.com\\\/\"},{\"@type\":\"ListItem\",\"position\":2,\"name\":\"Shop\",\"item\":\"https:\\\/\\\/www.purejewels.com\\\/shop\\\/\"},{\"@type\":\"ListItem\",\"position\":3,\"name\":\"22ct Sunrise Gold Waterfall Chain | 4mm\"}]},{\"@type\":\"WebSite\",\"@id\":\"https:\\\/\\\/www.purejewels.com\\\/#website\",\"url\":\"https:\\\/\\\/www.purejewels.com\\\/\",\"name\":\"PureJewels UK\",\"description\":\"Share the Love\",\"publisher\":{\"@id\":\"https:\\\/\\\/www.purejewels.com\\\/#organization\"},\"potentialAction\":[{\"@type\":\"SearchAction\",\"target\":{\"@type\":\"EntryPoint\",\"urlTemplate\":\"https:\\\/\\\/www.purejewels.com\\\/?s={search_term_string}\"},\"query-input\":{\"@type\":\"PropertyValueSpecification\",\"valueRequired\":true,\"valueName\":\"search_term_string\"}}],\"inLanguage\":\"tr\"},{\"@type\":\"Organization\",\"@id\":\"https:\\\/\\\/www.purejewels.com\\\/#organization\",\"name\":\"PureJewels UK\",\"url\":\"https:\\\/\\\/www.purejewels.com\\\/\",\"logo\":{\"@type\":\"ImageObject\",\"inLanguage\":\"tr\",\"@id\":\"https:\\\/\\\/www.purejewels.com\\\/#\\\/schema\\\/logo\\\/image\\\/\",\"url\":\"https:\\\/\\\/static.purejewels.com\\\/wp-content\\\/uploads\\\/2020\\\/11\\\/Logo-PJ-New-1.png\",\"contentUrl\":\"https:\\\/\\\/static.purejewels.com\\\/wp-content\\\/uploads\\\/2020\\\/11\\\/Logo-PJ-New-1.png\",\"width\":150,\"height\":80,\"caption\":\"PureJewels UK\"},\"image\":{\"@id\":\"https:\\\/\\\/www.purejewels.com\\\/#\\\/schema\\\/logo\\\/image\\\/\"}}]}<\/script>\n<!-- \/ Yoast SEO plugin. -->","yoast_head_json":{"title":"22 Ayar G\u00fcndo\u011fumu Alt\u0131n Rozetler \u015eelale Zincir 4mm | PureJewels UK","description":"Her g\u00f6r\u00fcn\u00fcme ince bir \u00e7ekicilik katan hafif ve zarif bir alt\u0131n kaplama i\u00e7in tasarlanm\u0131\u015f 4 mm \u00e7i\u00e7ek motifli 22 Ayar Sunrise Alt\u0131n Rozet \u015eelale Zincir.","robots":{"index":"index","follow":"follow","max-snippet":"max-snippet:-1","max-image-preview":"max-image-preview:large","max-video-preview":"max-video-preview:-1"},"canonical":"https:\/\/www.purejewels.com\/tr\/urun\/22-ayar-gundogumu-altin-selale-zincir-4mm-16-inc-53364\/","og_locale":"tr_TR","og_type":"article","og_title":"22ct Sunrise Gold Rosettes Waterfall Chain 4mm | PureJewels UK","og_description":"22ct Sunrise Gold Rosettes Waterfall Chain with 4mm floral motifs designed for a light and graceful gold finish that adds subtle charm to every look.","og_url":"https:\/\/www.purejewels.com\/tr\/urun\/22-ayar-gundogumu-altin-selale-zincir-4mm-16-inc-53364\/","og_site_name":"PureJewels UK","article_modified_time":"2026-02-05T05:59:51+00:00","og_image":[{"width":1000,"height":1000,"url":"https:\/\/static.purejewels.com\/wp-content\/uploads\/2023\/08\/45733.jpg","type":"image\/jpeg"}],"twitter_card":"summary_large_image","twitter_misc":{"Tahmini okuma s\u00fcresi":"1 dakika"},"schema":{"@context":"https:\/\/schema.org","@graph":[{"@type":["WebPage","ItemPage"],"@id":"https:\/\/www.purejewels.com\/product\/22ct-sunrise-gold-waterfall-chain-4mm-16-inch-53364\/","url":"https:\/\/www.purejewels.com\/product\/22ct-sunrise-gold-waterfall-chain-4mm-16-inch-53364\/","name":"22 Ayar G\u00fcndo\u011fumu Alt\u0131n Rozetler \u015eelale Zincir 4mm | PureJewels UK","isPartOf":{"@id":"https:\/\/www.purejewels.com\/#website"},"primaryImageOfPage":{"@id":"https:\/\/www.purejewels.com\/product\/22ct-sunrise-gold-waterfall-chain-4mm-16-inch-53364\/#primaryimage"},"image":{"@id":"https:\/\/www.purejewels.com\/product\/22ct-sunrise-gold-waterfall-chain-4mm-16-inch-53364\/#primaryimage"},"thumbnailUrl":"https:\/\/static.purejewels.com\/wp-content\/uploads\/2023\/08\/45733.jpg","datePublished":"2025-11-16T12:29:16+00:00","dateModified":"2026-02-05T05:59:51+00:00","description":"Her g\u00f6r\u00fcn\u00fcme ince bir \u00e7ekicilik katan hafif ve zarif bir alt\u0131n kaplama i\u00e7in tasarlanm\u0131\u015f 4 mm \u00e7i\u00e7ek motifli 22 Ayar Sunrise Alt\u0131n Rozet \u015eelale Zincir.","breadcrumb":{"@id":"https:\/\/www.purejewels.com\/product\/22ct-sunrise-gold-waterfall-chain-4mm-16-inch-53364\/#breadcrumb"},"inLanguage":"tr","potentialAction":[{"@type":"ReadAction","target":["https:\/\/www.purejewels.com\/product\/22ct-sunrise-gold-waterfall-chain-4mm-16-inch-53364\/"]}]},{"@type":"ImageObject","inLanguage":"tr","@id":"https:\/\/www.purejewels.com\/product\/22ct-sunrise-gold-waterfall-chain-4mm-16-inch-53364\/#primaryimage","url":"https:\/\/static.purejewels.com\/wp-content\/uploads\/2023\/08\/45733.jpg","contentUrl":"https:\/\/static.purejewels.com\/wp-content\/uploads\/2023\/08\/45733.jpg","width":1000,"height":1000,"caption":"22ct Gold Rosette Waterfall chain"},{"@type":"BreadcrumbList","@id":"https:\/\/www.purejewels.com\/product\/22ct-sunrise-gold-waterfall-chain-4mm-16-inch-53364\/#breadcrumb","itemListElement":[{"@type":"ListItem","position":1,"name":"Home","item":"https:\/\/www.purejewels.com\/"},{"@type":"ListItem","position":2,"name":"Shop","item":"https:\/\/www.purejewels.com\/shop\/"},{"@type":"ListItem","position":3,"name":"22ct Sunrise Gold Waterfall Chain | 4mm"}]},{"@type":"WebSite","@id":"https:\/\/www.purejewels.com\/#website","url":"https:\/\/www.purejewels.com\/","name":"PureJewels \u0130ngiltere","description":"Sevgiyi Payla\u015f\u0131n","publisher":{"@id":"https:\/\/www.purejewels.com\/#organization"},"potentialAction":[{"@type":"SearchAction","target":{"@type":"EntryPoint","urlTemplate":"https:\/\/www.purejewels.com\/?s={search_term_string}"},"query-input":{"@type":"PropertyValueSpecification","valueRequired":true,"valueName":"search_term_string"}}],"inLanguage":"tr"},{"@type":"Organization","@id":"https:\/\/www.purejewels.com\/#organization","name":"PureJewels \u0130ngiltere","url":"https:\/\/www.purejewels.com\/","logo":{"@type":"ImageObject","inLanguage":"tr","@id":"https:\/\/www.purejewels.com\/#\/schema\/logo\/image\/","url":"https:\/\/static.purejewels.com\/wp-content\/uploads\/2020\/11\/Logo-PJ-New-1.png","contentUrl":"https:\/\/static.purejewels.com\/wp-content\/uploads\/2020\/11\/Logo-PJ-New-1.png","width":150,"height":80,"caption":"PureJewels UK"},"image":{"@id":"https:\/\/www.purejewels.com\/#\/schema\/logo\/image\/"}}]}},"_links":{"self":[{"href":"https:\/\/www.purejewels.com\/tr\/wp-json\/wp\/v2\/product\/418869","targetHints":{"allow":["GET"]}}],"collection":[{"href":"https:\/\/www.purejewels.com\/tr\/wp-json\/wp\/v2\/product"}],"about":[{"href":"https:\/\/www.purejewels.com\/tr\/wp-json\/wp\/v2\/types\/product"}],"replies":[{"embeddable":true,"href":"https:\/\/www.purejewels.com\/tr\/wp-json\/wp\/v2\/comments?post=418869"}],"version-history":[{"count":5,"href":"https:\/\/www.purejewels.com\/tr\/wp-json\/wp\/v2\/product\/418869\/revisions"}],"predecessor-version":[{"id":425506,"href":"https:\/\/www.purejewels.com\/tr\/wp-json\/wp\/v2\/product\/418869\/revisions\/425506"}],"wp:featuredmedia":[{"embeddable":true,"href":"https:\/\/www.purejewels.com\/tr\/wp-json\/wp\/v2\/media\/349581"}],"wp:attachment":[{"href":"https:\/\/www.purejewels.com\/tr\/wp-json\/wp\/v2\/media?parent=418869"}],"wp:term":[{"taxonomy":"product_brand","embeddable":true,"href":"https:\/\/www.purejewels.com\/tr\/wp-json\/wp\/v2\/product_brand?post=418869"},{"taxonomy":"product_cat","embeddable":true,"href":"https:\/\/www.purejewels.com\/tr\/wp-json\/wp\/v2\/product_cat?post=418869"},{"taxonomy":"product_tag","embeddable":true,"href":"https:\/\/www.purejewels.com\/tr\/wp-json\/wp\/v2\/product_tag?post=418869"}],"curies":[{"name":"wp","href":"https:\/\/api.w.org\/{rel}","templated":true}]}}