{"id":418880,"date":"2025-09-13T12:51:27","date_gmt":"2025-09-13T11:51:27","guid":{"rendered":"https:\/\/www.purejewels.com\/?post_type=product&#038;p=418880"},"modified":"2026-04-28T13:35:06","modified_gmt":"2026-04-28T12:35:06","slug":"22-ayar-gundogumu-altin-rozet-selale-kolye-18-inc-4mm-53223","status":"publish","type":"product","link":"https:\/\/www.purejewels.com\/tr\/product\/22ct-sunrise-gold-rosette-waterfall-necklace-18-inches-4mm-53223\/","title":{"rendered":"22 Ayar G\u00fcndo\u011fumu Alt\u0131n \u015eelale Kolye | 4mm"},"content":{"rendered":"<p>4 mm'lik 22 ayar Sunrise Alt\u0131n Rozetler \u015eelale Kolye, abart\u0131s\u0131z bir g\u00fczelli\u011fe sahip ince detayl\u0131 mini rozetlerle hafif bir tasar\u0131ma sahiptir. Daha k\u00fc\u00e7\u00fck motifler kolyeye yumu\u015fak bir \u00f6rt\u00fc ve ince bir \u0131\u015f\u0131lt\u0131 verir, g\u00fcnl\u00fck sofistike veya samimi kutlamalar i\u00e7in m\u00fckemmeldir.<\/p>\n<h3>Tasar\u0131m Konsepti<\/h3>\n<p>Safl\u0131\u011f\u0131 ve sadeli\u011fi yans\u0131tmak i\u00e7in tasarlanan 4 mm'lik rozetler, \u00e7i\u00e7ek zarafetini ve yumu\u015fak \u0131\u015f\u0131lt\u0131y\u0131 \u00e7a\u011fr\u0131\u015ft\u0131r\u0131yor. Boyun \u00e7izgisi boyunca g\u00fcne\u015f \u0131\u015f\u0131\u011f\u0131 gibi akan tasar\u0131m, klasik alt\u0131n tak\u0131lar\u0131n rafine ve modern bir yorumunu sunuyor.<\/p>\n<h3>Zanaatkarl\u0131k<\/h3>\n<p>Geli\u015fmi\u015f d\u00f6k\u00fcm y\u00f6ntemleri ve hassas son i\u015flemlerle \u00fcretilen her bir rozet, tek tip bir sanat sergilemektedir. Ak\u0131\u015fkanl\u0131\u011f\u0131 ve rahatl\u0131\u011f\u0131 korumak i\u00e7in her ba\u011flant\u0131 Londra At\u00f6lyemizde hassas bir \u015fekilde monte edilir.<\/p>\n<h3>Stil \u0130pu\u00e7lar\u0131<\/h3>\n<p>\u0130nce alt\u0131n zincirlerle katmanlamak veya minimal ama g\u00f6steri\u015fli bir g\u00f6r\u00fcn\u00fcm i\u00e7in k\u00fcpelerle e\u015fle\u015ftirmek i\u00e7in m\u00fckemmeldir. Hafifli\u011fi ve zamans\u0131z g\u00f6r\u00fcn\u00fcm\u00fc sayesinde hediye etmek veya g\u00fcnl\u00fck kullan\u0131m i\u00e7in idealdir.<\/p>","protected":false},"excerpt":{"rendered":"<p>Londra'daki at\u00f6lyemizde, k\u00f6kleri \u00e7ok k\u00fclt\u00fcrl\u00fc miras\u0131m\u0131za dayanan modern ve ileri teknoloji ile geleneksel i\u015f\u00e7ilik teknikleri kullan\u0131larak el i\u015f\u00e7ili\u011fi ve montaj\u0131 yap\u0131lmaktad\u0131r.<\/p>\n<p><strong>Malzeme:<\/strong>\u00a022 Ayar G\u00fcndo\u011fumu Alt\u0131n<br \/>\n<strong>Safl\u0131k:<\/strong>\u00a091.6% saf<br \/>\n<strong>Hallmark:<\/strong>\u00a0\u0130ngiliz Damgas\u0131<br \/>\n<strong>A\u011f\u0131rl\u0131k Aral\u0131\u011f\u0131:<\/strong> 8,73 Gms - 12,3 Gms<br \/>\n<strong>Uzunluk Aral\u0131\u011f\u0131 :<\/strong> 16,5 \u0130n\u00e7 - 24 \u0130n\u00e7<br \/>\n<strong>\u00c7i\u00e7ek Geni\u015fli\u011fi<\/strong>:  4mm<br \/>\n<strong>SKU: <\/strong>53226, 53225, 53224, 53223, 54898<\/p>\n<p><strong>Fiyat ve Teslimat:<\/strong>\u00a0KDV ve teslimat \u00fccreti dahildir.<br \/>\n<a href=\"https:\/\/www.purejewels.com\/tr\/i%cc%87ade-poli%cc%87ti%cc%87kasi\/\">\u0130ade Politikas\u0131<\/a><\/p>","protected":false},"featured_media":350020,"comment_status":"closed","ping_status":"closed","template":"","meta":{"_eb_attr":"","_crsspst_to_jayantr4sg-hostcom":false},"product_brand":[],"product_cat":[1791,1793,1790,1229,1253,1777,1779,1570,1656,5275,1573,1574],"product_tag":[],"class_list":{"0":"post-418880","1":"product","2":"type-product","3":"status-publish","4":"has-post-thumbnail","6":"product_cat-anniversary-gifts","7":"product_cat-diwali-gifts","8":"product_cat-for-whom-when","9":"product_cat-22ct-gold-jewellery","10":"product_cat-gold-necklaces","11":"product_cat-long-necklaces","12":"product_cat-mala-style-necklaces","13":"product_cat-mothers-day-gifts","14":"product_cat-rosettes-collections","15":"product_cat-rosettes-necklace","16":"product_cat-wedding-gifts","17":"product_cat-womens-jewellery","19":"first","20":"instock","21":"taxable","22":"shipping-taxable","23":"purchasable","24":"product-type-variable","25":"add-to-wishlist-before_image"},"yoast_head":"<!-- This site is optimized with the Yoast SEO plugin v27.5 - https:\/\/yoast.com\/product\/yoast-seo-wordpress\/ -->\n<title>22ct Sunrise Gold Waterfall Necklace | Luxurious Gold Necklace<\/title>\n<meta name=\"description\" content=\"22ct Sunrise Gold Rosettes Waterfall Necklace with 4mm rosette flowers crafted in a double-line style offering a delicate and graceful golden touch.\" \/>\n<meta name=\"robots\" content=\"index, follow, max-snippet:-1, max-image-preview:large, max-video-preview:-1\" \/>\n<link rel=\"canonical\" href=\"https:\/\/www.purejewels.com\/tr\/urun\/22-ayar-gundogumu-altin-rozet-selale-kolye-18-inc-4mm-53223\/\" \/>\n<meta property=\"og:locale\" content=\"tr_TR\" \/>\n<meta property=\"og:type\" content=\"article\" \/>\n<meta property=\"og:title\" content=\"22ct Sunrise Gold Waterfall Necklace | Luxurious Gold Necklace\" \/>\n<meta property=\"og:description\" content=\"22ct Sunrise Gold Rosettes Waterfall Necklace with 4mm rosette flowers crafted in a double-line style offering a delicate and graceful golden touch.\" \/>\n<meta property=\"og:url\" content=\"https:\/\/www.purejewels.com\/tr\/urun\/22-ayar-gundogumu-altin-rozet-selale-kolye-18-inc-4mm-53223\/\" \/>\n<meta property=\"og:site_name\" content=\"PureJewels UK\" \/>\n<meta property=\"article:modified_time\" content=\"2026-04-28T12:35:06+00:00\" \/>\n<meta property=\"og:image\" content=\"https:\/\/static.purejewels.com\/wp-content\/uploads\/2023\/08\/WhatsApp-Image-2023-08-18-at-14.57.07.jpeg\" \/>\n\t<meta property=\"og:image:width\" content=\"1000\" \/>\n\t<meta property=\"og:image:height\" content=\"1000\" \/>\n\t<meta property=\"og:image:type\" content=\"image\/jpeg\" \/>\n<meta name=\"twitter:card\" content=\"summary_large_image\" \/>\n<meta name=\"twitter:label1\" content=\"Tahmini okuma s\u00fcresi\" \/>\n\t<meta name=\"twitter:data1\" content=\"1 dakika\" \/>\n<script type=\"application\/ld+json\" class=\"yoast-schema-graph\">{\"@context\":\"https:\\\/\\\/schema.org\",\"@graph\":[{\"@type\":[\"WebPage\",\"ItemPage\"],\"@id\":\"https:\\\/\\\/www.purejewels.com\\\/product\\\/22ct-sunrise-gold-rosette-waterfall-necklace-18-inches-4mm-53223\\\/\",\"url\":\"https:\\\/\\\/www.purejewels.com\\\/product\\\/22ct-sunrise-gold-rosette-waterfall-necklace-18-inches-4mm-53223\\\/\",\"name\":\"22ct Sunrise Gold Waterfall Necklace | Luxurious Gold Necklace\",\"isPartOf\":{\"@id\":\"https:\\\/\\\/www.purejewels.com\\\/#website\"},\"primaryImageOfPage\":{\"@id\":\"https:\\\/\\\/www.purejewels.com\\\/product\\\/22ct-sunrise-gold-rosette-waterfall-necklace-18-inches-4mm-53223\\\/#primaryimage\"},\"image\":{\"@id\":\"https:\\\/\\\/www.purejewels.com\\\/product\\\/22ct-sunrise-gold-rosette-waterfall-necklace-18-inches-4mm-53223\\\/#primaryimage\"},\"thumbnailUrl\":\"https:\\\/\\\/static.purejewels.com\\\/wp-content\\\/uploads\\\/2023\\\/08\\\/WhatsApp-Image-2023-08-18-at-14.57.07.jpeg\",\"datePublished\":\"2025-09-13T11:51:27+00:00\",\"dateModified\":\"2026-04-28T12:35:06+00:00\",\"description\":\"22ct Sunrise Gold Rosettes Waterfall Necklace with 4mm rosette flowers crafted in a double-line style offering a delicate and graceful golden touch.\",\"breadcrumb\":{\"@id\":\"https:\\\/\\\/www.purejewels.com\\\/product\\\/22ct-sunrise-gold-rosette-waterfall-necklace-18-inches-4mm-53223\\\/#breadcrumb\"},\"inLanguage\":\"tr\",\"potentialAction\":[{\"@type\":\"ReadAction\",\"target\":[\"https:\\\/\\\/www.purejewels.com\\\/product\\\/22ct-sunrise-gold-rosette-waterfall-necklace-18-inches-4mm-53223\\\/\"]}]},{\"@type\":\"ImageObject\",\"inLanguage\":\"tr\",\"@id\":\"https:\\\/\\\/www.purejewels.com\\\/product\\\/22ct-sunrise-gold-rosette-waterfall-necklace-18-inches-4mm-53223\\\/#primaryimage\",\"url\":\"https:\\\/\\\/static.purejewels.com\\\/wp-content\\\/uploads\\\/2023\\\/08\\\/WhatsApp-Image-2023-08-18-at-14.57.07.jpeg\",\"contentUrl\":\"https:\\\/\\\/static.purejewels.com\\\/wp-content\\\/uploads\\\/2023\\\/08\\\/WhatsApp-Image-2023-08-18-at-14.57.07.jpeg\",\"width\":1000,\"height\":1000,\"caption\":\"22ct gold Rosette Waterfall Necklace\"},{\"@type\":\"BreadcrumbList\",\"@id\":\"https:\\\/\\\/www.purejewels.com\\\/product\\\/22ct-sunrise-gold-rosette-waterfall-necklace-18-inches-4mm-53223\\\/#breadcrumb\",\"itemListElement\":[{\"@type\":\"ListItem\",\"position\":1,\"name\":\"Home\",\"item\":\"https:\\\/\\\/www.purejewels.com\\\/\"},{\"@type\":\"ListItem\",\"position\":2,\"name\":\"Shop\",\"item\":\"https:\\\/\\\/www.purejewels.com\\\/shop\\\/\"},{\"@type\":\"ListItem\",\"position\":3,\"name\":\"22ct Sunrise Gold Waterfall Necklace | 4mm\"}]},{\"@type\":\"WebSite\",\"@id\":\"https:\\\/\\\/www.purejewels.com\\\/#website\",\"url\":\"https:\\\/\\\/www.purejewels.com\\\/\",\"name\":\"PureJewels UK\",\"description\":\"Share the Love\",\"publisher\":{\"@id\":\"https:\\\/\\\/www.purejewels.com\\\/#organization\"},\"potentialAction\":[{\"@type\":\"SearchAction\",\"target\":{\"@type\":\"EntryPoint\",\"urlTemplate\":\"https:\\\/\\\/www.purejewels.com\\\/?s={search_term_string}\"},\"query-input\":{\"@type\":\"PropertyValueSpecification\",\"valueRequired\":true,\"valueName\":\"search_term_string\"}}],\"inLanguage\":\"tr\"},{\"@type\":\"Organization\",\"@id\":\"https:\\\/\\\/www.purejewels.com\\\/#organization\",\"name\":\"PureJewels UK\",\"url\":\"https:\\\/\\\/www.purejewels.com\\\/\",\"logo\":{\"@type\":\"ImageObject\",\"inLanguage\":\"tr\",\"@id\":\"https:\\\/\\\/www.purejewels.com\\\/#\\\/schema\\\/logo\\\/image\\\/\",\"url\":\"https:\\\/\\\/static.purejewels.com\\\/wp-content\\\/uploads\\\/2020\\\/11\\\/Logo-PJ-New-1.png\",\"contentUrl\":\"https:\\\/\\\/static.purejewels.com\\\/wp-content\\\/uploads\\\/2020\\\/11\\\/Logo-PJ-New-1.png\",\"width\":150,\"height\":80,\"caption\":\"PureJewels UK\"},\"image\":{\"@id\":\"https:\\\/\\\/www.purejewels.com\\\/#\\\/schema\\\/logo\\\/image\\\/\"}}]}<\/script>\n<!-- \/ Yoast SEO plugin. -->","yoast_head_json":{"title":"22 Ayar G\u00fcndo\u011fumu Alt\u0131n \u015eelale Kolye | L\u00fcks Alt\u0131n Kolye","description":"22 Ayar G\u00fcn Do\u011fumu Alt\u0131n Rozet \u015eelale Kolye, 4 mm rozet \u00e7i\u00e7ekleriyle \u00e7ift s\u0131ra tarz\u0131nda i\u015flenmi\u015f olup narin ve zarif bir alt\u0131n dokunu\u015f sunar.","robots":{"index":"index","follow":"follow","max-snippet":"max-snippet:-1","max-image-preview":"max-image-preview:large","max-video-preview":"max-video-preview:-1"},"canonical":"https:\/\/www.purejewels.com\/tr\/urun\/22-ayar-gundogumu-altin-rozet-selale-kolye-18-inc-4mm-53223\/","og_locale":"tr_TR","og_type":"article","og_title":"22ct Sunrise Gold Waterfall Necklace | Luxurious Gold Necklace","og_description":"22ct Sunrise Gold Rosettes Waterfall Necklace with 4mm rosette flowers crafted in a double-line style offering a delicate and graceful golden touch.","og_url":"https:\/\/www.purejewels.com\/tr\/urun\/22-ayar-gundogumu-altin-rozet-selale-kolye-18-inc-4mm-53223\/","og_site_name":"PureJewels UK","article_modified_time":"2026-04-28T12:35:06+00:00","og_image":[{"width":1000,"height":1000,"url":"https:\/\/static.purejewels.com\/wp-content\/uploads\/2023\/08\/WhatsApp-Image-2023-08-18-at-14.57.07.jpeg","type":"image\/jpeg"}],"twitter_card":"summary_large_image","twitter_misc":{"Tahmini okuma s\u00fcresi":"1 dakika"},"schema":{"@context":"https:\/\/schema.org","@graph":[{"@type":["WebPage","ItemPage"],"@id":"https:\/\/www.purejewels.com\/product\/22ct-sunrise-gold-rosette-waterfall-necklace-18-inches-4mm-53223\/","url":"https:\/\/www.purejewels.com\/product\/22ct-sunrise-gold-rosette-waterfall-necklace-18-inches-4mm-53223\/","name":"22 Ayar G\u00fcndo\u011fumu Alt\u0131n \u015eelale Kolye | L\u00fcks Alt\u0131n Kolye","isPartOf":{"@id":"https:\/\/www.purejewels.com\/#website"},"primaryImageOfPage":{"@id":"https:\/\/www.purejewels.com\/product\/22ct-sunrise-gold-rosette-waterfall-necklace-18-inches-4mm-53223\/#primaryimage"},"image":{"@id":"https:\/\/www.purejewels.com\/product\/22ct-sunrise-gold-rosette-waterfall-necklace-18-inches-4mm-53223\/#primaryimage"},"thumbnailUrl":"https:\/\/static.purejewels.com\/wp-content\/uploads\/2023\/08\/WhatsApp-Image-2023-08-18-at-14.57.07.jpeg","datePublished":"2025-09-13T11:51:27+00:00","dateModified":"2026-04-28T12:35:06+00:00","description":"22 Ayar G\u00fcn Do\u011fumu Alt\u0131n Rozet \u015eelale Kolye, 4 mm rozet \u00e7i\u00e7ekleriyle \u00e7ift s\u0131ra tarz\u0131nda i\u015flenmi\u015f olup narin ve zarif bir alt\u0131n dokunu\u015f sunar.","breadcrumb":{"@id":"https:\/\/www.purejewels.com\/product\/22ct-sunrise-gold-rosette-waterfall-necklace-18-inches-4mm-53223\/#breadcrumb"},"inLanguage":"tr","potentialAction":[{"@type":"ReadAction","target":["https:\/\/www.purejewels.com\/product\/22ct-sunrise-gold-rosette-waterfall-necklace-18-inches-4mm-53223\/"]}]},{"@type":"ImageObject","inLanguage":"tr","@id":"https:\/\/www.purejewels.com\/product\/22ct-sunrise-gold-rosette-waterfall-necklace-18-inches-4mm-53223\/#primaryimage","url":"https:\/\/static.purejewels.com\/wp-content\/uploads\/2023\/08\/WhatsApp-Image-2023-08-18-at-14.57.07.jpeg","contentUrl":"https:\/\/static.purejewels.com\/wp-content\/uploads\/2023\/08\/WhatsApp-Image-2023-08-18-at-14.57.07.jpeg","width":1000,"height":1000,"caption":"22ct gold Rosette Waterfall Necklace"},{"@type":"BreadcrumbList","@id":"https:\/\/www.purejewels.com\/product\/22ct-sunrise-gold-rosette-waterfall-necklace-18-inches-4mm-53223\/#breadcrumb","itemListElement":[{"@type":"ListItem","position":1,"name":"Home","item":"https:\/\/www.purejewels.com\/"},{"@type":"ListItem","position":2,"name":"Shop","item":"https:\/\/www.purejewels.com\/shop\/"},{"@type":"ListItem","position":3,"name":"22ct Sunrise Gold Waterfall Necklace | 4mm"}]},{"@type":"WebSite","@id":"https:\/\/www.purejewels.com\/#website","url":"https:\/\/www.purejewels.com\/","name":"PureJewels \u0130ngiltere","description":"Sevgiyi Payla\u015f\u0131n","publisher":{"@id":"https:\/\/www.purejewels.com\/#organization"},"potentialAction":[{"@type":"SearchAction","target":{"@type":"EntryPoint","urlTemplate":"https:\/\/www.purejewels.com\/?s={search_term_string}"},"query-input":{"@type":"PropertyValueSpecification","valueRequired":true,"valueName":"search_term_string"}}],"inLanguage":"tr"},{"@type":"Organization","@id":"https:\/\/www.purejewels.com\/#organization","name":"PureJewels \u0130ngiltere","url":"https:\/\/www.purejewels.com\/","logo":{"@type":"ImageObject","inLanguage":"tr","@id":"https:\/\/www.purejewels.com\/#\/schema\/logo\/image\/","url":"https:\/\/static.purejewels.com\/wp-content\/uploads\/2020\/11\/Logo-PJ-New-1.png","contentUrl":"https:\/\/static.purejewels.com\/wp-content\/uploads\/2020\/11\/Logo-PJ-New-1.png","width":150,"height":80,"caption":"PureJewels UK"},"image":{"@id":"https:\/\/www.purejewels.com\/#\/schema\/logo\/image\/"}}]}},"_links":{"self":[{"href":"https:\/\/www.purejewels.com\/tr\/wp-json\/wp\/v2\/product\/418880","targetHints":{"allow":["GET"]}}],"collection":[{"href":"https:\/\/www.purejewels.com\/tr\/wp-json\/wp\/v2\/product"}],"about":[{"href":"https:\/\/www.purejewels.com\/tr\/wp-json\/wp\/v2\/types\/product"}],"replies":[{"embeddable":true,"href":"https:\/\/www.purejewels.com\/tr\/wp-json\/wp\/v2\/comments?post=418880"}],"version-history":[{"count":4,"href":"https:\/\/www.purejewels.com\/tr\/wp-json\/wp\/v2\/product\/418880\/revisions"}],"predecessor-version":[{"id":427037,"href":"https:\/\/www.purejewels.com\/tr\/wp-json\/wp\/v2\/product\/418880\/revisions\/427037"}],"wp:featuredmedia":[{"embeddable":true,"href":"https:\/\/www.purejewels.com\/tr\/wp-json\/wp\/v2\/media\/350020"}],"wp:attachment":[{"href":"https:\/\/www.purejewels.com\/tr\/wp-json\/wp\/v2\/media?parent=418880"}],"wp:term":[{"taxonomy":"product_brand","embeddable":true,"href":"https:\/\/www.purejewels.com\/tr\/wp-json\/wp\/v2\/product_brand?post=418880"},{"taxonomy":"product_cat","embeddable":true,"href":"https:\/\/www.purejewels.com\/tr\/wp-json\/wp\/v2\/product_cat?post=418880"},{"taxonomy":"product_tag","embeddable":true,"href":"https:\/\/www.purejewels.com\/tr\/wp-json\/wp\/v2\/product_tag?post=418880"}],"curies":[{"name":"wp","href":"https:\/\/api.w.org\/{rel}","templated":true}]}}