{"id":418945,"date":"2025-09-14T05:53:51","date_gmt":"2025-09-14T04:53:51","guid":{"rendered":"https:\/\/www.purejewels.com\/?post_type=product&#038;p=418945"},"modified":"2026-02-02T11:47:49","modified_gmt":"2026-02-02T11:47:49","slug":"22-ayar-altin-vinayak-ganesh-kolye-ucu-50999","status":"publish","type":"product","link":"https:\/\/www.purejewels.com\/tr\/product\/22ct-gold-vinayak-ganesh-pendant-50999\/","title":{"rendered":"22 Ayar Alt\u0131n Vinayak Ganesh Kolye"},"content":{"rendered":"<h3 data-start=\"618\" data-end=\"634\"><strong data-start=\"622\" data-end=\"632\">Tasar\u0131m<\/strong><\/h3>\n<p data-start=\"635\" data-end=\"886\">Bu 22 Ayar Alt\u0131n Vinayak Ganesh Kolye, Lord Ganesh'i bilgeli\u011fi, rehberli\u011fi ve yeni ba\u015flang\u0131\u00e7lar\u0131 temsil eden huzurlu bir oturu\u015f bi\u00e7iminde tasvir ediyor. Tasar\u0131m, ilahi motife derinlik ve renk katan s\u0131cak turuncu ve ye\u015fil mine detaylarla zenginle\u015ftirilmi\u015ftir.<\/p>\n<h3 data-start=\"888\" data-end=\"911\"><strong data-start=\"892\" data-end=\"909\">Zanaatkarl\u0131k<\/strong><\/h3>\n<p data-start=\"912\" data-end=\"1154\">22 ayar alt\u0131ndan titizlikle el i\u015f\u00e7ili\u011fiyle \u00fcretilen ve Londra'da damgalanan bu kolye ucu, zarif bir sanat ve hassasiyet sergiliyor. Her bir k\u0131vr\u0131m\u0131 ve \u00f6zelli\u011fi uzman i\u015f\u00e7ili\u011fi yans\u0131tan kolye ucu hem ruhani zarafeti hem de g\u00f6rsel g\u00fczelli\u011fi yans\u0131t\u0131yor.<\/p>\n<h3 data-start=\"1156\" data-end=\"1183\"><strong data-start=\"1160\" data-end=\"1181\">\u015eekillendirme &amp; Hediyele\u015fme<\/strong><\/h3>\n<p data-start=\"1184\" data-end=\"1387\" data-is-last-node=\"\" data-is-only-node=\"\">G\u00fcnl\u00fck kullan\u0131m veya bayram hediyeleri i\u00e7in m\u00fckemmel olan bu kolye ucu, her ana ilahi koruma ve pozitiflik getirir. Ev hediyeleri, do\u011fum g\u00fcnleri veya u\u011furlu ba\u015flang\u0131\u00e7lar gibi durumlar i\u00e7in d\u00fc\u015f\u00fcnceli bir se\u00e7im.<\/p>","protected":false},"excerpt":{"rendered":"<p>El yap\u0131m\u0131 22 Ayar Alt\u0131n Vinayak Ganesh Kolye, ince mine vurgulara sahiptir. Bilgeli\u011fi, korumay\u0131 ve u\u011furlu ba\u015flang\u0131\u00e7lar\u0131 simgeleyen bu kolye, her m\u00fccevher koleksiyonuna anlaml\u0131 bir katk\u0131 sa\u011flar.<\/p>\n<p><strong>Malzeme:<\/strong> 22 Ayar Alt\u0131n (91,6% Saf Alt\u0131n)<strong><br \/>\nHallmark:\u00a0<\/strong>\u0130ngiliz Damgas\u0131<strong><br \/>\n<\/strong><strong>Br\u00fct A\u011f\u0131rl\u0131k: <\/strong>1.10 Gms<strong><br \/>\nSKU: <\/strong>53042<\/p>\n<p><strong>Fiyat ve Teslimat:<\/strong> KDV ve teslimat \u00fccretleri dahil<strong><br \/>\n<a href=\"https:\/\/www.purejewels.com\/tr\/i%cc%87ade-poli%cc%87ti%cc%87kasi\/\">\u0130ade Politikas\u0131<\/a><\/strong><\/p>","protected":false},"featured_media":418946,"comment_status":"closed","ping_status":"closed","template":"","meta":{"_eb_attr":"","_crsspst_to_jayantr4sg-hostcom":true},"product_brand":[],"product_cat":[1793,1792,5601,1229,1255,5342,1767,1572,1768,5338,1701,5349],"product_tag":[],"class_list":{"0":"post-418945","1":"product","2":"type-product","3":"status-publish","4":"has-post-thumbnail","6":"product_cat-diwali-gifts","7":"product_cat-festival-gifts","8":"product_cat-ganesh-pendants","9":"product_cat-22ct-gold-jewellery","10":"product_cat-gold-pendants","11":"product_cat-jewellery-under-250","12":"product_cat-ladies-pendants","13":"product_cat-mens-jewellery","14":"product_cat-mens-pendants","15":"product_cat-shop-by-price","16":"product_cat-religious-pendants","17":"product_cat-yellow-gold-jewellery","19":"first","20":"instock","21":"taxable","22":"shipping-taxable","23":"purchasable","24":"product-type-simple","25":"add-to-wishlist-before_image"},"yoast_head":"<!-- This site is optimized with the Yoast SEO plugin v27.3 - https:\/\/yoast.com\/product\/yoast-seo-wordpress\/ -->\n<title>22ct Gold Vinayak Ganesh Pendant | Divine Gold Jewellery<\/title>\n<meta name=\"description\" content=\"Shop the 22ct Gold Vinayak Ganesh Pendant from PureJewels. Handcrafted in radiant gold with enamel detailing, this pendant embodies Lord Ganesh\u2019s divine wisdom.\" \/>\n<meta name=\"robots\" content=\"index, follow, max-snippet:-1, max-image-preview:large, max-video-preview:-1\" \/>\n<link rel=\"canonical\" href=\"https:\/\/www.purejewels.com\/tr\/urun\/22-ayar-altin-vinayak-ganesh-kolye-ucu-50999\/\" \/>\n<meta property=\"og:locale\" content=\"tr_TR\" \/>\n<meta property=\"og:type\" content=\"article\" \/>\n<meta property=\"og:title\" content=\"22ct Gold Vinayak Ganesh Pendant | Divine Gold Jewellery\" \/>\n<meta property=\"og:description\" content=\"Shop the 22ct Gold Vinayak Ganesh Pendant from PureJewels. Handcrafted in radiant gold with enamel detailing, this pendant embodies Lord Ganesh\u2019s divine wisdom.\" \/>\n<meta property=\"og:url\" content=\"https:\/\/www.purejewels.com\/tr\/urun\/22-ayar-altin-vinayak-ganesh-kolye-ucu-50999\/\" \/>\n<meta property=\"og:site_name\" content=\"PureJewels UK\" \/>\n<meta property=\"article:modified_time\" content=\"2026-02-02T11:47:49+00:00\" \/>\n<meta property=\"og:image\" content=\"https:\/\/static.purejewels.com\/wp-content\/uploads\/2025\/10\/50999.jpg\" \/>\n\t<meta property=\"og:image:width\" content=\"1000\" \/>\n\t<meta property=\"og:image:height\" content=\"1000\" \/>\n\t<meta property=\"og:image:type\" content=\"image\/jpeg\" \/>\n<meta name=\"twitter:card\" content=\"summary_large_image\" \/>\n<meta name=\"twitter:label1\" content=\"Tahmini okuma s\u00fcresi\" \/>\n\t<meta name=\"twitter:data1\" content=\"1 dakika\" \/>\n<script type=\"application\/ld+json\" class=\"yoast-schema-graph\">{\"@context\":\"https:\\\/\\\/schema.org\",\"@graph\":[{\"@type\":[\"WebPage\",\"ItemPage\"],\"@id\":\"https:\\\/\\\/www.purejewels.com\\\/product\\\/22ct-gold-vinayak-ganesh-pendant-50999\\\/\",\"url\":\"https:\\\/\\\/www.purejewels.com\\\/product\\\/22ct-gold-vinayak-ganesh-pendant-50999\\\/\",\"name\":\"22ct Gold Vinayak Ganesh Pendant | Divine Gold Jewellery\",\"isPartOf\":{\"@id\":\"https:\\\/\\\/www.purejewels.com\\\/#website\"},\"primaryImageOfPage\":{\"@id\":\"https:\\\/\\\/www.purejewels.com\\\/product\\\/22ct-gold-vinayak-ganesh-pendant-50999\\\/#primaryimage\"},\"image\":{\"@id\":\"https:\\\/\\\/www.purejewels.com\\\/product\\\/22ct-gold-vinayak-ganesh-pendant-50999\\\/#primaryimage\"},\"thumbnailUrl\":\"https:\\\/\\\/static.purejewels.com\\\/wp-content\\\/uploads\\\/2025\\\/10\\\/50999.jpg\",\"datePublished\":\"2025-09-14T04:53:51+00:00\",\"dateModified\":\"2026-02-02T11:47:49+00:00\",\"description\":\"Shop the 22ct Gold Vinayak Ganesh Pendant from PureJewels. Handcrafted in radiant gold with enamel detailing, this pendant embodies Lord Ganesh\u2019s divine wisdom.\",\"breadcrumb\":{\"@id\":\"https:\\\/\\\/www.purejewels.com\\\/product\\\/22ct-gold-vinayak-ganesh-pendant-50999\\\/#breadcrumb\"},\"inLanguage\":\"tr\",\"potentialAction\":[{\"@type\":\"ReadAction\",\"target\":[\"https:\\\/\\\/www.purejewels.com\\\/product\\\/22ct-gold-vinayak-ganesh-pendant-50999\\\/\"]}]},{\"@type\":\"ImageObject\",\"inLanguage\":\"tr\",\"@id\":\"https:\\\/\\\/www.purejewels.com\\\/product\\\/22ct-gold-vinayak-ganesh-pendant-50999\\\/#primaryimage\",\"url\":\"https:\\\/\\\/static.purejewels.com\\\/wp-content\\\/uploads\\\/2025\\\/10\\\/50999.jpg\",\"contentUrl\":\"https:\\\/\\\/static.purejewels.com\\\/wp-content\\\/uploads\\\/2025\\\/10\\\/50999.jpg\",\"width\":1000,\"height\":1000,\"caption\":\"22ct Gold Vinayak Ganesh Pendant\"},{\"@type\":\"BreadcrumbList\",\"@id\":\"https:\\\/\\\/www.purejewels.com\\\/product\\\/22ct-gold-vinayak-ganesh-pendant-50999\\\/#breadcrumb\",\"itemListElement\":[{\"@type\":\"ListItem\",\"position\":1,\"name\":\"Home\",\"item\":\"https:\\\/\\\/www.purejewels.com\\\/\"},{\"@type\":\"ListItem\",\"position\":2,\"name\":\"Shop\",\"item\":\"https:\\\/\\\/www.purejewels.com\\\/shop\\\/\"},{\"@type\":\"ListItem\",\"position\":3,\"name\":\"22ct Gold Vinayak Ganesh Pendant\"}]},{\"@type\":\"WebSite\",\"@id\":\"https:\\\/\\\/www.purejewels.com\\\/#website\",\"url\":\"https:\\\/\\\/www.purejewels.com\\\/\",\"name\":\"PureJewels UK\",\"description\":\"Share the Love\",\"publisher\":{\"@id\":\"https:\\\/\\\/www.purejewels.com\\\/#organization\"},\"potentialAction\":[{\"@type\":\"SearchAction\",\"target\":{\"@type\":\"EntryPoint\",\"urlTemplate\":\"https:\\\/\\\/www.purejewels.com\\\/?s={search_term_string}\"},\"query-input\":{\"@type\":\"PropertyValueSpecification\",\"valueRequired\":true,\"valueName\":\"search_term_string\"}}],\"inLanguage\":\"tr\"},{\"@type\":\"Organization\",\"@id\":\"https:\\\/\\\/www.purejewels.com\\\/#organization\",\"name\":\"PureJewels UK\",\"url\":\"https:\\\/\\\/www.purejewels.com\\\/\",\"logo\":{\"@type\":\"ImageObject\",\"inLanguage\":\"tr\",\"@id\":\"https:\\\/\\\/www.purejewels.com\\\/#\\\/schema\\\/logo\\\/image\\\/\",\"url\":\"https:\\\/\\\/static.purejewels.com\\\/wp-content\\\/uploads\\\/2020\\\/11\\\/Logo-PJ-New-1.png\",\"contentUrl\":\"https:\\\/\\\/static.purejewels.com\\\/wp-content\\\/uploads\\\/2020\\\/11\\\/Logo-PJ-New-1.png\",\"width\":150,\"height\":80,\"caption\":\"PureJewels UK\"},\"image\":{\"@id\":\"https:\\\/\\\/www.purejewels.com\\\/#\\\/schema\\\/logo\\\/image\\\/\"}}]}<\/script>\n<!-- \/ Yoast SEO plugin. -->","yoast_head_json":{"title":"22 Ayar Alt\u0131n Vinayak Ganesh Kolye Ucu | Divine Gold Jewellery","description":"PureJewels'ten 22 Ayar Alt\u0131n Vinayak Ganesh Kolye Ucunu sat\u0131n al\u0131n. Mine detayl\u0131 parlak alt\u0131ndan el yap\u0131m\u0131 bu kolye ucu, Lord Ganesh'in ilahi bilgeli\u011fini temsil ediyor.","robots":{"index":"index","follow":"follow","max-snippet":"max-snippet:-1","max-image-preview":"max-image-preview:large","max-video-preview":"max-video-preview:-1"},"canonical":"https:\/\/www.purejewels.com\/tr\/urun\/22-ayar-altin-vinayak-ganesh-kolye-ucu-50999\/","og_locale":"tr_TR","og_type":"article","og_title":"22ct Gold Vinayak Ganesh Pendant | Divine Gold Jewellery","og_description":"Shop the 22ct Gold Vinayak Ganesh Pendant from PureJewels. Handcrafted in radiant gold with enamel detailing, this pendant embodies Lord Ganesh\u2019s divine wisdom.","og_url":"https:\/\/www.purejewels.com\/tr\/urun\/22-ayar-altin-vinayak-ganesh-kolye-ucu-50999\/","og_site_name":"PureJewels UK","article_modified_time":"2026-02-02T11:47:49+00:00","og_image":[{"width":1000,"height":1000,"url":"https:\/\/static.purejewels.com\/wp-content\/uploads\/2025\/10\/50999.jpg","type":"image\/jpeg"}],"twitter_card":"summary_large_image","twitter_misc":{"Tahmini okuma s\u00fcresi":"1 dakika"},"schema":{"@context":"https:\/\/schema.org","@graph":[{"@type":["WebPage","ItemPage"],"@id":"https:\/\/www.purejewels.com\/product\/22ct-gold-vinayak-ganesh-pendant-50999\/","url":"https:\/\/www.purejewels.com\/product\/22ct-gold-vinayak-ganesh-pendant-50999\/","name":"22 Ayar Alt\u0131n Vinayak Ganesh Kolye Ucu | Divine Gold Jewellery","isPartOf":{"@id":"https:\/\/www.purejewels.com\/#website"},"primaryImageOfPage":{"@id":"https:\/\/www.purejewels.com\/product\/22ct-gold-vinayak-ganesh-pendant-50999\/#primaryimage"},"image":{"@id":"https:\/\/www.purejewels.com\/product\/22ct-gold-vinayak-ganesh-pendant-50999\/#primaryimage"},"thumbnailUrl":"https:\/\/static.purejewels.com\/wp-content\/uploads\/2025\/10\/50999.jpg","datePublished":"2025-09-14T04:53:51+00:00","dateModified":"2026-02-02T11:47:49+00:00","description":"PureJewels'ten 22 Ayar Alt\u0131n Vinayak Ganesh Kolye Ucunu sat\u0131n al\u0131n. Mine detayl\u0131 parlak alt\u0131ndan el yap\u0131m\u0131 bu kolye ucu, Lord Ganesh'in ilahi bilgeli\u011fini temsil ediyor.","breadcrumb":{"@id":"https:\/\/www.purejewels.com\/product\/22ct-gold-vinayak-ganesh-pendant-50999\/#breadcrumb"},"inLanguage":"tr","potentialAction":[{"@type":"ReadAction","target":["https:\/\/www.purejewels.com\/product\/22ct-gold-vinayak-ganesh-pendant-50999\/"]}]},{"@type":"ImageObject","inLanguage":"tr","@id":"https:\/\/www.purejewels.com\/product\/22ct-gold-vinayak-ganesh-pendant-50999\/#primaryimage","url":"https:\/\/static.purejewels.com\/wp-content\/uploads\/2025\/10\/50999.jpg","contentUrl":"https:\/\/static.purejewels.com\/wp-content\/uploads\/2025\/10\/50999.jpg","width":1000,"height":1000,"caption":"22ct Gold Vinayak Ganesh Pendant"},{"@type":"BreadcrumbList","@id":"https:\/\/www.purejewels.com\/product\/22ct-gold-vinayak-ganesh-pendant-50999\/#breadcrumb","itemListElement":[{"@type":"ListItem","position":1,"name":"Home","item":"https:\/\/www.purejewels.com\/"},{"@type":"ListItem","position":2,"name":"Shop","item":"https:\/\/www.purejewels.com\/shop\/"},{"@type":"ListItem","position":3,"name":"22ct Gold Vinayak Ganesh Pendant"}]},{"@type":"WebSite","@id":"https:\/\/www.purejewels.com\/#website","url":"https:\/\/www.purejewels.com\/","name":"PureJewels \u0130ngiltere","description":"Sevgiyi Payla\u015f\u0131n","publisher":{"@id":"https:\/\/www.purejewels.com\/#organization"},"potentialAction":[{"@type":"SearchAction","target":{"@type":"EntryPoint","urlTemplate":"https:\/\/www.purejewels.com\/?s={search_term_string}"},"query-input":{"@type":"PropertyValueSpecification","valueRequired":true,"valueName":"search_term_string"}}],"inLanguage":"tr"},{"@type":"Organization","@id":"https:\/\/www.purejewels.com\/#organization","name":"PureJewels \u0130ngiltere","url":"https:\/\/www.purejewels.com\/","logo":{"@type":"ImageObject","inLanguage":"tr","@id":"https:\/\/www.purejewels.com\/#\/schema\/logo\/image\/","url":"https:\/\/static.purejewels.com\/wp-content\/uploads\/2020\/11\/Logo-PJ-New-1.png","contentUrl":"https:\/\/static.purejewels.com\/wp-content\/uploads\/2020\/11\/Logo-PJ-New-1.png","width":150,"height":80,"caption":"PureJewels UK"},"image":{"@id":"https:\/\/www.purejewels.com\/#\/schema\/logo\/image\/"}}]}},"_links":{"self":[{"href":"https:\/\/www.purejewels.com\/tr\/wp-json\/wp\/v2\/product\/418945","targetHints":{"allow":["GET"]}}],"collection":[{"href":"https:\/\/www.purejewels.com\/tr\/wp-json\/wp\/v2\/product"}],"about":[{"href":"https:\/\/www.purejewels.com\/tr\/wp-json\/wp\/v2\/types\/product"}],"replies":[{"embeddable":true,"href":"https:\/\/www.purejewels.com\/tr\/wp-json\/wp\/v2\/comments?post=418945"}],"version-history":[{"count":2,"href":"https:\/\/www.purejewels.com\/tr\/wp-json\/wp\/v2\/product\/418945\/revisions"}],"predecessor-version":[{"id":418948,"href":"https:\/\/www.purejewels.com\/tr\/wp-json\/wp\/v2\/product\/418945\/revisions\/418948"}],"wp:featuredmedia":[{"embeddable":true,"href":"https:\/\/www.purejewels.com\/tr\/wp-json\/wp\/v2\/media\/418946"}],"wp:attachment":[{"href":"https:\/\/www.purejewels.com\/tr\/wp-json\/wp\/v2\/media?parent=418945"}],"wp:term":[{"taxonomy":"product_brand","embeddable":true,"href":"https:\/\/www.purejewels.com\/tr\/wp-json\/wp\/v2\/product_brand?post=418945"},{"taxonomy":"product_cat","embeddable":true,"href":"https:\/\/www.purejewels.com\/tr\/wp-json\/wp\/v2\/product_cat?post=418945"},{"taxonomy":"product_tag","embeddable":true,"href":"https:\/\/www.purejewels.com\/tr\/wp-json\/wp\/v2\/product_tag?post=418945"}],"curies":[{"name":"wp","href":"https:\/\/api.w.org\/{rel}","templated":true}]}}