{"id":418980,"date":"2025-09-14T07:41:21","date_gmt":"2025-09-14T06:41:21","guid":{"rendered":"https:\/\/www.purejewels.com\/?post_type=product&#038;p=418980"},"modified":"2026-03-04T06:14:45","modified_gmt":"2026-03-04T06:14:45","slug":"22-ayar-altin-buyulu-cicek-cz-kolye-51102","status":"publish","type":"product","link":"https:\/\/www.purejewels.com\/tr\/product\/22ct-gold-enchanted-blossom-cz-pendant-51102\/","title":{"rendered":"22 Ayar Alt\u0131n B\u00fcy\u00fcl\u00fc \u00c7i\u00e7ek CZ Kolye"},"content":{"rendered":"<h3 data-start=\"554\" data-end=\"570\"><strong data-start=\"558\" data-end=\"568\">Tasar\u0131m<\/strong><\/h3>\n<p data-start=\"571\" data-end=\"848\">22 Ayar Alt\u0131n B\u00fcy\u00fcl\u00fc \u00c7i\u00e7ek CZ Kolye Ucunda, akan alt\u0131n yapraklarla i\u00e7 i\u00e7e ge\u00e7mi\u015f yontulmu\u015f bir \u00e7i\u00e7ek motifi ve \u0131\u015f\u0131lt\u0131l\u0131 CZ i\u015flemeli bir \u00e7i\u00e7ek bulunur. Ye\u015fil mine dokunu\u015fu tazelik katarak ya\u015fam\u0131, b\u00fcy\u00fcmeyi ve yenilenmeyi simgelerken, telkari damla vurgusu cazibesini art\u0131r\u0131yor.<\/p>\n<h3 data-start=\"850\" data-end=\"873\"><strong data-start=\"854\" data-end=\"871\">Zanaatkarl\u0131k<\/strong><\/h3>\n<p data-start=\"874\" data-end=\"1118\">Ustal\u0131kla 22 ayar alt\u0131ndan el i\u015f\u00e7ili\u011fiyle \u00fcretilen ve Londra'da damgalanan bu kolye ucu, zarif alt\u0131n i\u015f\u00e7ili\u011fi, hassas CZ ayar\u0131 ve mine sanat\u0131n\u0131 sergiliyor. Her bir unsur, zanaatk\u00e2r\u0131n geleneksel motifleri \u00e7a\u011fda\u015f incelikle birle\u015ftirme becerisini yans\u0131t\u0131yor.<\/p>\n<h3 data-start=\"1120\" data-end=\"1147\"><strong data-start=\"1124\" data-end=\"1145\">\u015eekillendirme &amp; Hediyele\u015fme<\/strong><\/h3>\n<p data-start=\"1148\" data-end=\"1360\" data-is-last-node=\"\" data-is-only-node=\"\">Bayram giyimi veya zarif g\u00fcnl\u00fck stil i\u00e7in m\u00fckemmel olan bu kolye ucu, her g\u00f6r\u00fcn\u00fcme \u0131\u015f\u0131lt\u0131 katar. Do\u011fum g\u00fcnleri, d\u00fc\u011f\u00fcnler veya kutlamalar i\u00e7in d\u00fc\u015f\u00fcnceli bir hediye olan bu kolye, ince alt\u0131n i\u015f\u00e7ili\u011finin s\u0131cakl\u0131\u011f\u0131n\u0131 ve zarafetini ta\u015f\u0131r.<\/p>","protected":false},"excerpt":{"rendered":"<p data-start=\"151\" data-end=\"420\">CZ ta\u015flar ve ince mine detaylarla s\u00fcslenmi\u015f b\u00fcy\u00fcleyici bir 22 ayar alt\u0131n \u00e7i\u00e7ek kolye ucu. Do\u011fan\u0131n g\u00fczelli\u011finden ilham alan bu kolye zarafet, ne\u015fe ve zamans\u0131z \u015f\u0131kl\u0131\u011f\u0131 temsil ediyor.<\/p>\n<p><strong>Malzeme:<\/strong> 22 Ayar Alt\u0131n (91,6% Saf Alt\u0131n)<strong><br \/>\nHallmark:\u00a0<\/strong>\u0130ngiliz Damgas\u0131<strong><br \/>\n<\/strong><strong>Br\u00fct A\u011f\u0131rl\u0131k: <\/strong>6.86 Gms<br \/>\n<strong>Net A\u011f\u0131rl\u0131k: <\/strong>6.78 Gms<strong><br \/>\nSKU: <\/strong>51102<\/p>\n<p><strong>Fiyat ve Teslimat:\u00a0<\/strong>KDV ve teslimat \u00fccretleri dahil<strong><br \/>\n<a href=\"https:\/\/www.purejewels.com\/tr\/i%cc%87ade-poli%cc%87ti%cc%87kasi\/\">\u0130ade Politikas\u0131<\/a><\/strong><\/p>","protected":false},"featured_media":418981,"comment_status":"closed","ping_status":"closed","template":"","meta":{"_eb_attr":"","_crsspst_to_jayantr4sg-hostcom":true},"product_brand":[],"product_cat":[1791,1559,1794,1793,6190,1770,1792,1790,1229,1255,1767,1570,1569,1573,1574,5349],"product_tag":[],"class_list":{"0":"post-418980","1":"product","2":"type-product","3":"status-publish","4":"has-post-thumbnail","6":"product_cat-anniversary-gifts","7":"product_cat-birthday-gifts","8":"product_cat-christmas-gifts","9":"product_cat-diwali-gifts","10":"product_cat-easter-jewellery","11":"product_cat-fancy-pendants","12":"product_cat-festival-gifts","13":"product_cat-for-whom-when","14":"product_cat-22ct-gold-jewellery","15":"product_cat-gold-pendants","16":"product_cat-ladies-pendants","17":"product_cat-mothers-day-gifts","18":"product_cat-valentine-day-gifts","19":"product_cat-wedding-gifts","20":"product_cat-womens-jewellery","21":"product_cat-yellow-gold-jewellery","23":"first","24":"instock","25":"taxable","26":"shipping-taxable","27":"purchasable","28":"product-type-simple","29":"add-to-wishlist-before_image"},"yoast_head":"<!-- This site is optimized with the Yoast SEO plugin v27.5 - https:\/\/yoast.com\/product\/yoast-seo-wordpress\/ -->\n<title>22ct Gold Blossom CZ Pendant | Floral Pendant by PureJewels<\/title>\n<meta name=\"description\" content=\"Shop the 22ct Gold Enchanted Blossom CZ Pendant from PureJewels. A graceful floral pendant with CZ stones and enamel accents, symbolising growth, beauty, and harmony.\" \/>\n<meta name=\"robots\" content=\"index, follow, max-snippet:-1, max-image-preview:large, max-video-preview:-1\" \/>\n<link rel=\"canonical\" href=\"https:\/\/www.purejewels.com\/tr\/urun\/22-ayar-altin-buyulu-cicek-cz-kolye-51102\/\" \/>\n<meta property=\"og:locale\" content=\"tr_TR\" \/>\n<meta property=\"og:type\" content=\"article\" \/>\n<meta property=\"og:title\" content=\"22ct Gold Blossom CZ Pendant | Floral Pendant by PureJewels\" \/>\n<meta property=\"og:description\" content=\"Shop the 22ct Gold Enchanted Blossom CZ Pendant from PureJewels. A graceful floral pendant with CZ stones and enamel accents, symbolising growth, beauty, and harmony.\" \/>\n<meta property=\"og:url\" content=\"https:\/\/www.purejewels.com\/tr\/urun\/22-ayar-altin-buyulu-cicek-cz-kolye-51102\/\" \/>\n<meta property=\"og:site_name\" content=\"PureJewels UK\" \/>\n<meta property=\"article:modified_time\" content=\"2026-03-04T06:14:45+00:00\" \/>\n<meta property=\"og:image\" content=\"https:\/\/static.purejewels.com\/wp-content\/uploads\/2025\/10\/51102.jpg\" \/>\n\t<meta property=\"og:image:width\" content=\"1000\" \/>\n\t<meta property=\"og:image:height\" content=\"1000\" \/>\n\t<meta property=\"og:image:type\" content=\"image\/jpeg\" \/>\n<meta name=\"twitter:card\" content=\"summary_large_image\" \/>\n<meta name=\"twitter:label1\" content=\"Tahmini okuma s\u00fcresi\" \/>\n\t<meta name=\"twitter:data1\" content=\"1 dakika\" \/>\n<script type=\"application\/ld+json\" class=\"yoast-schema-graph\">{\"@context\":\"https:\\\/\\\/schema.org\",\"@graph\":[{\"@type\":[\"WebPage\",\"ItemPage\"],\"@id\":\"https:\\\/\\\/www.purejewels.com\\\/product\\\/22ct-gold-enchanted-blossom-cz-pendant-51102\\\/\",\"url\":\"https:\\\/\\\/www.purejewels.com\\\/product\\\/22ct-gold-enchanted-blossom-cz-pendant-51102\\\/\",\"name\":\"22ct Gold Blossom CZ Pendant | Floral Pendant by PureJewels\",\"isPartOf\":{\"@id\":\"https:\\\/\\\/www.purejewels.com\\\/#website\"},\"primaryImageOfPage\":{\"@id\":\"https:\\\/\\\/www.purejewels.com\\\/product\\\/22ct-gold-enchanted-blossom-cz-pendant-51102\\\/#primaryimage\"},\"image\":{\"@id\":\"https:\\\/\\\/www.purejewels.com\\\/product\\\/22ct-gold-enchanted-blossom-cz-pendant-51102\\\/#primaryimage\"},\"thumbnailUrl\":\"https:\\\/\\\/static.purejewels.com\\\/wp-content\\\/uploads\\\/2025\\\/10\\\/51102.jpg\",\"datePublished\":\"2025-09-14T06:41:21+00:00\",\"dateModified\":\"2026-03-04T06:14:45+00:00\",\"description\":\"Shop the 22ct Gold Enchanted Blossom CZ Pendant from PureJewels. A graceful floral pendant with CZ stones and enamel accents, symbolising growth, beauty, and harmony.\",\"breadcrumb\":{\"@id\":\"https:\\\/\\\/www.purejewels.com\\\/product\\\/22ct-gold-enchanted-blossom-cz-pendant-51102\\\/#breadcrumb\"},\"inLanguage\":\"tr\",\"potentialAction\":[{\"@type\":\"ReadAction\",\"target\":[\"https:\\\/\\\/www.purejewels.com\\\/product\\\/22ct-gold-enchanted-blossom-cz-pendant-51102\\\/\"]}]},{\"@type\":\"ImageObject\",\"inLanguage\":\"tr\",\"@id\":\"https:\\\/\\\/www.purejewels.com\\\/product\\\/22ct-gold-enchanted-blossom-cz-pendant-51102\\\/#primaryimage\",\"url\":\"https:\\\/\\\/static.purejewels.com\\\/wp-content\\\/uploads\\\/2025\\\/10\\\/51102.jpg\",\"contentUrl\":\"https:\\\/\\\/static.purejewels.com\\\/wp-content\\\/uploads\\\/2025\\\/10\\\/51102.jpg\",\"width\":1000,\"height\":1000,\"caption\":\"22ct Gold Enchanted Blossom CZ Pendant\"},{\"@type\":\"BreadcrumbList\",\"@id\":\"https:\\\/\\\/www.purejewels.com\\\/product\\\/22ct-gold-enchanted-blossom-cz-pendant-51102\\\/#breadcrumb\",\"itemListElement\":[{\"@type\":\"ListItem\",\"position\":1,\"name\":\"Home\",\"item\":\"https:\\\/\\\/www.purejewels.com\\\/\"},{\"@type\":\"ListItem\",\"position\":2,\"name\":\"Shop\",\"item\":\"https:\\\/\\\/www.purejewels.com\\\/shop\\\/\"},{\"@type\":\"ListItem\",\"position\":3,\"name\":\"22ct Gold Enchanted Blossom CZ Pendant\"}]},{\"@type\":\"WebSite\",\"@id\":\"https:\\\/\\\/www.purejewels.com\\\/#website\",\"url\":\"https:\\\/\\\/www.purejewels.com\\\/\",\"name\":\"PureJewels UK\",\"description\":\"Share the Love\",\"publisher\":{\"@id\":\"https:\\\/\\\/www.purejewels.com\\\/#organization\"},\"potentialAction\":[{\"@type\":\"SearchAction\",\"target\":{\"@type\":\"EntryPoint\",\"urlTemplate\":\"https:\\\/\\\/www.purejewels.com\\\/?s={search_term_string}\"},\"query-input\":{\"@type\":\"PropertyValueSpecification\",\"valueRequired\":true,\"valueName\":\"search_term_string\"}}],\"inLanguage\":\"tr\"},{\"@type\":\"Organization\",\"@id\":\"https:\\\/\\\/www.purejewels.com\\\/#organization\",\"name\":\"PureJewels UK\",\"url\":\"https:\\\/\\\/www.purejewels.com\\\/\",\"logo\":{\"@type\":\"ImageObject\",\"inLanguage\":\"tr\",\"@id\":\"https:\\\/\\\/www.purejewels.com\\\/#\\\/schema\\\/logo\\\/image\\\/\",\"url\":\"https:\\\/\\\/static.purejewels.com\\\/wp-content\\\/uploads\\\/2020\\\/11\\\/Logo-PJ-New-1.png\",\"contentUrl\":\"https:\\\/\\\/static.purejewels.com\\\/wp-content\\\/uploads\\\/2020\\\/11\\\/Logo-PJ-New-1.png\",\"width\":150,\"height\":80,\"caption\":\"PureJewels UK\"},\"image\":{\"@id\":\"https:\\\/\\\/www.purejewels.com\\\/#\\\/schema\\\/logo\\\/image\\\/\"}}]}<\/script>\n<!-- \/ Yoast SEO plugin. -->","yoast_head_json":{"title":"PureJewels taraf\u0131ndan 22 Ayar Alt\u0131n \u00c7i\u00e7e\u011fi CZ Kolye | \u00c7i\u00e7ek Kolye","description":"PureJewels'ten 22 Ayar Alt\u0131n B\u00fcy\u00fcl\u00fc \u00c7i\u00e7ek CZ Kolye Ucunu sat\u0131n al\u0131n. B\u00fcy\u00fcme, g\u00fczellik ve uyumu simgeleyen CZ ta\u015fl\u0131 ve mine desenli zarif bir \u00e7i\u00e7ek kolye ucu.","robots":{"index":"index","follow":"follow","max-snippet":"max-snippet:-1","max-image-preview":"max-image-preview:large","max-video-preview":"max-video-preview:-1"},"canonical":"https:\/\/www.purejewels.com\/tr\/urun\/22-ayar-altin-buyulu-cicek-cz-kolye-51102\/","og_locale":"tr_TR","og_type":"article","og_title":"22ct Gold Blossom CZ Pendant | Floral Pendant by PureJewels","og_description":"Shop the 22ct Gold Enchanted Blossom CZ Pendant from PureJewels. A graceful floral pendant with CZ stones and enamel accents, symbolising growth, beauty, and harmony.","og_url":"https:\/\/www.purejewels.com\/tr\/urun\/22-ayar-altin-buyulu-cicek-cz-kolye-51102\/","og_site_name":"PureJewels UK","article_modified_time":"2026-03-04T06:14:45+00:00","og_image":[{"width":1000,"height":1000,"url":"https:\/\/static.purejewels.com\/wp-content\/uploads\/2025\/10\/51102.jpg","type":"image\/jpeg"}],"twitter_card":"summary_large_image","twitter_misc":{"Tahmini okuma s\u00fcresi":"1 dakika"},"schema":{"@context":"https:\/\/schema.org","@graph":[{"@type":["WebPage","ItemPage"],"@id":"https:\/\/www.purejewels.com\/product\/22ct-gold-enchanted-blossom-cz-pendant-51102\/","url":"https:\/\/www.purejewels.com\/product\/22ct-gold-enchanted-blossom-cz-pendant-51102\/","name":"PureJewels taraf\u0131ndan 22 Ayar Alt\u0131n \u00c7i\u00e7e\u011fi CZ Kolye | \u00c7i\u00e7ek Kolye","isPartOf":{"@id":"https:\/\/www.purejewels.com\/#website"},"primaryImageOfPage":{"@id":"https:\/\/www.purejewels.com\/product\/22ct-gold-enchanted-blossom-cz-pendant-51102\/#primaryimage"},"image":{"@id":"https:\/\/www.purejewels.com\/product\/22ct-gold-enchanted-blossom-cz-pendant-51102\/#primaryimage"},"thumbnailUrl":"https:\/\/static.purejewels.com\/wp-content\/uploads\/2025\/10\/51102.jpg","datePublished":"2025-09-14T06:41:21+00:00","dateModified":"2026-03-04T06:14:45+00:00","description":"PureJewels'ten 22 Ayar Alt\u0131n B\u00fcy\u00fcl\u00fc \u00c7i\u00e7ek CZ Kolye Ucunu sat\u0131n al\u0131n. B\u00fcy\u00fcme, g\u00fczellik ve uyumu simgeleyen CZ ta\u015fl\u0131 ve mine desenli zarif bir \u00e7i\u00e7ek kolye ucu.","breadcrumb":{"@id":"https:\/\/www.purejewels.com\/product\/22ct-gold-enchanted-blossom-cz-pendant-51102\/#breadcrumb"},"inLanguage":"tr","potentialAction":[{"@type":"ReadAction","target":["https:\/\/www.purejewels.com\/product\/22ct-gold-enchanted-blossom-cz-pendant-51102\/"]}]},{"@type":"ImageObject","inLanguage":"tr","@id":"https:\/\/www.purejewels.com\/product\/22ct-gold-enchanted-blossom-cz-pendant-51102\/#primaryimage","url":"https:\/\/static.purejewels.com\/wp-content\/uploads\/2025\/10\/51102.jpg","contentUrl":"https:\/\/static.purejewels.com\/wp-content\/uploads\/2025\/10\/51102.jpg","width":1000,"height":1000,"caption":"22ct Gold Enchanted Blossom CZ Pendant"},{"@type":"BreadcrumbList","@id":"https:\/\/www.purejewels.com\/product\/22ct-gold-enchanted-blossom-cz-pendant-51102\/#breadcrumb","itemListElement":[{"@type":"ListItem","position":1,"name":"Home","item":"https:\/\/www.purejewels.com\/"},{"@type":"ListItem","position":2,"name":"Shop","item":"https:\/\/www.purejewels.com\/shop\/"},{"@type":"ListItem","position":3,"name":"22ct Gold Enchanted Blossom CZ Pendant"}]},{"@type":"WebSite","@id":"https:\/\/www.purejewels.com\/#website","url":"https:\/\/www.purejewels.com\/","name":"PureJewels \u0130ngiltere","description":"Sevgiyi Payla\u015f\u0131n","publisher":{"@id":"https:\/\/www.purejewels.com\/#organization"},"potentialAction":[{"@type":"SearchAction","target":{"@type":"EntryPoint","urlTemplate":"https:\/\/www.purejewels.com\/?s={search_term_string}"},"query-input":{"@type":"PropertyValueSpecification","valueRequired":true,"valueName":"search_term_string"}}],"inLanguage":"tr"},{"@type":"Organization","@id":"https:\/\/www.purejewels.com\/#organization","name":"PureJewels \u0130ngiltere","url":"https:\/\/www.purejewels.com\/","logo":{"@type":"ImageObject","inLanguage":"tr","@id":"https:\/\/www.purejewels.com\/#\/schema\/logo\/image\/","url":"https:\/\/static.purejewels.com\/wp-content\/uploads\/2020\/11\/Logo-PJ-New-1.png","contentUrl":"https:\/\/static.purejewels.com\/wp-content\/uploads\/2020\/11\/Logo-PJ-New-1.png","width":150,"height":80,"caption":"PureJewels UK"},"image":{"@id":"https:\/\/www.purejewels.com\/#\/schema\/logo\/image\/"}}]}},"_links":{"self":[{"href":"https:\/\/www.purejewels.com\/tr\/wp-json\/wp\/v2\/product\/418980","targetHints":{"allow":["GET"]}}],"collection":[{"href":"https:\/\/www.purejewels.com\/tr\/wp-json\/wp\/v2\/product"}],"about":[{"href":"https:\/\/www.purejewels.com\/tr\/wp-json\/wp\/v2\/types\/product"}],"replies":[{"embeddable":true,"href":"https:\/\/www.purejewels.com\/tr\/wp-json\/wp\/v2\/comments?post=418980"}],"version-history":[{"count":1,"href":"https:\/\/www.purejewels.com\/tr\/wp-json\/wp\/v2\/product\/418980\/revisions"}],"predecessor-version":[{"id":418982,"href":"https:\/\/www.purejewels.com\/tr\/wp-json\/wp\/v2\/product\/418980\/revisions\/418982"}],"wp:featuredmedia":[{"embeddable":true,"href":"https:\/\/www.purejewels.com\/tr\/wp-json\/wp\/v2\/media\/418981"}],"wp:attachment":[{"href":"https:\/\/www.purejewels.com\/tr\/wp-json\/wp\/v2\/media?parent=418980"}],"wp:term":[{"taxonomy":"product_brand","embeddable":true,"href":"https:\/\/www.purejewels.com\/tr\/wp-json\/wp\/v2\/product_brand?post=418980"},{"taxonomy":"product_cat","embeddable":true,"href":"https:\/\/www.purejewels.com\/tr\/wp-json\/wp\/v2\/product_cat?post=418980"},{"taxonomy":"product_tag","embeddable":true,"href":"https:\/\/www.purejewels.com\/tr\/wp-json\/wp\/v2\/product_tag?post=418980"}],"curies":[{"name":"wp","href":"https:\/\/api.w.org\/{rel}","templated":true}]}}