{"id":419033,"date":"2025-09-14T12:10:57","date_gmt":"2025-09-14T11:10:57","guid":{"rendered":"https:\/\/www.purejewels.com\/?post_type=product&#038;p=419033"},"modified":"2025-10-27T06:06:44","modified_gmt":"2025-10-27T06:06:44","slug":"kadinlar-icin-22-ayar-altin-klasik-ipli-kupe-52404","status":"publish","type":"product","link":"https:\/\/www.purejewels.com\/tr\/product\/22ct-gold-classic-threader-earrings-for-women-52404\/","title":{"rendered":"Kad\u0131nlar i\u00e7in 22 Ayar Alt\u0131n Klasik \u0130plik K\u00fcpe"},"content":{"rendered":"<h3 data-start=\"647\" data-end=\"663\"><strong data-start=\"651\" data-end=\"661\">Tasar\u0131m<\/strong><\/h3>\n<p data-start=\"664\" data-end=\"911\">22 Ayar Alt\u0131n Klasik \u0130plik K\u00fcpe, incelikle i\u015flenmi\u015f alt\u0131n disklerle sabitlenmi\u015f narin bir uzun zincir siluetine sahiptir. Ajurlu desenleri zamans\u0131z sanat\u0131 yans\u0131t\u0131rken, uzat\u0131lm\u0131\u015f damla tasar\u0131m\u0131 zarif bir ak\u0131\u015f ve \u0131\u015f\u0131lt\u0131l\u0131 bir \u00e7ekicilik katar.<\/p>\n<h3 data-start=\"913\" data-end=\"936\"><strong data-start=\"917\" data-end=\"934\">Zanaatkarl\u0131k<\/strong><\/h3>\n<p data-start=\"937\" data-end=\"1194\">22 ayar alt\u0131ndan el yap\u0131m\u0131 olarak \u00fcretilen ve Londra'da damgalanan bu k\u00fcpeler, ince zincir halkalar\u0131 ve hassas alt\u0131n i\u015f\u00e7ili\u011fiyle uzman detayc\u0131l\u0131\u011f\u0131 sergiliyor. Parlat\u0131lm\u0131\u015f y\u00fczey, do\u011fal \u0131\u015f\u0131lt\u0131s\u0131n\u0131 art\u0131rarak hem modern hem de geleneksel bir his veren zarif bir y\u00fczey olu\u015fturur.<\/p>\n<h3 data-start=\"1196\" data-end=\"1223\"><strong data-start=\"1200\" data-end=\"1221\">\u015eekillendirme &amp; Hediyele\u015fme<\/strong><\/h3>\n<p data-start=\"1224\" data-end=\"1440\" data-is-last-node=\"\" data-is-only-node=\"\">Hafif ve zarif olan bu k\u00fcpeler hem etnik hem de \u00e7a\u011fda\u015f k\u0131yafetleri tamamlar. Festival toplant\u0131lar\u0131, ak\u015fam gezmeleri veya hediye vermek i\u00e7in ideal olan bu k\u00fcpeler, her harekette abart\u0131s\u0131z bir g\u00fczellik ve incelik yakalar.<\/p>","protected":false},"excerpt":{"rendered":"<p>Telkari disk tepesi ve ince kutu zincir damlalar\u0131yla \u015f\u0131k bir \u00e7ift 22 Ayar Alt\u0131n Threader K\u00fcpe. Zahmetsiz hareket ve \u0131\u015f\u0131lt\u0131l\u0131 sadelik i\u00e7in tasarlanm\u0131\u015ft\u0131r, g\u00fcnl\u00fck kullan\u0131m veya \u00f6zel g\u00fcnler i\u00e7in m\u00fckemmeldir.<\/p>\n<p><strong>K\u00fcpe T\u00fcr\u00fc:<\/strong> Damla K\u00fcpe<br \/>\n<strong>SKU:<\/strong> 52404<br \/>\n<strong>A\u011f\u0131rl\u0131k:<\/strong> 1.4 Gms<br \/>\n<strong>Metal:<\/strong> 22 Ayar Alt\u0131n (91,6% saf alt\u0131n)<\/p>\n<p><strong>Fiyat ve Teslimat<\/strong>:KDV ve teslimat \u00fccreti dahil<br \/>\n<a href=\"https:\/\/www.purejewels.com\/tr\/i%cc%87ade-poli%cc%87ti%cc%87kasi\/\">\u0130ade Politikas\u0131<\/a><\/p>","protected":false},"featured_media":419040,"comment_status":"closed","ping_status":"closed","template":"","meta":{"_eb_attr":"","_crsspst_to_jayantr4sg-hostcom":true},"product_brand":[],"product_cat":[1791,1559,5956,1793,1685,1790,1254,1229,5343,5338,1656,5671,1573,1574],"product_tag":[66],"class_list":{"0":"post-419033","1":"product","2":"type-product","3":"status-publish","4":"has-post-thumbnail","6":"product_cat-anniversary-gifts","7":"product_cat-birthday-gifts","8":"product_cat-dangler","9":"product_cat-diwali-gifts","10":"product_cat-drop-earrings","11":"product_cat-for-whom-when","12":"product_cat-gold-earrings","13":"product_cat-22ct-gold-jewellery","14":"product_cat-jewellery-under-550","15":"product_cat-shop-by-price","16":"product_cat-rosettes-collections","17":"product_cat-sui-dhaga-earrings","18":"product_cat-wedding-gifts","19":"product_cat-womens-jewellery","20":"product_tag-earrings","22":"first","23":"outofstock","24":"taxable","25":"shipping-taxable","26":"product-type-simple","27":"add-to-wishlist-before_image"},"yoast_head":"<!-- This site is optimized with the Yoast SEO plugin v27.3 - https:\/\/yoast.com\/product\/yoast-seo-wordpress\/ -->\n<title>22ct Gold Classic Threader Earrings for Women | PureJewels UK<\/title>\n<meta name=\"description\" content=\"Shop the 22ct Gold Classic Threader Earrings for Women from PureJewels. Crafted in fine gold with a sculpted disc top and long chain drop.\" \/>\n<meta name=\"robots\" content=\"index, follow, max-snippet:-1, max-image-preview:large, max-video-preview:-1\" \/>\n<link rel=\"canonical\" href=\"https:\/\/www.purejewels.com\/tr\/urun\/kadinlar-icin-22-ayar-altin-klasik-ipli-kupe-52404\/\" \/>\n<meta property=\"og:locale\" content=\"tr_TR\" \/>\n<meta property=\"og:type\" content=\"article\" \/>\n<meta property=\"og:title\" content=\"22ct Gold Classic Threader Earrings for Women | PureJewels UK\" \/>\n<meta property=\"og:description\" content=\"Shop the 22ct Gold Classic Threader Earrings for Women from PureJewels. Crafted in fine gold with a sculpted disc top and long chain drop.\" \/>\n<meta property=\"og:url\" content=\"https:\/\/www.purejewels.com\/tr\/urun\/kadinlar-icin-22-ayar-altin-klasik-ipli-kupe-52404\/\" \/>\n<meta property=\"og:site_name\" content=\"PureJewels UK\" \/>\n<meta property=\"article:modified_time\" content=\"2025-10-27T06:06:44+00:00\" \/>\n<meta property=\"og:image\" content=\"https:\/\/www.purejewels.com\/wp-content\/uploads\/2025\/10\/52404.jpg\" \/>\n\t<meta property=\"og:image:width\" content=\"1336\" \/>\n\t<meta property=\"og:image:height\" content=\"1336\" \/>\n\t<meta property=\"og:image:type\" content=\"image\/jpeg\" \/>\n<meta name=\"twitter:card\" content=\"summary_large_image\" \/>\n<meta name=\"twitter:label1\" content=\"Tahmini okuma s\u00fcresi\" \/>\n\t<meta name=\"twitter:data1\" content=\"1 dakika\" \/>\n<script type=\"application\/ld+json\" class=\"yoast-schema-graph\">{\"@context\":\"https:\\\/\\\/schema.org\",\"@graph\":[{\"@type\":[\"WebPage\",\"ItemPage\"],\"@id\":\"https:\\\/\\\/www.purejewels.com\\\/product\\\/22ct-gold-classic-threader-earrings-for-women-52404\\\/\",\"url\":\"https:\\\/\\\/www.purejewels.com\\\/product\\\/22ct-gold-classic-threader-earrings-for-women-52404\\\/\",\"name\":\"22ct Gold Classic Threader Earrings for Women | PureJewels UK\",\"isPartOf\":{\"@id\":\"https:\\\/\\\/www.purejewels.com\\\/#website\"},\"primaryImageOfPage\":{\"@id\":\"https:\\\/\\\/www.purejewels.com\\\/product\\\/22ct-gold-classic-threader-earrings-for-women-52404\\\/#primaryimage\"},\"image\":{\"@id\":\"https:\\\/\\\/www.purejewels.com\\\/product\\\/22ct-gold-classic-threader-earrings-for-women-52404\\\/#primaryimage\"},\"thumbnailUrl\":\"https:\\\/\\\/static.purejewels.com\\\/wp-content\\\/uploads\\\/2025\\\/10\\\/52404.jpg\",\"datePublished\":\"2025-09-14T11:10:57+00:00\",\"dateModified\":\"2025-10-27T06:06:44+00:00\",\"description\":\"Shop the 22ct Gold Classic Threader Earrings for Women from PureJewels. Crafted in fine gold with a sculpted disc top and long chain drop.\",\"breadcrumb\":{\"@id\":\"https:\\\/\\\/www.purejewels.com\\\/product\\\/22ct-gold-classic-threader-earrings-for-women-52404\\\/#breadcrumb\"},\"inLanguage\":\"tr\",\"potentialAction\":[{\"@type\":\"ReadAction\",\"target\":[\"https:\\\/\\\/www.purejewels.com\\\/product\\\/22ct-gold-classic-threader-earrings-for-women-52404\\\/\"]}]},{\"@type\":\"ImageObject\",\"inLanguage\":\"tr\",\"@id\":\"https:\\\/\\\/www.purejewels.com\\\/product\\\/22ct-gold-classic-threader-earrings-for-women-52404\\\/#primaryimage\",\"url\":\"https:\\\/\\\/static.purejewels.com\\\/wp-content\\\/uploads\\\/2025\\\/10\\\/52404.jpg\",\"contentUrl\":\"https:\\\/\\\/static.purejewels.com\\\/wp-content\\\/uploads\\\/2025\\\/10\\\/52404.jpg\",\"width\":1336,\"height\":1336,\"caption\":\"22ct Gold Classic Threader Earrings for Women\"},{\"@type\":\"BreadcrumbList\",\"@id\":\"https:\\\/\\\/www.purejewels.com\\\/product\\\/22ct-gold-classic-threader-earrings-for-women-52404\\\/#breadcrumb\",\"itemListElement\":[{\"@type\":\"ListItem\",\"position\":1,\"name\":\"Home\",\"item\":\"https:\\\/\\\/www.purejewels.com\\\/\"},{\"@type\":\"ListItem\",\"position\":2,\"name\":\"Shop\",\"item\":\"https:\\\/\\\/www.purejewels.com\\\/shop\\\/\"},{\"@type\":\"ListItem\",\"position\":3,\"name\":\"22ct Gold Classic Threader Earrings for Women\"}]},{\"@type\":\"WebSite\",\"@id\":\"https:\\\/\\\/www.purejewels.com\\\/#website\",\"url\":\"https:\\\/\\\/www.purejewels.com\\\/\",\"name\":\"PureJewels UK\",\"description\":\"Share the Love\",\"publisher\":{\"@id\":\"https:\\\/\\\/www.purejewels.com\\\/#organization\"},\"potentialAction\":[{\"@type\":\"SearchAction\",\"target\":{\"@type\":\"EntryPoint\",\"urlTemplate\":\"https:\\\/\\\/www.purejewels.com\\\/?s={search_term_string}\"},\"query-input\":{\"@type\":\"PropertyValueSpecification\",\"valueRequired\":true,\"valueName\":\"search_term_string\"}}],\"inLanguage\":\"tr\"},{\"@type\":\"Organization\",\"@id\":\"https:\\\/\\\/www.purejewels.com\\\/#organization\",\"name\":\"PureJewels UK\",\"url\":\"https:\\\/\\\/www.purejewels.com\\\/\",\"logo\":{\"@type\":\"ImageObject\",\"inLanguage\":\"tr\",\"@id\":\"https:\\\/\\\/www.purejewels.com\\\/#\\\/schema\\\/logo\\\/image\\\/\",\"url\":\"https:\\\/\\\/static.purejewels.com\\\/wp-content\\\/uploads\\\/2020\\\/11\\\/Logo-PJ-New-1.png\",\"contentUrl\":\"https:\\\/\\\/static.purejewels.com\\\/wp-content\\\/uploads\\\/2020\\\/11\\\/Logo-PJ-New-1.png\",\"width\":150,\"height\":80,\"caption\":\"PureJewels UK\"},\"image\":{\"@id\":\"https:\\\/\\\/www.purejewels.com\\\/#\\\/schema\\\/logo\\\/image\\\/\"}}]}<\/script>\n<!-- \/ Yoast SEO plugin. -->","yoast_head_json":{"title":"Kad\u0131nlar i\u00e7in 22 Ayar Alt\u0131n Klasik \u0130plik K\u00fcpe | PureJewels UK","description":"PureJewels'ten Kad\u0131nlar i\u00e7in 22 Ayar Alt\u0131n Klasik \u0130plik K\u00fcpe al\u0131\u015fveri\u015fi yap\u0131n. Yontulmu\u015f disk tepeli ve uzun zincirli ince alt\u0131ndan \u00fcretilmi\u015ftir.","robots":{"index":"index","follow":"follow","max-snippet":"max-snippet:-1","max-image-preview":"max-image-preview:large","max-video-preview":"max-video-preview:-1"},"canonical":"https:\/\/www.purejewels.com\/tr\/urun\/kadinlar-icin-22-ayar-altin-klasik-ipli-kupe-52404\/","og_locale":"tr_TR","og_type":"article","og_title":"22ct Gold Classic Threader Earrings for Women | PureJewels UK","og_description":"Shop the 22ct Gold Classic Threader Earrings for Women from PureJewels. Crafted in fine gold with a sculpted disc top and long chain drop.","og_url":"https:\/\/www.purejewels.com\/tr\/urun\/kadinlar-icin-22-ayar-altin-klasik-ipli-kupe-52404\/","og_site_name":"PureJewels UK","article_modified_time":"2025-10-27T06:06:44+00:00","og_image":[{"width":1336,"height":1336,"url":"https:\/\/www.purejewels.com\/wp-content\/uploads\/2025\/10\/52404.jpg","type":"image\/jpeg"}],"twitter_card":"summary_large_image","twitter_misc":{"Tahmini okuma s\u00fcresi":"1 dakika"},"schema":{"@context":"https:\/\/schema.org","@graph":[{"@type":["WebPage","ItemPage"],"@id":"https:\/\/www.purejewels.com\/product\/22ct-gold-classic-threader-earrings-for-women-52404\/","url":"https:\/\/www.purejewels.com\/product\/22ct-gold-classic-threader-earrings-for-women-52404\/","name":"Kad\u0131nlar i\u00e7in 22 Ayar Alt\u0131n Klasik \u0130plik K\u00fcpe | PureJewels UK","isPartOf":{"@id":"https:\/\/www.purejewels.com\/#website"},"primaryImageOfPage":{"@id":"https:\/\/www.purejewels.com\/product\/22ct-gold-classic-threader-earrings-for-women-52404\/#primaryimage"},"image":{"@id":"https:\/\/www.purejewels.com\/product\/22ct-gold-classic-threader-earrings-for-women-52404\/#primaryimage"},"thumbnailUrl":"https:\/\/static.purejewels.com\/wp-content\/uploads\/2025\/10\/52404.jpg","datePublished":"2025-09-14T11:10:57+00:00","dateModified":"2025-10-27T06:06:44+00:00","description":"PureJewels'ten Kad\u0131nlar i\u00e7in 22 Ayar Alt\u0131n Klasik \u0130plik K\u00fcpe al\u0131\u015fveri\u015fi yap\u0131n. Yontulmu\u015f disk tepeli ve uzun zincirli ince alt\u0131ndan \u00fcretilmi\u015ftir.","breadcrumb":{"@id":"https:\/\/www.purejewels.com\/product\/22ct-gold-classic-threader-earrings-for-women-52404\/#breadcrumb"},"inLanguage":"tr","potentialAction":[{"@type":"ReadAction","target":["https:\/\/www.purejewels.com\/product\/22ct-gold-classic-threader-earrings-for-women-52404\/"]}]},{"@type":"ImageObject","inLanguage":"tr","@id":"https:\/\/www.purejewels.com\/product\/22ct-gold-classic-threader-earrings-for-women-52404\/#primaryimage","url":"https:\/\/static.purejewels.com\/wp-content\/uploads\/2025\/10\/52404.jpg","contentUrl":"https:\/\/static.purejewels.com\/wp-content\/uploads\/2025\/10\/52404.jpg","width":1336,"height":1336,"caption":"22ct Gold Classic Threader Earrings for Women"},{"@type":"BreadcrumbList","@id":"https:\/\/www.purejewels.com\/product\/22ct-gold-classic-threader-earrings-for-women-52404\/#breadcrumb","itemListElement":[{"@type":"ListItem","position":1,"name":"Home","item":"https:\/\/www.purejewels.com\/"},{"@type":"ListItem","position":2,"name":"Shop","item":"https:\/\/www.purejewels.com\/shop\/"},{"@type":"ListItem","position":3,"name":"22ct Gold Classic Threader Earrings for Women"}]},{"@type":"WebSite","@id":"https:\/\/www.purejewels.com\/#website","url":"https:\/\/www.purejewels.com\/","name":"PureJewels \u0130ngiltere","description":"Sevgiyi Payla\u015f\u0131n","publisher":{"@id":"https:\/\/www.purejewels.com\/#organization"},"potentialAction":[{"@type":"SearchAction","target":{"@type":"EntryPoint","urlTemplate":"https:\/\/www.purejewels.com\/?s={search_term_string}"},"query-input":{"@type":"PropertyValueSpecification","valueRequired":true,"valueName":"search_term_string"}}],"inLanguage":"tr"},{"@type":"Organization","@id":"https:\/\/www.purejewels.com\/#organization","name":"PureJewels \u0130ngiltere","url":"https:\/\/www.purejewels.com\/","logo":{"@type":"ImageObject","inLanguage":"tr","@id":"https:\/\/www.purejewels.com\/#\/schema\/logo\/image\/","url":"https:\/\/static.purejewels.com\/wp-content\/uploads\/2020\/11\/Logo-PJ-New-1.png","contentUrl":"https:\/\/static.purejewels.com\/wp-content\/uploads\/2020\/11\/Logo-PJ-New-1.png","width":150,"height":80,"caption":"PureJewels UK"},"image":{"@id":"https:\/\/www.purejewels.com\/#\/schema\/logo\/image\/"}}]}},"_links":{"self":[{"href":"https:\/\/www.purejewels.com\/tr\/wp-json\/wp\/v2\/product\/419033","targetHints":{"allow":["GET"]}}],"collection":[{"href":"https:\/\/www.purejewels.com\/tr\/wp-json\/wp\/v2\/product"}],"about":[{"href":"https:\/\/www.purejewels.com\/tr\/wp-json\/wp\/v2\/types\/product"}],"replies":[{"embeddable":true,"href":"https:\/\/www.purejewels.com\/tr\/wp-json\/wp\/v2\/comments?post=419033"}],"version-history":[{"count":1,"href":"https:\/\/www.purejewels.com\/tr\/wp-json\/wp\/v2\/product\/419033\/revisions"}],"predecessor-version":[{"id":419050,"href":"https:\/\/www.purejewels.com\/tr\/wp-json\/wp\/v2\/product\/419033\/revisions\/419050"}],"wp:featuredmedia":[{"embeddable":true,"href":"https:\/\/www.purejewels.com\/tr\/wp-json\/wp\/v2\/media\/419040"}],"wp:attachment":[{"href":"https:\/\/www.purejewels.com\/tr\/wp-json\/wp\/v2\/media?parent=419033"}],"wp:term":[{"taxonomy":"product_brand","embeddable":true,"href":"https:\/\/www.purejewels.com\/tr\/wp-json\/wp\/v2\/product_brand?post=419033"},{"taxonomy":"product_cat","embeddable":true,"href":"https:\/\/www.purejewels.com\/tr\/wp-json\/wp\/v2\/product_cat?post=419033"},{"taxonomy":"product_tag","embeddable":true,"href":"https:\/\/www.purejewels.com\/tr\/wp-json\/wp\/v2\/product_tag?post=419033"}],"curies":[{"name":"wp","href":"https:\/\/api.w.org\/{rel}","templated":true}]}}