{"id":419034,"date":"2025-10-14T12:12:26","date_gmt":"2025-10-14T11:12:26","guid":{"rendered":"https:\/\/www.purejewels.com\/?post_type=product&#038;p=419034"},"modified":"2026-02-09T08:24:59","modified_gmt":"2026-02-09T08:24:59","slug":"tendril-huggie-hoops-lotus-uk","status":"publish","type":"product","link":"https:\/\/www.purejewels.com\/tr\/product\/tendril-huggie-hoops-lotus-uk\/","title":{"rendered":"Tendril \u00c7emberler"},"content":{"rendered":"<p data-start=\"527\" data-end=\"870\"><strong data-start=\"527\" data-end=\"537\">Tasar\u0131m<\/strong><br data-start=\"537\" data-end=\"540\" \/>Lotus bitkisinin yumu\u015fak dallar\u0131ndan esinlenilerek tasarlanan bu halkalar, a\u015fk\u0131n \u00f6z\u00fcn\u00fc ortaya \u00e7\u0131kan \u015fekliyle yakal\u0131yor. Heykelsi k\u0131vr\u0131mlar\u0131 ve sivrilen silueti b\u00fcy\u00fcmeyi, dengeyi ve sessiz g\u00fcc\u00fc sembolize eder. PureJewels'in imzas\u0131 olan Sunrise Gold ile \u00fcretilen bu halkalar, kula\u011f\u0131 yumu\u015fak bir \u015fekilde saran zarif ve organik bir ritim sunuyor.<\/p>\n<p data-start=\"872\" data-end=\"1177\"><strong data-start=\"872\" data-end=\"889\">Zanaatkarl\u0131k<\/strong><br data-start=\"889\" data-end=\"892\" \/>Londra'da el yap\u0131m\u0131 olarak \u00fcretilen ve \u0130ngiltere Assay Ofisi taraf\u0131ndan damgalanan Tendril Hoops, geleneksel kuyumculuk y\u00f6ntemleri kullan\u0131larak 22 ayar Sunrise Alt\u0131ndan \u015fekillendirilmi\u015ftir. Her bir k\u0131vr\u0131m elle cilalanarak parlak bir y\u00fczey elde edilmi\u015f, uzman hassasiyetini ve kal\u0131c\u0131 konforu yans\u0131tan ak\u0131c\u0131, yontulmu\u015f bir form yarat\u0131lm\u0131\u015ft\u0131r.<\/p>\n<p data-start=\"1179\" data-end=\"1456\" data-is-last-node=\"\" data-is-only-node=\"\"><strong data-start=\"1179\" data-end=\"1200\">\u015eekillendirme &amp; Hediyele\u015fme<\/strong><br data-start=\"1200\" data-end=\"1203\" \/>Zahmetsizce rafine edilen bu halkalar, g\u00fcnl\u00fck kullan\u0131m veya abart\u0131s\u0131z f\u0131rsat stilleri i\u00e7in tasarlanm\u0131\u015ft\u0131r. T\u00fcm y\u00fcz \u015fekillerine tam oturan profili sayesinde y\u0131ld\u00f6n\u00fcmleri, ni\u015fanlar veya a\u015fk kutlamalar\u0131 ve yeni ba\u015flang\u0131\u00e7lar i\u00e7in anlaml\u0131 bir hediyedir.<\/p>","protected":false},"excerpt":{"rendered":"<p>\u015e\u0131k ve heykelsi bu 22 ayar G\u00fcndo\u011fumu Alt\u0131n\u0131 Tendril Hoops, zarif dal u\u00e7lar\u0131na do\u011fru inceliyor - a\u015fk\u0131n erken \u00e7i\u00e7eklenmesine ve do\u011fall\u0131\u011f\u0131na \u00e7a\u011fda\u015f bir \u00f6vg\u00fc<\/p>\n<p><strong>Malzeme:<\/strong> 22 Ayar G\u00fcndo\u011fumu Alt\u0131n<strong><br \/>\n<strong>Hallmark: <\/strong><\/strong>\u0130ngiliz Damgas\u0131<strong><strong><br \/>\n<\/strong><\/strong><strong><strong><strong><strong><strong><strong>Br\u00fct A\u011f\u0131rl\u0131k: <\/strong><\/strong><\/strong><\/strong><\/strong><\/strong>9.2 Gms<strong><strong><strong><strong><strong><br \/>\n<strong>SKU: <\/strong><\/strong><\/strong><\/strong><\/strong><\/strong>52443<\/p>\n<p><strong><strong><strong><strong><strong><strong>Fiyat ve Teslimat: <\/strong><\/strong><\/strong><\/strong><\/strong><\/strong>KDV ve teslimat \u00fccretleri dahil<strong><strong><strong><strong><strong><br \/>\n<a href=\"https:\/\/www.purejewels.com\/tr\/i%cc%87ade-poli%cc%87ti%cc%87kasi\/\">\u0130ade Politikas\u0131<\/a><\/strong><\/strong><\/strong><\/strong><\/strong><\/p>","protected":false},"featured_media":419036,"comment_status":"closed","ping_status":"closed","template":"","meta":{"_eb_attr":"","_crsspst_to_jayantr4sg-hostcom":false},"product_brand":[],"product_cat":[1791,1254,1229,1579,1633,1573,1574],"product_tag":[66],"class_list":{"0":"post-419034","1":"product","2":"type-product","3":"status-publish","4":"has-post-thumbnail","6":"product_cat-anniversary-gifts","7":"product_cat-gold-earrings","8":"product_cat-22ct-gold-jewellery","9":"product_cat-hoop-earrings","10":"product_cat-lotus-collections","11":"product_cat-wedding-gifts","12":"product_cat-womens-jewellery","13":"product_tag-earrings","15":"first","16":"instock","17":"taxable","18":"shipping-taxable","19":"purchasable","20":"product-type-simple","21":"add-to-wishlist-before_image"},"yoast_head":"<!-- This site is optimized with the Yoast SEO plugin v27.5 - https:\/\/yoast.com\/product\/yoast-seo-wordpress\/ -->\n<title>22ct Sunrise Gold Tendril Huggie Hoops | PureJewels UK<\/title>\n<meta name=\"description\" content=\"Handcrafted in London, these 22ct Sunrise Gold Tendril Hoops feature sculpted curves inspired by the lotus tendril, hallmarked by the UK Assay Office.\" \/>\n<meta name=\"robots\" content=\"index, follow, max-snippet:-1, max-image-preview:large, max-video-preview:-1\" \/>\n<link rel=\"canonical\" href=\"https:\/\/www.purejewels.com\/tr\/urun\/tendril-huggie-hoops-lotus-uk\/\" \/>\n<meta property=\"og:locale\" content=\"tr_TR\" \/>\n<meta property=\"og:type\" content=\"article\" \/>\n<meta property=\"og:title\" content=\"22ct Sunrise Gold Tendril Huggie Hoops | PureJewels UK\" \/>\n<meta property=\"og:description\" content=\"Handcrafted in London, these 22ct Sunrise Gold Tendril Hoops feature sculpted curves inspired by the lotus tendril, hallmarked by the UK Assay Office.\" \/>\n<meta property=\"og:url\" content=\"https:\/\/www.purejewels.com\/tr\/urun\/tendril-huggie-hoops-lotus-uk\/\" \/>\n<meta property=\"og:site_name\" content=\"PureJewels UK\" \/>\n<meta property=\"article:modified_time\" content=\"2026-02-09T08:24:59+00:00\" \/>\n<meta property=\"og:image\" content=\"https:\/\/static.purejewels.com\/wp-content\/uploads\/2025\/10\/Huggie-tendril-Pair.jpg\" \/>\n\t<meta property=\"og:image:width\" content=\"1000\" \/>\n\t<meta property=\"og:image:height\" content=\"1000\" \/>\n\t<meta property=\"og:image:type\" content=\"image\/jpeg\" \/>\n<meta name=\"twitter:card\" content=\"summary_large_image\" \/>\n<meta name=\"twitter:label1\" content=\"Tahmini okuma s\u00fcresi\" \/>\n\t<meta name=\"twitter:data1\" content=\"1 dakika\" \/>\n<script type=\"application\/ld+json\" class=\"yoast-schema-graph\">{\"@context\":\"https:\\\/\\\/schema.org\",\"@graph\":[{\"@type\":[\"WebPage\",\"ItemPage\"],\"@id\":\"https:\\\/\\\/www.purejewels.com\\\/product\\\/tendril-huggie-hoops-lotus-uk\\\/\",\"url\":\"https:\\\/\\\/www.purejewels.com\\\/product\\\/tendril-huggie-hoops-lotus-uk\\\/\",\"name\":\"22ct Sunrise Gold Tendril Huggie Hoops | PureJewels UK\",\"isPartOf\":{\"@id\":\"https:\\\/\\\/www.purejewels.com\\\/#website\"},\"primaryImageOfPage\":{\"@id\":\"https:\\\/\\\/www.purejewels.com\\\/product\\\/tendril-huggie-hoops-lotus-uk\\\/#primaryimage\"},\"image\":{\"@id\":\"https:\\\/\\\/www.purejewels.com\\\/product\\\/tendril-huggie-hoops-lotus-uk\\\/#primaryimage\"},\"thumbnailUrl\":\"https:\\\/\\\/static.purejewels.com\\\/wp-content\\\/uploads\\\/2025\\\/10\\\/Huggie-tendril-Pair.jpg\",\"datePublished\":\"2025-10-14T11:12:26+00:00\",\"dateModified\":\"2026-02-09T08:24:59+00:00\",\"description\":\"Handcrafted in London, these 22ct Sunrise Gold Tendril Hoops feature sculpted curves inspired by the lotus tendril, hallmarked by the UK Assay Office.\",\"breadcrumb\":{\"@id\":\"https:\\\/\\\/www.purejewels.com\\\/product\\\/tendril-huggie-hoops-lotus-uk\\\/#breadcrumb\"},\"inLanguage\":\"tr\",\"potentialAction\":[{\"@type\":\"ReadAction\",\"target\":[\"https:\\\/\\\/www.purejewels.com\\\/product\\\/tendril-huggie-hoops-lotus-uk\\\/\"]}]},{\"@type\":\"ImageObject\",\"inLanguage\":\"tr\",\"@id\":\"https:\\\/\\\/www.purejewels.com\\\/product\\\/tendril-huggie-hoops-lotus-uk\\\/#primaryimage\",\"url\":\"https:\\\/\\\/static.purejewels.com\\\/wp-content\\\/uploads\\\/2025\\\/10\\\/Huggie-tendril-Pair.jpg\",\"contentUrl\":\"https:\\\/\\\/static.purejewels.com\\\/wp-content\\\/uploads\\\/2025\\\/10\\\/Huggie-tendril-Pair.jpg\",\"width\":1000,\"height\":1000,\"caption\":\"Tendril Huggie Hoops | Lotus Collection\"},{\"@type\":\"BreadcrumbList\",\"@id\":\"https:\\\/\\\/www.purejewels.com\\\/product\\\/tendril-huggie-hoops-lotus-uk\\\/#breadcrumb\",\"itemListElement\":[{\"@type\":\"ListItem\",\"position\":1,\"name\":\"Home\",\"item\":\"https:\\\/\\\/www.purejewels.com\\\/\"},{\"@type\":\"ListItem\",\"position\":2,\"name\":\"Shop\",\"item\":\"https:\\\/\\\/www.purejewels.com\\\/shop\\\/\"},{\"@type\":\"ListItem\",\"position\":3,\"name\":\"Tendril Hoops\"}]},{\"@type\":\"WebSite\",\"@id\":\"https:\\\/\\\/www.purejewels.com\\\/#website\",\"url\":\"https:\\\/\\\/www.purejewels.com\\\/\",\"name\":\"PureJewels UK\",\"description\":\"Share the Love\",\"publisher\":{\"@id\":\"https:\\\/\\\/www.purejewels.com\\\/#organization\"},\"potentialAction\":[{\"@type\":\"SearchAction\",\"target\":{\"@type\":\"EntryPoint\",\"urlTemplate\":\"https:\\\/\\\/www.purejewels.com\\\/?s={search_term_string}\"},\"query-input\":{\"@type\":\"PropertyValueSpecification\",\"valueRequired\":true,\"valueName\":\"search_term_string\"}}],\"inLanguage\":\"tr\"},{\"@type\":\"Organization\",\"@id\":\"https:\\\/\\\/www.purejewels.com\\\/#organization\",\"name\":\"PureJewels UK\",\"url\":\"https:\\\/\\\/www.purejewels.com\\\/\",\"logo\":{\"@type\":\"ImageObject\",\"inLanguage\":\"tr\",\"@id\":\"https:\\\/\\\/www.purejewels.com\\\/#\\\/schema\\\/logo\\\/image\\\/\",\"url\":\"https:\\\/\\\/static.purejewels.com\\\/wp-content\\\/uploads\\\/2020\\\/11\\\/Logo-PJ-New-1.png\",\"contentUrl\":\"https:\\\/\\\/static.purejewels.com\\\/wp-content\\\/uploads\\\/2020\\\/11\\\/Logo-PJ-New-1.png\",\"width\":150,\"height\":80,\"caption\":\"PureJewels UK\"},\"image\":{\"@id\":\"https:\\\/\\\/www.purejewels.com\\\/#\\\/schema\\\/logo\\\/image\\\/\"}}]}<\/script>\n<!-- \/ Yoast SEO plugin. -->","yoast_head_json":{"title":"22 Ayar G\u00fcndo\u011fumu Alt\u0131n Tendril Huggie Hoops | PureJewels UK","description":"Londra'da el i\u015f\u00e7ili\u011fiyle \u00fcretilen bu 22 ayar Sunrise Gold Tendril Hoops, lotus filizinden esinlenerek \u015fekillendirilmi\u015f k\u0131vr\u0131mlara sahiptir ve Birle\u015fik Krall\u0131k Tahlil Ofisi taraf\u0131ndan damgalanm\u0131\u015ft\u0131r.","robots":{"index":"index","follow":"follow","max-snippet":"max-snippet:-1","max-image-preview":"max-image-preview:large","max-video-preview":"max-video-preview:-1"},"canonical":"https:\/\/www.purejewels.com\/tr\/urun\/tendril-huggie-hoops-lotus-uk\/","og_locale":"tr_TR","og_type":"article","og_title":"22ct Sunrise Gold Tendril Huggie Hoops | PureJewels UK","og_description":"Handcrafted in London, these 22ct Sunrise Gold Tendril Hoops feature sculpted curves inspired by the lotus tendril, hallmarked by the UK Assay Office.","og_url":"https:\/\/www.purejewels.com\/tr\/urun\/tendril-huggie-hoops-lotus-uk\/","og_site_name":"PureJewels UK","article_modified_time":"2026-02-09T08:24:59+00:00","og_image":[{"width":1000,"height":1000,"url":"https:\/\/static.purejewels.com\/wp-content\/uploads\/2025\/10\/Huggie-tendril-Pair.jpg","type":"image\/jpeg"}],"twitter_card":"summary_large_image","twitter_misc":{"Tahmini okuma s\u00fcresi":"1 dakika"},"schema":{"@context":"https:\/\/schema.org","@graph":[{"@type":["WebPage","ItemPage"],"@id":"https:\/\/www.purejewels.com\/product\/tendril-huggie-hoops-lotus-uk\/","url":"https:\/\/www.purejewels.com\/product\/tendril-huggie-hoops-lotus-uk\/","name":"22 Ayar G\u00fcndo\u011fumu Alt\u0131n Tendril Huggie Hoops | PureJewels UK","isPartOf":{"@id":"https:\/\/www.purejewels.com\/#website"},"primaryImageOfPage":{"@id":"https:\/\/www.purejewels.com\/product\/tendril-huggie-hoops-lotus-uk\/#primaryimage"},"image":{"@id":"https:\/\/www.purejewels.com\/product\/tendril-huggie-hoops-lotus-uk\/#primaryimage"},"thumbnailUrl":"https:\/\/static.purejewels.com\/wp-content\/uploads\/2025\/10\/Huggie-tendril-Pair.jpg","datePublished":"2025-10-14T11:12:26+00:00","dateModified":"2026-02-09T08:24:59+00:00","description":"Londra'da el i\u015f\u00e7ili\u011fiyle \u00fcretilen bu 22 ayar Sunrise Gold Tendril Hoops, lotus filizinden esinlenerek \u015fekillendirilmi\u015f k\u0131vr\u0131mlara sahiptir ve Birle\u015fik Krall\u0131k Tahlil Ofisi taraf\u0131ndan damgalanm\u0131\u015ft\u0131r.","breadcrumb":{"@id":"https:\/\/www.purejewels.com\/product\/tendril-huggie-hoops-lotus-uk\/#breadcrumb"},"inLanguage":"tr","potentialAction":[{"@type":"ReadAction","target":["https:\/\/www.purejewels.com\/product\/tendril-huggie-hoops-lotus-uk\/"]}]},{"@type":"ImageObject","inLanguage":"tr","@id":"https:\/\/www.purejewels.com\/product\/tendril-huggie-hoops-lotus-uk\/#primaryimage","url":"https:\/\/static.purejewels.com\/wp-content\/uploads\/2025\/10\/Huggie-tendril-Pair.jpg","contentUrl":"https:\/\/static.purejewels.com\/wp-content\/uploads\/2025\/10\/Huggie-tendril-Pair.jpg","width":1000,"height":1000,"caption":"Tendril Huggie Hoops | Lotus Collection"},{"@type":"BreadcrumbList","@id":"https:\/\/www.purejewels.com\/product\/tendril-huggie-hoops-lotus-uk\/#breadcrumb","itemListElement":[{"@type":"ListItem","position":1,"name":"Home","item":"https:\/\/www.purejewels.com\/"},{"@type":"ListItem","position":2,"name":"Shop","item":"https:\/\/www.purejewels.com\/shop\/"},{"@type":"ListItem","position":3,"name":"Tendril Hoops"}]},{"@type":"WebSite","@id":"https:\/\/www.purejewels.com\/#website","url":"https:\/\/www.purejewels.com\/","name":"PureJewels \u0130ngiltere","description":"Sevgiyi Payla\u015f\u0131n","publisher":{"@id":"https:\/\/www.purejewels.com\/#organization"},"potentialAction":[{"@type":"SearchAction","target":{"@type":"EntryPoint","urlTemplate":"https:\/\/www.purejewels.com\/?s={search_term_string}"},"query-input":{"@type":"PropertyValueSpecification","valueRequired":true,"valueName":"search_term_string"}}],"inLanguage":"tr"},{"@type":"Organization","@id":"https:\/\/www.purejewels.com\/#organization","name":"PureJewels \u0130ngiltere","url":"https:\/\/www.purejewels.com\/","logo":{"@type":"ImageObject","inLanguage":"tr","@id":"https:\/\/www.purejewels.com\/#\/schema\/logo\/image\/","url":"https:\/\/static.purejewels.com\/wp-content\/uploads\/2020\/11\/Logo-PJ-New-1.png","contentUrl":"https:\/\/static.purejewels.com\/wp-content\/uploads\/2020\/11\/Logo-PJ-New-1.png","width":150,"height":80,"caption":"PureJewels UK"},"image":{"@id":"https:\/\/www.purejewels.com\/#\/schema\/logo\/image\/"}}]}},"_links":{"self":[{"href":"https:\/\/www.purejewels.com\/tr\/wp-json\/wp\/v2\/product\/419034","targetHints":{"allow":["GET"]}}],"collection":[{"href":"https:\/\/www.purejewels.com\/tr\/wp-json\/wp\/v2\/product"}],"about":[{"href":"https:\/\/www.purejewels.com\/tr\/wp-json\/wp\/v2\/types\/product"}],"replies":[{"embeddable":true,"href":"https:\/\/www.purejewels.com\/tr\/wp-json\/wp\/v2\/comments?post=419034"}],"version-history":[{"count":3,"href":"https:\/\/www.purejewels.com\/tr\/wp-json\/wp\/v2\/product\/419034\/revisions"}],"predecessor-version":[{"id":424422,"href":"https:\/\/www.purejewels.com\/tr\/wp-json\/wp\/v2\/product\/419034\/revisions\/424422"}],"wp:featuredmedia":[{"embeddable":true,"href":"https:\/\/www.purejewels.com\/tr\/wp-json\/wp\/v2\/media\/419036"}],"wp:attachment":[{"href":"https:\/\/www.purejewels.com\/tr\/wp-json\/wp\/v2\/media?parent=419034"}],"wp:term":[{"taxonomy":"product_brand","embeddable":true,"href":"https:\/\/www.purejewels.com\/tr\/wp-json\/wp\/v2\/product_brand?post=419034"},{"taxonomy":"product_cat","embeddable":true,"href":"https:\/\/www.purejewels.com\/tr\/wp-json\/wp\/v2\/product_cat?post=419034"},{"taxonomy":"product_tag","embeddable":true,"href":"https:\/\/www.purejewels.com\/tr\/wp-json\/wp\/v2\/product_tag?post=419034"}],"curies":[{"name":"wp","href":"https:\/\/api.w.org\/{rel}","templated":true}]}}