{"id":419039,"date":"2025-07-14T12:37:19","date_gmt":"2025-07-14T11:37:19","guid":{"rendered":"https:\/\/www.purejewels.com\/?post_type=product&#038;p=419039"},"modified":"2026-03-02T05:26:58","modified_gmt":"2026-03-02T05:26:58","slug":"ciy-damlasi-burun-halkasi-uk","status":"publish","type":"product","link":"https:\/\/www.purejewels.com\/tr\/product\/dew-drop-nose-ring-uk\/","title":{"rendered":"\u00c7iy Damlas\u0131 Burun Halkas\u0131"},"content":{"rendered":"<p data-start=\"512\" data-end=\"829\"><strong data-start=\"512\" data-end=\"522\">Tasar\u0131m<\/strong><br data-start=\"522\" data-end=\"525\" \/>Lotus yapra\u011f\u0131 \u00fczerinde toplanan sabah \u00e7iyinden ilham alan bu h\u0131zma, durgunlu\u011fu ve yenilenmeyi kutluyor. \u0130ki do\u011fal p\u0131rlanta, \u0131\u015f\u0131kla nazik\u00e7e hareket eden yontulmu\u015f 22 ayar alt\u0131n bir ta\u00e7 yapra\u011f\u0131 i\u00e7ine yerle\u015ftirilmi\u015f \u00e7iy damlalar\u0131 gibi parl\u0131yor. Kavisli halka formu tasar\u0131m\u0131 sessiz bir incelik ve \u015fiirsel bir zarafetle tamaml\u0131yor.<\/p>\n<p data-start=\"831\" data-end=\"1165\"><strong data-start=\"831\" data-end=\"848\">Zanaatkarl\u0131k<\/strong><br data-start=\"848\" data-end=\"851\" \/>Londra'da el yap\u0131m\u0131 olarak \u00fcretilen ve \u0130ngiltere Assay Ofisi taraf\u0131ndan damgalanan bu par\u00e7a, yumu\u015fak \u0131\u015f\u0131lt\u0131s\u0131 i\u00e7in PureJewels'in \u00f6zel Sunrise Gold ala\u015f\u0131m\u0131ndan \u00fcretilmi\u015ftir. Her bir p\u0131rlanta m\u00fckemmel simetri ve kal\u0131c\u0131 parlakl\u0131k elde etmek i\u00e7in elle \u00f6zenle yerle\u015ftirilmi\u015ftir. Yaln\u0131zca 0,80 gram a\u011f\u0131rl\u0131\u011f\u0131yla, anlaml\u0131 bir sanatla birlikte hafif bir konfor sunar.<\/p>\n<p data-start=\"1167\" data-end=\"1445\" data-is-last-node=\"\" data-is-only-node=\"\"><strong data-start=\"1167\" data-end=\"1188\">\u015eekillendirme &amp; Hediyele\u015fme<\/strong><br data-start=\"1188\" data-end=\"1191\" \/>Safl\u0131k ve zarafetin zamans\u0131z bir ifadesi olan \u00c7iy Damlas\u0131 Burun Y\u00fcz\u00fc\u011f\u00fc, hem geleneksel hem de \u00e7a\u011fda\u015f g\u00f6r\u00fcn\u00fcm\u00fc tamamlar. Do\u011fum g\u00fcnleri, d\u00fc\u011f\u00fcnler veya ki\u015fisel d\u00f6n\u00fcm noktalar\u0131 i\u00e7in d\u00fc\u015f\u00fcnceli bir hediye olan bu y\u00fcz\u00fck, Lotus Koleksiyonu'ndaki di\u011fer par\u00e7alarla g\u00fczel bir uyum sa\u011flar.<\/p>\n<p data-start=\"1167\" data-end=\"1445\" data-is-last-node=\"\" data-is-only-node=\"\">Sertifika Numaras\u0131: GLS DJ2508727<\/p>","protected":false},"excerpt":{"rendered":"<p>Lotus yapra\u011f\u0131 \u00fczerinde duran \u00e7iy damlalar\u0131ndan ilham alan 22 ayar alt\u0131ndan narin bir h\u0131zma. Londra'da 0,02 ct p\u0131rlantalar ve s\u0131cak g\u00fcn do\u011fumu kaplamas\u0131yla el yap\u0131m\u0131.<\/p>\n<p><strong>Malzeme:<\/strong> 22 Ayar G\u00fcndo\u011fumu Alt\u0131n\u0131 (91,6% saf alt\u0131n)<strong><br \/>\n<strong>Hallmark: <\/strong><\/strong>\u0130ngiliz Damgas\u0131<strong><strong><br \/>\n<\/strong><\/strong><strong><strong>Ta\u015f: <\/strong><\/strong>Do\u011fal Elmaslar<strong><strong><br \/>\n<strong>Elmas A\u011f\u0131rl\u0131\u011f\u0131: <\/strong><\/strong><\/strong>0.02ct (toplam)<strong><strong><strong><br \/>\n<\/strong><\/strong><\/strong><strong><strong><strong><strong><strong><strong>Br\u00fct A\u011f\u0131rl\u0131k: <\/strong><\/strong><\/strong><\/strong><\/strong><\/strong>0.8 Gms<strong><strong><strong><strong><strong><br \/>\n<strong>SKU: <\/strong><\/strong><\/strong><\/strong><\/strong><\/strong>52367<\/p>\n<p><strong><strong><strong><strong><strong><strong>Fiyat ve Teslimat: <\/strong><\/strong><\/strong><\/strong><\/strong><\/strong>KDV ve teslimat \u00fccretleri dahil<strong><strong><strong><strong><strong><br \/>\n<a href=\"https:\/\/www.purejewels.com\/tr\/i%cc%87ade-poli%cc%87ti%cc%87kasi\/\">\u0130ade Politikas\u0131<\/a><\/strong><\/strong><\/strong><\/strong><\/strong><\/p>","protected":false},"featured_media":419041,"comment_status":"closed","ping_status":"closed","template":"","meta":{"_eb_attr":"","_crsspst_to_jayantr4sg-hostcom":false},"product_brand":[],"product_cat":[1791,5457,6006,1793,1229,1712,1633,5942,6081,1574],"product_tag":[66],"class_list":{"0":"post-419039","1":"product","2":"type-product","3":"status-publish","4":"has-post-thumbnail","6":"product_cat-anniversary-gifts","7":"product_cat-diamond-jewellery","8":"product_cat-diamond-nose-ring","9":"product_cat-diwali-gifts","10":"product_cat-22ct-gold-jewellery","11":"product_cat-gold-nose-ring","12":"product_cat-lotus-collections","13":"product_cat-nose-jewellery","14":"product_cat-sunrise-gold","15":"product_cat-womens-jewellery","16":"product_tag-earrings","18":"first","19":"outofstock","20":"taxable","21":"shipping-taxable","22":"product-type-simple","23":"add-to-wishlist-before_image"},"yoast_head":"<!-- This site is optimized with the Yoast SEO plugin v27.3 - https:\/\/yoast.com\/product\/yoast-seo-wordpress\/ -->\n<title>22ct Gold Dewdrop Nose Ring with Diamond | PureJewels UK<\/title>\n<meta name=\"description\" content=\"Handcrafted in London, this 22ct Sunrise Gold Dew Drop Nose Ring features two natural diamonds totalling 0.02ct, hallmarked by the UK Assay Office.\" \/>\n<meta name=\"robots\" content=\"index, follow, max-snippet:-1, max-image-preview:large, max-video-preview:-1\" \/>\n<link rel=\"canonical\" href=\"https:\/\/www.purejewels.com\/tr\/urun\/ciy-damlasi-burun-halkasi-uk\/\" \/>\n<meta property=\"og:locale\" content=\"tr_TR\" \/>\n<meta property=\"og:type\" content=\"article\" \/>\n<meta property=\"og:title\" content=\"22ct Gold Dewdrop Nose Ring with Diamond | PureJewels UK\" \/>\n<meta property=\"og:description\" content=\"Handcrafted in London, this 22ct Sunrise Gold Dew Drop Nose Ring features two natural diamonds totalling 0.02ct, hallmarked by the UK Assay Office.\" \/>\n<meta property=\"og:url\" content=\"https:\/\/www.purejewels.com\/tr\/urun\/ciy-damlasi-burun-halkasi-uk\/\" \/>\n<meta property=\"og:site_name\" content=\"PureJewels UK\" \/>\n<meta property=\"article:modified_time\" content=\"2026-03-02T05:26:58+00:00\" \/>\n<meta property=\"og:image\" content=\"https:\/\/static.purejewels.com\/wp-content\/uploads\/2025\/10\/petal-drop-nose-ring.jpg\" \/>\n\t<meta property=\"og:image:width\" content=\"1000\" \/>\n\t<meta property=\"og:image:height\" content=\"1000\" \/>\n\t<meta property=\"og:image:type\" content=\"image\/jpeg\" \/>\n<meta name=\"twitter:card\" content=\"summary_large_image\" \/>\n<meta name=\"twitter:label1\" content=\"Tahmini okuma s\u00fcresi\" \/>\n\t<meta name=\"twitter:data1\" content=\"1 dakika\" \/>\n<script type=\"application\/ld+json\" class=\"yoast-schema-graph\">{\"@context\":\"https:\\\/\\\/schema.org\",\"@graph\":[{\"@type\":[\"WebPage\",\"ItemPage\"],\"@id\":\"https:\\\/\\\/www.purejewels.com\\\/product\\\/dew-drop-nose-ring-uk\\\/\",\"url\":\"https:\\\/\\\/www.purejewels.com\\\/product\\\/dew-drop-nose-ring-uk\\\/\",\"name\":\"22ct Gold Dewdrop Nose Ring with Diamond | PureJewels UK\",\"isPartOf\":{\"@id\":\"https:\\\/\\\/www.purejewels.com\\\/#website\"},\"primaryImageOfPage\":{\"@id\":\"https:\\\/\\\/www.purejewels.com\\\/product\\\/dew-drop-nose-ring-uk\\\/#primaryimage\"},\"image\":{\"@id\":\"https:\\\/\\\/www.purejewels.com\\\/product\\\/dew-drop-nose-ring-uk\\\/#primaryimage\"},\"thumbnailUrl\":\"https:\\\/\\\/static.purejewels.com\\\/wp-content\\\/uploads\\\/2025\\\/10\\\/petal-drop-nose-ring.jpg\",\"datePublished\":\"2025-07-14T11:37:19+00:00\",\"dateModified\":\"2026-03-02T05:26:58+00:00\",\"description\":\"Handcrafted in London, this 22ct Sunrise Gold Dew Drop Nose Ring features two natural diamonds totalling 0.02ct, hallmarked by the UK Assay Office.\",\"breadcrumb\":{\"@id\":\"https:\\\/\\\/www.purejewels.com\\\/product\\\/dew-drop-nose-ring-uk\\\/#breadcrumb\"},\"inLanguage\":\"tr\",\"potentialAction\":[{\"@type\":\"ReadAction\",\"target\":[\"https:\\\/\\\/www.purejewels.com\\\/product\\\/dew-drop-nose-ring-uk\\\/\"]}]},{\"@type\":\"ImageObject\",\"inLanguage\":\"tr\",\"@id\":\"https:\\\/\\\/www.purejewels.com\\\/product\\\/dew-drop-nose-ring-uk\\\/#primaryimage\",\"url\":\"https:\\\/\\\/static.purejewels.com\\\/wp-content\\\/uploads\\\/2025\\\/10\\\/petal-drop-nose-ring.jpg\",\"contentUrl\":\"https:\\\/\\\/static.purejewels.com\\\/wp-content\\\/uploads\\\/2025\\\/10\\\/petal-drop-nose-ring.jpg\",\"width\":1000,\"height\":1000},{\"@type\":\"BreadcrumbList\",\"@id\":\"https:\\\/\\\/www.purejewels.com\\\/product\\\/dew-drop-nose-ring-uk\\\/#breadcrumb\",\"itemListElement\":[{\"@type\":\"ListItem\",\"position\":1,\"name\":\"Home\",\"item\":\"https:\\\/\\\/www.purejewels.com\\\/\"},{\"@type\":\"ListItem\",\"position\":2,\"name\":\"Shop\",\"item\":\"https:\\\/\\\/www.purejewels.com\\\/shop\\\/\"},{\"@type\":\"ListItem\",\"position\":3,\"name\":\"Dew Drop Nose Ring\"}]},{\"@type\":\"WebSite\",\"@id\":\"https:\\\/\\\/www.purejewels.com\\\/#website\",\"url\":\"https:\\\/\\\/www.purejewels.com\\\/\",\"name\":\"PureJewels UK\",\"description\":\"Share the Love\",\"publisher\":{\"@id\":\"https:\\\/\\\/www.purejewels.com\\\/#organization\"},\"potentialAction\":[{\"@type\":\"SearchAction\",\"target\":{\"@type\":\"EntryPoint\",\"urlTemplate\":\"https:\\\/\\\/www.purejewels.com\\\/?s={search_term_string}\"},\"query-input\":{\"@type\":\"PropertyValueSpecification\",\"valueRequired\":true,\"valueName\":\"search_term_string\"}}],\"inLanguage\":\"tr\"},{\"@type\":\"Organization\",\"@id\":\"https:\\\/\\\/www.purejewels.com\\\/#organization\",\"name\":\"PureJewels UK\",\"url\":\"https:\\\/\\\/www.purejewels.com\\\/\",\"logo\":{\"@type\":\"ImageObject\",\"inLanguage\":\"tr\",\"@id\":\"https:\\\/\\\/www.purejewels.com\\\/#\\\/schema\\\/logo\\\/image\\\/\",\"url\":\"https:\\\/\\\/static.purejewels.com\\\/wp-content\\\/uploads\\\/2020\\\/11\\\/Logo-PJ-New-1.png\",\"contentUrl\":\"https:\\\/\\\/static.purejewels.com\\\/wp-content\\\/uploads\\\/2020\\\/11\\\/Logo-PJ-New-1.png\",\"width\":150,\"height\":80,\"caption\":\"PureJewels UK\"},\"image\":{\"@id\":\"https:\\\/\\\/www.purejewels.com\\\/#\\\/schema\\\/logo\\\/image\\\/\"}}]}<\/script>\n<!-- \/ Yoast SEO plugin. -->","yoast_head_json":{"title":"22 Ayar Alt\u0131n P\u0131rlantal\u0131 \u00c7iy Damlas\u0131 Burun Y\u00fcz\u00fc\u011f\u00fc | PureJewels UK","description":"Londra'da el i\u015f\u00e7ili\u011fiyle \u00fcretilen bu 22 ayar Sunrise Alt\u0131n \u00c7iy Damlas\u0131 Burun Y\u00fcz\u00fc\u011f\u00fc, Birle\u015fik Krall\u0131k Tahlil Ofisi taraf\u0131ndan damgalanm\u0131\u015f toplam 0,02 ct de\u011ferinde iki do\u011fal p\u0131rlantaya sahiptir.","robots":{"index":"index","follow":"follow","max-snippet":"max-snippet:-1","max-image-preview":"max-image-preview:large","max-video-preview":"max-video-preview:-1"},"canonical":"https:\/\/www.purejewels.com\/tr\/urun\/ciy-damlasi-burun-halkasi-uk\/","og_locale":"tr_TR","og_type":"article","og_title":"22ct Gold Dewdrop Nose Ring with Diamond | PureJewels UK","og_description":"Handcrafted in London, this 22ct Sunrise Gold Dew Drop Nose Ring features two natural diamonds totalling 0.02ct, hallmarked by the UK Assay Office.","og_url":"https:\/\/www.purejewels.com\/tr\/urun\/ciy-damlasi-burun-halkasi-uk\/","og_site_name":"PureJewels UK","article_modified_time":"2026-03-02T05:26:58+00:00","og_image":[{"width":1000,"height":1000,"url":"https:\/\/static.purejewels.com\/wp-content\/uploads\/2025\/10\/petal-drop-nose-ring.jpg","type":"image\/jpeg"}],"twitter_card":"summary_large_image","twitter_misc":{"Tahmini okuma s\u00fcresi":"1 dakika"},"schema":{"@context":"https:\/\/schema.org","@graph":[{"@type":["WebPage","ItemPage"],"@id":"https:\/\/www.purejewels.com\/product\/dew-drop-nose-ring-uk\/","url":"https:\/\/www.purejewels.com\/product\/dew-drop-nose-ring-uk\/","name":"22 Ayar Alt\u0131n P\u0131rlantal\u0131 \u00c7iy Damlas\u0131 Burun Y\u00fcz\u00fc\u011f\u00fc | PureJewels UK","isPartOf":{"@id":"https:\/\/www.purejewels.com\/#website"},"primaryImageOfPage":{"@id":"https:\/\/www.purejewels.com\/product\/dew-drop-nose-ring-uk\/#primaryimage"},"image":{"@id":"https:\/\/www.purejewels.com\/product\/dew-drop-nose-ring-uk\/#primaryimage"},"thumbnailUrl":"https:\/\/static.purejewels.com\/wp-content\/uploads\/2025\/10\/petal-drop-nose-ring.jpg","datePublished":"2025-07-14T11:37:19+00:00","dateModified":"2026-03-02T05:26:58+00:00","description":"Londra'da el i\u015f\u00e7ili\u011fiyle \u00fcretilen bu 22 ayar Sunrise Alt\u0131n \u00c7iy Damlas\u0131 Burun Y\u00fcz\u00fc\u011f\u00fc, Birle\u015fik Krall\u0131k Tahlil Ofisi taraf\u0131ndan damgalanm\u0131\u015f toplam 0,02 ct de\u011ferinde iki do\u011fal p\u0131rlantaya sahiptir.","breadcrumb":{"@id":"https:\/\/www.purejewels.com\/product\/dew-drop-nose-ring-uk\/#breadcrumb"},"inLanguage":"tr","potentialAction":[{"@type":"ReadAction","target":["https:\/\/www.purejewels.com\/product\/dew-drop-nose-ring-uk\/"]}]},{"@type":"ImageObject","inLanguage":"tr","@id":"https:\/\/www.purejewels.com\/product\/dew-drop-nose-ring-uk\/#primaryimage","url":"https:\/\/static.purejewels.com\/wp-content\/uploads\/2025\/10\/petal-drop-nose-ring.jpg","contentUrl":"https:\/\/static.purejewels.com\/wp-content\/uploads\/2025\/10\/petal-drop-nose-ring.jpg","width":1000,"height":1000},{"@type":"BreadcrumbList","@id":"https:\/\/www.purejewels.com\/product\/dew-drop-nose-ring-uk\/#breadcrumb","itemListElement":[{"@type":"ListItem","position":1,"name":"Home","item":"https:\/\/www.purejewels.com\/"},{"@type":"ListItem","position":2,"name":"Shop","item":"https:\/\/www.purejewels.com\/shop\/"},{"@type":"ListItem","position":3,"name":"Dew Drop Nose Ring"}]},{"@type":"WebSite","@id":"https:\/\/www.purejewels.com\/#website","url":"https:\/\/www.purejewels.com\/","name":"PureJewels \u0130ngiltere","description":"Sevgiyi Payla\u015f\u0131n","publisher":{"@id":"https:\/\/www.purejewels.com\/#organization"},"potentialAction":[{"@type":"SearchAction","target":{"@type":"EntryPoint","urlTemplate":"https:\/\/www.purejewels.com\/?s={search_term_string}"},"query-input":{"@type":"PropertyValueSpecification","valueRequired":true,"valueName":"search_term_string"}}],"inLanguage":"tr"},{"@type":"Organization","@id":"https:\/\/www.purejewels.com\/#organization","name":"PureJewels \u0130ngiltere","url":"https:\/\/www.purejewels.com\/","logo":{"@type":"ImageObject","inLanguage":"tr","@id":"https:\/\/www.purejewels.com\/#\/schema\/logo\/image\/","url":"https:\/\/static.purejewels.com\/wp-content\/uploads\/2020\/11\/Logo-PJ-New-1.png","contentUrl":"https:\/\/static.purejewels.com\/wp-content\/uploads\/2020\/11\/Logo-PJ-New-1.png","width":150,"height":80,"caption":"PureJewels UK"},"image":{"@id":"https:\/\/www.purejewels.com\/#\/schema\/logo\/image\/"}}]}},"_links":{"self":[{"href":"https:\/\/www.purejewels.com\/tr\/wp-json\/wp\/v2\/product\/419039","targetHints":{"allow":["GET"]}}],"collection":[{"href":"https:\/\/www.purejewels.com\/tr\/wp-json\/wp\/v2\/product"}],"about":[{"href":"https:\/\/www.purejewels.com\/tr\/wp-json\/wp\/v2\/types\/product"}],"replies":[{"embeddable":true,"href":"https:\/\/www.purejewels.com\/tr\/wp-json\/wp\/v2\/comments?post=419039"}],"version-history":[{"count":1,"href":"https:\/\/www.purejewels.com\/tr\/wp-json\/wp\/v2\/product\/419039\/revisions"}],"predecessor-version":[{"id":419044,"href":"https:\/\/www.purejewels.com\/tr\/wp-json\/wp\/v2\/product\/419039\/revisions\/419044"}],"wp:featuredmedia":[{"embeddable":true,"href":"https:\/\/www.purejewels.com\/tr\/wp-json\/wp\/v2\/media\/419041"}],"wp:attachment":[{"href":"https:\/\/www.purejewels.com\/tr\/wp-json\/wp\/v2\/media?parent=419039"}],"wp:term":[{"taxonomy":"product_brand","embeddable":true,"href":"https:\/\/www.purejewels.com\/tr\/wp-json\/wp\/v2\/product_brand?post=419039"},{"taxonomy":"product_cat","embeddable":true,"href":"https:\/\/www.purejewels.com\/tr\/wp-json\/wp\/v2\/product_cat?post=419039"},{"taxonomy":"product_tag","embeddable":true,"href":"https:\/\/www.purejewels.com\/tr\/wp-json\/wp\/v2\/product_tag?post=419039"}],"curies":[{"name":"wp","href":"https:\/\/api.w.org\/{rel}","templated":true}]}}