{"id":419046,"date":"2025-08-14T12:48:17","date_gmt":"2025-08-14T11:48:17","guid":{"rendered":"https:\/\/www.purejewels.com\/?post_type=product&#038;p=419046"},"modified":"2026-02-09T08:39:28","modified_gmt":"2026-02-09T08:39:28","slug":"22-ayar-gundogumu-altin-lilypad-kulak-kancasi","status":"publish","type":"product","link":"https:\/\/www.purejewels.com\/tr\/product\/22ct-sunrise-gold-lilypad-ear-hook\/","title":{"rendered":"Lilypad Kulak Kancas\u0131"},"content":{"rendered":"<p data-start=\"527\" data-end=\"906\"><strong data-start=\"527\" data-end=\"537\">Tasar\u0131m<\/strong><br data-start=\"537\" data-end=\"540\" \/>Lotus bitkisinin nazik dallar\u0131ndan ilham alan bu kulak kancas\u0131, kula\u011f\u0131n etraf\u0131nda do\u011fal, organik bir k\u0131vr\u0131mla akar. Tasar\u0131m, \u00e7i\u011f damlalar\u0131 gibi par\u0131ldayan 0,08 ct do\u011fal p\u0131rlantal\u0131 merkezi dairesel \u00e7er\u00e7eve ile hareket ve zarafetin \u00f6z\u00fcn\u00fc yakal\u0131yor. 22 ayar G\u00fcndo\u011fumu Alt\u0131n\u0131'ndan \u00fcretilen bu tasar\u0131m, do\u011fan\u0131n ritminden esintiler ta\u015f\u0131yan ak\u0131\u015fkanl\u0131\u011f\u0131 ve modern zarafeti temsil ediyor.<\/p>\n<p data-start=\"908\" data-end=\"1240\"><strong data-start=\"908\" data-end=\"925\">Zanaatkarl\u0131k<\/strong><br data-start=\"925\" data-end=\"928\" \/>Londra'da el yap\u0131m\u0131 olarak \u00fcretilen ve \u0130ngiltere Assay Ofisi taraf\u0131ndan damgalanan her bir kulak kancas\u0131, s\u0131cak tonu ve dayan\u0131kl\u0131l\u0131\u011f\u0131 i\u00e7in PureJewels'in imzas\u0131 olan Sunrise Gold ala\u015f\u0131m\u0131ndan \u015fekillendirilmi\u015ftir. P\u0131rlantalar hassas bir \u015fekilde elle yerle\u015ftirilirken, ak\u0131c\u0131 yap\u0131 kula\u011f\u0131 do\u011fal bir \u015fekilde saran g\u00fcvenli ve rahat bir uyum i\u00e7in tasarlanm\u0131\u015ft\u0131r.<\/p>\n<p data-start=\"1242\" data-end=\"1557\" data-is-last-node=\"\" data-is-only-node=\"\"><strong data-start=\"1242\" data-end=\"1263\">\u015eekillendirme &amp; Hediyele\u015fme<\/strong><br data-start=\"1263\" data-end=\"1266\" \/>Sanat ve tasar\u0131m\u0131 bir araya getiren bu \u00e7arp\u0131c\u0131 par\u00e7a, \u00e7a\u011fda\u015f stil veya gece davetleri i\u00e7in m\u00fckemmeldir. Heykelsi bir vurgu olarak tek ba\u015f\u0131na tak\u0131n veya minimalist m\u00fccevherlerle e\u015fle\u015ftirerek y\u00fcksek, modaya uygun bir g\u00f6r\u00fcn\u00fcm elde edin. Yarat\u0131c\u0131l\u0131\u011f\u0131 ve modern i\u015f\u00e7ili\u011fi benimseyenler i\u00e7in idealdir.<\/p>","protected":false},"excerpt":{"rendered":"<p>Lotus \u00e7i\u00e7e\u011finin dallar\u0131ndan ilham al\u0131narak tasarlanm\u0131\u015f 22 ayar alt\u0131ndan heykelsi bir kulak kancas\u0131. Londra'da 0,08 ct do\u011fal p\u0131rlanta ve ak\u0131c\u0131, organik bir siluetle el yap\u0131m\u0131.<\/p>\n<p><strong>Malzeme:<\/strong> 22 Ayar G\u00fcndo\u011fumu Alt\u0131n<strong><br \/>\n<strong>Hallmark: <\/strong><\/strong>\u0130ngiliz Damgas\u0131<strong><strong><br \/>\n<\/strong><\/strong><strong><strong>Ta\u015f: <\/strong><\/strong>Do\u011fal Elmaslar<strong><strong><br \/>\n<strong>Elmas A\u011f\u0131rl\u0131\u011f\u0131: <\/strong><\/strong><\/strong>0,08ct (toplam)<strong><strong><strong><br \/>\n<\/strong><\/strong><\/strong><strong><strong><strong><strong><strong><strong>Br\u00fct A\u011f\u0131rl\u0131k: <\/strong><\/strong><\/strong><\/strong><\/strong><\/strong>4 gms<strong><strong><strong><strong><strong><br \/>\n<strong>SKU: <\/strong><\/strong><\/strong><\/strong><\/strong><\/strong>52360<\/p>\n<p><strong><strong><strong><strong><strong><strong>Fiyat ve Teslimat: <\/strong><\/strong><\/strong><\/strong><\/strong><\/strong>KDV ve teslimat \u00fccretleri dahil<strong><strong><strong><strong><strong><br \/>\n<a href=\"https:\/\/www.purejewels.com\/tr\/i%cc%87ade-poli%cc%87ti%cc%87kasi\/\">\u0130ade Politikas\u0131<\/a><\/strong><\/strong><\/strong><\/strong><\/strong><\/p>","protected":false},"featured_media":419047,"comment_status":"closed","ping_status":"closed","template":"","meta":{"_eb_attr":"","_crsspst_to_jayantr4sg-hostcom":false},"product_brand":[],"product_cat":[1791,1559,5458,1793,1685,1254,1229,1633,1569,1573,1574],"product_tag":[66],"class_list":{"0":"post-419046","1":"product","2":"type-product","3":"status-publish","4":"has-post-thumbnail","6":"product_cat-anniversary-gifts","7":"product_cat-birthday-gifts","8":"product_cat-diamond-earring","9":"product_cat-diwali-gifts","10":"product_cat-drop-earrings","11":"product_cat-gold-earrings","12":"product_cat-22ct-gold-jewellery","13":"product_cat-lotus-collections","14":"product_cat-valentine-day-gifts","15":"product_cat-wedding-gifts","16":"product_cat-womens-jewellery","17":"product_tag-earrings","19":"first","20":"instock","21":"taxable","22":"shipping-taxable","23":"purchasable","24":"product-type-simple","25":"add-to-wishlist-before_image"},"yoast_head":"<!-- This site is optimized with the Yoast SEO plugin v27.3 - https:\/\/yoast.com\/product\/yoast-seo-wordpress\/ -->\n<title>22ct Sunrise Gold Lilypad Ear Hook | PureJewels UK<\/title>\n<meta name=\"description\" content=\"Handcrafted in London, this 22ct Sunrise Gold Lilypad Ear Hook features 0.08ct natural diamonds and an organic tendril-like flow inspired by the lotus flower.\" \/>\n<meta name=\"robots\" content=\"index, follow, max-snippet:-1, max-image-preview:large, max-video-preview:-1\" \/>\n<link rel=\"canonical\" href=\"https:\/\/www.purejewels.com\/tr\/urun\/22-ayar-gundogumu-altin-lilypad-kulak-kancasi\/\" \/>\n<meta property=\"og:locale\" content=\"tr_TR\" \/>\n<meta property=\"og:type\" content=\"article\" \/>\n<meta property=\"og:title\" content=\"22ct Sunrise Gold Lilypad Ear Hook | PureJewels UK\" \/>\n<meta property=\"og:description\" content=\"Handcrafted in London, this 22ct Sunrise Gold Lilypad Ear Hook features 0.08ct natural diamonds and an organic tendril-like flow inspired by the lotus flower.\" \/>\n<meta property=\"og:url\" content=\"https:\/\/www.purejewels.com\/tr\/urun\/22-ayar-gundogumu-altin-lilypad-kulak-kancasi\/\" \/>\n<meta property=\"og:site_name\" content=\"PureJewels UK\" \/>\n<meta property=\"article:modified_time\" content=\"2026-02-09T08:39:28+00:00\" \/>\n<meta property=\"og:image\" content=\"https:\/\/static.purejewels.com\/wp-content\/uploads\/2025\/10\/Ear-hook.jpg\" \/>\n\t<meta property=\"og:image:width\" content=\"1000\" \/>\n\t<meta property=\"og:image:height\" content=\"1000\" \/>\n\t<meta property=\"og:image:type\" content=\"image\/jpeg\" \/>\n<meta name=\"twitter:card\" content=\"summary_large_image\" \/>\n<meta name=\"twitter:label1\" content=\"Tahmini okuma s\u00fcresi\" \/>\n\t<meta name=\"twitter:data1\" content=\"1 dakika\" \/>\n<script type=\"application\/ld+json\" class=\"yoast-schema-graph\">{\"@context\":\"https:\\\/\\\/schema.org\",\"@graph\":[{\"@type\":[\"WebPage\",\"ItemPage\"],\"@id\":\"https:\\\/\\\/www.purejewels.com\\\/product\\\/22ct-sunrise-gold-lilypad-ear-hook\\\/\",\"url\":\"https:\\\/\\\/www.purejewels.com\\\/product\\\/22ct-sunrise-gold-lilypad-ear-hook\\\/\",\"name\":\"22ct Sunrise Gold Lilypad Ear Hook | PureJewels UK\",\"isPartOf\":{\"@id\":\"https:\\\/\\\/www.purejewels.com\\\/#website\"},\"primaryImageOfPage\":{\"@id\":\"https:\\\/\\\/www.purejewels.com\\\/product\\\/22ct-sunrise-gold-lilypad-ear-hook\\\/#primaryimage\"},\"image\":{\"@id\":\"https:\\\/\\\/www.purejewels.com\\\/product\\\/22ct-sunrise-gold-lilypad-ear-hook\\\/#primaryimage\"},\"thumbnailUrl\":\"https:\\\/\\\/static.purejewels.com\\\/wp-content\\\/uploads\\\/2025\\\/10\\\/Ear-hook.jpg\",\"datePublished\":\"2025-08-14T11:48:17+00:00\",\"dateModified\":\"2026-02-09T08:39:28+00:00\",\"description\":\"Handcrafted in London, this 22ct Sunrise Gold Lilypad Ear Hook features 0.08ct natural diamonds and an organic tendril-like flow inspired by the lotus flower.\",\"breadcrumb\":{\"@id\":\"https:\\\/\\\/www.purejewels.com\\\/product\\\/22ct-sunrise-gold-lilypad-ear-hook\\\/#breadcrumb\"},\"inLanguage\":\"tr\",\"potentialAction\":[{\"@type\":\"ReadAction\",\"target\":[\"https:\\\/\\\/www.purejewels.com\\\/product\\\/22ct-sunrise-gold-lilypad-ear-hook\\\/\"]}]},{\"@type\":\"ImageObject\",\"inLanguage\":\"tr\",\"@id\":\"https:\\\/\\\/www.purejewels.com\\\/product\\\/22ct-sunrise-gold-lilypad-ear-hook\\\/#primaryimage\",\"url\":\"https:\\\/\\\/static.purejewels.com\\\/wp-content\\\/uploads\\\/2025\\\/10\\\/Ear-hook.jpg\",\"contentUrl\":\"https:\\\/\\\/static.purejewels.com\\\/wp-content\\\/uploads\\\/2025\\\/10\\\/Ear-hook.jpg\",\"width\":1000,\"height\":1000},{\"@type\":\"BreadcrumbList\",\"@id\":\"https:\\\/\\\/www.purejewels.com\\\/product\\\/22ct-sunrise-gold-lilypad-ear-hook\\\/#breadcrumb\",\"itemListElement\":[{\"@type\":\"ListItem\",\"position\":1,\"name\":\"Home\",\"item\":\"https:\\\/\\\/www.purejewels.com\\\/\"},{\"@type\":\"ListItem\",\"position\":2,\"name\":\"Shop\",\"item\":\"https:\\\/\\\/www.purejewels.com\\\/shop\\\/\"},{\"@type\":\"ListItem\",\"position\":3,\"name\":\"Lilypad Ear Hook\"}]},{\"@type\":\"WebSite\",\"@id\":\"https:\\\/\\\/www.purejewels.com\\\/#website\",\"url\":\"https:\\\/\\\/www.purejewels.com\\\/\",\"name\":\"PureJewels UK\",\"description\":\"Share the Love\",\"publisher\":{\"@id\":\"https:\\\/\\\/www.purejewels.com\\\/#organization\"},\"potentialAction\":[{\"@type\":\"SearchAction\",\"target\":{\"@type\":\"EntryPoint\",\"urlTemplate\":\"https:\\\/\\\/www.purejewels.com\\\/?s={search_term_string}\"},\"query-input\":{\"@type\":\"PropertyValueSpecification\",\"valueRequired\":true,\"valueName\":\"search_term_string\"}}],\"inLanguage\":\"tr\"},{\"@type\":\"Organization\",\"@id\":\"https:\\\/\\\/www.purejewels.com\\\/#organization\",\"name\":\"PureJewels UK\",\"url\":\"https:\\\/\\\/www.purejewels.com\\\/\",\"logo\":{\"@type\":\"ImageObject\",\"inLanguage\":\"tr\",\"@id\":\"https:\\\/\\\/www.purejewels.com\\\/#\\\/schema\\\/logo\\\/image\\\/\",\"url\":\"https:\\\/\\\/static.purejewels.com\\\/wp-content\\\/uploads\\\/2020\\\/11\\\/Logo-PJ-New-1.png\",\"contentUrl\":\"https:\\\/\\\/static.purejewels.com\\\/wp-content\\\/uploads\\\/2020\\\/11\\\/Logo-PJ-New-1.png\",\"width\":150,\"height\":80,\"caption\":\"PureJewels UK\"},\"image\":{\"@id\":\"https:\\\/\\\/www.purejewels.com\\\/#\\\/schema\\\/logo\\\/image\\\/\"}}]}<\/script>\n<!-- \/ Yoast SEO plugin. -->","yoast_head_json":{"title":"22 Ayar G\u00fcndo\u011fumu Alt\u0131n Lilypad Kulak Kancas\u0131 | PureJewels UK","description":"Londra'da el i\u015f\u00e7ili\u011fiyle \u00fcretilen bu 22 ayar Sunrise Alt\u0131n Lilypad Kulak Kancas\u0131, 0,08 ayar do\u011fal p\u0131rlanta ve lotus \u00e7i\u00e7e\u011finden ilham alan organik dal benzeri bir ak\u0131\u015fa sahiptir.","robots":{"index":"index","follow":"follow","max-snippet":"max-snippet:-1","max-image-preview":"max-image-preview:large","max-video-preview":"max-video-preview:-1"},"canonical":"https:\/\/www.purejewels.com\/tr\/urun\/22-ayar-gundogumu-altin-lilypad-kulak-kancasi\/","og_locale":"tr_TR","og_type":"article","og_title":"22ct Sunrise Gold Lilypad Ear Hook | PureJewels UK","og_description":"Handcrafted in London, this 22ct Sunrise Gold Lilypad Ear Hook features 0.08ct natural diamonds and an organic tendril-like flow inspired by the lotus flower.","og_url":"https:\/\/www.purejewels.com\/tr\/urun\/22-ayar-gundogumu-altin-lilypad-kulak-kancasi\/","og_site_name":"PureJewels UK","article_modified_time":"2026-02-09T08:39:28+00:00","og_image":[{"width":1000,"height":1000,"url":"https:\/\/static.purejewels.com\/wp-content\/uploads\/2025\/10\/Ear-hook.jpg","type":"image\/jpeg"}],"twitter_card":"summary_large_image","twitter_misc":{"Tahmini okuma s\u00fcresi":"1 dakika"},"schema":{"@context":"https:\/\/schema.org","@graph":[{"@type":["WebPage","ItemPage"],"@id":"https:\/\/www.purejewels.com\/product\/22ct-sunrise-gold-lilypad-ear-hook\/","url":"https:\/\/www.purejewels.com\/product\/22ct-sunrise-gold-lilypad-ear-hook\/","name":"22 Ayar G\u00fcndo\u011fumu Alt\u0131n Lilypad Kulak Kancas\u0131 | PureJewels UK","isPartOf":{"@id":"https:\/\/www.purejewels.com\/#website"},"primaryImageOfPage":{"@id":"https:\/\/www.purejewels.com\/product\/22ct-sunrise-gold-lilypad-ear-hook\/#primaryimage"},"image":{"@id":"https:\/\/www.purejewels.com\/product\/22ct-sunrise-gold-lilypad-ear-hook\/#primaryimage"},"thumbnailUrl":"https:\/\/static.purejewels.com\/wp-content\/uploads\/2025\/10\/Ear-hook.jpg","datePublished":"2025-08-14T11:48:17+00:00","dateModified":"2026-02-09T08:39:28+00:00","description":"Londra'da el i\u015f\u00e7ili\u011fiyle \u00fcretilen bu 22 ayar Sunrise Alt\u0131n Lilypad Kulak Kancas\u0131, 0,08 ayar do\u011fal p\u0131rlanta ve lotus \u00e7i\u00e7e\u011finden ilham alan organik dal benzeri bir ak\u0131\u015fa sahiptir.","breadcrumb":{"@id":"https:\/\/www.purejewels.com\/product\/22ct-sunrise-gold-lilypad-ear-hook\/#breadcrumb"},"inLanguage":"tr","potentialAction":[{"@type":"ReadAction","target":["https:\/\/www.purejewels.com\/product\/22ct-sunrise-gold-lilypad-ear-hook\/"]}]},{"@type":"ImageObject","inLanguage":"tr","@id":"https:\/\/www.purejewels.com\/product\/22ct-sunrise-gold-lilypad-ear-hook\/#primaryimage","url":"https:\/\/static.purejewels.com\/wp-content\/uploads\/2025\/10\/Ear-hook.jpg","contentUrl":"https:\/\/static.purejewels.com\/wp-content\/uploads\/2025\/10\/Ear-hook.jpg","width":1000,"height":1000},{"@type":"BreadcrumbList","@id":"https:\/\/www.purejewels.com\/product\/22ct-sunrise-gold-lilypad-ear-hook\/#breadcrumb","itemListElement":[{"@type":"ListItem","position":1,"name":"Home","item":"https:\/\/www.purejewels.com\/"},{"@type":"ListItem","position":2,"name":"Shop","item":"https:\/\/www.purejewels.com\/shop\/"},{"@type":"ListItem","position":3,"name":"Lilypad Ear Hook"}]},{"@type":"WebSite","@id":"https:\/\/www.purejewels.com\/#website","url":"https:\/\/www.purejewels.com\/","name":"PureJewels \u0130ngiltere","description":"Sevgiyi Payla\u015f\u0131n","publisher":{"@id":"https:\/\/www.purejewels.com\/#organization"},"potentialAction":[{"@type":"SearchAction","target":{"@type":"EntryPoint","urlTemplate":"https:\/\/www.purejewels.com\/?s={search_term_string}"},"query-input":{"@type":"PropertyValueSpecification","valueRequired":true,"valueName":"search_term_string"}}],"inLanguage":"tr"},{"@type":"Organization","@id":"https:\/\/www.purejewels.com\/#organization","name":"PureJewels \u0130ngiltere","url":"https:\/\/www.purejewels.com\/","logo":{"@type":"ImageObject","inLanguage":"tr","@id":"https:\/\/www.purejewels.com\/#\/schema\/logo\/image\/","url":"https:\/\/static.purejewels.com\/wp-content\/uploads\/2020\/11\/Logo-PJ-New-1.png","contentUrl":"https:\/\/static.purejewels.com\/wp-content\/uploads\/2020\/11\/Logo-PJ-New-1.png","width":150,"height":80,"caption":"PureJewels UK"},"image":{"@id":"https:\/\/www.purejewels.com\/#\/schema\/logo\/image\/"}}]}},"_links":{"self":[{"href":"https:\/\/www.purejewels.com\/tr\/wp-json\/wp\/v2\/product\/419046","targetHints":{"allow":["GET"]}}],"collection":[{"href":"https:\/\/www.purejewels.com\/tr\/wp-json\/wp\/v2\/product"}],"about":[{"href":"https:\/\/www.purejewels.com\/tr\/wp-json\/wp\/v2\/types\/product"}],"replies":[{"embeddable":true,"href":"https:\/\/www.purejewels.com\/tr\/wp-json\/wp\/v2\/comments?post=419046"}],"version-history":[{"count":2,"href":"https:\/\/www.purejewels.com\/tr\/wp-json\/wp\/v2\/product\/419046\/revisions"}],"predecessor-version":[{"id":424432,"href":"https:\/\/www.purejewels.com\/tr\/wp-json\/wp\/v2\/product\/419046\/revisions\/424432"}],"wp:featuredmedia":[{"embeddable":true,"href":"https:\/\/www.purejewels.com\/tr\/wp-json\/wp\/v2\/media\/419047"}],"wp:attachment":[{"href":"https:\/\/www.purejewels.com\/tr\/wp-json\/wp\/v2\/media?parent=419046"}],"wp:term":[{"taxonomy":"product_brand","embeddable":true,"href":"https:\/\/www.purejewels.com\/tr\/wp-json\/wp\/v2\/product_brand?post=419046"},{"taxonomy":"product_cat","embeddable":true,"href":"https:\/\/www.purejewels.com\/tr\/wp-json\/wp\/v2\/product_cat?post=419046"},{"taxonomy":"product_tag","embeddable":true,"href":"https:\/\/www.purejewels.com\/tr\/wp-json\/wp\/v2\/product_tag?post=419046"}],"curies":[{"name":"wp","href":"https:\/\/api.w.org\/{rel}","templated":true}]}}