{"id":419070,"date":"2025-09-15T05:03:08","date_gmt":"2025-09-15T04:03:08","guid":{"rendered":"https:\/\/www.purejewels.com\/?post_type=product&#038;p=419070"},"modified":"2026-03-04T06:08:54","modified_gmt":"2026-03-04T06:08:54","slug":"22-ayar-altin-burgu-damla-cz-kolye-52466","status":"publish","type":"product","link":"https:\/\/www.purejewels.com\/tr\/product\/22ct-gold-twirl-drop-cz-pendant-52466\/","title":{"rendered":"22 Ayar Alt\u0131n Burgu Damla CZ Kolye"},"content":{"rendered":"<h3 data-start=\"610\" data-end=\"626\"><strong data-start=\"614\" data-end=\"624\">Tasar\u0131m<\/strong><\/h3>\n<p data-start=\"627\" data-end=\"941\">22 Ayar Alt\u0131n Twirl Damla CZ Kolye, zarif hareket ve ak\u0131\u015fkan formdan ilham al\u0131yor. Yontulmu\u015f spiral tasar\u0131m\u0131, hareketin durgunlukla bulu\u015ftu\u011fu an\u0131 yakalar ve \u0131\u015f\u0131lt\u0131l\u0131 k\u00fcbik zirkon ta\u015flardan olu\u015fan bir iz ile zenginle\u015ftirilmi\u015ftir. Kavisli silueti kad\u0131ns\u0131l\u0131\u011f\u0131 ve dengeyi yans\u0131tarak onu modern bir zarafet ifadesi haline getiriyor.<\/p>\n<h3 data-start=\"943\" data-end=\"966\"><strong data-start=\"947\" data-end=\"964\">Zanaatkarl\u0131k<\/strong><\/h3>\n<p data-start=\"967\" data-end=\"1208\">Saf 22 ayar alt\u0131ndan ustal\u0131kla el i\u015f\u00e7ili\u011fiyle \u00fcretilen bu kolye ucu, hassas ta\u015f yerle\u015fimi ve p\u00fcr\u00fczs\u00fcz, y\u00fcksek cilal\u0131 bir y\u00fczey sergiler. Her bir k\u00fcbik zirkonya maksimum parlakl\u0131\u011f\u0131 yans\u0131tacak \u015fekilde \u00f6zenle yerle\u015ftirilmi\u015f olup kal\u0131c\u0131 g\u00fczellik ve zarif i\u015f\u00e7ilik sa\u011flar.<\/p>\n<h3 data-start=\"1210\" data-end=\"1237\"><strong data-start=\"1214\" data-end=\"1235\">\u015eekillendirme &amp; Hediyele\u015fme<\/strong><\/h3>\n<p data-start=\"1238\" data-end=\"1493\">G\u00fcnl\u00fck g\u00f6r\u00fcn\u00fcm\u00fcn\u00fcze \u0131\u015f\u0131lt\u0131 katmak i\u00e7in sade bir alt\u0131n zincirle tak\u0131n veya bayramlarda uyumlu CZ k\u00fcpelerle e\u015fle\u015ftirin. Do\u011fum g\u00fcnleri, y\u0131l d\u00f6n\u00fcmleri veya ki\u015fisel d\u00f6n\u00fcm noktalar\u0131 i\u00e7in d\u00fc\u015f\u00fcnceli bir hediye olan bu \u00fcr\u00fcn, saf alt\u0131n\u0131n zahmetsiz cazibesini yakalar.<\/p>\n<p data-start=\"1238\" data-end=\"1493\">Bu 22 Ayar Alt\u0131n Twirl Drop CZ Kolye, zarif bir g\u00f6r\u00fcn\u00fcm i\u00e7in \u0131\u015f\u0131lt\u0131l\u0131 k\u00fcbik zirkonya ile vurgulanm\u0131\u015f zarif ve ak\u0131c\u0131 bir siluete sahiptir. Zarif k\u0131vr\u0131mlar\u0131 s\u0131cakl\u0131\u011f\u0131 ve ba\u011flant\u0131y\u0131 sembolize ederek onu anlaml\u0131 bir hat\u0131ra haline getiriyor. \u0130ngiltere'de online olarak zamans\u0131z Anneler G\u00fcn\u00fc m\u00fccevherlerini ke\u015ffedin ve onun kadar g\u00fczel parlayan bir hediye ile onu \u015fa\u015f\u0131rt\u0131n.<\/p>","protected":false},"excerpt":{"rendered":"<p data-start=\"151\" data-end=\"420\">Ak\u0131c\u0131 burgu tasar\u0131m\u0131 ve \u0131\u015f\u0131\u011f\u0131 g\u00fczel bir \u015fekilde yakalayan parlak CZ vurgular\u0131yla zarif bir 22 ayar alt\u0131n kolye ucu. Hem g\u00fcnl\u00fck kullan\u0131m hem de hediye i\u00e7in m\u00fckemmeldir.<\/p>\n<p><strong>Malzeme:<\/strong> 22 Ayar Alt\u0131n (91,6% Saf Alt\u0131n)<strong><br \/>\nHallmark:\u00a0<\/strong>\u0130ngiliz Damgas\u0131<strong><br \/>\n<\/strong><strong>Br\u00fct A\u011f\u0131rl\u0131k: <\/strong>1.41 Gms<br \/>\n<strong>Net A\u011f\u0131rl\u0131k: <\/strong>1.39 Gms<strong><br \/>\nSKU: <\/strong>52466<\/p>\n<p><strong>Fiyat ve Teslimat:\u00a0<\/strong>KDV ve teslimat \u00fccretleri dahildir, zincir fiyat\u0131 dahil de\u011fildir<strong><br \/>\n<a href=\"https:\/\/www.purejewels.com\/tr\/i%cc%87ade-poli%cc%87ti%cc%87kasi\/\">\u0130ade Politikas\u0131<\/a><\/strong><\/p>","protected":false},"featured_media":419071,"comment_status":"closed","ping_status":"closed","template":"","meta":{"_eb_attr":"","_crsspst_to_jayantr4sg-hostcom":true},"product_brand":[],"product_cat":[1791,1559,1793,6190,1770,1792,1790,1229,1255,5343,1767,1570,1569,1573,1574,5349],"product_tag":[],"class_list":{"0":"post-419070","1":"product","2":"type-product","3":"status-publish","4":"has-post-thumbnail","6":"product_cat-anniversary-gifts","7":"product_cat-birthday-gifts","8":"product_cat-diwali-gifts","9":"product_cat-easter-jewellery","10":"product_cat-fancy-pendants","11":"product_cat-festival-gifts","12":"product_cat-for-whom-when","13":"product_cat-22ct-gold-jewellery","14":"product_cat-gold-pendants","15":"product_cat-jewellery-under-550","16":"product_cat-ladies-pendants","17":"product_cat-mothers-day-gifts","18":"product_cat-valentine-day-gifts","19":"product_cat-wedding-gifts","20":"product_cat-womens-jewellery","21":"product_cat-yellow-gold-jewellery","23":"first","24":"instock","25":"taxable","26":"shipping-taxable","27":"purchasable","28":"product-type-simple","29":"add-to-wishlist-before_image"},"yoast_head":"<!-- This site is optimized with the Yoast SEO plugin v27.3 - https:\/\/yoast.com\/product\/yoast-seo-wordpress\/ -->\n<title>22ct Gold Twirl Drop CZ Pendant for Women | PureJewels UK<\/title>\n<meta name=\"description\" content=\"Shop the 22ct Gold Twirl Drop CZ Pendant. Handcrafted in radiant gold with a curved design and sparkling CZ stones, this pendant adds elegance to any look.\" \/>\n<meta name=\"robots\" content=\"index, follow, max-snippet:-1, max-image-preview:large, max-video-preview:-1\" \/>\n<link rel=\"canonical\" href=\"https:\/\/www.purejewels.com\/tr\/urun\/22-ayar-altin-burgu-damla-cz-kolye-52466\/\" \/>\n<meta property=\"og:locale\" content=\"tr_TR\" \/>\n<meta property=\"og:type\" content=\"article\" \/>\n<meta property=\"og:title\" content=\"22ct Gold Twirl Drop CZ Pendant for Women | PureJewels UK\" \/>\n<meta property=\"og:description\" content=\"Shop the 22ct Gold Twirl Drop CZ Pendant. Handcrafted in radiant gold with a curved design and sparkling CZ stones, this pendant adds elegance to any look.\" \/>\n<meta property=\"og:url\" content=\"https:\/\/www.purejewels.com\/tr\/urun\/22-ayar-altin-burgu-damla-cz-kolye-52466\/\" \/>\n<meta property=\"og:site_name\" content=\"PureJewels UK\" \/>\n<meta property=\"article:modified_time\" content=\"2026-03-04T06:08:54+00:00\" \/>\n<meta property=\"og:image\" content=\"https:\/\/static.purejewels.com\/wp-content\/uploads\/2025\/10\/52466.jpg\" \/>\n\t<meta property=\"og:image:width\" content=\"1000\" \/>\n\t<meta property=\"og:image:height\" content=\"1000\" \/>\n\t<meta property=\"og:image:type\" content=\"image\/jpeg\" \/>\n<meta name=\"twitter:card\" content=\"summary_large_image\" \/>\n<meta name=\"twitter:label1\" content=\"Tahmini okuma s\u00fcresi\" \/>\n\t<meta name=\"twitter:data1\" content=\"1 dakika\" \/>\n<script type=\"application\/ld+json\" class=\"yoast-schema-graph\">{\"@context\":\"https:\\\/\\\/schema.org\",\"@graph\":[{\"@type\":[\"WebPage\",\"ItemPage\"],\"@id\":\"https:\\\/\\\/www.purejewels.com\\\/product\\\/22ct-gold-twirl-drop-cz-pendant-52466\\\/\",\"url\":\"https:\\\/\\\/www.purejewels.com\\\/product\\\/22ct-gold-twirl-drop-cz-pendant-52466\\\/\",\"name\":\"22ct Gold Twirl Drop CZ Pendant for Women | PureJewels UK\",\"isPartOf\":{\"@id\":\"https:\\\/\\\/www.purejewels.com\\\/#website\"},\"primaryImageOfPage\":{\"@id\":\"https:\\\/\\\/www.purejewels.com\\\/product\\\/22ct-gold-twirl-drop-cz-pendant-52466\\\/#primaryimage\"},\"image\":{\"@id\":\"https:\\\/\\\/www.purejewels.com\\\/product\\\/22ct-gold-twirl-drop-cz-pendant-52466\\\/#primaryimage\"},\"thumbnailUrl\":\"https:\\\/\\\/static.purejewels.com\\\/wp-content\\\/uploads\\\/2025\\\/10\\\/52466.jpg\",\"datePublished\":\"2025-09-15T04:03:08+00:00\",\"dateModified\":\"2026-03-04T06:08:54+00:00\",\"description\":\"Shop the 22ct Gold Twirl Drop CZ Pendant. Handcrafted in radiant gold with a curved design and sparkling CZ stones, this pendant adds elegance to any look.\",\"breadcrumb\":{\"@id\":\"https:\\\/\\\/www.purejewels.com\\\/product\\\/22ct-gold-twirl-drop-cz-pendant-52466\\\/#breadcrumb\"},\"inLanguage\":\"tr\",\"potentialAction\":[{\"@type\":\"ReadAction\",\"target\":[\"https:\\\/\\\/www.purejewels.com\\\/product\\\/22ct-gold-twirl-drop-cz-pendant-52466\\\/\"]}]},{\"@type\":\"ImageObject\",\"inLanguage\":\"tr\",\"@id\":\"https:\\\/\\\/www.purejewels.com\\\/product\\\/22ct-gold-twirl-drop-cz-pendant-52466\\\/#primaryimage\",\"url\":\"https:\\\/\\\/static.purejewels.com\\\/wp-content\\\/uploads\\\/2025\\\/10\\\/52466.jpg\",\"contentUrl\":\"https:\\\/\\\/static.purejewels.com\\\/wp-content\\\/uploads\\\/2025\\\/10\\\/52466.jpg\",\"width\":1000,\"height\":1000,\"caption\":\"22ct Gold Twirl Drop CZ Pendant\"},{\"@type\":\"BreadcrumbList\",\"@id\":\"https:\\\/\\\/www.purejewels.com\\\/product\\\/22ct-gold-twirl-drop-cz-pendant-52466\\\/#breadcrumb\",\"itemListElement\":[{\"@type\":\"ListItem\",\"position\":1,\"name\":\"Home\",\"item\":\"https:\\\/\\\/www.purejewels.com\\\/\"},{\"@type\":\"ListItem\",\"position\":2,\"name\":\"Shop\",\"item\":\"https:\\\/\\\/www.purejewels.com\\\/shop\\\/\"},{\"@type\":\"ListItem\",\"position\":3,\"name\":\"22ct Gold Twirl Drop CZ Pendant\"}]},{\"@type\":\"WebSite\",\"@id\":\"https:\\\/\\\/www.purejewels.com\\\/#website\",\"url\":\"https:\\\/\\\/www.purejewels.com\\\/\",\"name\":\"PureJewels UK\",\"description\":\"Share the Love\",\"publisher\":{\"@id\":\"https:\\\/\\\/www.purejewels.com\\\/#organization\"},\"potentialAction\":[{\"@type\":\"SearchAction\",\"target\":{\"@type\":\"EntryPoint\",\"urlTemplate\":\"https:\\\/\\\/www.purejewels.com\\\/?s={search_term_string}\"},\"query-input\":{\"@type\":\"PropertyValueSpecification\",\"valueRequired\":true,\"valueName\":\"search_term_string\"}}],\"inLanguage\":\"tr\"},{\"@type\":\"Organization\",\"@id\":\"https:\\\/\\\/www.purejewels.com\\\/#organization\",\"name\":\"PureJewels UK\",\"url\":\"https:\\\/\\\/www.purejewels.com\\\/\",\"logo\":{\"@type\":\"ImageObject\",\"inLanguage\":\"tr\",\"@id\":\"https:\\\/\\\/www.purejewels.com\\\/#\\\/schema\\\/logo\\\/image\\\/\",\"url\":\"https:\\\/\\\/static.purejewels.com\\\/wp-content\\\/uploads\\\/2020\\\/11\\\/Logo-PJ-New-1.png\",\"contentUrl\":\"https:\\\/\\\/static.purejewels.com\\\/wp-content\\\/uploads\\\/2020\\\/11\\\/Logo-PJ-New-1.png\",\"width\":150,\"height\":80,\"caption\":\"PureJewels UK\"},\"image\":{\"@id\":\"https:\\\/\\\/www.purejewels.com\\\/#\\\/schema\\\/logo\\\/image\\\/\"}}]}<\/script>\n<!-- \/ Yoast SEO plugin. -->","yoast_head_json":{"title":"Kad\u0131nlar i\u00e7in 22 Ayar Alt\u0131n Twirl Damla CZ Kolye | PureJewels UK","description":"22 Ayar Alt\u0131n Twirl Damla CZ Kolye Ucunu sat\u0131n al\u0131n. Kavisli tasar\u0131m\u0131 ve \u0131\u015f\u0131lt\u0131l\u0131 CZ ta\u015flar\u0131yla parlak alt\u0131ndan el i\u015f\u00e7ili\u011fiyle \u00fcretilen bu kolye ucu, her g\u00f6r\u00fcn\u00fcme zarafet katar.","robots":{"index":"index","follow":"follow","max-snippet":"max-snippet:-1","max-image-preview":"max-image-preview:large","max-video-preview":"max-video-preview:-1"},"canonical":"https:\/\/www.purejewels.com\/tr\/urun\/22-ayar-altin-burgu-damla-cz-kolye-52466\/","og_locale":"tr_TR","og_type":"article","og_title":"22ct Gold Twirl Drop CZ Pendant for Women | PureJewels UK","og_description":"Shop the 22ct Gold Twirl Drop CZ Pendant. Handcrafted in radiant gold with a curved design and sparkling CZ stones, this pendant adds elegance to any look.","og_url":"https:\/\/www.purejewels.com\/tr\/urun\/22-ayar-altin-burgu-damla-cz-kolye-52466\/","og_site_name":"PureJewels UK","article_modified_time":"2026-03-04T06:08:54+00:00","og_image":[{"width":1000,"height":1000,"url":"https:\/\/static.purejewels.com\/wp-content\/uploads\/2025\/10\/52466.jpg","type":"image\/jpeg"}],"twitter_card":"summary_large_image","twitter_misc":{"Tahmini okuma s\u00fcresi":"1 dakika"},"schema":{"@context":"https:\/\/schema.org","@graph":[{"@type":["WebPage","ItemPage"],"@id":"https:\/\/www.purejewels.com\/product\/22ct-gold-twirl-drop-cz-pendant-52466\/","url":"https:\/\/www.purejewels.com\/product\/22ct-gold-twirl-drop-cz-pendant-52466\/","name":"Kad\u0131nlar i\u00e7in 22 Ayar Alt\u0131n Twirl Damla CZ Kolye | PureJewels UK","isPartOf":{"@id":"https:\/\/www.purejewels.com\/#website"},"primaryImageOfPage":{"@id":"https:\/\/www.purejewels.com\/product\/22ct-gold-twirl-drop-cz-pendant-52466\/#primaryimage"},"image":{"@id":"https:\/\/www.purejewels.com\/product\/22ct-gold-twirl-drop-cz-pendant-52466\/#primaryimage"},"thumbnailUrl":"https:\/\/static.purejewels.com\/wp-content\/uploads\/2025\/10\/52466.jpg","datePublished":"2025-09-15T04:03:08+00:00","dateModified":"2026-03-04T06:08:54+00:00","description":"22 Ayar Alt\u0131n Twirl Damla CZ Kolye Ucunu sat\u0131n al\u0131n. Kavisli tasar\u0131m\u0131 ve \u0131\u015f\u0131lt\u0131l\u0131 CZ ta\u015flar\u0131yla parlak alt\u0131ndan el i\u015f\u00e7ili\u011fiyle \u00fcretilen bu kolye ucu, her g\u00f6r\u00fcn\u00fcme zarafet katar.","breadcrumb":{"@id":"https:\/\/www.purejewels.com\/product\/22ct-gold-twirl-drop-cz-pendant-52466\/#breadcrumb"},"inLanguage":"tr","potentialAction":[{"@type":"ReadAction","target":["https:\/\/www.purejewels.com\/product\/22ct-gold-twirl-drop-cz-pendant-52466\/"]}]},{"@type":"ImageObject","inLanguage":"tr","@id":"https:\/\/www.purejewels.com\/product\/22ct-gold-twirl-drop-cz-pendant-52466\/#primaryimage","url":"https:\/\/static.purejewels.com\/wp-content\/uploads\/2025\/10\/52466.jpg","contentUrl":"https:\/\/static.purejewels.com\/wp-content\/uploads\/2025\/10\/52466.jpg","width":1000,"height":1000,"caption":"22ct Gold Twirl Drop CZ Pendant"},{"@type":"BreadcrumbList","@id":"https:\/\/www.purejewels.com\/product\/22ct-gold-twirl-drop-cz-pendant-52466\/#breadcrumb","itemListElement":[{"@type":"ListItem","position":1,"name":"Home","item":"https:\/\/www.purejewels.com\/"},{"@type":"ListItem","position":2,"name":"Shop","item":"https:\/\/www.purejewels.com\/shop\/"},{"@type":"ListItem","position":3,"name":"22ct Gold Twirl Drop CZ Pendant"}]},{"@type":"WebSite","@id":"https:\/\/www.purejewels.com\/#website","url":"https:\/\/www.purejewels.com\/","name":"PureJewels \u0130ngiltere","description":"Sevgiyi Payla\u015f\u0131n","publisher":{"@id":"https:\/\/www.purejewels.com\/#organization"},"potentialAction":[{"@type":"SearchAction","target":{"@type":"EntryPoint","urlTemplate":"https:\/\/www.purejewels.com\/?s={search_term_string}"},"query-input":{"@type":"PropertyValueSpecification","valueRequired":true,"valueName":"search_term_string"}}],"inLanguage":"tr"},{"@type":"Organization","@id":"https:\/\/www.purejewels.com\/#organization","name":"PureJewels \u0130ngiltere","url":"https:\/\/www.purejewels.com\/","logo":{"@type":"ImageObject","inLanguage":"tr","@id":"https:\/\/www.purejewels.com\/#\/schema\/logo\/image\/","url":"https:\/\/static.purejewels.com\/wp-content\/uploads\/2020\/11\/Logo-PJ-New-1.png","contentUrl":"https:\/\/static.purejewels.com\/wp-content\/uploads\/2020\/11\/Logo-PJ-New-1.png","width":150,"height":80,"caption":"PureJewels UK"},"image":{"@id":"https:\/\/www.purejewels.com\/#\/schema\/logo\/image\/"}}]}},"_links":{"self":[{"href":"https:\/\/www.purejewels.com\/tr\/wp-json\/wp\/v2\/product\/419070","targetHints":{"allow":["GET"]}}],"collection":[{"href":"https:\/\/www.purejewels.com\/tr\/wp-json\/wp\/v2\/product"}],"about":[{"href":"https:\/\/www.purejewels.com\/tr\/wp-json\/wp\/v2\/types\/product"}],"replies":[{"embeddable":true,"href":"https:\/\/www.purejewels.com\/tr\/wp-json\/wp\/v2\/comments?post=419070"}],"version-history":[{"count":2,"href":"https:\/\/www.purejewels.com\/tr\/wp-json\/wp\/v2\/product\/419070\/revisions"}],"predecessor-version":[{"id":426404,"href":"https:\/\/www.purejewels.com\/tr\/wp-json\/wp\/v2\/product\/419070\/revisions\/426404"}],"wp:featuredmedia":[{"embeddable":true,"href":"https:\/\/www.purejewels.com\/tr\/wp-json\/wp\/v2\/media\/419071"}],"wp:attachment":[{"href":"https:\/\/www.purejewels.com\/tr\/wp-json\/wp\/v2\/media?parent=419070"}],"wp:term":[{"taxonomy":"product_brand","embeddable":true,"href":"https:\/\/www.purejewels.com\/tr\/wp-json\/wp\/v2\/product_brand?post=419070"},{"taxonomy":"product_cat","embeddable":true,"href":"https:\/\/www.purejewels.com\/tr\/wp-json\/wp\/v2\/product_cat?post=419070"},{"taxonomy":"product_tag","embeddable":true,"href":"https:\/\/www.purejewels.com\/tr\/wp-json\/wp\/v2\/product_tag?post=419070"}],"curies":[{"name":"wp","href":"https:\/\/api.w.org\/{rel}","templated":true}]}}