{"id":419076,"date":"2025-09-15T05:46:05","date_gmt":"2025-09-15T04:46:05","guid":{"rendered":"https:\/\/www.purejewels.com\/?post_type=product&#038;p=419076"},"modified":"2026-04-29T08:00:01","modified_gmt":"2026-04-29T07:00:01","slug":"22-ayar-altin-isiltili-kelebek-kupe-53136","status":"publish","type":"product","link":"https:\/\/www.purejewels.com\/tr\/product\/22ct-gold-sparkle-butterfly-stud-earrings-53136\/","title":{"rendered":"22 Ayar Alt\u0131n I\u015f\u0131lt\u0131l\u0131 Kelebek Saplama K\u00fcpe"},"content":{"rendered":"<h3 data-start=\"637\" data-end=\"653\"><strong data-start=\"641\" data-end=\"651\">Tasar\u0131m<\/strong><\/h3>\n<p data-start=\"654\" data-end=\"979\">22 Ayar Alt\u0131n I\u015f\u0131lt\u0131l\u0131 Kelebek Saplama K\u00fcpeler do\u011fan\u0131n hafifli\u011fi ve \u00f6zg\u00fcrl\u00fc\u011f\u00fcnden ilham al\u0131yor. Her bir saplama, hareket halindeki bir kelebe\u011fin zarif \u00e7\u0131rp\u0131n\u0131\u015f\u0131n\u0131 yans\u0131t\u0131rken, \u0131\u015f\u0131lt\u0131l\u0131 CZ ta\u015flar parlak bir dokunu\u015f i\u00e7in kanatlar\u0131 s\u00fcsl\u00fcyor. Merkezdeki minimal alt\u0131n kavis, bu b\u00fcy\u00fcleyici tasar\u0131ma uyum ve denge getiriyor.<\/p>\n<h3 data-start=\"981\" data-end=\"1004\"><strong data-start=\"985\" data-end=\"1002\">Zanaatkarl\u0131k<\/strong><\/h3>\n<p data-start=\"1005\" data-end=\"1243\">Saf 22 ayar alt\u0131ndan titizlikle el i\u015f\u00e7ili\u011fiyle \u00fcretilen her bir \u00e7ift, uzman ta\u015f dizimi ve ince detaylar sergiler. Parlat\u0131lm\u0131\u015f alt\u0131n g\u00f6vde, k\u00fcbik zirkonun \u0131\u015f\u0131lt\u0131s\u0131 kar\u015f\u0131s\u0131nda s\u0131cak bir \u015fekilde parlayarak g\u00fczel bir doku ve \u0131\u015f\u0131k etkile\u015fimi yarat\u0131r.<\/p>\n<h3 data-start=\"1245\" data-end=\"1272\"><strong data-start=\"1249\" data-end=\"1270\">\u015eekillendirme &amp; Hediyele\u015fme<\/strong><\/h3>\n<p data-start=\"1273\" data-end=\"1495\">G\u00fcnl\u00fck kullan\u0131m i\u00e7in m\u00fckemmel olan bu \u00e7\u0131t\u00e7\u0131tlar, hem g\u00fcndelik hem de bayram g\u00f6r\u00fcn\u00fcmlerine zahmetsiz bir \u00e7ekicilik katar. Do\u011fum g\u00fcnleri, y\u0131l d\u00f6n\u00fcmleri veya \u00f6zel d\u00f6n\u00fcm noktalar\u0131 i\u00e7in keyifli bir hediye olan bu k\u00fcpeler ne\u015fe, d\u00f6n\u00fc\u015f\u00fcm ve yeni ba\u015flang\u0131\u00e7lar\u0131 simgeliyor.<\/p>","protected":false},"excerpt":{"rendered":"<p>I\u015f\u0131lt\u0131l\u0131 bir par\u0131lt\u0131 i\u00e7in CZ ta\u015flarla vurgulanm\u0131\u015f zarif 22 ayar alt\u0131n kelebek \u00e7\u0131t\u00e7\u0131tlar. Hafif, zarif ve g\u00fcnl\u00fck g\u00fczellik i\u00e7in tasarlanm\u0131\u015ft\u0131r.<\/p>\n<p><strong>Malzeme:<\/strong>\u00a022 Ayar Alt\u0131n<br \/>\n<strong>Safl\u0131k:<\/strong>\u00a091.6% saf<br \/>\n<strong>Hallmark:<\/strong>\u00a0\u0130ngiliz Damgas\u0131<strong><br \/>\n<\/strong><strong>Br\u00fct A\u011f\u0131rl\u0131k: <\/strong>2.52 Gms<br \/>\n<strong>Net A\u011f\u0131rl\u0131k:\u00a0<\/strong> 2.44 Gms<br \/>\n<strong>SKU:<\/strong> 53134, 53135, 53136, 34111<\/p>\n<p><strong>Fiyat ve Teslimat<\/strong>: KDV ve teslimat \u00fccreti dahil<br \/>\n<a href=\"https:\/\/www.purejewels.com\/tr\/i%cc%87ade-poli%cc%87ti%cc%87kasi\/\">\u0130ade Politikas\u0131<\/a><\/p>","protected":false},"featured_media":419077,"comment_status":"closed","ping_status":"closed","template":"","meta":{"_eb_attr":"","_crsspst_to_jayantr4sg-hostcom":true},"product_brand":[],"product_cat":[1559,236,1793,5701,1792,1790,1254,5344,5599,5943,1570,1577,1574,5349],"product_tag":[66],"class_list":{"0":"post-419076","1":"product","2":"type-product","3":"status-publish","4":"has-post-thumbnail","6":"product_cat-birthday-gifts","7":"product_cat-collections","8":"product_cat-diwali-gifts","9":"product_cat-eid-jewellery","10":"product_cat-festival-gifts","11":"product_cat-for-whom-when","12":"product_cat-gold-earrings","13":"product_cat-jewellery-under-750","14":"product_cat-baby-earring","15":"product_cat-kids-jewellery","16":"product_cat-mothers-day-gifts","17":"product_cat-stud-earrings","18":"product_cat-womens-jewellery","19":"product_cat-yellow-gold-jewellery","20":"product_tag-earrings","22":"first","23":"instock","24":"taxable","25":"shipping-taxable","26":"purchasable","27":"product-type-simple","28":"add-to-wishlist-before_image"},"yoast_head":"<!-- This site is optimized with the Yoast SEO plugin v27.5 - https:\/\/yoast.com\/product\/yoast-seo-wordpress\/ -->\n<title>22ct Gold Sparkle Butterfly Stud Earrings | PureJewels UK<\/title>\n<meta name=\"description\" content=\"Shop the 22ct Gold Sparkle Butterfly Stud Earrings. Handcrafted in pure gold with glittering CZ stones, these dainty studs add a playful touch of elegance to any look.\" \/>\n<meta name=\"robots\" content=\"index, follow, max-snippet:-1, max-image-preview:large, max-video-preview:-1\" \/>\n<link rel=\"canonical\" href=\"https:\/\/www.purejewels.com\/tr\/urun\/22-ayar-altin-isiltili-kelebek-kupe-53136\/\" \/>\n<meta property=\"og:locale\" content=\"tr_TR\" \/>\n<meta property=\"og:type\" content=\"article\" \/>\n<meta property=\"og:title\" content=\"22ct Gold Sparkle Butterfly Stud Earrings | PureJewels UK\" \/>\n<meta property=\"og:description\" content=\"Shop the 22ct Gold Sparkle Butterfly Stud Earrings. Handcrafted in pure gold with glittering CZ stones, these dainty studs add a playful touch of elegance to any look.\" \/>\n<meta property=\"og:url\" content=\"https:\/\/www.purejewels.com\/tr\/urun\/22-ayar-altin-isiltili-kelebek-kupe-53136\/\" \/>\n<meta property=\"og:site_name\" content=\"PureJewels UK\" \/>\n<meta property=\"article:modified_time\" content=\"2026-04-29T07:00:01+00:00\" \/>\n<meta property=\"og:image\" content=\"https:\/\/static.purejewels.com\/wp-content\/uploads\/2025\/10\/53136.jpg\" \/>\n\t<meta property=\"og:image:width\" content=\"1000\" \/>\n\t<meta property=\"og:image:height\" content=\"1000\" \/>\n\t<meta property=\"og:image:type\" content=\"image\/jpeg\" \/>\n<meta name=\"twitter:card\" content=\"summary_large_image\" \/>\n<meta name=\"twitter:label1\" content=\"Tahmini okuma s\u00fcresi\" \/>\n\t<meta name=\"twitter:data1\" content=\"1 dakika\" \/>\n<script type=\"application\/ld+json\" class=\"yoast-schema-graph\">{\"@context\":\"https:\\\/\\\/schema.org\",\"@graph\":[{\"@type\":[\"WebPage\",\"ItemPage\"],\"@id\":\"https:\\\/\\\/www.purejewels.com\\\/product\\\/22ct-gold-sparkle-butterfly-stud-earrings-53136\\\/\",\"url\":\"https:\\\/\\\/www.purejewels.com\\\/product\\\/22ct-gold-sparkle-butterfly-stud-earrings-53136\\\/\",\"name\":\"22ct Gold Sparkle Butterfly Stud Earrings | PureJewels UK\",\"isPartOf\":{\"@id\":\"https:\\\/\\\/www.purejewels.com\\\/#website\"},\"primaryImageOfPage\":{\"@id\":\"https:\\\/\\\/www.purejewels.com\\\/product\\\/22ct-gold-sparkle-butterfly-stud-earrings-53136\\\/#primaryimage\"},\"image\":{\"@id\":\"https:\\\/\\\/www.purejewels.com\\\/product\\\/22ct-gold-sparkle-butterfly-stud-earrings-53136\\\/#primaryimage\"},\"thumbnailUrl\":\"https:\\\/\\\/static.purejewels.com\\\/wp-content\\\/uploads\\\/2025\\\/10\\\/53136.jpg\",\"datePublished\":\"2025-09-15T04:46:05+00:00\",\"dateModified\":\"2026-04-29T07:00:01+00:00\",\"description\":\"Shop the 22ct Gold Sparkle Butterfly Stud Earrings. Handcrafted in pure gold with glittering CZ stones, these dainty studs add a playful touch of elegance to any look.\",\"breadcrumb\":{\"@id\":\"https:\\\/\\\/www.purejewels.com\\\/product\\\/22ct-gold-sparkle-butterfly-stud-earrings-53136\\\/#breadcrumb\"},\"inLanguage\":\"tr\",\"potentialAction\":[{\"@type\":\"ReadAction\",\"target\":[\"https:\\\/\\\/www.purejewels.com\\\/product\\\/22ct-gold-sparkle-butterfly-stud-earrings-53136\\\/\"]}]},{\"@type\":\"ImageObject\",\"inLanguage\":\"tr\",\"@id\":\"https:\\\/\\\/www.purejewels.com\\\/product\\\/22ct-gold-sparkle-butterfly-stud-earrings-53136\\\/#primaryimage\",\"url\":\"https:\\\/\\\/static.purejewels.com\\\/wp-content\\\/uploads\\\/2025\\\/10\\\/53136.jpg\",\"contentUrl\":\"https:\\\/\\\/static.purejewels.com\\\/wp-content\\\/uploads\\\/2025\\\/10\\\/53136.jpg\",\"width\":1000,\"height\":1000,\"caption\":\"22ct Gold Sparkle Butterfly Stud Earrings\"},{\"@type\":\"BreadcrumbList\",\"@id\":\"https:\\\/\\\/www.purejewels.com\\\/product\\\/22ct-gold-sparkle-butterfly-stud-earrings-53136\\\/#breadcrumb\",\"itemListElement\":[{\"@type\":\"ListItem\",\"position\":1,\"name\":\"Home\",\"item\":\"https:\\\/\\\/www.purejewels.com\\\/\"},{\"@type\":\"ListItem\",\"position\":2,\"name\":\"Shop\",\"item\":\"https:\\\/\\\/www.purejewels.com\\\/shop\\\/\"},{\"@type\":\"ListItem\",\"position\":3,\"name\":\"22ct Gold Sparkle Butterfly Stud Earrings\"}]},{\"@type\":\"WebSite\",\"@id\":\"https:\\\/\\\/www.purejewels.com\\\/#website\",\"url\":\"https:\\\/\\\/www.purejewels.com\\\/\",\"name\":\"PureJewels UK\",\"description\":\"Share the Love\",\"publisher\":{\"@id\":\"https:\\\/\\\/www.purejewels.com\\\/#organization\"},\"potentialAction\":[{\"@type\":\"SearchAction\",\"target\":{\"@type\":\"EntryPoint\",\"urlTemplate\":\"https:\\\/\\\/www.purejewels.com\\\/?s={search_term_string}\"},\"query-input\":{\"@type\":\"PropertyValueSpecification\",\"valueRequired\":true,\"valueName\":\"search_term_string\"}}],\"inLanguage\":\"tr\"},{\"@type\":\"Organization\",\"@id\":\"https:\\\/\\\/www.purejewels.com\\\/#organization\",\"name\":\"PureJewels UK\",\"url\":\"https:\\\/\\\/www.purejewels.com\\\/\",\"logo\":{\"@type\":\"ImageObject\",\"inLanguage\":\"tr\",\"@id\":\"https:\\\/\\\/www.purejewels.com\\\/#\\\/schema\\\/logo\\\/image\\\/\",\"url\":\"https:\\\/\\\/static.purejewels.com\\\/wp-content\\\/uploads\\\/2020\\\/11\\\/Logo-PJ-New-1.png\",\"contentUrl\":\"https:\\\/\\\/static.purejewels.com\\\/wp-content\\\/uploads\\\/2020\\\/11\\\/Logo-PJ-New-1.png\",\"width\":150,\"height\":80,\"caption\":\"PureJewels UK\"},\"image\":{\"@id\":\"https:\\\/\\\/www.purejewels.com\\\/#\\\/schema\\\/logo\\\/image\\\/\"}}]}<\/script>\n<!-- \/ Yoast SEO plugin. -->","yoast_head_json":{"title":"22 Ayar Alt\u0131n I\u015f\u0131lt\u0131l\u0131 Kelebek Saplama K\u00fcpe | PureJewels UK","description":"22 Ayar Alt\u0131n I\u015f\u0131lt\u0131l\u0131 Kelebek Saplama K\u00fcpeleri sat\u0131n al\u0131n. I\u015f\u0131lt\u0131l\u0131 CZ ta\u015flarla saf alt\u0131ndan el yap\u0131m\u0131 olarak \u00fcretilen bu zarif k\u00fcpeler, her g\u00f6r\u00fcn\u00fcme e\u011flenceli bir zarafet dokunu\u015fu kat\u0131yor.","robots":{"index":"index","follow":"follow","max-snippet":"max-snippet:-1","max-image-preview":"max-image-preview:large","max-video-preview":"max-video-preview:-1"},"canonical":"https:\/\/www.purejewels.com\/tr\/urun\/22-ayar-altin-isiltili-kelebek-kupe-53136\/","og_locale":"tr_TR","og_type":"article","og_title":"22ct Gold Sparkle Butterfly Stud Earrings | PureJewels UK","og_description":"Shop the 22ct Gold Sparkle Butterfly Stud Earrings. Handcrafted in pure gold with glittering CZ stones, these dainty studs add a playful touch of elegance to any look.","og_url":"https:\/\/www.purejewels.com\/tr\/urun\/22-ayar-altin-isiltili-kelebek-kupe-53136\/","og_site_name":"PureJewels UK","article_modified_time":"2026-04-29T07:00:01+00:00","og_image":[{"width":1000,"height":1000,"url":"https:\/\/static.purejewels.com\/wp-content\/uploads\/2025\/10\/53136.jpg","type":"image\/jpeg"}],"twitter_card":"summary_large_image","twitter_misc":{"Tahmini okuma s\u00fcresi":"1 dakika"},"schema":{"@context":"https:\/\/schema.org","@graph":[{"@type":["WebPage","ItemPage"],"@id":"https:\/\/www.purejewels.com\/product\/22ct-gold-sparkle-butterfly-stud-earrings-53136\/","url":"https:\/\/www.purejewels.com\/product\/22ct-gold-sparkle-butterfly-stud-earrings-53136\/","name":"22 Ayar Alt\u0131n I\u015f\u0131lt\u0131l\u0131 Kelebek Saplama K\u00fcpe | PureJewels UK","isPartOf":{"@id":"https:\/\/www.purejewels.com\/#website"},"primaryImageOfPage":{"@id":"https:\/\/www.purejewels.com\/product\/22ct-gold-sparkle-butterfly-stud-earrings-53136\/#primaryimage"},"image":{"@id":"https:\/\/www.purejewels.com\/product\/22ct-gold-sparkle-butterfly-stud-earrings-53136\/#primaryimage"},"thumbnailUrl":"https:\/\/static.purejewels.com\/wp-content\/uploads\/2025\/10\/53136.jpg","datePublished":"2025-09-15T04:46:05+00:00","dateModified":"2026-04-29T07:00:01+00:00","description":"22 Ayar Alt\u0131n I\u015f\u0131lt\u0131l\u0131 Kelebek Saplama K\u00fcpeleri sat\u0131n al\u0131n. I\u015f\u0131lt\u0131l\u0131 CZ ta\u015flarla saf alt\u0131ndan el yap\u0131m\u0131 olarak \u00fcretilen bu zarif k\u00fcpeler, her g\u00f6r\u00fcn\u00fcme e\u011flenceli bir zarafet dokunu\u015fu kat\u0131yor.","breadcrumb":{"@id":"https:\/\/www.purejewels.com\/product\/22ct-gold-sparkle-butterfly-stud-earrings-53136\/#breadcrumb"},"inLanguage":"tr","potentialAction":[{"@type":"ReadAction","target":["https:\/\/www.purejewels.com\/product\/22ct-gold-sparkle-butterfly-stud-earrings-53136\/"]}]},{"@type":"ImageObject","inLanguage":"tr","@id":"https:\/\/www.purejewels.com\/product\/22ct-gold-sparkle-butterfly-stud-earrings-53136\/#primaryimage","url":"https:\/\/static.purejewels.com\/wp-content\/uploads\/2025\/10\/53136.jpg","contentUrl":"https:\/\/static.purejewels.com\/wp-content\/uploads\/2025\/10\/53136.jpg","width":1000,"height":1000,"caption":"22ct Gold Sparkle Butterfly Stud Earrings"},{"@type":"BreadcrumbList","@id":"https:\/\/www.purejewels.com\/product\/22ct-gold-sparkle-butterfly-stud-earrings-53136\/#breadcrumb","itemListElement":[{"@type":"ListItem","position":1,"name":"Home","item":"https:\/\/www.purejewels.com\/"},{"@type":"ListItem","position":2,"name":"Shop","item":"https:\/\/www.purejewels.com\/shop\/"},{"@type":"ListItem","position":3,"name":"22ct Gold Sparkle Butterfly Stud Earrings"}]},{"@type":"WebSite","@id":"https:\/\/www.purejewels.com\/#website","url":"https:\/\/www.purejewels.com\/","name":"PureJewels \u0130ngiltere","description":"Sevgiyi Payla\u015f\u0131n","publisher":{"@id":"https:\/\/www.purejewels.com\/#organization"},"potentialAction":[{"@type":"SearchAction","target":{"@type":"EntryPoint","urlTemplate":"https:\/\/www.purejewels.com\/?s={search_term_string}"},"query-input":{"@type":"PropertyValueSpecification","valueRequired":true,"valueName":"search_term_string"}}],"inLanguage":"tr"},{"@type":"Organization","@id":"https:\/\/www.purejewels.com\/#organization","name":"PureJewels \u0130ngiltere","url":"https:\/\/www.purejewels.com\/","logo":{"@type":"ImageObject","inLanguage":"tr","@id":"https:\/\/www.purejewels.com\/#\/schema\/logo\/image\/","url":"https:\/\/static.purejewels.com\/wp-content\/uploads\/2020\/11\/Logo-PJ-New-1.png","contentUrl":"https:\/\/static.purejewels.com\/wp-content\/uploads\/2020\/11\/Logo-PJ-New-1.png","width":150,"height":80,"caption":"PureJewels UK"},"image":{"@id":"https:\/\/www.purejewels.com\/#\/schema\/logo\/image\/"}}]}},"_links":{"self":[{"href":"https:\/\/www.purejewels.com\/tr\/wp-json\/wp\/v2\/product\/419076","targetHints":{"allow":["GET"]}}],"collection":[{"href":"https:\/\/www.purejewels.com\/tr\/wp-json\/wp\/v2\/product"}],"about":[{"href":"https:\/\/www.purejewels.com\/tr\/wp-json\/wp\/v2\/types\/product"}],"replies":[{"embeddable":true,"href":"https:\/\/www.purejewels.com\/tr\/wp-json\/wp\/v2\/comments?post=419076"}],"version-history":[{"count":2,"href":"https:\/\/www.purejewels.com\/tr\/wp-json\/wp\/v2\/product\/419076\/revisions"}],"predecessor-version":[{"id":427001,"href":"https:\/\/www.purejewels.com\/tr\/wp-json\/wp\/v2\/product\/419076\/revisions\/427001"}],"wp:featuredmedia":[{"embeddable":true,"href":"https:\/\/www.purejewels.com\/tr\/wp-json\/wp\/v2\/media\/419077"}],"wp:attachment":[{"href":"https:\/\/www.purejewels.com\/tr\/wp-json\/wp\/v2\/media?parent=419076"}],"wp:term":[{"taxonomy":"product_brand","embeddable":true,"href":"https:\/\/www.purejewels.com\/tr\/wp-json\/wp\/v2\/product_brand?post=419076"},{"taxonomy":"product_cat","embeddable":true,"href":"https:\/\/www.purejewels.com\/tr\/wp-json\/wp\/v2\/product_cat?post=419076"},{"taxonomy":"product_tag","embeddable":true,"href":"https:\/\/www.purejewels.com\/tr\/wp-json\/wp\/v2\/product_tag?post=419076"}],"curies":[{"name":"wp","href":"https:\/\/api.w.org\/{rel}","templated":true}]}}