{"id":419102,"date":"2026-04-01T11:39:03","date_gmt":"2026-04-01T10:39:03","guid":{"rendered":"https:\/\/www.purejewels.com\/?post_type=product&#038;p=419102"},"modified":"2026-04-20T10:23:53","modified_gmt":"2026-04-20T09:23:53","slug":"22-ayar-altin-minyon-kelebek-citcit-53116","status":"publish","type":"product","link":"https:\/\/www.purejewels.com\/tr\/product\/22ct-gold-petite-butterfly-studs-53116\/","title":{"rendered":"22 Ayar Alt\u0131n Minyon Kelebek \u00c7\u0131t\u00e7\u0131t"},"content":{"rendered":"<h3 data-start=\"855\" data-end=\"879\"><strong data-start=\"859\" data-end=\"877\">Tasar\u0131m Konsepti<\/strong><\/h3>\n<p data-start=\"880\" data-end=\"1213\">Kelebek, d\u00f6n\u00fc\u015f\u00fcm\u00fcn, ne\u015fenin ve zarafetin evrensel bir sembol\u00fcd\u00fcr. Bu tasar\u0131m, bu ruhu en saf haliyle yakal\u0131yor - minimal ama anlaml\u0131, a\u00e7\u0131k kanatlar\u0131 ve u\u00e7u\u015f ve \u00f6zg\u00fcrl\u00fc\u011f\u00fc nazik\u00e7e yans\u0131tan bir silueti var. \u0130nce bir zarafet i\u00e7in m\u00fckemmel \u015fekilde orant\u0131lanan bu k\u00fcpeler, ho\u015f bir ilk k\u00fcpe \u00e7ifti veya duygusal bir hediye olabilir.<\/p>\n<hr data-start=\"1215\" data-end=\"1218\" \/>\n<h3 data-start=\"1220\" data-end=\"1243\"><strong data-start=\"1224\" data-end=\"1241\">Zanaatkarl\u0131k<\/strong><\/h3>\n<p data-start=\"1244\" data-end=\"1560\">Her bir saplama parlak 22 ayar sar\u0131 alt\u0131ndan el i\u015f\u00e7ili\u011fiyle \u00fcretilmi\u015f ve Londra Assay Ofisi taraf\u0131ndan damgalanm\u0131\u015ft\u0131r. Temiz kenarlar, yumu\u015fak konturlar ve son derece cilal\u0131 y\u00fczey PureJewels'in bilinen \u00f6zen ve detaylar\u0131n\u0131 yans\u0131t\u0131r. Hafif ve p\u00fcr\u00fczs\u00fcz olan bu k\u00fcpeler, g\u00fcvenli bir direk ve kelebek arka kapama ile g\u00fcn boyu rahatl\u0131k i\u00e7in tasarlanm\u0131\u015ft\u0131r.<\/p>\n<hr data-start=\"1562\" data-end=\"1565\" \/>\n<h3 data-start=\"1567\" data-end=\"1590\"><strong data-start=\"1571\" data-end=\"1588\">Stil Fikirleri<\/strong><\/h3>\n<p>Yumu\u015fak bir \u0131\u015f\u0131lt\u0131ya sahip, g\u00fcnl\u00fck kullan\u0131m i\u00e7in m\u00fckemmel, narin 22 ayar alt\u0131n minyon kelebek \u00e7\u0131t\u00e7\u0131tlar. Birle\u015fik Krall\u0131k'ta damgalanm\u0131\u015f olan bu tak\u0131lar, Noel tak\u0131lar\u0131n\u0131za e\u011flenceli bir dokunu\u015f katar ve k\u0131z\u0131, ye\u011feni ya da yeni annesi i\u00e7in g\u00fczel bir hediye se\u00e7ene\u011fi olu\u015fturur. Paketlemeye ve takmaya haz\u0131r.<\/p>","protected":false},"excerpt":{"rendered":"<p>Bu zarif 22 ayar alt\u0131n k\u00fcpeler, do\u011fadan ilham alan zarafeti zarif bir \u0131\u015f\u0131lt\u0131yla birle\u015ftiriyor. P\u0131rlantal\u0131 bir girdap ve telkari yaprakla sarmalanm\u0131\u015f kalp \u015feklinde bir motife sahip olan bu k\u00fcpeler, a\u015fka ve yenilenmeye zarif bir selam veriyor.<\/p>\n<ul>\n<li><strong>Malzeme:<\/strong> 22 Ayar Alt\u0131n<\/li>\n<li><strong>Hallmark: <\/strong>\u0130ngiliz Damgas\u0131<\/li>\n<li><strong>Br\u00fct A\u011f\u0131rl\u0131k: <\/strong>1.70 Gms<\/li>\n<li><strong>SKU: <\/strong>53116, 52551<\/li>\n<\/ul>\n<p><strong><br \/>\nFiyat ve Teslimat: <\/strong>KDV ve teslimat \u00fccretleri dahil<br \/>\n<strong><a href=\"https:\/\/www.purejewels.com\/tr\/i%cc%87ade-poli%cc%87ti%cc%87kasi\/\">\u0130ade Politikas\u0131<\/a><\/strong><\/p>","protected":false},"featured_media":420552,"comment_status":"closed","ping_status":"closed","template":"","meta":{"_eb_attr":"","_crsspst_to_jayantr4sg-hostcom":false},"product_brand":[],"product_cat":[1559,1576,1793,6190,1792,1790,1254,1229,5343,1570,5338,1577,1575,1574,5349],"product_tag":[],"class_list":{"0":"post-419102","1":"product","2":"type-product","3":"status-publish","4":"has-post-thumbnail","6":"product_cat-birthday-gifts","7":"product_cat-childrens-jewellery","8":"product_cat-diwali-gifts","9":"product_cat-easter-jewellery","10":"product_cat-festival-gifts","11":"product_cat-for-whom-when","12":"product_cat-gold-earrings","13":"product_cat-22ct-gold-jewellery","14":"product_cat-jewellery-under-550","15":"product_cat-mothers-day-gifts","16":"product_cat-shop-by-price","17":"product_cat-stud-earrings","18":"product_cat-teenage-jewellery","19":"product_cat-womens-jewellery","20":"product_cat-yellow-gold-jewellery","22":"first","23":"outofstock","24":"taxable","25":"shipping-taxable","26":"product-type-simple","27":"add-to-wishlist-before_image"},"yoast_head":"<!-- This site is optimized with the Yoast SEO plugin v27.6 - https:\/\/yoast.com\/product\/yoast-seo-wordpress\/ -->\n<title>22ct Gold Petite Butterfly Studs | PureJewels UK<\/title>\n<meta name=\"description\" content=\"hop 22ct Gold Petite Butterfly Studs \u2013 charming, lightweight and symbolic of grace. Perfect for everyday elegance. Hallmarked &amp; beautifully gift-boxed.\" \/>\n<meta name=\"robots\" content=\"index, follow, max-snippet:-1, max-image-preview:large, max-video-preview:-1\" \/>\n<link rel=\"canonical\" href=\"https:\/\/www.purejewels.com\/tr\/urun\/22-ayar-altin-minyon-kelebek-citcit-53116\/\" \/>\n<meta property=\"og:locale\" content=\"tr_TR\" \/>\n<meta property=\"og:type\" content=\"article\" \/>\n<meta property=\"og:title\" content=\"22ct Gold Petite Butterfly Studs | PureJewels UK\" \/>\n<meta property=\"og:description\" content=\"hop 22ct Gold Petite Butterfly Studs \u2013 charming, lightweight and symbolic of grace. Perfect for everyday elegance. Hallmarked &amp; beautifully gift-boxed.\" \/>\n<meta property=\"og:url\" content=\"https:\/\/www.purejewels.com\/tr\/urun\/22-ayar-altin-minyon-kelebek-citcit-53116\/\" \/>\n<meta property=\"og:site_name\" content=\"PureJewels UK\" \/>\n<meta property=\"article:modified_time\" content=\"2026-04-20T09:23:53+00:00\" \/>\n<meta property=\"og:image\" content=\"https:\/\/static.purejewels.com\/wp-content\/uploads\/2025\/09\/53116.png\" \/>\n\t<meta property=\"og:image:width\" content=\"1000\" \/>\n\t<meta property=\"og:image:height\" content=\"1000\" \/>\n\t<meta property=\"og:image:type\" content=\"image\/png\" \/>\n<meta name=\"twitter:card\" content=\"summary_large_image\" \/>\n<meta name=\"twitter:label1\" content=\"Tahmini okuma s\u00fcresi\" \/>\n\t<meta name=\"twitter:data1\" content=\"1 dakika\" \/>\n<script type=\"application\/ld+json\" class=\"yoast-schema-graph\">{\"@context\":\"https:\\\/\\\/schema.org\",\"@graph\":[{\"@type\":[\"WebPage\",\"ItemPage\"],\"@id\":\"https:\\\/\\\/www.purejewels.com\\\/product\\\/22ct-gold-petite-butterfly-studs-53116\\\/\",\"url\":\"https:\\\/\\\/www.purejewels.com\\\/product\\\/22ct-gold-petite-butterfly-studs-53116\\\/\",\"name\":\"22ct Gold Petite Butterfly Studs | PureJewels UK\",\"isPartOf\":{\"@id\":\"https:\\\/\\\/www.purejewels.com\\\/#website\"},\"primaryImageOfPage\":{\"@id\":\"https:\\\/\\\/www.purejewels.com\\\/product\\\/22ct-gold-petite-butterfly-studs-53116\\\/#primaryimage\"},\"image\":{\"@id\":\"https:\\\/\\\/www.purejewels.com\\\/product\\\/22ct-gold-petite-butterfly-studs-53116\\\/#primaryimage\"},\"thumbnailUrl\":\"https:\\\/\\\/static.purejewels.com\\\/wp-content\\\/uploads\\\/2025\\\/09\\\/53116.png\",\"datePublished\":\"2026-04-01T10:39:03+00:00\",\"dateModified\":\"2026-04-20T09:23:53+00:00\",\"description\":\"hop 22ct Gold Petite Butterfly Studs \u2013 charming, lightweight and symbolic of grace. Perfect for everyday elegance. Hallmarked & beautifully gift-boxed.\",\"breadcrumb\":{\"@id\":\"https:\\\/\\\/www.purejewels.com\\\/product\\\/22ct-gold-petite-butterfly-studs-53116\\\/#breadcrumb\"},\"inLanguage\":\"tr\",\"potentialAction\":[{\"@type\":\"ReadAction\",\"target\":[\"https:\\\/\\\/www.purejewels.com\\\/product\\\/22ct-gold-petite-butterfly-studs-53116\\\/\"]}]},{\"@type\":\"ImageObject\",\"inLanguage\":\"tr\",\"@id\":\"https:\\\/\\\/www.purejewels.com\\\/product\\\/22ct-gold-petite-butterfly-studs-53116\\\/#primaryimage\",\"url\":\"https:\\\/\\\/static.purejewels.com\\\/wp-content\\\/uploads\\\/2025\\\/09\\\/53116.png\",\"contentUrl\":\"https:\\\/\\\/static.purejewels.com\\\/wp-content\\\/uploads\\\/2025\\\/09\\\/53116.png\",\"width\":1000,\"height\":1000},{\"@type\":\"BreadcrumbList\",\"@id\":\"https:\\\/\\\/www.purejewels.com\\\/product\\\/22ct-gold-petite-butterfly-studs-53116\\\/#breadcrumb\",\"itemListElement\":[{\"@type\":\"ListItem\",\"position\":1,\"name\":\"Home\",\"item\":\"https:\\\/\\\/www.purejewels.com\\\/\"},{\"@type\":\"ListItem\",\"position\":2,\"name\":\"Shop\",\"item\":\"https:\\\/\\\/www.purejewels.com\\\/shop\\\/\"},{\"@type\":\"ListItem\",\"position\":3,\"name\":\"22ct Gold Petite Butterfly Studs\"}]},{\"@type\":\"WebSite\",\"@id\":\"https:\\\/\\\/www.purejewels.com\\\/#website\",\"url\":\"https:\\\/\\\/www.purejewels.com\\\/\",\"name\":\"PureJewels UK\",\"description\":\"Share the Love\",\"publisher\":{\"@id\":\"https:\\\/\\\/www.purejewels.com\\\/#organization\"},\"potentialAction\":[{\"@type\":\"SearchAction\",\"target\":{\"@type\":\"EntryPoint\",\"urlTemplate\":\"https:\\\/\\\/www.purejewels.com\\\/?s={search_term_string}\"},\"query-input\":{\"@type\":\"PropertyValueSpecification\",\"valueRequired\":true,\"valueName\":\"search_term_string\"}}],\"inLanguage\":\"tr\"},{\"@type\":\"Organization\",\"@id\":\"https:\\\/\\\/www.purejewels.com\\\/#organization\",\"name\":\"PureJewels UK\",\"url\":\"https:\\\/\\\/www.purejewels.com\\\/\",\"logo\":{\"@type\":\"ImageObject\",\"inLanguage\":\"tr\",\"@id\":\"https:\\\/\\\/www.purejewels.com\\\/#\\\/schema\\\/logo\\\/image\\\/\",\"url\":\"https:\\\/\\\/static.purejewels.com\\\/wp-content\\\/uploads\\\/2020\\\/11\\\/Logo-PJ-New-1.png\",\"contentUrl\":\"https:\\\/\\\/static.purejewels.com\\\/wp-content\\\/uploads\\\/2020\\\/11\\\/Logo-PJ-New-1.png\",\"width\":150,\"height\":80,\"caption\":\"PureJewels UK\"},\"image\":{\"@id\":\"https:\\\/\\\/www.purejewels.com\\\/#\\\/schema\\\/logo\\\/image\\\/\"}}]}<\/script>\n<!-- \/ Yoast SEO plugin. -->","yoast_head_json":{"title":"22 Ayar Alt\u0131n Minyon Kelebek \u00c7\u0131t\u00e7\u0131t | PureJewels UK","description":"hop 22 ayar alt\u0131n Minyon Kelebek \u00c7\u0131t\u00e7\u0131tlar - b\u00fcy\u00fcleyici, hafif ve zarafetin simgesi. G\u00fcnl\u00fck \u015f\u0131kl\u0131k i\u00e7in m\u00fckemmel. Damgal\u0131 ve g\u00fczel hediye kutulu.","robots":{"index":"index","follow":"follow","max-snippet":"max-snippet:-1","max-image-preview":"max-image-preview:large","max-video-preview":"max-video-preview:-1"},"canonical":"https:\/\/www.purejewels.com\/tr\/urun\/22-ayar-altin-minyon-kelebek-citcit-53116\/","og_locale":"tr_TR","og_type":"article","og_title":"22ct Gold Petite Butterfly Studs | PureJewels UK","og_description":"hop 22ct Gold Petite Butterfly Studs \u2013 charming, lightweight and symbolic of grace. Perfect for everyday elegance. Hallmarked & beautifully gift-boxed.","og_url":"https:\/\/www.purejewels.com\/tr\/urun\/22-ayar-altin-minyon-kelebek-citcit-53116\/","og_site_name":"PureJewels UK","article_modified_time":"2026-04-20T09:23:53+00:00","og_image":[{"width":1000,"height":1000,"url":"https:\/\/static.purejewels.com\/wp-content\/uploads\/2025\/09\/53116.png","type":"image\/png"}],"twitter_card":"summary_large_image","twitter_misc":{"Tahmini okuma s\u00fcresi":"1 dakika"},"schema":{"@context":"https:\/\/schema.org","@graph":[{"@type":["WebPage","ItemPage"],"@id":"https:\/\/www.purejewels.com\/product\/22ct-gold-petite-butterfly-studs-53116\/","url":"https:\/\/www.purejewels.com\/product\/22ct-gold-petite-butterfly-studs-53116\/","name":"22 Ayar Alt\u0131n Minyon Kelebek \u00c7\u0131t\u00e7\u0131t | PureJewels UK","isPartOf":{"@id":"https:\/\/www.purejewels.com\/#website"},"primaryImageOfPage":{"@id":"https:\/\/www.purejewels.com\/product\/22ct-gold-petite-butterfly-studs-53116\/#primaryimage"},"image":{"@id":"https:\/\/www.purejewels.com\/product\/22ct-gold-petite-butterfly-studs-53116\/#primaryimage"},"thumbnailUrl":"https:\/\/static.purejewels.com\/wp-content\/uploads\/2025\/09\/53116.png","datePublished":"2026-04-01T10:39:03+00:00","dateModified":"2026-04-20T09:23:53+00:00","description":"hop 22 ayar alt\u0131n Minyon Kelebek \u00c7\u0131t\u00e7\u0131tlar - b\u00fcy\u00fcleyici, hafif ve zarafetin simgesi. G\u00fcnl\u00fck \u015f\u0131kl\u0131k i\u00e7in m\u00fckemmel. Damgal\u0131 ve g\u00fczel hediye kutulu.","breadcrumb":{"@id":"https:\/\/www.purejewels.com\/product\/22ct-gold-petite-butterfly-studs-53116\/#breadcrumb"},"inLanguage":"tr","potentialAction":[{"@type":"ReadAction","target":["https:\/\/www.purejewels.com\/product\/22ct-gold-petite-butterfly-studs-53116\/"]}]},{"@type":"ImageObject","inLanguage":"tr","@id":"https:\/\/www.purejewels.com\/product\/22ct-gold-petite-butterfly-studs-53116\/#primaryimage","url":"https:\/\/static.purejewels.com\/wp-content\/uploads\/2025\/09\/53116.png","contentUrl":"https:\/\/static.purejewels.com\/wp-content\/uploads\/2025\/09\/53116.png","width":1000,"height":1000},{"@type":"BreadcrumbList","@id":"https:\/\/www.purejewels.com\/product\/22ct-gold-petite-butterfly-studs-53116\/#breadcrumb","itemListElement":[{"@type":"ListItem","position":1,"name":"Home","item":"https:\/\/www.purejewels.com\/"},{"@type":"ListItem","position":2,"name":"Shop","item":"https:\/\/www.purejewels.com\/shop\/"},{"@type":"ListItem","position":3,"name":"22ct Gold Petite Butterfly Studs"}]},{"@type":"WebSite","@id":"https:\/\/www.purejewels.com\/#website","url":"https:\/\/www.purejewels.com\/","name":"PureJewels \u0130ngiltere","description":"Sevgiyi Payla\u015f\u0131n","publisher":{"@id":"https:\/\/www.purejewels.com\/#organization"},"potentialAction":[{"@type":"SearchAction","target":{"@type":"EntryPoint","urlTemplate":"https:\/\/www.purejewels.com\/?s={search_term_string}"},"query-input":{"@type":"PropertyValueSpecification","valueRequired":true,"valueName":"search_term_string"}}],"inLanguage":"tr"},{"@type":"Organization","@id":"https:\/\/www.purejewels.com\/#organization","name":"PureJewels \u0130ngiltere","url":"https:\/\/www.purejewels.com\/","logo":{"@type":"ImageObject","inLanguage":"tr","@id":"https:\/\/www.purejewels.com\/#\/schema\/logo\/image\/","url":"https:\/\/static.purejewels.com\/wp-content\/uploads\/2020\/11\/Logo-PJ-New-1.png","contentUrl":"https:\/\/static.purejewels.com\/wp-content\/uploads\/2020\/11\/Logo-PJ-New-1.png","width":150,"height":80,"caption":"PureJewels UK"},"image":{"@id":"https:\/\/www.purejewels.com\/#\/schema\/logo\/image\/"}}]}},"_links":{"self":[{"href":"https:\/\/www.purejewels.com\/tr\/wp-json\/wp\/v2\/product\/419102","targetHints":{"allow":["GET"]}}],"collection":[{"href":"https:\/\/www.purejewels.com\/tr\/wp-json\/wp\/v2\/product"}],"about":[{"href":"https:\/\/www.purejewels.com\/tr\/wp-json\/wp\/v2\/types\/product"}],"replies":[{"embeddable":true,"href":"https:\/\/www.purejewels.com\/tr\/wp-json\/wp\/v2\/comments?post=419102"}],"version-history":[{"count":3,"href":"https:\/\/www.purejewels.com\/tr\/wp-json\/wp\/v2\/product\/419102\/revisions"}],"predecessor-version":[{"id":419926,"href":"https:\/\/www.purejewels.com\/tr\/wp-json\/wp\/v2\/product\/419102\/revisions\/419926"}],"wp:featuredmedia":[{"embeddable":true,"href":"https:\/\/www.purejewels.com\/tr\/wp-json\/wp\/v2\/media\/420552"}],"wp:attachment":[{"href":"https:\/\/www.purejewels.com\/tr\/wp-json\/wp\/v2\/media?parent=419102"}],"wp:term":[{"taxonomy":"product_brand","embeddable":true,"href":"https:\/\/www.purejewels.com\/tr\/wp-json\/wp\/v2\/product_brand?post=419102"},{"taxonomy":"product_cat","embeddable":true,"href":"https:\/\/www.purejewels.com\/tr\/wp-json\/wp\/v2\/product_cat?post=419102"},{"taxonomy":"product_tag","embeddable":true,"href":"https:\/\/www.purejewels.com\/tr\/wp-json\/wp\/v2\/product_tag?post=419102"}],"curies":[{"name":"wp","href":"https:\/\/api.w.org\/{rel}","templated":true}]}}