{"id":419133,"date":"2025-09-16T05:16:44","date_gmt":"2025-09-16T04:16:44","guid":{"rendered":"https:\/\/www.purejewels.com\/?post_type=product&#038;p=419133"},"modified":"2026-03-19T06:45:58","modified_gmt":"2026-03-19T06:45:58","slug":"22-ayar-altin-spiral-saplama-kupe-53072","status":"publish","type":"product","link":"https:\/\/www.purejewels.com\/tr\/product\/22ct-gold-spiral-stud-earrings-53072\/","title":{"rendered":"22 Ayar Alt\u0131n Spiral Saplama K\u00fcpe"},"content":{"rendered":"<p data-start=\"572\" data-end=\"899\"><strong data-start=\"572\" data-end=\"590\">Tasar\u0131m Konsepti<\/strong><\/p>\n<p data-start=\"572\" data-end=\"899\">22 Ayar Alt\u0131n Spiral Saplama K\u00fcpe, antik s\u00fcreklilik ve b\u00fct\u00fcnl\u00fck motiflerinden ilham al\u0131yor. Yumu\u015fak bir \u015fekilde y\u00fckseltilmi\u015f halkalar halinde i\u015flenen spiral, b\u00fcy\u00fcmeyi, hayat\u0131n ritmini ve zamans\u0131z ba\u011flant\u0131y\u0131 sembolize eder. Kompakt ancak detayl\u0131 formlar\u0131, anlaml\u0131 ve ince tasar\u0131mlar\u0131 takdir edenler i\u00e7in idealdir.<\/p>\n<p data-start=\"901\" data-end=\"1266\"><strong data-start=\"901\" data-end=\"918\">Zanaatkarl\u0131k<\/strong><\/p>\n<p data-start=\"901\" data-end=\"1266\">Her bir k\u00fcpe, e\u015fsiz parlakl\u0131\u011f\u0131 ve safl\u0131\u011f\u0131yla bilinen 22 ayar sar\u0131 alt\u0131ndan \u00fcretilmi\u015ftir. Y\u00fczey, yetenekli zanaatkarlar taraf\u0131ndan titizlikle \u015fekillendirilerek \u0131\u015f\u0131kla nazik\u00e7e oynayan kabar\u0131k, dokusal bir y\u00fczey olu\u015fturulmu\u015ftur. Arkal\u0131klar sa\u011flamd\u0131r ve rahatl\u0131k i\u00e7in \u00fcretilmi\u015ftir - \u00e7ocuklar veya alt\u0131n tak\u0131lara yeni ba\u015flayanlar da dahil olmak \u00fczere g\u00fcnl\u00fck kullan\u0131m i\u00e7in uygundur.<\/p>\n<p data-start=\"1268\" data-end=\"1596\"><strong data-start=\"1268\" data-end=\"1285\">Stil Fikirleri<\/strong><\/p>\n<p data-start=\"1268\" data-end=\"1596\">\u0130ster zarif bir dokunu\u015f i\u00e7in tek ba\u015f\u0131na tak\u0131ls\u0131n, ister alt\u0131n bilezikler veya zincirle e\u015fle\u015ftirilerek uyumlu bir g\u00f6r\u00fcn\u00fcm elde edilsin, bu spiral \u00e7\u0131t\u00e7\u0131tlar zahmetsiz bir \u00e7ok y\u00f6nl\u00fcl\u00fck sunar. Hafif formlar\u0131 sayesinde g\u00fcnl\u00fck kullan\u0131m, i\u015f k\u0131yafeti veya hediye olarak - \u00f6zellikle do\u011fum g\u00fcnleri, bebek du\u015flar\u0131 veya anlaml\u0131 d\u00f6n\u00fcm noktalar\u0131 i\u00e7in - m\u00fckemmel bir se\u00e7imdir.<\/p>","protected":false},"excerpt":{"rendered":"<p>Saf 22 ayar alt\u0131ndan \u00fcretilen Spiral Saplama K\u00fcpelerimiz, modern ve minimal bir dokunu\u015fla geleneksel tasar\u0131ma zamans\u0131z bir selam niteli\u011findedir. Hassas e\u015fmerkezli formlar\u0131 uyum ve dengeyi yans\u0131t\u0131r - g\u00fcnl\u00fck \u015f\u0131kl\u0131k veya nesiller aras\u0131 hediye i\u00e7in m\u00fckemmeldir.<\/p>\n<p><strong>Malzeme:<\/strong>\u00a022 Ayar Alt\u0131n<br \/>\n<strong>Safl\u0131k:<\/strong>\u00a091.6% saf<br \/>\n<strong>Hallmark:<\/strong>\u00a0\u0130ngiliz Damgas\u0131<strong><br \/>\n<\/strong><strong>Br\u00fct A\u011f\u0131rl\u0131k: <\/strong>1.42 Gms<br \/>\n<strong>SKU:<\/strong> 51245, 53072<\/p>\n<p><strong>Fiyat ve Teslimat<\/strong>: KDV ve teslimat \u00fccreti dahil<br \/>\n<a href=\"https:\/\/www.purejewels.com\/tr\/i%cc%87ade-poli%cc%87ti%cc%87kasi\/\">\u0130ade Politikas\u0131<\/a><\/p>","protected":false},"featured_media":419135,"comment_status":"closed","ping_status":"closed","template":"","meta":{"_eb_attr":"","_crsspst_to_jayantr4sg-hostcom":true},"product_brand":[],"product_cat":[1559,236,6150,1793,1792,1790,1254,5343,1570,1577,1574,5349],"product_tag":[66],"class_list":{"0":"post-419133","1":"product","2":"type-product","3":"status-publish","4":"has-post-thumbnail","6":"product_cat-birthday-gifts","7":"product_cat-collections","8":"product_cat-cubic-zirconia-ear-studs","9":"product_cat-diwali-gifts","10":"product_cat-festival-gifts","11":"product_cat-for-whom-when","12":"product_cat-gold-earrings","13":"product_cat-jewellery-under-550","14":"product_cat-mothers-day-gifts","15":"product_cat-stud-earrings","16":"product_cat-womens-jewellery","17":"product_cat-yellow-gold-jewellery","18":"product_tag-earrings","20":"first","21":"outofstock","22":"taxable","23":"shipping-taxable","24":"product-type-simple","25":"add-to-wishlist-before_image"},"yoast_head":"<!-- This site is optimized with the Yoast SEO plugin v27.6 - https:\/\/yoast.com\/product\/yoast-seo-wordpress\/ -->\n<title>22ct Gold Spiral Stud Earrings | PureJewels London<\/title>\n<meta name=\"description\" content=\"Discover the 22ct Gold Spiral Stud Earrings at PureJewels. Handcrafted in pure gold with a timeless spiral design, perfect for everyday elegance or meaningful gifting.\" \/>\n<meta name=\"robots\" content=\"index, follow, max-snippet:-1, max-image-preview:large, max-video-preview:-1\" \/>\n<link rel=\"canonical\" href=\"https:\/\/www.purejewels.com\/tr\/urun\/22-ayar-altin-spiral-saplama-kupe-53072\/\" \/>\n<meta property=\"og:locale\" content=\"tr_TR\" \/>\n<meta property=\"og:type\" content=\"article\" \/>\n<meta property=\"og:title\" content=\"22ct Gold Spiral Stud Earrings | PureJewels London\" \/>\n<meta property=\"og:description\" content=\"Discover the 22ct Gold Spiral Stud Earrings at PureJewels. Handcrafted in pure gold with a timeless spiral design, perfect for everyday elegance or meaningful gifting.\" \/>\n<meta property=\"og:url\" content=\"https:\/\/www.purejewels.com\/tr\/urun\/22-ayar-altin-spiral-saplama-kupe-53072\/\" \/>\n<meta property=\"og:site_name\" content=\"PureJewels UK\" \/>\n<meta property=\"article:modified_time\" content=\"2026-03-19T06:45:58+00:00\" \/>\n<meta property=\"og:image\" content=\"https:\/\/static.purejewels.com\/wp-content\/uploads\/2025\/10\/53072.jpg\" \/>\n\t<meta property=\"og:image:width\" content=\"1000\" \/>\n\t<meta property=\"og:image:height\" content=\"1000\" \/>\n\t<meta property=\"og:image:type\" content=\"image\/jpeg\" \/>\n<meta name=\"twitter:card\" content=\"summary_large_image\" \/>\n<meta name=\"twitter:label1\" content=\"Tahmini okuma s\u00fcresi\" \/>\n\t<meta name=\"twitter:data1\" content=\"1 dakika\" \/>\n<script type=\"application\/ld+json\" class=\"yoast-schema-graph\">{\"@context\":\"https:\\\/\\\/schema.org\",\"@graph\":[{\"@type\":[\"WebPage\",\"ItemPage\"],\"@id\":\"https:\\\/\\\/www.purejewels.com\\\/product\\\/22ct-gold-spiral-stud-earrings-53072\\\/\",\"url\":\"https:\\\/\\\/www.purejewels.com\\\/product\\\/22ct-gold-spiral-stud-earrings-53072\\\/\",\"name\":\"22ct Gold Spiral Stud Earrings | PureJewels London\",\"isPartOf\":{\"@id\":\"https:\\\/\\\/www.purejewels.com\\\/#website\"},\"primaryImageOfPage\":{\"@id\":\"https:\\\/\\\/www.purejewels.com\\\/product\\\/22ct-gold-spiral-stud-earrings-53072\\\/#primaryimage\"},\"image\":{\"@id\":\"https:\\\/\\\/www.purejewels.com\\\/product\\\/22ct-gold-spiral-stud-earrings-53072\\\/#primaryimage\"},\"thumbnailUrl\":\"https:\\\/\\\/static.purejewels.com\\\/wp-content\\\/uploads\\\/2025\\\/10\\\/53072.jpg\",\"datePublished\":\"2025-09-16T04:16:44+00:00\",\"dateModified\":\"2026-03-19T06:45:58+00:00\",\"description\":\"Discover the 22ct Gold Spiral Stud Earrings at PureJewels. Handcrafted in pure gold with a timeless spiral design, perfect for everyday elegance or meaningful gifting.\",\"breadcrumb\":{\"@id\":\"https:\\\/\\\/www.purejewels.com\\\/product\\\/22ct-gold-spiral-stud-earrings-53072\\\/#breadcrumb\"},\"inLanguage\":\"tr\",\"potentialAction\":[{\"@type\":\"ReadAction\",\"target\":[\"https:\\\/\\\/www.purejewels.com\\\/product\\\/22ct-gold-spiral-stud-earrings-53072\\\/\"]}]},{\"@type\":\"ImageObject\",\"inLanguage\":\"tr\",\"@id\":\"https:\\\/\\\/www.purejewels.com\\\/product\\\/22ct-gold-spiral-stud-earrings-53072\\\/#primaryimage\",\"url\":\"https:\\\/\\\/static.purejewels.com\\\/wp-content\\\/uploads\\\/2025\\\/10\\\/53072.jpg\",\"contentUrl\":\"https:\\\/\\\/static.purejewels.com\\\/wp-content\\\/uploads\\\/2025\\\/10\\\/53072.jpg\",\"width\":1000,\"height\":1000,\"caption\":\"22ct Gold Spiral Stud Earrings\"},{\"@type\":\"BreadcrumbList\",\"@id\":\"https:\\\/\\\/www.purejewels.com\\\/product\\\/22ct-gold-spiral-stud-earrings-53072\\\/#breadcrumb\",\"itemListElement\":[{\"@type\":\"ListItem\",\"position\":1,\"name\":\"Home\",\"item\":\"https:\\\/\\\/www.purejewels.com\\\/\"},{\"@type\":\"ListItem\",\"position\":2,\"name\":\"Shop\",\"item\":\"https:\\\/\\\/www.purejewels.com\\\/shop\\\/\"},{\"@type\":\"ListItem\",\"position\":3,\"name\":\"22ct Gold Spiral Stud Earrings\"}]},{\"@type\":\"WebSite\",\"@id\":\"https:\\\/\\\/www.purejewels.com\\\/#website\",\"url\":\"https:\\\/\\\/www.purejewels.com\\\/\",\"name\":\"PureJewels UK\",\"description\":\"Share the Love\",\"publisher\":{\"@id\":\"https:\\\/\\\/www.purejewels.com\\\/#organization\"},\"potentialAction\":[{\"@type\":\"SearchAction\",\"target\":{\"@type\":\"EntryPoint\",\"urlTemplate\":\"https:\\\/\\\/www.purejewels.com\\\/?s={search_term_string}\"},\"query-input\":{\"@type\":\"PropertyValueSpecification\",\"valueRequired\":true,\"valueName\":\"search_term_string\"}}],\"inLanguage\":\"tr\"},{\"@type\":\"Organization\",\"@id\":\"https:\\\/\\\/www.purejewels.com\\\/#organization\",\"name\":\"PureJewels UK\",\"url\":\"https:\\\/\\\/www.purejewels.com\\\/\",\"logo\":{\"@type\":\"ImageObject\",\"inLanguage\":\"tr\",\"@id\":\"https:\\\/\\\/www.purejewels.com\\\/#\\\/schema\\\/logo\\\/image\\\/\",\"url\":\"https:\\\/\\\/static.purejewels.com\\\/wp-content\\\/uploads\\\/2020\\\/11\\\/Logo-PJ-New-1.png\",\"contentUrl\":\"https:\\\/\\\/static.purejewels.com\\\/wp-content\\\/uploads\\\/2020\\\/11\\\/Logo-PJ-New-1.png\",\"width\":150,\"height\":80,\"caption\":\"PureJewels UK\"},\"image\":{\"@id\":\"https:\\\/\\\/www.purejewels.com\\\/#\\\/schema\\\/logo\\\/image\\\/\"}}]}<\/script>\n<!-- \/ Yoast SEO plugin. -->","yoast_head_json":{"title":"22 Ayar Alt\u0131n Spiral Saplama K\u00fcpe | PureJewels London","description":"PureJewels'teki 22 Ayar Alt\u0131n Spiral Saplama K\u00fcpeleri ke\u015ffedin. Zamans\u0131z spiral tasar\u0131m\u0131yla saf alt\u0131ndan el yap\u0131m\u0131, g\u00fcnl\u00fck \u015f\u0131kl\u0131k veya anlaml\u0131 hediyeler i\u00e7in m\u00fckemmel.","robots":{"index":"index","follow":"follow","max-snippet":"max-snippet:-1","max-image-preview":"max-image-preview:large","max-video-preview":"max-video-preview:-1"},"canonical":"https:\/\/www.purejewels.com\/tr\/urun\/22-ayar-altin-spiral-saplama-kupe-53072\/","og_locale":"tr_TR","og_type":"article","og_title":"22ct Gold Spiral Stud Earrings | PureJewels London","og_description":"Discover the 22ct Gold Spiral Stud Earrings at PureJewels. Handcrafted in pure gold with a timeless spiral design, perfect for everyday elegance or meaningful gifting.","og_url":"https:\/\/www.purejewels.com\/tr\/urun\/22-ayar-altin-spiral-saplama-kupe-53072\/","og_site_name":"PureJewels UK","article_modified_time":"2026-03-19T06:45:58+00:00","og_image":[{"width":1000,"height":1000,"url":"https:\/\/static.purejewels.com\/wp-content\/uploads\/2025\/10\/53072.jpg","type":"image\/jpeg"}],"twitter_card":"summary_large_image","twitter_misc":{"Tahmini okuma s\u00fcresi":"1 dakika"},"schema":{"@context":"https:\/\/schema.org","@graph":[{"@type":["WebPage","ItemPage"],"@id":"https:\/\/www.purejewels.com\/product\/22ct-gold-spiral-stud-earrings-53072\/","url":"https:\/\/www.purejewels.com\/product\/22ct-gold-spiral-stud-earrings-53072\/","name":"22 Ayar Alt\u0131n Spiral Saplama K\u00fcpe | PureJewels London","isPartOf":{"@id":"https:\/\/www.purejewels.com\/#website"},"primaryImageOfPage":{"@id":"https:\/\/www.purejewels.com\/product\/22ct-gold-spiral-stud-earrings-53072\/#primaryimage"},"image":{"@id":"https:\/\/www.purejewels.com\/product\/22ct-gold-spiral-stud-earrings-53072\/#primaryimage"},"thumbnailUrl":"https:\/\/static.purejewels.com\/wp-content\/uploads\/2025\/10\/53072.jpg","datePublished":"2025-09-16T04:16:44+00:00","dateModified":"2026-03-19T06:45:58+00:00","description":"PureJewels'teki 22 Ayar Alt\u0131n Spiral Saplama K\u00fcpeleri ke\u015ffedin. Zamans\u0131z spiral tasar\u0131m\u0131yla saf alt\u0131ndan el yap\u0131m\u0131, g\u00fcnl\u00fck \u015f\u0131kl\u0131k veya anlaml\u0131 hediyeler i\u00e7in m\u00fckemmel.","breadcrumb":{"@id":"https:\/\/www.purejewels.com\/product\/22ct-gold-spiral-stud-earrings-53072\/#breadcrumb"},"inLanguage":"tr","potentialAction":[{"@type":"ReadAction","target":["https:\/\/www.purejewels.com\/product\/22ct-gold-spiral-stud-earrings-53072\/"]}]},{"@type":"ImageObject","inLanguage":"tr","@id":"https:\/\/www.purejewels.com\/product\/22ct-gold-spiral-stud-earrings-53072\/#primaryimage","url":"https:\/\/static.purejewels.com\/wp-content\/uploads\/2025\/10\/53072.jpg","contentUrl":"https:\/\/static.purejewels.com\/wp-content\/uploads\/2025\/10\/53072.jpg","width":1000,"height":1000,"caption":"22ct Gold Spiral Stud Earrings"},{"@type":"BreadcrumbList","@id":"https:\/\/www.purejewels.com\/product\/22ct-gold-spiral-stud-earrings-53072\/#breadcrumb","itemListElement":[{"@type":"ListItem","position":1,"name":"Home","item":"https:\/\/www.purejewels.com\/"},{"@type":"ListItem","position":2,"name":"Shop","item":"https:\/\/www.purejewels.com\/shop\/"},{"@type":"ListItem","position":3,"name":"22ct Gold Spiral Stud Earrings"}]},{"@type":"WebSite","@id":"https:\/\/www.purejewels.com\/#website","url":"https:\/\/www.purejewels.com\/","name":"PureJewels \u0130ngiltere","description":"Sevgiyi Payla\u015f\u0131n","publisher":{"@id":"https:\/\/www.purejewels.com\/#organization"},"potentialAction":[{"@type":"SearchAction","target":{"@type":"EntryPoint","urlTemplate":"https:\/\/www.purejewels.com\/?s={search_term_string}"},"query-input":{"@type":"PropertyValueSpecification","valueRequired":true,"valueName":"search_term_string"}}],"inLanguage":"tr"},{"@type":"Organization","@id":"https:\/\/www.purejewels.com\/#organization","name":"PureJewels \u0130ngiltere","url":"https:\/\/www.purejewels.com\/","logo":{"@type":"ImageObject","inLanguage":"tr","@id":"https:\/\/www.purejewels.com\/#\/schema\/logo\/image\/","url":"https:\/\/static.purejewels.com\/wp-content\/uploads\/2020\/11\/Logo-PJ-New-1.png","contentUrl":"https:\/\/static.purejewels.com\/wp-content\/uploads\/2020\/11\/Logo-PJ-New-1.png","width":150,"height":80,"caption":"PureJewels UK"},"image":{"@id":"https:\/\/www.purejewels.com\/#\/schema\/logo\/image\/"}}]}},"_links":{"self":[{"href":"https:\/\/www.purejewels.com\/tr\/wp-json\/wp\/v2\/product\/419133","targetHints":{"allow":["GET"]}}],"collection":[{"href":"https:\/\/www.purejewels.com\/tr\/wp-json\/wp\/v2\/product"}],"about":[{"href":"https:\/\/www.purejewels.com\/tr\/wp-json\/wp\/v2\/types\/product"}],"replies":[{"embeddable":true,"href":"https:\/\/www.purejewels.com\/tr\/wp-json\/wp\/v2\/comments?post=419133"}],"version-history":[{"count":1,"href":"https:\/\/www.purejewels.com\/tr\/wp-json\/wp\/v2\/product\/419133\/revisions"}],"predecessor-version":[{"id":419136,"href":"https:\/\/www.purejewels.com\/tr\/wp-json\/wp\/v2\/product\/419133\/revisions\/419136"}],"wp:featuredmedia":[{"embeddable":true,"href":"https:\/\/www.purejewels.com\/tr\/wp-json\/wp\/v2\/media\/419135"}],"wp:attachment":[{"href":"https:\/\/www.purejewels.com\/tr\/wp-json\/wp\/v2\/media?parent=419133"}],"wp:term":[{"taxonomy":"product_brand","embeddable":true,"href":"https:\/\/www.purejewels.com\/tr\/wp-json\/wp\/v2\/product_brand?post=419133"},{"taxonomy":"product_cat","embeddable":true,"href":"https:\/\/www.purejewels.com\/tr\/wp-json\/wp\/v2\/product_cat?post=419133"},{"taxonomy":"product_tag","embeddable":true,"href":"https:\/\/www.purejewels.com\/tr\/wp-json\/wp\/v2\/product_tag?post=419133"}],"curies":[{"name":"wp","href":"https:\/\/api.w.org\/{rel}","templated":true}]}}