{"id":419145,"date":"2025-09-16T09:02:01","date_gmt":"2025-09-16T08:02:01","guid":{"rendered":"https:\/\/www.purejewels.com\/?post_type=product&#038;p=419145"},"modified":"2026-04-10T18:22:09","modified_gmt":"2026-04-10T17:22:09","slug":"22-ayar-altin-sonsuzluk-saplama-kupe-53128","status":"publish","type":"product","link":"https:\/\/www.purejewels.com\/tr\/product\/22ct-gold-infinity-stud-earrings-53128\/","title":{"rendered":"22 Ayar Alt\u0131n Sonsuzluk Saplama K\u00fcpe"},"content":{"rendered":"<p data-start=\"428\" data-end=\"706\"><strong data-start=\"428\" data-end=\"438\">Tasar\u0131m<\/strong><\/p>\n<p data-start=\"428\" data-end=\"706\">Klasik sonsuzluk silueti, ara vermeden akan nazik bir a\u00e7\u0131k halka \u015feklindedir. Yumu\u015fak k\u0131vr\u0131mlar, lobun \u00fczerine d\u00fczg\u00fcn bir \u015fekilde oturan dengeli bir form olu\u015fturur. Tasar\u0131m, s\u00fcreklilik ba\u011flant\u0131s\u0131na ve sessiz g\u00fcce i\u015faret ediyor. Profil olarak minimal ama anlam olarak etkileyici.<\/p>\n<p data-start=\"708\" data-end=\"986\"><strong data-start=\"708\" data-end=\"725\">Zanaatkarl\u0131k<\/strong><\/p>\n<p data-start=\"708\" data-end=\"986\">P\u00fcr\u00fczs\u00fcz y\u00fcksek cilal\u0131 22 ayar sar\u0131 alt\u0131ndan yap\u0131lm\u0131\u015ft\u0131r. Ajur formu rahatl\u0131k ve kal\u0131c\u0131 parlakl\u0131k i\u00e7in \u00f6zenle yuvarlat\u0131lm\u0131\u015ft\u0131r. G\u00fcvenli postlar ve kelebek arkal\u0131klar kolay uyum ve g\u00fcvenilir kullan\u0131m sa\u011flar. Her bir \u00e7ift hassas kenarlar ve zarif bir y\u00fczeyle tamamlanm\u0131\u015ft\u0131r.<\/p>\n<p data-start=\"988\" data-end=\"1256\" data-is-last-node=\"\" data-is-only-node=\"\"><strong data-start=\"988\" data-end=\"1009\">\u015eekillendirme &amp; Hediyele\u015fme<\/strong><\/p>\n<p data-start=\"988\" data-end=\"1256\" data-is-last-node=\"\" data-is-only-node=\"\">Bunlar\u0131 g\u00fcnl\u00fck alt\u0131n k\u00fcpeleriniz olarak tak\u0131n veya katmanl\u0131 bir g\u00f6r\u00fcn\u00fcm i\u00e7in narin halkalarla istifleyin. Arkada\u015fl\u0131klar\u0131n d\u00f6n\u00fcm noktalar\u0131n\u0131 ve yeni ba\u015flang\u0131\u00e7lar\u0131 kutlamak i\u00e7in d\u00fc\u015f\u00fcnceli bir hediye. Hafifli\u011fi ve \u00e7ok y\u00f6nl\u00fc stili sayesinde hafta sonlar\u0131 ve seyahatler i\u00e7in m\u00fckemmeldir.<\/p>","protected":false},"excerpt":{"rendered":"<p data-start=\"620\" data-end=\"807\">Parlat\u0131lm\u0131\u015f sonsuzluk motifleri 22 ayar alt\u0131ndan el i\u015f\u00e7ili\u011fiyle \u00fcretilmi\u015ftir. G\u00fcnl\u00fck kullan\u0131m ve d\u00fc\u015f\u00fcnceli hediyeler i\u00e7in zarif bir \u00e7ift.<\/p>\n<p><strong>Malzeme:<\/strong>\u00a022 Ayar Alt\u0131n<br \/>\n<strong>Safl\u0131k:<\/strong>\u00a091.6% saf<br \/>\n<strong>Hallmark:<\/strong>\u00a0\u0130ngiliz Damgas\u0131<strong><br \/>\n<\/strong><strong>Br\u00fct A\u011f\u0131rl\u0131k: <\/strong>1.33 Gms<br \/>\n<strong>SKU:<\/strong> 53127, 53128, 52556<\/p>\n<p><strong>Fiyat ve Teslimat<\/strong>: KDV ve teslimat \u00fccreti dahil<br \/>\n<a href=\"https:\/\/www.purejewels.com\/tr\/i%cc%87ade-poli%cc%87ti%cc%87kasi\/\">\u0130ade Politikas\u0131<\/a><\/p>","protected":false},"featured_media":419146,"comment_status":"closed","ping_status":"closed","template":"","meta":{"_eb_attr":"","_crsspst_to_jayantr4sg-hostcom":true},"product_brand":[],"product_cat":[1559,1576,236,1793,1792,1790,1254,5343,5599,5943,1577,1575,1574,5349],"product_tag":[66],"class_list":{"0":"post-419145","1":"product","2":"type-product","3":"status-publish","4":"has-post-thumbnail","6":"product_cat-birthday-gifts","7":"product_cat-childrens-jewellery","8":"product_cat-collections","9":"product_cat-diwali-gifts","10":"product_cat-festival-gifts","11":"product_cat-for-whom-when","12":"product_cat-gold-earrings","13":"product_cat-jewellery-under-550","14":"product_cat-baby-earring","15":"product_cat-kids-jewellery","16":"product_cat-stud-earrings","17":"product_cat-teenage-jewellery","18":"product_cat-womens-jewellery","19":"product_cat-yellow-gold-jewellery","20":"product_tag-earrings","22":"first","23":"outofstock","24":"taxable","25":"shipping-taxable","26":"product-type-simple","27":"add-to-wishlist-before_image"},"yoast_head":"<!-- This site is optimized with the Yoast SEO plugin v27.6 - https:\/\/yoast.com\/product\/yoast-seo-wordpress\/ -->\n<title>Gold Christmas Earrings | 22ct Infinity Studs | PureJewels UK<\/title>\n<meta name=\"description\" content=\"Discover 22ct gold infinity stud earrings hallmarked in the UK. Elegant gold Christmas earrings for gifting with complimentary wrap and next day UK delivery.\" \/>\n<meta name=\"robots\" content=\"index, follow, max-snippet:-1, max-image-preview:large, max-video-preview:-1\" \/>\n<link rel=\"canonical\" href=\"https:\/\/www.purejewels.com\/tr\/urun\/22-ayar-altin-sonsuzluk-saplama-kupe-53128\/\" \/>\n<meta property=\"og:locale\" content=\"tr_TR\" \/>\n<meta property=\"og:type\" content=\"article\" \/>\n<meta property=\"og:title\" content=\"Gold Christmas Earrings | 22ct Infinity Studs | PureJewels UK\" \/>\n<meta property=\"og:description\" content=\"Discover 22ct gold infinity stud earrings hallmarked in the UK. Elegant gold Christmas earrings for gifting with complimentary wrap and next day UK delivery.\" \/>\n<meta property=\"og:url\" content=\"https:\/\/www.purejewels.com\/tr\/urun\/22-ayar-altin-sonsuzluk-saplama-kupe-53128\/\" \/>\n<meta property=\"og:site_name\" content=\"PureJewels UK\" \/>\n<meta property=\"article:modified_time\" content=\"2026-04-10T17:22:09+00:00\" \/>\n<meta property=\"og:image\" content=\"https:\/\/static.purejewels.com\/wp-content\/uploads\/2025\/10\/53127.jpg\" \/>\n\t<meta property=\"og:image:width\" content=\"1336\" \/>\n\t<meta property=\"og:image:height\" content=\"1336\" \/>\n\t<meta property=\"og:image:type\" content=\"image\/jpeg\" \/>\n<meta name=\"twitter:card\" content=\"summary_large_image\" \/>\n<meta name=\"twitter:label1\" content=\"Tahmini okuma s\u00fcresi\" \/>\n\t<meta name=\"twitter:data1\" content=\"1 dakika\" \/>\n<script type=\"application\/ld+json\" class=\"yoast-schema-graph\">{\"@context\":\"https:\\\/\\\/schema.org\",\"@graph\":[{\"@type\":[\"WebPage\",\"ItemPage\"],\"@id\":\"https:\\\/\\\/www.purejewels.com\\\/product\\\/22ct-gold-infinity-stud-earrings-53128\\\/\",\"url\":\"https:\\\/\\\/www.purejewels.com\\\/product\\\/22ct-gold-infinity-stud-earrings-53128\\\/\",\"name\":\"Gold Christmas Earrings | 22ct Infinity Studs | PureJewels UK\",\"isPartOf\":{\"@id\":\"https:\\\/\\\/www.purejewels.com\\\/#website\"},\"primaryImageOfPage\":{\"@id\":\"https:\\\/\\\/www.purejewels.com\\\/product\\\/22ct-gold-infinity-stud-earrings-53128\\\/#primaryimage\"},\"image\":{\"@id\":\"https:\\\/\\\/www.purejewels.com\\\/product\\\/22ct-gold-infinity-stud-earrings-53128\\\/#primaryimage\"},\"thumbnailUrl\":\"https:\\\/\\\/static.purejewels.com\\\/wp-content\\\/uploads\\\/2025\\\/10\\\/53127.jpg\",\"datePublished\":\"2025-09-16T08:02:01+00:00\",\"dateModified\":\"2026-04-10T17:22:09+00:00\",\"description\":\"Discover 22ct gold infinity stud earrings hallmarked in the UK. Elegant gold Christmas earrings for gifting with complimentary wrap and next day UK delivery.\",\"breadcrumb\":{\"@id\":\"https:\\\/\\\/www.purejewels.com\\\/product\\\/22ct-gold-infinity-stud-earrings-53128\\\/#breadcrumb\"},\"inLanguage\":\"tr\",\"potentialAction\":[{\"@type\":\"ReadAction\",\"target\":[\"https:\\\/\\\/www.purejewels.com\\\/product\\\/22ct-gold-infinity-stud-earrings-53128\\\/\"]}]},{\"@type\":\"ImageObject\",\"inLanguage\":\"tr\",\"@id\":\"https:\\\/\\\/www.purejewels.com\\\/product\\\/22ct-gold-infinity-stud-earrings-53128\\\/#primaryimage\",\"url\":\"https:\\\/\\\/static.purejewels.com\\\/wp-content\\\/uploads\\\/2025\\\/10\\\/53127.jpg\",\"contentUrl\":\"https:\\\/\\\/static.purejewels.com\\\/wp-content\\\/uploads\\\/2025\\\/10\\\/53127.jpg\",\"width\":1336,\"height\":1336,\"caption\":\"22ct Gold Infinity Stud Earrings\"},{\"@type\":\"BreadcrumbList\",\"@id\":\"https:\\\/\\\/www.purejewels.com\\\/product\\\/22ct-gold-infinity-stud-earrings-53128\\\/#breadcrumb\",\"itemListElement\":[{\"@type\":\"ListItem\",\"position\":1,\"name\":\"Home\",\"item\":\"https:\\\/\\\/www.purejewels.com\\\/\"},{\"@type\":\"ListItem\",\"position\":2,\"name\":\"Shop\",\"item\":\"https:\\\/\\\/www.purejewels.com\\\/shop\\\/\"},{\"@type\":\"ListItem\",\"position\":3,\"name\":\"22ct Gold Infinity Stud Earrings\"}]},{\"@type\":\"WebSite\",\"@id\":\"https:\\\/\\\/www.purejewels.com\\\/#website\",\"url\":\"https:\\\/\\\/www.purejewels.com\\\/\",\"name\":\"PureJewels UK\",\"description\":\"Share the Love\",\"publisher\":{\"@id\":\"https:\\\/\\\/www.purejewels.com\\\/#organization\"},\"potentialAction\":[{\"@type\":\"SearchAction\",\"target\":{\"@type\":\"EntryPoint\",\"urlTemplate\":\"https:\\\/\\\/www.purejewels.com\\\/?s={search_term_string}\"},\"query-input\":{\"@type\":\"PropertyValueSpecification\",\"valueRequired\":true,\"valueName\":\"search_term_string\"}}],\"inLanguage\":\"tr\"},{\"@type\":\"Organization\",\"@id\":\"https:\\\/\\\/www.purejewels.com\\\/#organization\",\"name\":\"PureJewels UK\",\"url\":\"https:\\\/\\\/www.purejewels.com\\\/\",\"logo\":{\"@type\":\"ImageObject\",\"inLanguage\":\"tr\",\"@id\":\"https:\\\/\\\/www.purejewels.com\\\/#\\\/schema\\\/logo\\\/image\\\/\",\"url\":\"https:\\\/\\\/static.purejewels.com\\\/wp-content\\\/uploads\\\/2020\\\/11\\\/Logo-PJ-New-1.png\",\"contentUrl\":\"https:\\\/\\\/static.purejewels.com\\\/wp-content\\\/uploads\\\/2020\\\/11\\\/Logo-PJ-New-1.png\",\"width\":150,\"height\":80,\"caption\":\"PureJewels UK\"},\"image\":{\"@id\":\"https:\\\/\\\/www.purejewels.com\\\/#\\\/schema\\\/logo\\\/image\\\/\"}}]}<\/script>\n<!-- \/ Yoast SEO plugin. -->","yoast_head_json":{"title":"Alt\u0131n Y\u0131lba\u015f\u0131 K\u00fcpeleri | 22ct Infinity Studs | PureJewels UK","description":"Birle\u015fik Krall\u0131k'ta damgalanm\u0131\u015f 22 ayar alt\u0131n sonsuzluk k\u00fcpelerini ke\u015ffedin. \u00dccretsiz ambalaj ve ertesi g\u00fcn Birle\u015fik Krall\u0131k'ta teslimat ile hediye etmek i\u00e7in zarif alt\u0131n Noel k\u00fcpeleri.","robots":{"index":"index","follow":"follow","max-snippet":"max-snippet:-1","max-image-preview":"max-image-preview:large","max-video-preview":"max-video-preview:-1"},"canonical":"https:\/\/www.purejewels.com\/tr\/urun\/22-ayar-altin-sonsuzluk-saplama-kupe-53128\/","og_locale":"tr_TR","og_type":"article","og_title":"Gold Christmas Earrings | 22ct Infinity Studs | PureJewels UK","og_description":"Discover 22ct gold infinity stud earrings hallmarked in the UK. Elegant gold Christmas earrings for gifting with complimentary wrap and next day UK delivery.","og_url":"https:\/\/www.purejewels.com\/tr\/urun\/22-ayar-altin-sonsuzluk-saplama-kupe-53128\/","og_site_name":"PureJewels UK","article_modified_time":"2026-04-10T17:22:09+00:00","og_image":[{"width":1336,"height":1336,"url":"https:\/\/static.purejewels.com\/wp-content\/uploads\/2025\/10\/53127.jpg","type":"image\/jpeg"}],"twitter_card":"summary_large_image","twitter_misc":{"Tahmini okuma s\u00fcresi":"1 dakika"},"schema":{"@context":"https:\/\/schema.org","@graph":[{"@type":["WebPage","ItemPage"],"@id":"https:\/\/www.purejewels.com\/product\/22ct-gold-infinity-stud-earrings-53128\/","url":"https:\/\/www.purejewels.com\/product\/22ct-gold-infinity-stud-earrings-53128\/","name":"Alt\u0131n Y\u0131lba\u015f\u0131 K\u00fcpeleri | 22ct Infinity Studs | PureJewels UK","isPartOf":{"@id":"https:\/\/www.purejewels.com\/#website"},"primaryImageOfPage":{"@id":"https:\/\/www.purejewels.com\/product\/22ct-gold-infinity-stud-earrings-53128\/#primaryimage"},"image":{"@id":"https:\/\/www.purejewels.com\/product\/22ct-gold-infinity-stud-earrings-53128\/#primaryimage"},"thumbnailUrl":"https:\/\/static.purejewels.com\/wp-content\/uploads\/2025\/10\/53127.jpg","datePublished":"2025-09-16T08:02:01+00:00","dateModified":"2026-04-10T17:22:09+00:00","description":"Birle\u015fik Krall\u0131k'ta damgalanm\u0131\u015f 22 ayar alt\u0131n sonsuzluk k\u00fcpelerini ke\u015ffedin. \u00dccretsiz ambalaj ve ertesi g\u00fcn Birle\u015fik Krall\u0131k'ta teslimat ile hediye etmek i\u00e7in zarif alt\u0131n Noel k\u00fcpeleri.","breadcrumb":{"@id":"https:\/\/www.purejewels.com\/product\/22ct-gold-infinity-stud-earrings-53128\/#breadcrumb"},"inLanguage":"tr","potentialAction":[{"@type":"ReadAction","target":["https:\/\/www.purejewels.com\/product\/22ct-gold-infinity-stud-earrings-53128\/"]}]},{"@type":"ImageObject","inLanguage":"tr","@id":"https:\/\/www.purejewels.com\/product\/22ct-gold-infinity-stud-earrings-53128\/#primaryimage","url":"https:\/\/static.purejewels.com\/wp-content\/uploads\/2025\/10\/53127.jpg","contentUrl":"https:\/\/static.purejewels.com\/wp-content\/uploads\/2025\/10\/53127.jpg","width":1336,"height":1336,"caption":"22ct Gold Infinity Stud Earrings"},{"@type":"BreadcrumbList","@id":"https:\/\/www.purejewels.com\/product\/22ct-gold-infinity-stud-earrings-53128\/#breadcrumb","itemListElement":[{"@type":"ListItem","position":1,"name":"Home","item":"https:\/\/www.purejewels.com\/"},{"@type":"ListItem","position":2,"name":"Shop","item":"https:\/\/www.purejewels.com\/shop\/"},{"@type":"ListItem","position":3,"name":"22ct Gold Infinity Stud Earrings"}]},{"@type":"WebSite","@id":"https:\/\/www.purejewels.com\/#website","url":"https:\/\/www.purejewels.com\/","name":"PureJewels \u0130ngiltere","description":"Sevgiyi Payla\u015f\u0131n","publisher":{"@id":"https:\/\/www.purejewels.com\/#organization"},"potentialAction":[{"@type":"SearchAction","target":{"@type":"EntryPoint","urlTemplate":"https:\/\/www.purejewels.com\/?s={search_term_string}"},"query-input":{"@type":"PropertyValueSpecification","valueRequired":true,"valueName":"search_term_string"}}],"inLanguage":"tr"},{"@type":"Organization","@id":"https:\/\/www.purejewels.com\/#organization","name":"PureJewels \u0130ngiltere","url":"https:\/\/www.purejewels.com\/","logo":{"@type":"ImageObject","inLanguage":"tr","@id":"https:\/\/www.purejewels.com\/#\/schema\/logo\/image\/","url":"https:\/\/static.purejewels.com\/wp-content\/uploads\/2020\/11\/Logo-PJ-New-1.png","contentUrl":"https:\/\/static.purejewels.com\/wp-content\/uploads\/2020\/11\/Logo-PJ-New-1.png","width":150,"height":80,"caption":"PureJewels UK"},"image":{"@id":"https:\/\/www.purejewels.com\/#\/schema\/logo\/image\/"}}]}},"_links":{"self":[{"href":"https:\/\/www.purejewels.com\/tr\/wp-json\/wp\/v2\/product\/419145","targetHints":{"allow":["GET"]}}],"collection":[{"href":"https:\/\/www.purejewels.com\/tr\/wp-json\/wp\/v2\/product"}],"about":[{"href":"https:\/\/www.purejewels.com\/tr\/wp-json\/wp\/v2\/types\/product"}],"replies":[{"embeddable":true,"href":"https:\/\/www.purejewels.com\/tr\/wp-json\/wp\/v2\/comments?post=419145"}],"version-history":[{"count":3,"href":"https:\/\/www.purejewels.com\/tr\/wp-json\/wp\/v2\/product\/419145\/revisions"}],"predecessor-version":[{"id":419586,"href":"https:\/\/www.purejewels.com\/tr\/wp-json\/wp\/v2\/product\/419145\/revisions\/419586"}],"wp:featuredmedia":[{"embeddable":true,"href":"https:\/\/www.purejewels.com\/tr\/wp-json\/wp\/v2\/media\/419146"}],"wp:attachment":[{"href":"https:\/\/www.purejewels.com\/tr\/wp-json\/wp\/v2\/media?parent=419145"}],"wp:term":[{"taxonomy":"product_brand","embeddable":true,"href":"https:\/\/www.purejewels.com\/tr\/wp-json\/wp\/v2\/product_brand?post=419145"},{"taxonomy":"product_cat","embeddable":true,"href":"https:\/\/www.purejewels.com\/tr\/wp-json\/wp\/v2\/product_cat?post=419145"},{"taxonomy":"product_tag","embeddable":true,"href":"https:\/\/www.purejewels.com\/tr\/wp-json\/wp\/v2\/product_tag?post=419145"}],"curies":[{"name":"wp","href":"https:\/\/api.w.org\/{rel}","templated":true}]}}