{"id":419149,"date":"2025-09-16T09:19:24","date_gmt":"2025-09-16T08:19:24","guid":{"rendered":"https:\/\/www.purejewels.com\/?post_type=product&#038;p=419149"},"modified":"2026-02-04T06:47:14","modified_gmt":"2026-02-04T06:47:14","slug":"22-ayar-altin-minimal-sonsuzluk-kolye-52425","status":"publish","type":"product","link":"https:\/\/www.purejewels.com\/tr\/product\/22ct-gold-minimal-infinity-necklace-52425\/","title":{"rendered":"22 Ayar Alt\u0131n Minimal Sonsuzluk Kolye"},"content":{"rendered":"<p data-start=\"434\" data-end=\"702\"><strong data-start=\"434\" data-end=\"444\">Tasar\u0131m<\/strong><\/p>\n<p data-start=\"434\" data-end=\"702\">\u0130nce bir zincirin merkezinde ince bir sonsuzluk sembol\u00fc yer al\u0131yor. A\u00e7\u0131k halka formu dengeli ve incedir, b\u00f6ylece k\u00f6pr\u00fcc\u00fck kemi\u011fine hafif\u00e7e oturur. Kesintisiz k\u0131vr\u0131m\u0131 ba\u011flant\u0131n\u0131n yenilenmesini ve sakin bir duru\u015fu ifade eder. Minimal tasar\u0131m\u0131yla her \u015feyle uyum sa\u011flar.<\/p>\n<p data-start=\"704\" data-end=\"955\"><strong data-start=\"704\" data-end=\"721\">Zanaatkarl\u0131k<\/strong><\/p>\n<p data-start=\"704\" data-end=\"955\">P\u00fcr\u00fczs\u00fcz y\u00fcksek cilal\u0131 22 ayar sar\u0131 alt\u0131ndan elde i\u015flenmi\u015ftir. Kolye ucu kenarlar\u0131 cilde kar\u015f\u0131 rahatl\u0131k sa\u011flamak i\u00e7in yumu\u015fak bir \u015fekilde yuvarlat\u0131lm\u0131\u015ft\u0131r. G\u00fcvenli bir toka ve \u00f6zenle lehimlenmi\u015f ba\u011flant\u0131lar g\u00fcvenilir bir kullan\u0131m sa\u011flar. Metal inceli\u011fi i\u00e7in \u0130ngiltere'de damgalanm\u0131\u015ft\u0131r.<\/p>\n<p data-start=\"957\" data-end=\"1219\" data-is-last-node=\"\" data-is-only-node=\"\"><strong data-start=\"957\" data-end=\"978\">\u015eekillendirme &amp; Hediyele\u015fme<\/strong><\/p>\n<p data-start=\"957\" data-end=\"1219\" data-is-last-node=\"\" data-is-only-node=\"\">Temiz bir g\u00fcnl\u00fck g\u00f6r\u00fcn\u00fcm i\u00e7in tek ba\u015f\u0131na kullan\u0131n veya derinlik i\u00e7in narin zincirlerle katmanlay\u0131n. K\u00fc\u00e7\u00fck alt\u0131n \u00e7\u0131t\u00e7\u0131tlar veya kucaklarla g\u00fczel uyum sa\u011flar. Arkada\u015fl\u0131klar\u0131n d\u00f6n\u00fcm noktalar\u0131n\u0131 ve yeni ba\u015flang\u0131\u00e7lar\u0131 i\u015faretlemek i\u00e7in d\u00fc\u015f\u00fcn\u00fclm\u00fc\u015f bir hediye. Hafta sonlar\u0131 i\u015f ve seyahat i\u00e7in uygundur.<\/p>","protected":false},"excerpt":{"rendered":"<p>\u0130nce 22 ayar alt\u0131n zincir \u00fczerinde zarif bir sonsuzluk motifi. G\u00fcnl\u00fck kullan\u0131m ve anlaml\u0131 hediyeler i\u00e7in sade \u00e7izgiler.<\/p>\n<p><strong>Malzeme:<\/strong>\u00a022 Ayar Alt\u0131n<br \/>\n<strong>Safl\u0131k:<\/strong>\u00a091.6% saf<br \/>\n<strong>Hallmark:<\/strong>\u00a0\u0130ngiliz Damgas\u0131<strong><br \/>\n<\/strong><strong>Br\u00fct A\u011f\u0131rl\u0131k: <\/strong>3.50 Gms<br \/>\n<strong>Uzunluk:<\/strong> 16 in\u00e7<br \/>\n<strong>SKU:<\/strong> 52425<\/p>\n<p><strong>Fiyat ve Teslimat<\/strong>: KDV ve teslimat \u00fccreti dahil<br \/>\n<a href=\"https:\/\/www.purejewels.com\/tr\/i%cc%87ade-poli%cc%87ti%cc%87kasi\/\">\u0130ade Politikas\u0131<\/a><\/p>","protected":false},"featured_media":419150,"comment_status":"closed","ping_status":"closed","template":"","meta":{"_eb_attr":"","_crsspst_to_jayantr4sg-hostcom":true},"product_brand":[],"product_cat":[1791,1559,1794,1793,1792,1229,1253,5346,5344,5902,1570,1573,1574,5349],"product_tag":[],"class_list":{"0":"post-419149","1":"product","2":"type-product","3":"status-publish","4":"has-post-thumbnail","6":"product_cat-anniversary-gifts","7":"product_cat-birthday-gifts","8":"product_cat-christmas-gifts","9":"product_cat-diwali-gifts","10":"product_cat-festival-gifts","11":"product_cat-22ct-gold-jewellery","12":"product_cat-gold-necklaces","13":"product_cat-gold-pendant-necklace","14":"product_cat-jewellery-under-750","15":"product_cat-lariat-necklace","16":"product_cat-mothers-day-gifts","17":"product_cat-wedding-gifts","18":"product_cat-womens-jewellery","19":"product_cat-yellow-gold-jewellery","21":"first","22":"outofstock","23":"taxable","24":"shipping-taxable","25":"product-type-simple","26":"add-to-wishlist-before_image"},"yoast_head":"<!-- This site is optimized with the Yoast SEO plugin v27.6 - https:\/\/yoast.com\/product\/yoast-seo-wordpress\/ -->\n<title>22ct Gold Minimal Infinity Necklace | Everyday Fine Chain<\/title>\n<meta name=\"description\" content=\"Sleek 22ct Gold Minimal Infinity Necklace with a polished open loop motif. A refined everyday chain that layers easily and makes a thoughtful gift.\" \/>\n<meta name=\"robots\" content=\"index, follow, max-snippet:-1, max-image-preview:large, max-video-preview:-1\" \/>\n<link rel=\"canonical\" href=\"https:\/\/www.purejewels.com\/tr\/urun\/22-ayar-altin-minimal-sonsuzluk-kolye-52425\/\" \/>\n<meta property=\"og:locale\" content=\"tr_TR\" \/>\n<meta property=\"og:type\" content=\"article\" \/>\n<meta property=\"og:title\" content=\"22ct Gold Minimal Infinity Necklace | Everyday Fine Chain\" \/>\n<meta property=\"og:description\" content=\"Sleek 22ct Gold Minimal Infinity Necklace with a polished open loop motif. A refined everyday chain that layers easily and makes a thoughtful gift.\" \/>\n<meta property=\"og:url\" content=\"https:\/\/www.purejewels.com\/tr\/urun\/22-ayar-altin-minimal-sonsuzluk-kolye-52425\/\" \/>\n<meta property=\"og:site_name\" content=\"PureJewels UK\" \/>\n<meta property=\"article:modified_time\" content=\"2026-02-04T06:47:14+00:00\" \/>\n<meta property=\"og:image\" content=\"https:\/\/static.purejewels.com\/wp-content\/uploads\/2025\/10\/52425.jpg\" \/>\n\t<meta property=\"og:image:width\" content=\"1000\" \/>\n\t<meta property=\"og:image:height\" content=\"1000\" \/>\n\t<meta property=\"og:image:type\" content=\"image\/jpeg\" \/>\n<meta name=\"twitter:card\" content=\"summary_large_image\" \/>\n<meta name=\"twitter:label1\" content=\"Tahmini okuma s\u00fcresi\" \/>\n\t<meta name=\"twitter:data1\" content=\"1 dakika\" \/>\n<script type=\"application\/ld+json\" class=\"yoast-schema-graph\">{\"@context\":\"https:\\\/\\\/schema.org\",\"@graph\":[{\"@type\":[\"WebPage\",\"ItemPage\"],\"@id\":\"https:\\\/\\\/www.purejewels.com\\\/product\\\/22ct-gold-minimal-infinity-necklace-52425\\\/\",\"url\":\"https:\\\/\\\/www.purejewels.com\\\/product\\\/22ct-gold-minimal-infinity-necklace-52425\\\/\",\"name\":\"22ct Gold Minimal Infinity Necklace | Everyday Fine Chain\",\"isPartOf\":{\"@id\":\"https:\\\/\\\/www.purejewels.com\\\/#website\"},\"primaryImageOfPage\":{\"@id\":\"https:\\\/\\\/www.purejewels.com\\\/product\\\/22ct-gold-minimal-infinity-necklace-52425\\\/#primaryimage\"},\"image\":{\"@id\":\"https:\\\/\\\/www.purejewels.com\\\/product\\\/22ct-gold-minimal-infinity-necklace-52425\\\/#primaryimage\"},\"thumbnailUrl\":\"https:\\\/\\\/static.purejewels.com\\\/wp-content\\\/uploads\\\/2025\\\/10\\\/52425.jpg\",\"datePublished\":\"2025-09-16T08:19:24+00:00\",\"dateModified\":\"2026-02-04T06:47:14+00:00\",\"description\":\"Sleek 22ct Gold Minimal Infinity Necklace with a polished open loop motif. A refined everyday chain that layers easily and makes a thoughtful gift.\",\"breadcrumb\":{\"@id\":\"https:\\\/\\\/www.purejewels.com\\\/product\\\/22ct-gold-minimal-infinity-necklace-52425\\\/#breadcrumb\"},\"inLanguage\":\"tr\",\"potentialAction\":[{\"@type\":\"ReadAction\",\"target\":[\"https:\\\/\\\/www.purejewels.com\\\/product\\\/22ct-gold-minimal-infinity-necklace-52425\\\/\"]}]},{\"@type\":\"ImageObject\",\"inLanguage\":\"tr\",\"@id\":\"https:\\\/\\\/www.purejewels.com\\\/product\\\/22ct-gold-minimal-infinity-necklace-52425\\\/#primaryimage\",\"url\":\"https:\\\/\\\/static.purejewels.com\\\/wp-content\\\/uploads\\\/2025\\\/10\\\/52425.jpg\",\"contentUrl\":\"https:\\\/\\\/static.purejewels.com\\\/wp-content\\\/uploads\\\/2025\\\/10\\\/52425.jpg\",\"width\":1000,\"height\":1000,\"caption\":\"22ct Gold Minimal Infinity Necklace\"},{\"@type\":\"BreadcrumbList\",\"@id\":\"https:\\\/\\\/www.purejewels.com\\\/product\\\/22ct-gold-minimal-infinity-necklace-52425\\\/#breadcrumb\",\"itemListElement\":[{\"@type\":\"ListItem\",\"position\":1,\"name\":\"Home\",\"item\":\"https:\\\/\\\/www.purejewels.com\\\/\"},{\"@type\":\"ListItem\",\"position\":2,\"name\":\"Shop\",\"item\":\"https:\\\/\\\/www.purejewels.com\\\/shop\\\/\"},{\"@type\":\"ListItem\",\"position\":3,\"name\":\"22ct Gold Minimal Infinity Necklace\"}]},{\"@type\":\"WebSite\",\"@id\":\"https:\\\/\\\/www.purejewels.com\\\/#website\",\"url\":\"https:\\\/\\\/www.purejewels.com\\\/\",\"name\":\"PureJewels UK\",\"description\":\"Share the Love\",\"publisher\":{\"@id\":\"https:\\\/\\\/www.purejewels.com\\\/#organization\"},\"potentialAction\":[{\"@type\":\"SearchAction\",\"target\":{\"@type\":\"EntryPoint\",\"urlTemplate\":\"https:\\\/\\\/www.purejewels.com\\\/?s={search_term_string}\"},\"query-input\":{\"@type\":\"PropertyValueSpecification\",\"valueRequired\":true,\"valueName\":\"search_term_string\"}}],\"inLanguage\":\"tr\"},{\"@type\":\"Organization\",\"@id\":\"https:\\\/\\\/www.purejewels.com\\\/#organization\",\"name\":\"PureJewels UK\",\"url\":\"https:\\\/\\\/www.purejewels.com\\\/\",\"logo\":{\"@type\":\"ImageObject\",\"inLanguage\":\"tr\",\"@id\":\"https:\\\/\\\/www.purejewels.com\\\/#\\\/schema\\\/logo\\\/image\\\/\",\"url\":\"https:\\\/\\\/static.purejewels.com\\\/wp-content\\\/uploads\\\/2020\\\/11\\\/Logo-PJ-New-1.png\",\"contentUrl\":\"https:\\\/\\\/static.purejewels.com\\\/wp-content\\\/uploads\\\/2020\\\/11\\\/Logo-PJ-New-1.png\",\"width\":150,\"height\":80,\"caption\":\"PureJewels UK\"},\"image\":{\"@id\":\"https:\\\/\\\/www.purejewels.com\\\/#\\\/schema\\\/logo\\\/image\\\/\"}}]}<\/script>\n<!-- \/ Yoast SEO plugin. -->","yoast_head_json":{"title":"22 Ayar Alt\u0131n Minimal Sonsuzluk Kolye | G\u00fcnl\u00fck \u0130nce Zincir","description":"Parlak a\u00e7\u0131k halka motifli \u015f\u0131k 22 ayar alt\u0131n Minimal Sonsuzluk Kolye. Kolayca katlanabilen ve d\u00fc\u015f\u00fcnceli bir hediye olabilecek zarif bir g\u00fcnl\u00fck zincir.","robots":{"index":"index","follow":"follow","max-snippet":"max-snippet:-1","max-image-preview":"max-image-preview:large","max-video-preview":"max-video-preview:-1"},"canonical":"https:\/\/www.purejewels.com\/tr\/urun\/22-ayar-altin-minimal-sonsuzluk-kolye-52425\/","og_locale":"tr_TR","og_type":"article","og_title":"22ct Gold Minimal Infinity Necklace | Everyday Fine Chain","og_description":"Sleek 22ct Gold Minimal Infinity Necklace with a polished open loop motif. A refined everyday chain that layers easily and makes a thoughtful gift.","og_url":"https:\/\/www.purejewels.com\/tr\/urun\/22-ayar-altin-minimal-sonsuzluk-kolye-52425\/","og_site_name":"PureJewels UK","article_modified_time":"2026-02-04T06:47:14+00:00","og_image":[{"width":1000,"height":1000,"url":"https:\/\/static.purejewels.com\/wp-content\/uploads\/2025\/10\/52425.jpg","type":"image\/jpeg"}],"twitter_card":"summary_large_image","twitter_misc":{"Tahmini okuma s\u00fcresi":"1 dakika"},"schema":{"@context":"https:\/\/schema.org","@graph":[{"@type":["WebPage","ItemPage"],"@id":"https:\/\/www.purejewels.com\/product\/22ct-gold-minimal-infinity-necklace-52425\/","url":"https:\/\/www.purejewels.com\/product\/22ct-gold-minimal-infinity-necklace-52425\/","name":"22 Ayar Alt\u0131n Minimal Sonsuzluk Kolye | G\u00fcnl\u00fck \u0130nce Zincir","isPartOf":{"@id":"https:\/\/www.purejewels.com\/#website"},"primaryImageOfPage":{"@id":"https:\/\/www.purejewels.com\/product\/22ct-gold-minimal-infinity-necklace-52425\/#primaryimage"},"image":{"@id":"https:\/\/www.purejewels.com\/product\/22ct-gold-minimal-infinity-necklace-52425\/#primaryimage"},"thumbnailUrl":"https:\/\/static.purejewels.com\/wp-content\/uploads\/2025\/10\/52425.jpg","datePublished":"2025-09-16T08:19:24+00:00","dateModified":"2026-02-04T06:47:14+00:00","description":"Parlak a\u00e7\u0131k halka motifli \u015f\u0131k 22 ayar alt\u0131n Minimal Sonsuzluk Kolye. Kolayca katlanabilen ve d\u00fc\u015f\u00fcnceli bir hediye olabilecek zarif bir g\u00fcnl\u00fck zincir.","breadcrumb":{"@id":"https:\/\/www.purejewels.com\/product\/22ct-gold-minimal-infinity-necklace-52425\/#breadcrumb"},"inLanguage":"tr","potentialAction":[{"@type":"ReadAction","target":["https:\/\/www.purejewels.com\/product\/22ct-gold-minimal-infinity-necklace-52425\/"]}]},{"@type":"ImageObject","inLanguage":"tr","@id":"https:\/\/www.purejewels.com\/product\/22ct-gold-minimal-infinity-necklace-52425\/#primaryimage","url":"https:\/\/static.purejewels.com\/wp-content\/uploads\/2025\/10\/52425.jpg","contentUrl":"https:\/\/static.purejewels.com\/wp-content\/uploads\/2025\/10\/52425.jpg","width":1000,"height":1000,"caption":"22ct Gold Minimal Infinity Necklace"},{"@type":"BreadcrumbList","@id":"https:\/\/www.purejewels.com\/product\/22ct-gold-minimal-infinity-necklace-52425\/#breadcrumb","itemListElement":[{"@type":"ListItem","position":1,"name":"Home","item":"https:\/\/www.purejewels.com\/"},{"@type":"ListItem","position":2,"name":"Shop","item":"https:\/\/www.purejewels.com\/shop\/"},{"@type":"ListItem","position":3,"name":"22ct Gold Minimal Infinity Necklace"}]},{"@type":"WebSite","@id":"https:\/\/www.purejewels.com\/#website","url":"https:\/\/www.purejewels.com\/","name":"PureJewels \u0130ngiltere","description":"Sevgiyi Payla\u015f\u0131n","publisher":{"@id":"https:\/\/www.purejewels.com\/#organization"},"potentialAction":[{"@type":"SearchAction","target":{"@type":"EntryPoint","urlTemplate":"https:\/\/www.purejewels.com\/?s={search_term_string}"},"query-input":{"@type":"PropertyValueSpecification","valueRequired":true,"valueName":"search_term_string"}}],"inLanguage":"tr"},{"@type":"Organization","@id":"https:\/\/www.purejewels.com\/#organization","name":"PureJewels \u0130ngiltere","url":"https:\/\/www.purejewels.com\/","logo":{"@type":"ImageObject","inLanguage":"tr","@id":"https:\/\/www.purejewels.com\/#\/schema\/logo\/image\/","url":"https:\/\/static.purejewels.com\/wp-content\/uploads\/2020\/11\/Logo-PJ-New-1.png","contentUrl":"https:\/\/static.purejewels.com\/wp-content\/uploads\/2020\/11\/Logo-PJ-New-1.png","width":150,"height":80,"caption":"PureJewels UK"},"image":{"@id":"https:\/\/www.purejewels.com\/#\/schema\/logo\/image\/"}}]}},"_links":{"self":[{"href":"https:\/\/www.purejewels.com\/tr\/wp-json\/wp\/v2\/product\/419149","targetHints":{"allow":["GET"]}}],"collection":[{"href":"https:\/\/www.purejewels.com\/tr\/wp-json\/wp\/v2\/product"}],"about":[{"href":"https:\/\/www.purejewels.com\/tr\/wp-json\/wp\/v2\/types\/product"}],"replies":[{"embeddable":true,"href":"https:\/\/www.purejewels.com\/tr\/wp-json\/wp\/v2\/comments?post=419149"}],"version-history":[{"count":1,"href":"https:\/\/www.purejewels.com\/tr\/wp-json\/wp\/v2\/product\/419149\/revisions"}],"predecessor-version":[{"id":419152,"href":"https:\/\/www.purejewels.com\/tr\/wp-json\/wp\/v2\/product\/419149\/revisions\/419152"}],"wp:featuredmedia":[{"embeddable":true,"href":"https:\/\/www.purejewels.com\/tr\/wp-json\/wp\/v2\/media\/419150"}],"wp:attachment":[{"href":"https:\/\/www.purejewels.com\/tr\/wp-json\/wp\/v2\/media?parent=419149"}],"wp:term":[{"taxonomy":"product_brand","embeddable":true,"href":"https:\/\/www.purejewels.com\/tr\/wp-json\/wp\/v2\/product_brand?post=419149"},{"taxonomy":"product_cat","embeddable":true,"href":"https:\/\/www.purejewels.com\/tr\/wp-json\/wp\/v2\/product_cat?post=419149"},{"taxonomy":"product_tag","embeddable":true,"href":"https:\/\/www.purejewels.com\/tr\/wp-json\/wp\/v2\/product_tag?post=419149"}],"curies":[{"name":"wp","href":"https:\/\/api.w.org\/{rel}","templated":true}]}}