{"id":419158,"date":"2025-09-16T10:57:12","date_gmt":"2025-09-16T09:57:12","guid":{"rendered":"https:\/\/www.purejewels.com\/?post_type=product&#038;p=419158"},"modified":"2026-02-05T06:04:57","modified_gmt":"2026-02-05T06:04:57","slug":"22-ayar-gundogumu-altin-selale-zincir-6mm-18-inc-52797","status":"publish","type":"product","link":"https:\/\/www.purejewels.com\/tr\/product\/22ct-sunrise-gold-waterfall-chain-6mm-18-inch-52797\/","title":{"rendered":"22 Ayar G\u00fcndo\u011fumu Alt\u0131n \u015eelale Zincir | 6mm"},"content":{"rendered":"<p>6 mm'lik 22 ayar Sunrise Alt\u0131n Rozetler \u015eelale Zincir, g\u00fcven ve l\u00fcks\u00fc yans\u0131tan daha b\u00fcy\u00fck \u00e7i\u00e7ek motiflerini sergiliyor. Rozetler, formlar\u0131n\u0131 vurgulamak i\u00e7in m\u00fckemmel aral\u0131klarla yerle\u015ftirilmi\u015ftir ve parlakl\u0131k ve miras cazibesi yayan bir ifade par\u00e7as\u0131 olu\u015fturur.<\/p>\n<h3>Tasar\u0131m Konsepti<\/h3>\n<p>A\u00e7an g\u00fcn do\u011fumu \u00e7i\u00e7eklerinden ilham alan 6 mm'lik tasar\u0131m, canl\u0131l\u0131k ve refah\u0131 temsil eder. Alt\u0131n tonlar\u0131 \u0131\u015f\u0131\u011f\u0131n ve ya\u015fam\u0131n enerjisini yans\u0131tarak ne\u015feyi ve yeni ba\u015flang\u0131\u00e7lar\u0131 sembolize eder.<\/p>\n<h3>Zanaatkarl\u0131k<\/h3>\n<p>Her bir rozet, dayan\u0131kl\u0131l\u0131k ve zarafet aras\u0131ndaki dengeyi sa\u011flamak \u00fczere detay ve dokuyu korumak i\u00e7in hassasiyetle d\u00f6k\u00fclm\u00fc\u015ft\u00fcr. \u0130nce ba\u011flant\u0131lar esneklik sunarken sa\u011flaml\u0131\u011f\u0131 ve \u0131\u015f\u0131lt\u0131y\u0131 da korur.<\/p>\n<h3>Stil \u0130pu\u00e7lar\u0131<\/h3>\n<p>Bayramlar veya b\u00fcy\u00fck kutlamalar i\u00e7in ideal olan bu zincir, eksiksiz bir g\u00f6r\u00fcn\u00fcm i\u00e7in rozet tarz\u0131 kolyeler veya alt\u0131n bilekliklerle g\u00fczel bir uyum sa\u011flar.<\/p>","protected":false},"excerpt":{"rendered":"<p>Londra'daki at\u00f6lyemizde, k\u00f6kleri \u00e7ok k\u00fclt\u00fcrl\u00fc miras\u0131m\u0131za dayanan modern ve ileri teknoloji ile geleneksel i\u015f\u00e7ilik teknikleri kullan\u0131larak el i\u015f\u00e7ili\u011fi ve montaj\u0131 yap\u0131lmaktad\u0131r.<\/p>\n<p><strong>Malzeme:<\/strong>\u00a022 Ayar G\u00fcndo\u011fumu Alt\u0131n<br \/>\n<strong>Safl\u0131k:<\/strong>\u00a091.6% saf<br \/>\n<strong>Hallmark:<\/strong>\u00a0\u0130ngiliz Damgas\u0131<br \/>\n<strong>A\u011f\u0131rl\u0131k Aral\u0131\u011f\u0131:<\/strong> 8.82 Gms - 10.79 Gms<br \/>\n<strong>Uzunluk Aral\u0131\u011f\u0131:<\/strong> 16 \u0130n\u00e7 - 24 \u0130n\u00e7<br \/>\n<strong>SKU:<\/strong> 53361, 53327, 53326, 53218, 53328, 52797<\/p>\n<p><strong>Fiyat ve Teslimat:<\/strong>\u00a0KDV ve teslimat \u00fccreti dahildir.<br \/>\n<a href=\"https:\/\/www.purejewels.com\/tr\/i%cc%87ade-poli%cc%87ti%cc%87kasi\/\">\u0130ade Politikas\u0131<\/a><\/p>","protected":false},"featured_media":349581,"comment_status":"closed","ping_status":"closed","template":"","meta":{"_eb_attr":"","_crsspst_to_jayantr4sg-hostcom":false},"product_brand":[],"product_cat":[1791,1559,1793,6049,1475,1229,1253,1773,1779,1656,5275,6081,1573,1574],"product_tag":[],"class_list":{"0":"post-419158","1":"product","2":"type-product","3":"status-publish","4":"has-post-thumbnail","6":"product_cat-anniversary-gifts","7":"product_cat-birthday-gifts","8":"product_cat-diwali-gifts","9":"product_cat-fancy-chain","10":"product_cat-gold-chains","11":"product_cat-22ct-gold-jewellery","12":"product_cat-gold-necklaces","13":"product_cat-ladies-chains","14":"product_cat-mala-style-necklaces","15":"product_cat-rosettes-collections","16":"product_cat-rosettes-necklace","17":"product_cat-sunrise-gold","18":"product_cat-wedding-gifts","19":"product_cat-womens-jewellery","21":"first","22":"instock","23":"taxable","24":"shipping-taxable","25":"purchasable","26":"product-type-variable","27":"add-to-wishlist-before_image"},"yoast_head":"<!-- This site is optimized with the Yoast SEO plugin v27.5 - https:\/\/yoast.com\/product\/yoast-seo-wordpress\/ -->\n<title>22ct Sunrise Gold Rosettes Chain 6mm Online at PureJewels<\/title>\n<meta name=\"description\" content=\"22ct Sunrise Gold Rosettes Waterfall Chain with 6mm floral motifs crafted for bold radiance and luxurious golden allure. Free delivery across the UK.\" \/>\n<meta name=\"robots\" content=\"index, follow, max-snippet:-1, max-image-preview:large, max-video-preview:-1\" \/>\n<link rel=\"canonical\" href=\"https:\/\/www.purejewels.com\/tr\/urun\/22-ayar-gundogumu-altin-selale-zincir-6mm-18-inc-52797\/\" \/>\n<meta property=\"og:locale\" content=\"tr_TR\" \/>\n<meta property=\"og:type\" content=\"article\" \/>\n<meta property=\"og:title\" content=\"22ct Sunrise Gold Rosettes Chain 6mm Online at PureJewels\" \/>\n<meta property=\"og:description\" content=\"22ct Sunrise Gold Rosettes Waterfall Chain with 6mm floral motifs crafted for bold radiance and luxurious golden allure. Free delivery across the UK.\" \/>\n<meta property=\"og:url\" content=\"https:\/\/www.purejewels.com\/tr\/urun\/22-ayar-gundogumu-altin-selale-zincir-6mm-18-inc-52797\/\" \/>\n<meta property=\"og:site_name\" content=\"PureJewels UK\" \/>\n<meta property=\"article:modified_time\" content=\"2026-02-05T06:04:57+00:00\" \/>\n<meta property=\"og:image\" content=\"https:\/\/static.purejewels.com\/wp-content\/uploads\/2023\/08\/45733.jpg\" \/>\n\t<meta property=\"og:image:width\" content=\"1000\" \/>\n\t<meta property=\"og:image:height\" content=\"1000\" \/>\n\t<meta property=\"og:image:type\" content=\"image\/jpeg\" \/>\n<meta name=\"twitter:card\" content=\"summary_large_image\" \/>\n<meta name=\"twitter:label1\" content=\"Tahmini okuma s\u00fcresi\" \/>\n\t<meta name=\"twitter:data1\" content=\"1 dakika\" \/>\n<script type=\"application\/ld+json\" class=\"yoast-schema-graph\">{\"@context\":\"https:\\\/\\\/schema.org\",\"@graph\":[{\"@type\":[\"WebPage\",\"ItemPage\"],\"@id\":\"https:\\\/\\\/www.purejewels.com\\\/product\\\/22ct-sunrise-gold-waterfall-chain-6mm-18-inch-52797\\\/\",\"url\":\"https:\\\/\\\/www.purejewels.com\\\/product\\\/22ct-sunrise-gold-waterfall-chain-6mm-18-inch-52797\\\/\",\"name\":\"22ct Sunrise Gold Rosettes Chain 6mm Online at PureJewels\",\"isPartOf\":{\"@id\":\"https:\\\/\\\/www.purejewels.com\\\/#website\"},\"primaryImageOfPage\":{\"@id\":\"https:\\\/\\\/www.purejewels.com\\\/product\\\/22ct-sunrise-gold-waterfall-chain-6mm-18-inch-52797\\\/#primaryimage\"},\"image\":{\"@id\":\"https:\\\/\\\/www.purejewels.com\\\/product\\\/22ct-sunrise-gold-waterfall-chain-6mm-18-inch-52797\\\/#primaryimage\"},\"thumbnailUrl\":\"https:\\\/\\\/static.purejewels.com\\\/wp-content\\\/uploads\\\/2023\\\/08\\\/45733.jpg\",\"datePublished\":\"2025-09-16T09:57:12+00:00\",\"dateModified\":\"2026-02-05T06:04:57+00:00\",\"description\":\"22ct Sunrise Gold Rosettes Waterfall Chain with 6mm floral motifs crafted for bold radiance and luxurious golden allure. Free delivery across the UK.\",\"breadcrumb\":{\"@id\":\"https:\\\/\\\/www.purejewels.com\\\/product\\\/22ct-sunrise-gold-waterfall-chain-6mm-18-inch-52797\\\/#breadcrumb\"},\"inLanguage\":\"tr\",\"potentialAction\":[{\"@type\":\"ReadAction\",\"target\":[\"https:\\\/\\\/www.purejewels.com\\\/product\\\/22ct-sunrise-gold-waterfall-chain-6mm-18-inch-52797\\\/\"]}]},{\"@type\":\"ImageObject\",\"inLanguage\":\"tr\",\"@id\":\"https:\\\/\\\/www.purejewels.com\\\/product\\\/22ct-sunrise-gold-waterfall-chain-6mm-18-inch-52797\\\/#primaryimage\",\"url\":\"https:\\\/\\\/static.purejewels.com\\\/wp-content\\\/uploads\\\/2023\\\/08\\\/45733.jpg\",\"contentUrl\":\"https:\\\/\\\/static.purejewels.com\\\/wp-content\\\/uploads\\\/2023\\\/08\\\/45733.jpg\",\"width\":1000,\"height\":1000,\"caption\":\"22ct Gold Rosette Waterfall chain\"},{\"@type\":\"BreadcrumbList\",\"@id\":\"https:\\\/\\\/www.purejewels.com\\\/product\\\/22ct-sunrise-gold-waterfall-chain-6mm-18-inch-52797\\\/#breadcrumb\",\"itemListElement\":[{\"@type\":\"ListItem\",\"position\":1,\"name\":\"Home\",\"item\":\"https:\\\/\\\/www.purejewels.com\\\/\"},{\"@type\":\"ListItem\",\"position\":2,\"name\":\"Shop\",\"item\":\"https:\\\/\\\/www.purejewels.com\\\/shop\\\/\"},{\"@type\":\"ListItem\",\"position\":3,\"name\":\"22ct Sunrise Gold Waterfall Chain | 6mm\"}]},{\"@type\":\"WebSite\",\"@id\":\"https:\\\/\\\/www.purejewels.com\\\/#website\",\"url\":\"https:\\\/\\\/www.purejewels.com\\\/\",\"name\":\"PureJewels UK\",\"description\":\"Share the Love\",\"publisher\":{\"@id\":\"https:\\\/\\\/www.purejewels.com\\\/#organization\"},\"potentialAction\":[{\"@type\":\"SearchAction\",\"target\":{\"@type\":\"EntryPoint\",\"urlTemplate\":\"https:\\\/\\\/www.purejewels.com\\\/?s={search_term_string}\"},\"query-input\":{\"@type\":\"PropertyValueSpecification\",\"valueRequired\":true,\"valueName\":\"search_term_string\"}}],\"inLanguage\":\"tr\"},{\"@type\":\"Organization\",\"@id\":\"https:\\\/\\\/www.purejewels.com\\\/#organization\",\"name\":\"PureJewels UK\",\"url\":\"https:\\\/\\\/www.purejewels.com\\\/\",\"logo\":{\"@type\":\"ImageObject\",\"inLanguage\":\"tr\",\"@id\":\"https:\\\/\\\/www.purejewels.com\\\/#\\\/schema\\\/logo\\\/image\\\/\",\"url\":\"https:\\\/\\\/static.purejewels.com\\\/wp-content\\\/uploads\\\/2020\\\/11\\\/Logo-PJ-New-1.png\",\"contentUrl\":\"https:\\\/\\\/static.purejewels.com\\\/wp-content\\\/uploads\\\/2020\\\/11\\\/Logo-PJ-New-1.png\",\"width\":150,\"height\":80,\"caption\":\"PureJewels UK\"},\"image\":{\"@id\":\"https:\\\/\\\/www.purejewels.com\\\/#\\\/schema\\\/logo\\\/image\\\/\"}}]}<\/script>\n<!-- \/ Yoast SEO plugin. -->","yoast_head_json":{"title":"22 Ayar Sunrise Alt\u0131n Rozet Zincir 6mm PureJewels'de Online","description":"Cesur \u0131\u015f\u0131lt\u0131 ve l\u00fcks alt\u0131n cazibesi i\u00e7in haz\u0131rlanm\u0131\u015f 6 mm \u00e7i\u00e7ek motifli 22 ayar Sunrise Alt\u0131n Rozet \u015eelale Zincir. Birle\u015fik Krall\u0131k genelinde \u00fccretsiz teslimat.","robots":{"index":"index","follow":"follow","max-snippet":"max-snippet:-1","max-image-preview":"max-image-preview:large","max-video-preview":"max-video-preview:-1"},"canonical":"https:\/\/www.purejewels.com\/tr\/urun\/22-ayar-gundogumu-altin-selale-zincir-6mm-18-inc-52797\/","og_locale":"tr_TR","og_type":"article","og_title":"22ct Sunrise Gold Rosettes Chain 6mm Online at PureJewels","og_description":"22ct Sunrise Gold Rosettes Waterfall Chain with 6mm floral motifs crafted for bold radiance and luxurious golden allure. Free delivery across the UK.","og_url":"https:\/\/www.purejewels.com\/tr\/urun\/22-ayar-gundogumu-altin-selale-zincir-6mm-18-inc-52797\/","og_site_name":"PureJewels UK","article_modified_time":"2026-02-05T06:04:57+00:00","og_image":[{"width":1000,"height":1000,"url":"https:\/\/static.purejewels.com\/wp-content\/uploads\/2023\/08\/45733.jpg","type":"image\/jpeg"}],"twitter_card":"summary_large_image","twitter_misc":{"Tahmini okuma s\u00fcresi":"1 dakika"},"schema":{"@context":"https:\/\/schema.org","@graph":[{"@type":["WebPage","ItemPage"],"@id":"https:\/\/www.purejewels.com\/product\/22ct-sunrise-gold-waterfall-chain-6mm-18-inch-52797\/","url":"https:\/\/www.purejewels.com\/product\/22ct-sunrise-gold-waterfall-chain-6mm-18-inch-52797\/","name":"22 Ayar Sunrise Alt\u0131n Rozet Zincir 6mm PureJewels'de Online","isPartOf":{"@id":"https:\/\/www.purejewels.com\/#website"},"primaryImageOfPage":{"@id":"https:\/\/www.purejewels.com\/product\/22ct-sunrise-gold-waterfall-chain-6mm-18-inch-52797\/#primaryimage"},"image":{"@id":"https:\/\/www.purejewels.com\/product\/22ct-sunrise-gold-waterfall-chain-6mm-18-inch-52797\/#primaryimage"},"thumbnailUrl":"https:\/\/static.purejewels.com\/wp-content\/uploads\/2023\/08\/45733.jpg","datePublished":"2025-09-16T09:57:12+00:00","dateModified":"2026-02-05T06:04:57+00:00","description":"Cesur \u0131\u015f\u0131lt\u0131 ve l\u00fcks alt\u0131n cazibesi i\u00e7in haz\u0131rlanm\u0131\u015f 6 mm \u00e7i\u00e7ek motifli 22 ayar Sunrise Alt\u0131n Rozet \u015eelale Zincir. Birle\u015fik Krall\u0131k genelinde \u00fccretsiz teslimat.","breadcrumb":{"@id":"https:\/\/www.purejewels.com\/product\/22ct-sunrise-gold-waterfall-chain-6mm-18-inch-52797\/#breadcrumb"},"inLanguage":"tr","potentialAction":[{"@type":"ReadAction","target":["https:\/\/www.purejewels.com\/product\/22ct-sunrise-gold-waterfall-chain-6mm-18-inch-52797\/"]}]},{"@type":"ImageObject","inLanguage":"tr","@id":"https:\/\/www.purejewels.com\/product\/22ct-sunrise-gold-waterfall-chain-6mm-18-inch-52797\/#primaryimage","url":"https:\/\/static.purejewels.com\/wp-content\/uploads\/2023\/08\/45733.jpg","contentUrl":"https:\/\/static.purejewels.com\/wp-content\/uploads\/2023\/08\/45733.jpg","width":1000,"height":1000,"caption":"22ct Gold Rosette Waterfall chain"},{"@type":"BreadcrumbList","@id":"https:\/\/www.purejewels.com\/product\/22ct-sunrise-gold-waterfall-chain-6mm-18-inch-52797\/#breadcrumb","itemListElement":[{"@type":"ListItem","position":1,"name":"Home","item":"https:\/\/www.purejewels.com\/"},{"@type":"ListItem","position":2,"name":"Shop","item":"https:\/\/www.purejewels.com\/shop\/"},{"@type":"ListItem","position":3,"name":"22ct Sunrise Gold Waterfall Chain | 6mm"}]},{"@type":"WebSite","@id":"https:\/\/www.purejewels.com\/#website","url":"https:\/\/www.purejewels.com\/","name":"PureJewels \u0130ngiltere","description":"Sevgiyi Payla\u015f\u0131n","publisher":{"@id":"https:\/\/www.purejewels.com\/#organization"},"potentialAction":[{"@type":"SearchAction","target":{"@type":"EntryPoint","urlTemplate":"https:\/\/www.purejewels.com\/?s={search_term_string}"},"query-input":{"@type":"PropertyValueSpecification","valueRequired":true,"valueName":"search_term_string"}}],"inLanguage":"tr"},{"@type":"Organization","@id":"https:\/\/www.purejewels.com\/#organization","name":"PureJewels \u0130ngiltere","url":"https:\/\/www.purejewels.com\/","logo":{"@type":"ImageObject","inLanguage":"tr","@id":"https:\/\/www.purejewels.com\/#\/schema\/logo\/image\/","url":"https:\/\/static.purejewels.com\/wp-content\/uploads\/2020\/11\/Logo-PJ-New-1.png","contentUrl":"https:\/\/static.purejewels.com\/wp-content\/uploads\/2020\/11\/Logo-PJ-New-1.png","width":150,"height":80,"caption":"PureJewels UK"},"image":{"@id":"https:\/\/www.purejewels.com\/#\/schema\/logo\/image\/"}}]}},"_links":{"self":[{"href":"https:\/\/www.purejewels.com\/tr\/wp-json\/wp\/v2\/product\/419158","targetHints":{"allow":["GET"]}}],"collection":[{"href":"https:\/\/www.purejewels.com\/tr\/wp-json\/wp\/v2\/product"}],"about":[{"href":"https:\/\/www.purejewels.com\/tr\/wp-json\/wp\/v2\/types\/product"}],"replies":[{"embeddable":true,"href":"https:\/\/www.purejewels.com\/tr\/wp-json\/wp\/v2\/comments?post=419158"}],"version-history":[{"count":4,"href":"https:\/\/www.purejewels.com\/tr\/wp-json\/wp\/v2\/product\/419158\/revisions"}],"predecessor-version":[{"id":425419,"href":"https:\/\/www.purejewels.com\/tr\/wp-json\/wp\/v2\/product\/419158\/revisions\/425419"}],"wp:featuredmedia":[{"embeddable":true,"href":"https:\/\/www.purejewels.com\/tr\/wp-json\/wp\/v2\/media\/349581"}],"wp:attachment":[{"href":"https:\/\/www.purejewels.com\/tr\/wp-json\/wp\/v2\/media?parent=419158"}],"wp:term":[{"taxonomy":"product_brand","embeddable":true,"href":"https:\/\/www.purejewels.com\/tr\/wp-json\/wp\/v2\/product_brand?post=419158"},{"taxonomy":"product_cat","embeddable":true,"href":"https:\/\/www.purejewels.com\/tr\/wp-json\/wp\/v2\/product_cat?post=419158"},{"taxonomy":"product_tag","embeddable":true,"href":"https:\/\/www.purejewels.com\/tr\/wp-json\/wp\/v2\/product_tag?post=419158"}],"curies":[{"name":"wp","href":"https:\/\/api.w.org\/{rel}","templated":true}]}}