{"id":419420,"date":"2025-05-23T07:09:56","date_gmt":"2025-05-23T06:09:56","guid":{"rendered":"https:\/\/www.purejewels.com\/?post_type=product&#038;p=419420"},"modified":"2026-01-07T06:39:02","modified_gmt":"2026-01-07T06:39:02","slug":"22-ayar-altin-suslu-bay-yuzuk-bant-olcusu-x-51183","status":"publish","type":"product","link":"https:\/\/www.purejewels.com\/tr\/product\/22ct-gold-ornate-gent-ring-band-size-x-51183\/","title":{"rendered":"22 Ayar Alt\u0131n S\u00fcsl\u00fc Gent Y\u00fcz\u00fck Band\u0131 | X Beden"},"content":{"rendered":"<h3>Tasar\u0131m Konsepti<\/h3>\n<p>Klasik kayd\u0131rma motiflerinden esinlenen tasar\u0131m, hareketi ve g\u00fcc\u00fc temsil eder. Ajur detay\u0131, PureJewels'in tasar\u0131m felsefesinin ay\u0131rt edici \u00f6zelli\u011fi olan s\u00fcrekli bir yolculu\u011fu simgeleyen bir ritim ve ak\u0131\u015fkanl\u0131k hissi yarat\u0131r.<\/p>\n<h3>Zanaatkarl\u0131k<\/h3>\n<p>Usta zanaatk\u00e2rlar taraf\u0131ndan 22 ayar alt\u0131ndan el i\u015f\u00e7ili\u011fiyle \u00fcretilen y\u00fcz\u00fck, her bir detay\u0131 \u00f6ne \u00e7\u0131karan zengin antik kaplamaya sahip karma\u015f\u0131k yontulmu\u015f motifler i\u00e7erir. \u0130\u00e7 bant rahatl\u0131k i\u00e7in p\u00fcr\u00fczs\u00fcz bir \u015fekilde parlat\u0131lm\u0131\u015ft\u0131r ve y\u00fcz\u00fc\u011f\u00fcn g\u00f6r\u00fcnd\u00fc\u011f\u00fc kadar zarif hissettirmesini sa\u011flar.<\/p>\n<h3>\u015eekillendirme &amp; Hediyele\u015fme<\/h3>\n<p>G\u00fcnl\u00fck kullan\u0131m veya resmi davetler i\u00e7in ideal olan bu cesur y\u00fcz\u00fck, hem geleneksel hem de modern stilleri tamamlar. Kilometre ta\u015f\u0131 kutlamalar\u0131 veya kendini ifade etmek i\u00e7in m\u00fckemmel bir hediye olan bu y\u00fcz\u00fck, PureJewels'in \u00f6zel sunum kutusunda, her anlaml\u0131 an\u0131 i\u015faretlemeye haz\u0131r olarak gelir.<\/p>","protected":false},"excerpt":{"rendered":"<p>Koyu antik kaplama ile zenginle\u015ftirilmi\u015f s\u00fcsl\u00fc bir kayd\u0131rma tasar\u0131m\u0131na sahip cesur bir 22 ayar alt\u0131n erkek y\u00fcz\u00fc\u011f\u00fc. PureJewels miras\u0131n\u0131 ve i\u015f\u00e7ili\u011fini yans\u0131tacak \u015fekilde el yap\u0131m\u0131d\u0131r.<\/p>\n<p><strong>Malzeme:<\/strong> 22 Ayar Alt\u0131n (91,6% Saf Alt\u0131n)<strong><br \/>\nHallmark:\u00a0<\/strong>\u0130ngiliz Damgas\u0131<strong><br \/>\n<\/strong><strong>Br\u00fct A\u011f\u0131rl\u0131k: <\/strong>11.99 Gms<br \/>\n<strong>Boyut:<\/strong> X<br \/>\n<strong>SKU:<\/strong> 51183<\/p>\n<p><strong>Fiyat ve Teslimat<\/strong>: KDV ve teslimat \u00fccretleri dahil<br \/>\n<a href=\"https:\/\/www.purejewels.com\/tr\/i%cc%87ade-poli%cc%87ti%cc%87kasi\/\">\u0130ade Politikas\u0131<\/a><\/p>","protected":false},"featured_media":419421,"comment_status":"closed","ping_status":"closed","template":"","meta":{"_eb_attr":"","_crsspst_to_jayantr4sg-hostcom":true},"product_brand":[],"product_cat":[1559,1785,1784,1790,1229,1235,1786,5353,5349],"product_tag":[],"class_list":{"0":"post-419420","1":"product","2":"type-product","3":"status-publish","4":"has-post-thumbnail","6":"product_cat-birthday-gifts","7":"product_cat-daily-wear-rings","8":"product_cat-gents-rings","9":"product_cat-for-whom-when","10":"product_cat-22ct-gold-jewellery","11":"product_cat-gold-rings","12":"product_cat-occasional-wear-rings","13":"product_cat-shop-by","14":"product_cat-yellow-gold-jewellery","16":"first","17":"outofstock","18":"taxable","19":"shipping-taxable","20":"product-type-simple","21":"add-to-wishlist-before_image"},"yoast_head":"<!-- This site is optimized with the Yoast SEO plugin v27.5 - https:\/\/yoast.com\/product\/yoast-seo-wordpress\/ -->\n<title>22ct Gold Gent Band | Ornate Design Crafted by PureJewels UK<\/title>\n<meta name=\"description\" content=\"Explore this 22ct gold gent ring band featuring a bold scroll design with antique detailing. Expertly crafted in London by PureJewels.\" \/>\n<meta name=\"robots\" content=\"index, follow, max-snippet:-1, max-image-preview:large, max-video-preview:-1\" \/>\n<link rel=\"canonical\" href=\"https:\/\/www.purejewels.com\/tr\/urun\/22-ayar-altin-suslu-bay-yuzuk-bant-olcusu-x-51183\/\" \/>\n<meta property=\"og:locale\" content=\"tr_TR\" \/>\n<meta property=\"og:type\" content=\"article\" \/>\n<meta property=\"og:title\" content=\"22ct Gold Gent Band | Ornate Design Crafted by PureJewels UK\" \/>\n<meta property=\"og:description\" content=\"Explore this 22ct gold gent ring band featuring a bold scroll design with antique detailing. Expertly crafted in London by PureJewels.\" \/>\n<meta property=\"og:url\" content=\"https:\/\/www.purejewels.com\/tr\/urun\/22-ayar-altin-suslu-bay-yuzuk-bant-olcusu-x-51183\/\" \/>\n<meta property=\"og:site_name\" content=\"PureJewels UK\" \/>\n<meta property=\"article:modified_time\" content=\"2026-01-07T06:39:02+00:00\" \/>\n<meta property=\"og:image\" content=\"https:\/\/www.purejewels.com\/wp-content\/uploads\/2025\/10\/SKU-51183.jpg\" \/>\n\t<meta property=\"og:image:width\" content=\"1000\" \/>\n\t<meta property=\"og:image:height\" content=\"1000\" \/>\n\t<meta property=\"og:image:type\" content=\"image\/jpeg\" \/>\n<meta name=\"twitter:card\" content=\"summary_large_image\" \/>\n<meta name=\"twitter:label1\" content=\"Tahmini okuma s\u00fcresi\" \/>\n\t<meta name=\"twitter:data1\" content=\"1 dakika\" \/>\n<script type=\"application\/ld+json\" class=\"yoast-schema-graph\">{\"@context\":\"https:\\\/\\\/schema.org\",\"@graph\":[{\"@type\":[\"WebPage\",\"ItemPage\"],\"@id\":\"https:\\\/\\\/www.purejewels.com\\\/product\\\/22ct-gold-ornate-gent-ring-band-size-x-51183\\\/\",\"url\":\"https:\\\/\\\/www.purejewels.com\\\/product\\\/22ct-gold-ornate-gent-ring-band-size-x-51183\\\/\",\"name\":\"22ct Gold Gent Band | Ornate Design Crafted by PureJewels UK\",\"isPartOf\":{\"@id\":\"https:\\\/\\\/www.purejewels.com\\\/#website\"},\"primaryImageOfPage\":{\"@id\":\"https:\\\/\\\/www.purejewels.com\\\/product\\\/22ct-gold-ornate-gent-ring-band-size-x-51183\\\/#primaryimage\"},\"image\":{\"@id\":\"https:\\\/\\\/www.purejewels.com\\\/product\\\/22ct-gold-ornate-gent-ring-band-size-x-51183\\\/#primaryimage\"},\"thumbnailUrl\":\"https:\\\/\\\/static.purejewels.com\\\/wp-content\\\/uploads\\\/2025\\\/10\\\/SKU-51183.jpg\",\"datePublished\":\"2025-05-23T06:09:56+00:00\",\"dateModified\":\"2026-01-07T06:39:02+00:00\",\"description\":\"Explore this 22ct gold gent ring band featuring a bold scroll design with antique detailing. Expertly crafted in London by PureJewels.\",\"breadcrumb\":{\"@id\":\"https:\\\/\\\/www.purejewels.com\\\/product\\\/22ct-gold-ornate-gent-ring-band-size-x-51183\\\/#breadcrumb\"},\"inLanguage\":\"tr\",\"potentialAction\":[{\"@type\":\"ReadAction\",\"target\":[\"https:\\\/\\\/www.purejewels.com\\\/product\\\/22ct-gold-ornate-gent-ring-band-size-x-51183\\\/\"]}]},{\"@type\":\"ImageObject\",\"inLanguage\":\"tr\",\"@id\":\"https:\\\/\\\/www.purejewels.com\\\/product\\\/22ct-gold-ornate-gent-ring-band-size-x-51183\\\/#primaryimage\",\"url\":\"https:\\\/\\\/static.purejewels.com\\\/wp-content\\\/uploads\\\/2025\\\/10\\\/SKU-51183.jpg\",\"contentUrl\":\"https:\\\/\\\/static.purejewels.com\\\/wp-content\\\/uploads\\\/2025\\\/10\\\/SKU-51183.jpg\",\"width\":1000,\"height\":1000,\"caption\":\"Stacked from 20 images. Method=B (R=8,S=4)\"},{\"@type\":\"BreadcrumbList\",\"@id\":\"https:\\\/\\\/www.purejewels.com\\\/product\\\/22ct-gold-ornate-gent-ring-band-size-x-51183\\\/#breadcrumb\",\"itemListElement\":[{\"@type\":\"ListItem\",\"position\":1,\"name\":\"Home\",\"item\":\"https:\\\/\\\/www.purejewels.com\\\/\"},{\"@type\":\"ListItem\",\"position\":2,\"name\":\"Shop\",\"item\":\"https:\\\/\\\/www.purejewels.com\\\/shop\\\/\"},{\"@type\":\"ListItem\",\"position\":3,\"name\":\"22ct Gold Ornate Gent Ring Band | Size X\"}]},{\"@type\":\"WebSite\",\"@id\":\"https:\\\/\\\/www.purejewels.com\\\/#website\",\"url\":\"https:\\\/\\\/www.purejewels.com\\\/\",\"name\":\"PureJewels UK\",\"description\":\"Share the Love\",\"publisher\":{\"@id\":\"https:\\\/\\\/www.purejewels.com\\\/#organization\"},\"potentialAction\":[{\"@type\":\"SearchAction\",\"target\":{\"@type\":\"EntryPoint\",\"urlTemplate\":\"https:\\\/\\\/www.purejewels.com\\\/?s={search_term_string}\"},\"query-input\":{\"@type\":\"PropertyValueSpecification\",\"valueRequired\":true,\"valueName\":\"search_term_string\"}}],\"inLanguage\":\"tr\"},{\"@type\":\"Organization\",\"@id\":\"https:\\\/\\\/www.purejewels.com\\\/#organization\",\"name\":\"PureJewels UK\",\"url\":\"https:\\\/\\\/www.purejewels.com\\\/\",\"logo\":{\"@type\":\"ImageObject\",\"inLanguage\":\"tr\",\"@id\":\"https:\\\/\\\/www.purejewels.com\\\/#\\\/schema\\\/logo\\\/image\\\/\",\"url\":\"https:\\\/\\\/static.purejewels.com\\\/wp-content\\\/uploads\\\/2020\\\/11\\\/Logo-PJ-New-1.png\",\"contentUrl\":\"https:\\\/\\\/static.purejewels.com\\\/wp-content\\\/uploads\\\/2020\\\/11\\\/Logo-PJ-New-1.png\",\"width\":150,\"height\":80,\"caption\":\"PureJewels UK\"},\"image\":{\"@id\":\"https:\\\/\\\/www.purejewels.com\\\/#\\\/schema\\\/logo\\\/image\\\/\"}}]}<\/script>\n<!-- \/ Yoast SEO plugin. -->","yoast_head_json":{"title":"PureJewels UK taraf\u0131ndan haz\u0131rlanm\u0131\u015f 22 Ayar Alt\u0131n Gent Band | S\u00fcsl\u00fc Tasar\u0131m","description":"Antika detaylara sahip cesur bir kayd\u0131rma tasar\u0131m\u0131na sahip bu 22 ayar alt\u0131n erkek y\u00fcz\u00fck band\u0131n\u0131 ke\u015ffedin. PureJewels taraf\u0131ndan Londra'da ustal\u0131kla \u00fcretilmi\u015ftir.","robots":{"index":"index","follow":"follow","max-snippet":"max-snippet:-1","max-image-preview":"max-image-preview:large","max-video-preview":"max-video-preview:-1"},"canonical":"https:\/\/www.purejewels.com\/tr\/urun\/22-ayar-altin-suslu-bay-yuzuk-bant-olcusu-x-51183\/","og_locale":"tr_TR","og_type":"article","og_title":"22ct Gold Gent Band | Ornate Design Crafted by PureJewels UK","og_description":"Explore this 22ct gold gent ring band featuring a bold scroll design with antique detailing. Expertly crafted in London by PureJewels.","og_url":"https:\/\/www.purejewels.com\/tr\/urun\/22-ayar-altin-suslu-bay-yuzuk-bant-olcusu-x-51183\/","og_site_name":"PureJewels UK","article_modified_time":"2026-01-07T06:39:02+00:00","og_image":[{"width":1000,"height":1000,"url":"https:\/\/www.purejewels.com\/wp-content\/uploads\/2025\/10\/SKU-51183.jpg","type":"image\/jpeg"}],"twitter_card":"summary_large_image","twitter_misc":{"Tahmini okuma s\u00fcresi":"1 dakika"},"schema":{"@context":"https:\/\/schema.org","@graph":[{"@type":["WebPage","ItemPage"],"@id":"https:\/\/www.purejewels.com\/product\/22ct-gold-ornate-gent-ring-band-size-x-51183\/","url":"https:\/\/www.purejewels.com\/product\/22ct-gold-ornate-gent-ring-band-size-x-51183\/","name":"PureJewels UK taraf\u0131ndan haz\u0131rlanm\u0131\u015f 22 Ayar Alt\u0131n Gent Band | S\u00fcsl\u00fc Tasar\u0131m","isPartOf":{"@id":"https:\/\/www.purejewels.com\/#website"},"primaryImageOfPage":{"@id":"https:\/\/www.purejewels.com\/product\/22ct-gold-ornate-gent-ring-band-size-x-51183\/#primaryimage"},"image":{"@id":"https:\/\/www.purejewels.com\/product\/22ct-gold-ornate-gent-ring-band-size-x-51183\/#primaryimage"},"thumbnailUrl":"https:\/\/static.purejewels.com\/wp-content\/uploads\/2025\/10\/SKU-51183.jpg","datePublished":"2025-05-23T06:09:56+00:00","dateModified":"2026-01-07T06:39:02+00:00","description":"Antika detaylara sahip cesur bir kayd\u0131rma tasar\u0131m\u0131na sahip bu 22 ayar alt\u0131n erkek y\u00fcz\u00fck band\u0131n\u0131 ke\u015ffedin. PureJewels taraf\u0131ndan Londra'da ustal\u0131kla \u00fcretilmi\u015ftir.","breadcrumb":{"@id":"https:\/\/www.purejewels.com\/product\/22ct-gold-ornate-gent-ring-band-size-x-51183\/#breadcrumb"},"inLanguage":"tr","potentialAction":[{"@type":"ReadAction","target":["https:\/\/www.purejewels.com\/product\/22ct-gold-ornate-gent-ring-band-size-x-51183\/"]}]},{"@type":"ImageObject","inLanguage":"tr","@id":"https:\/\/www.purejewels.com\/product\/22ct-gold-ornate-gent-ring-band-size-x-51183\/#primaryimage","url":"https:\/\/static.purejewels.com\/wp-content\/uploads\/2025\/10\/SKU-51183.jpg","contentUrl":"https:\/\/static.purejewels.com\/wp-content\/uploads\/2025\/10\/SKU-51183.jpg","width":1000,"height":1000,"caption":"Stacked from 20 images. Method=B (R=8,S=4)"},{"@type":"BreadcrumbList","@id":"https:\/\/www.purejewels.com\/product\/22ct-gold-ornate-gent-ring-band-size-x-51183\/#breadcrumb","itemListElement":[{"@type":"ListItem","position":1,"name":"Home","item":"https:\/\/www.purejewels.com\/"},{"@type":"ListItem","position":2,"name":"Shop","item":"https:\/\/www.purejewels.com\/shop\/"},{"@type":"ListItem","position":3,"name":"22ct Gold Ornate Gent Ring Band | Size X"}]},{"@type":"WebSite","@id":"https:\/\/www.purejewels.com\/#website","url":"https:\/\/www.purejewels.com\/","name":"PureJewels \u0130ngiltere","description":"Sevgiyi Payla\u015f\u0131n","publisher":{"@id":"https:\/\/www.purejewels.com\/#organization"},"potentialAction":[{"@type":"SearchAction","target":{"@type":"EntryPoint","urlTemplate":"https:\/\/www.purejewels.com\/?s={search_term_string}"},"query-input":{"@type":"PropertyValueSpecification","valueRequired":true,"valueName":"search_term_string"}}],"inLanguage":"tr"},{"@type":"Organization","@id":"https:\/\/www.purejewels.com\/#organization","name":"PureJewels \u0130ngiltere","url":"https:\/\/www.purejewels.com\/","logo":{"@type":"ImageObject","inLanguage":"tr","@id":"https:\/\/www.purejewels.com\/#\/schema\/logo\/image\/","url":"https:\/\/static.purejewels.com\/wp-content\/uploads\/2020\/11\/Logo-PJ-New-1.png","contentUrl":"https:\/\/static.purejewels.com\/wp-content\/uploads\/2020\/11\/Logo-PJ-New-1.png","width":150,"height":80,"caption":"PureJewels UK"},"image":{"@id":"https:\/\/www.purejewels.com\/#\/schema\/logo\/image\/"}}]}},"_links":{"self":[{"href":"https:\/\/www.purejewels.com\/tr\/wp-json\/wp\/v2\/product\/419420","targetHints":{"allow":["GET"]}}],"collection":[{"href":"https:\/\/www.purejewels.com\/tr\/wp-json\/wp\/v2\/product"}],"about":[{"href":"https:\/\/www.purejewels.com\/tr\/wp-json\/wp\/v2\/types\/product"}],"replies":[{"embeddable":true,"href":"https:\/\/www.purejewels.com\/tr\/wp-json\/wp\/v2\/comments?post=419420"}],"version-history":[{"count":1,"href":"https:\/\/www.purejewels.com\/tr\/wp-json\/wp\/v2\/product\/419420\/revisions"}],"predecessor-version":[{"id":419423,"href":"https:\/\/www.purejewels.com\/tr\/wp-json\/wp\/v2\/product\/419420\/revisions\/419423"}],"wp:featuredmedia":[{"embeddable":true,"href":"https:\/\/www.purejewels.com\/tr\/wp-json\/wp\/v2\/media\/419421"}],"wp:attachment":[{"href":"https:\/\/www.purejewels.com\/tr\/wp-json\/wp\/v2\/media?parent=419420"}],"wp:term":[{"taxonomy":"product_brand","embeddable":true,"href":"https:\/\/www.purejewels.com\/tr\/wp-json\/wp\/v2\/product_brand?post=419420"},{"taxonomy":"product_cat","embeddable":true,"href":"https:\/\/www.purejewels.com\/tr\/wp-json\/wp\/v2\/product_cat?post=419420"},{"taxonomy":"product_tag","embeddable":true,"href":"https:\/\/www.purejewels.com\/tr\/wp-json\/wp\/v2\/product_tag?post=419420"}],"curies":[{"name":"wp","href":"https:\/\/api.w.org\/{rel}","templated":true}]}}