{"id":419424,"date":"2025-08-23T08:51:32","date_gmt":"2025-08-23T07:51:32","guid":{"rendered":"https:\/\/www.purejewels.com\/?post_type=product&#038;p=419424"},"modified":"2026-05-14T16:43:05","modified_gmt":"2026-05-14T15:43:05","slug":"22-ayar-sari-altin-cz-salkim-yuzuk-m-beden-52414","status":"publish","type":"product","link":"https:\/\/www.purejewels.com\/tr\/product\/22ct-yellow-gold-cz-cluster-ring-size-m-52414\/","title":{"rendered":"22 Ayar Sar\u0131 Alt\u0131n CZ Salk\u0131m Y\u00fcz\u00fck"},"content":{"rendered":"<h3>Tasar\u0131m Konsepti<\/h3>\n<p>K\u00fcme tasar\u0131m\u0131, \u0131\u015f\u0131lt\u0131y\u0131 ve di\u015fili\u011fi simgeleyen \u00e7i\u00e7ek simetrisinin ebedi cazibesinden ilham al\u0131yor. Merkezi ta\u015f dizilimi \u0131\u015f\u0131\u011f\u0131 her a\u00e7\u0131dan yakalayarak zarif ama b\u00fcy\u00fcleyici bir \u0131\u015f\u0131lt\u0131 yarat\u0131r.<\/p>\n<h3>Zanaatkarl\u0131k<\/h3>\n<p>22 ayar sar\u0131 alt\u0131ndan ustal\u0131kla el i\u015f\u00e7ili\u011fiyle \u00fcretilen bu y\u00fcz\u00fck, ayr\u0131nt\u0131lara g\u00f6sterilen ola\u011fan\u00fcst\u00fc \u00f6zeni sergiler. CZ ta\u015flar, PureJewels'in \u00fcnl\u00fc sanat\u0131n\u0131 yans\u0131tan uyumlu bir parlakl\u0131k ve g\u00fc\u00e7 dengesi elde etmek i\u00e7in hassas bir \u015fekilde ayarlanm\u0131\u015ft\u0131r.<\/p>\n<h3>\u015eekillendirme &amp; Hediyele\u015fme<\/h3>\n<p>Hem g\u00fcnl\u00fck \u015f\u0131kl\u0131k hem de \u00f6zel g\u00fcnler i\u00e7in m\u00fckemmel olan bu y\u00fcz\u00fck, alt\u0131n bileklikler veya narin zincirlerle g\u00fczel bir uyum sa\u011flar. Do\u011fum g\u00fcnleri, ni\u015fanlar veya d\u00f6n\u00fcm noktalar\u0131 i\u00e7in d\u00fc\u015f\u00fcnceli bir hediye olan bu y\u00fcz\u00fck, PureJewels'in \u00f6zel l\u00fcks kutusunda sunulur - hayat\u0131n en g\u00fczel anlar\u0131n\u0131 kutlamaya haz\u0131rd\u0131r.<\/p>","protected":false},"excerpt":{"rendered":"<p>I\u015f\u0131lt\u0131l\u0131 CZ k\u00fcme tasar\u0131m\u0131na sahip zarif 22 ayar sar\u0131 alt\u0131n bayan y\u00fcz\u00fc\u011f\u00fc. Zarif ve zarif bu y\u00fcz\u00fck, geleneksel alt\u0131n i\u015f\u00e7ili\u011fini modern minimalizmle harmanl\u0131yor.<\/p>\n<p><strong>Malzeme:<\/strong> 22 Ayar Alt\u0131n (91,6% Saf Alt\u0131n)<strong><br \/>\nHallmark:\u00a0<\/strong>\u0130ngiliz Damgas\u0131<strong><br \/>\n<\/strong><strong>Br\u00fct A\u011f\u0131rl\u0131k: <\/strong>1.14 Gms<br \/>\n<strong>Boyutlar:<\/strong> Farkl\u0131 Boyutlarda Mevcuttur<br \/>\n<strong>SKU:<\/strong> 52414, 52436, 52437, 52415<\/p>\n<p><strong>Fiyat ve Teslimat<\/strong>: KDV ve teslimat \u00fccretleri dahil<br \/>\n<a href=\"https:\/\/www.purejewels.com\/tr\/i%cc%87ade-poli%cc%87ti%cc%87kasi\/\">\u0130ade Politikas\u0131<\/a><\/p>","protected":false},"featured_media":419425,"comment_status":"closed","ping_status":"closed","template":"","meta":{"_eb_attr":"","_crsspst_to_jayantr4sg-hostcom":true},"product_brand":[],"product_cat":[1791,1559,6152,1785,6190,1790,1229,1235,5342,1783,1570,1786,5338,5353,1569,5349],"product_tag":[],"class_list":{"0":"post-419424","1":"product","2":"type-product","3":"status-publish","4":"has-post-thumbnail","6":"product_cat-anniversary-gifts","7":"product_cat-birthday-gifts","8":"product_cat-cubic-zirconia-rings","9":"product_cat-daily-wear-rings","10":"product_cat-easter-jewellery","11":"product_cat-for-whom-when","12":"product_cat-22ct-gold-jewellery","13":"product_cat-gold-rings","14":"product_cat-jewellery-under-250","15":"product_cat-ladies-rings","16":"product_cat-mothers-day-gifts","17":"product_cat-occasional-wear-rings","18":"product_cat-shop-by-price","19":"product_cat-shop-by","20":"product_cat-valentine-day-gifts","21":"product_cat-yellow-gold-jewellery","23":"first","24":"instock","25":"taxable","26":"shipping-taxable","27":"purchasable","28":"product-type-variable","29":"add-to-wishlist-before_image"},"yoast_head":"<!-- This site is optimized with the Yoast SEO plugin v27.5 - https:\/\/yoast.com\/product\/yoast-seo-wordpress\/ -->\n<title>22ct Yellow Gold CZ Ring | Elegant Cluster Design by Online at UK<\/title>\n<meta name=\"description\" content=\"Radiate timeless grace with this 22ct yellow gold CZ ring. Designed with a delicate cluster setting and crafted in London by PureJewels.\" \/>\n<meta name=\"robots\" content=\"index, follow, max-snippet:-1, max-image-preview:large, max-video-preview:-1\" \/>\n<link rel=\"canonical\" href=\"https:\/\/www.purejewels.com\/tr\/urun\/22-ayar-sari-altin-cz-salkim-yuzuk-m-beden-52414\/\" \/>\n<meta property=\"og:locale\" content=\"tr_TR\" \/>\n<meta property=\"og:type\" content=\"article\" \/>\n<meta property=\"og:title\" content=\"22ct Yellow Gold CZ Ring | Elegant Cluster Design by Online at UK\" \/>\n<meta property=\"og:description\" content=\"Radiate timeless grace with this 22ct yellow gold CZ ring. Designed with a delicate cluster setting and crafted in London by PureJewels.\" \/>\n<meta property=\"og:url\" content=\"https:\/\/www.purejewels.com\/tr\/urun\/22-ayar-sari-altin-cz-salkim-yuzuk-m-beden-52414\/\" \/>\n<meta property=\"og:site_name\" content=\"PureJewels UK\" \/>\n<meta property=\"article:modified_time\" content=\"2026-05-14T15:43:05+00:00\" \/>\n<meta property=\"og:image\" content=\"https:\/\/static.purejewels.com\/wp-content\/uploads\/2025\/10\/SKU-52414.jpg\" \/>\n\t<meta property=\"og:image:width\" content=\"1000\" \/>\n\t<meta property=\"og:image:height\" content=\"1000\" \/>\n\t<meta property=\"og:image:type\" content=\"image\/jpeg\" \/>\n<meta name=\"twitter:card\" content=\"summary_large_image\" \/>\n<meta name=\"twitter:label1\" content=\"Tahmini okuma s\u00fcresi\" \/>\n\t<meta name=\"twitter:data1\" content=\"1 dakika\" \/>\n<script type=\"application\/ld+json\" class=\"yoast-schema-graph\">{\"@context\":\"https:\\\/\\\/schema.org\",\"@graph\":[{\"@type\":[\"WebPage\",\"ItemPage\"],\"@id\":\"https:\\\/\\\/www.purejewels.com\\\/product\\\/22ct-yellow-gold-cz-cluster-ring-size-m-52414\\\/\",\"url\":\"https:\\\/\\\/www.purejewels.com\\\/product\\\/22ct-yellow-gold-cz-cluster-ring-size-m-52414\\\/\",\"name\":\"22ct Yellow Gold CZ Ring | Elegant Cluster Design by Online at UK\",\"isPartOf\":{\"@id\":\"https:\\\/\\\/www.purejewels.com\\\/#website\"},\"primaryImageOfPage\":{\"@id\":\"https:\\\/\\\/www.purejewels.com\\\/product\\\/22ct-yellow-gold-cz-cluster-ring-size-m-52414\\\/#primaryimage\"},\"image\":{\"@id\":\"https:\\\/\\\/www.purejewels.com\\\/product\\\/22ct-yellow-gold-cz-cluster-ring-size-m-52414\\\/#primaryimage\"},\"thumbnailUrl\":\"https:\\\/\\\/static.purejewels.com\\\/wp-content\\\/uploads\\\/2025\\\/10\\\/SKU-52414.jpg\",\"datePublished\":\"2025-08-23T07:51:32+00:00\",\"dateModified\":\"2026-05-14T15:43:05+00:00\",\"description\":\"Radiate timeless grace with this 22ct yellow gold CZ ring. Designed with a delicate cluster setting and crafted in London by PureJewels.\",\"breadcrumb\":{\"@id\":\"https:\\\/\\\/www.purejewels.com\\\/product\\\/22ct-yellow-gold-cz-cluster-ring-size-m-52414\\\/#breadcrumb\"},\"inLanguage\":\"tr\",\"potentialAction\":[{\"@type\":\"ReadAction\",\"target\":[\"https:\\\/\\\/www.purejewels.com\\\/product\\\/22ct-yellow-gold-cz-cluster-ring-size-m-52414\\\/\"]}]},{\"@type\":\"ImageObject\",\"inLanguage\":\"tr\",\"@id\":\"https:\\\/\\\/www.purejewels.com\\\/product\\\/22ct-yellow-gold-cz-cluster-ring-size-m-52414\\\/#primaryimage\",\"url\":\"https:\\\/\\\/static.purejewels.com\\\/wp-content\\\/uploads\\\/2025\\\/10\\\/SKU-52414.jpg\",\"contentUrl\":\"https:\\\/\\\/static.purejewels.com\\\/wp-content\\\/uploads\\\/2025\\\/10\\\/SKU-52414.jpg\",\"width\":1000,\"height\":1000,\"caption\":\"Stacked from 20 images. Method=B (R=8,S=4)\"},{\"@type\":\"BreadcrumbList\",\"@id\":\"https:\\\/\\\/www.purejewels.com\\\/product\\\/22ct-yellow-gold-cz-cluster-ring-size-m-52414\\\/#breadcrumb\",\"itemListElement\":[{\"@type\":\"ListItem\",\"position\":1,\"name\":\"Home\",\"item\":\"https:\\\/\\\/www.purejewels.com\\\/\"},{\"@type\":\"ListItem\",\"position\":2,\"name\":\"Shop\",\"item\":\"https:\\\/\\\/www.purejewels.com\\\/shop\\\/\"},{\"@type\":\"ListItem\",\"position\":3,\"name\":\"22ct Yellow Gold CZ Cluster Ring\"}]},{\"@type\":\"WebSite\",\"@id\":\"https:\\\/\\\/www.purejewels.com\\\/#website\",\"url\":\"https:\\\/\\\/www.purejewels.com\\\/\",\"name\":\"PureJewels UK\",\"description\":\"Share the Love\",\"publisher\":{\"@id\":\"https:\\\/\\\/www.purejewels.com\\\/#organization\"},\"potentialAction\":[{\"@type\":\"SearchAction\",\"target\":{\"@type\":\"EntryPoint\",\"urlTemplate\":\"https:\\\/\\\/www.purejewels.com\\\/?s={search_term_string}\"},\"query-input\":{\"@type\":\"PropertyValueSpecification\",\"valueRequired\":true,\"valueName\":\"search_term_string\"}}],\"inLanguage\":\"tr\"},{\"@type\":\"Organization\",\"@id\":\"https:\\\/\\\/www.purejewels.com\\\/#organization\",\"name\":\"PureJewels UK\",\"url\":\"https:\\\/\\\/www.purejewels.com\\\/\",\"logo\":{\"@type\":\"ImageObject\",\"inLanguage\":\"tr\",\"@id\":\"https:\\\/\\\/www.purejewels.com\\\/#\\\/schema\\\/logo\\\/image\\\/\",\"url\":\"https:\\\/\\\/static.purejewels.com\\\/wp-content\\\/uploads\\\/2020\\\/11\\\/Logo-PJ-New-1.png\",\"contentUrl\":\"https:\\\/\\\/static.purejewels.com\\\/wp-content\\\/uploads\\\/2020\\\/11\\\/Logo-PJ-New-1.png\",\"width\":150,\"height\":80,\"caption\":\"PureJewels UK\"},\"image\":{\"@id\":\"https:\\\/\\\/www.purejewels.com\\\/#\\\/schema\\\/logo\\\/image\\\/\"}}]}<\/script>\n<!-- \/ Yoast SEO plugin. -->","yoast_head_json":{"title":"22 Ayar Sar\u0131 Alt\u0131n CZ Y\u00fcz\u00fck | Zarif K\u00fcme Tasar\u0131m\u0131 by Online at UK","description":"Bu 22 ayar sar\u0131 alt\u0131n CZ y\u00fcz\u00fckle zamans\u0131z bir zarafet yans\u0131t\u0131n. Narin bir k\u00fcme ayar\u0131 ile tasarlanm\u0131\u015f ve PureJewels taraf\u0131ndan Londra'da \u00fcretilmi\u015ftir.","robots":{"index":"index","follow":"follow","max-snippet":"max-snippet:-1","max-image-preview":"max-image-preview:large","max-video-preview":"max-video-preview:-1"},"canonical":"https:\/\/www.purejewels.com\/tr\/urun\/22-ayar-sari-altin-cz-salkim-yuzuk-m-beden-52414\/","og_locale":"tr_TR","og_type":"article","og_title":"22ct Yellow Gold CZ Ring | Elegant Cluster Design by Online at UK","og_description":"Radiate timeless grace with this 22ct yellow gold CZ ring. Designed with a delicate cluster setting and crafted in London by PureJewels.","og_url":"https:\/\/www.purejewels.com\/tr\/urun\/22-ayar-sari-altin-cz-salkim-yuzuk-m-beden-52414\/","og_site_name":"PureJewels UK","article_modified_time":"2026-05-14T15:43:05+00:00","og_image":[{"width":1000,"height":1000,"url":"https:\/\/static.purejewels.com\/wp-content\/uploads\/2025\/10\/SKU-52414.jpg","type":"image\/jpeg"}],"twitter_card":"summary_large_image","twitter_misc":{"Tahmini okuma s\u00fcresi":"1 dakika"},"schema":{"@context":"https:\/\/schema.org","@graph":[{"@type":["WebPage","ItemPage"],"@id":"https:\/\/www.purejewels.com\/product\/22ct-yellow-gold-cz-cluster-ring-size-m-52414\/","url":"https:\/\/www.purejewels.com\/product\/22ct-yellow-gold-cz-cluster-ring-size-m-52414\/","name":"22 Ayar Sar\u0131 Alt\u0131n CZ Y\u00fcz\u00fck | Zarif K\u00fcme Tasar\u0131m\u0131 by Online at UK","isPartOf":{"@id":"https:\/\/www.purejewels.com\/#website"},"primaryImageOfPage":{"@id":"https:\/\/www.purejewels.com\/product\/22ct-yellow-gold-cz-cluster-ring-size-m-52414\/#primaryimage"},"image":{"@id":"https:\/\/www.purejewels.com\/product\/22ct-yellow-gold-cz-cluster-ring-size-m-52414\/#primaryimage"},"thumbnailUrl":"https:\/\/static.purejewels.com\/wp-content\/uploads\/2025\/10\/SKU-52414.jpg","datePublished":"2025-08-23T07:51:32+00:00","dateModified":"2026-05-14T15:43:05+00:00","description":"Bu 22 ayar sar\u0131 alt\u0131n CZ y\u00fcz\u00fckle zamans\u0131z bir zarafet yans\u0131t\u0131n. Narin bir k\u00fcme ayar\u0131 ile tasarlanm\u0131\u015f ve PureJewels taraf\u0131ndan Londra'da \u00fcretilmi\u015ftir.","breadcrumb":{"@id":"https:\/\/www.purejewels.com\/product\/22ct-yellow-gold-cz-cluster-ring-size-m-52414\/#breadcrumb"},"inLanguage":"tr","potentialAction":[{"@type":"ReadAction","target":["https:\/\/www.purejewels.com\/product\/22ct-yellow-gold-cz-cluster-ring-size-m-52414\/"]}]},{"@type":"ImageObject","inLanguage":"tr","@id":"https:\/\/www.purejewels.com\/product\/22ct-yellow-gold-cz-cluster-ring-size-m-52414\/#primaryimage","url":"https:\/\/static.purejewels.com\/wp-content\/uploads\/2025\/10\/SKU-52414.jpg","contentUrl":"https:\/\/static.purejewels.com\/wp-content\/uploads\/2025\/10\/SKU-52414.jpg","width":1000,"height":1000,"caption":"Stacked from 20 images. Method=B (R=8,S=4)"},{"@type":"BreadcrumbList","@id":"https:\/\/www.purejewels.com\/product\/22ct-yellow-gold-cz-cluster-ring-size-m-52414\/#breadcrumb","itemListElement":[{"@type":"ListItem","position":1,"name":"Home","item":"https:\/\/www.purejewels.com\/"},{"@type":"ListItem","position":2,"name":"Shop","item":"https:\/\/www.purejewels.com\/shop\/"},{"@type":"ListItem","position":3,"name":"22ct Yellow Gold CZ Cluster Ring"}]},{"@type":"WebSite","@id":"https:\/\/www.purejewels.com\/#website","url":"https:\/\/www.purejewels.com\/","name":"PureJewels \u0130ngiltere","description":"Sevgiyi Payla\u015f\u0131n","publisher":{"@id":"https:\/\/www.purejewels.com\/#organization"},"potentialAction":[{"@type":"SearchAction","target":{"@type":"EntryPoint","urlTemplate":"https:\/\/www.purejewels.com\/?s={search_term_string}"},"query-input":{"@type":"PropertyValueSpecification","valueRequired":true,"valueName":"search_term_string"}}],"inLanguage":"tr"},{"@type":"Organization","@id":"https:\/\/www.purejewels.com\/#organization","name":"PureJewels \u0130ngiltere","url":"https:\/\/www.purejewels.com\/","logo":{"@type":"ImageObject","inLanguage":"tr","@id":"https:\/\/www.purejewels.com\/#\/schema\/logo\/image\/","url":"https:\/\/static.purejewels.com\/wp-content\/uploads\/2020\/11\/Logo-PJ-New-1.png","contentUrl":"https:\/\/static.purejewels.com\/wp-content\/uploads\/2020\/11\/Logo-PJ-New-1.png","width":150,"height":80,"caption":"PureJewels UK"},"image":{"@id":"https:\/\/www.purejewels.com\/#\/schema\/logo\/image\/"}}]}},"_links":{"self":[{"href":"https:\/\/www.purejewels.com\/tr\/wp-json\/wp\/v2\/product\/419424","targetHints":{"allow":["GET"]}}],"collection":[{"href":"https:\/\/www.purejewels.com\/tr\/wp-json\/wp\/v2\/product"}],"about":[{"href":"https:\/\/www.purejewels.com\/tr\/wp-json\/wp\/v2\/types\/product"}],"replies":[{"embeddable":true,"href":"https:\/\/www.purejewels.com\/tr\/wp-json\/wp\/v2\/comments?post=419424"}],"version-history":[{"count":4,"href":"https:\/\/www.purejewels.com\/tr\/wp-json\/wp\/v2\/product\/419424\/revisions"}],"predecessor-version":[{"id":429608,"href":"https:\/\/www.purejewels.com\/tr\/wp-json\/wp\/v2\/product\/419424\/revisions\/429608"}],"wp:featuredmedia":[{"embeddable":true,"href":"https:\/\/www.purejewels.com\/tr\/wp-json\/wp\/v2\/media\/419425"}],"wp:attachment":[{"href":"https:\/\/www.purejewels.com\/tr\/wp-json\/wp\/v2\/media?parent=419424"}],"wp:term":[{"taxonomy":"product_brand","embeddable":true,"href":"https:\/\/www.purejewels.com\/tr\/wp-json\/wp\/v2\/product_brand?post=419424"},{"taxonomy":"product_cat","embeddable":true,"href":"https:\/\/www.purejewels.com\/tr\/wp-json\/wp\/v2\/product_cat?post=419424"},{"taxonomy":"product_tag","embeddable":true,"href":"https:\/\/www.purejewels.com\/tr\/wp-json\/wp\/v2\/product_tag?post=419424"}],"curies":[{"name":"wp","href":"https:\/\/api.w.org\/{rel}","templated":true}]}}