{"id":419468,"date":"2025-08-24T08:44:24","date_gmt":"2025-08-24T07:44:24","guid":{"rendered":"https:\/\/www.purejewels.com\/?post_type=product&#038;p=419468"},"modified":"2026-03-24T05:32:28","modified_gmt":"2026-03-24T05:32:28","slug":"rodyum-kaplamali-22-ayar-sari-altin-om-yuzuk","status":"publish","type":"product","link":"https:\/\/www.purejewels.com\/tr\/product\/22ct-yellow-gold-om-ring-with-rothium-finish\/","title":{"rendered":"22 Ayar Sar\u0131 Alt\u0131n Om Y\u00fcz\u00fck"},"content":{"rendered":"<h3>Tasar\u0131m Konsepti<\/h3>\n<p>K\u00f6kleri maneviyata dayanan tasar\u0131m, uyum ve i\u00e7 dengenin zamans\u0131z bir amblemi olan kutsal \u2018Om\u2019 sembol\u00fcne sahiptir. \u00c7ift ton efekti, boyutsal g\u00fczelli\u011fini art\u0131rarak onu hem adanm\u0131\u015f hem de \u00e7a\u011fda\u015f k\u0131l\u0131yor.<\/p>\n<h3>Zanaatkarl\u0131k<\/h3>\n<p>Saf 22 ayar sar\u0131 alt\u0131ndan rodyum detaylarla ustal\u0131kla i\u015flenen y\u00fcz\u00fck, PureJewels'in ince i\u015f\u00e7ilik miras\u0131n\u0131 sergiliyor. Her k\u0131vr\u0131m\u0131 m\u00fckemmel bir \u015fekilde parlat\u0131lm\u0131\u015f olup dayan\u0131kl\u0131l\u0131k ve ilahi bir zarafet sunar.<\/p>\n<h3>\u015eekillendirme<\/h3>\n<p>Zarif oldu\u011fu kadar anlaml\u0131 olan bu y\u00fcz\u00fck, geleneksel k\u0131yafetleri oldu\u011fu kadar modern topluluklar\u0131 da g\u00fczel bir \u015fekilde tamamlar. G\u00fcnl\u00fck kullan\u0131m veya ruhani toplant\u0131lar i\u00e7in ideal olan bu y\u00fcz\u00fck, gitti\u011finiz her yere huzur ta\u015f\u0131r.<\/p>\n<h3>Hediyele\u015fme<\/h3>\n<p>\u0130nanc\u0131n ve kutsaman\u0131n m\u00fckemmel bir ifadesi olan 22 Ayar Sar\u0131 Alt\u0131n Om Y\u00fcz\u00fck, sevdikleriniz i\u00e7in d\u00fc\u015f\u00fcnceli bir hediyedir. PureJewels'in \u00f6zel kutusunda sunulan bu y\u00fcz\u00fck, \u00f6zel g\u00fcnler i\u00e7in de\u011ferli bir hat\u0131rad\u0131r.<\/p>","protected":false},"excerpt":{"rendered":"<p>Hassasiyet ve ba\u011fl\u0131l\u0131kla i\u015flenmi\u015f sembolik 22 ayar sar\u0131 alt\u0131n Om y\u00fcz\u00fck. Zarif iki tonlu tasar\u0131m bar\u0131\u015f, inan\u00e7 ve safl\u0131\u011f\u0131 temsil eder - m\u00fckemmel bir g\u00fcnl\u00fck s\u00fcsleme.<\/p>\n<p><strong>Malzeme:<\/strong> 22 Ayar Alt\u0131n (91,6% Saf Alt\u0131n)<strong><br \/>\nHallmark:\u00a0<\/strong>\u0130ngiliz Damgas\u0131<strong><br \/>\n<\/strong><strong>A\u011f\u0131rl\u0131k Aral\u0131\u011f\u0131: <\/strong>1,4 Gms - 1,5 Gms<br \/>\n<strong>Boyutlar:<\/strong> Farkl\u0131 boyutlarda mevcuttur<br \/>\n<strong>SKU:<\/strong> 52566, 52568, 52569, 53158, 53159, 53161, 53163, 53165, 53166, 53167<\/p>\n<p><strong>Fiyat ve Teslimat<\/strong>: KDV ve teslimat \u00fccretleri dahil<br \/>\n<a href=\"https:\/\/www.purejewels.com\/tr\/i%cc%87ade-poli%cc%87ti%cc%87kasi\/\">\u0130ade Politikas\u0131<\/a><\/p>","protected":false},"featured_media":419475,"comment_status":"closed","ping_status":"closed","template":"","meta":{"_eb_attr":"","_crsspst_to_jayantr4sg-hostcom":true},"product_brand":[],"product_cat":[1791,1785,1793,1792,1790,1229,1235,1783,1570,5353,5349],"product_tag":[],"class_list":{"0":"post-419468","1":"product","2":"type-product","3":"status-publish","4":"has-post-thumbnail","6":"product_cat-anniversary-gifts","7":"product_cat-daily-wear-rings","8":"product_cat-diwali-gifts","9":"product_cat-festival-gifts","10":"product_cat-for-whom-when","11":"product_cat-22ct-gold-jewellery","12":"product_cat-gold-rings","13":"product_cat-ladies-rings","14":"product_cat-mothers-day-gifts","15":"product_cat-shop-by","16":"product_cat-yellow-gold-jewellery","18":"first","19":"instock","20":"taxable","21":"shipping-taxable","22":"purchasable","23":"product-type-variable","24":"add-to-wishlist-before_image"},"yoast_head":"<!-- This site is optimized with the Yoast SEO plugin v27.5 - https:\/\/yoast.com\/product\/yoast-seo-wordpress\/ -->\n<title>22ct Yellow Gold Om Ring | Online at PureJewels UK<\/title>\n<meta name=\"description\" content=\"Spiritual elegance meets timeless gold in this handcrafted 22ct yellow gold Om ring perfect for gifting or daily wear. Free delivery across the UK.\" \/>\n<meta name=\"robots\" content=\"index, follow, max-snippet:-1, max-image-preview:large, max-video-preview:-1\" \/>\n<link rel=\"canonical\" href=\"https:\/\/www.purejewels.com\/tr\/urun\/rodyum-kaplamali-22-ayar-sari-altin-om-yuzuk\/\" \/>\n<meta property=\"og:locale\" content=\"tr_TR\" \/>\n<meta property=\"og:type\" content=\"article\" \/>\n<meta property=\"og:title\" content=\"22ct Yellow Gold Om Ring | Online at PureJewels UK\" \/>\n<meta property=\"og:description\" content=\"Spiritual elegance meets timeless gold in this handcrafted 22ct yellow gold Om ring perfect for gifting or daily wear. Free delivery across the UK.\" \/>\n<meta property=\"og:url\" content=\"https:\/\/www.purejewels.com\/tr\/urun\/rodyum-kaplamali-22-ayar-sari-altin-om-yuzuk\/\" \/>\n<meta property=\"og:site_name\" content=\"PureJewels UK\" \/>\n<meta property=\"article:modified_time\" content=\"2026-03-24T05:32:28+00:00\" \/>\n<meta property=\"og:image\" content=\"https:\/\/static.purejewels.com\/wp-content\/uploads\/2025\/10\/SKU-52566.jpg\" \/>\n\t<meta property=\"og:image:width\" content=\"1000\" \/>\n\t<meta property=\"og:image:height\" content=\"1000\" \/>\n\t<meta property=\"og:image:type\" content=\"image\/jpeg\" \/>\n<meta name=\"twitter:card\" content=\"summary_large_image\" \/>\n<meta name=\"twitter:label1\" content=\"Tahmini okuma s\u00fcresi\" \/>\n\t<meta name=\"twitter:data1\" content=\"1 dakika\" \/>\n<script type=\"application\/ld+json\" class=\"yoast-schema-graph\">{\"@context\":\"https:\\\/\\\/schema.org\",\"@graph\":[{\"@type\":[\"WebPage\",\"ItemPage\"],\"@id\":\"https:\\\/\\\/www.purejewels.com\\\/product\\\/22ct-yellow-gold-om-ring-with-rothium-finish\\\/\",\"url\":\"https:\\\/\\\/www.purejewels.com\\\/product\\\/22ct-yellow-gold-om-ring-with-rothium-finish\\\/\",\"name\":\"22ct Yellow Gold Om Ring | Online at PureJewels UK\",\"isPartOf\":{\"@id\":\"https:\\\/\\\/www.purejewels.com\\\/#website\"},\"primaryImageOfPage\":{\"@id\":\"https:\\\/\\\/www.purejewels.com\\\/product\\\/22ct-yellow-gold-om-ring-with-rothium-finish\\\/#primaryimage\"},\"image\":{\"@id\":\"https:\\\/\\\/www.purejewels.com\\\/product\\\/22ct-yellow-gold-om-ring-with-rothium-finish\\\/#primaryimage\"},\"thumbnailUrl\":\"https:\\\/\\\/static.purejewels.com\\\/wp-content\\\/uploads\\\/2025\\\/10\\\/SKU-52566.jpg\",\"datePublished\":\"2025-08-24T07:44:24+00:00\",\"dateModified\":\"2026-03-24T05:32:28+00:00\",\"description\":\"Spiritual elegance meets timeless gold in this handcrafted 22ct yellow gold Om ring perfect for gifting or daily wear. Free delivery across the UK.\",\"breadcrumb\":{\"@id\":\"https:\\\/\\\/www.purejewels.com\\\/product\\\/22ct-yellow-gold-om-ring-with-rothium-finish\\\/#breadcrumb\"},\"inLanguage\":\"tr\",\"potentialAction\":[{\"@type\":\"ReadAction\",\"target\":[\"https:\\\/\\\/www.purejewels.com\\\/product\\\/22ct-yellow-gold-om-ring-with-rothium-finish\\\/\"]}]},{\"@type\":\"ImageObject\",\"inLanguage\":\"tr\",\"@id\":\"https:\\\/\\\/www.purejewels.com\\\/product\\\/22ct-yellow-gold-om-ring-with-rothium-finish\\\/#primaryimage\",\"url\":\"https:\\\/\\\/static.purejewels.com\\\/wp-content\\\/uploads\\\/2025\\\/10\\\/SKU-52566.jpg\",\"contentUrl\":\"https:\\\/\\\/static.purejewels.com\\\/wp-content\\\/uploads\\\/2025\\\/10\\\/SKU-52566.jpg\",\"width\":1000,\"height\":1000,\"caption\":\"Stacked from 20 images. Method=B (R=8,S=4)\"},{\"@type\":\"BreadcrumbList\",\"@id\":\"https:\\\/\\\/www.purejewels.com\\\/product\\\/22ct-yellow-gold-om-ring-with-rothium-finish\\\/#breadcrumb\",\"itemListElement\":[{\"@type\":\"ListItem\",\"position\":1,\"name\":\"Home\",\"item\":\"https:\\\/\\\/www.purejewels.com\\\/\"},{\"@type\":\"ListItem\",\"position\":2,\"name\":\"Shop\",\"item\":\"https:\\\/\\\/www.purejewels.com\\\/shop\\\/\"},{\"@type\":\"ListItem\",\"position\":3,\"name\":\"22ct Yellow Gold Om Ring\"}]},{\"@type\":\"WebSite\",\"@id\":\"https:\\\/\\\/www.purejewels.com\\\/#website\",\"url\":\"https:\\\/\\\/www.purejewels.com\\\/\",\"name\":\"PureJewels UK\",\"description\":\"Share the Love\",\"publisher\":{\"@id\":\"https:\\\/\\\/www.purejewels.com\\\/#organization\"},\"potentialAction\":[{\"@type\":\"SearchAction\",\"target\":{\"@type\":\"EntryPoint\",\"urlTemplate\":\"https:\\\/\\\/www.purejewels.com\\\/?s={search_term_string}\"},\"query-input\":{\"@type\":\"PropertyValueSpecification\",\"valueRequired\":true,\"valueName\":\"search_term_string\"}}],\"inLanguage\":\"tr\"},{\"@type\":\"Organization\",\"@id\":\"https:\\\/\\\/www.purejewels.com\\\/#organization\",\"name\":\"PureJewels UK\",\"url\":\"https:\\\/\\\/www.purejewels.com\\\/\",\"logo\":{\"@type\":\"ImageObject\",\"inLanguage\":\"tr\",\"@id\":\"https:\\\/\\\/www.purejewels.com\\\/#\\\/schema\\\/logo\\\/image\\\/\",\"url\":\"https:\\\/\\\/static.purejewels.com\\\/wp-content\\\/uploads\\\/2020\\\/11\\\/Logo-PJ-New-1.png\",\"contentUrl\":\"https:\\\/\\\/static.purejewels.com\\\/wp-content\\\/uploads\\\/2020\\\/11\\\/Logo-PJ-New-1.png\",\"width\":150,\"height\":80,\"caption\":\"PureJewels UK\"},\"image\":{\"@id\":\"https:\\\/\\\/www.purejewels.com\\\/#\\\/schema\\\/logo\\\/image\\\/\"}}]}<\/script>\n<!-- \/ Yoast SEO plugin. -->","yoast_head_json":{"title":"22 Ayar Sar\u0131 Alt\u0131n Om Y\u00fcz\u00fck | PureJewels UK'de Online","description":"Ruhani zarafet, el yap\u0131m\u0131 bu 22 ayar sar\u0131 alt\u0131n Om y\u00fcz\u00fckte zamans\u0131z alt\u0131nla bulu\u015fuyor, hediye etmek veya g\u00fcnl\u00fck kullan\u0131m i\u00e7in m\u00fckemmel. \u0130ngiltere genelinde \u00fccretsiz teslimat.","robots":{"index":"index","follow":"follow","max-snippet":"max-snippet:-1","max-image-preview":"max-image-preview:large","max-video-preview":"max-video-preview:-1"},"canonical":"https:\/\/www.purejewels.com\/tr\/urun\/rodyum-kaplamali-22-ayar-sari-altin-om-yuzuk\/","og_locale":"tr_TR","og_type":"article","og_title":"22ct Yellow Gold Om Ring | Online at PureJewels UK","og_description":"Spiritual elegance meets timeless gold in this handcrafted 22ct yellow gold Om ring perfect for gifting or daily wear. Free delivery across the UK.","og_url":"https:\/\/www.purejewels.com\/tr\/urun\/rodyum-kaplamali-22-ayar-sari-altin-om-yuzuk\/","og_site_name":"PureJewels UK","article_modified_time":"2026-03-24T05:32:28+00:00","og_image":[{"width":1000,"height":1000,"url":"https:\/\/static.purejewels.com\/wp-content\/uploads\/2025\/10\/SKU-52566.jpg","type":"image\/jpeg"}],"twitter_card":"summary_large_image","twitter_misc":{"Tahmini okuma s\u00fcresi":"1 dakika"},"schema":{"@context":"https:\/\/schema.org","@graph":[{"@type":["WebPage","ItemPage"],"@id":"https:\/\/www.purejewels.com\/product\/22ct-yellow-gold-om-ring-with-rothium-finish\/","url":"https:\/\/www.purejewels.com\/product\/22ct-yellow-gold-om-ring-with-rothium-finish\/","name":"22 Ayar Sar\u0131 Alt\u0131n Om Y\u00fcz\u00fck | PureJewels UK'de Online","isPartOf":{"@id":"https:\/\/www.purejewels.com\/#website"},"primaryImageOfPage":{"@id":"https:\/\/www.purejewels.com\/product\/22ct-yellow-gold-om-ring-with-rothium-finish\/#primaryimage"},"image":{"@id":"https:\/\/www.purejewels.com\/product\/22ct-yellow-gold-om-ring-with-rothium-finish\/#primaryimage"},"thumbnailUrl":"https:\/\/static.purejewels.com\/wp-content\/uploads\/2025\/10\/SKU-52566.jpg","datePublished":"2025-08-24T07:44:24+00:00","dateModified":"2026-03-24T05:32:28+00:00","description":"Ruhani zarafet, el yap\u0131m\u0131 bu 22 ayar sar\u0131 alt\u0131n Om y\u00fcz\u00fckte zamans\u0131z alt\u0131nla bulu\u015fuyor, hediye etmek veya g\u00fcnl\u00fck kullan\u0131m i\u00e7in m\u00fckemmel. \u0130ngiltere genelinde \u00fccretsiz teslimat.","breadcrumb":{"@id":"https:\/\/www.purejewels.com\/product\/22ct-yellow-gold-om-ring-with-rothium-finish\/#breadcrumb"},"inLanguage":"tr","potentialAction":[{"@type":"ReadAction","target":["https:\/\/www.purejewels.com\/product\/22ct-yellow-gold-om-ring-with-rothium-finish\/"]}]},{"@type":"ImageObject","inLanguage":"tr","@id":"https:\/\/www.purejewels.com\/product\/22ct-yellow-gold-om-ring-with-rothium-finish\/#primaryimage","url":"https:\/\/static.purejewels.com\/wp-content\/uploads\/2025\/10\/SKU-52566.jpg","contentUrl":"https:\/\/static.purejewels.com\/wp-content\/uploads\/2025\/10\/SKU-52566.jpg","width":1000,"height":1000,"caption":"Stacked from 20 images. Method=B (R=8,S=4)"},{"@type":"BreadcrumbList","@id":"https:\/\/www.purejewels.com\/product\/22ct-yellow-gold-om-ring-with-rothium-finish\/#breadcrumb","itemListElement":[{"@type":"ListItem","position":1,"name":"Home","item":"https:\/\/www.purejewels.com\/"},{"@type":"ListItem","position":2,"name":"Shop","item":"https:\/\/www.purejewels.com\/shop\/"},{"@type":"ListItem","position":3,"name":"22ct Yellow Gold Om Ring"}]},{"@type":"WebSite","@id":"https:\/\/www.purejewels.com\/#website","url":"https:\/\/www.purejewels.com\/","name":"PureJewels \u0130ngiltere","description":"Sevgiyi Payla\u015f\u0131n","publisher":{"@id":"https:\/\/www.purejewels.com\/#organization"},"potentialAction":[{"@type":"SearchAction","target":{"@type":"EntryPoint","urlTemplate":"https:\/\/www.purejewels.com\/?s={search_term_string}"},"query-input":{"@type":"PropertyValueSpecification","valueRequired":true,"valueName":"search_term_string"}}],"inLanguage":"tr"},{"@type":"Organization","@id":"https:\/\/www.purejewels.com\/#organization","name":"PureJewels \u0130ngiltere","url":"https:\/\/www.purejewels.com\/","logo":{"@type":"ImageObject","inLanguage":"tr","@id":"https:\/\/www.purejewels.com\/#\/schema\/logo\/image\/","url":"https:\/\/static.purejewels.com\/wp-content\/uploads\/2020\/11\/Logo-PJ-New-1.png","contentUrl":"https:\/\/static.purejewels.com\/wp-content\/uploads\/2020\/11\/Logo-PJ-New-1.png","width":150,"height":80,"caption":"PureJewels UK"},"image":{"@id":"https:\/\/www.purejewels.com\/#\/schema\/logo\/image\/"}}]}},"_links":{"self":[{"href":"https:\/\/www.purejewels.com\/tr\/wp-json\/wp\/v2\/product\/419468","targetHints":{"allow":["GET"]}}],"collection":[{"href":"https:\/\/www.purejewels.com\/tr\/wp-json\/wp\/v2\/product"}],"about":[{"href":"https:\/\/www.purejewels.com\/tr\/wp-json\/wp\/v2\/types\/product"}],"replies":[{"embeddable":true,"href":"https:\/\/www.purejewels.com\/tr\/wp-json\/wp\/v2\/comments?post=419468"}],"version-history":[{"count":2,"href":"https:\/\/www.purejewels.com\/tr\/wp-json\/wp\/v2\/product\/419468\/revisions"}],"predecessor-version":[{"id":419477,"href":"https:\/\/www.purejewels.com\/tr\/wp-json\/wp\/v2\/product\/419468\/revisions\/419477"}],"wp:featuredmedia":[{"embeddable":true,"href":"https:\/\/www.purejewels.com\/tr\/wp-json\/wp\/v2\/media\/419475"}],"wp:attachment":[{"href":"https:\/\/www.purejewels.com\/tr\/wp-json\/wp\/v2\/media?parent=419468"}],"wp:term":[{"taxonomy":"product_brand","embeddable":true,"href":"https:\/\/www.purejewels.com\/tr\/wp-json\/wp\/v2\/product_brand?post=419468"},{"taxonomy":"product_cat","embeddable":true,"href":"https:\/\/www.purejewels.com\/tr\/wp-json\/wp\/v2\/product_cat?post=419468"},{"taxonomy":"product_tag","embeddable":true,"href":"https:\/\/www.purejewels.com\/tr\/wp-json\/wp\/v2\/product_tag?post=419468"}],"curies":[{"name":"wp","href":"https:\/\/api.w.org\/{rel}","templated":true}]}}