{"id":419494,"date":"2025-08-24T10:17:11","date_gmt":"2025-08-24T09:17:11","guid":{"rendered":"https:\/\/www.purejewels.com\/?post_type=product&#038;p=419494"},"modified":"2026-04-05T06:33:12","modified_gmt":"2026-04-05T05:33:12","slug":"rodyum-kaplamali-22-ayar-sari-altin-kadin-yuzugu","status":"publish","type":"product","link":"https:\/\/www.purejewels.com\/tr\/product\/22ct-yellow-gold-women-ring-with-rhodium-finish\/","title":{"rendered":"Rodyum Kaplama 22 Ayar Alt\u0131n Kad\u0131n Y\u00fcz\u00fck"},"content":{"rendered":"<h3>Tasar\u0131m Konsepti<\/h3>\n<ul>\n<li>Modern kad\u0131nlar i\u00e7in \u015f\u0131k ve \u00e7a\u011fda\u015f tasar\u0131m<\/li>\n<li>Rodyum kaplama parlakl\u0131\u011f\u0131 art\u0131r\u0131r ve \u015f\u0131kl\u0131k katar<\/li>\n<li>G\u00fcnl\u00fck giyim ve \u00f6zel etkinlikler i\u00e7in m\u00fckemmel<\/li>\n<\/ul>\n<h3>Zanaatkarl\u0131k<\/h3>\n<ul>\n<li>Dayan\u0131kl\u0131l\u0131k i\u00e7in birinci s\u0131n\u0131f 22 ayar sar\u0131 alt\u0131ndan yap\u0131lm\u0131\u015ft\u0131r<\/li>\n<li>Hassas d\u00f6k\u00fcm, p\u00fcr\u00fczs\u00fcz y\u00fczey ve m\u00fckemmel simetri sa\u011flar<\/li>\n<li>Rodyum kaplama uzun s\u00fcreli parlakl\u0131k sa\u011flar<\/li>\n<\/ul>\n<h3>\u015eekillendirme &amp; Hediyele\u015fme<\/h3>\n<ul>\n<li>Alt\u0131n bilezikler, kolyeler ve k\u00fcpelerle g\u00fczel uyum sa\u011flar<\/li>\n<li>Do\u011fum g\u00fcnlerinde, y\u0131l d\u00f6n\u00fcmlerinde veya \u00f6zel g\u00fcnlerde hediye etmek i\u00e7in ideal<\/li>\n<li>Her k\u0131yafeti y\u00fckseltmek i\u00e7in g\u00fcnl\u00fck kullan\u0131m i\u00e7in uygundur<\/li>\n<\/ul>","protected":false},"excerpt":{"rendered":"<p>G\u00fcnl\u00fck kullan\u0131m ve \u00f6zel g\u00fcnler i\u00e7in m\u00fckemmel ekstra parlakl\u0131k ve zarafet katan Rodyum kaplamal\u0131 kad\u0131nlar i\u00e7in \u015f\u0131k 22 ayar sar\u0131 alt\u0131n y\u00fcz\u00fck<\/p>\n<p><strong>Malzeme:<\/strong> 22 Ayar Alt\u0131n (91,6% Saf Alt\u0131n)<strong><br \/>\nHallmark:\u00a0<\/strong>\u0130ngiliz Damgas\u0131<strong><br \/>\n<\/strong><strong>A\u011f\u0131rl\u0131k Aral\u0131\u011f\u0131: <\/strong>2.0 Gms - 2.2 Gms<br \/>\n<strong>Boyut:<\/strong> Q, N<br \/>\n<strong>SKU:<\/strong> 52502, 52501, 53076, 53077<\/p>\n<p><strong>Fiyat ve Teslimat<\/strong>: KDV ve teslimat \u00fccretleri dahil<br \/>\n<a href=\"https:\/\/www.purejewels.com\/tr\/i%cc%87ade-poli%cc%87ti%cc%87kasi\/\">\u0130ade Politikas\u0131<\/a><\/p>","protected":false},"featured_media":419497,"comment_status":"closed","ping_status":"closed","template":"","meta":{"_eb_attr":"","_crsspst_to_jayantr4sg-hostcom":true},"product_brand":[],"product_cat":[1791,1559,1785,1793,6190,1792,1790,1229,1235,5343,1783,1570,5338,5353,1569,5349],"product_tag":[],"class_list":{"0":"post-419494","1":"product","2":"type-product","3":"status-publish","4":"has-post-thumbnail","6":"product_cat-anniversary-gifts","7":"product_cat-birthday-gifts","8":"product_cat-daily-wear-rings","9":"product_cat-diwali-gifts","10":"product_cat-easter-jewellery","11":"product_cat-festival-gifts","12":"product_cat-for-whom-when","13":"product_cat-22ct-gold-jewellery","14":"product_cat-gold-rings","15":"product_cat-jewellery-under-550","16":"product_cat-ladies-rings","17":"product_cat-mothers-day-gifts","18":"product_cat-shop-by-price","19":"product_cat-shop-by","20":"product_cat-valentine-day-gifts","21":"product_cat-yellow-gold-jewellery","23":"first","24":"outofstock","25":"taxable","26":"shipping-taxable","27":"product-type-variable","28":"add-to-wishlist-before_image"},"yoast_head":"<!-- This site is optimized with the Yoast SEO plugin v27.5 - https:\/\/yoast.com\/product\/yoast-seo-wordpress\/ -->\n<title>22ct Yellow Gold Women Ring Rhodium online at PureJewels UK<\/title>\n<meta name=\"description\" content=\"Shop 22ct Yellow Gold Women Ring with Rhodium finish featuring modern design lasting shine perfect for gifting or daily wear.\" \/>\n<meta name=\"robots\" content=\"index, follow, max-snippet:-1, max-image-preview:large, max-video-preview:-1\" \/>\n<link rel=\"canonical\" href=\"https:\/\/www.purejewels.com\/tr\/urun\/rodyum-kaplamali-22-ayar-sari-altin-kadin-yuzugu\/\" \/>\n<meta property=\"og:locale\" content=\"tr_TR\" \/>\n<meta property=\"og:type\" content=\"article\" \/>\n<meta property=\"og:title\" content=\"22ct Yellow Gold Women Ring Rhodium online at PureJewels UK\" \/>\n<meta property=\"og:description\" content=\"Shop 22ct Yellow Gold Women Ring with Rhodium finish featuring modern design lasting shine perfect for gifting or daily wear.\" \/>\n<meta property=\"og:url\" content=\"https:\/\/www.purejewels.com\/tr\/urun\/rodyum-kaplamali-22-ayar-sari-altin-kadin-yuzugu\/\" \/>\n<meta property=\"og:site_name\" content=\"PureJewels UK\" \/>\n<meta property=\"article:modified_time\" content=\"2026-04-05T05:33:12+00:00\" \/>\n<meta property=\"og:image\" content=\"https:\/\/static.purejewels.com\/wp-content\/uploads\/2025\/04\/SKU-52501.jpg\" \/>\n\t<meta property=\"og:image:width\" content=\"1000\" \/>\n\t<meta property=\"og:image:height\" content=\"1000\" \/>\n\t<meta property=\"og:image:type\" content=\"image\/jpeg\" \/>\n<meta name=\"twitter:card\" content=\"summary_large_image\" \/>\n<meta name=\"twitter:label1\" content=\"Tahmini okuma s\u00fcresi\" \/>\n\t<meta name=\"twitter:data1\" content=\"1 dakika\" \/>\n<script type=\"application\/ld+json\" class=\"yoast-schema-graph\">{\"@context\":\"https:\\\/\\\/schema.org\",\"@graph\":[{\"@type\":[\"WebPage\",\"ItemPage\"],\"@id\":\"https:\\\/\\\/www.purejewels.com\\\/product\\\/22ct-yellow-gold-women-ring-with-rhodium-finish\\\/\",\"url\":\"https:\\\/\\\/www.purejewels.com\\\/product\\\/22ct-yellow-gold-women-ring-with-rhodium-finish\\\/\",\"name\":\"22ct Yellow Gold Women Ring Rhodium online at PureJewels UK\",\"isPartOf\":{\"@id\":\"https:\\\/\\\/www.purejewels.com\\\/#website\"},\"primaryImageOfPage\":{\"@id\":\"https:\\\/\\\/www.purejewels.com\\\/product\\\/22ct-yellow-gold-women-ring-with-rhodium-finish\\\/#primaryimage\"},\"image\":{\"@id\":\"https:\\\/\\\/www.purejewels.com\\\/product\\\/22ct-yellow-gold-women-ring-with-rhodium-finish\\\/#primaryimage\"},\"thumbnailUrl\":\"https:\\\/\\\/static.purejewels.com\\\/wp-content\\\/uploads\\\/2025\\\/04\\\/SKU-52501.jpg\",\"datePublished\":\"2025-08-24T09:17:11+00:00\",\"dateModified\":\"2026-04-05T05:33:12+00:00\",\"description\":\"Shop 22ct Yellow Gold Women Ring with Rhodium finish featuring modern design lasting shine perfect for gifting or daily wear.\",\"breadcrumb\":{\"@id\":\"https:\\\/\\\/www.purejewels.com\\\/product\\\/22ct-yellow-gold-women-ring-with-rhodium-finish\\\/#breadcrumb\"},\"inLanguage\":\"tr\",\"potentialAction\":[{\"@type\":\"ReadAction\",\"target\":[\"https:\\\/\\\/www.purejewels.com\\\/product\\\/22ct-yellow-gold-women-ring-with-rhodium-finish\\\/\"]}]},{\"@type\":\"ImageObject\",\"inLanguage\":\"tr\",\"@id\":\"https:\\\/\\\/www.purejewels.com\\\/product\\\/22ct-yellow-gold-women-ring-with-rhodium-finish\\\/#primaryimage\",\"url\":\"https:\\\/\\\/static.purejewels.com\\\/wp-content\\\/uploads\\\/2025\\\/04\\\/SKU-52501.jpg\",\"contentUrl\":\"https:\\\/\\\/static.purejewels.com\\\/wp-content\\\/uploads\\\/2025\\\/04\\\/SKU-52501.jpg\",\"width\":1000,\"height\":1000,\"caption\":\"Stacked from 20 images. Method=B (R=8,S=4)\"},{\"@type\":\"BreadcrumbList\",\"@id\":\"https:\\\/\\\/www.purejewels.com\\\/product\\\/22ct-yellow-gold-women-ring-with-rhodium-finish\\\/#breadcrumb\",\"itemListElement\":[{\"@type\":\"ListItem\",\"position\":1,\"name\":\"Home\",\"item\":\"https:\\\/\\\/www.purejewels.com\\\/\"},{\"@type\":\"ListItem\",\"position\":2,\"name\":\"Shop\",\"item\":\"https:\\\/\\\/www.purejewels.com\\\/shop\\\/\"},{\"@type\":\"ListItem\",\"position\":3,\"name\":\"22ct Gold Women Ring with Rhodium Finish\"}]},{\"@type\":\"WebSite\",\"@id\":\"https:\\\/\\\/www.purejewels.com\\\/#website\",\"url\":\"https:\\\/\\\/www.purejewels.com\\\/\",\"name\":\"PureJewels UK\",\"description\":\"Share the Love\",\"publisher\":{\"@id\":\"https:\\\/\\\/www.purejewels.com\\\/#organization\"},\"potentialAction\":[{\"@type\":\"SearchAction\",\"target\":{\"@type\":\"EntryPoint\",\"urlTemplate\":\"https:\\\/\\\/www.purejewels.com\\\/?s={search_term_string}\"},\"query-input\":{\"@type\":\"PropertyValueSpecification\",\"valueRequired\":true,\"valueName\":\"search_term_string\"}}],\"inLanguage\":\"tr\"},{\"@type\":\"Organization\",\"@id\":\"https:\\\/\\\/www.purejewels.com\\\/#organization\",\"name\":\"PureJewels UK\",\"url\":\"https:\\\/\\\/www.purejewels.com\\\/\",\"logo\":{\"@type\":\"ImageObject\",\"inLanguage\":\"tr\",\"@id\":\"https:\\\/\\\/www.purejewels.com\\\/#\\\/schema\\\/logo\\\/image\\\/\",\"url\":\"https:\\\/\\\/static.purejewels.com\\\/wp-content\\\/uploads\\\/2020\\\/11\\\/Logo-PJ-New-1.png\",\"contentUrl\":\"https:\\\/\\\/static.purejewels.com\\\/wp-content\\\/uploads\\\/2020\\\/11\\\/Logo-PJ-New-1.png\",\"width\":150,\"height\":80,\"caption\":\"PureJewels UK\"},\"image\":{\"@id\":\"https:\\\/\\\/www.purejewels.com\\\/#\\\/schema\\\/logo\\\/image\\\/\"}}]}<\/script>\n<!-- \/ Yoast SEO plugin. -->","yoast_head_json":{"title":"22 Ayar Sar\u0131 Alt\u0131n Kad\u0131n Y\u00fcz\u00fck Rodyum PureJewels UK'de online","description":"Hediye etmek veya g\u00fcnl\u00fck kullan\u0131m i\u00e7in m\u00fckemmel, kal\u0131c\u0131 parlakl\u0131\u011fa sahip modern tasar\u0131ml\u0131 Rodyum kaplamal\u0131 22 Ayar Sar\u0131 Alt\u0131n Kad\u0131n Y\u00fcz\u00fc\u011f\u00fc sat\u0131n al\u0131n.","robots":{"index":"index","follow":"follow","max-snippet":"max-snippet:-1","max-image-preview":"max-image-preview:large","max-video-preview":"max-video-preview:-1"},"canonical":"https:\/\/www.purejewels.com\/tr\/urun\/rodyum-kaplamali-22-ayar-sari-altin-kadin-yuzugu\/","og_locale":"tr_TR","og_type":"article","og_title":"22ct Yellow Gold Women Ring Rhodium online at PureJewels UK","og_description":"Shop 22ct Yellow Gold Women Ring with Rhodium finish featuring modern design lasting shine perfect for gifting or daily wear.","og_url":"https:\/\/www.purejewels.com\/tr\/urun\/rodyum-kaplamali-22-ayar-sari-altin-kadin-yuzugu\/","og_site_name":"PureJewels UK","article_modified_time":"2026-04-05T05:33:12+00:00","og_image":[{"width":1000,"height":1000,"url":"https:\/\/static.purejewels.com\/wp-content\/uploads\/2025\/04\/SKU-52501.jpg","type":"image\/jpeg"}],"twitter_card":"summary_large_image","twitter_misc":{"Tahmini okuma s\u00fcresi":"1 dakika"},"schema":{"@context":"https:\/\/schema.org","@graph":[{"@type":["WebPage","ItemPage"],"@id":"https:\/\/www.purejewels.com\/product\/22ct-yellow-gold-women-ring-with-rhodium-finish\/","url":"https:\/\/www.purejewels.com\/product\/22ct-yellow-gold-women-ring-with-rhodium-finish\/","name":"22 Ayar Sar\u0131 Alt\u0131n Kad\u0131n Y\u00fcz\u00fck Rodyum PureJewels UK'de online","isPartOf":{"@id":"https:\/\/www.purejewels.com\/#website"},"primaryImageOfPage":{"@id":"https:\/\/www.purejewels.com\/product\/22ct-yellow-gold-women-ring-with-rhodium-finish\/#primaryimage"},"image":{"@id":"https:\/\/www.purejewels.com\/product\/22ct-yellow-gold-women-ring-with-rhodium-finish\/#primaryimage"},"thumbnailUrl":"https:\/\/static.purejewels.com\/wp-content\/uploads\/2025\/04\/SKU-52501.jpg","datePublished":"2025-08-24T09:17:11+00:00","dateModified":"2026-04-05T05:33:12+00:00","description":"Hediye etmek veya g\u00fcnl\u00fck kullan\u0131m i\u00e7in m\u00fckemmel, kal\u0131c\u0131 parlakl\u0131\u011fa sahip modern tasar\u0131ml\u0131 Rodyum kaplamal\u0131 22 Ayar Sar\u0131 Alt\u0131n Kad\u0131n Y\u00fcz\u00fc\u011f\u00fc sat\u0131n al\u0131n.","breadcrumb":{"@id":"https:\/\/www.purejewels.com\/product\/22ct-yellow-gold-women-ring-with-rhodium-finish\/#breadcrumb"},"inLanguage":"tr","potentialAction":[{"@type":"ReadAction","target":["https:\/\/www.purejewels.com\/product\/22ct-yellow-gold-women-ring-with-rhodium-finish\/"]}]},{"@type":"ImageObject","inLanguage":"tr","@id":"https:\/\/www.purejewels.com\/product\/22ct-yellow-gold-women-ring-with-rhodium-finish\/#primaryimage","url":"https:\/\/static.purejewels.com\/wp-content\/uploads\/2025\/04\/SKU-52501.jpg","contentUrl":"https:\/\/static.purejewels.com\/wp-content\/uploads\/2025\/04\/SKU-52501.jpg","width":1000,"height":1000,"caption":"Stacked from 20 images. Method=B (R=8,S=4)"},{"@type":"BreadcrumbList","@id":"https:\/\/www.purejewels.com\/product\/22ct-yellow-gold-women-ring-with-rhodium-finish\/#breadcrumb","itemListElement":[{"@type":"ListItem","position":1,"name":"Home","item":"https:\/\/www.purejewels.com\/"},{"@type":"ListItem","position":2,"name":"Shop","item":"https:\/\/www.purejewels.com\/shop\/"},{"@type":"ListItem","position":3,"name":"22ct Gold Women Ring with Rhodium Finish"}]},{"@type":"WebSite","@id":"https:\/\/www.purejewels.com\/#website","url":"https:\/\/www.purejewels.com\/","name":"PureJewels \u0130ngiltere","description":"Sevgiyi Payla\u015f\u0131n","publisher":{"@id":"https:\/\/www.purejewels.com\/#organization"},"potentialAction":[{"@type":"SearchAction","target":{"@type":"EntryPoint","urlTemplate":"https:\/\/www.purejewels.com\/?s={search_term_string}"},"query-input":{"@type":"PropertyValueSpecification","valueRequired":true,"valueName":"search_term_string"}}],"inLanguage":"tr"},{"@type":"Organization","@id":"https:\/\/www.purejewels.com\/#organization","name":"PureJewels \u0130ngiltere","url":"https:\/\/www.purejewels.com\/","logo":{"@type":"ImageObject","inLanguage":"tr","@id":"https:\/\/www.purejewels.com\/#\/schema\/logo\/image\/","url":"https:\/\/static.purejewels.com\/wp-content\/uploads\/2020\/11\/Logo-PJ-New-1.png","contentUrl":"https:\/\/static.purejewels.com\/wp-content\/uploads\/2020\/11\/Logo-PJ-New-1.png","width":150,"height":80,"caption":"PureJewels UK"},"image":{"@id":"https:\/\/www.purejewels.com\/#\/schema\/logo\/image\/"}}]}},"_links":{"self":[{"href":"https:\/\/www.purejewels.com\/tr\/wp-json\/wp\/v2\/product\/419494","targetHints":{"allow":["GET"]}}],"collection":[{"href":"https:\/\/www.purejewels.com\/tr\/wp-json\/wp\/v2\/product"}],"about":[{"href":"https:\/\/www.purejewels.com\/tr\/wp-json\/wp\/v2\/types\/product"}],"replies":[{"embeddable":true,"href":"https:\/\/www.purejewels.com\/tr\/wp-json\/wp\/v2\/comments?post=419494"}],"version-history":[{"count":2,"href":"https:\/\/www.purejewels.com\/tr\/wp-json\/wp\/v2\/product\/419494\/revisions"}],"predecessor-version":[{"id":419500,"href":"https:\/\/www.purejewels.com\/tr\/wp-json\/wp\/v2\/product\/419494\/revisions\/419500"}],"wp:featuredmedia":[{"embeddable":true,"href":"https:\/\/www.purejewels.com\/tr\/wp-json\/wp\/v2\/media\/419497"}],"wp:attachment":[{"href":"https:\/\/www.purejewels.com\/tr\/wp-json\/wp\/v2\/media?parent=419494"}],"wp:term":[{"taxonomy":"product_brand","embeddable":true,"href":"https:\/\/www.purejewels.com\/tr\/wp-json\/wp\/v2\/product_brand?post=419494"},{"taxonomy":"product_cat","embeddable":true,"href":"https:\/\/www.purejewels.com\/tr\/wp-json\/wp\/v2\/product_cat?post=419494"},{"taxonomy":"product_tag","embeddable":true,"href":"https:\/\/www.purejewels.com\/tr\/wp-json\/wp\/v2\/product_tag?post=419494"}],"curies":[{"name":"wp","href":"https:\/\/api.w.org\/{rel}","templated":true}]}}