{"id":419501,"date":"2025-08-24T10:59:31","date_gmt":"2025-08-24T09:59:31","guid":{"rendered":"https:\/\/www.purejewels.com\/?post_type=product&#038;p=419501"},"modified":"2026-04-24T05:20:23","modified_gmt":"2026-04-24T04:20:23","slug":"22-ayar-sari-altin-hac-yuzuk","status":"publish","type":"product","link":"https:\/\/www.purejewels.com\/tr\/product\/22ct-yellow-gold-cross-ring\/","title":{"rendered":"22 Ayar Sar\u0131 Alt\u0131n Ha\u00e7 Y\u00fcz\u00fck"},"content":{"rendered":"<h3>Tasar\u0131m Konsepti<\/h3>\n<ul>\n<li>\u0130nanc\u0131 ve zarafeti simgeleyen \u015f\u0131k ha\u00e7 i\u015fareti tasar\u0131m\u0131<\/li>\n<li>T\u00fcm durumlar i\u00e7in uygun modern ama zamans\u0131z stil<\/li>\n<li>G\u00fcnl\u00fck giyime anlaml\u0131 bir \u00e7ekicilik katar<\/li>\n<\/ul>\n<h3>Zanaatkarl\u0131k<\/h3>\n<ul>\n<li>Kal\u0131c\u0131 parlakl\u0131k i\u00e7in birinci s\u0131n\u0131f 22 ayar sar\u0131 alt\u0131ndan yap\u0131lm\u0131\u015ft\u0131r<\/li>\n<li>P\u00fcr\u00fczs\u00fcz kenarlar ve m\u00fckemmel \u015fekil i\u00e7in hassas d\u00f6k\u00fcm<\/li>\n<li>D\u00fczenli kullan\u0131m i\u00e7in rahat ve dayan\u0131kl\u0131<\/li>\n<\/ul>\n<h3>\u015eekillendirme &amp; Hediyele\u015fme<\/h3>\n<ul>\n<li>Di\u011fer alt\u0131n y\u00fcz\u00fck bilezik veya kolyeleri tamamlar<\/li>\n<li>Dini kutlamalar, do\u011fum g\u00fcnleri veya d\u00f6n\u00fcm noktalar\u0131 i\u00e7in ideal hediye<\/li>\n<li>G\u00fcnl\u00fck kullan\u0131m veya \u00f6zel etkinlikler i\u00e7in m\u00fckemmel<\/li>\n<\/ul>","protected":false},"excerpt":{"rendered":"<p>22 ayar sar\u0131 alt\u0131n ha\u00e7 i\u015faretli y\u00fcz\u00fck, \u015f\u0131kl\u0131\u011f\u0131 ruhani anlamla birle\u015ftiren \u015f\u0131k bir tasar\u0131ma sahiptir ve g\u00fcnl\u00fck kullan\u0131m veya hediye i\u00e7in idealdir.<\/p>\n<p><strong>Malzeme:<\/strong> 22 Ayar Alt\u0131n (91,6% Saf Alt\u0131n)<strong><br \/>\nHallmark:\u00a0<\/strong>\u0130ngiliz Damgas\u0131<strong><br \/>\n<\/strong><strong>Br\u00fct A\u011f\u0131rl\u0131k: <\/strong>1.67 Gms<br \/>\n<strong>Boyut:<\/strong> K<br \/>\n<strong>SKU:<\/strong> 52496<\/p>\n<p><strong>Fiyat ve Teslimat<\/strong>: KDV ve teslimat \u00fccretleri dahil<br \/>\n<a href=\"https:\/\/www.purejewels.com\/tr\/i%cc%87ade-poli%cc%87ti%cc%87kasi\/\">\u0130ade Politikas\u0131<\/a><\/p>","protected":false},"featured_media":419502,"comment_status":"closed","ping_status":"closed","template":"","meta":{"_eb_attr":"","_crsspst_to_jayantr4sg-hostcom":true},"product_brand":[],"product_cat":[1791,1559,1785,1793,1792,1784,1790,1229,1235,5343,1783,5338,5353,5349],"product_tag":[],"class_list":{"0":"post-419501","1":"product","2":"type-product","3":"status-publish","4":"has-post-thumbnail","6":"product_cat-anniversary-gifts","7":"product_cat-birthday-gifts","8":"product_cat-daily-wear-rings","9":"product_cat-diwali-gifts","10":"product_cat-festival-gifts","11":"product_cat-gents-rings","12":"product_cat-for-whom-when","13":"product_cat-22ct-gold-jewellery","14":"product_cat-gold-rings","15":"product_cat-jewellery-under-550","16":"product_cat-ladies-rings","17":"product_cat-shop-by-price","18":"product_cat-shop-by","19":"product_cat-yellow-gold-jewellery","21":"first","22":"outofstock","23":"taxable","24":"shipping-taxable","25":"product-type-simple","26":"add-to-wishlist-before_image"},"yoast_head":"<!-- This site is optimized with the Yoast SEO plugin v27.5 - https:\/\/yoast.com\/product\/yoast-seo-wordpress\/ -->\n<title>22ct Gold Cross Ring | Faith-Inspired Jewelry Christmas Gifts<\/title>\n<meta name=\"description\" content=\"Celebrate the season with our 22ct Yellow Gold Cross Ring \u2014 a timeless symbol of faith and love. A meaningful choice, heartfelt jewelry Christmas gifts.\" \/>\n<meta name=\"robots\" content=\"index, follow, max-snippet:-1, max-image-preview:large, max-video-preview:-1\" \/>\n<link rel=\"canonical\" href=\"https:\/\/www.purejewels.com\/tr\/urun\/22-ayar-sari-altin-hac-yuzuk\/\" \/>\n<meta property=\"og:locale\" content=\"tr_TR\" \/>\n<meta property=\"og:type\" content=\"article\" \/>\n<meta property=\"og:title\" content=\"22ct Gold Cross Ring | Faith-Inspired Jewelry Christmas Gifts\" \/>\n<meta property=\"og:description\" content=\"Celebrate the season with our 22ct Yellow Gold Cross Ring \u2014 a timeless symbol of faith and love. A meaningful choice, heartfelt jewelry Christmas gifts.\" \/>\n<meta property=\"og:url\" content=\"https:\/\/www.purejewels.com\/tr\/urun\/22-ayar-sari-altin-hac-yuzuk\/\" \/>\n<meta property=\"og:site_name\" content=\"PureJewels UK\" \/>\n<meta property=\"article:modified_time\" content=\"2026-04-24T04:20:23+00:00\" \/>\n<meta property=\"og:image\" content=\"https:\/\/static.purejewels.com\/wp-content\/uploads\/2025\/10\/SKU-52496.jpg\" \/>\n\t<meta property=\"og:image:width\" content=\"1000\" \/>\n\t<meta property=\"og:image:height\" content=\"1000\" \/>\n\t<meta property=\"og:image:type\" content=\"image\/jpeg\" \/>\n<meta name=\"twitter:card\" content=\"summary_large_image\" \/>\n<meta name=\"twitter:label1\" content=\"Tahmini okuma s\u00fcresi\" \/>\n\t<meta name=\"twitter:data1\" content=\"1 dakika\" \/>\n<script type=\"application\/ld+json\" class=\"yoast-schema-graph\">{\"@context\":\"https:\\\/\\\/schema.org\",\"@graph\":[{\"@type\":[\"WebPage\",\"ItemPage\"],\"@id\":\"https:\\\/\\\/www.purejewels.com\\\/product\\\/22ct-yellow-gold-cross-ring\\\/\",\"url\":\"https:\\\/\\\/www.purejewels.com\\\/product\\\/22ct-yellow-gold-cross-ring\\\/\",\"name\":\"22ct Gold Cross Ring | Faith-Inspired Jewelry Christmas Gifts\",\"isPartOf\":{\"@id\":\"https:\\\/\\\/www.purejewels.com\\\/#website\"},\"primaryImageOfPage\":{\"@id\":\"https:\\\/\\\/www.purejewels.com\\\/product\\\/22ct-yellow-gold-cross-ring\\\/#primaryimage\"},\"image\":{\"@id\":\"https:\\\/\\\/www.purejewels.com\\\/product\\\/22ct-yellow-gold-cross-ring\\\/#primaryimage\"},\"thumbnailUrl\":\"https:\\\/\\\/static.purejewels.com\\\/wp-content\\\/uploads\\\/2025\\\/10\\\/SKU-52496.jpg\",\"datePublished\":\"2025-08-24T09:59:31+00:00\",\"dateModified\":\"2026-04-24T04:20:23+00:00\",\"description\":\"Celebrate the season with our 22ct Yellow Gold Cross Ring \u2014 a timeless symbol of faith and love. A meaningful choice, heartfelt jewelry Christmas gifts.\",\"breadcrumb\":{\"@id\":\"https:\\\/\\\/www.purejewels.com\\\/product\\\/22ct-yellow-gold-cross-ring\\\/#breadcrumb\"},\"inLanguage\":\"tr\",\"potentialAction\":[{\"@type\":\"ReadAction\",\"target\":[\"https:\\\/\\\/www.purejewels.com\\\/product\\\/22ct-yellow-gold-cross-ring\\\/\"]}]},{\"@type\":\"ImageObject\",\"inLanguage\":\"tr\",\"@id\":\"https:\\\/\\\/www.purejewels.com\\\/product\\\/22ct-yellow-gold-cross-ring\\\/#primaryimage\",\"url\":\"https:\\\/\\\/static.purejewels.com\\\/wp-content\\\/uploads\\\/2025\\\/10\\\/SKU-52496.jpg\",\"contentUrl\":\"https:\\\/\\\/static.purejewels.com\\\/wp-content\\\/uploads\\\/2025\\\/10\\\/SKU-52496.jpg\",\"width\":1000,\"height\":1000,\"caption\":\"Stacked from 20 images. Method=B (R=8,S=4)\"},{\"@type\":\"BreadcrumbList\",\"@id\":\"https:\\\/\\\/www.purejewels.com\\\/product\\\/22ct-yellow-gold-cross-ring\\\/#breadcrumb\",\"itemListElement\":[{\"@type\":\"ListItem\",\"position\":1,\"name\":\"Home\",\"item\":\"https:\\\/\\\/www.purejewels.com\\\/\"},{\"@type\":\"ListItem\",\"position\":2,\"name\":\"Shop\",\"item\":\"https:\\\/\\\/www.purejewels.com\\\/shop\\\/\"},{\"@type\":\"ListItem\",\"position\":3,\"name\":\"22ct Yellow Gold Cross Ring\"}]},{\"@type\":\"WebSite\",\"@id\":\"https:\\\/\\\/www.purejewels.com\\\/#website\",\"url\":\"https:\\\/\\\/www.purejewels.com\\\/\",\"name\":\"PureJewels UK\",\"description\":\"Share the Love\",\"publisher\":{\"@id\":\"https:\\\/\\\/www.purejewels.com\\\/#organization\"},\"potentialAction\":[{\"@type\":\"SearchAction\",\"target\":{\"@type\":\"EntryPoint\",\"urlTemplate\":\"https:\\\/\\\/www.purejewels.com\\\/?s={search_term_string}\"},\"query-input\":{\"@type\":\"PropertyValueSpecification\",\"valueRequired\":true,\"valueName\":\"search_term_string\"}}],\"inLanguage\":\"tr\"},{\"@type\":\"Organization\",\"@id\":\"https:\\\/\\\/www.purejewels.com\\\/#organization\",\"name\":\"PureJewels UK\",\"url\":\"https:\\\/\\\/www.purejewels.com\\\/\",\"logo\":{\"@type\":\"ImageObject\",\"inLanguage\":\"tr\",\"@id\":\"https:\\\/\\\/www.purejewels.com\\\/#\\\/schema\\\/logo\\\/image\\\/\",\"url\":\"https:\\\/\\\/static.purejewels.com\\\/wp-content\\\/uploads\\\/2020\\\/11\\\/Logo-PJ-New-1.png\",\"contentUrl\":\"https:\\\/\\\/static.purejewels.com\\\/wp-content\\\/uploads\\\/2020\\\/11\\\/Logo-PJ-New-1.png\",\"width\":150,\"height\":80,\"caption\":\"PureJewels UK\"},\"image\":{\"@id\":\"https:\\\/\\\/www.purejewels.com\\\/#\\\/schema\\\/logo\\\/image\\\/\"}}]}<\/script>\n<!-- \/ Yoast SEO plugin. -->","yoast_head_json":{"title":"22 Ayar Alt\u0131n Ha\u00e7 Y\u00fcz\u00fck | \u0130nan\u00e7tan Esinlenen Tak\u0131lar Y\u0131lba\u015f\u0131 Hediyeleri","description":"\u0130nan\u00e7 ve sevginin zamans\u0131z bir sembol\u00fc olan 22 Ayar Sar\u0131 Alt\u0131n Ha\u00e7 Y\u00fcz\u00fc\u011f\u00fcm\u00fczle sezonu kutlay\u0131n. Anlaml\u0131 bir se\u00e7im, i\u00e7ten m\u00fccevher Noel hediyeleri.","robots":{"index":"index","follow":"follow","max-snippet":"max-snippet:-1","max-image-preview":"max-image-preview:large","max-video-preview":"max-video-preview:-1"},"canonical":"https:\/\/www.purejewels.com\/tr\/urun\/22-ayar-sari-altin-hac-yuzuk\/","og_locale":"tr_TR","og_type":"article","og_title":"22ct Gold Cross Ring | Faith-Inspired Jewelry Christmas Gifts","og_description":"Celebrate the season with our 22ct Yellow Gold Cross Ring \u2014 a timeless symbol of faith and love. A meaningful choice, heartfelt jewelry Christmas gifts.","og_url":"https:\/\/www.purejewels.com\/tr\/urun\/22-ayar-sari-altin-hac-yuzuk\/","og_site_name":"PureJewels UK","article_modified_time":"2026-04-24T04:20:23+00:00","og_image":[{"width":1000,"height":1000,"url":"https:\/\/static.purejewels.com\/wp-content\/uploads\/2025\/10\/SKU-52496.jpg","type":"image\/jpeg"}],"twitter_card":"summary_large_image","twitter_misc":{"Tahmini okuma s\u00fcresi":"1 dakika"},"schema":{"@context":"https:\/\/schema.org","@graph":[{"@type":["WebPage","ItemPage"],"@id":"https:\/\/www.purejewels.com\/product\/22ct-yellow-gold-cross-ring\/","url":"https:\/\/www.purejewels.com\/product\/22ct-yellow-gold-cross-ring\/","name":"22 Ayar Alt\u0131n Ha\u00e7 Y\u00fcz\u00fck | \u0130nan\u00e7tan Esinlenen Tak\u0131lar Y\u0131lba\u015f\u0131 Hediyeleri","isPartOf":{"@id":"https:\/\/www.purejewels.com\/#website"},"primaryImageOfPage":{"@id":"https:\/\/www.purejewels.com\/product\/22ct-yellow-gold-cross-ring\/#primaryimage"},"image":{"@id":"https:\/\/www.purejewels.com\/product\/22ct-yellow-gold-cross-ring\/#primaryimage"},"thumbnailUrl":"https:\/\/static.purejewels.com\/wp-content\/uploads\/2025\/10\/SKU-52496.jpg","datePublished":"2025-08-24T09:59:31+00:00","dateModified":"2026-04-24T04:20:23+00:00","description":"\u0130nan\u00e7 ve sevginin zamans\u0131z bir sembol\u00fc olan 22 Ayar Sar\u0131 Alt\u0131n Ha\u00e7 Y\u00fcz\u00fc\u011f\u00fcm\u00fczle sezonu kutlay\u0131n. Anlaml\u0131 bir se\u00e7im, i\u00e7ten m\u00fccevher Noel hediyeleri.","breadcrumb":{"@id":"https:\/\/www.purejewels.com\/product\/22ct-yellow-gold-cross-ring\/#breadcrumb"},"inLanguage":"tr","potentialAction":[{"@type":"ReadAction","target":["https:\/\/www.purejewels.com\/product\/22ct-yellow-gold-cross-ring\/"]}]},{"@type":"ImageObject","inLanguage":"tr","@id":"https:\/\/www.purejewels.com\/product\/22ct-yellow-gold-cross-ring\/#primaryimage","url":"https:\/\/static.purejewels.com\/wp-content\/uploads\/2025\/10\/SKU-52496.jpg","contentUrl":"https:\/\/static.purejewels.com\/wp-content\/uploads\/2025\/10\/SKU-52496.jpg","width":1000,"height":1000,"caption":"Stacked from 20 images. Method=B (R=8,S=4)"},{"@type":"BreadcrumbList","@id":"https:\/\/www.purejewels.com\/product\/22ct-yellow-gold-cross-ring\/#breadcrumb","itemListElement":[{"@type":"ListItem","position":1,"name":"Home","item":"https:\/\/www.purejewels.com\/"},{"@type":"ListItem","position":2,"name":"Shop","item":"https:\/\/www.purejewels.com\/shop\/"},{"@type":"ListItem","position":3,"name":"22ct Yellow Gold Cross Ring"}]},{"@type":"WebSite","@id":"https:\/\/www.purejewels.com\/#website","url":"https:\/\/www.purejewels.com\/","name":"PureJewels \u0130ngiltere","description":"Sevgiyi Payla\u015f\u0131n","publisher":{"@id":"https:\/\/www.purejewels.com\/#organization"},"potentialAction":[{"@type":"SearchAction","target":{"@type":"EntryPoint","urlTemplate":"https:\/\/www.purejewels.com\/?s={search_term_string}"},"query-input":{"@type":"PropertyValueSpecification","valueRequired":true,"valueName":"search_term_string"}}],"inLanguage":"tr"},{"@type":"Organization","@id":"https:\/\/www.purejewels.com\/#organization","name":"PureJewels \u0130ngiltere","url":"https:\/\/www.purejewels.com\/","logo":{"@type":"ImageObject","inLanguage":"tr","@id":"https:\/\/www.purejewels.com\/#\/schema\/logo\/image\/","url":"https:\/\/static.purejewels.com\/wp-content\/uploads\/2020\/11\/Logo-PJ-New-1.png","contentUrl":"https:\/\/static.purejewels.com\/wp-content\/uploads\/2020\/11\/Logo-PJ-New-1.png","width":150,"height":80,"caption":"PureJewels UK"},"image":{"@id":"https:\/\/www.purejewels.com\/#\/schema\/logo\/image\/"}}]}},"_links":{"self":[{"href":"https:\/\/www.purejewels.com\/tr\/wp-json\/wp\/v2\/product\/419501","targetHints":{"allow":["GET"]}}],"collection":[{"href":"https:\/\/www.purejewels.com\/tr\/wp-json\/wp\/v2\/product"}],"about":[{"href":"https:\/\/www.purejewels.com\/tr\/wp-json\/wp\/v2\/types\/product"}],"replies":[{"embeddable":true,"href":"https:\/\/www.purejewels.com\/tr\/wp-json\/wp\/v2\/comments?post=419501"}],"version-history":[{"count":1,"href":"https:\/\/www.purejewels.com\/tr\/wp-json\/wp\/v2\/product\/419501\/revisions"}],"predecessor-version":[{"id":419503,"href":"https:\/\/www.purejewels.com\/tr\/wp-json\/wp\/v2\/product\/419501\/revisions\/419503"}],"wp:featuredmedia":[{"embeddable":true,"href":"https:\/\/www.purejewels.com\/tr\/wp-json\/wp\/v2\/media\/419502"}],"wp:attachment":[{"href":"https:\/\/www.purejewels.com\/tr\/wp-json\/wp\/v2\/media?parent=419501"}],"wp:term":[{"taxonomy":"product_brand","embeddable":true,"href":"https:\/\/www.purejewels.com\/tr\/wp-json\/wp\/v2\/product_brand?post=419501"},{"taxonomy":"product_cat","embeddable":true,"href":"https:\/\/www.purejewels.com\/tr\/wp-json\/wp\/v2\/product_cat?post=419501"},{"taxonomy":"product_tag","embeddable":true,"href":"https:\/\/www.purejewels.com\/tr\/wp-json\/wp\/v2\/product_tag?post=419501"}],"curies":[{"name":"wp","href":"https:\/\/api.w.org\/{rel}","templated":true}]}}