{"id":419504,"date":"2025-04-24T11:13:02","date_gmt":"2025-04-24T10:13:02","guid":{"rendered":"https:\/\/www.purejewels.com\/?post_type=product&#038;p=419504"},"modified":"2026-04-05T16:15:09","modified_gmt":"2026-04-05T15:15:09","slug":"kadinlar-icin-22-ayar-sari-altin-cz-yuzuk","status":"publish","type":"product","link":"https:\/\/www.purejewels.com\/tr\/product\/22ct-yellow-gold-cz-ring-for-women\/","title":{"rendered":"Kad\u0131nlar i\u00e7in 22 Ayar Sar\u0131 Alt\u0131n CZ Y\u00fcz\u00fck"},"content":{"rendered":"<h3>Tasar\u0131m Konsepti<\/h3>\n<ul>\n<li>I\u015f\u0131lt\u0131l\u0131 k\u00fcbik zirkon ta\u015flara sahip modern tasar\u0131m<\/li>\n<li>Her k\u0131yafete \u015f\u0131kl\u0131k ve parlakl\u0131k katar<\/li>\n<li>Hem g\u00fcndelik hem de resmi g\u00fcnler i\u00e7in uygundur<\/li>\n<\/ul>\n<h3>Zanaatkarl\u0131k<\/h3>\n<ul>\n<li>Kal\u0131c\u0131 parlakl\u0131k i\u00e7in y\u00fcksek kaliteli 22 ayar sar\u0131 alt\u0131ndan yap\u0131lm\u0131\u015ft\u0131r<\/li>\n<li>Hassas ayar, ta\u015flar\u0131n g\u00fcvenli ve m\u00fckemmel \u015fekilde hizalanm\u0131\u015f olmas\u0131n\u0131 sa\u011flar<\/li>\n<li>G\u00fcnl\u00fck kullan\u0131m i\u00e7in rahat uyum<\/li>\n<\/ul>\n<h3>\u015eekillendirme &amp; Hediyele\u015fme<\/h3>\n<ul>\n<li>Alt\u0131n bilezikler, kolyeler ve k\u00fcpelerle g\u00fczel uyum sa\u011flar<\/li>\n<li>Do\u011fum g\u00fcnlerinde, y\u0131l d\u00f6n\u00fcmlerinde veya \u00f6zel g\u00fcnlerde hediye etmek i\u00e7in ideal<\/li>\n<li>G\u00fcnl\u00fck kullan\u0131m veya \u00f6zel etkinlikler i\u00e7in m\u00fckemmel<\/li>\n<\/ul>","protected":false},"excerpt":{"rendered":"<p>Kad\u0131nlar i\u00e7in tasarlanm\u0131\u015f, \u0131\u015f\u0131lt\u0131l\u0131 k\u00fcbik zirkon ta\u015flarla bezenmi\u015f zarif 22 ayar sar\u0131 alt\u0131n y\u00fcz\u00fck, stil ve parlakl\u0131\u011f\u0131 bir araya getirerek g\u00fcnl\u00fck kullan\u0131m veya hediye i\u00e7in m\u00fckemmeldir.<\/p>\n<p><strong>Malzeme:<\/strong> 22 Ayar Alt\u0131n (91,6% Saf Alt\u0131n)<strong><br \/>\nHallmark:\u00a0<\/strong>\u0130ngiliz Damgas\u0131<strong><br \/>\n<\/strong><strong>A\u011f\u0131rl\u0131k Aral\u0131\u011f\u0131: <\/strong>1.30 Gms - 1.35 Gms<br \/>\n<strong>Boyut:<\/strong> Farkl\u0131 boyutlarda mevcuttur<br \/>\n<strong>SKU:<\/strong> 52492, 52493, 52494, 53080, 53081, 53082<\/p>\n<p><strong>Fiyat ve Teslimat<\/strong>: KDV ve teslimat \u00fccretleri dahil<br \/>\n<a href=\"https:\/\/www.purejewels.com\/tr\/i%cc%87ade-poli%cc%87ti%cc%87kasi\/\">\u0130ade Politikas\u0131<\/a><\/p>","protected":false},"featured_media":419505,"comment_status":"closed","ping_status":"closed","template":"","meta":{"_eb_attr":"","_crsspst_to_jayantr4sg-hostcom":true},"product_brand":[],"product_cat":[1791,1559,1785,1793,1792,5909,1790,1229,1235,5342,1783,5338,5353,1569,5349],"product_tag":[],"class_list":{"0":"post-419504","1":"product","2":"type-product","3":"status-publish","4":"has-post-thumbnail","6":"product_cat-anniversary-gifts","7":"product_cat-birthday-gifts","8":"product_cat-daily-wear-rings","9":"product_cat-diwali-gifts","10":"product_cat-festival-gifts","11":"product_cat-flower-ring-jewelry","12":"product_cat-for-whom-when","13":"product_cat-22ct-gold-jewellery","14":"product_cat-gold-rings","15":"product_cat-jewellery-under-250","16":"product_cat-ladies-rings","17":"product_cat-shop-by-price","18":"product_cat-shop-by","19":"product_cat-valentine-day-gifts","20":"product_cat-yellow-gold-jewellery","22":"first","23":"outofstock","24":"taxable","25":"shipping-taxable","26":"product-type-variable","27":"add-to-wishlist-before_image"},"yoast_head":"<!-- This site is optimized with the Yoast SEO plugin v27.6 - https:\/\/yoast.com\/product\/yoast-seo-wordpress\/ -->\n<title>22ct Yellow Gold CZ Ring for women | Online at PureJewels<\/title>\n<meta name=\"description\" content=\"Shop 22ct Yellow Gold CZ Ring for women featuring sparkling cubic zirconia modern design lasting shine ideal for gifting or special occasions\" \/>\n<meta name=\"robots\" content=\"index, follow, max-snippet:-1, max-image-preview:large, max-video-preview:-1\" \/>\n<link rel=\"canonical\" href=\"https:\/\/www.purejewels.com\/tr\/urun\/kadinlar-icin-22-ayar-sari-altin-cz-yuzuk\/\" \/>\n<meta property=\"og:locale\" content=\"tr_TR\" \/>\n<meta property=\"og:type\" content=\"article\" \/>\n<meta property=\"og:title\" content=\"22ct Yellow Gold CZ Ring for women | Online at PureJewels\" \/>\n<meta property=\"og:description\" content=\"Shop 22ct Yellow Gold CZ Ring for women featuring sparkling cubic zirconia modern design lasting shine ideal for gifting or special occasions\" \/>\n<meta property=\"og:url\" content=\"https:\/\/www.purejewels.com\/tr\/urun\/kadinlar-icin-22-ayar-sari-altin-cz-yuzuk\/\" \/>\n<meta property=\"og:site_name\" content=\"PureJewels UK\" \/>\n<meta property=\"article:modified_time\" content=\"2026-04-05T15:15:09+00:00\" \/>\n<meta property=\"og:image\" content=\"https:\/\/static.purejewels.com\/wp-content\/uploads\/2025\/10\/SKU-52494.jpg\" \/>\n\t<meta property=\"og:image:width\" content=\"1000\" \/>\n\t<meta property=\"og:image:height\" content=\"1000\" \/>\n\t<meta property=\"og:image:type\" content=\"image\/jpeg\" \/>\n<meta name=\"twitter:card\" content=\"summary_large_image\" \/>\n<meta name=\"twitter:label1\" content=\"Tahmini okuma s\u00fcresi\" \/>\n\t<meta name=\"twitter:data1\" content=\"1 dakika\" \/>\n<script type=\"application\/ld+json\" class=\"yoast-schema-graph\">{\"@context\":\"https:\\\/\\\/schema.org\",\"@graph\":[{\"@type\":[\"WebPage\",\"ItemPage\"],\"@id\":\"https:\\\/\\\/www.purejewels.com\\\/product\\\/22ct-yellow-gold-cz-ring-for-women\\\/\",\"url\":\"https:\\\/\\\/www.purejewels.com\\\/product\\\/22ct-yellow-gold-cz-ring-for-women\\\/\",\"name\":\"22ct Yellow Gold CZ Ring for women | Online at PureJewels\",\"isPartOf\":{\"@id\":\"https:\\\/\\\/www.purejewels.com\\\/#website\"},\"primaryImageOfPage\":{\"@id\":\"https:\\\/\\\/www.purejewels.com\\\/product\\\/22ct-yellow-gold-cz-ring-for-women\\\/#primaryimage\"},\"image\":{\"@id\":\"https:\\\/\\\/www.purejewels.com\\\/product\\\/22ct-yellow-gold-cz-ring-for-women\\\/#primaryimage\"},\"thumbnailUrl\":\"https:\\\/\\\/static.purejewels.com\\\/wp-content\\\/uploads\\\/2025\\\/10\\\/SKU-52494.jpg\",\"datePublished\":\"2025-04-24T10:13:02+00:00\",\"dateModified\":\"2026-04-05T15:15:09+00:00\",\"description\":\"Shop 22ct Yellow Gold CZ Ring for women featuring sparkling cubic zirconia modern design lasting shine ideal for gifting or special occasions\",\"breadcrumb\":{\"@id\":\"https:\\\/\\\/www.purejewels.com\\\/product\\\/22ct-yellow-gold-cz-ring-for-women\\\/#breadcrumb\"},\"inLanguage\":\"tr\",\"potentialAction\":[{\"@type\":\"ReadAction\",\"target\":[\"https:\\\/\\\/www.purejewels.com\\\/product\\\/22ct-yellow-gold-cz-ring-for-women\\\/\"]}]},{\"@type\":\"ImageObject\",\"inLanguage\":\"tr\",\"@id\":\"https:\\\/\\\/www.purejewels.com\\\/product\\\/22ct-yellow-gold-cz-ring-for-women\\\/#primaryimage\",\"url\":\"https:\\\/\\\/static.purejewels.com\\\/wp-content\\\/uploads\\\/2025\\\/10\\\/SKU-52494.jpg\",\"contentUrl\":\"https:\\\/\\\/static.purejewels.com\\\/wp-content\\\/uploads\\\/2025\\\/10\\\/SKU-52494.jpg\",\"width\":1000,\"height\":1000,\"caption\":\"Stacked from 20 images. Method=B (R=8,S=4)\"},{\"@type\":\"BreadcrumbList\",\"@id\":\"https:\\\/\\\/www.purejewels.com\\\/product\\\/22ct-yellow-gold-cz-ring-for-women\\\/#breadcrumb\",\"itemListElement\":[{\"@type\":\"ListItem\",\"position\":1,\"name\":\"Home\",\"item\":\"https:\\\/\\\/www.purejewels.com\\\/\"},{\"@type\":\"ListItem\",\"position\":2,\"name\":\"Shop\",\"item\":\"https:\\\/\\\/www.purejewels.com\\\/shop\\\/\"},{\"@type\":\"ListItem\",\"position\":3,\"name\":\"22ct Yellow Gold CZ Ring for Women\"}]},{\"@type\":\"WebSite\",\"@id\":\"https:\\\/\\\/www.purejewels.com\\\/#website\",\"url\":\"https:\\\/\\\/www.purejewels.com\\\/\",\"name\":\"PureJewels UK\",\"description\":\"Share the Love\",\"publisher\":{\"@id\":\"https:\\\/\\\/www.purejewels.com\\\/#organization\"},\"potentialAction\":[{\"@type\":\"SearchAction\",\"target\":{\"@type\":\"EntryPoint\",\"urlTemplate\":\"https:\\\/\\\/www.purejewels.com\\\/?s={search_term_string}\"},\"query-input\":{\"@type\":\"PropertyValueSpecification\",\"valueRequired\":true,\"valueName\":\"search_term_string\"}}],\"inLanguage\":\"tr\"},{\"@type\":\"Organization\",\"@id\":\"https:\\\/\\\/www.purejewels.com\\\/#organization\",\"name\":\"PureJewels UK\",\"url\":\"https:\\\/\\\/www.purejewels.com\\\/\",\"logo\":{\"@type\":\"ImageObject\",\"inLanguage\":\"tr\",\"@id\":\"https:\\\/\\\/www.purejewels.com\\\/#\\\/schema\\\/logo\\\/image\\\/\",\"url\":\"https:\\\/\\\/static.purejewels.com\\\/wp-content\\\/uploads\\\/2020\\\/11\\\/Logo-PJ-New-1.png\",\"contentUrl\":\"https:\\\/\\\/static.purejewels.com\\\/wp-content\\\/uploads\\\/2020\\\/11\\\/Logo-PJ-New-1.png\",\"width\":150,\"height\":80,\"caption\":\"PureJewels UK\"},\"image\":{\"@id\":\"https:\\\/\\\/www.purejewels.com\\\/#\\\/schema\\\/logo\\\/image\\\/\"}}]}<\/script>\n<!-- \/ Yoast SEO plugin. -->","yoast_head_json":{"title":"Kad\u0131nlar i\u00e7in 22 Ayar Sar\u0131 Alt\u0131n CZ Y\u00fcz\u00fck | PureJewels'de Online","description":"Kad\u0131nlar i\u00e7in 22 Ayar Sar\u0131 Alt\u0131n CZ Y\u00fcz\u00fck sat\u0131n al\u0131n, \u0131\u015f\u0131lt\u0131l\u0131 k\u00fcbik zirkon i\u00e7eren modern tasar\u0131m kal\u0131c\u0131 parlakl\u0131k hediye veya \u00f6zel g\u00fcnler i\u00e7in ideal","robots":{"index":"index","follow":"follow","max-snippet":"max-snippet:-1","max-image-preview":"max-image-preview:large","max-video-preview":"max-video-preview:-1"},"canonical":"https:\/\/www.purejewels.com\/tr\/urun\/kadinlar-icin-22-ayar-sari-altin-cz-yuzuk\/","og_locale":"tr_TR","og_type":"article","og_title":"22ct Yellow Gold CZ Ring for women | Online at PureJewels","og_description":"Shop 22ct Yellow Gold CZ Ring for women featuring sparkling cubic zirconia modern design lasting shine ideal for gifting or special occasions","og_url":"https:\/\/www.purejewels.com\/tr\/urun\/kadinlar-icin-22-ayar-sari-altin-cz-yuzuk\/","og_site_name":"PureJewels UK","article_modified_time":"2026-04-05T15:15:09+00:00","og_image":[{"width":1000,"height":1000,"url":"https:\/\/static.purejewels.com\/wp-content\/uploads\/2025\/10\/SKU-52494.jpg","type":"image\/jpeg"}],"twitter_card":"summary_large_image","twitter_misc":{"Tahmini okuma s\u00fcresi":"1 dakika"},"schema":{"@context":"https:\/\/schema.org","@graph":[{"@type":["WebPage","ItemPage"],"@id":"https:\/\/www.purejewels.com\/product\/22ct-yellow-gold-cz-ring-for-women\/","url":"https:\/\/www.purejewels.com\/product\/22ct-yellow-gold-cz-ring-for-women\/","name":"Kad\u0131nlar i\u00e7in 22 Ayar Sar\u0131 Alt\u0131n CZ Y\u00fcz\u00fck | PureJewels'de Online","isPartOf":{"@id":"https:\/\/www.purejewels.com\/#website"},"primaryImageOfPage":{"@id":"https:\/\/www.purejewels.com\/product\/22ct-yellow-gold-cz-ring-for-women\/#primaryimage"},"image":{"@id":"https:\/\/www.purejewels.com\/product\/22ct-yellow-gold-cz-ring-for-women\/#primaryimage"},"thumbnailUrl":"https:\/\/static.purejewels.com\/wp-content\/uploads\/2025\/10\/SKU-52494.jpg","datePublished":"2025-04-24T10:13:02+00:00","dateModified":"2026-04-05T15:15:09+00:00","description":"Kad\u0131nlar i\u00e7in 22 Ayar Sar\u0131 Alt\u0131n CZ Y\u00fcz\u00fck sat\u0131n al\u0131n, \u0131\u015f\u0131lt\u0131l\u0131 k\u00fcbik zirkon i\u00e7eren modern tasar\u0131m kal\u0131c\u0131 parlakl\u0131k hediye veya \u00f6zel g\u00fcnler i\u00e7in ideal","breadcrumb":{"@id":"https:\/\/www.purejewels.com\/product\/22ct-yellow-gold-cz-ring-for-women\/#breadcrumb"},"inLanguage":"tr","potentialAction":[{"@type":"ReadAction","target":["https:\/\/www.purejewels.com\/product\/22ct-yellow-gold-cz-ring-for-women\/"]}]},{"@type":"ImageObject","inLanguage":"tr","@id":"https:\/\/www.purejewels.com\/product\/22ct-yellow-gold-cz-ring-for-women\/#primaryimage","url":"https:\/\/static.purejewels.com\/wp-content\/uploads\/2025\/10\/SKU-52494.jpg","contentUrl":"https:\/\/static.purejewels.com\/wp-content\/uploads\/2025\/10\/SKU-52494.jpg","width":1000,"height":1000,"caption":"Stacked from 20 images. Method=B (R=8,S=4)"},{"@type":"BreadcrumbList","@id":"https:\/\/www.purejewels.com\/product\/22ct-yellow-gold-cz-ring-for-women\/#breadcrumb","itemListElement":[{"@type":"ListItem","position":1,"name":"Home","item":"https:\/\/www.purejewels.com\/"},{"@type":"ListItem","position":2,"name":"Shop","item":"https:\/\/www.purejewels.com\/shop\/"},{"@type":"ListItem","position":3,"name":"22ct Yellow Gold CZ Ring for Women"}]},{"@type":"WebSite","@id":"https:\/\/www.purejewels.com\/#website","url":"https:\/\/www.purejewels.com\/","name":"PureJewels \u0130ngiltere","description":"Sevgiyi Payla\u015f\u0131n","publisher":{"@id":"https:\/\/www.purejewels.com\/#organization"},"potentialAction":[{"@type":"SearchAction","target":{"@type":"EntryPoint","urlTemplate":"https:\/\/www.purejewels.com\/?s={search_term_string}"},"query-input":{"@type":"PropertyValueSpecification","valueRequired":true,"valueName":"search_term_string"}}],"inLanguage":"tr"},{"@type":"Organization","@id":"https:\/\/www.purejewels.com\/#organization","name":"PureJewels \u0130ngiltere","url":"https:\/\/www.purejewels.com\/","logo":{"@type":"ImageObject","inLanguage":"tr","@id":"https:\/\/www.purejewels.com\/#\/schema\/logo\/image\/","url":"https:\/\/static.purejewels.com\/wp-content\/uploads\/2020\/11\/Logo-PJ-New-1.png","contentUrl":"https:\/\/static.purejewels.com\/wp-content\/uploads\/2020\/11\/Logo-PJ-New-1.png","width":150,"height":80,"caption":"PureJewels UK"},"image":{"@id":"https:\/\/www.purejewels.com\/#\/schema\/logo\/image\/"}}]}},"_links":{"self":[{"href":"https:\/\/www.purejewels.com\/tr\/wp-json\/wp\/v2\/product\/419504","targetHints":{"allow":["GET"]}}],"collection":[{"href":"https:\/\/www.purejewels.com\/tr\/wp-json\/wp\/v2\/product"}],"about":[{"href":"https:\/\/www.purejewels.com\/tr\/wp-json\/wp\/v2\/types\/product"}],"replies":[{"embeddable":true,"href":"https:\/\/www.purejewels.com\/tr\/wp-json\/wp\/v2\/comments?post=419504"}],"version-history":[{"count":1,"href":"https:\/\/www.purejewels.com\/tr\/wp-json\/wp\/v2\/product\/419504\/revisions"}],"predecessor-version":[{"id":419509,"href":"https:\/\/www.purejewels.com\/tr\/wp-json\/wp\/v2\/product\/419504\/revisions\/419509"}],"wp:featuredmedia":[{"embeddable":true,"href":"https:\/\/www.purejewels.com\/tr\/wp-json\/wp\/v2\/media\/419505"}],"wp:attachment":[{"href":"https:\/\/www.purejewels.com\/tr\/wp-json\/wp\/v2\/media?parent=419504"}],"wp:term":[{"taxonomy":"product_brand","embeddable":true,"href":"https:\/\/www.purejewels.com\/tr\/wp-json\/wp\/v2\/product_brand?post=419504"},{"taxonomy":"product_cat","embeddable":true,"href":"https:\/\/www.purejewels.com\/tr\/wp-json\/wp\/v2\/product_cat?post=419504"},{"taxonomy":"product_tag","embeddable":true,"href":"https:\/\/www.purejewels.com\/tr\/wp-json\/wp\/v2\/product_tag?post=419504"}],"curies":[{"name":"wp","href":"https:\/\/api.w.org\/{rel}","templated":true}]}}