{"id":419662,"date":"2025-10-29T04:13:17","date_gmt":"2025-10-29T04:13:17","guid":{"rendered":"https:\/\/www.purejewels.com\/?post_type=product&#038;p=419662"},"modified":"2026-04-24T08:33:37","modified_gmt":"2026-04-24T07:33:37","slug":"shree-ganesh-rudraksha-kolye-ucu-22-ayar-altin","status":"publish","type":"product","link":"https:\/\/www.purejewels.com\/tr\/product\/shree-ganesh-rudraksha-pendant-22ct-gold\/","title":{"rendered":"Shree Ganesh Rudraksha Kolye | 22 Ayar Alt\u0131n"},"content":{"rendered":"<p data-start=\"604\" data-end=\"869\"><strong data-start=\"604\" data-end=\"614\">Tasar\u0131m<\/strong><\/p>\n<p data-start=\"604\" data-end=\"869\">Dingin Ganesh profili, taban\u0131na yerle\u015ftirilmi\u015f s\u0131cak bir rudraksha boncu\u011fu ile koruyucu bir forma d\u00f6n\u00fc\u015f\u00fcr. \u0130nce emaye tilak ve cilal\u0131 konturlar nazik bir kontrast ve netlik yarat\u0131r. Temiz kefalet, hem g\u00fcnl\u00fck zincirlere hem de bayram iplerine d\u00fczg\u00fcnce oturur.<\/p>\n<p data-start=\"871\" data-end=\"1141\"><strong data-start=\"871\" data-end=\"888\">Zanaatkarl\u0131k<\/strong><\/p>\n<p data-start=\"871\" data-end=\"1141\">G\u00f6vde, ta\u00e7 ve kulaklardaki zarif detaylarla 22 ayar alt\u0131ndan d\u00f6k\u00fclm\u00fc\u015f ve elde tamamlanm\u0131\u015ft\u0131r. Rudraksha g\u00fcvenli bir \u015fekilde \u00e7er\u00e7eve i\u00e7inde tutulurken, emaye tilak kal\u0131c\u0131 renk i\u00e7in \u00f6zenle uygulanm\u0131\u015ft\u0131r. Her bir par\u00e7a safl\u0131k sertifikas\u0131 i\u00e7in \u0130ngiltere'de damgalanm\u0131\u015ft\u0131r.<\/p>\n<p data-start=\"1143\" data-end=\"1364\" data-is-last-node=\"\" data-is-only-node=\"\"><strong data-start=\"1143\" data-end=\"1164\">\u015eekillendirme &amp; Hediyele\u015fme<\/strong><\/p>\n<p data-start=\"1143\" data-end=\"1364\" data-is-last-node=\"\" data-is-only-node=\"\">G\u00fcnl\u00fck zarafet i\u00e7in ince bir kutu veya bord\u00fcr zincir \u00fczerine tak\u0131n veya puja g\u00fcnleri, do\u011fum g\u00fcnleri ve Diwali hediyeleri i\u00e7in daha uzun bir kolye ile katmanlay\u0131n. Yeni ba\u015flang\u0131\u00e7lar ve d\u00f6n\u00fcm noktas\u0131 anlar i\u00e7in d\u00fc\u015f\u00fcnceli bir kutsama.<\/p>","protected":false},"excerpt":{"rendered":"<div class=\"woocommerce-product-details__short-description\">Kutsama ve koruma i\u00e7in do\u011fal bir rudraksha'y\u0131 kucaklayan ince yontulmu\u015f Ganesh motifi. 22 ayar alt\u0131ndan \u00fcretilmi\u015ftir ve safl\u0131k i\u00e7in \u0130ngiltere'de damgalanm\u0131\u015ft\u0131r.<\/div>\n<div>\n<p><strong>Malzeme:<\/strong> 22 Ayar Alt\u0131n (91,6% Saf Alt\u0131n)<strong><br \/>\nHallmark:\u00a0<\/strong>\u0130ngiliz Damgas\u0131<strong><br \/>\n<\/strong><strong>Br\u00fct A\u011f\u0131rl\u0131k: <\/strong>2.45 Gms<br \/>\n<strong>Net A\u011f\u0131rl\u0131k: <\/strong>2.41 Gms<strong><br \/>\nSKU: <\/strong>53073, 51049<br \/>\n<strong>Fiyat ve Teslimat: <\/strong>KDV ve teslimat \u00fccretleri dahil<br \/>\n<strong>Not: <\/strong>Zincir fiyat\u0131 dahil de\u011fildir<strong><br \/>\n<a href=\"https:\/\/www.purejewels.com\/tr\/i%cc%87ade-poli%cc%87ti%cc%87kasi\/\">\u0130ade Politikas\u0131<\/a><\/strong><\/p>\n<\/div>\n<div><\/div>\n<div class=\"btn-atc atc-slide\"><\/div>\n<div class=\"product_meta\"><\/div>","protected":false},"featured_media":419663,"comment_status":"closed","ping_status":"closed","template":"","meta":{"_eb_attr":"","_crsspst_to_jayantr4sg-hostcom":true},"product_brand":[],"product_cat":[1793,1792,5601,1790,1229,1255,5343,1767,1572,1768,5338,1701,1574,5349],"product_tag":[5473],"class_list":{"0":"post-419662","1":"product","2":"type-product","3":"status-publish","4":"has-post-thumbnail","6":"product_cat-diwali-gifts","7":"product_cat-festival-gifts","8":"product_cat-ganesh-pendants","9":"product_cat-for-whom-when","10":"product_cat-22ct-gold-jewellery","11":"product_cat-gold-pendants","12":"product_cat-jewellery-under-550","13":"product_cat-ladies-pendants","14":"product_cat-mens-jewellery","15":"product_cat-mens-pendants","16":"product_cat-shop-by-price","17":"product_cat-religious-pendants","18":"product_cat-womens-jewellery","19":"product_cat-yellow-gold-jewellery","20":"product_tag-religion-pendant","22":"first","23":"instock","24":"taxable","25":"shipping-taxable","26":"purchasable","27":"product-type-simple","28":"add-to-wishlist-before_image"},"yoast_head":"<!-- This site is optimized with the Yoast SEO plugin v27.5 - https:\/\/yoast.com\/product\/yoast-seo-wordpress\/ -->\n<title>22ct Shree Ganesh Rudraksha Pendant | PureJewels UK<\/title>\n<meta name=\"description\" content=\"Shop the Shree Ganesh Rudraksha Pendant by PureJewels. Featuring a rudraksha accent and delicate enamel tilak, this 22ct gold pendant is hallmarked in the UK.\" \/>\n<meta name=\"robots\" content=\"index, follow, max-snippet:-1, max-image-preview:large, max-video-preview:-1\" \/>\n<link rel=\"canonical\" href=\"https:\/\/www.purejewels.com\/tr\/urun\/shree-ganesh-rudraksha-kolye-ucu-22-ayar-altin\/\" \/>\n<meta property=\"og:locale\" content=\"tr_TR\" \/>\n<meta property=\"og:type\" content=\"article\" \/>\n<meta property=\"og:title\" content=\"22ct Shree Ganesh Rudraksha Pendant | PureJewels UK\" \/>\n<meta property=\"og:description\" content=\"Shop the Shree Ganesh Rudraksha Pendant by PureJewels. Featuring a rudraksha accent and delicate enamel tilak, this 22ct gold pendant is hallmarked in the UK.\" \/>\n<meta property=\"og:url\" content=\"https:\/\/www.purejewels.com\/tr\/urun\/shree-ganesh-rudraksha-kolye-ucu-22-ayar-altin\/\" \/>\n<meta property=\"og:site_name\" content=\"PureJewels UK\" \/>\n<meta property=\"article:modified_time\" content=\"2026-04-24T07:33:37+00:00\" \/>\n<meta property=\"og:image\" content=\"https:\/\/static.purejewels.com\/wp-content\/uploads\/2025\/10\/SKU-51049.jpg\" \/>\n\t<meta property=\"og:image:width\" content=\"1000\" \/>\n\t<meta property=\"og:image:height\" content=\"1000\" \/>\n\t<meta property=\"og:image:type\" content=\"image\/jpeg\" \/>\n<meta name=\"twitter:card\" content=\"summary_large_image\" \/>\n<meta name=\"twitter:label1\" content=\"Tahmini okuma s\u00fcresi\" \/>\n\t<meta name=\"twitter:data1\" content=\"1 dakika\" \/>\n<script type=\"application\/ld+json\" class=\"yoast-schema-graph\">{\"@context\":\"https:\\\/\\\/schema.org\",\"@graph\":[{\"@type\":[\"WebPage\",\"ItemPage\"],\"@id\":\"https:\\\/\\\/www.purejewels.com\\\/product\\\/shree-ganesh-rudraksha-pendant-22ct-gold\\\/\",\"url\":\"https:\\\/\\\/www.purejewels.com\\\/product\\\/shree-ganesh-rudraksha-pendant-22ct-gold\\\/\",\"name\":\"22ct Shree Ganesh Rudraksha Pendant | PureJewels UK\",\"isPartOf\":{\"@id\":\"https:\\\/\\\/www.purejewels.com\\\/#website\"},\"primaryImageOfPage\":{\"@id\":\"https:\\\/\\\/www.purejewels.com\\\/product\\\/shree-ganesh-rudraksha-pendant-22ct-gold\\\/#primaryimage\"},\"image\":{\"@id\":\"https:\\\/\\\/www.purejewels.com\\\/product\\\/shree-ganesh-rudraksha-pendant-22ct-gold\\\/#primaryimage\"},\"thumbnailUrl\":\"https:\\\/\\\/static.purejewels.com\\\/wp-content\\\/uploads\\\/2025\\\/10\\\/SKU-51049.jpg\",\"datePublished\":\"2025-10-29T04:13:17+00:00\",\"dateModified\":\"2026-04-24T07:33:37+00:00\",\"description\":\"Shop the Shree Ganesh Rudraksha Pendant by PureJewels. Featuring a rudraksha accent and delicate enamel tilak, this 22ct gold pendant is hallmarked in the UK.\",\"breadcrumb\":{\"@id\":\"https:\\\/\\\/www.purejewels.com\\\/product\\\/shree-ganesh-rudraksha-pendant-22ct-gold\\\/#breadcrumb\"},\"inLanguage\":\"tr\",\"potentialAction\":[{\"@type\":\"ReadAction\",\"target\":[\"https:\\\/\\\/www.purejewels.com\\\/product\\\/shree-ganesh-rudraksha-pendant-22ct-gold\\\/\"]}]},{\"@type\":\"ImageObject\",\"inLanguage\":\"tr\",\"@id\":\"https:\\\/\\\/www.purejewels.com\\\/product\\\/shree-ganesh-rudraksha-pendant-22ct-gold\\\/#primaryimage\",\"url\":\"https:\\\/\\\/static.purejewels.com\\\/wp-content\\\/uploads\\\/2025\\\/10\\\/SKU-51049.jpg\",\"contentUrl\":\"https:\\\/\\\/static.purejewels.com\\\/wp-content\\\/uploads\\\/2025\\\/10\\\/SKU-51049.jpg\",\"width\":1000,\"height\":1000,\"caption\":\"Stacked from 11 images. Method=B (R=8,S=4)\"},{\"@type\":\"BreadcrumbList\",\"@id\":\"https:\\\/\\\/www.purejewels.com\\\/product\\\/shree-ganesh-rudraksha-pendant-22ct-gold\\\/#breadcrumb\",\"itemListElement\":[{\"@type\":\"ListItem\",\"position\":1,\"name\":\"Home\",\"item\":\"https:\\\/\\\/www.purejewels.com\\\/\"},{\"@type\":\"ListItem\",\"position\":2,\"name\":\"Shop\",\"item\":\"https:\\\/\\\/www.purejewels.com\\\/shop\\\/\"},{\"@type\":\"ListItem\",\"position\":3,\"name\":\"Shree Ganesh Rudraksha Pendant | 22ct Gold\"}]},{\"@type\":\"WebSite\",\"@id\":\"https:\\\/\\\/www.purejewels.com\\\/#website\",\"url\":\"https:\\\/\\\/www.purejewels.com\\\/\",\"name\":\"PureJewels UK\",\"description\":\"Share the Love\",\"publisher\":{\"@id\":\"https:\\\/\\\/www.purejewels.com\\\/#organization\"},\"potentialAction\":[{\"@type\":\"SearchAction\",\"target\":{\"@type\":\"EntryPoint\",\"urlTemplate\":\"https:\\\/\\\/www.purejewels.com\\\/?s={search_term_string}\"},\"query-input\":{\"@type\":\"PropertyValueSpecification\",\"valueRequired\":true,\"valueName\":\"search_term_string\"}}],\"inLanguage\":\"tr\"},{\"@type\":\"Organization\",\"@id\":\"https:\\\/\\\/www.purejewels.com\\\/#organization\",\"name\":\"PureJewels UK\",\"url\":\"https:\\\/\\\/www.purejewels.com\\\/\",\"logo\":{\"@type\":\"ImageObject\",\"inLanguage\":\"tr\",\"@id\":\"https:\\\/\\\/www.purejewels.com\\\/#\\\/schema\\\/logo\\\/image\\\/\",\"url\":\"https:\\\/\\\/static.purejewels.com\\\/wp-content\\\/uploads\\\/2020\\\/11\\\/Logo-PJ-New-1.png\",\"contentUrl\":\"https:\\\/\\\/static.purejewels.com\\\/wp-content\\\/uploads\\\/2020\\\/11\\\/Logo-PJ-New-1.png\",\"width\":150,\"height\":80,\"caption\":\"PureJewels UK\"},\"image\":{\"@id\":\"https:\\\/\\\/www.purejewels.com\\\/#\\\/schema\\\/logo\\\/image\\\/\"}}]}<\/script>\n<!-- \/ Yoast SEO plugin. -->","yoast_head_json":{"title":"22ct Shree Ganesh Rudraksha Kolye | PureJewels UK","description":"PureJewels'in Shree Ganesh Rudraksha Kolyesini sat\u0131n al\u0131n. Rudraksha vurgusu ve zarif emaye tilak i\u00e7eren bu 22 ayar alt\u0131n kolye \u0130ngiltere'de damgalanm\u0131\u015ft\u0131r.","robots":{"index":"index","follow":"follow","max-snippet":"max-snippet:-1","max-image-preview":"max-image-preview:large","max-video-preview":"max-video-preview:-1"},"canonical":"https:\/\/www.purejewels.com\/tr\/urun\/shree-ganesh-rudraksha-kolye-ucu-22-ayar-altin\/","og_locale":"tr_TR","og_type":"article","og_title":"22ct Shree Ganesh Rudraksha Pendant | PureJewels UK","og_description":"Shop the Shree Ganesh Rudraksha Pendant by PureJewels. Featuring a rudraksha accent and delicate enamel tilak, this 22ct gold pendant is hallmarked in the UK.","og_url":"https:\/\/www.purejewels.com\/tr\/urun\/shree-ganesh-rudraksha-kolye-ucu-22-ayar-altin\/","og_site_name":"PureJewels UK","article_modified_time":"2026-04-24T07:33:37+00:00","og_image":[{"width":1000,"height":1000,"url":"https:\/\/static.purejewels.com\/wp-content\/uploads\/2025\/10\/SKU-51049.jpg","type":"image\/jpeg"}],"twitter_card":"summary_large_image","twitter_misc":{"Tahmini okuma s\u00fcresi":"1 dakika"},"schema":{"@context":"https:\/\/schema.org","@graph":[{"@type":["WebPage","ItemPage"],"@id":"https:\/\/www.purejewels.com\/product\/shree-ganesh-rudraksha-pendant-22ct-gold\/","url":"https:\/\/www.purejewels.com\/product\/shree-ganesh-rudraksha-pendant-22ct-gold\/","name":"22ct Shree Ganesh Rudraksha Kolye | PureJewels UK","isPartOf":{"@id":"https:\/\/www.purejewels.com\/#website"},"primaryImageOfPage":{"@id":"https:\/\/www.purejewels.com\/product\/shree-ganesh-rudraksha-pendant-22ct-gold\/#primaryimage"},"image":{"@id":"https:\/\/www.purejewels.com\/product\/shree-ganesh-rudraksha-pendant-22ct-gold\/#primaryimage"},"thumbnailUrl":"https:\/\/static.purejewels.com\/wp-content\/uploads\/2025\/10\/SKU-51049.jpg","datePublished":"2025-10-29T04:13:17+00:00","dateModified":"2026-04-24T07:33:37+00:00","description":"PureJewels'in Shree Ganesh Rudraksha Kolyesini sat\u0131n al\u0131n. Rudraksha vurgusu ve zarif emaye tilak i\u00e7eren bu 22 ayar alt\u0131n kolye \u0130ngiltere'de damgalanm\u0131\u015ft\u0131r.","breadcrumb":{"@id":"https:\/\/www.purejewels.com\/product\/shree-ganesh-rudraksha-pendant-22ct-gold\/#breadcrumb"},"inLanguage":"tr","potentialAction":[{"@type":"ReadAction","target":["https:\/\/www.purejewels.com\/product\/shree-ganesh-rudraksha-pendant-22ct-gold\/"]}]},{"@type":"ImageObject","inLanguage":"tr","@id":"https:\/\/www.purejewels.com\/product\/shree-ganesh-rudraksha-pendant-22ct-gold\/#primaryimage","url":"https:\/\/static.purejewels.com\/wp-content\/uploads\/2025\/10\/SKU-51049.jpg","contentUrl":"https:\/\/static.purejewels.com\/wp-content\/uploads\/2025\/10\/SKU-51049.jpg","width":1000,"height":1000,"caption":"Stacked from 11 images. Method=B (R=8,S=4)"},{"@type":"BreadcrumbList","@id":"https:\/\/www.purejewels.com\/product\/shree-ganesh-rudraksha-pendant-22ct-gold\/#breadcrumb","itemListElement":[{"@type":"ListItem","position":1,"name":"Home","item":"https:\/\/www.purejewels.com\/"},{"@type":"ListItem","position":2,"name":"Shop","item":"https:\/\/www.purejewels.com\/shop\/"},{"@type":"ListItem","position":3,"name":"Shree Ganesh Rudraksha Pendant | 22ct Gold"}]},{"@type":"WebSite","@id":"https:\/\/www.purejewels.com\/#website","url":"https:\/\/www.purejewels.com\/","name":"PureJewels \u0130ngiltere","description":"Sevgiyi Payla\u015f\u0131n","publisher":{"@id":"https:\/\/www.purejewels.com\/#organization"},"potentialAction":[{"@type":"SearchAction","target":{"@type":"EntryPoint","urlTemplate":"https:\/\/www.purejewels.com\/?s={search_term_string}"},"query-input":{"@type":"PropertyValueSpecification","valueRequired":true,"valueName":"search_term_string"}}],"inLanguage":"tr"},{"@type":"Organization","@id":"https:\/\/www.purejewels.com\/#organization","name":"PureJewels \u0130ngiltere","url":"https:\/\/www.purejewels.com\/","logo":{"@type":"ImageObject","inLanguage":"tr","@id":"https:\/\/www.purejewels.com\/#\/schema\/logo\/image\/","url":"https:\/\/static.purejewels.com\/wp-content\/uploads\/2020\/11\/Logo-PJ-New-1.png","contentUrl":"https:\/\/static.purejewels.com\/wp-content\/uploads\/2020\/11\/Logo-PJ-New-1.png","width":150,"height":80,"caption":"PureJewels UK"},"image":{"@id":"https:\/\/www.purejewels.com\/#\/schema\/logo\/image\/"}}]}},"_links":{"self":[{"href":"https:\/\/www.purejewels.com\/tr\/wp-json\/wp\/v2\/product\/419662","targetHints":{"allow":["GET"]}}],"collection":[{"href":"https:\/\/www.purejewels.com\/tr\/wp-json\/wp\/v2\/product"}],"about":[{"href":"https:\/\/www.purejewels.com\/tr\/wp-json\/wp\/v2\/types\/product"}],"replies":[{"embeddable":true,"href":"https:\/\/www.purejewels.com\/tr\/wp-json\/wp\/v2\/comments?post=419662"}],"version-history":[{"count":1,"href":"https:\/\/www.purejewels.com\/tr\/wp-json\/wp\/v2\/product\/419662\/revisions"}],"predecessor-version":[{"id":419666,"href":"https:\/\/www.purejewels.com\/tr\/wp-json\/wp\/v2\/product\/419662\/revisions\/419666"}],"wp:featuredmedia":[{"embeddable":true,"href":"https:\/\/www.purejewels.com\/tr\/wp-json\/wp\/v2\/media\/419663"}],"wp:attachment":[{"href":"https:\/\/www.purejewels.com\/tr\/wp-json\/wp\/v2\/media?parent=419662"}],"wp:term":[{"taxonomy":"product_brand","embeddable":true,"href":"https:\/\/www.purejewels.com\/tr\/wp-json\/wp\/v2\/product_brand?post=419662"},{"taxonomy":"product_cat","embeddable":true,"href":"https:\/\/www.purejewels.com\/tr\/wp-json\/wp\/v2\/product_cat?post=419662"},{"taxonomy":"product_tag","embeddable":true,"href":"https:\/\/www.purejewels.com\/tr\/wp-json\/wp\/v2\/product_tag?post=419662"}],"curies":[{"name":"wp","href":"https:\/\/api.w.org\/{rel}","templated":true}]}}