{"id":419689,"date":"2025-10-29T08:01:26","date_gmt":"2025-10-29T08:01:26","guid":{"rendered":"https:\/\/www.purejewels.com\/?post_type=product&#038;p=419689"},"modified":"2026-03-04T05:57:34","modified_gmt":"2026-03-04T05:57:34","slug":"22-ayar-altin-cz-damla-kolye-51099","status":"publish","type":"product","link":"https:\/\/www.purejewels.com\/tr\/product\/22ct-gold-cz-drop-pendant-necklace-51099\/","title":{"rendered":"22 Ayar Alt\u0131n CZ Damla Kolye"},"content":{"rendered":"<p data-start=\"423\" data-end=\"683\"><strong data-start=\"423\" data-end=\"433\">Tasar\u0131m<\/strong><\/p>\n<p data-start=\"423\" data-end=\"683\">Yontulmu\u015f bir alt\u0131n damla, dengeli \u0131\u015f\u0131k ve form i\u00e7in iki ince dokulu CZ pav\u00e9 kapak aras\u0131na oturur. Yukar\u0131daki ince oval ba\u011flant\u0131, zarif bir \u00e7izgi olu\u015fturmak i\u00e7in kolyenin \u015feklini yans\u0131t\u0131yor. Oranlar hem g\u00fcnl\u00fck kullan\u0131m hem de ak\u015fam anlar\u0131 i\u00e7in rafine bir his veriyor.<\/p>\n<p data-start=\"685\" data-end=\"968\"><strong data-start=\"685\" data-end=\"702\">Zanaatkarl\u0131k<\/strong><\/p>\n<p data-start=\"685\" data-end=\"968\">22 ayar alt\u0131ndan d\u00f6k\u00fclm\u00fc\u015f, ard\u0131ndan p\u00fcr\u00fczs\u00fcz bir parlakl\u0131k ve keskin kenarlar i\u00e7in elde i\u015flenmi\u015ftir. CZ ta\u015flar temiz ve e\u015fit bir \u0131\u015f\u0131lt\u0131 i\u00e7in hassas bir \u015fekilde pav\u00e9 setlenmi\u015ftir. Zincir ve toka g\u00fcnl\u00fck rahat kullan\u0131m i\u00e7in \u00f6zenle bir araya getirilmi\u015ftir. Her bir par\u00e7a safl\u0131k sertifikas\u0131 i\u00e7in \u0130ngiltere'de damgalanm\u0131\u015ft\u0131r.<\/p>\n<p data-start=\"970\" data-end=\"1242\" data-is-last-node=\"\" data-is-only-node=\"\"><strong data-start=\"970\" data-end=\"991\">\u015eekillendirme &amp; Hediyele\u015fme<\/strong><\/p>\n<p data-start=\"970\" data-end=\"1242\" data-is-last-node=\"\" data-is-only-node=\"\">\u0130pek bir bluzla tek ba\u015f\u0131na giyin veya ekstra \u0131\u015f\u0131lt\u0131 i\u00e7in ince bir istasyon zinciriyle katmanlay\u0131n. K\u00fc\u00e7\u00fck CZ \u00e7\u0131t\u00e7\u0131tlar veya ince halkalarla \u00e7ok g\u00fczel uyum sa\u011flar. A\u015f\u0131r\u0131ya ka\u00e7madan zarif bir parlakl\u0131k istedi\u011finiz do\u011fum g\u00fcnleri, y\u0131l d\u00f6n\u00fcmleri ve bayram g\u00fcnleri i\u00e7in d\u00fc\u015f\u00fcnceli bir hediye.<\/p>","protected":false},"excerpt":{"rendered":"<p>\u0130nce bir zincir \u00fczerinde pav\u00e9 CZ vurgulara sahip zarif bir damla kolye ucu. 22 ayar alt\u0131ndan \u00fcretilmi\u015ftir ve safl\u0131k i\u00e7in \u0130ngiltere'de damgalanm\u0131\u015ft\u0131r.<\/p>\n<p><strong>Malzeme:<\/strong>\u00a022 Ayar Alt\u0131n<br \/>\n<strong>Safl\u0131k:<\/strong>\u00a091.6% saf<br \/>\n<strong>Hallmark:<\/strong>\u00a0\u0130ngiliz Damgas\u0131<strong><br \/>\n<\/strong><strong>Br\u00fct A\u011f\u0131rl\u0131k: <\/strong>7.92 Gms<br \/>\n<strong>Net A\u011f\u0131rl\u0131k:<\/strong> 7.86<br \/>\n<strong>Uzunluk:<\/strong> 16 in\u00e7<br \/>\n<strong>SKU:<\/strong> 51099<\/p>\n<p><strong>Fiyat ve Teslimat<\/strong>: KDV ve teslimat \u00fccreti dahil<br \/>\n<a href=\"https:\/\/www.purejewels.com\/tr\/i%cc%87ade-poli%cc%87ti%cc%87kasi\/\">\u0130ade Politikas\u0131<\/a><\/p>","protected":false},"featured_media":419693,"comment_status":"closed","ping_status":"closed","template":"","meta":{"_eb_attr":"","_crsspst_to_jayantr4sg-hostcom":true},"product_brand":[],"product_cat":[1791,1559,1794,1793,6190,1792,1790,1229,1253,5346,5902,1570,1573,1574,5349],"product_tag":[],"class_list":{"0":"post-419689","1":"product","2":"type-product","3":"status-publish","4":"has-post-thumbnail","6":"product_cat-anniversary-gifts","7":"product_cat-birthday-gifts","8":"product_cat-christmas-gifts","9":"product_cat-diwali-gifts","10":"product_cat-easter-jewellery","11":"product_cat-festival-gifts","12":"product_cat-for-whom-when","13":"product_cat-22ct-gold-jewellery","14":"product_cat-gold-necklaces","15":"product_cat-gold-pendant-necklace","16":"product_cat-lariat-necklace","17":"product_cat-mothers-day-gifts","18":"product_cat-wedding-gifts","19":"product_cat-womens-jewellery","20":"product_cat-yellow-gold-jewellery","22":"first","23":"instock","24":"taxable","25":"shipping-taxable","26":"purchasable","27":"product-type-simple","28":"add-to-wishlist-before_image"},"yoast_head":"<!-- This site is optimized with the Yoast SEO plugin v27.5 - https:\/\/yoast.com\/product\/yoast-seo-wordpress\/ -->\n<title>22ct Gold CZ Drop Pendant Necklace | PureJewels UK<\/title>\n<meta name=\"description\" content=\"Shop the 22ct Gold CZ Drop Pendant Necklace at PureJewels. Elegant drop motif with pav\u00e9 sparkle, hallmarked in the UK.\" \/>\n<meta name=\"robots\" content=\"index, follow, max-snippet:-1, max-image-preview:large, max-video-preview:-1\" \/>\n<link rel=\"canonical\" href=\"https:\/\/www.purejewels.com\/tr\/urun\/22-ayar-altin-cz-damla-kolye-51099\/\" \/>\n<meta property=\"og:locale\" content=\"tr_TR\" \/>\n<meta property=\"og:type\" content=\"article\" \/>\n<meta property=\"og:title\" content=\"22ct Gold CZ Drop Pendant Necklace | PureJewels UK\" \/>\n<meta property=\"og:description\" content=\"Shop the 22ct Gold CZ Drop Pendant Necklace at PureJewels. Elegant drop motif with pav\u00e9 sparkle, hallmarked in the UK.\" \/>\n<meta property=\"og:url\" content=\"https:\/\/www.purejewels.com\/tr\/urun\/22-ayar-altin-cz-damla-kolye-51099\/\" \/>\n<meta property=\"og:site_name\" content=\"PureJewels UK\" \/>\n<meta property=\"article:modified_time\" content=\"2026-03-04T05:57:34+00:00\" \/>\n<meta property=\"og:image\" content=\"https:\/\/static.purejewels.com\/wp-content\/uploads\/2025\/10\/sku-51099.jpg\" \/>\n\t<meta property=\"og:image:width\" content=\"1000\" \/>\n\t<meta property=\"og:image:height\" content=\"1000\" \/>\n\t<meta property=\"og:image:type\" content=\"image\/jpeg\" \/>\n<meta name=\"twitter:card\" content=\"summary_large_image\" \/>\n<meta name=\"twitter:label1\" content=\"Tahmini okuma s\u00fcresi\" \/>\n\t<meta name=\"twitter:data1\" content=\"1 dakika\" \/>\n<script type=\"application\/ld+json\" class=\"yoast-schema-graph\">{\"@context\":\"https:\\\/\\\/schema.org\",\"@graph\":[{\"@type\":[\"WebPage\",\"ItemPage\"],\"@id\":\"https:\\\/\\\/www.purejewels.com\\\/product\\\/22ct-gold-cz-drop-pendant-necklace-51099\\\/\",\"url\":\"https:\\\/\\\/www.purejewels.com\\\/product\\\/22ct-gold-cz-drop-pendant-necklace-51099\\\/\",\"name\":\"22ct Gold CZ Drop Pendant Necklace | PureJewels UK\",\"isPartOf\":{\"@id\":\"https:\\\/\\\/www.purejewels.com\\\/#website\"},\"primaryImageOfPage\":{\"@id\":\"https:\\\/\\\/www.purejewels.com\\\/product\\\/22ct-gold-cz-drop-pendant-necklace-51099\\\/#primaryimage\"},\"image\":{\"@id\":\"https:\\\/\\\/www.purejewels.com\\\/product\\\/22ct-gold-cz-drop-pendant-necklace-51099\\\/#primaryimage\"},\"thumbnailUrl\":\"https:\\\/\\\/static.purejewels.com\\\/wp-content\\\/uploads\\\/2025\\\/10\\\/sku-51099.jpg\",\"datePublished\":\"2025-10-29T08:01:26+00:00\",\"dateModified\":\"2026-03-04T05:57:34+00:00\",\"description\":\"Shop the 22ct Gold CZ Drop Pendant Necklace at PureJewels. Elegant drop motif with pav\u00e9 sparkle, hallmarked in the UK.\",\"breadcrumb\":{\"@id\":\"https:\\\/\\\/www.purejewels.com\\\/product\\\/22ct-gold-cz-drop-pendant-necklace-51099\\\/#breadcrumb\"},\"inLanguage\":\"tr\",\"potentialAction\":[{\"@type\":\"ReadAction\",\"target\":[\"https:\\\/\\\/www.purejewels.com\\\/product\\\/22ct-gold-cz-drop-pendant-necklace-51099\\\/\"]}]},{\"@type\":\"ImageObject\",\"inLanguage\":\"tr\",\"@id\":\"https:\\\/\\\/www.purejewels.com\\\/product\\\/22ct-gold-cz-drop-pendant-necklace-51099\\\/#primaryimage\",\"url\":\"https:\\\/\\\/static.purejewels.com\\\/wp-content\\\/uploads\\\/2025\\\/10\\\/sku-51099.jpg\",\"contentUrl\":\"https:\\\/\\\/static.purejewels.com\\\/wp-content\\\/uploads\\\/2025\\\/10\\\/sku-51099.jpg\",\"width\":1000,\"height\":1000,\"caption\":\"Stacked from 8 images. Method=B (R=8,S=4)\"},{\"@type\":\"BreadcrumbList\",\"@id\":\"https:\\\/\\\/www.purejewels.com\\\/product\\\/22ct-gold-cz-drop-pendant-necklace-51099\\\/#breadcrumb\",\"itemListElement\":[{\"@type\":\"ListItem\",\"position\":1,\"name\":\"Home\",\"item\":\"https:\\\/\\\/www.purejewels.com\\\/\"},{\"@type\":\"ListItem\",\"position\":2,\"name\":\"Shop\",\"item\":\"https:\\\/\\\/www.purejewels.com\\\/shop\\\/\"},{\"@type\":\"ListItem\",\"position\":3,\"name\":\"22ct Gold CZ Drop Pendant Necklace\"}]},{\"@type\":\"WebSite\",\"@id\":\"https:\\\/\\\/www.purejewels.com\\\/#website\",\"url\":\"https:\\\/\\\/www.purejewels.com\\\/\",\"name\":\"PureJewels UK\",\"description\":\"Share the Love\",\"publisher\":{\"@id\":\"https:\\\/\\\/www.purejewels.com\\\/#organization\"},\"potentialAction\":[{\"@type\":\"SearchAction\",\"target\":{\"@type\":\"EntryPoint\",\"urlTemplate\":\"https:\\\/\\\/www.purejewels.com\\\/?s={search_term_string}\"},\"query-input\":{\"@type\":\"PropertyValueSpecification\",\"valueRequired\":true,\"valueName\":\"search_term_string\"}}],\"inLanguage\":\"tr\"},{\"@type\":\"Organization\",\"@id\":\"https:\\\/\\\/www.purejewels.com\\\/#organization\",\"name\":\"PureJewels UK\",\"url\":\"https:\\\/\\\/www.purejewels.com\\\/\",\"logo\":{\"@type\":\"ImageObject\",\"inLanguage\":\"tr\",\"@id\":\"https:\\\/\\\/www.purejewels.com\\\/#\\\/schema\\\/logo\\\/image\\\/\",\"url\":\"https:\\\/\\\/static.purejewels.com\\\/wp-content\\\/uploads\\\/2020\\\/11\\\/Logo-PJ-New-1.png\",\"contentUrl\":\"https:\\\/\\\/static.purejewels.com\\\/wp-content\\\/uploads\\\/2020\\\/11\\\/Logo-PJ-New-1.png\",\"width\":150,\"height\":80,\"caption\":\"PureJewels UK\"},\"image\":{\"@id\":\"https:\\\/\\\/www.purejewels.com\\\/#\\\/schema\\\/logo\\\/image\\\/\"}}]}<\/script>\n<!-- \/ Yoast SEO plugin. -->","yoast_head_json":{"title":"22 Ayar Alt\u0131n CZ Damla Kolye Kolye | PureJewels UK","description":"PureJewels'te 22 ayar alt\u0131n CZ damla kolye ucunu sat\u0131n al\u0131n. \u0130ngiltere'de damgalanm\u0131\u015f, pav\u00e9 \u0131\u015f\u0131lt\u0131l\u0131 zarif damla motifi.","robots":{"index":"index","follow":"follow","max-snippet":"max-snippet:-1","max-image-preview":"max-image-preview:large","max-video-preview":"max-video-preview:-1"},"canonical":"https:\/\/www.purejewels.com\/tr\/urun\/22-ayar-altin-cz-damla-kolye-51099\/","og_locale":"tr_TR","og_type":"article","og_title":"22ct Gold CZ Drop Pendant Necklace | PureJewels UK","og_description":"Shop the 22ct Gold CZ Drop Pendant Necklace at PureJewels. Elegant drop motif with pav\u00e9 sparkle, hallmarked in the UK.","og_url":"https:\/\/www.purejewels.com\/tr\/urun\/22-ayar-altin-cz-damla-kolye-51099\/","og_site_name":"PureJewels UK","article_modified_time":"2026-03-04T05:57:34+00:00","og_image":[{"width":1000,"height":1000,"url":"https:\/\/static.purejewels.com\/wp-content\/uploads\/2025\/10\/sku-51099.jpg","type":"image\/jpeg"}],"twitter_card":"summary_large_image","twitter_misc":{"Tahmini okuma s\u00fcresi":"1 dakika"},"schema":{"@context":"https:\/\/schema.org","@graph":[{"@type":["WebPage","ItemPage"],"@id":"https:\/\/www.purejewels.com\/product\/22ct-gold-cz-drop-pendant-necklace-51099\/","url":"https:\/\/www.purejewels.com\/product\/22ct-gold-cz-drop-pendant-necklace-51099\/","name":"22 Ayar Alt\u0131n CZ Damla Kolye Kolye | PureJewels UK","isPartOf":{"@id":"https:\/\/www.purejewels.com\/#website"},"primaryImageOfPage":{"@id":"https:\/\/www.purejewels.com\/product\/22ct-gold-cz-drop-pendant-necklace-51099\/#primaryimage"},"image":{"@id":"https:\/\/www.purejewels.com\/product\/22ct-gold-cz-drop-pendant-necklace-51099\/#primaryimage"},"thumbnailUrl":"https:\/\/static.purejewels.com\/wp-content\/uploads\/2025\/10\/sku-51099.jpg","datePublished":"2025-10-29T08:01:26+00:00","dateModified":"2026-03-04T05:57:34+00:00","description":"PureJewels'te 22 ayar alt\u0131n CZ damla kolye ucunu sat\u0131n al\u0131n. \u0130ngiltere'de damgalanm\u0131\u015f, pav\u00e9 \u0131\u015f\u0131lt\u0131l\u0131 zarif damla motifi.","breadcrumb":{"@id":"https:\/\/www.purejewels.com\/product\/22ct-gold-cz-drop-pendant-necklace-51099\/#breadcrumb"},"inLanguage":"tr","potentialAction":[{"@type":"ReadAction","target":["https:\/\/www.purejewels.com\/product\/22ct-gold-cz-drop-pendant-necklace-51099\/"]}]},{"@type":"ImageObject","inLanguage":"tr","@id":"https:\/\/www.purejewels.com\/product\/22ct-gold-cz-drop-pendant-necklace-51099\/#primaryimage","url":"https:\/\/static.purejewels.com\/wp-content\/uploads\/2025\/10\/sku-51099.jpg","contentUrl":"https:\/\/static.purejewels.com\/wp-content\/uploads\/2025\/10\/sku-51099.jpg","width":1000,"height":1000,"caption":"Stacked from 8 images. Method=B (R=8,S=4)"},{"@type":"BreadcrumbList","@id":"https:\/\/www.purejewels.com\/product\/22ct-gold-cz-drop-pendant-necklace-51099\/#breadcrumb","itemListElement":[{"@type":"ListItem","position":1,"name":"Home","item":"https:\/\/www.purejewels.com\/"},{"@type":"ListItem","position":2,"name":"Shop","item":"https:\/\/www.purejewels.com\/shop\/"},{"@type":"ListItem","position":3,"name":"22ct Gold CZ Drop Pendant Necklace"}]},{"@type":"WebSite","@id":"https:\/\/www.purejewels.com\/#website","url":"https:\/\/www.purejewels.com\/","name":"PureJewels \u0130ngiltere","description":"Sevgiyi Payla\u015f\u0131n","publisher":{"@id":"https:\/\/www.purejewels.com\/#organization"},"potentialAction":[{"@type":"SearchAction","target":{"@type":"EntryPoint","urlTemplate":"https:\/\/www.purejewels.com\/?s={search_term_string}"},"query-input":{"@type":"PropertyValueSpecification","valueRequired":true,"valueName":"search_term_string"}}],"inLanguage":"tr"},{"@type":"Organization","@id":"https:\/\/www.purejewels.com\/#organization","name":"PureJewels \u0130ngiltere","url":"https:\/\/www.purejewels.com\/","logo":{"@type":"ImageObject","inLanguage":"tr","@id":"https:\/\/www.purejewels.com\/#\/schema\/logo\/image\/","url":"https:\/\/static.purejewels.com\/wp-content\/uploads\/2020\/11\/Logo-PJ-New-1.png","contentUrl":"https:\/\/static.purejewels.com\/wp-content\/uploads\/2020\/11\/Logo-PJ-New-1.png","width":150,"height":80,"caption":"PureJewels UK"},"image":{"@id":"https:\/\/www.purejewels.com\/#\/schema\/logo\/image\/"}}]}},"_links":{"self":[{"href":"https:\/\/www.purejewels.com\/tr\/wp-json\/wp\/v2\/product\/419689","targetHints":{"allow":["GET"]}}],"collection":[{"href":"https:\/\/www.purejewels.com\/tr\/wp-json\/wp\/v2\/product"}],"about":[{"href":"https:\/\/www.purejewels.com\/tr\/wp-json\/wp\/v2\/types\/product"}],"replies":[{"embeddable":true,"href":"https:\/\/www.purejewels.com\/tr\/wp-json\/wp\/v2\/comments?post=419689"}],"version-history":[{"count":1,"href":"https:\/\/www.purejewels.com\/tr\/wp-json\/wp\/v2\/product\/419689\/revisions"}],"predecessor-version":[{"id":419696,"href":"https:\/\/www.purejewels.com\/tr\/wp-json\/wp\/v2\/product\/419689\/revisions\/419696"}],"wp:featuredmedia":[{"embeddable":true,"href":"https:\/\/www.purejewels.com\/tr\/wp-json\/wp\/v2\/media\/419693"}],"wp:attachment":[{"href":"https:\/\/www.purejewels.com\/tr\/wp-json\/wp\/v2\/media?parent=419689"}],"wp:term":[{"taxonomy":"product_brand","embeddable":true,"href":"https:\/\/www.purejewels.com\/tr\/wp-json\/wp\/v2\/product_brand?post=419689"},{"taxonomy":"product_cat","embeddable":true,"href":"https:\/\/www.purejewels.com\/tr\/wp-json\/wp\/v2\/product_cat?post=419689"},{"taxonomy":"product_tag","embeddable":true,"href":"https:\/\/www.purejewels.com\/tr\/wp-json\/wp\/v2\/product_tag?post=419689"}],"curies":[{"name":"wp","href":"https:\/\/api.w.org\/{rel}","templated":true}]}}