{"id":419717,"date":"2025-09-29T11:55:49","date_gmt":"2025-09-29T10:55:49","guid":{"rendered":"https:\/\/www.purejewels.com\/?post_type=product&#038;p=419717"},"modified":"2026-04-24T09:17:06","modified_gmt":"2026-04-24T08:17:06","slug":"22-ayar-altin-tavus-kusu-motifli-kolye-51103","status":"publish","type":"product","link":"https:\/\/www.purejewels.com\/tr\/product\/22ct-gold-peacock-motif-pendant-51103\/","title":{"rendered":"22 Ayar Alt\u0131n Tavus Ku\u015fu Motifli Kolye"},"content":{"rendered":"<p data-start=\"457\" data-end=\"743\"><strong data-start=\"457\" data-end=\"467\">Tasar\u0131m<\/strong><\/p>\n<p data-start=\"457\" data-end=\"743\">Kavisli tavus ku\u015fu silueti, \u0131\u015f\u0131\u011f\u0131 kolayl\u0131kla yakalayan havadar bir kafes kanad\u0131n i\u00e7ine yerle\u015fiyor. Derin mavi, ye\u015fil ve k\u0131rm\u0131z\u0131 mine, g\u00f6z ve t\u00fcyleri tan\u0131mlarken cilal\u0131 kenarlar hatlar\u0131 temiz tutar. Kompakt oranlar, bunu g\u00fczellik ve zarafetin zarif bir g\u00fcnl\u00fck amblemi haline getirir.<\/p>\n<p data-start=\"745\" data-end=\"1056\"><strong data-start=\"745\" data-end=\"762\">Zanaatkarl\u0131k<\/strong><\/p>\n<p data-start=\"745\" data-end=\"1056\">22 ayar alt\u0131ndan d\u00f6k\u00fclm\u00fc\u015f, ard\u0131ndan her bir konturu ve k\u0131vr\u0131m\u0131 inceltmek i\u00e7in elde i\u015flenmi\u015ftir. Emaye, zengin renk ve p\u00fcr\u00fczs\u00fcz parlakl\u0131k i\u00e7in \u00f6zenle uygulanm\u0131\u015ft\u0131r. Kolyenin hafif ve rahat kalmas\u0131 i\u00e7in ajurlu kafes sa\u011flaml\u0131k i\u00e7in kesilmi\u015ftir. Her bir par\u00e7a safl\u0131k sertifikas\u0131 i\u00e7in \u0130ngiltere'de damgalanm\u0131\u015ft\u0131r.<\/p>\n<p data-start=\"1058\" data-end=\"1334\" data-is-last-node=\"\" data-is-only-node=\"\"><strong data-start=\"1058\" data-end=\"1079\">\u015eekillendirme &amp; Hediyele\u015fme<\/strong><\/p>\n<p data-start=\"1058\" data-end=\"1334\" data-is-last-node=\"\" data-is-only-node=\"\">G\u00fcnl\u00fck renk i\u00e7in ince bir kutu veya kablo zincir \u00fczerine tak\u0131n veya bayram g\u00f6r\u00fcn\u00fcmleri i\u00e7in ince bir alt\u0131n tak\u0131 ile katmanlay\u0131n. K\u00fc\u00e7\u00fck emaye \u00e7\u0131t\u00e7\u0131tlar veya d\u00fcz halkalarla g\u00fczel bir uyum sa\u011flar. Do\u011fum g\u00fcnleri, Diwali ve \u015f\u0131kl\u0131k ile anlam\u0131n bulu\u015ftu\u011fu kutlamalar i\u00e7in d\u00fc\u015f\u00fcnceli bir hediye.<\/p>","protected":false},"excerpt":{"rendered":"<p data-start=\"151\" data-end=\"420\">El minesi vurgulara ve a\u00e7\u0131k kafes i\u015f\u00e7ili\u011fine sahip zarif bir tavus ku\u015fu motifi. 22 ayar alt\u0131ndan \u00fcretilmi\u015ftir ve safl\u0131k i\u00e7in \u0130ngiltere'de damgalanm\u0131\u015ft\u0131r.<\/p>\n<p><strong>Malzeme:<\/strong> 22 Ayar Alt\u0131n (91,6% Saf Alt\u0131n)<strong><br \/>\nHallmark:\u00a0<\/strong>\u0130ngiliz Damgas\u0131<strong><br \/>\n<\/strong><strong>Br\u00fct A\u011f\u0131rl\u0131k: <\/strong>1.59 Gms<strong><br \/>\nSKU: <\/strong>51103<\/p>\n<p><strong>Fiyat ve Teslimat:\u00a0<\/strong>KDV ve teslimat \u00fccretleri dahil<br \/>\nZincir dahil de\u011fildir.<br \/>\n<strong><a href=\"https:\/\/www.purejewels.com\/tr\/i%cc%87ade-poli%cc%87ti%cc%87kasi\/\">\u0130ade Politikas\u0131<\/a><\/strong><\/p>","protected":false},"featured_media":419719,"comment_status":"closed","ping_status":"closed","template":"","meta":{"_eb_attr":"","_crsspst_to_jayantr4sg-hostcom":true},"product_brand":[],"product_cat":[1791,1559,1794,1793,6190,1770,1792,1790,1229,1255,5343,1767,1570,5338,1569,1573,1574,5349],"product_tag":[],"class_list":{"0":"post-419717","1":"product","2":"type-product","3":"status-publish","4":"has-post-thumbnail","6":"product_cat-anniversary-gifts","7":"product_cat-birthday-gifts","8":"product_cat-christmas-gifts","9":"product_cat-diwali-gifts","10":"product_cat-easter-jewellery","11":"product_cat-fancy-pendants","12":"product_cat-festival-gifts","13":"product_cat-for-whom-when","14":"product_cat-22ct-gold-jewellery","15":"product_cat-gold-pendants","16":"product_cat-jewellery-under-550","17":"product_cat-ladies-pendants","18":"product_cat-mothers-day-gifts","19":"product_cat-shop-by-price","20":"product_cat-valentine-day-gifts","21":"product_cat-wedding-gifts","22":"product_cat-womens-jewellery","23":"product_cat-yellow-gold-jewellery","25":"first","26":"instock","27":"taxable","28":"shipping-taxable","29":"purchasable","30":"product-type-simple","31":"add-to-wishlist-before_image"},"yoast_head":"<!-- This site is optimized with the Yoast SEO plugin v27.5 - https:\/\/yoast.com\/product\/yoast-seo-wordpress\/ -->\n<title>22ct Gold Peacock Motif Pendant | PureJewels UK<\/title>\n<meta name=\"description\" content=\"Shop the 22ct Gold Peacock Motif Pendant at PureJewels. Delicate enamel detail with airy latticework, hallmarked in the UK for purity certification.\" \/>\n<meta name=\"robots\" content=\"index, follow, max-snippet:-1, max-image-preview:large, max-video-preview:-1\" \/>\n<link rel=\"canonical\" href=\"https:\/\/www.purejewels.com\/tr\/urun\/22-ayar-altin-tavus-kusu-motifli-kolye-51103\/\" \/>\n<meta property=\"og:locale\" content=\"tr_TR\" \/>\n<meta property=\"og:type\" content=\"article\" \/>\n<meta property=\"og:title\" content=\"22ct Gold Peacock Motif Pendant | PureJewels UK\" \/>\n<meta property=\"og:description\" content=\"Shop the 22ct Gold Peacock Motif Pendant at PureJewels. Delicate enamel detail with airy latticework, hallmarked in the UK for purity certification.\" \/>\n<meta property=\"og:url\" content=\"https:\/\/www.purejewels.com\/tr\/urun\/22-ayar-altin-tavus-kusu-motifli-kolye-51103\/\" \/>\n<meta property=\"og:site_name\" content=\"PureJewels UK\" \/>\n<meta property=\"article:modified_time\" content=\"2026-04-24T08:17:06+00:00\" \/>\n<meta property=\"og:image\" content=\"https:\/\/static.purejewels.com\/wp-content\/uploads\/2025\/10\/SKU-51103.jpg\" \/>\n\t<meta property=\"og:image:width\" content=\"1000\" \/>\n\t<meta property=\"og:image:height\" content=\"1000\" \/>\n\t<meta property=\"og:image:type\" content=\"image\/jpeg\" \/>\n<meta name=\"twitter:card\" content=\"summary_large_image\" \/>\n<meta name=\"twitter:label1\" content=\"Tahmini okuma s\u00fcresi\" \/>\n\t<meta name=\"twitter:data1\" content=\"1 dakika\" \/>\n<script type=\"application\/ld+json\" class=\"yoast-schema-graph\">{\"@context\":\"https:\\\/\\\/schema.org\",\"@graph\":[{\"@type\":[\"WebPage\",\"ItemPage\"],\"@id\":\"https:\\\/\\\/www.purejewels.com\\\/product\\\/22ct-gold-peacock-motif-pendant-51103\\\/\",\"url\":\"https:\\\/\\\/www.purejewels.com\\\/product\\\/22ct-gold-peacock-motif-pendant-51103\\\/\",\"name\":\"22ct Gold Peacock Motif Pendant | PureJewels UK\",\"isPartOf\":{\"@id\":\"https:\\\/\\\/www.purejewels.com\\\/#website\"},\"primaryImageOfPage\":{\"@id\":\"https:\\\/\\\/www.purejewels.com\\\/product\\\/22ct-gold-peacock-motif-pendant-51103\\\/#primaryimage\"},\"image\":{\"@id\":\"https:\\\/\\\/www.purejewels.com\\\/product\\\/22ct-gold-peacock-motif-pendant-51103\\\/#primaryimage\"},\"thumbnailUrl\":\"https:\\\/\\\/static.purejewels.com\\\/wp-content\\\/uploads\\\/2025\\\/10\\\/SKU-51103.jpg\",\"datePublished\":\"2025-09-29T10:55:49+00:00\",\"dateModified\":\"2026-04-24T08:17:06+00:00\",\"description\":\"Shop the 22ct Gold Peacock Motif Pendant at PureJewels. Delicate enamel detail with airy latticework, hallmarked in the UK for purity certification.\",\"breadcrumb\":{\"@id\":\"https:\\\/\\\/www.purejewels.com\\\/product\\\/22ct-gold-peacock-motif-pendant-51103\\\/#breadcrumb\"},\"inLanguage\":\"tr\",\"potentialAction\":[{\"@type\":\"ReadAction\",\"target\":[\"https:\\\/\\\/www.purejewels.com\\\/product\\\/22ct-gold-peacock-motif-pendant-51103\\\/\"]}]},{\"@type\":\"ImageObject\",\"inLanguage\":\"tr\",\"@id\":\"https:\\\/\\\/www.purejewels.com\\\/product\\\/22ct-gold-peacock-motif-pendant-51103\\\/#primaryimage\",\"url\":\"https:\\\/\\\/static.purejewels.com\\\/wp-content\\\/uploads\\\/2025\\\/10\\\/SKU-51103.jpg\",\"contentUrl\":\"https:\\\/\\\/static.purejewels.com\\\/wp-content\\\/uploads\\\/2025\\\/10\\\/SKU-51103.jpg\",\"width\":1000,\"height\":1000,\"caption\":\"Stacked from 11 images. Method=B (R=8,S=4)\"},{\"@type\":\"BreadcrumbList\",\"@id\":\"https:\\\/\\\/www.purejewels.com\\\/product\\\/22ct-gold-peacock-motif-pendant-51103\\\/#breadcrumb\",\"itemListElement\":[{\"@type\":\"ListItem\",\"position\":1,\"name\":\"Home\",\"item\":\"https:\\\/\\\/www.purejewels.com\\\/\"},{\"@type\":\"ListItem\",\"position\":2,\"name\":\"Shop\",\"item\":\"https:\\\/\\\/www.purejewels.com\\\/shop\\\/\"},{\"@type\":\"ListItem\",\"position\":3,\"name\":\"22ct Gold Peacock Motif Pendant\"}]},{\"@type\":\"WebSite\",\"@id\":\"https:\\\/\\\/www.purejewels.com\\\/#website\",\"url\":\"https:\\\/\\\/www.purejewels.com\\\/\",\"name\":\"PureJewels UK\",\"description\":\"Share the Love\",\"publisher\":{\"@id\":\"https:\\\/\\\/www.purejewels.com\\\/#organization\"},\"potentialAction\":[{\"@type\":\"SearchAction\",\"target\":{\"@type\":\"EntryPoint\",\"urlTemplate\":\"https:\\\/\\\/www.purejewels.com\\\/?s={search_term_string}\"},\"query-input\":{\"@type\":\"PropertyValueSpecification\",\"valueRequired\":true,\"valueName\":\"search_term_string\"}}],\"inLanguage\":\"tr\"},{\"@type\":\"Organization\",\"@id\":\"https:\\\/\\\/www.purejewels.com\\\/#organization\",\"name\":\"PureJewels UK\",\"url\":\"https:\\\/\\\/www.purejewels.com\\\/\",\"logo\":{\"@type\":\"ImageObject\",\"inLanguage\":\"tr\",\"@id\":\"https:\\\/\\\/www.purejewels.com\\\/#\\\/schema\\\/logo\\\/image\\\/\",\"url\":\"https:\\\/\\\/static.purejewels.com\\\/wp-content\\\/uploads\\\/2020\\\/11\\\/Logo-PJ-New-1.png\",\"contentUrl\":\"https:\\\/\\\/static.purejewels.com\\\/wp-content\\\/uploads\\\/2020\\\/11\\\/Logo-PJ-New-1.png\",\"width\":150,\"height\":80,\"caption\":\"PureJewels UK\"},\"image\":{\"@id\":\"https:\\\/\\\/www.purejewels.com\\\/#\\\/schema\\\/logo\\\/image\\\/\"}}]}<\/script>\n<!-- \/ Yoast SEO plugin. -->","yoast_head_json":{"title":"22 Ayar Alt\u0131n Tavusku\u015fu Motifli Kolye Ucu | PureJewels UK","description":"PureJewels'te 22 Ayar Alt\u0131n Tavus Ku\u015fu Motifli Kolyeyi sat\u0131n al\u0131n. Safl\u0131k sertifikas\u0131 i\u00e7in Birle\u015fik Krall\u0131k'ta damgalanm\u0131\u015f, havadar kafes i\u015f\u00e7ili\u011fine sahip hassas mine detay.","robots":{"index":"index","follow":"follow","max-snippet":"max-snippet:-1","max-image-preview":"max-image-preview:large","max-video-preview":"max-video-preview:-1"},"canonical":"https:\/\/www.purejewels.com\/tr\/urun\/22-ayar-altin-tavus-kusu-motifli-kolye-51103\/","og_locale":"tr_TR","og_type":"article","og_title":"22ct Gold Peacock Motif Pendant | PureJewels UK","og_description":"Shop the 22ct Gold Peacock Motif Pendant at PureJewels. Delicate enamel detail with airy latticework, hallmarked in the UK for purity certification.","og_url":"https:\/\/www.purejewels.com\/tr\/urun\/22-ayar-altin-tavus-kusu-motifli-kolye-51103\/","og_site_name":"PureJewels UK","article_modified_time":"2026-04-24T08:17:06+00:00","og_image":[{"width":1000,"height":1000,"url":"https:\/\/static.purejewels.com\/wp-content\/uploads\/2025\/10\/SKU-51103.jpg","type":"image\/jpeg"}],"twitter_card":"summary_large_image","twitter_misc":{"Tahmini okuma s\u00fcresi":"1 dakika"},"schema":{"@context":"https:\/\/schema.org","@graph":[{"@type":["WebPage","ItemPage"],"@id":"https:\/\/www.purejewels.com\/product\/22ct-gold-peacock-motif-pendant-51103\/","url":"https:\/\/www.purejewels.com\/product\/22ct-gold-peacock-motif-pendant-51103\/","name":"22 Ayar Alt\u0131n Tavusku\u015fu Motifli Kolye Ucu | PureJewels UK","isPartOf":{"@id":"https:\/\/www.purejewels.com\/#website"},"primaryImageOfPage":{"@id":"https:\/\/www.purejewels.com\/product\/22ct-gold-peacock-motif-pendant-51103\/#primaryimage"},"image":{"@id":"https:\/\/www.purejewels.com\/product\/22ct-gold-peacock-motif-pendant-51103\/#primaryimage"},"thumbnailUrl":"https:\/\/static.purejewels.com\/wp-content\/uploads\/2025\/10\/SKU-51103.jpg","datePublished":"2025-09-29T10:55:49+00:00","dateModified":"2026-04-24T08:17:06+00:00","description":"PureJewels'te 22 Ayar Alt\u0131n Tavus Ku\u015fu Motifli Kolyeyi sat\u0131n al\u0131n. Safl\u0131k sertifikas\u0131 i\u00e7in Birle\u015fik Krall\u0131k'ta damgalanm\u0131\u015f, havadar kafes i\u015f\u00e7ili\u011fine sahip hassas mine detay.","breadcrumb":{"@id":"https:\/\/www.purejewels.com\/product\/22ct-gold-peacock-motif-pendant-51103\/#breadcrumb"},"inLanguage":"tr","potentialAction":[{"@type":"ReadAction","target":["https:\/\/www.purejewels.com\/product\/22ct-gold-peacock-motif-pendant-51103\/"]}]},{"@type":"ImageObject","inLanguage":"tr","@id":"https:\/\/www.purejewels.com\/product\/22ct-gold-peacock-motif-pendant-51103\/#primaryimage","url":"https:\/\/static.purejewels.com\/wp-content\/uploads\/2025\/10\/SKU-51103.jpg","contentUrl":"https:\/\/static.purejewels.com\/wp-content\/uploads\/2025\/10\/SKU-51103.jpg","width":1000,"height":1000,"caption":"Stacked from 11 images. Method=B (R=8,S=4)"},{"@type":"BreadcrumbList","@id":"https:\/\/www.purejewels.com\/product\/22ct-gold-peacock-motif-pendant-51103\/#breadcrumb","itemListElement":[{"@type":"ListItem","position":1,"name":"Home","item":"https:\/\/www.purejewels.com\/"},{"@type":"ListItem","position":2,"name":"Shop","item":"https:\/\/www.purejewels.com\/shop\/"},{"@type":"ListItem","position":3,"name":"22ct Gold Peacock Motif Pendant"}]},{"@type":"WebSite","@id":"https:\/\/www.purejewels.com\/#website","url":"https:\/\/www.purejewels.com\/","name":"PureJewels \u0130ngiltere","description":"Sevgiyi Payla\u015f\u0131n","publisher":{"@id":"https:\/\/www.purejewels.com\/#organization"},"potentialAction":[{"@type":"SearchAction","target":{"@type":"EntryPoint","urlTemplate":"https:\/\/www.purejewels.com\/?s={search_term_string}"},"query-input":{"@type":"PropertyValueSpecification","valueRequired":true,"valueName":"search_term_string"}}],"inLanguage":"tr"},{"@type":"Organization","@id":"https:\/\/www.purejewels.com\/#organization","name":"PureJewels \u0130ngiltere","url":"https:\/\/www.purejewels.com\/","logo":{"@type":"ImageObject","inLanguage":"tr","@id":"https:\/\/www.purejewels.com\/#\/schema\/logo\/image\/","url":"https:\/\/static.purejewels.com\/wp-content\/uploads\/2020\/11\/Logo-PJ-New-1.png","contentUrl":"https:\/\/static.purejewels.com\/wp-content\/uploads\/2020\/11\/Logo-PJ-New-1.png","width":150,"height":80,"caption":"PureJewels UK"},"image":{"@id":"https:\/\/www.purejewels.com\/#\/schema\/logo\/image\/"}}]}},"_links":{"self":[{"href":"https:\/\/www.purejewels.com\/tr\/wp-json\/wp\/v2\/product\/419717","targetHints":{"allow":["GET"]}}],"collection":[{"href":"https:\/\/www.purejewels.com\/tr\/wp-json\/wp\/v2\/product"}],"about":[{"href":"https:\/\/www.purejewels.com\/tr\/wp-json\/wp\/v2\/types\/product"}],"replies":[{"embeddable":true,"href":"https:\/\/www.purejewels.com\/tr\/wp-json\/wp\/v2\/comments?post=419717"}],"version-history":[{"count":1,"href":"https:\/\/www.purejewels.com\/tr\/wp-json\/wp\/v2\/product\/419717\/revisions"}],"predecessor-version":[{"id":419721,"href":"https:\/\/www.purejewels.com\/tr\/wp-json\/wp\/v2\/product\/419717\/revisions\/419721"}],"wp:featuredmedia":[{"embeddable":true,"href":"https:\/\/www.purejewels.com\/tr\/wp-json\/wp\/v2\/media\/419719"}],"wp:attachment":[{"href":"https:\/\/www.purejewels.com\/tr\/wp-json\/wp\/v2\/media?parent=419717"}],"wp:term":[{"taxonomy":"product_brand","embeddable":true,"href":"https:\/\/www.purejewels.com\/tr\/wp-json\/wp\/v2\/product_brand?post=419717"},{"taxonomy":"product_cat","embeddable":true,"href":"https:\/\/www.purejewels.com\/tr\/wp-json\/wp\/v2\/product_cat?post=419717"},{"taxonomy":"product_tag","embeddable":true,"href":"https:\/\/www.purejewels.com\/tr\/wp-json\/wp\/v2\/product_tag?post=419717"}],"curies":[{"name":"wp","href":"https:\/\/api.w.org\/{rel}","templated":true}]}}