{"id":419749,"date":"2025-11-10T07:03:43","date_gmt":"2025-11-10T07:03:43","guid":{"rendered":"https:\/\/www.purejewels.com\/?post_type=product&#038;p=419749"},"modified":"2026-01-06T09:20:47","modified_gmt":"2026-01-06T09:20:47","slug":"22-ayar-sari-altin-yesil-cz-tasli-kolye-51187","status":"publish","type":"product","link":"https:\/\/www.purejewels.com\/tr\/product\/22ct-yellow-gold-green-cz-stone-necklace-51187\/","title":{"rendered":"22 Ayar Sar\u0131 Alt\u0131n Ye\u015fil CZ Ta\u015fl\u0131 Kolye"},"content":{"rendered":"<h3 data-start=\"521\" data-end=\"548\"><strong data-start=\"525\" data-end=\"546\">Tasar\u0131m Konsepti<\/strong><\/h3>\n<p data-start=\"549\" data-end=\"894\">Tasar\u0131m, yenilenmeyi ve ki\u015fisel b\u00fcy\u00fcmeyi simgeleyen geli\u015fen yapraklardan ve tomurcuklanan ye\u015filliklerden ilham al\u0131yor. Ajurlu alt\u0131n \u00e7er\u00e7eveler, pav\u00e9-set ye\u015fil CZ ta\u015flarla zahmetsizce harmanlan\u0131yor. Her bir unsur do\u011fan\u0131n ak\u0131\u015f\u0131na dair bir hikaye anlatarak organik g\u00fczelli\u011fi modern bir mercekle kutluyor.<\/p>\n<h3 data-start=\"901\" data-end=\"928\"><strong data-start=\"905\" data-end=\"926\">\u00a0Zanaatkarl\u0131k<\/strong><\/h3>\n<p data-start=\"929\" data-end=\"1262\">Saf 22 ayar alt\u0131ndan titizlikle el i\u015f\u00e7ili\u011fiyle \u00fcretilen bu kolye, Londra Assay Office taraf\u0131ndan damgalanm\u0131\u015ft\u0131r. Ye\u015fil CZ ta\u015flar hassasiyet ve dayan\u0131kl\u0131l\u0131k i\u00e7in \u00f6zenle i\u015flenmi\u015ftir. Dekoratif alt\u0131n boncuk detaylar\u0131 ve ak\u0131c\u0131 zincir yap\u0131s\u0131 PureJewels'in konfor ve detaylara verdi\u011fi \u00f6nemi yans\u0131tarak tasar\u0131m ve i\u015flevi kusursuz bir \u015fekilde bir araya getiriyor.<\/p>\n<h3 data-start=\"1269\" data-end=\"1295\"><strong data-start=\"1273\" data-end=\"1293\">Stil Fikirleri<\/strong><\/h3>\n<p data-start=\"1296\" data-end=\"1553\">Festival etkinlikleri, d\u00fc\u011f\u00fcn fonksiyonlar\u0131 veya g\u00fcnl\u00fck giyiminizi y\u00fckseltmek i\u00e7in idealdir. Bu kolye z\u00fcmr\u00fct tonlar\u0131, derin m\u00fccevher paletleri veya yumu\u015fak n\u00f6trlerle g\u00fczel bir uyum sa\u011flar. Zarif bir ifade i\u00e7in tek ba\u015f\u0131na tak\u0131n veya dokulu bir g\u00f6r\u00fcn\u00fcm i\u00e7in d\u00fcz alt\u0131n zincirlerle katmanlay\u0131n.<\/p>","protected":false},"excerpt":{"rendered":"<p>Canl\u0131, zarif ve ferahlat\u0131c\u0131 derecede modern olan bu 22 Ayar Sar\u0131 Alt\u0131n Ye\u015fil CZ Ta\u015fl\u0131 Kolye, canl\u0131 ye\u015fil k\u00fcbik zirkonya ile s\u00fcslenmi\u015f yapraklardan ilham alan motiflere sahiptir. Do\u011fan\u0131n zarafetini yans\u0131tmak i\u00e7in tasarlanan asimetrik tasar\u0131m\u0131 ve boncuk vurgular\u0131 \u00e7a\u011fda\u015f ama zamans\u0131z bir siluet yarat\u0131r. Bireyselli\u011fin ve cazibenin \u0131\u015f\u0131lt\u0131l\u0131 bir ifadesi.<\/p>\n<p><strong>Malzeme:<\/strong> 22 Ayar Alt\u0131n (91,6% Saf Alt\u0131n)<strong><br \/>\nHallmark:\u00a0<\/strong>\u0130ngiliz Damgas\u0131<strong><br \/>\n<\/strong><strong>Br\u00fct A\u011f\u0131rl\u0131k: <\/strong>7.74 Gms<br \/>\n<strong>Net A\u011f\u0131rl\u0131k: <\/strong>7.66 Gms<strong><br \/>\nSKU: <\/strong>51187<\/p>\n<p><strong>Fiyat ve Teslimat:<\/strong> KDV ve teslimat \u00fccretleri dahil<strong><br \/>\n<a href=\"https:\/\/www.purejewels.com\/tr\/i%cc%87ade-poli%cc%87ti%cc%87kasi\/\">\u0130ade Politikas\u0131<\/a><\/strong><\/p>","protected":false},"featured_media":419759,"comment_status":"closed","ping_status":"closed","template":"","meta":{"_eb_attr":"","_crsspst_to_jayantr4sg-hostcom":true},"product_brand":[],"product_cat":[1793,1792,1229,1253,5346,5902,1778,1574,5349],"product_tag":[],"class_list":{"0":"post-419749","1":"product","2":"type-product","3":"status-publish","4":"has-post-thumbnail","6":"product_cat-diwali-gifts","7":"product_cat-festival-gifts","8":"product_cat-22ct-gold-jewellery","9":"product_cat-gold-necklaces","10":"product_cat-gold-pendant-necklace","11":"product_cat-lariat-necklace","12":"product_cat-short-necklaces","13":"product_cat-womens-jewellery","14":"product_cat-yellow-gold-jewellery","16":"first","17":"outofstock","18":"sale","19":"taxable","20":"shipping-taxable","21":"product-type-simple","22":"add-to-wishlist-before_image"},"yoast_head":"<!-- This site is optimized with the Yoast SEO plugin v27.3 - https:\/\/yoast.com\/product\/yoast-seo-wordpress\/ -->\n<title>22ct Yellow Gold Green CZ Stone Necklace | Elegant Leaf Design<\/title>\n<meta name=\"description\" content=\"Shop the 22ct Yellow Gold Green CZ Stone Necklace by PureJewels. Inspired by nature with leaf motifs and green cubic zirconia. Hallmarked and handcrafted in gold.\" \/>\n<meta name=\"robots\" content=\"index, follow, max-snippet:-1, max-image-preview:large, max-video-preview:-1\" \/>\n<link rel=\"canonical\" href=\"https:\/\/www.purejewels.com\/tr\/urun\/22-ayar-sari-altin-yesil-cz-tasli-kolye-51187\/\" \/>\n<meta property=\"og:locale\" content=\"tr_TR\" \/>\n<meta property=\"og:type\" content=\"article\" \/>\n<meta property=\"og:title\" content=\"22ct Yellow Gold Green CZ Stone Necklace | Elegant Leaf Design\" \/>\n<meta property=\"og:description\" content=\"Shop the 22ct Yellow Gold Green CZ Stone Necklace by PureJewels. Inspired by nature with leaf motifs and green cubic zirconia. Hallmarked and handcrafted in gold.\" \/>\n<meta property=\"og:url\" content=\"https:\/\/www.purejewels.com\/tr\/urun\/22-ayar-sari-altin-yesil-cz-tasli-kolye-51187\/\" \/>\n<meta property=\"og:site_name\" content=\"PureJewels UK\" \/>\n<meta property=\"article:modified_time\" content=\"2026-01-06T09:20:47+00:00\" \/>\n<meta property=\"og:image\" content=\"https:\/\/www.purejewels.com\/wp-content\/uploads\/2025\/10\/sku-51187.jpg\" \/>\n\t<meta property=\"og:image:width\" content=\"1000\" \/>\n\t<meta property=\"og:image:height\" content=\"1000\" \/>\n\t<meta property=\"og:image:type\" content=\"image\/jpeg\" \/>\n<meta name=\"twitter:card\" content=\"summary_large_image\" \/>\n<meta name=\"twitter:label1\" content=\"Tahmini okuma s\u00fcresi\" \/>\n\t<meta name=\"twitter:data1\" content=\"1 dakika\" \/>\n<script type=\"application\/ld+json\" class=\"yoast-schema-graph\">{\"@context\":\"https:\\\/\\\/schema.org\",\"@graph\":[{\"@type\":[\"WebPage\",\"ItemPage\"],\"@id\":\"https:\\\/\\\/www.purejewels.com\\\/product\\\/22ct-yellow-gold-green-cz-stone-necklace-51187\\\/\",\"url\":\"https:\\\/\\\/www.purejewels.com\\\/product\\\/22ct-yellow-gold-green-cz-stone-necklace-51187\\\/\",\"name\":\"22ct Yellow Gold Green CZ Stone Necklace | Elegant Leaf Design\",\"isPartOf\":{\"@id\":\"https:\\\/\\\/www.purejewels.com\\\/#website\"},\"primaryImageOfPage\":{\"@id\":\"https:\\\/\\\/www.purejewels.com\\\/product\\\/22ct-yellow-gold-green-cz-stone-necklace-51187\\\/#primaryimage\"},\"image\":{\"@id\":\"https:\\\/\\\/www.purejewels.com\\\/product\\\/22ct-yellow-gold-green-cz-stone-necklace-51187\\\/#primaryimage\"},\"thumbnailUrl\":\"https:\\\/\\\/static.purejewels.com\\\/wp-content\\\/uploads\\\/2025\\\/10\\\/sku-51187.jpg\",\"datePublished\":\"2025-11-10T07:03:43+00:00\",\"dateModified\":\"2026-01-06T09:20:47+00:00\",\"description\":\"Shop the 22ct Yellow Gold Green CZ Stone Necklace by PureJewels. Inspired by nature with leaf motifs and green cubic zirconia. Hallmarked and handcrafted in gold.\",\"breadcrumb\":{\"@id\":\"https:\\\/\\\/www.purejewels.com\\\/product\\\/22ct-yellow-gold-green-cz-stone-necklace-51187\\\/#breadcrumb\"},\"inLanguage\":\"tr\",\"potentialAction\":[{\"@type\":\"ReadAction\",\"target\":[\"https:\\\/\\\/www.purejewels.com\\\/product\\\/22ct-yellow-gold-green-cz-stone-necklace-51187\\\/\"]}]},{\"@type\":\"ImageObject\",\"inLanguage\":\"tr\",\"@id\":\"https:\\\/\\\/www.purejewels.com\\\/product\\\/22ct-yellow-gold-green-cz-stone-necklace-51187\\\/#primaryimage\",\"url\":\"https:\\\/\\\/static.purejewels.com\\\/wp-content\\\/uploads\\\/2025\\\/10\\\/sku-51187.jpg\",\"contentUrl\":\"https:\\\/\\\/static.purejewels.com\\\/wp-content\\\/uploads\\\/2025\\\/10\\\/sku-51187.jpg\",\"width\":1000,\"height\":1000,\"caption\":\"22ct Yellow Gold Green CZ Stone Necklace\"},{\"@type\":\"BreadcrumbList\",\"@id\":\"https:\\\/\\\/www.purejewels.com\\\/product\\\/22ct-yellow-gold-green-cz-stone-necklace-51187\\\/#breadcrumb\",\"itemListElement\":[{\"@type\":\"ListItem\",\"position\":1,\"name\":\"Home\",\"item\":\"https:\\\/\\\/www.purejewels.com\\\/\"},{\"@type\":\"ListItem\",\"position\":2,\"name\":\"Shop\",\"item\":\"https:\\\/\\\/www.purejewels.com\\\/shop\\\/\"},{\"@type\":\"ListItem\",\"position\":3,\"name\":\"22ct Yellow Gold Green CZ Stone Necklace\"}]},{\"@type\":\"WebSite\",\"@id\":\"https:\\\/\\\/www.purejewels.com\\\/#website\",\"url\":\"https:\\\/\\\/www.purejewels.com\\\/\",\"name\":\"PureJewels UK\",\"description\":\"Share the Love\",\"publisher\":{\"@id\":\"https:\\\/\\\/www.purejewels.com\\\/#organization\"},\"potentialAction\":[{\"@type\":\"SearchAction\",\"target\":{\"@type\":\"EntryPoint\",\"urlTemplate\":\"https:\\\/\\\/www.purejewels.com\\\/?s={search_term_string}\"},\"query-input\":{\"@type\":\"PropertyValueSpecification\",\"valueRequired\":true,\"valueName\":\"search_term_string\"}}],\"inLanguage\":\"tr\"},{\"@type\":\"Organization\",\"@id\":\"https:\\\/\\\/www.purejewels.com\\\/#organization\",\"name\":\"PureJewels UK\",\"url\":\"https:\\\/\\\/www.purejewels.com\\\/\",\"logo\":{\"@type\":\"ImageObject\",\"inLanguage\":\"tr\",\"@id\":\"https:\\\/\\\/www.purejewels.com\\\/#\\\/schema\\\/logo\\\/image\\\/\",\"url\":\"https:\\\/\\\/static.purejewels.com\\\/wp-content\\\/uploads\\\/2020\\\/11\\\/Logo-PJ-New-1.png\",\"contentUrl\":\"https:\\\/\\\/static.purejewels.com\\\/wp-content\\\/uploads\\\/2020\\\/11\\\/Logo-PJ-New-1.png\",\"width\":150,\"height\":80,\"caption\":\"PureJewels UK\"},\"image\":{\"@id\":\"https:\\\/\\\/www.purejewels.com\\\/#\\\/schema\\\/logo\\\/image\\\/\"}}]}<\/script>\n<!-- \/ Yoast SEO plugin. -->","yoast_head_json":{"title":"22 Ayar Sar\u0131 Alt\u0131n Ye\u015fil CZ Ta\u015fl\u0131 Kolye | Zarif Yaprak Tasar\u0131m\u0131","description":"PureJewels'in 22 Ayar Sar\u0131 Alt\u0131n Ye\u015fil CZ Ta\u015fl\u0131 Kolyesini sat\u0131n al\u0131n. Yaprak motifleri ve ye\u015fil k\u00fcbik zirkonya ile do\u011fadan esinlenilmi\u015ftir. Alt\u0131n damgal\u0131 ve el yap\u0131m\u0131d\u0131r.","robots":{"index":"index","follow":"follow","max-snippet":"max-snippet:-1","max-image-preview":"max-image-preview:large","max-video-preview":"max-video-preview:-1"},"canonical":"https:\/\/www.purejewels.com\/tr\/urun\/22-ayar-sari-altin-yesil-cz-tasli-kolye-51187\/","og_locale":"tr_TR","og_type":"article","og_title":"22ct Yellow Gold Green CZ Stone Necklace | Elegant Leaf Design","og_description":"Shop the 22ct Yellow Gold Green CZ Stone Necklace by PureJewels. Inspired by nature with leaf motifs and green cubic zirconia. Hallmarked and handcrafted in gold.","og_url":"https:\/\/www.purejewels.com\/tr\/urun\/22-ayar-sari-altin-yesil-cz-tasli-kolye-51187\/","og_site_name":"PureJewels UK","article_modified_time":"2026-01-06T09:20:47+00:00","og_image":[{"width":1000,"height":1000,"url":"https:\/\/www.purejewels.com\/wp-content\/uploads\/2025\/10\/sku-51187.jpg","type":"image\/jpeg"}],"twitter_card":"summary_large_image","twitter_misc":{"Tahmini okuma s\u00fcresi":"1 dakika"},"schema":{"@context":"https:\/\/schema.org","@graph":[{"@type":["WebPage","ItemPage"],"@id":"https:\/\/www.purejewels.com\/product\/22ct-yellow-gold-green-cz-stone-necklace-51187\/","url":"https:\/\/www.purejewels.com\/product\/22ct-yellow-gold-green-cz-stone-necklace-51187\/","name":"22 Ayar Sar\u0131 Alt\u0131n Ye\u015fil CZ Ta\u015fl\u0131 Kolye | Zarif Yaprak Tasar\u0131m\u0131","isPartOf":{"@id":"https:\/\/www.purejewels.com\/#website"},"primaryImageOfPage":{"@id":"https:\/\/www.purejewels.com\/product\/22ct-yellow-gold-green-cz-stone-necklace-51187\/#primaryimage"},"image":{"@id":"https:\/\/www.purejewels.com\/product\/22ct-yellow-gold-green-cz-stone-necklace-51187\/#primaryimage"},"thumbnailUrl":"https:\/\/static.purejewels.com\/wp-content\/uploads\/2025\/10\/sku-51187.jpg","datePublished":"2025-11-10T07:03:43+00:00","dateModified":"2026-01-06T09:20:47+00:00","description":"PureJewels'in 22 Ayar Sar\u0131 Alt\u0131n Ye\u015fil CZ Ta\u015fl\u0131 Kolyesini sat\u0131n al\u0131n. Yaprak motifleri ve ye\u015fil k\u00fcbik zirkonya ile do\u011fadan esinlenilmi\u015ftir. Alt\u0131n damgal\u0131 ve el yap\u0131m\u0131d\u0131r.","breadcrumb":{"@id":"https:\/\/www.purejewels.com\/product\/22ct-yellow-gold-green-cz-stone-necklace-51187\/#breadcrumb"},"inLanguage":"tr","potentialAction":[{"@type":"ReadAction","target":["https:\/\/www.purejewels.com\/product\/22ct-yellow-gold-green-cz-stone-necklace-51187\/"]}]},{"@type":"ImageObject","inLanguage":"tr","@id":"https:\/\/www.purejewels.com\/product\/22ct-yellow-gold-green-cz-stone-necklace-51187\/#primaryimage","url":"https:\/\/static.purejewels.com\/wp-content\/uploads\/2025\/10\/sku-51187.jpg","contentUrl":"https:\/\/static.purejewels.com\/wp-content\/uploads\/2025\/10\/sku-51187.jpg","width":1000,"height":1000,"caption":"22ct Yellow Gold Green CZ Stone Necklace"},{"@type":"BreadcrumbList","@id":"https:\/\/www.purejewels.com\/product\/22ct-yellow-gold-green-cz-stone-necklace-51187\/#breadcrumb","itemListElement":[{"@type":"ListItem","position":1,"name":"Home","item":"https:\/\/www.purejewels.com\/"},{"@type":"ListItem","position":2,"name":"Shop","item":"https:\/\/www.purejewels.com\/shop\/"},{"@type":"ListItem","position":3,"name":"22ct Yellow Gold Green CZ Stone Necklace"}]},{"@type":"WebSite","@id":"https:\/\/www.purejewels.com\/#website","url":"https:\/\/www.purejewels.com\/","name":"PureJewels \u0130ngiltere","description":"Sevgiyi Payla\u015f\u0131n","publisher":{"@id":"https:\/\/www.purejewels.com\/#organization"},"potentialAction":[{"@type":"SearchAction","target":{"@type":"EntryPoint","urlTemplate":"https:\/\/www.purejewels.com\/?s={search_term_string}"},"query-input":{"@type":"PropertyValueSpecification","valueRequired":true,"valueName":"search_term_string"}}],"inLanguage":"tr"},{"@type":"Organization","@id":"https:\/\/www.purejewels.com\/#organization","name":"PureJewels \u0130ngiltere","url":"https:\/\/www.purejewels.com\/","logo":{"@type":"ImageObject","inLanguage":"tr","@id":"https:\/\/www.purejewels.com\/#\/schema\/logo\/image\/","url":"https:\/\/static.purejewels.com\/wp-content\/uploads\/2020\/11\/Logo-PJ-New-1.png","contentUrl":"https:\/\/static.purejewels.com\/wp-content\/uploads\/2020\/11\/Logo-PJ-New-1.png","width":150,"height":80,"caption":"PureJewels UK"},"image":{"@id":"https:\/\/www.purejewels.com\/#\/schema\/logo\/image\/"}}]}},"_links":{"self":[{"href":"https:\/\/www.purejewels.com\/tr\/wp-json\/wp\/v2\/product\/419749","targetHints":{"allow":["GET"]}}],"collection":[{"href":"https:\/\/www.purejewels.com\/tr\/wp-json\/wp\/v2\/product"}],"about":[{"href":"https:\/\/www.purejewels.com\/tr\/wp-json\/wp\/v2\/types\/product"}],"replies":[{"embeddable":true,"href":"https:\/\/www.purejewels.com\/tr\/wp-json\/wp\/v2\/comments?post=419749"}],"version-history":[{"count":3,"href":"https:\/\/www.purejewels.com\/tr\/wp-json\/wp\/v2\/product\/419749\/revisions"}],"predecessor-version":[{"id":419763,"href":"https:\/\/www.purejewels.com\/tr\/wp-json\/wp\/v2\/product\/419749\/revisions\/419763"}],"wp:featuredmedia":[{"embeddable":true,"href":"https:\/\/www.purejewels.com\/tr\/wp-json\/wp\/v2\/media\/419759"}],"wp:attachment":[{"href":"https:\/\/www.purejewels.com\/tr\/wp-json\/wp\/v2\/media?parent=419749"}],"wp:term":[{"taxonomy":"product_brand","embeddable":true,"href":"https:\/\/www.purejewels.com\/tr\/wp-json\/wp\/v2\/product_brand?post=419749"},{"taxonomy":"product_cat","embeddable":true,"href":"https:\/\/www.purejewels.com\/tr\/wp-json\/wp\/v2\/product_cat?post=419749"},{"taxonomy":"product_tag","embeddable":true,"href":"https:\/\/www.purejewels.com\/tr\/wp-json\/wp\/v2\/product_tag?post=419749"}],"curies":[{"name":"wp","href":"https:\/\/api.w.org\/{rel}","templated":true}]}}