{"id":419796,"date":"2025-10-30T11:35:48","date_gmt":"2025-10-30T11:35:48","guid":{"rendered":"https:\/\/www.purejewels.com\/?post_type=product&#038;p=419796"},"modified":"2026-02-27T05:49:59","modified_gmt":"2026-02-27T05:49:59","slug":"22-ayar-altin-cz-om-tavus-kusu-kolye-53055","status":"publish","type":"product","link":"https:\/\/www.purejewels.com\/tr\/product\/22ct-gold-cz-om-peacock-pendant-53055\/","title":{"rendered":"22 Ayar Alt\u0131n CZ Om Tavus Ku\u015fu Kolye"},"content":{"rendered":"<h3 data-start=\"508\" data-end=\"535\"><strong data-start=\"512\" data-end=\"533\">Tasar\u0131m Konsepti<\/strong><\/h3>\n<p data-start=\"536\" data-end=\"870\">Bu kolye ucu, yarat\u0131l\u0131\u015f\u0131 ve birli\u011fi temsil eden kozmik titre\u015fim Om ile zarafetin ve ruhani uyan\u0131\u015f\u0131n zamans\u0131z amblemi tavus ku\u015fu gibi iki g\u00fc\u00e7l\u00fc ikonu bir araya getiriyor. 22 ayar sar\u0131 alt\u0131ndan narin k\u0131vr\u0131mlar taban\u0131 olu\u015ftururken, mineyle boyanm\u0131\u015f t\u00fcyler ve \u0131\u015f\u0131lt\u0131l\u0131 CZ ta\u015flar ilahi siluete canl\u0131l\u0131k ve boyut kazand\u0131r\u0131yor.<\/p>\n<h3 data-start=\"877\" data-end=\"904\"><strong data-start=\"881\" data-end=\"902\">Zanaatkarl\u0131k<\/strong><\/h3>\n<p data-start=\"905\" data-end=\"1200\">22 ayar alt\u0131ndan ustal\u0131kla el i\u015f\u00e7ili\u011fiyle \u00fcretilen ve Londra Assay Office taraf\u0131ndan damgalanan bu kolye ucu, hassas kal\u0131p damgalama ve ayr\u0131nt\u0131l\u0131 ta\u015f dizimi sergiliyor. Parlak kesim CZ ta\u015flar kal\u0131c\u0131 parlakl\u0131k i\u00e7in elle yerle\u015ftirilirken, renkli mine i\u015f\u00e7ili\u011fi Hint miras\u0131na dayanan sanatsal bir yetenek getiriyor.<\/p>\n<h3 data-start=\"1207\" data-end=\"1233\"><strong data-start=\"1211\" data-end=\"1231\">Stil Fikirleri<\/strong><\/h3>\n<p data-start=\"1234\" data-end=\"1475\">\u0130nce bir alt\u0131n zincir \u00fczerinde kalbe yak\u0131n bir \u015fekilde tak\u0131n veya anlaml\u0131 bir g\u00f6r\u00fcn\u00fcm i\u00e7in ruhani tak\u0131larla katmanlay\u0131n. Bayram k\u0131yafetleri, puja t\u00f6renleri veya hayat\u0131n kutsal d\u00f6n\u00fcm noktalar\u0131n\u0131 i\u015faretlemek i\u00e7in hediye etmek i\u00e7in idealdir. Hem etnik hem de modern k\u0131yafetlerle g\u00fczel bir uyum sa\u011flar.<\/p>","protected":false},"excerpt":{"rendered":"<p>Maneviyat ve sanat\u0131n uyumlu bir kar\u0131\u015f\u0131m\u0131 olan 22 Ayar Alt\u0131n CZ Om Tavus Ku\u015fu Kolye ile kutsall\u0131\u011f\u0131 ve zarafeti kutlay\u0131n. Kutsal \u2018Om\u2019 sembol\u00fcn\u00fc canl\u0131 bir tavus ku\u015fu motifiyle zarif\u00e7e i\u00e7 i\u00e7e ge\u00e7iren tasar\u0131m, par\u0131ldayan k\u00fcbik zirkonya ve ince mine vurgularla zenginle\u015ftirilmi\u015ftir. G\u00fczelli\u011fe ve i\u00e7 huzura ilham veren anlaml\u0131 bir kolye ucu.<\/p>\n<p><strong>Malzeme: <\/strong>22 Ayar Alt\u0131n<br \/>\n<strong>Hallmark:\u00a0<\/strong>\u0130ngiliz Damgas\u0131<br \/>\n<strong>Br\u00fct A\u011f\u0131rl\u0131k: <\/strong>2.21 Gms<br \/>\n<strong>Net A\u011f\u0131rl\u0131k:<\/strong> 2.16 Gms<br \/>\n<strong>SKU:<\/strong> 53055, 51106<\/p>\n<p><strong>Fiyat ve Teslimat:\u00a0<\/strong>KDV ve teslimat \u00fccretleri dahil<br \/>\nZincir dahil de\u011fildir.<br \/>\n<strong><a href=\"https:\/\/www.purejewels.com\/tr\/i%cc%87ade-poli%cc%87ti%cc%87kasi\/\">\u0130ade Politikas\u0131<\/a><\/strong><\/p>","protected":false},"featured_media":419797,"comment_status":"closed","ping_status":"closed","template":"","meta":{"_eb_attr":"","_crsspst_to_jayantr4sg-hostcom":true},"product_brand":[],"product_cat":[1559,1793,1770,1792,1229,1255,5343,1767,5600,1701,1574,5349],"product_tag":[6165,6166],"class_list":{"0":"post-419796","1":"product","2":"type-product","3":"status-publish","4":"has-post-thumbnail","6":"product_cat-birthday-gifts","7":"product_cat-diwali-gifts","8":"product_cat-fancy-pendants","9":"product_cat-festival-gifts","10":"product_cat-22ct-gold-jewellery","11":"product_cat-gold-pendants","12":"product_cat-jewellery-under-550","13":"product_cat-ladies-pendants","14":"product_cat-om-pendants","15":"product_cat-religious-pendants","16":"product_cat-womens-jewellery","17":"product_cat-yellow-gold-jewellery","18":"product_tag-22ct-necklace","19":"product_tag-cz-necklace","21":"first","22":"instock","23":"taxable","24":"shipping-taxable","25":"purchasable","26":"product-type-simple","27":"add-to-wishlist-before_image"},"yoast_head":"<!-- This site is optimized with the Yoast SEO plugin v27.3 - https:\/\/yoast.com\/product\/yoast-seo-wordpress\/ -->\n<title>22ct Gold CZ Om Peacock Pendant | Spiritual Gold Jewellery<\/title>\n<meta name=\"description\" content=\"Discover the 22ct Gold CZ Om Peacock Pendant by PureJewels. A divine blend of Om symbolism and peacock artistry, handcrafted in hallmarked gold with CZ stones.\" \/>\n<meta name=\"robots\" content=\"index, follow, max-snippet:-1, max-image-preview:large, max-video-preview:-1\" \/>\n<link rel=\"canonical\" href=\"https:\/\/www.purejewels.com\/tr\/urun\/22-ayar-altin-cz-om-tavus-kusu-kolye-53055\/\" \/>\n<meta property=\"og:locale\" content=\"tr_TR\" \/>\n<meta property=\"og:type\" content=\"article\" \/>\n<meta property=\"og:title\" content=\"22ct Gold CZ Om Peacock Pendant | Spiritual Gold Jewellery\" \/>\n<meta property=\"og:description\" content=\"Discover the 22ct Gold CZ Om Peacock Pendant by PureJewels. A divine blend of Om symbolism and peacock artistry, handcrafted in hallmarked gold with CZ stones.\" \/>\n<meta property=\"og:url\" content=\"https:\/\/www.purejewels.com\/tr\/urun\/22-ayar-altin-cz-om-tavus-kusu-kolye-53055\/\" \/>\n<meta property=\"og:site_name\" content=\"PureJewels UK\" \/>\n<meta property=\"article:modified_time\" content=\"2026-02-27T05:49:59+00:00\" \/>\n<meta property=\"og:image\" content=\"https:\/\/static.purejewels.com\/wp-content\/uploads\/2025\/10\/SKU-51106.jpg\" \/>\n\t<meta property=\"og:image:width\" content=\"1000\" \/>\n\t<meta property=\"og:image:height\" content=\"1000\" \/>\n\t<meta property=\"og:image:type\" content=\"image\/jpeg\" \/>\n<meta name=\"twitter:card\" content=\"summary_large_image\" \/>\n<meta name=\"twitter:label1\" content=\"Tahmini okuma s\u00fcresi\" \/>\n\t<meta name=\"twitter:data1\" content=\"1 dakika\" \/>\n<script type=\"application\/ld+json\" class=\"yoast-schema-graph\">{\"@context\":\"https:\\\/\\\/schema.org\",\"@graph\":[{\"@type\":[\"WebPage\",\"ItemPage\"],\"@id\":\"https:\\\/\\\/www.purejewels.com\\\/product\\\/22ct-gold-cz-om-peacock-pendant-53055\\\/\",\"url\":\"https:\\\/\\\/www.purejewels.com\\\/product\\\/22ct-gold-cz-om-peacock-pendant-53055\\\/\",\"name\":\"22ct Gold CZ Om Peacock Pendant | Spiritual Gold Jewellery\",\"isPartOf\":{\"@id\":\"https:\\\/\\\/www.purejewels.com\\\/#website\"},\"primaryImageOfPage\":{\"@id\":\"https:\\\/\\\/www.purejewels.com\\\/product\\\/22ct-gold-cz-om-peacock-pendant-53055\\\/#primaryimage\"},\"image\":{\"@id\":\"https:\\\/\\\/www.purejewels.com\\\/product\\\/22ct-gold-cz-om-peacock-pendant-53055\\\/#primaryimage\"},\"thumbnailUrl\":\"https:\\\/\\\/static.purejewels.com\\\/wp-content\\\/uploads\\\/2025\\\/10\\\/SKU-51106.jpg\",\"datePublished\":\"2025-10-30T11:35:48+00:00\",\"dateModified\":\"2026-02-27T05:49:59+00:00\",\"description\":\"Discover the 22ct Gold CZ Om Peacock Pendant by PureJewels. A divine blend of Om symbolism and peacock artistry, handcrafted in hallmarked gold with CZ stones.\",\"breadcrumb\":{\"@id\":\"https:\\\/\\\/www.purejewels.com\\\/product\\\/22ct-gold-cz-om-peacock-pendant-53055\\\/#breadcrumb\"},\"inLanguage\":\"tr\",\"potentialAction\":[{\"@type\":\"ReadAction\",\"target\":[\"https:\\\/\\\/www.purejewels.com\\\/product\\\/22ct-gold-cz-om-peacock-pendant-53055\\\/\"]}]},{\"@type\":\"ImageObject\",\"inLanguage\":\"tr\",\"@id\":\"https:\\\/\\\/www.purejewels.com\\\/product\\\/22ct-gold-cz-om-peacock-pendant-53055\\\/#primaryimage\",\"url\":\"https:\\\/\\\/static.purejewels.com\\\/wp-content\\\/uploads\\\/2025\\\/10\\\/SKU-51106.jpg\",\"contentUrl\":\"https:\\\/\\\/static.purejewels.com\\\/wp-content\\\/uploads\\\/2025\\\/10\\\/SKU-51106.jpg\",\"width\":1000,\"height\":1000,\"caption\":\"22ct Gold CZ Om Peacock Pendant\"},{\"@type\":\"BreadcrumbList\",\"@id\":\"https:\\\/\\\/www.purejewels.com\\\/product\\\/22ct-gold-cz-om-peacock-pendant-53055\\\/#breadcrumb\",\"itemListElement\":[{\"@type\":\"ListItem\",\"position\":1,\"name\":\"Home\",\"item\":\"https:\\\/\\\/www.purejewels.com\\\/\"},{\"@type\":\"ListItem\",\"position\":2,\"name\":\"Shop\",\"item\":\"https:\\\/\\\/www.purejewels.com\\\/shop\\\/\"},{\"@type\":\"ListItem\",\"position\":3,\"name\":\"22ct Gold CZ Om Peacock Pendant\"}]},{\"@type\":\"WebSite\",\"@id\":\"https:\\\/\\\/www.purejewels.com\\\/#website\",\"url\":\"https:\\\/\\\/www.purejewels.com\\\/\",\"name\":\"PureJewels UK\",\"description\":\"Share the Love\",\"publisher\":{\"@id\":\"https:\\\/\\\/www.purejewels.com\\\/#organization\"},\"potentialAction\":[{\"@type\":\"SearchAction\",\"target\":{\"@type\":\"EntryPoint\",\"urlTemplate\":\"https:\\\/\\\/www.purejewels.com\\\/?s={search_term_string}\"},\"query-input\":{\"@type\":\"PropertyValueSpecification\",\"valueRequired\":true,\"valueName\":\"search_term_string\"}}],\"inLanguage\":\"tr\"},{\"@type\":\"Organization\",\"@id\":\"https:\\\/\\\/www.purejewels.com\\\/#organization\",\"name\":\"PureJewels UK\",\"url\":\"https:\\\/\\\/www.purejewels.com\\\/\",\"logo\":{\"@type\":\"ImageObject\",\"inLanguage\":\"tr\",\"@id\":\"https:\\\/\\\/www.purejewels.com\\\/#\\\/schema\\\/logo\\\/image\\\/\",\"url\":\"https:\\\/\\\/static.purejewels.com\\\/wp-content\\\/uploads\\\/2020\\\/11\\\/Logo-PJ-New-1.png\",\"contentUrl\":\"https:\\\/\\\/static.purejewels.com\\\/wp-content\\\/uploads\\\/2020\\\/11\\\/Logo-PJ-New-1.png\",\"width\":150,\"height\":80,\"caption\":\"PureJewels UK\"},\"image\":{\"@id\":\"https:\\\/\\\/www.purejewels.com\\\/#\\\/schema\\\/logo\\\/image\\\/\"}}]}<\/script>\n<!-- \/ Yoast SEO plugin. -->","yoast_head_json":{"title":"22 Ayar Alt\u0131n CZ Om Tavus Ku\u015fu Kolye | Spirit\u00fcel Alt\u0131n Tak\u0131lar","description":"PureJewels'in 22 Ayar Alt\u0131n CZ Om Tavus Ku\u015fu Kolyesini ke\u015ffedin. Om sembolizmi ve tavus ku\u015fu sanat\u0131n\u0131n ilahi bir kar\u0131\u015f\u0131m\u0131, CZ ta\u015flarla damgal\u0131 alt\u0131ndan el yap\u0131m\u0131.","robots":{"index":"index","follow":"follow","max-snippet":"max-snippet:-1","max-image-preview":"max-image-preview:large","max-video-preview":"max-video-preview:-1"},"canonical":"https:\/\/www.purejewels.com\/tr\/urun\/22-ayar-altin-cz-om-tavus-kusu-kolye-53055\/","og_locale":"tr_TR","og_type":"article","og_title":"22ct Gold CZ Om Peacock Pendant | Spiritual Gold Jewellery","og_description":"Discover the 22ct Gold CZ Om Peacock Pendant by PureJewels. A divine blend of Om symbolism and peacock artistry, handcrafted in hallmarked gold with CZ stones.","og_url":"https:\/\/www.purejewels.com\/tr\/urun\/22-ayar-altin-cz-om-tavus-kusu-kolye-53055\/","og_site_name":"PureJewels UK","article_modified_time":"2026-02-27T05:49:59+00:00","og_image":[{"width":1000,"height":1000,"url":"https:\/\/static.purejewels.com\/wp-content\/uploads\/2025\/10\/SKU-51106.jpg","type":"image\/jpeg"}],"twitter_card":"summary_large_image","twitter_misc":{"Tahmini okuma s\u00fcresi":"1 dakika"},"schema":{"@context":"https:\/\/schema.org","@graph":[{"@type":["WebPage","ItemPage"],"@id":"https:\/\/www.purejewels.com\/product\/22ct-gold-cz-om-peacock-pendant-53055\/","url":"https:\/\/www.purejewels.com\/product\/22ct-gold-cz-om-peacock-pendant-53055\/","name":"22 Ayar Alt\u0131n CZ Om Tavus Ku\u015fu Kolye | Spirit\u00fcel Alt\u0131n Tak\u0131lar","isPartOf":{"@id":"https:\/\/www.purejewels.com\/#website"},"primaryImageOfPage":{"@id":"https:\/\/www.purejewels.com\/product\/22ct-gold-cz-om-peacock-pendant-53055\/#primaryimage"},"image":{"@id":"https:\/\/www.purejewels.com\/product\/22ct-gold-cz-om-peacock-pendant-53055\/#primaryimage"},"thumbnailUrl":"https:\/\/static.purejewels.com\/wp-content\/uploads\/2025\/10\/SKU-51106.jpg","datePublished":"2025-10-30T11:35:48+00:00","dateModified":"2026-02-27T05:49:59+00:00","description":"PureJewels'in 22 Ayar Alt\u0131n CZ Om Tavus Ku\u015fu Kolyesini ke\u015ffedin. Om sembolizmi ve tavus ku\u015fu sanat\u0131n\u0131n ilahi bir kar\u0131\u015f\u0131m\u0131, CZ ta\u015flarla damgal\u0131 alt\u0131ndan el yap\u0131m\u0131.","breadcrumb":{"@id":"https:\/\/www.purejewels.com\/product\/22ct-gold-cz-om-peacock-pendant-53055\/#breadcrumb"},"inLanguage":"tr","potentialAction":[{"@type":"ReadAction","target":["https:\/\/www.purejewels.com\/product\/22ct-gold-cz-om-peacock-pendant-53055\/"]}]},{"@type":"ImageObject","inLanguage":"tr","@id":"https:\/\/www.purejewels.com\/product\/22ct-gold-cz-om-peacock-pendant-53055\/#primaryimage","url":"https:\/\/static.purejewels.com\/wp-content\/uploads\/2025\/10\/SKU-51106.jpg","contentUrl":"https:\/\/static.purejewels.com\/wp-content\/uploads\/2025\/10\/SKU-51106.jpg","width":1000,"height":1000,"caption":"22ct Gold CZ Om Peacock Pendant"},{"@type":"BreadcrumbList","@id":"https:\/\/www.purejewels.com\/product\/22ct-gold-cz-om-peacock-pendant-53055\/#breadcrumb","itemListElement":[{"@type":"ListItem","position":1,"name":"Home","item":"https:\/\/www.purejewels.com\/"},{"@type":"ListItem","position":2,"name":"Shop","item":"https:\/\/www.purejewels.com\/shop\/"},{"@type":"ListItem","position":3,"name":"22ct Gold CZ Om Peacock Pendant"}]},{"@type":"WebSite","@id":"https:\/\/www.purejewels.com\/#website","url":"https:\/\/www.purejewels.com\/","name":"PureJewels \u0130ngiltere","description":"Sevgiyi Payla\u015f\u0131n","publisher":{"@id":"https:\/\/www.purejewels.com\/#organization"},"potentialAction":[{"@type":"SearchAction","target":{"@type":"EntryPoint","urlTemplate":"https:\/\/www.purejewels.com\/?s={search_term_string}"},"query-input":{"@type":"PropertyValueSpecification","valueRequired":true,"valueName":"search_term_string"}}],"inLanguage":"tr"},{"@type":"Organization","@id":"https:\/\/www.purejewels.com\/#organization","name":"PureJewels \u0130ngiltere","url":"https:\/\/www.purejewels.com\/","logo":{"@type":"ImageObject","inLanguage":"tr","@id":"https:\/\/www.purejewels.com\/#\/schema\/logo\/image\/","url":"https:\/\/static.purejewels.com\/wp-content\/uploads\/2020\/11\/Logo-PJ-New-1.png","contentUrl":"https:\/\/static.purejewels.com\/wp-content\/uploads\/2020\/11\/Logo-PJ-New-1.png","width":150,"height":80,"caption":"PureJewels UK"},"image":{"@id":"https:\/\/www.purejewels.com\/#\/schema\/logo\/image\/"}}]}},"_links":{"self":[{"href":"https:\/\/www.purejewels.com\/tr\/wp-json\/wp\/v2\/product\/419796","targetHints":{"allow":["GET"]}}],"collection":[{"href":"https:\/\/www.purejewels.com\/tr\/wp-json\/wp\/v2\/product"}],"about":[{"href":"https:\/\/www.purejewels.com\/tr\/wp-json\/wp\/v2\/types\/product"}],"replies":[{"embeddable":true,"href":"https:\/\/www.purejewels.com\/tr\/wp-json\/wp\/v2\/comments?post=419796"}],"version-history":[{"count":2,"href":"https:\/\/www.purejewels.com\/tr\/wp-json\/wp\/v2\/product\/419796\/revisions"}],"predecessor-version":[{"id":419821,"href":"https:\/\/www.purejewels.com\/tr\/wp-json\/wp\/v2\/product\/419796\/revisions\/419821"}],"wp:featuredmedia":[{"embeddable":true,"href":"https:\/\/www.purejewels.com\/tr\/wp-json\/wp\/v2\/media\/419797"}],"wp:attachment":[{"href":"https:\/\/www.purejewels.com\/tr\/wp-json\/wp\/v2\/media?parent=419796"}],"wp:term":[{"taxonomy":"product_brand","embeddable":true,"href":"https:\/\/www.purejewels.com\/tr\/wp-json\/wp\/v2\/product_brand?post=419796"},{"taxonomy":"product_cat","embeddable":true,"href":"https:\/\/www.purejewels.com\/tr\/wp-json\/wp\/v2\/product_cat?post=419796"},{"taxonomy":"product_tag","embeddable":true,"href":"https:\/\/www.purejewels.com\/tr\/wp-json\/wp\/v2\/product_tag?post=419796"}],"curies":[{"name":"wp","href":"https:\/\/api.w.org\/{rel}","templated":true}]}}