{"id":422401,"date":"2025-08-04T08:25:56","date_gmt":"2025-08-04T07:25:56","guid":{"rendered":"https:\/\/www.purejewels.com\/?post_type=product&#038;p=422401"},"modified":"2026-02-02T08:32:00","modified_gmt":"2026-02-02T08:32:00","slug":"22-ayar-altin-rozet-cicek-kolye-52598","status":"publish","type":"product","link":"https:\/\/www.purejewels.com\/tr\/product\/22ct-sunrise-gold-rosette-flower-necklace-52598\/","title":{"rendered":"22 Ayar G\u00fcndo\u011fumu Alt\u0131n Rozet \u00c7i\u00e7ek Kolye"},"content":{"rendered":"<h4 data-start=\"358\" data-end=\"383\"><strong data-start=\"363\" data-end=\"381\">Tasar\u0131m Konsepti<\/strong><\/h4>\n<p data-start=\"384\" data-end=\"776\">Rosettes Koleksiyonu'nun en \u00f6nemli par\u00e7as\u0131 olan bu b\u00fcy\u00fcleyici Rozet \u00c7i\u00e7ek Kolye, yenilenme, a\u015fk ve di\u015fili\u011fin sembol\u00fc olan \u00e7i\u00e7ek motiflerinin ebedi g\u00fczelli\u011finden ilham al\u0131yor. Tasar\u0131m, her bir rozet \u00e7i\u00e7e\u011finin gelene\u011fin nazik bir yank\u0131s\u0131 oldu\u011fu ve \u00e7a\u011fda\u015f bir siluette yeniden tasarland\u0131\u011f\u0131 zamans\u0131z bir zarafeti \u00e7a\u011fr\u0131\u015ft\u0131r\u0131yor. Yumu\u015fak bir \u015fekilde konu\u015fan, ancak kal\u0131c\u0131 bir etki b\u0131rakan bir kolyedir.<\/p>\n<h4 data-start=\"778\" data-end=\"802\"><strong data-start=\"783\" data-end=\"800\">Zanaatkarl\u0131k<\/strong><\/h4>\n<p data-start=\"803\" data-end=\"1226\">PureJewels'a \u00f6zg\u00fc s\u0131cak ve parlak bir ala\u015f\u0131m olan 22 ayar Sunrise Gold ile el i\u015f\u00e7ili\u011fi ile \u00fcretilen bu kolye, dengeli ve hareketli bir g\u00f6r\u00fcn\u00fcm yaratmak i\u00e7in zarif bir \u015fekilde yerle\u015ftirilmi\u015f, ince i\u015flenmi\u015f rozet \u00e7i\u00e7ekleri ile s\u00fcslenmi\u015ftir. 7,9 gram a\u011f\u0131rl\u0131\u011f\u0131nda ve 18,5 in\u00e7 uzunlu\u011funda olan kolye, boyun \u00e7izgisine rahat\u00e7a uzanarak a\u011f\u0131rl\u0131k hissi yaratmadan \u015f\u0131kl\u0131k katar. Her par\u00e7a, safl\u0131k ve g\u00fcvenin simgesi olan Londra Assay Office taraf\u0131ndan damgalanm\u0131\u015ft\u0131r.<\/p>\n<h4 data-start=\"1541\" data-end=\"1571\"><strong data-start=\"1546\" data-end=\"1569\">Stil \u0130lham\u0131<\/strong><\/h4>\n<ul>\n<li data-start=\"1574\" data-end=\"1699\">\u0130fade g\u00fczelli\u011fi: Resmi etkinlikler i\u00e7in sari, gece elbisesi veya \u00e7a\u011fda\u015f ipek bluz ile tek ba\u015f\u0131na bir par\u00e7a olarak giyin.<\/li>\n<li data-start=\"1702\" data-end=\"1815\">Miras katmanlama: Rosette Koleksiyonu'nu tamamlamak i\u00e7in rozet kolye ucu veya damla k\u00fcpelerle e\u015fle\u015ftirin.<\/li>\n<li data-start=\"1818\" data-end=\"1928\">G\u00fcnl\u00fck \u015f\u0131kl\u0131k: G\u00fcnl\u00fck gard\u0131robunuza sessiz bir l\u00fcks katmak i\u00e7in sade \u00e7\u0131t\u00e7\u0131tlar ve n\u00f6tr tonlarla stil olu\u015fturun.<\/li>\n<\/ul>","protected":false},"excerpt":{"rendered":"<div class=\"woocommerce-product-details__short-description\">\n<table class=\"sh_desc\" style=\"width: 100%; height: 234px;\">\n<tbody>\n<tr style=\"height: 28px;\">\n<td style=\"height: 28px;\">Kolye Tipi<\/td>\n<td style=\"height: 28px;\">Kolye Kolyeler<\/td>\n<\/tr>\n<tr style=\"height: 28px;\">\n<td style=\"height: 28px;\">SKU<\/td>\n<td style=\"height: 28px;\">52598<\/td>\n<\/tr>\n<tr style=\"height: 28px;\">\n<td style=\"height: 28px;\">A\u011f\u0131rl\u0131k<\/td>\n<td style=\"height: 28px;\">8.20 Gms<\/td>\n<\/tr>\n<tr style=\"height: 28px;\">\n<td style=\"height: 28px;\">Metal<\/td>\n<td style=\"height: 28px;\">22 Ayar G\u00fcndo\u011fumu Alt\u0131n<\/td>\n<\/tr>\n<tr style=\"height: 28px;\">\n<td style=\"height: 28px;\">Uzunluk<\/td>\n<td style=\"height: 28px;\">18,5 \u0130n\u00e7<\/td>\n<\/tr>\n<tr style=\"height: 28px;\">\n<td style=\"height: 28px;\">KatalogID<\/td>\n<td style=\"height: 28px;\">R1006<\/td>\n<\/tr>\n<tr style=\"height: 28px;\">\n<td style=\"height: 28px;\">Koleksiyon<\/td>\n<td style=\"height: 28px;\"><strong>Rozet Koleksiyonu<\/strong><\/td>\n<\/tr>\n<tr style=\"height: 28px;\">\n<td style=\"height: 28px;\">\u00dccretler<\/td>\n<td style=\"height: 28px;\">Teslimat ve KDV Dahil<\/td>\n<\/tr>\n<tr style=\"height: 28px;\">\n<td style=\"height: 28px;\">Paketleme<\/td>\n<td style=\"height: 28px;\">Sunum Kutusu ile Birlikte Gelir<\/td>\n<\/tr>\n<tr style=\"height: 28px;\">\n<td style=\"height: 10px;\">Daha Fazla Bilgi<\/td>\n<td style=\"height: 10px;\">Diwali Hediyeleri i\u00e7in uygunluk ve daha fazla g\u00f6rsel i\u00e7in bizimle canl\u0131 sohbet edin<\/td>\n<\/tr>\n<\/tbody>\n<\/table>\n<\/div>","protected":false},"featured_media":374813,"comment_status":"closed","ping_status":"closed","template":"","meta":{"_eb_attr":"","_crsspst_to_jayantr4sg-hostcom":false},"product_brand":[],"product_cat":[1791,1780,1794,1790,1229,1253,1656,5275,1778,1573,1574],"product_tag":[6181],"class_list":{"0":"post-422401","1":"product","2":"type-product","3":"status-publish","4":"has-post-thumbnail","6":"product_cat-anniversary-gifts","7":"product_cat-antique-style-necklaces","8":"product_cat-christmas-gifts","9":"product_cat-for-whom-when","10":"product_cat-22ct-gold-jewellery","11":"product_cat-gold-necklaces","12":"product_cat-rosettes-collections","13":"product_cat-rosettes-necklace","14":"product_cat-short-necklaces","15":"product_cat-wedding-gifts","16":"product_cat-womens-jewellery","17":"product_tag-christmas-gift","19":"first","20":"onbackorder","21":"taxable","22":"shipping-taxable","23":"purchasable","24":"product-type-simple","25":"add-to-wishlist-before_image"},"yoast_head":"<!-- This site is optimized with the Yoast SEO plugin v27.5 - https:\/\/yoast.com\/product\/yoast-seo-wordpress\/ -->\n<title>22ct Sunrise Gold Rosette Flower Necklace | 18.5 Inches<\/title>\n<meta name=\"description\" content=\"Grace your neckline with a 22ct Sunrise Gold Rosette Necklace. Inspired by blooming florals, crafted in warm gold. Free delivery across the UK.\" \/>\n<meta name=\"robots\" content=\"index, follow, max-snippet:-1, max-image-preview:large, max-video-preview:-1\" \/>\n<link rel=\"canonical\" href=\"https:\/\/www.purejewels.com\/tr\/urun\/22-ayar-altin-rozet-cicek-kolye-52598\/\" \/>\n<meta property=\"og:locale\" content=\"tr_TR\" \/>\n<meta property=\"og:type\" content=\"article\" \/>\n<meta property=\"og:title\" content=\"22ct Sunrise Gold Rosette Flower Necklace | 18.5 Inches\" \/>\n<meta property=\"og:description\" content=\"Grace your neckline with a 22ct Sunrise Gold Rosette Necklace. Inspired by blooming florals, crafted in warm gold. Free delivery across the UK.\" \/>\n<meta property=\"og:url\" content=\"https:\/\/www.purejewels.com\/tr\/urun\/22-ayar-altin-rozet-cicek-kolye-52598\/\" \/>\n<meta property=\"og:site_name\" content=\"PureJewels UK\" \/>\n<meta property=\"article:modified_time\" content=\"2026-02-02T08:32:00+00:00\" \/>\n<meta property=\"og:image\" content=\"https:\/\/static.purejewels.com\/wp-content\/uploads\/2024\/08\/48860.jpg\" \/>\n\t<meta property=\"og:image:width\" content=\"1000\" \/>\n\t<meta property=\"og:image:height\" content=\"1000\" \/>\n\t<meta property=\"og:image:type\" content=\"image\/jpeg\" \/>\n<meta name=\"twitter:card\" content=\"summary_large_image\" \/>\n<meta name=\"twitter:label1\" content=\"Tahmini okuma s\u00fcresi\" \/>\n\t<meta name=\"twitter:data1\" content=\"1 dakika\" \/>\n<script type=\"application\/ld+json\" class=\"yoast-schema-graph\">{\"@context\":\"https:\\\/\\\/schema.org\",\"@graph\":[{\"@type\":[\"WebPage\",\"ItemPage\"],\"@id\":\"https:\\\/\\\/www.purejewels.com\\\/product\\\/22ct-sunrise-gold-rosette-flower-necklace-52598\\\/\",\"url\":\"https:\\\/\\\/www.purejewels.com\\\/product\\\/22ct-sunrise-gold-rosette-flower-necklace-52598\\\/\",\"name\":\"22ct Sunrise Gold Rosette Flower Necklace | 18.5 Inches\",\"isPartOf\":{\"@id\":\"https:\\\/\\\/www.purejewels.com\\\/#website\"},\"primaryImageOfPage\":{\"@id\":\"https:\\\/\\\/www.purejewels.com\\\/product\\\/22ct-sunrise-gold-rosette-flower-necklace-52598\\\/#primaryimage\"},\"image\":{\"@id\":\"https:\\\/\\\/www.purejewels.com\\\/product\\\/22ct-sunrise-gold-rosette-flower-necklace-52598\\\/#primaryimage\"},\"thumbnailUrl\":\"https:\\\/\\\/static.purejewels.com\\\/wp-content\\\/uploads\\\/2024\\\/08\\\/48860.jpg\",\"datePublished\":\"2025-08-04T07:25:56+00:00\",\"dateModified\":\"2026-02-02T08:32:00+00:00\",\"description\":\"Grace your neckline with a 22ct Sunrise Gold Rosette Necklace. Inspired by blooming florals, crafted in warm gold. Free delivery across the UK.\",\"breadcrumb\":{\"@id\":\"https:\\\/\\\/www.purejewels.com\\\/product\\\/22ct-sunrise-gold-rosette-flower-necklace-52598\\\/#breadcrumb\"},\"inLanguage\":\"tr\",\"potentialAction\":[{\"@type\":\"ReadAction\",\"target\":[\"https:\\\/\\\/www.purejewels.com\\\/product\\\/22ct-sunrise-gold-rosette-flower-necklace-52598\\\/\"]}]},{\"@type\":\"ImageObject\",\"inLanguage\":\"tr\",\"@id\":\"https:\\\/\\\/www.purejewels.com\\\/product\\\/22ct-sunrise-gold-rosette-flower-necklace-52598\\\/#primaryimage\",\"url\":\"https:\\\/\\\/static.purejewels.com\\\/wp-content\\\/uploads\\\/2024\\\/08\\\/48860.jpg\",\"contentUrl\":\"https:\\\/\\\/static.purejewels.com\\\/wp-content\\\/uploads\\\/2024\\\/08\\\/48860.jpg\",\"width\":1000,\"height\":1000,\"caption\":\"22ct Gold Necklace\"},{\"@type\":\"BreadcrumbList\",\"@id\":\"https:\\\/\\\/www.purejewels.com\\\/product\\\/22ct-sunrise-gold-rosette-flower-necklace-52598\\\/#breadcrumb\",\"itemListElement\":[{\"@type\":\"ListItem\",\"position\":1,\"name\":\"Home\",\"item\":\"https:\\\/\\\/www.purejewels.com\\\/\"},{\"@type\":\"ListItem\",\"position\":2,\"name\":\"Shop\",\"item\":\"https:\\\/\\\/www.purejewels.com\\\/shop\\\/\"},{\"@type\":\"ListItem\",\"position\":3,\"name\":\"22ct Sunrise Gold Rosette Flower Necklace\"}]},{\"@type\":\"WebSite\",\"@id\":\"https:\\\/\\\/www.purejewels.com\\\/#website\",\"url\":\"https:\\\/\\\/www.purejewels.com\\\/\",\"name\":\"PureJewels UK\",\"description\":\"Share the Love\",\"publisher\":{\"@id\":\"https:\\\/\\\/www.purejewels.com\\\/#organization\"},\"potentialAction\":[{\"@type\":\"SearchAction\",\"target\":{\"@type\":\"EntryPoint\",\"urlTemplate\":\"https:\\\/\\\/www.purejewels.com\\\/?s={search_term_string}\"},\"query-input\":{\"@type\":\"PropertyValueSpecification\",\"valueRequired\":true,\"valueName\":\"search_term_string\"}}],\"inLanguage\":\"tr\"},{\"@type\":\"Organization\",\"@id\":\"https:\\\/\\\/www.purejewels.com\\\/#organization\",\"name\":\"PureJewels UK\",\"url\":\"https:\\\/\\\/www.purejewels.com\\\/\",\"logo\":{\"@type\":\"ImageObject\",\"inLanguage\":\"tr\",\"@id\":\"https:\\\/\\\/www.purejewels.com\\\/#\\\/schema\\\/logo\\\/image\\\/\",\"url\":\"https:\\\/\\\/static.purejewels.com\\\/wp-content\\\/uploads\\\/2020\\\/11\\\/Logo-PJ-New-1.png\",\"contentUrl\":\"https:\\\/\\\/static.purejewels.com\\\/wp-content\\\/uploads\\\/2020\\\/11\\\/Logo-PJ-New-1.png\",\"width\":150,\"height\":80,\"caption\":\"PureJewels UK\"},\"image\":{\"@id\":\"https:\\\/\\\/www.purejewels.com\\\/#\\\/schema\\\/logo\\\/image\\\/\"}}]}<\/script>\n<!-- \/ Yoast SEO plugin. -->","yoast_head_json":{"title":"22 ayar Sunrise Gold Rozet \u00c7i\u00e7ek Kolye | 18,5 in\u00e7","description":"22 ayar Sunrise Gold Rosette Kolye ile boynunuzu s\u00fcsleyin. \u00c7i\u00e7eklerden ilham alan, s\u0131cak alt\u0131n renginde tasarlanm\u0131\u015f bir kolye. \u0130ngiltere genelinde \u00fccretsiz teslimat.","robots":{"index":"index","follow":"follow","max-snippet":"max-snippet:-1","max-image-preview":"max-image-preview:large","max-video-preview":"max-video-preview:-1"},"canonical":"https:\/\/www.purejewels.com\/tr\/urun\/22-ayar-altin-rozet-cicek-kolye-52598\/","og_locale":"tr_TR","og_type":"article","og_title":"22ct Sunrise Gold Rosette Flower Necklace | 18.5 Inches","og_description":"Grace your neckline with a 22ct Sunrise Gold Rosette Necklace. Inspired by blooming florals, crafted in warm gold. Free delivery across the UK.","og_url":"https:\/\/www.purejewels.com\/tr\/urun\/22-ayar-altin-rozet-cicek-kolye-52598\/","og_site_name":"PureJewels UK","article_modified_time":"2026-02-02T08:32:00+00:00","og_image":[{"width":1000,"height":1000,"url":"https:\/\/static.purejewels.com\/wp-content\/uploads\/2024\/08\/48860.jpg","type":"image\/jpeg"}],"twitter_card":"summary_large_image","twitter_misc":{"Tahmini okuma s\u00fcresi":"1 dakika"},"schema":{"@context":"https:\/\/schema.org","@graph":[{"@type":["WebPage","ItemPage"],"@id":"https:\/\/www.purejewels.com\/product\/22ct-sunrise-gold-rosette-flower-necklace-52598\/","url":"https:\/\/www.purejewels.com\/product\/22ct-sunrise-gold-rosette-flower-necklace-52598\/","name":"22 ayar Sunrise Gold Rozet \u00c7i\u00e7ek Kolye | 18,5 in\u00e7","isPartOf":{"@id":"https:\/\/www.purejewels.com\/#website"},"primaryImageOfPage":{"@id":"https:\/\/www.purejewels.com\/product\/22ct-sunrise-gold-rosette-flower-necklace-52598\/#primaryimage"},"image":{"@id":"https:\/\/www.purejewels.com\/product\/22ct-sunrise-gold-rosette-flower-necklace-52598\/#primaryimage"},"thumbnailUrl":"https:\/\/static.purejewels.com\/wp-content\/uploads\/2024\/08\/48860.jpg","datePublished":"2025-08-04T07:25:56+00:00","dateModified":"2026-02-02T08:32:00+00:00","description":"22 ayar Sunrise Gold Rosette Kolye ile boynunuzu s\u00fcsleyin. \u00c7i\u00e7eklerden ilham alan, s\u0131cak alt\u0131n renginde tasarlanm\u0131\u015f bir kolye. \u0130ngiltere genelinde \u00fccretsiz teslimat.","breadcrumb":{"@id":"https:\/\/www.purejewels.com\/product\/22ct-sunrise-gold-rosette-flower-necklace-52598\/#breadcrumb"},"inLanguage":"tr","potentialAction":[{"@type":"ReadAction","target":["https:\/\/www.purejewels.com\/product\/22ct-sunrise-gold-rosette-flower-necklace-52598\/"]}]},{"@type":"ImageObject","inLanguage":"tr","@id":"https:\/\/www.purejewels.com\/product\/22ct-sunrise-gold-rosette-flower-necklace-52598\/#primaryimage","url":"https:\/\/static.purejewels.com\/wp-content\/uploads\/2024\/08\/48860.jpg","contentUrl":"https:\/\/static.purejewels.com\/wp-content\/uploads\/2024\/08\/48860.jpg","width":1000,"height":1000,"caption":"22ct Gold Necklace"},{"@type":"BreadcrumbList","@id":"https:\/\/www.purejewels.com\/product\/22ct-sunrise-gold-rosette-flower-necklace-52598\/#breadcrumb","itemListElement":[{"@type":"ListItem","position":1,"name":"Home","item":"https:\/\/www.purejewels.com\/"},{"@type":"ListItem","position":2,"name":"Shop","item":"https:\/\/www.purejewels.com\/shop\/"},{"@type":"ListItem","position":3,"name":"22ct Sunrise Gold Rosette Flower Necklace"}]},{"@type":"WebSite","@id":"https:\/\/www.purejewels.com\/#website","url":"https:\/\/www.purejewels.com\/","name":"PureJewels \u0130ngiltere","description":"Sevgiyi Payla\u015f\u0131n","publisher":{"@id":"https:\/\/www.purejewels.com\/#organization"},"potentialAction":[{"@type":"SearchAction","target":{"@type":"EntryPoint","urlTemplate":"https:\/\/www.purejewels.com\/?s={search_term_string}"},"query-input":{"@type":"PropertyValueSpecification","valueRequired":true,"valueName":"search_term_string"}}],"inLanguage":"tr"},{"@type":"Organization","@id":"https:\/\/www.purejewels.com\/#organization","name":"PureJewels \u0130ngiltere","url":"https:\/\/www.purejewels.com\/","logo":{"@type":"ImageObject","inLanguage":"tr","@id":"https:\/\/www.purejewels.com\/#\/schema\/logo\/image\/","url":"https:\/\/static.purejewels.com\/wp-content\/uploads\/2020\/11\/Logo-PJ-New-1.png","contentUrl":"https:\/\/static.purejewels.com\/wp-content\/uploads\/2020\/11\/Logo-PJ-New-1.png","width":150,"height":80,"caption":"PureJewels UK"},"image":{"@id":"https:\/\/www.purejewels.com\/#\/schema\/logo\/image\/"}}]}},"_links":{"self":[{"href":"https:\/\/www.purejewels.com\/tr\/wp-json\/wp\/v2\/product\/422401","targetHints":{"allow":["GET"]}}],"collection":[{"href":"https:\/\/www.purejewels.com\/tr\/wp-json\/wp\/v2\/product"}],"about":[{"href":"https:\/\/www.purejewels.com\/tr\/wp-json\/wp\/v2\/types\/product"}],"replies":[{"embeddable":true,"href":"https:\/\/www.purejewels.com\/tr\/wp-json\/wp\/v2\/comments?post=422401"}],"version-history":[{"count":1,"href":"https:\/\/www.purejewels.com\/tr\/wp-json\/wp\/v2\/product\/422401\/revisions"}],"predecessor-version":[{"id":422403,"href":"https:\/\/www.purejewels.com\/tr\/wp-json\/wp\/v2\/product\/422401\/revisions\/422403"}],"wp:featuredmedia":[{"embeddable":true,"href":"https:\/\/www.purejewels.com\/tr\/wp-json\/wp\/v2\/media\/374813"}],"wp:attachment":[{"href":"https:\/\/www.purejewels.com\/tr\/wp-json\/wp\/v2\/media?parent=422401"}],"wp:term":[{"taxonomy":"product_brand","embeddable":true,"href":"https:\/\/www.purejewels.com\/tr\/wp-json\/wp\/v2\/product_brand?post=422401"},{"taxonomy":"product_cat","embeddable":true,"href":"https:\/\/www.purejewels.com\/tr\/wp-json\/wp\/v2\/product_cat?post=422401"},{"taxonomy":"product_tag","embeddable":true,"href":"https:\/\/www.purejewels.com\/tr\/wp-json\/wp\/v2\/product_tag?post=422401"}],"curies":[{"name":"wp","href":"https:\/\/api.w.org\/{rel}","templated":true}]}}