{"id":422954,"date":"2025-12-11T07:15:45","date_gmt":"2025-12-11T07:15:45","guid":{"rendered":"https:\/\/www.purejewels.com\/?post_type=product&#038;p=422954"},"modified":"2026-01-06T05:35:01","modified_gmt":"2026-01-06T05:35:01","slug":"22-ayar-altin-granul-kupe-53576","status":"publish","type":"product","link":"https:\/\/www.purejewels.com\/tr\/product\/22ct-gold-granule-stud-earrings-53576\/","title":{"rendered":"22 ayar alt\u0131n gran\u00fcl k\u00fcpe"},"content":{"rendered":"<h3 data-start=\"762\" data-end=\"778\"><strong data-start=\"766\" data-end=\"776\">Tasar\u0131m<\/strong><\/h3>\n<p data-start=\"779\" data-end=\"1111\">Bu k\u00fcpeler, geleneksel alt\u0131n gran\u00fclasyonundan ilham alarak, yumu\u015fak k\u0131vr\u0131mlar ve minik alt\u0131n boncuklardan olu\u015fan zarif bir \u00e7i\u00e7ek silueti olu\u015fturur. Yuvarlak merkez ve dokulu detaylar, \u0131\u015f\u0131\u011f\u0131 g\u00fczel bir \u015fekilde yans\u0131tan yumu\u015fak, heykelsi bir g\u00f6r\u00fcn\u00fcm yarat\u0131r. Kompakt formlar\u0131, onlar\u0131 zarif, \u015f\u0131k ve g\u00fcnl\u00fck kullan\u0131m i\u00e7in m\u00fckemmel k\u0131lar.<\/p>\n<h3 data-start=\"1113\" data-end=\"1136\"><strong data-start=\"1117\" data-end=\"1134\">Zanaatkarl\u0131k<\/strong><\/h3>\n<p data-start=\"1137\" data-end=\"1455\">Saf 22 ayar alt\u0131ndan \u00fcretilen her bir k\u00fcpe, hassas gran\u00fcl yerle\u015fimi ve dengeli simetri ile dikkat \u00e7ekiyor. P\u00fcr\u00fczs\u00fcz cilal\u0131 kubbe, dokulu motiflerle kontrast olu\u015fturarak tasar\u0131m\u0131n ard\u0131ndaki sanatsal de\u011feri vurguluyor. Her bir \u00e7ift, Birle\u015fik Krall\u0131k'ta damgalanarak sertifikal\u0131 safl\u0131k ve PureJewels'in otantik zanaatkarl\u0131\u011fa olan ba\u011fl\u0131l\u0131\u011f\u0131n\u0131 garanti ediyor.<\/p>\n<h3 data-start=\"1457\" data-end=\"1484\"><strong data-start=\"1461\" data-end=\"1482\">\u015eekillendirme &amp; Hediyele\u015fme<\/strong><\/h3>\n<p data-start=\"1485\" data-end=\"1802\">G\u00fcnl\u00fck \u015f\u0131kl\u0131k i\u00e7in m\u00fckemmel olan bu k\u00fcpeler, a\u00e7\u0131k alt\u0131n zincirler, bilezikler veya geleneksel tak\u0131larla kolayca kombinlenebilir. Klasik formlar\u0131 hem \u00e7a\u011fda\u015f hem de k\u00fclt\u00fcrel k\u0131yafetlere uyum sa\u011flar, bu da onlar\u0131 do\u011fum g\u00fcnleri, bayramlar veya \u00f6nemli kutlamalar i\u00e7in ideal bir hediye se\u00e7ene\u011fi haline getirir. Her m\u00fccevher koleksiyonuna zamans\u0131z bir katk\u0131.<\/p>","protected":false},"excerpt":{"rendered":"<p>Geleneksel gran\u00fcl detaylar\u0131 ve yumu\u015fak \u00e7i\u00e7ek esintili formuyla tasarlanm\u0131\u015f klasik 22 ayar alt\u0131n saplama k\u00fcpeler. G\u00fcnl\u00fck \u015f\u0131kl\u0131k veya hediye i\u00e7in zamans\u0131z bir \u00e7ift.<\/p>\n<ul>\n<li><strong>Malzeme:<\/strong> 22 Ayar Alt\u0131n (91,6% Saf Alt\u0131n)<\/li>\n<li><strong>Hallmark: <\/strong>\u0130ngiliz Damgas\u0131<\/li>\n<li><strong>Br\u00fct A\u011f\u0131rl\u0131k: <\/strong>1.2 Gms<\/li>\n<li><strong>SKU: <\/strong>53576<\/li>\n<\/ul>\n<p><strong><br \/>\nFiyat ve Teslimat: <\/strong>KDV ve teslimat \u00fccretleri dahil<br \/>\n<strong><a href=\"https:\/\/www.purejewels.com\/tr\/i%cc%87ade-poli%cc%87ti%cc%87kasi\/\">\u0130ade Politikas\u0131<\/a><\/strong><\/p>","protected":false},"featured_media":422956,"comment_status":"closed","ping_status":"closed","template":"","meta":{"_eb_attr":"","_crsspst_to_jayantr4sg-hostcom":true},"product_brand":[],"product_cat":[1559,1576,1794,1793,1792,1790,1254,1229,5342,5599,5943,5338,1577,1575,1574,5349],"product_tag":[],"class_list":{"0":"post-422954","1":"product","2":"type-product","3":"status-publish","4":"has-post-thumbnail","6":"product_cat-birthday-gifts","7":"product_cat-childrens-jewellery","8":"product_cat-christmas-gifts","9":"product_cat-diwali-gifts","10":"product_cat-festival-gifts","11":"product_cat-for-whom-when","12":"product_cat-gold-earrings","13":"product_cat-22ct-gold-jewellery","14":"product_cat-jewellery-under-250","15":"product_cat-baby-earring","16":"product_cat-kids-jewellery","17":"product_cat-shop-by-price","18":"product_cat-stud-earrings","19":"product_cat-teenage-jewellery","20":"product_cat-womens-jewellery","21":"product_cat-yellow-gold-jewellery","23":"first","24":"outofstock","25":"taxable","26":"shipping-taxable","27":"product-type-simple","28":"add-to-wishlist-before_image"},"yoast_head":"<!-- This site is optimized with the Yoast SEO plugin v27.5 - https:\/\/yoast.com\/product\/yoast-seo-wordpress\/ -->\n<title>Women\u2019s 22ct Gold Traditional Granule Studs | PureJewels UK<\/title>\n<meta name=\"description\" content=\"22ct gold stud earrings with traditional granule detailing and a classic floral form. UK hallmarked and crafted for elegant daily wear.\" \/>\n<meta name=\"robots\" content=\"index, follow, max-snippet:-1, max-image-preview:large, max-video-preview:-1\" \/>\n<link rel=\"canonical\" href=\"https:\/\/www.purejewels.com\/tr\/urun\/22-ayar-altin-granul-kupe-53576\/\" \/>\n<meta property=\"og:locale\" content=\"tr_TR\" \/>\n<meta property=\"og:type\" content=\"article\" \/>\n<meta property=\"og:title\" content=\"Women\u2019s 22ct Gold Traditional Granule Studs | PureJewels UK\" \/>\n<meta property=\"og:description\" content=\"22ct gold stud earrings with traditional granule detailing and a classic floral form. UK hallmarked and crafted for elegant daily wear.\" \/>\n<meta property=\"og:url\" content=\"https:\/\/www.purejewels.com\/tr\/urun\/22-ayar-altin-granul-kupe-53576\/\" \/>\n<meta property=\"og:site_name\" content=\"PureJewels UK\" \/>\n<meta property=\"article:modified_time\" content=\"2026-01-06T05:35:01+00:00\" \/>\n<meta property=\"og:image\" content=\"https:\/\/static.purejewels.com\/wp-content\/uploads\/2025\/12\/SKU-53576.jpg\" \/>\n\t<meta property=\"og:image:width\" content=\"1000\" \/>\n\t<meta property=\"og:image:height\" content=\"1000\" \/>\n\t<meta property=\"og:image:type\" content=\"image\/jpeg\" \/>\n<meta name=\"twitter:card\" content=\"summary_large_image\" \/>\n<meta name=\"twitter:label1\" content=\"Tahmini okuma s\u00fcresi\" \/>\n\t<meta name=\"twitter:data1\" content=\"1 dakika\" \/>\n<script type=\"application\/ld+json\" class=\"yoast-schema-graph\">{\"@context\":\"https:\\\/\\\/schema.org\",\"@graph\":[{\"@type\":[\"WebPage\",\"ItemPage\"],\"@id\":\"https:\\\/\\\/www.purejewels.com\\\/product\\\/22ct-gold-granule-stud-earrings-53576\\\/\",\"url\":\"https:\\\/\\\/www.purejewels.com\\\/product\\\/22ct-gold-granule-stud-earrings-53576\\\/\",\"name\":\"Women\u2019s 22ct Gold Traditional Granule Studs | PureJewels UK\",\"isPartOf\":{\"@id\":\"https:\\\/\\\/www.purejewels.com\\\/#website\"},\"primaryImageOfPage\":{\"@id\":\"https:\\\/\\\/www.purejewels.com\\\/product\\\/22ct-gold-granule-stud-earrings-53576\\\/#primaryimage\"},\"image\":{\"@id\":\"https:\\\/\\\/www.purejewels.com\\\/product\\\/22ct-gold-granule-stud-earrings-53576\\\/#primaryimage\"},\"thumbnailUrl\":\"https:\\\/\\\/static.purejewels.com\\\/wp-content\\\/uploads\\\/2025\\\/12\\\/SKU-53576.jpg\",\"datePublished\":\"2025-12-11T07:15:45+00:00\",\"dateModified\":\"2026-01-06T05:35:01+00:00\",\"description\":\"22ct gold stud earrings with traditional granule detailing and a classic floral form. UK hallmarked and crafted for elegant daily wear.\",\"breadcrumb\":{\"@id\":\"https:\\\/\\\/www.purejewels.com\\\/product\\\/22ct-gold-granule-stud-earrings-53576\\\/#breadcrumb\"},\"inLanguage\":\"tr\",\"potentialAction\":[{\"@type\":\"ReadAction\",\"target\":[\"https:\\\/\\\/www.purejewels.com\\\/product\\\/22ct-gold-granule-stud-earrings-53576\\\/\"]}]},{\"@type\":\"ImageObject\",\"inLanguage\":\"tr\",\"@id\":\"https:\\\/\\\/www.purejewels.com\\\/product\\\/22ct-gold-granule-stud-earrings-53576\\\/#primaryimage\",\"url\":\"https:\\\/\\\/static.purejewels.com\\\/wp-content\\\/uploads\\\/2025\\\/12\\\/SKU-53576.jpg\",\"contentUrl\":\"https:\\\/\\\/static.purejewels.com\\\/wp-content\\\/uploads\\\/2025\\\/12\\\/SKU-53576.jpg\",\"width\":1000,\"height\":1000,\"caption\":\"22ct Gold Granule Stud Earrings\"},{\"@type\":\"BreadcrumbList\",\"@id\":\"https:\\\/\\\/www.purejewels.com\\\/product\\\/22ct-gold-granule-stud-earrings-53576\\\/#breadcrumb\",\"itemListElement\":[{\"@type\":\"ListItem\",\"position\":1,\"name\":\"Home\",\"item\":\"https:\\\/\\\/www.purejewels.com\\\/\"},{\"@type\":\"ListItem\",\"position\":2,\"name\":\"Shop\",\"item\":\"https:\\\/\\\/www.purejewels.com\\\/shop\\\/\"},{\"@type\":\"ListItem\",\"position\":3,\"name\":\"22ct Gold Granule Stud Earrings\"}]},{\"@type\":\"WebSite\",\"@id\":\"https:\\\/\\\/www.purejewels.com\\\/#website\",\"url\":\"https:\\\/\\\/www.purejewels.com\\\/\",\"name\":\"PureJewels UK\",\"description\":\"Share the Love\",\"publisher\":{\"@id\":\"https:\\\/\\\/www.purejewels.com\\\/#organization\"},\"potentialAction\":[{\"@type\":\"SearchAction\",\"target\":{\"@type\":\"EntryPoint\",\"urlTemplate\":\"https:\\\/\\\/www.purejewels.com\\\/?s={search_term_string}\"},\"query-input\":{\"@type\":\"PropertyValueSpecification\",\"valueRequired\":true,\"valueName\":\"search_term_string\"}}],\"inLanguage\":\"tr\"},{\"@type\":\"Organization\",\"@id\":\"https:\\\/\\\/www.purejewels.com\\\/#organization\",\"name\":\"PureJewels UK\",\"url\":\"https:\\\/\\\/www.purejewels.com\\\/\",\"logo\":{\"@type\":\"ImageObject\",\"inLanguage\":\"tr\",\"@id\":\"https:\\\/\\\/www.purejewels.com\\\/#\\\/schema\\\/logo\\\/image\\\/\",\"url\":\"https:\\\/\\\/static.purejewels.com\\\/wp-content\\\/uploads\\\/2020\\\/11\\\/Logo-PJ-New-1.png\",\"contentUrl\":\"https:\\\/\\\/static.purejewels.com\\\/wp-content\\\/uploads\\\/2020\\\/11\\\/Logo-PJ-New-1.png\",\"width\":150,\"height\":80,\"caption\":\"PureJewels UK\"},\"image\":{\"@id\":\"https:\\\/\\\/www.purejewels.com\\\/#\\\/schema\\\/logo\\\/image\\\/\"}}]}<\/script>\n<!-- \/ Yoast SEO plugin. -->","yoast_head_json":{"title":"Kad\u0131nlar i\u00e7in 22 ayar alt\u0131n geleneksel gran\u00fcl k\u00fcpe | PureJewels UK","description":"Geleneksel gran\u00fcl detaylara ve klasik \u00e7i\u00e7ek formuna sahip 22 ayar alt\u0131n saplama k\u00fcpeler. \u0130ngiltere damgal\u0131 ve zarif g\u00fcnl\u00fck kullan\u0131m i\u00e7in tasarlanm\u0131\u015ft\u0131r.","robots":{"index":"index","follow":"follow","max-snippet":"max-snippet:-1","max-image-preview":"max-image-preview:large","max-video-preview":"max-video-preview:-1"},"canonical":"https:\/\/www.purejewels.com\/tr\/urun\/22-ayar-altin-granul-kupe-53576\/","og_locale":"tr_TR","og_type":"article","og_title":"Women\u2019s 22ct Gold Traditional Granule Studs | PureJewels UK","og_description":"22ct gold stud earrings with traditional granule detailing and a classic floral form. UK hallmarked and crafted for elegant daily wear.","og_url":"https:\/\/www.purejewels.com\/tr\/urun\/22-ayar-altin-granul-kupe-53576\/","og_site_name":"PureJewels UK","article_modified_time":"2026-01-06T05:35:01+00:00","og_image":[{"width":1000,"height":1000,"url":"https:\/\/static.purejewels.com\/wp-content\/uploads\/2025\/12\/SKU-53576.jpg","type":"image\/jpeg"}],"twitter_card":"summary_large_image","twitter_misc":{"Tahmini okuma s\u00fcresi":"1 dakika"},"schema":{"@context":"https:\/\/schema.org","@graph":[{"@type":["WebPage","ItemPage"],"@id":"https:\/\/www.purejewels.com\/product\/22ct-gold-granule-stud-earrings-53576\/","url":"https:\/\/www.purejewels.com\/product\/22ct-gold-granule-stud-earrings-53576\/","name":"Kad\u0131nlar i\u00e7in 22 ayar alt\u0131n geleneksel gran\u00fcl k\u00fcpe | PureJewels UK","isPartOf":{"@id":"https:\/\/www.purejewels.com\/#website"},"primaryImageOfPage":{"@id":"https:\/\/www.purejewels.com\/product\/22ct-gold-granule-stud-earrings-53576\/#primaryimage"},"image":{"@id":"https:\/\/www.purejewels.com\/product\/22ct-gold-granule-stud-earrings-53576\/#primaryimage"},"thumbnailUrl":"https:\/\/static.purejewels.com\/wp-content\/uploads\/2025\/12\/SKU-53576.jpg","datePublished":"2025-12-11T07:15:45+00:00","dateModified":"2026-01-06T05:35:01+00:00","description":"Geleneksel gran\u00fcl detaylara ve klasik \u00e7i\u00e7ek formuna sahip 22 ayar alt\u0131n saplama k\u00fcpeler. \u0130ngiltere damgal\u0131 ve zarif g\u00fcnl\u00fck kullan\u0131m i\u00e7in tasarlanm\u0131\u015ft\u0131r.","breadcrumb":{"@id":"https:\/\/www.purejewels.com\/product\/22ct-gold-granule-stud-earrings-53576\/#breadcrumb"},"inLanguage":"tr","potentialAction":[{"@type":"ReadAction","target":["https:\/\/www.purejewels.com\/product\/22ct-gold-granule-stud-earrings-53576\/"]}]},{"@type":"ImageObject","inLanguage":"tr","@id":"https:\/\/www.purejewels.com\/product\/22ct-gold-granule-stud-earrings-53576\/#primaryimage","url":"https:\/\/static.purejewels.com\/wp-content\/uploads\/2025\/12\/SKU-53576.jpg","contentUrl":"https:\/\/static.purejewels.com\/wp-content\/uploads\/2025\/12\/SKU-53576.jpg","width":1000,"height":1000,"caption":"22ct Gold Granule Stud Earrings"},{"@type":"BreadcrumbList","@id":"https:\/\/www.purejewels.com\/product\/22ct-gold-granule-stud-earrings-53576\/#breadcrumb","itemListElement":[{"@type":"ListItem","position":1,"name":"Home","item":"https:\/\/www.purejewels.com\/"},{"@type":"ListItem","position":2,"name":"Shop","item":"https:\/\/www.purejewels.com\/shop\/"},{"@type":"ListItem","position":3,"name":"22ct Gold Granule Stud Earrings"}]},{"@type":"WebSite","@id":"https:\/\/www.purejewels.com\/#website","url":"https:\/\/www.purejewels.com\/","name":"PureJewels \u0130ngiltere","description":"Sevgiyi Payla\u015f\u0131n","publisher":{"@id":"https:\/\/www.purejewels.com\/#organization"},"potentialAction":[{"@type":"SearchAction","target":{"@type":"EntryPoint","urlTemplate":"https:\/\/www.purejewels.com\/?s={search_term_string}"},"query-input":{"@type":"PropertyValueSpecification","valueRequired":true,"valueName":"search_term_string"}}],"inLanguage":"tr"},{"@type":"Organization","@id":"https:\/\/www.purejewels.com\/#organization","name":"PureJewels \u0130ngiltere","url":"https:\/\/www.purejewels.com\/","logo":{"@type":"ImageObject","inLanguage":"tr","@id":"https:\/\/www.purejewels.com\/#\/schema\/logo\/image\/","url":"https:\/\/static.purejewels.com\/wp-content\/uploads\/2020\/11\/Logo-PJ-New-1.png","contentUrl":"https:\/\/static.purejewels.com\/wp-content\/uploads\/2020\/11\/Logo-PJ-New-1.png","width":150,"height":80,"caption":"PureJewels UK"},"image":{"@id":"https:\/\/www.purejewels.com\/#\/schema\/logo\/image\/"}}]}},"_links":{"self":[{"href":"https:\/\/www.purejewels.com\/tr\/wp-json\/wp\/v2\/product\/422954","targetHints":{"allow":["GET"]}}],"collection":[{"href":"https:\/\/www.purejewels.com\/tr\/wp-json\/wp\/v2\/product"}],"about":[{"href":"https:\/\/www.purejewels.com\/tr\/wp-json\/wp\/v2\/types\/product"}],"replies":[{"embeddable":true,"href":"https:\/\/www.purejewels.com\/tr\/wp-json\/wp\/v2\/comments?post=422954"}],"version-history":[{"count":1,"href":"https:\/\/www.purejewels.com\/tr\/wp-json\/wp\/v2\/product\/422954\/revisions"}],"predecessor-version":[{"id":422958,"href":"https:\/\/www.purejewels.com\/tr\/wp-json\/wp\/v2\/product\/422954\/revisions\/422958"}],"wp:featuredmedia":[{"embeddable":true,"href":"https:\/\/www.purejewels.com\/tr\/wp-json\/wp\/v2\/media\/422956"}],"wp:attachment":[{"href":"https:\/\/www.purejewels.com\/tr\/wp-json\/wp\/v2\/media?parent=422954"}],"wp:term":[{"taxonomy":"product_brand","embeddable":true,"href":"https:\/\/www.purejewels.com\/tr\/wp-json\/wp\/v2\/product_brand?post=422954"},{"taxonomy":"product_cat","embeddable":true,"href":"https:\/\/www.purejewels.com\/tr\/wp-json\/wp\/v2\/product_cat?post=422954"},{"taxonomy":"product_tag","embeddable":true,"href":"https:\/\/www.purejewels.com\/tr\/wp-json\/wp\/v2\/product_tag?post=422954"}],"curies":[{"name":"wp","href":"https:\/\/api.w.org\/{rel}","templated":true}]}}