{"id":422963,"date":"2025-12-11T08:09:04","date_gmt":"2025-12-11T08:09:04","guid":{"rendered":"https:\/\/www.purejewels.com\/?post_type=product&#038;p=422963"},"modified":"2026-02-27T05:56:58","modified_gmt":"2026-02-27T05:56:58","slug":"22-ayar-altin-klasik-cicek-desenli-kupe-53580","status":"publish","type":"product","link":"https:\/\/www.purejewels.com\/tr\/product\/22ct-gold-classic-floral-studs-53580\/","title":{"rendered":"22 ayar alt\u0131n klasik \u00e7i\u00e7ek desenli k\u00fcpe"},"content":{"rendered":"<h3 data-start=\"789\" data-end=\"805\"><strong data-start=\"793\" data-end=\"803\">Tasar\u0131m<\/strong><\/h3>\n<p data-start=\"806\" data-end=\"1177\">Bu zarif k\u00fcpeler, yumu\u015fak ve simetrik bir \u00e7i\u00e7ek olu\u015fturan bir dizi a\u00e7\u0131k yaprak ve ince gran\u00fcl vurgularla i\u015flenmi\u015f geleneksel \u00e7i\u00e7ek motifine sahiptir. Katmanl\u0131 detaylar derinlik ve doku katarak, k\u00fcpeler \u0131\u015f\u0131\u011f\u0131 yakalad\u0131k\u00e7a zarif bir \u0131\u015f\u0131lt\u0131 verir. Zarif \u00e7i\u00e7ek \u015fekli, hem g\u00fcnl\u00fck kullan\u0131m hem de \u00f6zel g\u00fcnler i\u00e7in uygun klasik bir estetik sunar.<\/p>\n<h3 data-start=\"1179\" data-end=\"1202\"><strong data-start=\"1183\" data-end=\"1200\">Zanaatkarl\u0131k<\/strong><\/h3>\n<p data-start=\"1203\" data-end=\"1582\">Saf 22 ayar alt\u0131ndan \u00fcretilen her bir k\u00fcpe, hassas bir \u015fekilde \u015fekillendirilmi\u015f a\u00e7\u0131k i\u015f\u00e7ilikli yapraklar\u0131 ve \u00f6zenle yerle\u015ftirilmi\u015f gran\u00fclleriyle detayl\u0131 i\u015f\u00e7ili\u011fini sergiliyor. Cilal\u0131 merkez k\u0131sm\u0131, dokulu kenarlarla g\u00fczel bir kontrast olu\u015fturarak zanaatkar\u0131n form ve denge \u00fczerindeki kontrol\u00fcn\u00fc g\u00f6steriyor. \u0130ngiltere'de damgal\u0131 her bir \u00e7ift, sertifikal\u0131 safl\u0131\u011f\u0131 ve PureJewels'in ince i\u015f\u00e7ili\u011fe olan ba\u011fl\u0131l\u0131\u011f\u0131n\u0131 yans\u0131t\u0131yor.<\/p>\n<h3 data-start=\"1584\" data-end=\"1611\"><strong data-start=\"1588\" data-end=\"1609\">\u015eekillendirme &amp; Hediyele\u015fme<\/strong><\/h3>\n<p data-start=\"1612\" data-end=\"1939\">Bu \u00e7ok y\u00f6nl\u00fc k\u00fcpeler, hem modern minimalist k\u0131yafetleri hem de geleneksel k\u0131yafetleri tamamlar. S\u0131cak par\u0131lt\u0131s\u0131n\u0131 vurgulamak i\u00e7in ince alt\u0131n zincirler, geleneksel bilezikler veya dikkat \u00e7ekici y\u00fcz\u00fcklerle kombinleyin. Ayr\u0131ca do\u011fum g\u00fcnleri, bayramlar veya \u00f6nemli anlar i\u00e7in anlaml\u0131 bir hediye olarak, gelenek, zarafet ve g\u00fcnl\u00fck kullan\u0131m\u0131n bir kar\u0131\u015f\u0131m\u0131n\u0131 sunar.<\/p>","protected":false},"excerpt":{"rendered":"<p>Klasik \u00e7i\u00e7ek motifli, narin ajur ve gran\u00fcl detaylara sahip, 22 ayar alt\u0131n k\u00fcpe. Geleneksel cazibesi ile zamans\u0131z bir g\u00fcnl\u00fck tak\u0131.<\/p>\n<ul>\n<li><strong>Malzeme:<\/strong> 22 Ayar Alt\u0131n (91,6% Saf Alt\u0131n)<\/li>\n<li><strong>Hallmark: <\/strong>\u0130ngiliz Damgas\u0131<\/li>\n<li><strong>Br\u00fct A\u011f\u0131rl\u0131k: <\/strong>1,5 Gms<\/li>\n<li><strong>SKU: <\/strong>53580<\/li>\n<\/ul>\n<p><strong><br \/>\nFiyat ve Teslimat: <\/strong>KDV ve teslimat \u00fccretleri dahil<br \/>\n<strong><a href=\"https:\/\/www.purejewels.com\/tr\/i%cc%87ade-poli%cc%87ti%cc%87kasi\/\">\u0130ade Politikas\u0131<\/a><\/strong><\/p>","protected":false},"featured_media":423039,"comment_status":"closed","ping_status":"closed","template":"","meta":{"_eb_attr":"","_crsspst_to_jayantr4sg-hostcom":true},"product_brand":[],"product_cat":[1559,1576,1794,1793,1792,1790,1254,1229,5343,5599,5943,5338,1577,1575,1574,5349],"product_tag":[],"class_list":{"0":"post-422963","1":"product","2":"type-product","3":"status-publish","4":"has-post-thumbnail","6":"product_cat-birthday-gifts","7":"product_cat-childrens-jewellery","8":"product_cat-christmas-gifts","9":"product_cat-diwali-gifts","10":"product_cat-festival-gifts","11":"product_cat-for-whom-when","12":"product_cat-gold-earrings","13":"product_cat-22ct-gold-jewellery","14":"product_cat-jewellery-under-550","15":"product_cat-baby-earring","16":"product_cat-kids-jewellery","17":"product_cat-shop-by-price","18":"product_cat-stud-earrings","19":"product_cat-teenage-jewellery","20":"product_cat-womens-jewellery","21":"product_cat-yellow-gold-jewellery","23":"first","24":"outofstock","25":"taxable","26":"shipping-taxable","27":"product-type-simple","28":"add-to-wishlist-before_image"},"yoast_head":"<!-- This site is optimized with the Yoast SEO plugin v27.6 - https:\/\/yoast.com\/product\/yoast-seo-wordpress\/ -->\n<title>Women\u2019s 22ct Gold Floral Stud Earrings | PureJewels UK<\/title>\n<meta name=\"description\" content=\"22ct gold floral stud earrings with intricate petal work and granule detailing. UK hallmarked for purity and crafted for timeless everyday elegance.\" \/>\n<meta name=\"robots\" content=\"index, follow, max-snippet:-1, max-image-preview:large, max-video-preview:-1\" \/>\n<link rel=\"canonical\" href=\"https:\/\/www.purejewels.com\/tr\/urun\/22-ayar-altin-klasik-cicek-desenli-kupe-53580\/\" \/>\n<meta property=\"og:locale\" content=\"tr_TR\" \/>\n<meta property=\"og:type\" content=\"article\" \/>\n<meta property=\"og:title\" content=\"Women\u2019s 22ct Gold Floral Stud Earrings | PureJewels UK\" \/>\n<meta property=\"og:description\" content=\"22ct gold floral stud earrings with intricate petal work and granule detailing. UK hallmarked for purity and crafted for timeless everyday elegance.\" \/>\n<meta property=\"og:url\" content=\"https:\/\/www.purejewels.com\/tr\/urun\/22-ayar-altin-klasik-cicek-desenli-kupe-53580\/\" \/>\n<meta property=\"og:site_name\" content=\"PureJewels UK\" \/>\n<meta property=\"article:modified_time\" content=\"2026-02-27T05:56:58+00:00\" \/>\n<meta property=\"og:image\" content=\"https:\/\/static.purejewels.com\/wp-content\/uploads\/2025\/12\/SKU-53580-2.jpg\" \/>\n\t<meta property=\"og:image:width\" content=\"1000\" \/>\n\t<meta property=\"og:image:height\" content=\"1000\" \/>\n\t<meta property=\"og:image:type\" content=\"image\/jpeg\" \/>\n<meta name=\"twitter:card\" content=\"summary_large_image\" \/>\n<meta name=\"twitter:label1\" content=\"Tahmini okuma s\u00fcresi\" \/>\n\t<meta name=\"twitter:data1\" content=\"1 dakika\" \/>\n<script type=\"application\/ld+json\" class=\"yoast-schema-graph\">{\"@context\":\"https:\\\/\\\/schema.org\",\"@graph\":[{\"@type\":[\"WebPage\",\"ItemPage\"],\"@id\":\"https:\\\/\\\/www.purejewels.com\\\/product\\\/22ct-gold-classic-floral-studs-53580\\\/\",\"url\":\"https:\\\/\\\/www.purejewels.com\\\/product\\\/22ct-gold-classic-floral-studs-53580\\\/\",\"name\":\"Women\u2019s 22ct Gold Floral Stud Earrings | PureJewels UK\",\"isPartOf\":{\"@id\":\"https:\\\/\\\/www.purejewels.com\\\/#website\"},\"primaryImageOfPage\":{\"@id\":\"https:\\\/\\\/www.purejewels.com\\\/product\\\/22ct-gold-classic-floral-studs-53580\\\/#primaryimage\"},\"image\":{\"@id\":\"https:\\\/\\\/www.purejewels.com\\\/product\\\/22ct-gold-classic-floral-studs-53580\\\/#primaryimage\"},\"thumbnailUrl\":\"https:\\\/\\\/static.purejewels.com\\\/wp-content\\\/uploads\\\/2025\\\/12\\\/SKU-53580-2.jpg\",\"datePublished\":\"2025-12-11T08:09:04+00:00\",\"dateModified\":\"2026-02-27T05:56:58+00:00\",\"description\":\"22ct gold floral stud earrings with intricate petal work and granule detailing. UK hallmarked for purity and crafted for timeless everyday elegance.\",\"breadcrumb\":{\"@id\":\"https:\\\/\\\/www.purejewels.com\\\/product\\\/22ct-gold-classic-floral-studs-53580\\\/#breadcrumb\"},\"inLanguage\":\"tr\",\"potentialAction\":[{\"@type\":\"ReadAction\",\"target\":[\"https:\\\/\\\/www.purejewels.com\\\/product\\\/22ct-gold-classic-floral-studs-53580\\\/\"]}]},{\"@type\":\"ImageObject\",\"inLanguage\":\"tr\",\"@id\":\"https:\\\/\\\/www.purejewels.com\\\/product\\\/22ct-gold-classic-floral-studs-53580\\\/#primaryimage\",\"url\":\"https:\\\/\\\/static.purejewels.com\\\/wp-content\\\/uploads\\\/2025\\\/12\\\/SKU-53580-2.jpg\",\"contentUrl\":\"https:\\\/\\\/static.purejewels.com\\\/wp-content\\\/uploads\\\/2025\\\/12\\\/SKU-53580-2.jpg\",\"width\":1000,\"height\":1000,\"caption\":\"Stacked from 6 images. Method=B (R=8,S=4)\"},{\"@type\":\"BreadcrumbList\",\"@id\":\"https:\\\/\\\/www.purejewels.com\\\/product\\\/22ct-gold-classic-floral-studs-53580\\\/#breadcrumb\",\"itemListElement\":[{\"@type\":\"ListItem\",\"position\":1,\"name\":\"Home\",\"item\":\"https:\\\/\\\/www.purejewels.com\\\/\"},{\"@type\":\"ListItem\",\"position\":2,\"name\":\"Shop\",\"item\":\"https:\\\/\\\/www.purejewels.com\\\/shop\\\/\"},{\"@type\":\"ListItem\",\"position\":3,\"name\":\"22ct Gold Classic Floral Studs\"}]},{\"@type\":\"WebSite\",\"@id\":\"https:\\\/\\\/www.purejewels.com\\\/#website\",\"url\":\"https:\\\/\\\/www.purejewels.com\\\/\",\"name\":\"PureJewels UK\",\"description\":\"Share the Love\",\"publisher\":{\"@id\":\"https:\\\/\\\/www.purejewels.com\\\/#organization\"},\"potentialAction\":[{\"@type\":\"SearchAction\",\"target\":{\"@type\":\"EntryPoint\",\"urlTemplate\":\"https:\\\/\\\/www.purejewels.com\\\/?s={search_term_string}\"},\"query-input\":{\"@type\":\"PropertyValueSpecification\",\"valueRequired\":true,\"valueName\":\"search_term_string\"}}],\"inLanguage\":\"tr\"},{\"@type\":\"Organization\",\"@id\":\"https:\\\/\\\/www.purejewels.com\\\/#organization\",\"name\":\"PureJewels UK\",\"url\":\"https:\\\/\\\/www.purejewels.com\\\/\",\"logo\":{\"@type\":\"ImageObject\",\"inLanguage\":\"tr\",\"@id\":\"https:\\\/\\\/www.purejewels.com\\\/#\\\/schema\\\/logo\\\/image\\\/\",\"url\":\"https:\\\/\\\/static.purejewels.com\\\/wp-content\\\/uploads\\\/2020\\\/11\\\/Logo-PJ-New-1.png\",\"contentUrl\":\"https:\\\/\\\/static.purejewels.com\\\/wp-content\\\/uploads\\\/2020\\\/11\\\/Logo-PJ-New-1.png\",\"width\":150,\"height\":80,\"caption\":\"PureJewels UK\"},\"image\":{\"@id\":\"https:\\\/\\\/www.purejewels.com\\\/#\\\/schema\\\/logo\\\/image\\\/\"}}]}<\/script>\n<!-- \/ Yoast SEO plugin. -->","yoast_head_json":{"title":"Kad\u0131nlar i\u00e7in 22 ayar alt\u0131n \u00e7i\u00e7ek motifli k\u00fcpe | PureJewels UK","description":"22 ayar alt\u0131n \u00e7i\u00e7ek motifli k\u00fcpe, karma\u015f\u0131k petal i\u015f\u00e7ili\u011fi ve gran\u00fcl detaylarla s\u00fcslenmi\u015ftir. Safl\u0131k i\u00e7in \u0130ngiltere damgal\u0131 ve zamans\u0131z g\u00fcnl\u00fck \u015f\u0131kl\u0131k i\u00e7in tasarlanm\u0131\u015ft\u0131r.","robots":{"index":"index","follow":"follow","max-snippet":"max-snippet:-1","max-image-preview":"max-image-preview:large","max-video-preview":"max-video-preview:-1"},"canonical":"https:\/\/www.purejewels.com\/tr\/urun\/22-ayar-altin-klasik-cicek-desenli-kupe-53580\/","og_locale":"tr_TR","og_type":"article","og_title":"Women\u2019s 22ct Gold Floral Stud Earrings | PureJewels UK","og_description":"22ct gold floral stud earrings with intricate petal work and granule detailing. UK hallmarked for purity and crafted for timeless everyday elegance.","og_url":"https:\/\/www.purejewels.com\/tr\/urun\/22-ayar-altin-klasik-cicek-desenli-kupe-53580\/","og_site_name":"PureJewels UK","article_modified_time":"2026-02-27T05:56:58+00:00","og_image":[{"width":1000,"height":1000,"url":"https:\/\/static.purejewels.com\/wp-content\/uploads\/2025\/12\/SKU-53580-2.jpg","type":"image\/jpeg"}],"twitter_card":"summary_large_image","twitter_misc":{"Tahmini okuma s\u00fcresi":"1 dakika"},"schema":{"@context":"https:\/\/schema.org","@graph":[{"@type":["WebPage","ItemPage"],"@id":"https:\/\/www.purejewels.com\/product\/22ct-gold-classic-floral-studs-53580\/","url":"https:\/\/www.purejewels.com\/product\/22ct-gold-classic-floral-studs-53580\/","name":"Kad\u0131nlar i\u00e7in 22 ayar alt\u0131n \u00e7i\u00e7ek motifli k\u00fcpe | PureJewels UK","isPartOf":{"@id":"https:\/\/www.purejewels.com\/#website"},"primaryImageOfPage":{"@id":"https:\/\/www.purejewels.com\/product\/22ct-gold-classic-floral-studs-53580\/#primaryimage"},"image":{"@id":"https:\/\/www.purejewels.com\/product\/22ct-gold-classic-floral-studs-53580\/#primaryimage"},"thumbnailUrl":"https:\/\/static.purejewels.com\/wp-content\/uploads\/2025\/12\/SKU-53580-2.jpg","datePublished":"2025-12-11T08:09:04+00:00","dateModified":"2026-02-27T05:56:58+00:00","description":"22 ayar alt\u0131n \u00e7i\u00e7ek motifli k\u00fcpe, karma\u015f\u0131k petal i\u015f\u00e7ili\u011fi ve gran\u00fcl detaylarla s\u00fcslenmi\u015ftir. Safl\u0131k i\u00e7in \u0130ngiltere damgal\u0131 ve zamans\u0131z g\u00fcnl\u00fck \u015f\u0131kl\u0131k i\u00e7in tasarlanm\u0131\u015ft\u0131r.","breadcrumb":{"@id":"https:\/\/www.purejewels.com\/product\/22ct-gold-classic-floral-studs-53580\/#breadcrumb"},"inLanguage":"tr","potentialAction":[{"@type":"ReadAction","target":["https:\/\/www.purejewels.com\/product\/22ct-gold-classic-floral-studs-53580\/"]}]},{"@type":"ImageObject","inLanguage":"tr","@id":"https:\/\/www.purejewels.com\/product\/22ct-gold-classic-floral-studs-53580\/#primaryimage","url":"https:\/\/static.purejewels.com\/wp-content\/uploads\/2025\/12\/SKU-53580-2.jpg","contentUrl":"https:\/\/static.purejewels.com\/wp-content\/uploads\/2025\/12\/SKU-53580-2.jpg","width":1000,"height":1000,"caption":"Stacked from 6 images. Method=B (R=8,S=4)"},{"@type":"BreadcrumbList","@id":"https:\/\/www.purejewels.com\/product\/22ct-gold-classic-floral-studs-53580\/#breadcrumb","itemListElement":[{"@type":"ListItem","position":1,"name":"Home","item":"https:\/\/www.purejewels.com\/"},{"@type":"ListItem","position":2,"name":"Shop","item":"https:\/\/www.purejewels.com\/shop\/"},{"@type":"ListItem","position":3,"name":"22ct Gold Classic Floral Studs"}]},{"@type":"WebSite","@id":"https:\/\/www.purejewels.com\/#website","url":"https:\/\/www.purejewels.com\/","name":"PureJewels \u0130ngiltere","description":"Sevgiyi Payla\u015f\u0131n","publisher":{"@id":"https:\/\/www.purejewels.com\/#organization"},"potentialAction":[{"@type":"SearchAction","target":{"@type":"EntryPoint","urlTemplate":"https:\/\/www.purejewels.com\/?s={search_term_string}"},"query-input":{"@type":"PropertyValueSpecification","valueRequired":true,"valueName":"search_term_string"}}],"inLanguage":"tr"},{"@type":"Organization","@id":"https:\/\/www.purejewels.com\/#organization","name":"PureJewels \u0130ngiltere","url":"https:\/\/www.purejewels.com\/","logo":{"@type":"ImageObject","inLanguage":"tr","@id":"https:\/\/www.purejewels.com\/#\/schema\/logo\/image\/","url":"https:\/\/static.purejewels.com\/wp-content\/uploads\/2020\/11\/Logo-PJ-New-1.png","contentUrl":"https:\/\/static.purejewels.com\/wp-content\/uploads\/2020\/11\/Logo-PJ-New-1.png","width":150,"height":80,"caption":"PureJewels UK"},"image":{"@id":"https:\/\/www.purejewels.com\/#\/schema\/logo\/image\/"}}]}},"_links":{"self":[{"href":"https:\/\/www.purejewels.com\/tr\/wp-json\/wp\/v2\/product\/422963","targetHints":{"allow":["GET"]}}],"collection":[{"href":"https:\/\/www.purejewels.com\/tr\/wp-json\/wp\/v2\/product"}],"about":[{"href":"https:\/\/www.purejewels.com\/tr\/wp-json\/wp\/v2\/types\/product"}],"replies":[{"embeddable":true,"href":"https:\/\/www.purejewels.com\/tr\/wp-json\/wp\/v2\/comments?post=422963"}],"version-history":[{"count":1,"href":"https:\/\/www.purejewels.com\/tr\/wp-json\/wp\/v2\/product\/422963\/revisions"}],"predecessor-version":[{"id":422966,"href":"https:\/\/www.purejewels.com\/tr\/wp-json\/wp\/v2\/product\/422963\/revisions\/422966"}],"wp:featuredmedia":[{"embeddable":true,"href":"https:\/\/www.purejewels.com\/tr\/wp-json\/wp\/v2\/media\/423039"}],"wp:attachment":[{"href":"https:\/\/www.purejewels.com\/tr\/wp-json\/wp\/v2\/media?parent=422963"}],"wp:term":[{"taxonomy":"product_brand","embeddable":true,"href":"https:\/\/www.purejewels.com\/tr\/wp-json\/wp\/v2\/product_brand?post=422963"},{"taxonomy":"product_cat","embeddable":true,"href":"https:\/\/www.purejewels.com\/tr\/wp-json\/wp\/v2\/product_cat?post=422963"},{"taxonomy":"product_tag","embeddable":true,"href":"https:\/\/www.purejewels.com\/tr\/wp-json\/wp\/v2\/product_tag?post=422963"}],"curies":[{"name":"wp","href":"https:\/\/api.w.org\/{rel}","templated":true}]}}