{"id":422969,"date":"2025-12-11T09:10:38","date_gmt":"2025-12-11T09:10:38","guid":{"rendered":"https:\/\/www.purejewels.com\/?post_type=product&#038;p=422969"},"modified":"2026-02-27T12:43:12","modified_gmt":"2026-02-27T12:43:12","slug":"22-ayar-altin-minimalist-halka-kupe-52463","status":"publish","type":"product","link":"https:\/\/www.purejewels.com\/tr\/product\/22ct-gold-minimalist-hoop-earring-52463\/","title":{"rendered":"22 ayar alt\u0131n minimalist halka k\u00fcpe"},"content":{"rendered":"<h3 data-start=\"786\" data-end=\"802\"><strong data-start=\"790\" data-end=\"800\">Tasar\u0131m<\/strong><\/h3>\n<p data-start=\"803\" data-end=\"1145\">Bu halka k\u00fcpeler, 22 ayar alt\u0131n\u0131n do\u011fal parlakl\u0131\u011f\u0131n\u0131 vurgulayan sade ve minimalist bir tasar\u0131mla sadeli\u011fin g\u00fczelli\u011fini yans\u0131t\u0131yor. P\u00fcr\u00fczs\u00fcz t\u00fcp \u015feklindeki sil\u00fcetleri kulak \u00e7evresinde nazik\u00e7e k\u0131vr\u0131larak, modas\u0131 asla ge\u00e7meyen klasik bir g\u00fcnl\u00fck g\u00f6r\u00fcn\u00fcm yarat\u0131yor. Hafif ve zarif olan bu k\u00fcpeler, zarafet ve rahatl\u0131\u011f\u0131n m\u00fckemmel dengesini sunuyor.<\/p>\n<h3 data-start=\"1147\" data-end=\"1170\"><strong data-start=\"1151\" data-end=\"1168\">Zanaatkarl\u0131k<\/strong><\/h3>\n<p data-start=\"1171\" data-end=\"1513\">Saf 22 ayar alt\u0131ndan \u00fcretilen her bir halka, kusursuz bir parlakl\u0131\u011fa sahip olacak \u015fekilde cilalanarak metalin zengin s\u0131cakl\u0131\u011f\u0131n\u0131 ve berrakl\u0131\u011f\u0131n\u0131 ortaya \u00e7\u0131kar\u0131r. G\u00fcvenli tutturma sistemi, rahatl\u0131k ve dayan\u0131kl\u0131l\u0131k i\u00e7in tasarlanm\u0131\u015ft\u0131r, bu da onlar\u0131 g\u00fcnl\u00fck kullan\u0131m i\u00e7in ideal hale getirir. Her bir \u00e7ift, safl\u0131\u011f\u0131n\u0131 onaylayan ve PureJewels'in zanaatkarl\u0131\u011fa ve \u00f6zg\u00fcnl\u00fc\u011fe olan ba\u011fl\u0131l\u0131\u011f\u0131n\u0131 yans\u0131tan, Birle\u015fik Krall\u0131k'ta damgalanm\u0131\u015ft\u0131r.<\/p>\n<h3 data-start=\"1515\" data-end=\"1542\"><strong data-start=\"1519\" data-end=\"1540\">\u015eekillendirme &amp; Hediyele\u015fme<\/strong><\/h3>\n<p data-start=\"1543\" data-end=\"1887\">Bu minimalist k\u00fcpeler, sade g\u00fcnd\u00fcz k\u0131yafetlerinden katmanl\u0131 ak\u015fam k\u0131yafetlerine kadar her t\u00fcrl\u00fc gard\u0131ropla kolayca kombinlenebilir. \u015e\u0131k ve modern bir g\u00f6r\u00fcn\u00fcm i\u00e7in tek ba\u015f\u0131na tak\u0131n veya di\u011fer alt\u0131n tak\u0131larla kombinleyerek \u00f6zenle se\u00e7ilmi\u015f bir set olu\u015fturun. Do\u011fum g\u00fcnleri, y\u0131ld\u00f6n\u00fcmleri veya ki\u015fisel d\u00f6n\u00fcm noktalar\u0131 i\u00e7in d\u00fc\u015f\u00fcnceli bir hediye olan bu k\u00fcpeler, her m\u00fccevher koleksiyonuna vazge\u00e7ilmez bir katk\u0131 sa\u011flar.<\/p>","protected":false},"excerpt":{"rendered":"<p data-start=\"906\" data-end=\"1110\">P\u00fcr\u00fczs\u00fcz minimalist bir kaplamaya sahip klasik 22 ayar alt\u0131n halka k\u00fcpeler, g\u00fcnl\u00fck kullan\u0131m i\u00e7in tasarlanm\u0131\u015ft\u0131r. Parlak saf alt\u0131ndan \u00fcretilmi\u015f zamans\u0131z bir temel aksesuar.<\/p>\n<p><strong>Malzeme:<\/strong> 22 Ayar Alt\u0131n (91,6% Saf Alt\u0131n)<strong><br \/>\nHallmark:\u00a0<\/strong>\u0130ngiliz Damgas\u0131<strong><br \/>\n<\/strong><strong>Br\u00fct A\u011f\u0131rl\u0131k: <\/strong>2.48 Gms<br \/>\n<strong>SKU:<\/strong> 52463<\/p>\n<p><strong>Fiyat ve Teslimat<\/strong>:KDV ve teslimat \u00fccreti dahil<br \/>\n<a href=\"https:\/\/www.purejewels.com\/tr\/i%cc%87ade-poli%cc%87ti%cc%87kasi\/\">\u0130ade Politikas\u0131<\/a><\/p>","protected":false},"featured_media":422973,"comment_status":"closed","ping_status":"closed","template":"","meta":{"_eb_attr":"","_crsspst_to_jayantr4sg-hostcom":true},"product_brand":[],"product_cat":[1791,1559,1793,1792,1254,1229,1579,5343,5608,1574,5349],"product_tag":[6101],"class_list":{"0":"post-422969","1":"product","2":"type-product","3":"status-publish","4":"has-post-thumbnail","6":"product_cat-anniversary-gifts","7":"product_cat-birthday-gifts","8":"product_cat-diwali-gifts","9":"product_cat-festival-gifts","10":"product_cat-gold-earrings","11":"product_cat-22ct-gold-jewellery","12":"product_cat-hoop-earrings","13":"product_cat-jewellery-under-550","14":"product_cat-simple-hoops","15":"product_cat-womens-jewellery","16":"product_cat-yellow-gold-jewellery","17":"product_tag-earring","19":"first","20":"outofstock","21":"taxable","22":"shipping-taxable","23":"product-type-simple","24":"add-to-wishlist-before_image"},"yoast_head":"<!-- This site is optimized with the Yoast SEO plugin v27.6 - https:\/\/yoast.com\/product\/yoast-seo-wordpress\/ -->\n<title>Women\u2019s 22ct Gold Everyday Hoop Earrings | PureJewels UK<\/title>\n<meta name=\"description\" content=\"22ct gold minimalist hoop earrings with a smooth polished finish. A classic everyday pair, hallmarked in the UK for purity and crafted for lasting comfort.\" \/>\n<meta name=\"robots\" content=\"index, follow, max-snippet:-1, max-image-preview:large, max-video-preview:-1\" \/>\n<link rel=\"canonical\" href=\"https:\/\/www.purejewels.com\/tr\/urun\/22-ayar-altin-minimalist-halka-kupe-52463\/\" \/>\n<meta property=\"og:locale\" content=\"tr_TR\" \/>\n<meta property=\"og:type\" content=\"article\" \/>\n<meta property=\"og:title\" content=\"Women\u2019s 22ct Gold Everyday Hoop Earrings | PureJewels UK\" \/>\n<meta property=\"og:description\" content=\"22ct gold minimalist hoop earrings with a smooth polished finish. A classic everyday pair, hallmarked in the UK for purity and crafted for lasting comfort.\" \/>\n<meta property=\"og:url\" content=\"https:\/\/www.purejewels.com\/tr\/urun\/22-ayar-altin-minimalist-halka-kupe-52463\/\" \/>\n<meta property=\"og:site_name\" content=\"PureJewels UK\" \/>\n<meta property=\"article:modified_time\" content=\"2026-02-27T12:43:12+00:00\" \/>\n<meta property=\"og:image\" content=\"https:\/\/static.purejewels.com\/wp-content\/uploads\/2025\/12\/SKU-52463.jpg\" \/>\n\t<meta property=\"og:image:width\" content=\"1000\" \/>\n\t<meta property=\"og:image:height\" content=\"1000\" \/>\n\t<meta property=\"og:image:type\" content=\"image\/jpeg\" \/>\n<meta name=\"twitter:card\" content=\"summary_large_image\" \/>\n<meta name=\"twitter:label1\" content=\"Tahmini okuma s\u00fcresi\" \/>\n\t<meta name=\"twitter:data1\" content=\"1 dakika\" \/>\n<script type=\"application\/ld+json\" class=\"yoast-schema-graph\">{\"@context\":\"https:\\\/\\\/schema.org\",\"@graph\":[{\"@type\":[\"WebPage\",\"ItemPage\"],\"@id\":\"https:\\\/\\\/www.purejewels.com\\\/product\\\/22ct-gold-minimalist-hoop-earring-52463\\\/\",\"url\":\"https:\\\/\\\/www.purejewels.com\\\/product\\\/22ct-gold-minimalist-hoop-earring-52463\\\/\",\"name\":\"Women\u2019s 22ct Gold Everyday Hoop Earrings | PureJewels UK\",\"isPartOf\":{\"@id\":\"https:\\\/\\\/www.purejewels.com\\\/#website\"},\"primaryImageOfPage\":{\"@id\":\"https:\\\/\\\/www.purejewels.com\\\/product\\\/22ct-gold-minimalist-hoop-earring-52463\\\/#primaryimage\"},\"image\":{\"@id\":\"https:\\\/\\\/www.purejewels.com\\\/product\\\/22ct-gold-minimalist-hoop-earring-52463\\\/#primaryimage\"},\"thumbnailUrl\":\"https:\\\/\\\/static.purejewels.com\\\/wp-content\\\/uploads\\\/2025\\\/12\\\/SKU-52463.jpg\",\"datePublished\":\"2025-12-11T09:10:38+00:00\",\"dateModified\":\"2026-02-27T12:43:12+00:00\",\"description\":\"22ct gold minimalist hoop earrings with a smooth polished finish. A classic everyday pair, hallmarked in the UK for purity and crafted for lasting comfort.\",\"breadcrumb\":{\"@id\":\"https:\\\/\\\/www.purejewels.com\\\/product\\\/22ct-gold-minimalist-hoop-earring-52463\\\/#breadcrumb\"},\"inLanguage\":\"tr\",\"potentialAction\":[{\"@type\":\"ReadAction\",\"target\":[\"https:\\\/\\\/www.purejewels.com\\\/product\\\/22ct-gold-minimalist-hoop-earring-52463\\\/\"]}]},{\"@type\":\"ImageObject\",\"inLanguage\":\"tr\",\"@id\":\"https:\\\/\\\/www.purejewels.com\\\/product\\\/22ct-gold-minimalist-hoop-earring-52463\\\/#primaryimage\",\"url\":\"https:\\\/\\\/static.purejewels.com\\\/wp-content\\\/uploads\\\/2025\\\/12\\\/SKU-52463.jpg\",\"contentUrl\":\"https:\\\/\\\/static.purejewels.com\\\/wp-content\\\/uploads\\\/2025\\\/12\\\/SKU-52463.jpg\",\"width\":1000,\"height\":1000,\"caption\":\"22ct Gold Minimalist Hoop Earring\"},{\"@type\":\"BreadcrumbList\",\"@id\":\"https:\\\/\\\/www.purejewels.com\\\/product\\\/22ct-gold-minimalist-hoop-earring-52463\\\/#breadcrumb\",\"itemListElement\":[{\"@type\":\"ListItem\",\"position\":1,\"name\":\"Home\",\"item\":\"https:\\\/\\\/www.purejewels.com\\\/\"},{\"@type\":\"ListItem\",\"position\":2,\"name\":\"Shop\",\"item\":\"https:\\\/\\\/www.purejewels.com\\\/shop\\\/\"},{\"@type\":\"ListItem\",\"position\":3,\"name\":\"22ct Gold Minimalist Hoop Earring\"}]},{\"@type\":\"WebSite\",\"@id\":\"https:\\\/\\\/www.purejewels.com\\\/#website\",\"url\":\"https:\\\/\\\/www.purejewels.com\\\/\",\"name\":\"PureJewels UK\",\"description\":\"Share the Love\",\"publisher\":{\"@id\":\"https:\\\/\\\/www.purejewels.com\\\/#organization\"},\"potentialAction\":[{\"@type\":\"SearchAction\",\"target\":{\"@type\":\"EntryPoint\",\"urlTemplate\":\"https:\\\/\\\/www.purejewels.com\\\/?s={search_term_string}\"},\"query-input\":{\"@type\":\"PropertyValueSpecification\",\"valueRequired\":true,\"valueName\":\"search_term_string\"}}],\"inLanguage\":\"tr\"},{\"@type\":\"Organization\",\"@id\":\"https:\\\/\\\/www.purejewels.com\\\/#organization\",\"name\":\"PureJewels UK\",\"url\":\"https:\\\/\\\/www.purejewels.com\\\/\",\"logo\":{\"@type\":\"ImageObject\",\"inLanguage\":\"tr\",\"@id\":\"https:\\\/\\\/www.purejewels.com\\\/#\\\/schema\\\/logo\\\/image\\\/\",\"url\":\"https:\\\/\\\/static.purejewels.com\\\/wp-content\\\/uploads\\\/2020\\\/11\\\/Logo-PJ-New-1.png\",\"contentUrl\":\"https:\\\/\\\/static.purejewels.com\\\/wp-content\\\/uploads\\\/2020\\\/11\\\/Logo-PJ-New-1.png\",\"width\":150,\"height\":80,\"caption\":\"PureJewels UK\"},\"image\":{\"@id\":\"https:\\\/\\\/www.purejewels.com\\\/#\\\/schema\\\/logo\\\/image\\\/\"}}]}<\/script>\n<!-- \/ Yoast SEO plugin. -->","yoast_head_json":{"title":"Kad\u0131nlar i\u00e7in 22 ayar alt\u0131n g\u00fcnl\u00fck halka k\u00fcpeler | PureJewels UK","description":"P\u00fcr\u00fczs\u00fcz cilal\u0131 y\u00fczeye sahip 22 ayar alt\u0131n minimalist halka k\u00fcpeler. G\u00fcnl\u00fck kullan\u0131m i\u00e7in ideal olan bu klasik k\u00fcpeler, safl\u0131k a\u00e7\u0131s\u0131ndan Birle\u015fik Krall\u0131k'ta damgalanm\u0131\u015f ve uzun s\u00fcreli rahatl\u0131k i\u00e7in tasarlanm\u0131\u015ft\u0131r.","robots":{"index":"index","follow":"follow","max-snippet":"max-snippet:-1","max-image-preview":"max-image-preview:large","max-video-preview":"max-video-preview:-1"},"canonical":"https:\/\/www.purejewels.com\/tr\/urun\/22-ayar-altin-minimalist-halka-kupe-52463\/","og_locale":"tr_TR","og_type":"article","og_title":"Women\u2019s 22ct Gold Everyday Hoop Earrings | PureJewels UK","og_description":"22ct gold minimalist hoop earrings with a smooth polished finish. A classic everyday pair, hallmarked in the UK for purity and crafted for lasting comfort.","og_url":"https:\/\/www.purejewels.com\/tr\/urun\/22-ayar-altin-minimalist-halka-kupe-52463\/","og_site_name":"PureJewels UK","article_modified_time":"2026-02-27T12:43:12+00:00","og_image":[{"width":1000,"height":1000,"url":"https:\/\/static.purejewels.com\/wp-content\/uploads\/2025\/12\/SKU-52463.jpg","type":"image\/jpeg"}],"twitter_card":"summary_large_image","twitter_misc":{"Tahmini okuma s\u00fcresi":"1 dakika"},"schema":{"@context":"https:\/\/schema.org","@graph":[{"@type":["WebPage","ItemPage"],"@id":"https:\/\/www.purejewels.com\/product\/22ct-gold-minimalist-hoop-earring-52463\/","url":"https:\/\/www.purejewels.com\/product\/22ct-gold-minimalist-hoop-earring-52463\/","name":"Kad\u0131nlar i\u00e7in 22 ayar alt\u0131n g\u00fcnl\u00fck halka k\u00fcpeler | PureJewels UK","isPartOf":{"@id":"https:\/\/www.purejewels.com\/#website"},"primaryImageOfPage":{"@id":"https:\/\/www.purejewels.com\/product\/22ct-gold-minimalist-hoop-earring-52463\/#primaryimage"},"image":{"@id":"https:\/\/www.purejewels.com\/product\/22ct-gold-minimalist-hoop-earring-52463\/#primaryimage"},"thumbnailUrl":"https:\/\/static.purejewels.com\/wp-content\/uploads\/2025\/12\/SKU-52463.jpg","datePublished":"2025-12-11T09:10:38+00:00","dateModified":"2026-02-27T12:43:12+00:00","description":"P\u00fcr\u00fczs\u00fcz cilal\u0131 y\u00fczeye sahip 22 ayar alt\u0131n minimalist halka k\u00fcpeler. G\u00fcnl\u00fck kullan\u0131m i\u00e7in ideal olan bu klasik k\u00fcpeler, safl\u0131k a\u00e7\u0131s\u0131ndan Birle\u015fik Krall\u0131k'ta damgalanm\u0131\u015f ve uzun s\u00fcreli rahatl\u0131k i\u00e7in tasarlanm\u0131\u015ft\u0131r.","breadcrumb":{"@id":"https:\/\/www.purejewels.com\/product\/22ct-gold-minimalist-hoop-earring-52463\/#breadcrumb"},"inLanguage":"tr","potentialAction":[{"@type":"ReadAction","target":["https:\/\/www.purejewels.com\/product\/22ct-gold-minimalist-hoop-earring-52463\/"]}]},{"@type":"ImageObject","inLanguage":"tr","@id":"https:\/\/www.purejewels.com\/product\/22ct-gold-minimalist-hoop-earring-52463\/#primaryimage","url":"https:\/\/static.purejewels.com\/wp-content\/uploads\/2025\/12\/SKU-52463.jpg","contentUrl":"https:\/\/static.purejewels.com\/wp-content\/uploads\/2025\/12\/SKU-52463.jpg","width":1000,"height":1000,"caption":"22ct Gold Minimalist Hoop Earring"},{"@type":"BreadcrumbList","@id":"https:\/\/www.purejewels.com\/product\/22ct-gold-minimalist-hoop-earring-52463\/#breadcrumb","itemListElement":[{"@type":"ListItem","position":1,"name":"Home","item":"https:\/\/www.purejewels.com\/"},{"@type":"ListItem","position":2,"name":"Shop","item":"https:\/\/www.purejewels.com\/shop\/"},{"@type":"ListItem","position":3,"name":"22ct Gold Minimalist Hoop Earring"}]},{"@type":"WebSite","@id":"https:\/\/www.purejewels.com\/#website","url":"https:\/\/www.purejewels.com\/","name":"PureJewels \u0130ngiltere","description":"Sevgiyi Payla\u015f\u0131n","publisher":{"@id":"https:\/\/www.purejewels.com\/#organization"},"potentialAction":[{"@type":"SearchAction","target":{"@type":"EntryPoint","urlTemplate":"https:\/\/www.purejewels.com\/?s={search_term_string}"},"query-input":{"@type":"PropertyValueSpecification","valueRequired":true,"valueName":"search_term_string"}}],"inLanguage":"tr"},{"@type":"Organization","@id":"https:\/\/www.purejewels.com\/#organization","name":"PureJewels \u0130ngiltere","url":"https:\/\/www.purejewels.com\/","logo":{"@type":"ImageObject","inLanguage":"tr","@id":"https:\/\/www.purejewels.com\/#\/schema\/logo\/image\/","url":"https:\/\/static.purejewels.com\/wp-content\/uploads\/2020\/11\/Logo-PJ-New-1.png","contentUrl":"https:\/\/static.purejewels.com\/wp-content\/uploads\/2020\/11\/Logo-PJ-New-1.png","width":150,"height":80,"caption":"PureJewels UK"},"image":{"@id":"https:\/\/www.purejewels.com\/#\/schema\/logo\/image\/"}}]}},"_links":{"self":[{"href":"https:\/\/www.purejewels.com\/tr\/wp-json\/wp\/v2\/product\/422969","targetHints":{"allow":["GET"]}}],"collection":[{"href":"https:\/\/www.purejewels.com\/tr\/wp-json\/wp\/v2\/product"}],"about":[{"href":"https:\/\/www.purejewels.com\/tr\/wp-json\/wp\/v2\/types\/product"}],"replies":[{"embeddable":true,"href":"https:\/\/www.purejewels.com\/tr\/wp-json\/wp\/v2\/comments?post=422969"}],"version-history":[{"count":2,"href":"https:\/\/www.purejewels.com\/tr\/wp-json\/wp\/v2\/product\/422969\/revisions"}],"predecessor-version":[{"id":426427,"href":"https:\/\/www.purejewels.com\/tr\/wp-json\/wp\/v2\/product\/422969\/revisions\/426427"}],"wp:featuredmedia":[{"embeddable":true,"href":"https:\/\/www.purejewels.com\/tr\/wp-json\/wp\/v2\/media\/422973"}],"wp:attachment":[{"href":"https:\/\/www.purejewels.com\/tr\/wp-json\/wp\/v2\/media?parent=422969"}],"wp:term":[{"taxonomy":"product_brand","embeddable":true,"href":"https:\/\/www.purejewels.com\/tr\/wp-json\/wp\/v2\/product_brand?post=422969"},{"taxonomy":"product_cat","embeddable":true,"href":"https:\/\/www.purejewels.com\/tr\/wp-json\/wp\/v2\/product_cat?post=422969"},{"taxonomy":"product_tag","embeddable":true,"href":"https:\/\/www.purejewels.com\/tr\/wp-json\/wp\/v2\/product_tag?post=422969"}],"curies":[{"name":"wp","href":"https:\/\/api.w.org\/{rel}","templated":true}]}}