{"id":422978,"date":"2025-12-11T09:27:08","date_gmt":"2025-12-11T09:27:08","guid":{"rendered":"https:\/\/www.purejewels.com\/?post_type=product&#038;p=422978"},"modified":"2026-02-06T11:51:20","modified_gmt":"2026-02-06T11:51:20","slug":"22-ayar-altin-bukumlu-halka-kupeler-53058","status":"publish","type":"product","link":"https:\/\/www.purejewels.com\/tr\/product\/22ct-gold-twisted-hoop-earrings-53058\/","title":{"rendered":"22 ayar alt\u0131n b\u00fck\u00fcml\u00fc halka k\u00fcpeler"},"content":{"rendered":"<h2 data-start=\"278\" data-end=\"293\"><strong data-start=\"281\" data-end=\"291\">Tasar\u0131m<\/strong><\/h2>\n<p data-start=\"294\" data-end=\"664\">Bu zarif k\u00fcpeler, her a\u00e7\u0131dan \u0131\u015f\u0131\u011f\u0131 yakalayan rafine b\u00fck\u00fcml\u00fc formuyla klasik silueti yeniden yorumluyor. Yumu\u015fak e\u011frisi ve \u015fekillendirilmi\u015f b\u00fck\u00fcm\u00fc hareket hissi yaratarak 22 ayar alt\u0131n\u0131n do\u011fal parlakl\u0131\u011f\u0131n\u0131 ortaya \u00e7\u0131kar\u0131yor. Temiz, minimalist stiliyle modern ve zamans\u0131z bir g\u00f6r\u00fcn\u00fcm sunan bu k\u00fcpeler, g\u00fcnl\u00fck kullan\u0131m veya \u00f6zel g\u00fcnler i\u00e7in kolay bir se\u00e7imdir.<\/p>\n<h2 data-start=\"671\" data-end=\"693\"><strong data-start=\"674\" data-end=\"691\">Zanaatkarl\u0131k<\/strong><\/h2>\n<p data-start=\"694\" data-end=\"1080\">Saf 22 ayar alt\u0131ndan \u00fcretilen her bir halka, p\u00fcr\u00fczs\u00fcz ve kesintisiz bir b\u00fck\u00fcm elde etmek i\u00e7in hassas bir \u015fekilde \u015fekillendirilmi\u015ftir. Parlak kaplama, metalin zenginli\u011fini vurgular ve kal\u0131c\u0131 bir parlakl\u0131k sa\u011flar. Rahatl\u0131k ve dayan\u0131kl\u0131l\u0131k i\u00e7in g\u00fcvenli bir sabitleme ile tasarlanan her bir \u00e7ift, Birle\u015fik Krall\u0131k'ta damgalanm\u0131\u015f olup, sertifikal\u0131 safl\u0131k sunar ve PureJewels'in ince m\u00fccevher i\u015f\u00e7ili\u011fine olan ba\u011fl\u0131l\u0131\u011f\u0131n\u0131 yans\u0131t\u0131r.<\/p>\n<h2 data-start=\"1087\" data-end=\"1113\"><strong data-start=\"1090\" data-end=\"1111\">\u015eekillendirme &amp; Hediyele\u015fme<\/strong><\/h2>\n<p data-start=\"1114\" data-end=\"1484\">\u00c7ok y\u00f6nl\u00fc ve sade olan bu b\u00fck\u00fcml\u00fc k\u00fcpeler, hem \u00e7a\u011fda\u015f hem de geleneksel k\u0131yafetleri tamamlar. G\u00fcnl\u00fck kullan\u0131m i\u00e7in takabilir veya daha etkileyici bir g\u00f6r\u00fcn\u00fcm i\u00e7in alt\u0131n k\u00fcpeler, bilezikler veya katmanl\u0131 zincirlerle kombinleyebilirsiniz. Zarif tasar\u0131mlar\u0131, do\u011fum g\u00fcnleri, y\u0131ld\u00f6n\u00fcmleri veya 22 ayar alt\u0131ndan yap\u0131lm\u0131\u015f g\u00fczel bir tak\u0131 gerektiren her an i\u00e7in d\u00fc\u015f\u00fcnceli bir hediye olmalar\u0131n\u0131 sa\u011flar.<\/p>","protected":false},"excerpt":{"rendered":"<p data-start=\"906\" data-end=\"1110\">Her hareketinde \u0131\u015f\u0131\u011f\u0131 g\u00fczelce yans\u0131tan, p\u00fcr\u00fczs\u00fcz, oyulmu\u015f bir b\u00fck\u00fcmle \u015fekillendirilmi\u015f zarif 22 ayar alt\u0131n k\u00fcpeler. Klasik bir tasar\u0131m\u0131n modern bir yorumu, \u0130ngiltere'de damgalanm\u0131\u015f ve g\u00fcnl\u00fck kullan\u0131m i\u00e7in tasarlanm\u0131\u015f.<\/p>\n<p><strong>Malzeme:<\/strong> 22 Ayar Alt\u0131n (91,6% Saf Alt\u0131n)<strong><br \/>\nHallmark:\u00a0<\/strong>\u0130ngiliz Damgas\u0131<strong><br \/>\n<\/strong><strong>Br\u00fct A\u011f\u0131rl\u0131k: <\/strong>2.4 Gms<br \/>\n<strong>SKU:<\/strong> 53058<\/p>\n<p><strong>Fiyat ve Teslimat<\/strong>:KDV ve teslimat \u00fccreti dahil<br \/>\n<a href=\"https:\/\/www.purejewels.com\/tr\/i%cc%87ade-poli%cc%87ti%cc%87kasi\/\">\u0130ade Politikas\u0131<\/a><\/p>","protected":false},"featured_media":422980,"comment_status":"closed","ping_status":"closed","template":"","meta":{"_eb_attr":"","_crsspst_to_jayantr4sg-hostcom":true},"product_brand":[],"product_cat":[1791,1559,1793,1792,1254,1229,1579,5343,5608,1574,5349],"product_tag":[6101],"class_list":{"0":"post-422978","1":"product","2":"type-product","3":"status-publish","4":"has-post-thumbnail","6":"product_cat-anniversary-gifts","7":"product_cat-birthday-gifts","8":"product_cat-diwali-gifts","9":"product_cat-festival-gifts","10":"product_cat-gold-earrings","11":"product_cat-22ct-gold-jewellery","12":"product_cat-hoop-earrings","13":"product_cat-jewellery-under-550","14":"product_cat-simple-hoops","15":"product_cat-womens-jewellery","16":"product_cat-yellow-gold-jewellery","17":"product_tag-earring","19":"first","20":"instock","21":"taxable","22":"shipping-taxable","23":"purchasable","24":"product-type-simple","25":"add-to-wishlist-before_image"},"yoast_head":"<!-- This site is optimized with the Yoast SEO plugin v27.6 - https:\/\/yoast.com\/product\/yoast-seo-wordpress\/ -->\n<title>22ct Gold Everyday Twist Hoops for Women | PureJewels UK<\/title>\n<meta name=\"description\" content=\"22ct gold twist hoop earrings with a polished and satin finish. A modern sculpted design, UK hallmarked and crafted for elegant everyday wear.\" \/>\n<meta name=\"robots\" content=\"index, follow, max-snippet:-1, max-image-preview:large, max-video-preview:-1\" \/>\n<link rel=\"canonical\" href=\"https:\/\/www.purejewels.com\/tr\/urun\/22-ayar-altin-bukumlu-halka-kupeler-53058\/\" \/>\n<meta property=\"og:locale\" content=\"tr_TR\" \/>\n<meta property=\"og:type\" content=\"article\" \/>\n<meta property=\"og:title\" content=\"22ct Gold Everyday Twist Hoops for Women | PureJewels UK\" \/>\n<meta property=\"og:description\" content=\"22ct gold twist hoop earrings with a polished and satin finish. A modern sculpted design, UK hallmarked and crafted for elegant everyday wear.\" \/>\n<meta property=\"og:url\" content=\"https:\/\/www.purejewels.com\/tr\/urun\/22-ayar-altin-bukumlu-halka-kupeler-53058\/\" \/>\n<meta property=\"og:site_name\" content=\"PureJewels UK\" \/>\n<meta property=\"article:modified_time\" content=\"2026-02-06T11:51:20+00:00\" \/>\n<meta property=\"og:image\" content=\"https:\/\/static.purejewels.com\/wp-content\/uploads\/2025\/12\/SKU-53058.2.jpg\" \/>\n\t<meta property=\"og:image:width\" content=\"1000\" \/>\n\t<meta property=\"og:image:height\" content=\"1000\" \/>\n\t<meta property=\"og:image:type\" content=\"image\/jpeg\" \/>\n<meta name=\"twitter:card\" content=\"summary_large_image\" \/>\n<meta name=\"twitter:label1\" content=\"Tahmini okuma s\u00fcresi\" \/>\n\t<meta name=\"twitter:data1\" content=\"1 dakika\" \/>\n<script type=\"application\/ld+json\" class=\"yoast-schema-graph\">{\"@context\":\"https:\\\/\\\/schema.org\",\"@graph\":[{\"@type\":[\"WebPage\",\"ItemPage\"],\"@id\":\"https:\\\/\\\/www.purejewels.com\\\/product\\\/22ct-gold-twisted-hoop-earrings-53058\\\/\",\"url\":\"https:\\\/\\\/www.purejewels.com\\\/product\\\/22ct-gold-twisted-hoop-earrings-53058\\\/\",\"name\":\"22ct Gold Everyday Twist Hoops for Women | PureJewels UK\",\"isPartOf\":{\"@id\":\"https:\\\/\\\/www.purejewels.com\\\/#website\"},\"primaryImageOfPage\":{\"@id\":\"https:\\\/\\\/www.purejewels.com\\\/product\\\/22ct-gold-twisted-hoop-earrings-53058\\\/#primaryimage\"},\"image\":{\"@id\":\"https:\\\/\\\/www.purejewels.com\\\/product\\\/22ct-gold-twisted-hoop-earrings-53058\\\/#primaryimage\"},\"thumbnailUrl\":\"https:\\\/\\\/static.purejewels.com\\\/wp-content\\\/uploads\\\/2025\\\/12\\\/SKU-53058.2.jpg\",\"datePublished\":\"2025-12-11T09:27:08+00:00\",\"dateModified\":\"2026-02-06T11:51:20+00:00\",\"description\":\"22ct gold twist hoop earrings with a polished and satin finish. A modern sculpted design, UK hallmarked and crafted for elegant everyday wear.\",\"breadcrumb\":{\"@id\":\"https:\\\/\\\/www.purejewels.com\\\/product\\\/22ct-gold-twisted-hoop-earrings-53058\\\/#breadcrumb\"},\"inLanguage\":\"tr\",\"potentialAction\":[{\"@type\":\"ReadAction\",\"target\":[\"https:\\\/\\\/www.purejewels.com\\\/product\\\/22ct-gold-twisted-hoop-earrings-53058\\\/\"]}]},{\"@type\":\"ImageObject\",\"inLanguage\":\"tr\",\"@id\":\"https:\\\/\\\/www.purejewels.com\\\/product\\\/22ct-gold-twisted-hoop-earrings-53058\\\/#primaryimage\",\"url\":\"https:\\\/\\\/static.purejewels.com\\\/wp-content\\\/uploads\\\/2025\\\/12\\\/SKU-53058.2.jpg\",\"contentUrl\":\"https:\\\/\\\/static.purejewels.com\\\/wp-content\\\/uploads\\\/2025\\\/12\\\/SKU-53058.2.jpg\",\"width\":1000,\"height\":1000,\"caption\":\"22ct Gold Twisted Hoop Earrings\"},{\"@type\":\"BreadcrumbList\",\"@id\":\"https:\\\/\\\/www.purejewels.com\\\/product\\\/22ct-gold-twisted-hoop-earrings-53058\\\/#breadcrumb\",\"itemListElement\":[{\"@type\":\"ListItem\",\"position\":1,\"name\":\"Home\",\"item\":\"https:\\\/\\\/www.purejewels.com\\\/\"},{\"@type\":\"ListItem\",\"position\":2,\"name\":\"Shop\",\"item\":\"https:\\\/\\\/www.purejewels.com\\\/shop\\\/\"},{\"@type\":\"ListItem\",\"position\":3,\"name\":\"22ct Gold Twisted Hoop Earrings\"}]},{\"@type\":\"WebSite\",\"@id\":\"https:\\\/\\\/www.purejewels.com\\\/#website\",\"url\":\"https:\\\/\\\/www.purejewels.com\\\/\",\"name\":\"PureJewels UK\",\"description\":\"Share the Love\",\"publisher\":{\"@id\":\"https:\\\/\\\/www.purejewels.com\\\/#organization\"},\"potentialAction\":[{\"@type\":\"SearchAction\",\"target\":{\"@type\":\"EntryPoint\",\"urlTemplate\":\"https:\\\/\\\/www.purejewels.com\\\/?s={search_term_string}\"},\"query-input\":{\"@type\":\"PropertyValueSpecification\",\"valueRequired\":true,\"valueName\":\"search_term_string\"}}],\"inLanguage\":\"tr\"},{\"@type\":\"Organization\",\"@id\":\"https:\\\/\\\/www.purejewels.com\\\/#organization\",\"name\":\"PureJewels UK\",\"url\":\"https:\\\/\\\/www.purejewels.com\\\/\",\"logo\":{\"@type\":\"ImageObject\",\"inLanguage\":\"tr\",\"@id\":\"https:\\\/\\\/www.purejewels.com\\\/#\\\/schema\\\/logo\\\/image\\\/\",\"url\":\"https:\\\/\\\/static.purejewels.com\\\/wp-content\\\/uploads\\\/2020\\\/11\\\/Logo-PJ-New-1.png\",\"contentUrl\":\"https:\\\/\\\/static.purejewels.com\\\/wp-content\\\/uploads\\\/2020\\\/11\\\/Logo-PJ-New-1.png\",\"width\":150,\"height\":80,\"caption\":\"PureJewels UK\"},\"image\":{\"@id\":\"https:\\\/\\\/www.purejewels.com\\\/#\\\/schema\\\/logo\\\/image\\\/\"}}]}<\/script>\n<!-- \/ Yoast SEO plugin. -->","yoast_head_json":{"title":"Kad\u0131nlar i\u00e7in 22 ayar alt\u0131n g\u00fcnl\u00fck b\u00fck\u00fcml\u00fc k\u00fcpeler | PureJewels UK","description":"22 ayar alt\u0131n, cilal\u0131 ve saten kaplamal\u0131 b\u00fck\u00fcml\u00fc halka k\u00fcpeler. Modern bir tasar\u0131m, \u0130ngiltere damgal\u0131 ve g\u00fcnl\u00fck kullan\u0131m i\u00e7in zarif bir \u015fekilde tasarlanm\u0131\u015f.","robots":{"index":"index","follow":"follow","max-snippet":"max-snippet:-1","max-image-preview":"max-image-preview:large","max-video-preview":"max-video-preview:-1"},"canonical":"https:\/\/www.purejewels.com\/tr\/urun\/22-ayar-altin-bukumlu-halka-kupeler-53058\/","og_locale":"tr_TR","og_type":"article","og_title":"22ct Gold Everyday Twist Hoops for Women | PureJewels UK","og_description":"22ct gold twist hoop earrings with a polished and satin finish. A modern sculpted design, UK hallmarked and crafted for elegant everyday wear.","og_url":"https:\/\/www.purejewels.com\/tr\/urun\/22-ayar-altin-bukumlu-halka-kupeler-53058\/","og_site_name":"PureJewels UK","article_modified_time":"2026-02-06T11:51:20+00:00","og_image":[{"width":1000,"height":1000,"url":"https:\/\/static.purejewels.com\/wp-content\/uploads\/2025\/12\/SKU-53058.2.jpg","type":"image\/jpeg"}],"twitter_card":"summary_large_image","twitter_misc":{"Tahmini okuma s\u00fcresi":"1 dakika"},"schema":{"@context":"https:\/\/schema.org","@graph":[{"@type":["WebPage","ItemPage"],"@id":"https:\/\/www.purejewels.com\/product\/22ct-gold-twisted-hoop-earrings-53058\/","url":"https:\/\/www.purejewels.com\/product\/22ct-gold-twisted-hoop-earrings-53058\/","name":"Kad\u0131nlar i\u00e7in 22 ayar alt\u0131n g\u00fcnl\u00fck b\u00fck\u00fcml\u00fc k\u00fcpeler | PureJewels UK","isPartOf":{"@id":"https:\/\/www.purejewels.com\/#website"},"primaryImageOfPage":{"@id":"https:\/\/www.purejewels.com\/product\/22ct-gold-twisted-hoop-earrings-53058\/#primaryimage"},"image":{"@id":"https:\/\/www.purejewels.com\/product\/22ct-gold-twisted-hoop-earrings-53058\/#primaryimage"},"thumbnailUrl":"https:\/\/static.purejewels.com\/wp-content\/uploads\/2025\/12\/SKU-53058.2.jpg","datePublished":"2025-12-11T09:27:08+00:00","dateModified":"2026-02-06T11:51:20+00:00","description":"22 ayar alt\u0131n, cilal\u0131 ve saten kaplamal\u0131 b\u00fck\u00fcml\u00fc halka k\u00fcpeler. Modern bir tasar\u0131m, \u0130ngiltere damgal\u0131 ve g\u00fcnl\u00fck kullan\u0131m i\u00e7in zarif bir \u015fekilde tasarlanm\u0131\u015f.","breadcrumb":{"@id":"https:\/\/www.purejewels.com\/product\/22ct-gold-twisted-hoop-earrings-53058\/#breadcrumb"},"inLanguage":"tr","potentialAction":[{"@type":"ReadAction","target":["https:\/\/www.purejewels.com\/product\/22ct-gold-twisted-hoop-earrings-53058\/"]}]},{"@type":"ImageObject","inLanguage":"tr","@id":"https:\/\/www.purejewels.com\/product\/22ct-gold-twisted-hoop-earrings-53058\/#primaryimage","url":"https:\/\/static.purejewels.com\/wp-content\/uploads\/2025\/12\/SKU-53058.2.jpg","contentUrl":"https:\/\/static.purejewels.com\/wp-content\/uploads\/2025\/12\/SKU-53058.2.jpg","width":1000,"height":1000,"caption":"22ct Gold Twisted Hoop Earrings"},{"@type":"BreadcrumbList","@id":"https:\/\/www.purejewels.com\/product\/22ct-gold-twisted-hoop-earrings-53058\/#breadcrumb","itemListElement":[{"@type":"ListItem","position":1,"name":"Home","item":"https:\/\/www.purejewels.com\/"},{"@type":"ListItem","position":2,"name":"Shop","item":"https:\/\/www.purejewels.com\/shop\/"},{"@type":"ListItem","position":3,"name":"22ct Gold Twisted Hoop Earrings"}]},{"@type":"WebSite","@id":"https:\/\/www.purejewels.com\/#website","url":"https:\/\/www.purejewels.com\/","name":"PureJewels \u0130ngiltere","description":"Sevgiyi Payla\u015f\u0131n","publisher":{"@id":"https:\/\/www.purejewels.com\/#organization"},"potentialAction":[{"@type":"SearchAction","target":{"@type":"EntryPoint","urlTemplate":"https:\/\/www.purejewels.com\/?s={search_term_string}"},"query-input":{"@type":"PropertyValueSpecification","valueRequired":true,"valueName":"search_term_string"}}],"inLanguage":"tr"},{"@type":"Organization","@id":"https:\/\/www.purejewels.com\/#organization","name":"PureJewels \u0130ngiltere","url":"https:\/\/www.purejewels.com\/","logo":{"@type":"ImageObject","inLanguage":"tr","@id":"https:\/\/www.purejewels.com\/#\/schema\/logo\/image\/","url":"https:\/\/static.purejewels.com\/wp-content\/uploads\/2020\/11\/Logo-PJ-New-1.png","contentUrl":"https:\/\/static.purejewels.com\/wp-content\/uploads\/2020\/11\/Logo-PJ-New-1.png","width":150,"height":80,"caption":"PureJewels UK"},"image":{"@id":"https:\/\/www.purejewels.com\/#\/schema\/logo\/image\/"}}]}},"_links":{"self":[{"href":"https:\/\/www.purejewels.com\/tr\/wp-json\/wp\/v2\/product\/422978","targetHints":{"allow":["GET"]}}],"collection":[{"href":"https:\/\/www.purejewels.com\/tr\/wp-json\/wp\/v2\/product"}],"about":[{"href":"https:\/\/www.purejewels.com\/tr\/wp-json\/wp\/v2\/types\/product"}],"replies":[{"embeddable":true,"href":"https:\/\/www.purejewels.com\/tr\/wp-json\/wp\/v2\/comments?post=422978"}],"version-history":[{"count":4,"href":"https:\/\/www.purejewels.com\/tr\/wp-json\/wp\/v2\/product\/422978\/revisions"}],"predecessor-version":[{"id":423546,"href":"https:\/\/www.purejewels.com\/tr\/wp-json\/wp\/v2\/product\/422978\/revisions\/423546"}],"wp:featuredmedia":[{"embeddable":true,"href":"https:\/\/www.purejewels.com\/tr\/wp-json\/wp\/v2\/media\/422980"}],"wp:attachment":[{"href":"https:\/\/www.purejewels.com\/tr\/wp-json\/wp\/v2\/media?parent=422978"}],"wp:term":[{"taxonomy":"product_brand","embeddable":true,"href":"https:\/\/www.purejewels.com\/tr\/wp-json\/wp\/v2\/product_brand?post=422978"},{"taxonomy":"product_cat","embeddable":true,"href":"https:\/\/www.purejewels.com\/tr\/wp-json\/wp\/v2\/product_cat?post=422978"},{"taxonomy":"product_tag","embeddable":true,"href":"https:\/\/www.purejewels.com\/tr\/wp-json\/wp\/v2\/product_tag?post=422978"}],"curies":[{"name":"wp","href":"https:\/\/api.w.org\/{rel}","templated":true}]}}