{"id":423027,"date":"2025-12-12T07:17:19","date_gmt":"2025-12-12T07:17:19","guid":{"rendered":"https:\/\/www.purejewels.com\/?post_type=product&#038;p=423027"},"modified":"2026-03-11T05:15:55","modified_gmt":"2026-03-11T05:15:55","slug":"22-ayar-altin-isiltili-kupe-cz-52416","status":"publish","type":"product","link":"https:\/\/www.purejewels.com\/tr\/product\/22ct-gold-sparkle-studs-with-cz-52416\/","title":{"rendered":"22 ayar alt\u0131n \u0131\u015f\u0131lt\u0131l\u0131 k\u00fcpe, CZ ta\u015fl\u0131"},"content":{"rendered":"<p>Klasik tasar\u0131m, titiz i\u015f\u00e7ilik ve zamans\u0131z stilin zarif birle\u015fimi olan 22 ayar sar\u0131 alt\u0131n CZ saplama k\u00fcpelerimizle sade zarafete ad\u0131m at\u0131n.<\/p>\n<p><strong>Tasar\u0131m<\/strong><\/p>\n<p>Bu k\u00fcpeler sadeli\u011fin g\u00fczelli\u011fini kutluyor. M\u00fckemmel kesilmi\u015f k\u00fcbik zirkon ta\u015flar, \u0131\u015f\u0131\u011f\u0131 zahmetsizce yakalamak i\u00e7in \u00e7atal ayar ile yerle\u015ftirilmi\u015f ve elmaslar\u0131n zamans\u0131z cazibesini taklit eden parlak bir \u0131\u015f\u0131lt\u0131 sunuyor. Minimalist sil\u00fcetleri, hem \u00e7a\u011fda\u015f gard\u0131roplar hem de geleneksel aksesuarlar i\u00e7in ideal.<\/p>\n<p><strong>Zanaatkarl\u0131k<\/strong><\/p>\n<p>Her bir \u00e7ift, y\u00fcksek safl\u0131kta 22 ayar sar\u0131 alt\u0131ndan \u00fcretilmi\u015f olup, Londra Assay Office taraf\u0131ndan orijinalli\u011fi onaylanm\u0131\u015ft\u0131r. At\u00f6lyemizdeki usta zanaatkarlar taraf\u0131ndan yarat\u0131lan bu k\u00fcpeler, PureJewels'in hassasiyet ve m\u00fckemmelli\u011fe olan ba\u011fl\u0131l\u0131\u011f\u0131n\u0131n miras\u0131n\u0131 yans\u0131tmaktad\u0131r. Her bir ta\u015f, dayan\u0131kl\u0131l\u0131k ve zarafet sa\u011flamak i\u00e7in \u00f6zenle monte edilmi\u015ftir.<\/p>\n<p><strong>Stil<\/strong><\/p>\n<p>G\u00fcndelik bir aksesuar olarak ya da \u00f6zel bir g\u00f6r\u00fcn\u00fcm\u00fcn zarif bir tamamlay\u0131c\u0131s\u0131 olarak tak\u0131labilen bu k\u00fcpeler, zahmetsiz bir \u00e7ok y\u00f6nl\u00fcl\u00fck sunar. M\u00fckemmel bir hediye ya da ki\u015fisel bir zevk olarak, her an\u0131n\u0131za \u0131\u015f\u0131lt\u0131 katar. Hafif tasar\u0131mlar\u0131 rahatl\u0131k sa\u011flar ve m\u00fccevher koleksiyonunuzun vazge\u00e7ilmez par\u00e7as\u0131 haline gelir.<\/p>\n<p>PureJewels'da her par\u00e7a, sizin yolculu\u011funuzu kutlar. Bu k\u00fcpeler bir aksesuardan daha fazlas\u0131d\u0131r \u2014 geleneklere dayanan ve g\u00fcn\u00fcm\u00fcz i\u00e7in tasarlanm\u0131\u015f zarafetin sembol\u00fcd\u00fcr.<\/p>","protected":false},"excerpt":{"rendered":"<p>Zarif ve \u0131\u015f\u0131lt\u0131l\u0131 bu 22 ayar sar\u0131 alt\u0131n k\u00fcpe, g\u00f6z kama\u015ft\u0131r\u0131c\u0131 k\u00fcbik zirkon ta\u015flarla s\u00fcslenmi\u015f olup, geleneksel zarafeti g\u00fcnl\u00fck sofistike tarzla harmanlamaktad\u0131r.<\/p>\n<ul>\n<li><strong>Malzeme:<\/strong> 22 Ayar Alt\u0131n (91,6% Saf Alt\u0131n)<\/li>\n<li><strong>Hallmark: <\/strong>\u0130ngiliz Damgas\u0131<\/li>\n<li><strong>Br\u00fct A\u011f\u0131rl\u0131k: <\/strong>1.4 Gms<\/li>\n<li><strong>Net A\u011f\u0131rl\u0131k:<\/strong> 1,35 gram<\/li>\n<li><strong>SKU: <\/strong>52416<\/li>\n<\/ul>\n<p><strong><br \/>\nFiyat ve Teslimat: <\/strong>KDV ve teslimat \u00fccretleri dahil<br \/>\n<strong><a href=\"https:\/\/www.purejewels.com\/tr\/i%cc%87ade-poli%cc%87ti%cc%87kasi\/\">\u0130ade Politikas\u0131<\/a><\/strong><\/p>","protected":false},"featured_media":423028,"comment_status":"closed","ping_status":"closed","template":"","meta":{"_eb_attr":"","_crsspst_to_jayantr4sg-hostcom":true},"product_brand":[],"product_cat":[1559,1576,1794,6150,1793,6190,1792,1790,1254,1229,5343,1570,5338,1577,1575,1574,5349],"product_tag":[],"class_list":{"0":"post-423027","1":"product","2":"type-product","3":"status-publish","4":"has-post-thumbnail","6":"product_cat-birthday-gifts","7":"product_cat-childrens-jewellery","8":"product_cat-christmas-gifts","9":"product_cat-cubic-zirconia-ear-studs","10":"product_cat-diwali-gifts","11":"product_cat-easter-jewellery","12":"product_cat-festival-gifts","13":"product_cat-for-whom-when","14":"product_cat-gold-earrings","15":"product_cat-22ct-gold-jewellery","16":"product_cat-jewellery-under-550","17":"product_cat-mothers-day-gifts","18":"product_cat-shop-by-price","19":"product_cat-stud-earrings","20":"product_cat-teenage-jewellery","21":"product_cat-womens-jewellery","22":"product_cat-yellow-gold-jewellery","24":"first","25":"instock","26":"taxable","27":"shipping-taxable","28":"purchasable","29":"product-type-simple","30":"add-to-wishlist-before_image"},"yoast_head":"<!-- This site is optimized with the Yoast SEO plugin v27.3 - https:\/\/yoast.com\/product\/yoast-seo-wordpress\/ -->\n<title>22ct Gold Sparkle Studs with CZ | Online at PureJewels UK<\/title>\n<meta name=\"description\" content=\"Discover timeless elegance with PureJewels\u2019 22ct Yellow Gold CZ Stud Earrings. Crafted with precision and rich heritage, perfect for daily wear or gifting.\" \/>\n<meta name=\"robots\" content=\"index, follow, max-snippet:-1, max-image-preview:large, max-video-preview:-1\" \/>\n<link rel=\"canonical\" href=\"https:\/\/www.purejewels.com\/tr\/urun\/22-ayar-altin-isiltili-kupe-cz-52416\/\" \/>\n<meta property=\"og:locale\" content=\"tr_TR\" \/>\n<meta property=\"og:type\" content=\"article\" \/>\n<meta property=\"og:title\" content=\"22ct Gold Sparkle Studs with CZ | Online at PureJewels UK\" \/>\n<meta property=\"og:description\" content=\"Discover timeless elegance with PureJewels\u2019 22ct Yellow Gold CZ Stud Earrings. Crafted with precision and rich heritage, perfect for daily wear or gifting.\" \/>\n<meta property=\"og:url\" content=\"https:\/\/www.purejewels.com\/tr\/urun\/22-ayar-altin-isiltili-kupe-cz-52416\/\" \/>\n<meta property=\"og:site_name\" content=\"PureJewels UK\" \/>\n<meta property=\"article:modified_time\" content=\"2026-03-11T05:15:55+00:00\" \/>\n<meta property=\"og:image\" content=\"https:\/\/static.purejewels.com\/wp-content\/uploads\/2025\/12\/SKU-52416.jpg\" \/>\n\t<meta property=\"og:image:width\" content=\"1000\" \/>\n\t<meta property=\"og:image:height\" content=\"1000\" \/>\n\t<meta property=\"og:image:type\" content=\"image\/jpeg\" \/>\n<meta name=\"twitter:card\" content=\"summary_large_image\" \/>\n<meta name=\"twitter:label1\" content=\"Tahmini okuma s\u00fcresi\" \/>\n\t<meta name=\"twitter:data1\" content=\"2 dakika\" \/>\n<script type=\"application\/ld+json\" class=\"yoast-schema-graph\">{\"@context\":\"https:\\\/\\\/schema.org\",\"@graph\":[{\"@type\":[\"WebPage\",\"ItemPage\"],\"@id\":\"https:\\\/\\\/www.purejewels.com\\\/product\\\/22ct-gold-sparkle-studs-with-cz-52416\\\/\",\"url\":\"https:\\\/\\\/www.purejewels.com\\\/product\\\/22ct-gold-sparkle-studs-with-cz-52416\\\/\",\"name\":\"22ct Gold Sparkle Studs with CZ | Online at PureJewels UK\",\"isPartOf\":{\"@id\":\"https:\\\/\\\/www.purejewels.com\\\/#website\"},\"primaryImageOfPage\":{\"@id\":\"https:\\\/\\\/www.purejewels.com\\\/product\\\/22ct-gold-sparkle-studs-with-cz-52416\\\/#primaryimage\"},\"image\":{\"@id\":\"https:\\\/\\\/www.purejewels.com\\\/product\\\/22ct-gold-sparkle-studs-with-cz-52416\\\/#primaryimage\"},\"thumbnailUrl\":\"https:\\\/\\\/static.purejewels.com\\\/wp-content\\\/uploads\\\/2025\\\/12\\\/SKU-52416.jpg\",\"datePublished\":\"2025-12-12T07:17:19+00:00\",\"dateModified\":\"2026-03-11T05:15:55+00:00\",\"description\":\"Discover timeless elegance with PureJewels\u2019 22ct Yellow Gold CZ Stud Earrings. Crafted with precision and rich heritage, perfect for daily wear or gifting.\",\"breadcrumb\":{\"@id\":\"https:\\\/\\\/www.purejewels.com\\\/product\\\/22ct-gold-sparkle-studs-with-cz-52416\\\/#breadcrumb\"},\"inLanguage\":\"tr\",\"potentialAction\":[{\"@type\":\"ReadAction\",\"target\":[\"https:\\\/\\\/www.purejewels.com\\\/product\\\/22ct-gold-sparkle-studs-with-cz-52416\\\/\"]}]},{\"@type\":\"ImageObject\",\"inLanguage\":\"tr\",\"@id\":\"https:\\\/\\\/www.purejewels.com\\\/product\\\/22ct-gold-sparkle-studs-with-cz-52416\\\/#primaryimage\",\"url\":\"https:\\\/\\\/static.purejewels.com\\\/wp-content\\\/uploads\\\/2025\\\/12\\\/SKU-52416.jpg\",\"contentUrl\":\"https:\\\/\\\/static.purejewels.com\\\/wp-content\\\/uploads\\\/2025\\\/12\\\/SKU-52416.jpg\",\"width\":1000,\"height\":1000,\"caption\":\"Stacked from 6 images. Method=B (R=8,S=4)\"},{\"@type\":\"BreadcrumbList\",\"@id\":\"https:\\\/\\\/www.purejewels.com\\\/product\\\/22ct-gold-sparkle-studs-with-cz-52416\\\/#breadcrumb\",\"itemListElement\":[{\"@type\":\"ListItem\",\"position\":1,\"name\":\"Home\",\"item\":\"https:\\\/\\\/www.purejewels.com\\\/\"},{\"@type\":\"ListItem\",\"position\":2,\"name\":\"Shop\",\"item\":\"https:\\\/\\\/www.purejewels.com\\\/shop\\\/\"},{\"@type\":\"ListItem\",\"position\":3,\"name\":\"22ct Gold Sparkle Studs with CZ\"}]},{\"@type\":\"WebSite\",\"@id\":\"https:\\\/\\\/www.purejewels.com\\\/#website\",\"url\":\"https:\\\/\\\/www.purejewels.com\\\/\",\"name\":\"PureJewels UK\",\"description\":\"Share the Love\",\"publisher\":{\"@id\":\"https:\\\/\\\/www.purejewels.com\\\/#organization\"},\"potentialAction\":[{\"@type\":\"SearchAction\",\"target\":{\"@type\":\"EntryPoint\",\"urlTemplate\":\"https:\\\/\\\/www.purejewels.com\\\/?s={search_term_string}\"},\"query-input\":{\"@type\":\"PropertyValueSpecification\",\"valueRequired\":true,\"valueName\":\"search_term_string\"}}],\"inLanguage\":\"tr\"},{\"@type\":\"Organization\",\"@id\":\"https:\\\/\\\/www.purejewels.com\\\/#organization\",\"name\":\"PureJewels UK\",\"url\":\"https:\\\/\\\/www.purejewels.com\\\/\",\"logo\":{\"@type\":\"ImageObject\",\"inLanguage\":\"tr\",\"@id\":\"https:\\\/\\\/www.purejewels.com\\\/#\\\/schema\\\/logo\\\/image\\\/\",\"url\":\"https:\\\/\\\/static.purejewels.com\\\/wp-content\\\/uploads\\\/2020\\\/11\\\/Logo-PJ-New-1.png\",\"contentUrl\":\"https:\\\/\\\/static.purejewels.com\\\/wp-content\\\/uploads\\\/2020\\\/11\\\/Logo-PJ-New-1.png\",\"width\":150,\"height\":80,\"caption\":\"PureJewels UK\"},\"image\":{\"@id\":\"https:\\\/\\\/www.purejewels.com\\\/#\\\/schema\\\/logo\\\/image\\\/\"}}]}<\/script>\n<!-- \/ Yoast SEO plugin. -->","yoast_head_json":{"title":"CZ ile 22 ayar alt\u0131n \u0131\u015f\u0131lt\u0131l\u0131 k\u00fcpeler | PureJewels UK'de \u00e7evrimi\u00e7i","description":"PureJewels'\u0131n 22 ayar sar\u0131 alt\u0131n CZ k\u00fcpe ile zamans\u0131z zarafeti ke\u015ffedin. Hassas i\u015f\u00e7ilik ve zengin mirasla \u00fcretilen bu k\u00fcpeler, g\u00fcnl\u00fck kullan\u0131m veya hediye etmek i\u00e7in m\u00fckemmeldir.","robots":{"index":"index","follow":"follow","max-snippet":"max-snippet:-1","max-image-preview":"max-image-preview:large","max-video-preview":"max-video-preview:-1"},"canonical":"https:\/\/www.purejewels.com\/tr\/urun\/22-ayar-altin-isiltili-kupe-cz-52416\/","og_locale":"tr_TR","og_type":"article","og_title":"22ct Gold Sparkle Studs with CZ | Online at PureJewels UK","og_description":"Discover timeless elegance with PureJewels\u2019 22ct Yellow Gold CZ Stud Earrings. Crafted with precision and rich heritage, perfect for daily wear or gifting.","og_url":"https:\/\/www.purejewels.com\/tr\/urun\/22-ayar-altin-isiltili-kupe-cz-52416\/","og_site_name":"PureJewels UK","article_modified_time":"2026-03-11T05:15:55+00:00","og_image":[{"width":1000,"height":1000,"url":"https:\/\/static.purejewels.com\/wp-content\/uploads\/2025\/12\/SKU-52416.jpg","type":"image\/jpeg"}],"twitter_card":"summary_large_image","twitter_misc":{"Tahmini okuma s\u00fcresi":"2 dakika"},"schema":{"@context":"https:\/\/schema.org","@graph":[{"@type":["WebPage","ItemPage"],"@id":"https:\/\/www.purejewels.com\/product\/22ct-gold-sparkle-studs-with-cz-52416\/","url":"https:\/\/www.purejewels.com\/product\/22ct-gold-sparkle-studs-with-cz-52416\/","name":"CZ ile 22 ayar alt\u0131n \u0131\u015f\u0131lt\u0131l\u0131 k\u00fcpeler | PureJewels UK'de \u00e7evrimi\u00e7i","isPartOf":{"@id":"https:\/\/www.purejewels.com\/#website"},"primaryImageOfPage":{"@id":"https:\/\/www.purejewels.com\/product\/22ct-gold-sparkle-studs-with-cz-52416\/#primaryimage"},"image":{"@id":"https:\/\/www.purejewels.com\/product\/22ct-gold-sparkle-studs-with-cz-52416\/#primaryimage"},"thumbnailUrl":"https:\/\/static.purejewels.com\/wp-content\/uploads\/2025\/12\/SKU-52416.jpg","datePublished":"2025-12-12T07:17:19+00:00","dateModified":"2026-03-11T05:15:55+00:00","description":"PureJewels'\u0131n 22 ayar sar\u0131 alt\u0131n CZ k\u00fcpe ile zamans\u0131z zarafeti ke\u015ffedin. Hassas i\u015f\u00e7ilik ve zengin mirasla \u00fcretilen bu k\u00fcpeler, g\u00fcnl\u00fck kullan\u0131m veya hediye etmek i\u00e7in m\u00fckemmeldir.","breadcrumb":{"@id":"https:\/\/www.purejewels.com\/product\/22ct-gold-sparkle-studs-with-cz-52416\/#breadcrumb"},"inLanguage":"tr","potentialAction":[{"@type":"ReadAction","target":["https:\/\/www.purejewels.com\/product\/22ct-gold-sparkle-studs-with-cz-52416\/"]}]},{"@type":"ImageObject","inLanguage":"tr","@id":"https:\/\/www.purejewels.com\/product\/22ct-gold-sparkle-studs-with-cz-52416\/#primaryimage","url":"https:\/\/static.purejewels.com\/wp-content\/uploads\/2025\/12\/SKU-52416.jpg","contentUrl":"https:\/\/static.purejewels.com\/wp-content\/uploads\/2025\/12\/SKU-52416.jpg","width":1000,"height":1000,"caption":"Stacked from 6 images. Method=B (R=8,S=4)"},{"@type":"BreadcrumbList","@id":"https:\/\/www.purejewels.com\/product\/22ct-gold-sparkle-studs-with-cz-52416\/#breadcrumb","itemListElement":[{"@type":"ListItem","position":1,"name":"Home","item":"https:\/\/www.purejewels.com\/"},{"@type":"ListItem","position":2,"name":"Shop","item":"https:\/\/www.purejewels.com\/shop\/"},{"@type":"ListItem","position":3,"name":"22ct Gold Sparkle Studs with CZ"}]},{"@type":"WebSite","@id":"https:\/\/www.purejewels.com\/#website","url":"https:\/\/www.purejewels.com\/","name":"PureJewels \u0130ngiltere","description":"Sevgiyi Payla\u015f\u0131n","publisher":{"@id":"https:\/\/www.purejewels.com\/#organization"},"potentialAction":[{"@type":"SearchAction","target":{"@type":"EntryPoint","urlTemplate":"https:\/\/www.purejewels.com\/?s={search_term_string}"},"query-input":{"@type":"PropertyValueSpecification","valueRequired":true,"valueName":"search_term_string"}}],"inLanguage":"tr"},{"@type":"Organization","@id":"https:\/\/www.purejewels.com\/#organization","name":"PureJewels \u0130ngiltere","url":"https:\/\/www.purejewels.com\/","logo":{"@type":"ImageObject","inLanguage":"tr","@id":"https:\/\/www.purejewels.com\/#\/schema\/logo\/image\/","url":"https:\/\/static.purejewels.com\/wp-content\/uploads\/2020\/11\/Logo-PJ-New-1.png","contentUrl":"https:\/\/static.purejewels.com\/wp-content\/uploads\/2020\/11\/Logo-PJ-New-1.png","width":150,"height":80,"caption":"PureJewels UK"},"image":{"@id":"https:\/\/www.purejewels.com\/#\/schema\/logo\/image\/"}}]}},"_links":{"self":[{"href":"https:\/\/www.purejewels.com\/tr\/wp-json\/wp\/v2\/product\/423027","targetHints":{"allow":["GET"]}}],"collection":[{"href":"https:\/\/www.purejewels.com\/tr\/wp-json\/wp\/v2\/product"}],"about":[{"href":"https:\/\/www.purejewels.com\/tr\/wp-json\/wp\/v2\/types\/product"}],"replies":[{"embeddable":true,"href":"https:\/\/www.purejewels.com\/tr\/wp-json\/wp\/v2\/comments?post=423027"}],"version-history":[{"count":1,"href":"https:\/\/www.purejewels.com\/tr\/wp-json\/wp\/v2\/product\/423027\/revisions"}],"predecessor-version":[{"id":423030,"href":"https:\/\/www.purejewels.com\/tr\/wp-json\/wp\/v2\/product\/423027\/revisions\/423030"}],"wp:featuredmedia":[{"embeddable":true,"href":"https:\/\/www.purejewels.com\/tr\/wp-json\/wp\/v2\/media\/423028"}],"wp:attachment":[{"href":"https:\/\/www.purejewels.com\/tr\/wp-json\/wp\/v2\/media?parent=423027"}],"wp:term":[{"taxonomy":"product_brand","embeddable":true,"href":"https:\/\/www.purejewels.com\/tr\/wp-json\/wp\/v2\/product_brand?post=423027"},{"taxonomy":"product_cat","embeddable":true,"href":"https:\/\/www.purejewels.com\/tr\/wp-json\/wp\/v2\/product_cat?post=423027"},{"taxonomy":"product_tag","embeddable":true,"href":"https:\/\/www.purejewels.com\/tr\/wp-json\/wp\/v2\/product_tag?post=423027"}],"curies":[{"name":"wp","href":"https:\/\/api.w.org\/{rel}","templated":true}]}}