{"id":423031,"date":"2025-12-12T07:38:35","date_gmt":"2025-12-12T07:38:35","guid":{"rendered":"https:\/\/www.purejewels.com\/?post_type=product&#038;p=423031"},"modified":"2026-03-19T08:13:14","modified_gmt":"2026-03-19T08:13:14","slug":"rodyum-53522-ile-22-ayar-altin-spiral-yuzuk","status":"publish","type":"product","link":"https:\/\/www.purejewels.com\/tr\/product\/22ct-gold-spiral-ring-with-rhodium-53522\/","title":{"rendered":"Rodyum ile 22 Ayar Alt\u0131n Spiral Y\u00fcz\u00fck"},"content":{"rendered":"<p><strong>Tasar\u0131m<\/strong><\/p>\n<p>Bu \u00f6zel par\u00e7a, piramit kesimli doku ve y\u00fcksek cilal\u0131 rodyum aksanlar\u0131n d\u00f6n\u00fc\u015f\u00fcml\u00fc panelleriyle s\u00fcslenmi\u015f \u00e7arp\u0131c\u0131 bir spiral siluet sergiliyor. Tasar\u0131m, PureJewels'in cesur zarafet esteti\u011fini somutla\u015ft\u0131ran hareketin ak\u0131\u015fkanl\u0131\u011f\u0131 ve yap\u0131n\u0131n g\u00fcc\u00fcnden ilham al\u0131yor. G\u00fcn Do\u011fumu Alt\u0131n\u0131, geleneksel sar\u0131 alt\u0131ndan ince bir \u015fekilde farkl\u0131 olarak \u0131\u015f\u0131lt\u0131l\u0131 bir s\u0131cakl\u0131k sunar ve y\u00fcz\u00fc\u011fe yumu\u015fak, \u00e7a\u011fda\u015f bir ton kazand\u0131r\u0131r.<\/p>\n<p><strong>Zanaatkarl\u0131k<\/strong><\/p>\n<p>PureJewels'in zanaatk\u00e2r k\u00f6klerinin bir kan\u0131t\u0131 olan bu y\u00fcz\u00fck, nesiller boyunca rafine edilmi\u015f geleneksel teknikler kullan\u0131larak at\u00f6lyemizde ustal\u0131kla \u00fcretilmi\u015ftir. Parlak 22 ayar G\u00fcndo\u011fumu Alt\u0131n\u0131, Londra Tahlil Ofisi taraf\u0131ndan damgalanm\u0131\u015ft\u0131r ve her bir rodyum b\u00f6l\u00fcm\u00fc, hem dayan\u0131kl\u0131l\u0131k hem de parlakl\u0131k sa\u011flamak i\u00e7in dikkatli bir hassasiyetle uygulanm\u0131\u015ft\u0131r.<\/p>\n<p><strong>Stil<\/strong><\/p>\n<p>\u0130fade \u015f\u0131kl\u0131\u011f\u0131 arayanlar i\u00e7in ideal olan Aurum Spiral Y\u00fcz\u00fck, g\u00fcnl\u00fck giyimden \u00f6zel g\u00fcnlere zahmetsizce ge\u00e7i\u015f yapar. A\u00e7\u0131k, heykelsi formu hafif, mimari bir dokunu\u015fla eli d\u00fczle\u015ftirir - tek ba\u015f\u0131na takmak veya se\u00e7ilmi\u015f bir m\u00fccevher y\u0131\u011f\u0131n\u0131 i\u00e7inde bir merkez par\u00e7as\u0131 olarak m\u00fckemmeldir.<\/p>","protected":false},"excerpt":{"rendered":"<p>I\u015f\u0131lt\u0131l\u0131 22 ayar alt\u0131ndan \u00fcretilen bu heykelsi spiral y\u00fcz\u00fck, modern miras\u0131n cesur bir ifadesi olan rodyum vurgular ve geometrik dokularla detayland\u0131r\u0131lm\u0131\u015ft\u0131r.<\/p>\n<p><strong>Malzeme:<\/strong> 22 Ayar Alt\u0131n<strong><br \/>\nHallmark:\u00a0<\/strong>\u0130ngiliz Damgas\u0131<strong><br \/>\n<\/strong><strong>Br\u00fct A\u011f\u0131rl\u0131k: <\/strong>7.1 Gms<br \/>\n<strong>SKU:<\/strong> 53522<\/p>\n<p><strong>Fiyat ve Teslimat<\/strong>: KDV ve teslimat \u00fccretleri dahil<br \/>\n<a href=\"https:\/\/www.purejewels.com\/tr\/i%cc%87ade-poli%cc%87ti%cc%87kasi\/\">\u0130ade Politikas\u0131<\/a><\/p>","protected":false},"featured_media":423032,"comment_status":"closed","ping_status":"closed","template":"","meta":{"_eb_attr":"","_crsspst_to_jayantr4sg-hostcom":true},"product_brand":[],"product_cat":[1791,1559,1785,1793,1792,1790,1229,1235,1783,1786,5353,1569,5349],"product_tag":[],"class_list":{"0":"post-423031","1":"product","2":"type-product","3":"status-publish","4":"has-post-thumbnail","6":"product_cat-anniversary-gifts","7":"product_cat-birthday-gifts","8":"product_cat-daily-wear-rings","9":"product_cat-diwali-gifts","10":"product_cat-festival-gifts","11":"product_cat-for-whom-when","12":"product_cat-22ct-gold-jewellery","13":"product_cat-gold-rings","14":"product_cat-ladies-rings","15":"product_cat-occasional-wear-rings","16":"product_cat-shop-by","17":"product_cat-valentine-day-gifts","18":"product_cat-yellow-gold-jewellery","20":"first","21":"instock","22":"taxable","23":"shipping-taxable","24":"purchasable","25":"product-type-simple","26":"add-to-wishlist-before_image"},"yoast_head":"<!-- This site is optimized with the Yoast SEO plugin v27.3 - https:\/\/yoast.com\/product\/yoast-seo-wordpress\/ -->\n<title>22ct Sunrise Gold Spiral Ring with Rhodium Detailing | PureJewels<\/title>\n<meta name=\"description\" content=\"Make a bold statement with our 22ct Sunrise Gold Spiral Ring. Featuring geometric textures and rhodium accents, crafted with precision and elegance.\" \/>\n<meta name=\"robots\" content=\"index, follow, max-snippet:-1, max-image-preview:large, max-video-preview:-1\" \/>\n<link rel=\"canonical\" href=\"https:\/\/www.purejewels.com\/tr\/urun\/rodyum-53522-ile-22-ayar-altin-spiral-yuzuk\/\" \/>\n<meta property=\"og:locale\" content=\"tr_TR\" \/>\n<meta property=\"og:type\" content=\"article\" \/>\n<meta property=\"og:title\" content=\"22ct Sunrise Gold Spiral Ring with Rhodium Detailing | PureJewels\" \/>\n<meta property=\"og:description\" content=\"Make a bold statement with our 22ct Sunrise Gold Spiral Ring. Featuring geometric textures and rhodium accents, crafted with precision and elegance.\" \/>\n<meta property=\"og:url\" content=\"https:\/\/www.purejewels.com\/tr\/urun\/rodyum-53522-ile-22-ayar-altin-spiral-yuzuk\/\" \/>\n<meta property=\"og:site_name\" content=\"PureJewels UK\" \/>\n<meta property=\"article:modified_time\" content=\"2026-03-19T08:13:14+00:00\" \/>\n<meta property=\"og:image\" content=\"https:\/\/static.purejewels.com\/wp-content\/uploads\/2025\/12\/SKU-53522.2.jpg\" \/>\n\t<meta property=\"og:image:width\" content=\"1000\" \/>\n\t<meta property=\"og:image:height\" content=\"1000\" \/>\n\t<meta property=\"og:image:type\" content=\"image\/jpeg\" \/>\n<meta name=\"twitter:card\" content=\"summary_large_image\" \/>\n<meta name=\"twitter:label1\" content=\"Tahmini okuma s\u00fcresi\" \/>\n\t<meta name=\"twitter:data1\" content=\"1 dakika\" \/>\n<script type=\"application\/ld+json\" class=\"yoast-schema-graph\">{\"@context\":\"https:\\\/\\\/schema.org\",\"@graph\":[{\"@type\":[\"WebPage\",\"ItemPage\"],\"@id\":\"https:\\\/\\\/www.purejewels.com\\\/product\\\/22ct-gold-spiral-ring-with-rhodium-53522\\\/\",\"url\":\"https:\\\/\\\/www.purejewels.com\\\/product\\\/22ct-gold-spiral-ring-with-rhodium-53522\\\/\",\"name\":\"22ct Sunrise Gold Spiral Ring with Rhodium Detailing | PureJewels\",\"isPartOf\":{\"@id\":\"https:\\\/\\\/www.purejewels.com\\\/#website\"},\"primaryImageOfPage\":{\"@id\":\"https:\\\/\\\/www.purejewels.com\\\/product\\\/22ct-gold-spiral-ring-with-rhodium-53522\\\/#primaryimage\"},\"image\":{\"@id\":\"https:\\\/\\\/www.purejewels.com\\\/product\\\/22ct-gold-spiral-ring-with-rhodium-53522\\\/#primaryimage\"},\"thumbnailUrl\":\"https:\\\/\\\/static.purejewels.com\\\/wp-content\\\/uploads\\\/2025\\\/12\\\/SKU-53522.2.jpg\",\"datePublished\":\"2025-12-12T07:38:35+00:00\",\"dateModified\":\"2026-03-19T08:13:14+00:00\",\"description\":\"Make a bold statement with our 22ct Sunrise Gold Spiral Ring. Featuring geometric textures and rhodium accents, crafted with precision and elegance.\",\"breadcrumb\":{\"@id\":\"https:\\\/\\\/www.purejewels.com\\\/product\\\/22ct-gold-spiral-ring-with-rhodium-53522\\\/#breadcrumb\"},\"inLanguage\":\"tr\",\"potentialAction\":[{\"@type\":\"ReadAction\",\"target\":[\"https:\\\/\\\/www.purejewels.com\\\/product\\\/22ct-gold-spiral-ring-with-rhodium-53522\\\/\"]}]},{\"@type\":\"ImageObject\",\"inLanguage\":\"tr\",\"@id\":\"https:\\\/\\\/www.purejewels.com\\\/product\\\/22ct-gold-spiral-ring-with-rhodium-53522\\\/#primaryimage\",\"url\":\"https:\\\/\\\/static.purejewels.com\\\/wp-content\\\/uploads\\\/2025\\\/12\\\/SKU-53522.2.jpg\",\"contentUrl\":\"https:\\\/\\\/static.purejewels.com\\\/wp-content\\\/uploads\\\/2025\\\/12\\\/SKU-53522.2.jpg\",\"width\":1000,\"height\":1000,\"caption\":\"Stacked from 8 images. Method=B (R=8,S=4)\"},{\"@type\":\"BreadcrumbList\",\"@id\":\"https:\\\/\\\/www.purejewels.com\\\/product\\\/22ct-gold-spiral-ring-with-rhodium-53522\\\/#breadcrumb\",\"itemListElement\":[{\"@type\":\"ListItem\",\"position\":1,\"name\":\"Home\",\"item\":\"https:\\\/\\\/www.purejewels.com\\\/\"},{\"@type\":\"ListItem\",\"position\":2,\"name\":\"Shop\",\"item\":\"https:\\\/\\\/www.purejewels.com\\\/shop\\\/\"},{\"@type\":\"ListItem\",\"position\":3,\"name\":\"22ct Gold Spiral Ring with Rhodium\"}]},{\"@type\":\"WebSite\",\"@id\":\"https:\\\/\\\/www.purejewels.com\\\/#website\",\"url\":\"https:\\\/\\\/www.purejewels.com\\\/\",\"name\":\"PureJewels UK\",\"description\":\"Share the Love\",\"publisher\":{\"@id\":\"https:\\\/\\\/www.purejewels.com\\\/#organization\"},\"potentialAction\":[{\"@type\":\"SearchAction\",\"target\":{\"@type\":\"EntryPoint\",\"urlTemplate\":\"https:\\\/\\\/www.purejewels.com\\\/?s={search_term_string}\"},\"query-input\":{\"@type\":\"PropertyValueSpecification\",\"valueRequired\":true,\"valueName\":\"search_term_string\"}}],\"inLanguage\":\"tr\"},{\"@type\":\"Organization\",\"@id\":\"https:\\\/\\\/www.purejewels.com\\\/#organization\",\"name\":\"PureJewels UK\",\"url\":\"https:\\\/\\\/www.purejewels.com\\\/\",\"logo\":{\"@type\":\"ImageObject\",\"inLanguage\":\"tr\",\"@id\":\"https:\\\/\\\/www.purejewels.com\\\/#\\\/schema\\\/logo\\\/image\\\/\",\"url\":\"https:\\\/\\\/static.purejewels.com\\\/wp-content\\\/uploads\\\/2020\\\/11\\\/Logo-PJ-New-1.png\",\"contentUrl\":\"https:\\\/\\\/static.purejewels.com\\\/wp-content\\\/uploads\\\/2020\\\/11\\\/Logo-PJ-New-1.png\",\"width\":150,\"height\":80,\"caption\":\"PureJewels UK\"},\"image\":{\"@id\":\"https:\\\/\\\/www.purejewels.com\\\/#\\\/schema\\\/logo\\\/image\\\/\"}}]}<\/script>\n<!-- \/ Yoast SEO plugin. -->","yoast_head_json":{"title":"Rodyum Detayl\u0131 22 Ayar G\u00fcndo\u011fumu Alt\u0131n Spiral Y\u00fcz\u00fck | PureJewels","description":"22ct Sunrise Gold Spiral Y\u00fcz\u00fc\u011f\u00fcm\u00fczle cesur bir ifade yarat\u0131n. Geometrik dokulara ve rodyum vurgulara sahip, hassasiyet ve zarafetle i\u015flenmi\u015ftir.","robots":{"index":"index","follow":"follow","max-snippet":"max-snippet:-1","max-image-preview":"max-image-preview:large","max-video-preview":"max-video-preview:-1"},"canonical":"https:\/\/www.purejewels.com\/tr\/urun\/rodyum-53522-ile-22-ayar-altin-spiral-yuzuk\/","og_locale":"tr_TR","og_type":"article","og_title":"22ct Sunrise Gold Spiral Ring with Rhodium Detailing | PureJewels","og_description":"Make a bold statement with our 22ct Sunrise Gold Spiral Ring. Featuring geometric textures and rhodium accents, crafted with precision and elegance.","og_url":"https:\/\/www.purejewels.com\/tr\/urun\/rodyum-53522-ile-22-ayar-altin-spiral-yuzuk\/","og_site_name":"PureJewels UK","article_modified_time":"2026-03-19T08:13:14+00:00","og_image":[{"width":1000,"height":1000,"url":"https:\/\/static.purejewels.com\/wp-content\/uploads\/2025\/12\/SKU-53522.2.jpg","type":"image\/jpeg"}],"twitter_card":"summary_large_image","twitter_misc":{"Tahmini okuma s\u00fcresi":"1 dakika"},"schema":{"@context":"https:\/\/schema.org","@graph":[{"@type":["WebPage","ItemPage"],"@id":"https:\/\/www.purejewels.com\/product\/22ct-gold-spiral-ring-with-rhodium-53522\/","url":"https:\/\/www.purejewels.com\/product\/22ct-gold-spiral-ring-with-rhodium-53522\/","name":"Rodyum Detayl\u0131 22 Ayar G\u00fcndo\u011fumu Alt\u0131n Spiral Y\u00fcz\u00fck | PureJewels","isPartOf":{"@id":"https:\/\/www.purejewels.com\/#website"},"primaryImageOfPage":{"@id":"https:\/\/www.purejewels.com\/product\/22ct-gold-spiral-ring-with-rhodium-53522\/#primaryimage"},"image":{"@id":"https:\/\/www.purejewels.com\/product\/22ct-gold-spiral-ring-with-rhodium-53522\/#primaryimage"},"thumbnailUrl":"https:\/\/static.purejewels.com\/wp-content\/uploads\/2025\/12\/SKU-53522.2.jpg","datePublished":"2025-12-12T07:38:35+00:00","dateModified":"2026-03-19T08:13:14+00:00","description":"22ct Sunrise Gold Spiral Y\u00fcz\u00fc\u011f\u00fcm\u00fczle cesur bir ifade yarat\u0131n. Geometrik dokulara ve rodyum vurgulara sahip, hassasiyet ve zarafetle i\u015flenmi\u015ftir.","breadcrumb":{"@id":"https:\/\/www.purejewels.com\/product\/22ct-gold-spiral-ring-with-rhodium-53522\/#breadcrumb"},"inLanguage":"tr","potentialAction":[{"@type":"ReadAction","target":["https:\/\/www.purejewels.com\/product\/22ct-gold-spiral-ring-with-rhodium-53522\/"]}]},{"@type":"ImageObject","inLanguage":"tr","@id":"https:\/\/www.purejewels.com\/product\/22ct-gold-spiral-ring-with-rhodium-53522\/#primaryimage","url":"https:\/\/static.purejewels.com\/wp-content\/uploads\/2025\/12\/SKU-53522.2.jpg","contentUrl":"https:\/\/static.purejewels.com\/wp-content\/uploads\/2025\/12\/SKU-53522.2.jpg","width":1000,"height":1000,"caption":"Stacked from 8 images. Method=B (R=8,S=4)"},{"@type":"BreadcrumbList","@id":"https:\/\/www.purejewels.com\/product\/22ct-gold-spiral-ring-with-rhodium-53522\/#breadcrumb","itemListElement":[{"@type":"ListItem","position":1,"name":"Home","item":"https:\/\/www.purejewels.com\/"},{"@type":"ListItem","position":2,"name":"Shop","item":"https:\/\/www.purejewels.com\/shop\/"},{"@type":"ListItem","position":3,"name":"22ct Gold Spiral Ring with Rhodium"}]},{"@type":"WebSite","@id":"https:\/\/www.purejewels.com\/#website","url":"https:\/\/www.purejewels.com\/","name":"PureJewels \u0130ngiltere","description":"Sevgiyi Payla\u015f\u0131n","publisher":{"@id":"https:\/\/www.purejewels.com\/#organization"},"potentialAction":[{"@type":"SearchAction","target":{"@type":"EntryPoint","urlTemplate":"https:\/\/www.purejewels.com\/?s={search_term_string}"},"query-input":{"@type":"PropertyValueSpecification","valueRequired":true,"valueName":"search_term_string"}}],"inLanguage":"tr"},{"@type":"Organization","@id":"https:\/\/www.purejewels.com\/#organization","name":"PureJewels \u0130ngiltere","url":"https:\/\/www.purejewels.com\/","logo":{"@type":"ImageObject","inLanguage":"tr","@id":"https:\/\/www.purejewels.com\/#\/schema\/logo\/image\/","url":"https:\/\/static.purejewels.com\/wp-content\/uploads\/2020\/11\/Logo-PJ-New-1.png","contentUrl":"https:\/\/static.purejewels.com\/wp-content\/uploads\/2020\/11\/Logo-PJ-New-1.png","width":150,"height":80,"caption":"PureJewels UK"},"image":{"@id":"https:\/\/www.purejewels.com\/#\/schema\/logo\/image\/"}}]}},"_links":{"self":[{"href":"https:\/\/www.purejewels.com\/tr\/wp-json\/wp\/v2\/product\/423031","targetHints":{"allow":["GET"]}}],"collection":[{"href":"https:\/\/www.purejewels.com\/tr\/wp-json\/wp\/v2\/product"}],"about":[{"href":"https:\/\/www.purejewels.com\/tr\/wp-json\/wp\/v2\/types\/product"}],"replies":[{"embeddable":true,"href":"https:\/\/www.purejewels.com\/tr\/wp-json\/wp\/v2\/comments?post=423031"}],"version-history":[{"count":3,"href":"https:\/\/www.purejewels.com\/tr\/wp-json\/wp\/v2\/product\/423031\/revisions"}],"predecessor-version":[{"id":427361,"href":"https:\/\/www.purejewels.com\/tr\/wp-json\/wp\/v2\/product\/423031\/revisions\/427361"}],"wp:featuredmedia":[{"embeddable":true,"href":"https:\/\/www.purejewels.com\/tr\/wp-json\/wp\/v2\/media\/423032"}],"wp:attachment":[{"href":"https:\/\/www.purejewels.com\/tr\/wp-json\/wp\/v2\/media?parent=423031"}],"wp:term":[{"taxonomy":"product_brand","embeddable":true,"href":"https:\/\/www.purejewels.com\/tr\/wp-json\/wp\/v2\/product_brand?post=423031"},{"taxonomy":"product_cat","embeddable":true,"href":"https:\/\/www.purejewels.com\/tr\/wp-json\/wp\/v2\/product_cat?post=423031"},{"taxonomy":"product_tag","embeddable":true,"href":"https:\/\/www.purejewels.com\/tr\/wp-json\/wp\/v2\/product_tag?post=423031"}],"curies":[{"name":"wp","href":"https:\/\/api.w.org\/{rel}","templated":true}]}}