{"id":423041,"date":"2025-12-11T09:42:51","date_gmt":"2025-12-11T09:42:51","guid":{"rendered":"https:\/\/www.purejewels.com\/?post_type=product&#038;p=423041"},"modified":"2026-01-06T05:08:57","modified_gmt":"2026-01-06T05:08:57","slug":"radiant-embrace-cz-halka-kupeler-22-ayar-sari-altin-54574","status":"publish","type":"product","link":"https:\/\/www.purejewels.com\/tr\/product\/radiant-embrace-cz-hoop-earrings-in-22ct-yellow-gold-54574\/","title":{"rendered":"22 ayar sar\u0131 alt\u0131n Radiant Embrace CZ halka k\u00fcpeler"},"content":{"rendered":"<p>Radiant Embrace CZ Hoops'u tan\u0131t\u0131yoruz \u2014 sessiz l\u00fcks\u00fc somutla\u015ft\u0131ran \u00e7a\u011fda\u015f bir temel aksesuar. 22 ayar sar\u0131 alt\u0131ndan \u00fcretilen bu k\u00fcpeler, PureJewels'in k\u00fclt\u00fcrel zenginlikle harmanlanm\u0131\u015f g\u00fcnl\u00fck zarafet vizyonunu yans\u0131t\u0131yor.<\/p>\n<p><strong>Tasar\u0131m<\/strong><\/p>\n<p>Hafif\u00e7e kavisli halka silueti, hassas bir \u015fekilde yerle\u015ftirilmi\u015f ikili CZ ta\u015f s\u0131ralar\u0131yla s\u00fcslenerek, g\u00f6steri\u015ften uzak, ince bir \u0131\u015f\u0131lt\u0131 sunar. A\u00e7\u0131k arka tasar\u0131m\u0131, formu hafif ve havadar tutarak k\u00fcpelerin \u0131\u015f\u0131\u011f\u0131 ak\u0131c\u0131 bir zarafetle yans\u0131tmas\u0131n\u0131 sa\u011flar. \u0130\u00e7 banttaki geometrik aral\u0131klar, g\u00f6ze \u00e7arpmayan mimari bir detay ekler \u2014 se\u00e7ici g\u00f6zler i\u00e7in d\u00fc\u015f\u00fcnceli bir dokunu\u015f.<\/p>\n<p><strong>Zanaatkarl\u0131k<\/strong><\/p>\n<p>Bu k\u00fcpeler, Londra'daki at\u00f6lyemizde geleneksel kuyumculuk teknikleri kullan\u0131larak el i\u015f\u00e7ili\u011fi ile \u00fcretilmi\u015ftir. Her bir ta\u015f, Londra Assay Office taraf\u0131ndan damgalanm\u0131\u015f 22 ayar alt\u0131n ile \u00f6zenle sabitlenmi\u015ftir. Kesintisiz mente\u015fe kapatma sistemi, g\u00fcvenli ve rahat bir kullan\u0131m sa\u011flar, bu da onlar\u0131 g\u00fcnl\u00fck kullan\u0131m i\u00e7in zarif bir aksesuar haline getirir.<\/p>\n<p><strong>Stil<\/strong><\/p>\n<p>Minimal s\u00fcslemelerle maksimum etkiyi tercih eden kad\u0131nlar i\u00e7in ideal olan bu k\u00fcpeler, sabah rit\u00fcellerinden ak\u015fam partilerine kadar her ortama kolayca uyum sa\u011flar. Tek ba\u015f\u0131na tak\u0131ld\u0131\u011f\u0131nda zarif bir sofistike hava katar. Katmanl\u0131 k\u00fcpeler veya yumu\u015fak bir zincirle birlikte tak\u0131ld\u0131\u011f\u0131nda ise modern ve \u00f6zenle se\u00e7ilmi\u015f bir zarafet yans\u0131t\u0131r.<\/p>","protected":false},"excerpt":{"rendered":"<p>Klasik halka k\u00fcpelere \u00e7a\u011fda\u015f bir yorum \u2014 saf 22 ayar sar\u0131 alt\u0131n \u00fczerine yerle\u015ftirilmi\u015f iki s\u0131ra \u0131\u015f\u0131lt\u0131l\u0131 CZ ta\u015f. Hafif, zarif ve sessizce b\u00fcy\u00fcleyici.<\/p>\n<ul>\n<li><strong>Malzeme:<\/strong> 22 Ayar Alt\u0131n<\/li>\n<li><strong>Hallmark: <\/strong>\u0130ngiliz Damgas\u0131<\/li>\n<li><strong>Br\u00fct A\u011f\u0131rl\u0131k: <\/strong>1.9 Gms<\/li>\n<li><strong>SKU:<\/strong>53573<\/li>\n<\/ul>\n<p><strong>Fiyat ve Teslimat: <\/strong>KDV ve teslimat \u00fccretleri dahil<br \/>\n<strong><a href=\"https:\/\/www.purejewels.com\/tr\/i%cc%87ade-poli%cc%87ti%cc%87kasi\/\">\u0130ade Politikas\u0131<\/a><\/strong><\/p>","protected":false},"featured_media":423042,"comment_status":"closed","ping_status":"closed","template":"","meta":{"_eb_attr":"","_crsspst_to_jayantr4sg-hostcom":true},"product_brand":[],"product_cat":[1793,1792,1790,1254,1229,1579,5343,5338,1573,1574,5349],"product_tag":[5933,5922,66,5919],"class_list":{"0":"post-423041","1":"product","2":"type-product","3":"status-publish","4":"has-post-thumbnail","6":"product_cat-diwali-gifts","7":"product_cat-festival-gifts","8":"product_cat-for-whom-when","9":"product_cat-gold-earrings","10":"product_cat-22ct-gold-jewellery","11":"product_cat-hoop-earrings","12":"product_cat-jewellery-under-550","13":"product_cat-shop-by-price","14":"product_cat-wedding-gifts","15":"product_cat-womens-jewellery","16":"product_cat-yellow-gold-jewellery","17":"product_tag-22ct-gold","18":"product_tag-22ct-gold-earrings","19":"product_tag-earrings","20":"product_tag-stud","22":"first","23":"outofstock","24":"taxable","25":"shipping-taxable","26":"product-type-simple","27":"add-to-wishlist-before_image"},"yoast_head":"<!-- This site is optimized with the Yoast SEO plugin v27.6 - https:\/\/yoast.com\/product\/yoast-seo-wordpress\/ -->\n<title>Refined CZ Hoop Earrings in 22ct Yellow Gold | PureJewels UK<\/title>\n<meta name=\"description\" content=\"Graceful and radiant, these 22ct gold hoops feature twin rows of CZ stones \u2014 understated brilliance in a timeless form, handcrafted to perfection.\" \/>\n<meta name=\"robots\" content=\"index, follow, max-snippet:-1, max-image-preview:large, max-video-preview:-1\" \/>\n<link rel=\"canonical\" href=\"https:\/\/www.purejewels.com\/tr\/urun\/radiant-embrace-cz-halka-kupeler-22-ayar-sari-altin-54574\/\" \/>\n<meta property=\"og:locale\" content=\"tr_TR\" \/>\n<meta property=\"og:type\" content=\"article\" \/>\n<meta property=\"og:title\" content=\"Refined CZ Hoop Earrings in 22ct Yellow Gold | PureJewels UK\" \/>\n<meta property=\"og:description\" content=\"Graceful and radiant, these 22ct gold hoops feature twin rows of CZ stones \u2014 understated brilliance in a timeless form, handcrafted to perfection.\" \/>\n<meta property=\"og:url\" content=\"https:\/\/www.purejewels.com\/tr\/urun\/radiant-embrace-cz-halka-kupeler-22-ayar-sari-altin-54574\/\" \/>\n<meta property=\"og:site_name\" content=\"PureJewels UK\" \/>\n<meta property=\"article:modified_time\" content=\"2026-01-06T05:08:57+00:00\" \/>\n<meta property=\"og:image\" content=\"https:\/\/static.purejewels.com\/wp-content\/uploads\/2025\/12\/SKU-53574.2.jpg\" \/>\n\t<meta property=\"og:image:width\" content=\"1000\" \/>\n\t<meta property=\"og:image:height\" content=\"1000\" \/>\n\t<meta property=\"og:image:type\" content=\"image\/jpeg\" \/>\n<meta name=\"twitter:card\" content=\"summary_large_image\" \/>\n<meta name=\"twitter:label1\" content=\"Tahmini okuma s\u00fcresi\" \/>\n\t<meta name=\"twitter:data1\" content=\"1 dakika\" \/>\n<script type=\"application\/ld+json\" class=\"yoast-schema-graph\">{\"@context\":\"https:\\\/\\\/schema.org\",\"@graph\":[{\"@type\":[\"WebPage\",\"ItemPage\"],\"@id\":\"https:\\\/\\\/www.purejewels.com\\\/product\\\/radiant-embrace-cz-hoop-earrings-in-22ct-yellow-gold-54574\\\/\",\"url\":\"https:\\\/\\\/www.purejewels.com\\\/product\\\/radiant-embrace-cz-hoop-earrings-in-22ct-yellow-gold-54574\\\/\",\"name\":\"Refined CZ Hoop Earrings in 22ct Yellow Gold | PureJewels UK\",\"isPartOf\":{\"@id\":\"https:\\\/\\\/www.purejewels.com\\\/#website\"},\"primaryImageOfPage\":{\"@id\":\"https:\\\/\\\/www.purejewels.com\\\/product\\\/radiant-embrace-cz-hoop-earrings-in-22ct-yellow-gold-54574\\\/#primaryimage\"},\"image\":{\"@id\":\"https:\\\/\\\/www.purejewels.com\\\/product\\\/radiant-embrace-cz-hoop-earrings-in-22ct-yellow-gold-54574\\\/#primaryimage\"},\"thumbnailUrl\":\"https:\\\/\\\/static.purejewels.com\\\/wp-content\\\/uploads\\\/2025\\\/12\\\/SKU-53574.2.jpg\",\"datePublished\":\"2025-12-11T09:42:51+00:00\",\"dateModified\":\"2026-01-06T05:08:57+00:00\",\"description\":\"Graceful and radiant, these 22ct gold hoops feature twin rows of CZ stones \u2014 understated brilliance in a timeless form, handcrafted to perfection.\",\"breadcrumb\":{\"@id\":\"https:\\\/\\\/www.purejewels.com\\\/product\\\/radiant-embrace-cz-hoop-earrings-in-22ct-yellow-gold-54574\\\/#breadcrumb\"},\"inLanguage\":\"tr\",\"potentialAction\":[{\"@type\":\"ReadAction\",\"target\":[\"https:\\\/\\\/www.purejewels.com\\\/product\\\/radiant-embrace-cz-hoop-earrings-in-22ct-yellow-gold-54574\\\/\"]}]},{\"@type\":\"ImageObject\",\"inLanguage\":\"tr\",\"@id\":\"https:\\\/\\\/www.purejewels.com\\\/product\\\/radiant-embrace-cz-hoop-earrings-in-22ct-yellow-gold-54574\\\/#primaryimage\",\"url\":\"https:\\\/\\\/static.purejewels.com\\\/wp-content\\\/uploads\\\/2025\\\/12\\\/SKU-53574.2.jpg\",\"contentUrl\":\"https:\\\/\\\/static.purejewels.com\\\/wp-content\\\/uploads\\\/2025\\\/12\\\/SKU-53574.2.jpg\",\"width\":1000,\"height\":1000,\"caption\":\"Stacked from 7 images. Method=B (R=8,S=4)\"},{\"@type\":\"BreadcrumbList\",\"@id\":\"https:\\\/\\\/www.purejewels.com\\\/product\\\/radiant-embrace-cz-hoop-earrings-in-22ct-yellow-gold-54574\\\/#breadcrumb\",\"itemListElement\":[{\"@type\":\"ListItem\",\"position\":1,\"name\":\"Home\",\"item\":\"https:\\\/\\\/www.purejewels.com\\\/\"},{\"@type\":\"ListItem\",\"position\":2,\"name\":\"Shop\",\"item\":\"https:\\\/\\\/www.purejewels.com\\\/shop\\\/\"},{\"@type\":\"ListItem\",\"position\":3,\"name\":\"Radiant Embrace CZ Hoop Earrings in 22ct Yellow Gold\"}]},{\"@type\":\"WebSite\",\"@id\":\"https:\\\/\\\/www.purejewels.com\\\/#website\",\"url\":\"https:\\\/\\\/www.purejewels.com\\\/\",\"name\":\"PureJewels UK\",\"description\":\"Share the Love\",\"publisher\":{\"@id\":\"https:\\\/\\\/www.purejewels.com\\\/#organization\"},\"potentialAction\":[{\"@type\":\"SearchAction\",\"target\":{\"@type\":\"EntryPoint\",\"urlTemplate\":\"https:\\\/\\\/www.purejewels.com\\\/?s={search_term_string}\"},\"query-input\":{\"@type\":\"PropertyValueSpecification\",\"valueRequired\":true,\"valueName\":\"search_term_string\"}}],\"inLanguage\":\"tr\"},{\"@type\":\"Organization\",\"@id\":\"https:\\\/\\\/www.purejewels.com\\\/#organization\",\"name\":\"PureJewels UK\",\"url\":\"https:\\\/\\\/www.purejewels.com\\\/\",\"logo\":{\"@type\":\"ImageObject\",\"inLanguage\":\"tr\",\"@id\":\"https:\\\/\\\/www.purejewels.com\\\/#\\\/schema\\\/logo\\\/image\\\/\",\"url\":\"https:\\\/\\\/static.purejewels.com\\\/wp-content\\\/uploads\\\/2020\\\/11\\\/Logo-PJ-New-1.png\",\"contentUrl\":\"https:\\\/\\\/static.purejewels.com\\\/wp-content\\\/uploads\\\/2020\\\/11\\\/Logo-PJ-New-1.png\",\"width\":150,\"height\":80,\"caption\":\"PureJewels UK\"},\"image\":{\"@id\":\"https:\\\/\\\/www.purejewels.com\\\/#\\\/schema\\\/logo\\\/image\\\/\"}}]}<\/script>\n<!-- \/ Yoast SEO plugin. -->","yoast_head_json":{"title":"22 ayar sar\u0131 alt\u0131n rafine CZ halka k\u00fcpeler | PureJewels UK","description":"Zarif ve \u0131\u015f\u0131lt\u0131l\u0131 bu 22 ayar alt\u0131n k\u00fcpeler, iki s\u0131ra CZ ta\u015flarla s\u00fcslenmi\u015ftir \u2014 zamans\u0131z bir formda sade bir \u0131\u015f\u0131lt\u0131, m\u00fckemmelli\u011fe ula\u015fmak i\u00e7in el i\u015f\u00e7ili\u011fi ile \u00fcretilmi\u015ftir.","robots":{"index":"index","follow":"follow","max-snippet":"max-snippet:-1","max-image-preview":"max-image-preview:large","max-video-preview":"max-video-preview:-1"},"canonical":"https:\/\/www.purejewels.com\/tr\/urun\/radiant-embrace-cz-halka-kupeler-22-ayar-sari-altin-54574\/","og_locale":"tr_TR","og_type":"article","og_title":"Refined CZ Hoop Earrings in 22ct Yellow Gold | PureJewels UK","og_description":"Graceful and radiant, these 22ct gold hoops feature twin rows of CZ stones \u2014 understated brilliance in a timeless form, handcrafted to perfection.","og_url":"https:\/\/www.purejewels.com\/tr\/urun\/radiant-embrace-cz-halka-kupeler-22-ayar-sari-altin-54574\/","og_site_name":"PureJewels UK","article_modified_time":"2026-01-06T05:08:57+00:00","og_image":[{"width":1000,"height":1000,"url":"https:\/\/static.purejewels.com\/wp-content\/uploads\/2025\/12\/SKU-53574.2.jpg","type":"image\/jpeg"}],"twitter_card":"summary_large_image","twitter_misc":{"Tahmini okuma s\u00fcresi":"1 dakika"},"schema":{"@context":"https:\/\/schema.org","@graph":[{"@type":["WebPage","ItemPage"],"@id":"https:\/\/www.purejewels.com\/product\/radiant-embrace-cz-hoop-earrings-in-22ct-yellow-gold-54574\/","url":"https:\/\/www.purejewels.com\/product\/radiant-embrace-cz-hoop-earrings-in-22ct-yellow-gold-54574\/","name":"22 ayar sar\u0131 alt\u0131n rafine CZ halka k\u00fcpeler | PureJewels UK","isPartOf":{"@id":"https:\/\/www.purejewels.com\/#website"},"primaryImageOfPage":{"@id":"https:\/\/www.purejewels.com\/product\/radiant-embrace-cz-hoop-earrings-in-22ct-yellow-gold-54574\/#primaryimage"},"image":{"@id":"https:\/\/www.purejewels.com\/product\/radiant-embrace-cz-hoop-earrings-in-22ct-yellow-gold-54574\/#primaryimage"},"thumbnailUrl":"https:\/\/static.purejewels.com\/wp-content\/uploads\/2025\/12\/SKU-53574.2.jpg","datePublished":"2025-12-11T09:42:51+00:00","dateModified":"2026-01-06T05:08:57+00:00","description":"Zarif ve \u0131\u015f\u0131lt\u0131l\u0131 bu 22 ayar alt\u0131n k\u00fcpeler, iki s\u0131ra CZ ta\u015flarla s\u00fcslenmi\u015ftir \u2014 zamans\u0131z bir formda sade bir \u0131\u015f\u0131lt\u0131, m\u00fckemmelli\u011fe ula\u015fmak i\u00e7in el i\u015f\u00e7ili\u011fi ile \u00fcretilmi\u015ftir.","breadcrumb":{"@id":"https:\/\/www.purejewels.com\/product\/radiant-embrace-cz-hoop-earrings-in-22ct-yellow-gold-54574\/#breadcrumb"},"inLanguage":"tr","potentialAction":[{"@type":"ReadAction","target":["https:\/\/www.purejewels.com\/product\/radiant-embrace-cz-hoop-earrings-in-22ct-yellow-gold-54574\/"]}]},{"@type":"ImageObject","inLanguage":"tr","@id":"https:\/\/www.purejewels.com\/product\/radiant-embrace-cz-hoop-earrings-in-22ct-yellow-gold-54574\/#primaryimage","url":"https:\/\/static.purejewels.com\/wp-content\/uploads\/2025\/12\/SKU-53574.2.jpg","contentUrl":"https:\/\/static.purejewels.com\/wp-content\/uploads\/2025\/12\/SKU-53574.2.jpg","width":1000,"height":1000,"caption":"Stacked from 7 images. Method=B (R=8,S=4)"},{"@type":"BreadcrumbList","@id":"https:\/\/www.purejewels.com\/product\/radiant-embrace-cz-hoop-earrings-in-22ct-yellow-gold-54574\/#breadcrumb","itemListElement":[{"@type":"ListItem","position":1,"name":"Home","item":"https:\/\/www.purejewels.com\/"},{"@type":"ListItem","position":2,"name":"Shop","item":"https:\/\/www.purejewels.com\/shop\/"},{"@type":"ListItem","position":3,"name":"Radiant Embrace CZ Hoop Earrings in 22ct Yellow Gold"}]},{"@type":"WebSite","@id":"https:\/\/www.purejewels.com\/#website","url":"https:\/\/www.purejewels.com\/","name":"PureJewels \u0130ngiltere","description":"Sevgiyi Payla\u015f\u0131n","publisher":{"@id":"https:\/\/www.purejewels.com\/#organization"},"potentialAction":[{"@type":"SearchAction","target":{"@type":"EntryPoint","urlTemplate":"https:\/\/www.purejewels.com\/?s={search_term_string}"},"query-input":{"@type":"PropertyValueSpecification","valueRequired":true,"valueName":"search_term_string"}}],"inLanguage":"tr"},{"@type":"Organization","@id":"https:\/\/www.purejewels.com\/#organization","name":"PureJewels \u0130ngiltere","url":"https:\/\/www.purejewels.com\/","logo":{"@type":"ImageObject","inLanguage":"tr","@id":"https:\/\/www.purejewels.com\/#\/schema\/logo\/image\/","url":"https:\/\/static.purejewels.com\/wp-content\/uploads\/2020\/11\/Logo-PJ-New-1.png","contentUrl":"https:\/\/static.purejewels.com\/wp-content\/uploads\/2020\/11\/Logo-PJ-New-1.png","width":150,"height":80,"caption":"PureJewels UK"},"image":{"@id":"https:\/\/www.purejewels.com\/#\/schema\/logo\/image\/"}}]}},"_links":{"self":[{"href":"https:\/\/www.purejewels.com\/tr\/wp-json\/wp\/v2\/product\/423041","targetHints":{"allow":["GET"]}}],"collection":[{"href":"https:\/\/www.purejewels.com\/tr\/wp-json\/wp\/v2\/product"}],"about":[{"href":"https:\/\/www.purejewels.com\/tr\/wp-json\/wp\/v2\/types\/product"}],"replies":[{"embeddable":true,"href":"https:\/\/www.purejewels.com\/tr\/wp-json\/wp\/v2\/comments?post=423041"}],"version-history":[{"count":1,"href":"https:\/\/www.purejewels.com\/tr\/wp-json\/wp\/v2\/product\/423041\/revisions"}],"predecessor-version":[{"id":423044,"href":"https:\/\/www.purejewels.com\/tr\/wp-json\/wp\/v2\/product\/423041\/revisions\/423044"}],"wp:featuredmedia":[{"embeddable":true,"href":"https:\/\/www.purejewels.com\/tr\/wp-json\/wp\/v2\/media\/423042"}],"wp:attachment":[{"href":"https:\/\/www.purejewels.com\/tr\/wp-json\/wp\/v2\/media?parent=423041"}],"wp:term":[{"taxonomy":"product_brand","embeddable":true,"href":"https:\/\/www.purejewels.com\/tr\/wp-json\/wp\/v2\/product_brand?post=423041"},{"taxonomy":"product_cat","embeddable":true,"href":"https:\/\/www.purejewels.com\/tr\/wp-json\/wp\/v2\/product_cat?post=423041"},{"taxonomy":"product_tag","embeddable":true,"href":"https:\/\/www.purejewels.com\/tr\/wp-json\/wp\/v2\/product_tag?post=423041"}],"curies":[{"name":"wp","href":"https:\/\/api.w.org\/{rel}","templated":true}]}}