{"id":423052,"date":"2025-12-12T11:38:25","date_gmt":"2025-12-12T11:38:25","guid":{"rendered":"https:\/\/www.purejewels.com\/?post_type=product&#038;p=423052"},"modified":"2026-05-08T04:49:32","modified_gmt":"2026-05-08T03:49:32","slug":"22-ayar-altin-zariya-vanki-yuzuk-bedeni-r-53187","status":"publish","type":"product","link":"https:\/\/www.purejewels.com\/tr\/product\/22ct-sunrise-gold-zariya-vanki-ring-size-r-53187\/","title":{"rendered":"22 ayar Sunrise Gold Zariya Vanki Y\u00fcz\u00fck | Beden R"},"content":{"rendered":"<p>Sade ama son derece zarif olan 22 ayar Sunrise Gold'dan \u00fcretilen Zariya Vanki Y\u00fcz\u00fck, geleneksel G\u00fcney Asya tasar\u0131m\u0131n\u0131 en saf haliyle onurland\u0131r\u0131yor \u2014 formu, i\u015f\u00e7ili\u011fi ve sessiz g\u00fcc\u00fc kutluyor.<\/p>\n<p><strong>Tasar\u0131m<\/strong><\/p>\n<p>Klasik Vanki veya kol band\u0131 \u015feklinden esinlenen bu y\u00fcz\u00fck, y\u00fczy\u0131llard\u0131r s\u00fcren k\u00fclt\u00fcrel \u00f6nemi yans\u0131tan zarif ters kemer \u015fekline sahiptir. Bant\u0131n tamam\u0131 b\u00fck\u00fclm\u00fc\u015f ip dokusuyla detayland\u0131r\u0131lm\u0131\u015f olup, derinlik, boyut ve sembolik s\u00fcreklilik katmaktad\u0131r. Ak\u0131c\u0131 silueti parma\u011f\u0131 nazik\u00e7e sararken, a\u00e7\u0131k tasar\u0131m\u0131 havadar bir zarafet katmaktad\u0131r.<\/p>\n<p><strong>Zanaatkarl\u0131k<\/strong><\/p>\n<p>Yumu\u015fak parlakl\u0131\u011f\u0131 ve zengin s\u0131cakl\u0131\u011f\u0131yla tan\u0131nan 22 ayar Sunrise Gold ile el yap\u0131m\u0131 olarak \u00fcretilen bu par\u00e7a, PureJewels'in geleneksel teknikleri modern duyarl\u0131l\u0131kla koruma konusundaki kararl\u0131l\u0131\u011f\u0131n\u0131 yans\u0131t\u0131yor. B\u00fck\u00fcml\u00fc detaylar, m\u00fckemmel simetri ve dengeyi korumak i\u00e7in hassas aletler gerektirir. Y\u00fcz\u00fck tamamen ayarlanabilir ve safl\u0131\u011f\u0131 ve orijinalli\u011finin garantisi olan London Assay Office taraf\u0131ndan damgalanm\u0131\u015ft\u0131r.<\/p>\n<p><strong>Stil<\/strong><\/p>\n<p>Ta\u015f veya \u00e7i\u00e7ek motifleri i\u00e7ermeyen bu par\u00e7a, yap\u0131sal sadeli\u011fi ile dikkat \u00e7ekiyor. K\u00fclt\u00fcrel derinli\u011fi olan minimalist tak\u0131lar\u0131 sevenler i\u00e7in ideal olan Zariya Vanki Y\u00fcz\u00fck, tek ba\u015f\u0131na zarif bir ifade i\u00e7in tak\u0131labilece\u011fi gibi, kontrast olu\u015fturmak i\u00e7in tamamlay\u0131c\u0131 \u00e7i\u00e7ek veya de\u011ferli ta\u015f y\u00fcz\u00fcklerle birlikte de tak\u0131labilir.<\/p>","protected":false},"excerpt":{"rendered":"<p>Minimalist ancak \u00e7arp\u0131c\u0131 olan Zariya Vanki y\u00fcz\u00fck, 22 ayar Sunrise Gold'dan el i\u015f\u00e7ili\u011fi ile \u00fcretilmi\u015ftir. B\u00fck\u00fclm\u00fc\u015f ip kaplamas\u0131 ve a\u00e7\u0131k, heykelsi silueti ile giyilebilir bir miras\u0131n yeniden yorumlanmas\u0131d\u0131r.<\/p>\n<p><strong>Malzeme:<\/strong> 22 Ayar G\u00fcndo\u011fumu Alt\u0131n<br \/>\n<strong>Safl\u0131k:<\/strong> 91.6% saf alt\u0131n<br \/>\n<strong>Hallmark:<\/strong> \u0130ngiliz Damgas\u0131<br \/>\n<strong>SKU:<\/strong> 53187<br \/>\n<strong>A\u011f\u0131rl\u0131k:<\/strong> 2.4Gms<br \/>\n<strong>Y\u00fcz\u00fck \u00d6l\u00e7\u00fcs\u00fc:<\/strong> R<\/p>\n<p><strong>Fiyat ve Teslimat:<\/strong>\u00a0KDV ve teslimat \u00fccretleri dahil<br \/>\n<a href=\"https:\/\/www.purejewels.com\/tr\/i%cc%87ade-poli%cc%87ti%cc%87kasi\/\"><strong>\u0130ade Politikas\u0131<\/strong><\/a><\/p>","protected":false},"featured_media":423054,"comment_status":"closed","ping_status":"closed","template":"","meta":{"_eb_attr":"","_crsspst_to_jayantr4sg-hostcom":false},"product_brand":[],"product_cat":[1559,1794,5701,1792,1229,1235,1783,1786,1573,1574],"product_tag":[],"class_list":{"0":"post-423052","1":"product","2":"type-product","3":"status-publish","4":"has-post-thumbnail","6":"product_cat-birthday-gifts","7":"product_cat-christmas-gifts","8":"product_cat-eid-jewellery","9":"product_cat-festival-gifts","10":"product_cat-22ct-gold-jewellery","11":"product_cat-gold-rings","12":"product_cat-ladies-rings","13":"product_cat-occasional-wear-rings","14":"product_cat-wedding-gifts","15":"product_cat-womens-jewellery","17":"first","18":"outofstock","19":"taxable","20":"shipping-taxable","21":"product-type-simple","22":"add-to-wishlist-before_image"},"yoast_head":"<!-- This site is optimized with the Yoast SEO plugin v27.5 - https:\/\/yoast.com\/product\/yoast-seo-wordpress\/ -->\n<title>22ct Sunrise Gold Zariya Vanki Ring | PureJewels London<\/title>\n<meta name=\"description\" content=\"A graceful nod to tradition, the Zariya Vanki Ring in 22ct Sunrise Gold features a sculptural silhouette with twisted rope texture \u2014 elegant, adjustable.\" \/>\n<meta name=\"robots\" content=\"index, follow, max-snippet:-1, max-image-preview:large, max-video-preview:-1\" \/>\n<link rel=\"canonical\" href=\"https:\/\/www.purejewels.com\/tr\/urun\/22-ayar-altin-zariya-vanki-yuzuk-bedeni-r-53187\/\" \/>\n<meta property=\"og:locale\" content=\"tr_TR\" \/>\n<meta property=\"og:type\" content=\"article\" \/>\n<meta property=\"og:title\" content=\"22ct Sunrise Gold Zariya Vanki Ring | PureJewels London\" \/>\n<meta property=\"og:description\" content=\"A graceful nod to tradition, the Zariya Vanki Ring in 22ct Sunrise Gold features a sculptural silhouette with twisted rope texture \u2014 elegant, adjustable.\" \/>\n<meta property=\"og:url\" content=\"https:\/\/www.purejewels.com\/tr\/urun\/22-ayar-altin-zariya-vanki-yuzuk-bedeni-r-53187\/\" \/>\n<meta property=\"og:site_name\" content=\"PureJewels UK\" \/>\n<meta property=\"article:modified_time\" content=\"2026-05-08T03:49:32+00:00\" \/>\n<meta property=\"og:image\" content=\"https:\/\/static.purejewels.com\/wp-content\/uploads\/2025\/12\/SKU-53187.jpg\" \/>\n\t<meta property=\"og:image:width\" content=\"1000\" \/>\n\t<meta property=\"og:image:height\" content=\"1000\" \/>\n\t<meta property=\"og:image:type\" content=\"image\/jpeg\" \/>\n<meta name=\"twitter:card\" content=\"summary_large_image\" \/>\n<meta name=\"twitter:label1\" content=\"Tahmini okuma s\u00fcresi\" \/>\n\t<meta name=\"twitter:data1\" content=\"2 dakika\" \/>\n<script type=\"application\/ld+json\" class=\"yoast-schema-graph\">{\"@context\":\"https:\\\/\\\/schema.org\",\"@graph\":[{\"@type\":[\"WebPage\",\"ItemPage\"],\"@id\":\"https:\\\/\\\/www.purejewels.com\\\/product\\\/22ct-sunrise-gold-zariya-vanki-ring-size-r-53187\\\/\",\"url\":\"https:\\\/\\\/www.purejewels.com\\\/product\\\/22ct-sunrise-gold-zariya-vanki-ring-size-r-53187\\\/\",\"name\":\"22ct Sunrise Gold Zariya Vanki Ring | PureJewels London\",\"isPartOf\":{\"@id\":\"https:\\\/\\\/www.purejewels.com\\\/#website\"},\"primaryImageOfPage\":{\"@id\":\"https:\\\/\\\/www.purejewels.com\\\/product\\\/22ct-sunrise-gold-zariya-vanki-ring-size-r-53187\\\/#primaryimage\"},\"image\":{\"@id\":\"https:\\\/\\\/www.purejewels.com\\\/product\\\/22ct-sunrise-gold-zariya-vanki-ring-size-r-53187\\\/#primaryimage\"},\"thumbnailUrl\":\"https:\\\/\\\/static.purejewels.com\\\/wp-content\\\/uploads\\\/2025\\\/12\\\/SKU-53187.jpg\",\"datePublished\":\"2025-12-12T11:38:25+00:00\",\"dateModified\":\"2026-05-08T03:49:32+00:00\",\"description\":\"A graceful nod to tradition, the Zariya Vanki Ring in 22ct Sunrise Gold features a sculptural silhouette with twisted rope texture \u2014 elegant, adjustable.\",\"breadcrumb\":{\"@id\":\"https:\\\/\\\/www.purejewels.com\\\/product\\\/22ct-sunrise-gold-zariya-vanki-ring-size-r-53187\\\/#breadcrumb\"},\"inLanguage\":\"tr\",\"potentialAction\":[{\"@type\":\"ReadAction\",\"target\":[\"https:\\\/\\\/www.purejewels.com\\\/product\\\/22ct-sunrise-gold-zariya-vanki-ring-size-r-53187\\\/\"]}]},{\"@type\":\"ImageObject\",\"inLanguage\":\"tr\",\"@id\":\"https:\\\/\\\/www.purejewels.com\\\/product\\\/22ct-sunrise-gold-zariya-vanki-ring-size-r-53187\\\/#primaryimage\",\"url\":\"https:\\\/\\\/static.purejewels.com\\\/wp-content\\\/uploads\\\/2025\\\/12\\\/SKU-53187.jpg\",\"contentUrl\":\"https:\\\/\\\/static.purejewels.com\\\/wp-content\\\/uploads\\\/2025\\\/12\\\/SKU-53187.jpg\",\"width\":1000,\"height\":1000,\"caption\":\"Stacked from 6 images. Method=B (R=8,S=4)\"},{\"@type\":\"BreadcrumbList\",\"@id\":\"https:\\\/\\\/www.purejewels.com\\\/product\\\/22ct-sunrise-gold-zariya-vanki-ring-size-r-53187\\\/#breadcrumb\",\"itemListElement\":[{\"@type\":\"ListItem\",\"position\":1,\"name\":\"Home\",\"item\":\"https:\\\/\\\/www.purejewels.com\\\/\"},{\"@type\":\"ListItem\",\"position\":2,\"name\":\"Shop\",\"item\":\"https:\\\/\\\/www.purejewels.com\\\/shop\\\/\"},{\"@type\":\"ListItem\",\"position\":3,\"name\":\"22ct Sunrise Gold Zariya Vanki Ring | Size R\"}]},{\"@type\":\"WebSite\",\"@id\":\"https:\\\/\\\/www.purejewels.com\\\/#website\",\"url\":\"https:\\\/\\\/www.purejewels.com\\\/\",\"name\":\"PureJewels UK\",\"description\":\"Share the Love\",\"publisher\":{\"@id\":\"https:\\\/\\\/www.purejewels.com\\\/#organization\"},\"potentialAction\":[{\"@type\":\"SearchAction\",\"target\":{\"@type\":\"EntryPoint\",\"urlTemplate\":\"https:\\\/\\\/www.purejewels.com\\\/?s={search_term_string}\"},\"query-input\":{\"@type\":\"PropertyValueSpecification\",\"valueRequired\":true,\"valueName\":\"search_term_string\"}}],\"inLanguage\":\"tr\"},{\"@type\":\"Organization\",\"@id\":\"https:\\\/\\\/www.purejewels.com\\\/#organization\",\"name\":\"PureJewels UK\",\"url\":\"https:\\\/\\\/www.purejewels.com\\\/\",\"logo\":{\"@type\":\"ImageObject\",\"inLanguage\":\"tr\",\"@id\":\"https:\\\/\\\/www.purejewels.com\\\/#\\\/schema\\\/logo\\\/image\\\/\",\"url\":\"https:\\\/\\\/static.purejewels.com\\\/wp-content\\\/uploads\\\/2020\\\/11\\\/Logo-PJ-New-1.png\",\"contentUrl\":\"https:\\\/\\\/static.purejewels.com\\\/wp-content\\\/uploads\\\/2020\\\/11\\\/Logo-PJ-New-1.png\",\"width\":150,\"height\":80,\"caption\":\"PureJewels UK\"},\"image\":{\"@id\":\"https:\\\/\\\/www.purejewels.com\\\/#\\\/schema\\\/logo\\\/image\\\/\"}}]}<\/script>\n<!-- \/ Yoast SEO plugin. -->","yoast_head_json":{"title":"22 ayar Sunrise Gold Zariya Vanki Y\u00fcz\u00fck | PureJewels Londra","description":"Geleneklere zarif bir selam niteli\u011findeki 22 ayar Sunrise Gold Zariya Vanki Y\u00fcz\u00fck, b\u00fck\u00fclm\u00fc\u015f ip dokusu ile heykelsi bir siluete sahiptir \u2014 zarif ve ayarlanabilir.","robots":{"index":"index","follow":"follow","max-snippet":"max-snippet:-1","max-image-preview":"max-image-preview:large","max-video-preview":"max-video-preview:-1"},"canonical":"https:\/\/www.purejewels.com\/tr\/urun\/22-ayar-altin-zariya-vanki-yuzuk-bedeni-r-53187\/","og_locale":"tr_TR","og_type":"article","og_title":"22ct Sunrise Gold Zariya Vanki Ring | PureJewels London","og_description":"A graceful nod to tradition, the Zariya Vanki Ring in 22ct Sunrise Gold features a sculptural silhouette with twisted rope texture \u2014 elegant, adjustable.","og_url":"https:\/\/www.purejewels.com\/tr\/urun\/22-ayar-altin-zariya-vanki-yuzuk-bedeni-r-53187\/","og_site_name":"PureJewels UK","article_modified_time":"2026-05-08T03:49:32+00:00","og_image":[{"width":1000,"height":1000,"url":"https:\/\/static.purejewels.com\/wp-content\/uploads\/2025\/12\/SKU-53187.jpg","type":"image\/jpeg"}],"twitter_card":"summary_large_image","twitter_misc":{"Tahmini okuma s\u00fcresi":"2 dakika"},"schema":{"@context":"https:\/\/schema.org","@graph":[{"@type":["WebPage","ItemPage"],"@id":"https:\/\/www.purejewels.com\/product\/22ct-sunrise-gold-zariya-vanki-ring-size-r-53187\/","url":"https:\/\/www.purejewels.com\/product\/22ct-sunrise-gold-zariya-vanki-ring-size-r-53187\/","name":"22 ayar Sunrise Gold Zariya Vanki Y\u00fcz\u00fck | PureJewels Londra","isPartOf":{"@id":"https:\/\/www.purejewels.com\/#website"},"primaryImageOfPage":{"@id":"https:\/\/www.purejewels.com\/product\/22ct-sunrise-gold-zariya-vanki-ring-size-r-53187\/#primaryimage"},"image":{"@id":"https:\/\/www.purejewels.com\/product\/22ct-sunrise-gold-zariya-vanki-ring-size-r-53187\/#primaryimage"},"thumbnailUrl":"https:\/\/static.purejewels.com\/wp-content\/uploads\/2025\/12\/SKU-53187.jpg","datePublished":"2025-12-12T11:38:25+00:00","dateModified":"2026-05-08T03:49:32+00:00","description":"Geleneklere zarif bir selam niteli\u011findeki 22 ayar Sunrise Gold Zariya Vanki Y\u00fcz\u00fck, b\u00fck\u00fclm\u00fc\u015f ip dokusu ile heykelsi bir siluete sahiptir \u2014 zarif ve ayarlanabilir.","breadcrumb":{"@id":"https:\/\/www.purejewels.com\/product\/22ct-sunrise-gold-zariya-vanki-ring-size-r-53187\/#breadcrumb"},"inLanguage":"tr","potentialAction":[{"@type":"ReadAction","target":["https:\/\/www.purejewels.com\/product\/22ct-sunrise-gold-zariya-vanki-ring-size-r-53187\/"]}]},{"@type":"ImageObject","inLanguage":"tr","@id":"https:\/\/www.purejewels.com\/product\/22ct-sunrise-gold-zariya-vanki-ring-size-r-53187\/#primaryimage","url":"https:\/\/static.purejewels.com\/wp-content\/uploads\/2025\/12\/SKU-53187.jpg","contentUrl":"https:\/\/static.purejewels.com\/wp-content\/uploads\/2025\/12\/SKU-53187.jpg","width":1000,"height":1000,"caption":"Stacked from 6 images. Method=B (R=8,S=4)"},{"@type":"BreadcrumbList","@id":"https:\/\/www.purejewels.com\/product\/22ct-sunrise-gold-zariya-vanki-ring-size-r-53187\/#breadcrumb","itemListElement":[{"@type":"ListItem","position":1,"name":"Home","item":"https:\/\/www.purejewels.com\/"},{"@type":"ListItem","position":2,"name":"Shop","item":"https:\/\/www.purejewels.com\/shop\/"},{"@type":"ListItem","position":3,"name":"22ct Sunrise Gold Zariya Vanki Ring | Size R"}]},{"@type":"WebSite","@id":"https:\/\/www.purejewels.com\/#website","url":"https:\/\/www.purejewels.com\/","name":"PureJewels \u0130ngiltere","description":"Sevgiyi Payla\u015f\u0131n","publisher":{"@id":"https:\/\/www.purejewels.com\/#organization"},"potentialAction":[{"@type":"SearchAction","target":{"@type":"EntryPoint","urlTemplate":"https:\/\/www.purejewels.com\/?s={search_term_string}"},"query-input":{"@type":"PropertyValueSpecification","valueRequired":true,"valueName":"search_term_string"}}],"inLanguage":"tr"},{"@type":"Organization","@id":"https:\/\/www.purejewels.com\/#organization","name":"PureJewels \u0130ngiltere","url":"https:\/\/www.purejewels.com\/","logo":{"@type":"ImageObject","inLanguage":"tr","@id":"https:\/\/www.purejewels.com\/#\/schema\/logo\/image\/","url":"https:\/\/static.purejewels.com\/wp-content\/uploads\/2020\/11\/Logo-PJ-New-1.png","contentUrl":"https:\/\/static.purejewels.com\/wp-content\/uploads\/2020\/11\/Logo-PJ-New-1.png","width":150,"height":80,"caption":"PureJewels UK"},"image":{"@id":"https:\/\/www.purejewels.com\/#\/schema\/logo\/image\/"}}]}},"_links":{"self":[{"href":"https:\/\/www.purejewels.com\/tr\/wp-json\/wp\/v2\/product\/423052","targetHints":{"allow":["GET"]}}],"collection":[{"href":"https:\/\/www.purejewels.com\/tr\/wp-json\/wp\/v2\/product"}],"about":[{"href":"https:\/\/www.purejewels.com\/tr\/wp-json\/wp\/v2\/types\/product"}],"replies":[{"embeddable":true,"href":"https:\/\/www.purejewels.com\/tr\/wp-json\/wp\/v2\/comments?post=423052"}],"version-history":[{"count":1,"href":"https:\/\/www.purejewels.com\/tr\/wp-json\/wp\/v2\/product\/423052\/revisions"}],"predecessor-version":[{"id":423055,"href":"https:\/\/www.purejewels.com\/tr\/wp-json\/wp\/v2\/product\/423052\/revisions\/423055"}],"wp:featuredmedia":[{"embeddable":true,"href":"https:\/\/www.purejewels.com\/tr\/wp-json\/wp\/v2\/media\/423054"}],"wp:attachment":[{"href":"https:\/\/www.purejewels.com\/tr\/wp-json\/wp\/v2\/media?parent=423052"}],"wp:term":[{"taxonomy":"product_brand","embeddable":true,"href":"https:\/\/www.purejewels.com\/tr\/wp-json\/wp\/v2\/product_brand?post=423052"},{"taxonomy":"product_cat","embeddable":true,"href":"https:\/\/www.purejewels.com\/tr\/wp-json\/wp\/v2\/product_cat?post=423052"},{"taxonomy":"product_tag","embeddable":true,"href":"https:\/\/www.purejewels.com\/tr\/wp-json\/wp\/v2\/product_tag?post=423052"}],"curies":[{"name":"wp","href":"https:\/\/api.w.org\/{rel}","templated":true}]}}