{"id":423176,"date":"2025-12-16T07:47:08","date_gmt":"2025-12-16T07:47:08","guid":{"rendered":"https:\/\/www.purejewels.com\/?post_type=product&#038;p=423176"},"modified":"2026-04-19T18:05:36","modified_gmt":"2026-04-19T17:05:36","slug":"22-ayar-altin-klasik-dokulu-halka-kupeler-53866","status":"publish","type":"product","link":"https:\/\/www.purejewels.com\/tr\/product\/22ct-gold-classic-textured-hoop-earrings-53866\/","title":{"rendered":"22 ayar alt\u0131n klasik dokulu halka k\u00fcpeler"},"content":{"rendered":"<p data-start=\"0\" data-end=\"390\"><strong data-start=\"0\" data-end=\"18\">Tasar\u0131m Konsepti<\/strong><br data-start=\"18\" data-end=\"21\" \/>Bu klasik halka k\u00fcpeler, yumu\u015fak yuvarlak bir profille \u015fekillendirilmi\u015f ve tasar\u0131ma derinlik ve sakin bir karakter katan zarif dokulu bir y\u00fczey ile tamamlanm\u0131\u015ft\u0131r. Detaylar, 22 ayar alt\u0131n\u0131n do\u011fal s\u0131cakl\u0131\u011f\u0131n\u0131 vurgular ve silueti zamans\u0131z ve dengeli tutar. Tan\u0131d\u0131k ama ayn\u0131 zamanda farkl\u0131 hissettirmek i\u00e7in tasarlanan bu k\u00fcpeler, g\u00fcnl\u00fck l\u00fcks\u00fcn zarif bir ifadesini sunar.<\/p>\n<p data-start=\"392\" data-end=\"810\"><strong data-start=\"392\" data-end=\"409\">Zanaatkarl\u0131k<\/strong><br data-start=\"409\" data-end=\"412\" \/>22 ayar alt\u0131ndan \u00fcretilen her bir halka, y\u00fczeyinde tutarl\u0131 bir doku efekti elde etmek i\u00e7in \u00f6zenle \u015fekillendirilmi\u015f ve elle i\u015flenmi\u015ftir. Yap\u0131s\u0131, dayan\u0131kl\u0131l\u0131k ve p\u00fcr\u00fczs\u00fcz hareket sa\u011flar, b\u00f6ylece g\u00fcn boyu rahat\u00e7a tak\u0131labilir. Alt\u0131n\u0131n zenginli\u011fini vurgulamak i\u00e7in cilalanm\u0131\u015f ve safl\u0131k sertifikas\u0131 i\u00e7in \u0130ngiltere'de damgalanm\u0131\u015f olan bu k\u00fcpeler, kal\u0131c\u0131 zanaatkarl\u0131k ve detaylara g\u00f6sterilen \u00f6zeni yans\u0131tmaktad\u0131r.<\/p>\n<p data-start=\"812\" data-end=\"1184\" data-is-last-node=\"\" data-is-only-node=\"\"><strong data-start=\"812\" data-end=\"829\">Stil Fikirleri<\/strong><br data-start=\"829\" data-end=\"832\" \/>Bu k\u00fcpeleri, rahat kesimli giysiler, trikolar veya geleneksel k\u0131yafetlerle birlikte g\u00fcnl\u00fck kullan\u0131m i\u00e7in takarak zahmetsiz bir \u015f\u0131kl\u0131k elde edin. Dokulu y\u00fczeyleri sayesinde tek ba\u015f\u0131na veya ince saplamal\u0131 k\u00fcpeler ve kulak man\u015fetleriyle birlikte g\u00fczel bir \u015fekilde kombinlenebilirler. Do\u011fum g\u00fcnleri, y\u0131ld\u00f6n\u00fcmleri veya anlaml\u0131 d\u00f6n\u00fcm noktalar\u0131 i\u00e7in hediye etmek i\u00e7in ideal olan bu k\u00fcpeler, s\u0131k s\u0131k tak\u0131lmak ve zamanla de\u011fer kazanmak \u00fczere tasarlanm\u0131\u015ft\u0131r.<\/p>","protected":false},"excerpt":{"rendered":"<p>Bu 22 ayar alt\u0131n halka k\u00fcpeler, ince dokulu y\u00fczeyi ile zenginle\u015ftirilmi\u015f klasik yuvarlak bir siluete sahiptir. \u0130nce detaylar, zarif ve zamans\u0131z karakterini korurken derinlik ve s\u0131cakl\u0131k katar. G\u00fcnl\u00fck rahatl\u0131k i\u00e7in tasarlanan bu k\u00fcpeler, hem g\u00fcndelik hem de \u00f6zel g\u00fcn k\u0131yafetlerini tamamlayan zarif bir g\u00f6r\u00fcn\u00fcm sunar. Kolayl\u0131kla tak\u0131labilen, \u00e7ok y\u00f6nl\u00fc bir temel aksesuar.<\/p>\n<p><strong>Malzeme:<\/strong> 22 Ayar Alt\u0131n (91,6% Saf Alt\u0131n)<strong><br \/>\nHallmark:\u00a0<\/strong>\u0130ngiliz Damgas\u0131<strong><br \/>\n<\/strong><strong>A\u011f\u0131rl\u0131k: <\/strong>3,37 Gms<br \/>\n<strong>\u0130\u00e7 \u00e7ap:<\/strong> 29mm<strong><br \/>\nSKU: <\/strong>53866, 53872, 53893, 53895<\/p>\n<p><strong>Fiyat ve Teslimat<\/strong>:KDV ve teslimat \u00fccreti dahil<\/p>\n<p><a href=\"https:\/\/www.purejewels.com\/tr\/i%cc%87ade-poli%cc%87ti%cc%87kasi\/\">\u0130ade Politikas\u0131<\/a><\/p>","protected":false},"featured_media":401634,"comment_status":"closed","ping_status":"closed","template":"","meta":{"_eb_attr":"","_crsspst_to_jayantr4sg-hostcom":true},"product_brand":[],"product_cat":[1791,1559,1794,1793,1254,1229,1579,1570,5608,1574,5349],"product_tag":[66],"class_list":{"0":"post-423176","1":"product","2":"type-product","3":"status-publish","4":"has-post-thumbnail","6":"product_cat-anniversary-gifts","7":"product_cat-birthday-gifts","8":"product_cat-christmas-gifts","9":"product_cat-diwali-gifts","10":"product_cat-gold-earrings","11":"product_cat-22ct-gold-jewellery","12":"product_cat-hoop-earrings","13":"product_cat-mothers-day-gifts","14":"product_cat-simple-hoops","15":"product_cat-womens-jewellery","16":"product_cat-yellow-gold-jewellery","17":"product_tag-earrings","19":"first","20":"instock","21":"taxable","22":"shipping-taxable","23":"purchasable","24":"product-type-simple","25":"add-to-wishlist-before_image"},"yoast_head":"<!-- This site is optimized with the Yoast SEO plugin v27.4 - https:\/\/yoast.com\/product\/yoast-seo-wordpress\/ -->\n<title>Textured 22ct Gold Hoop Earrings for Everyday Elegance<\/title>\n<meta name=\"description\" content=\"Shop refined 22ct gold hoop earrings with a classic textured finish. Hallmarked in the UK, these elegant hoops are designed for comfortable everyday wear.\" \/>\n<meta name=\"robots\" content=\"index, follow, max-snippet:-1, max-image-preview:large, max-video-preview:-1\" \/>\n<link rel=\"canonical\" href=\"https:\/\/www.purejewels.com\/tr\/urun\/22-ayar-altin-klasik-dokulu-halka-kupeler-53866\/\" \/>\n<meta property=\"og:locale\" content=\"tr_TR\" \/>\n<meta property=\"og:type\" content=\"article\" \/>\n<meta property=\"og:title\" content=\"Textured 22ct Gold Hoop Earrings for Everyday Elegance\" \/>\n<meta property=\"og:description\" content=\"Shop refined 22ct gold hoop earrings with a classic textured finish. Hallmarked in the UK, these elegant hoops are designed for comfortable everyday wear.\" \/>\n<meta property=\"og:url\" content=\"https:\/\/www.purejewels.com\/tr\/urun\/22-ayar-altin-klasik-dokulu-halka-kupeler-53866\/\" \/>\n<meta property=\"og:site_name\" content=\"PureJewels UK\" \/>\n<meta property=\"article:modified_time\" content=\"2026-04-19T17:05:36+00:00\" \/>\n<meta property=\"og:image\" content=\"https:\/\/static.purejewels.com\/wp-content\/uploads\/2024\/10\/SKU-52144-52149-52145.png\" \/>\n\t<meta property=\"og:image:width\" content=\"1000\" \/>\n\t<meta property=\"og:image:height\" content=\"1000\" \/>\n\t<meta property=\"og:image:type\" content=\"image\/png\" \/>\n<meta name=\"twitter:card\" content=\"summary_large_image\" \/>\n<meta name=\"twitter:label1\" content=\"Tahmini okuma s\u00fcresi\" \/>\n\t<meta name=\"twitter:data1\" content=\"1 dakika\" \/>\n<script type=\"application\/ld+json\" class=\"yoast-schema-graph\">{\"@context\":\"https:\\\/\\\/schema.org\",\"@graph\":[{\"@type\":[\"WebPage\",\"ItemPage\"],\"@id\":\"https:\\\/\\\/www.purejewels.com\\\/product\\\/22ct-gold-classic-textured-hoop-earrings-53866\\\/\",\"url\":\"https:\\\/\\\/www.purejewels.com\\\/product\\\/22ct-gold-classic-textured-hoop-earrings-53866\\\/\",\"name\":\"Textured 22ct Gold Hoop Earrings for Everyday Elegance\",\"isPartOf\":{\"@id\":\"https:\\\/\\\/www.purejewels.com\\\/#website\"},\"primaryImageOfPage\":{\"@id\":\"https:\\\/\\\/www.purejewels.com\\\/product\\\/22ct-gold-classic-textured-hoop-earrings-53866\\\/#primaryimage\"},\"image\":{\"@id\":\"https:\\\/\\\/www.purejewels.com\\\/product\\\/22ct-gold-classic-textured-hoop-earrings-53866\\\/#primaryimage\"},\"thumbnailUrl\":\"https:\\\/\\\/static.purejewels.com\\\/wp-content\\\/uploads\\\/2024\\\/10\\\/SKU-52144-52149-52145.png\",\"datePublished\":\"2025-12-16T07:47:08+00:00\",\"dateModified\":\"2026-04-19T17:05:36+00:00\",\"description\":\"Shop refined 22ct gold hoop earrings with a classic textured finish. Hallmarked in the UK, these elegant hoops are designed for comfortable everyday wear.\",\"breadcrumb\":{\"@id\":\"https:\\\/\\\/www.purejewels.com\\\/product\\\/22ct-gold-classic-textured-hoop-earrings-53866\\\/#breadcrumb\"},\"inLanguage\":\"tr\",\"potentialAction\":[{\"@type\":\"ReadAction\",\"target\":[\"https:\\\/\\\/www.purejewels.com\\\/product\\\/22ct-gold-classic-textured-hoop-earrings-53866\\\/\"]}]},{\"@type\":\"ImageObject\",\"inLanguage\":\"tr\",\"@id\":\"https:\\\/\\\/www.purejewels.com\\\/product\\\/22ct-gold-classic-textured-hoop-earrings-53866\\\/#primaryimage\",\"url\":\"https:\\\/\\\/static.purejewels.com\\\/wp-content\\\/uploads\\\/2024\\\/10\\\/SKU-52144-52149-52145.png\",\"contentUrl\":\"https:\\\/\\\/static.purejewels.com\\\/wp-content\\\/uploads\\\/2024\\\/10\\\/SKU-52144-52149-52145.png\",\"width\":1000,\"height\":1000,\"caption\":\"22ct Gold Designer Hoop Earring\"},{\"@type\":\"BreadcrumbList\",\"@id\":\"https:\\\/\\\/www.purejewels.com\\\/product\\\/22ct-gold-classic-textured-hoop-earrings-53866\\\/#breadcrumb\",\"itemListElement\":[{\"@type\":\"ListItem\",\"position\":1,\"name\":\"Home\",\"item\":\"https:\\\/\\\/www.purejewels.com\\\/\"},{\"@type\":\"ListItem\",\"position\":2,\"name\":\"Shop\",\"item\":\"https:\\\/\\\/www.purejewels.com\\\/shop\\\/\"},{\"@type\":\"ListItem\",\"position\":3,\"name\":\"22ct Gold Classic Textured Hoop Earrings\"}]},{\"@type\":\"WebSite\",\"@id\":\"https:\\\/\\\/www.purejewels.com\\\/#website\",\"url\":\"https:\\\/\\\/www.purejewels.com\\\/\",\"name\":\"PureJewels UK\",\"description\":\"Share the Love\",\"publisher\":{\"@id\":\"https:\\\/\\\/www.purejewels.com\\\/#organization\"},\"potentialAction\":[{\"@type\":\"SearchAction\",\"target\":{\"@type\":\"EntryPoint\",\"urlTemplate\":\"https:\\\/\\\/www.purejewels.com\\\/?s={search_term_string}\"},\"query-input\":{\"@type\":\"PropertyValueSpecification\",\"valueRequired\":true,\"valueName\":\"search_term_string\"}}],\"inLanguage\":\"tr\"},{\"@type\":\"Organization\",\"@id\":\"https:\\\/\\\/www.purejewels.com\\\/#organization\",\"name\":\"PureJewels UK\",\"url\":\"https:\\\/\\\/www.purejewels.com\\\/\",\"logo\":{\"@type\":\"ImageObject\",\"inLanguage\":\"tr\",\"@id\":\"https:\\\/\\\/www.purejewels.com\\\/#\\\/schema\\\/logo\\\/image\\\/\",\"url\":\"https:\\\/\\\/static.purejewels.com\\\/wp-content\\\/uploads\\\/2020\\\/11\\\/Logo-PJ-New-1.png\",\"contentUrl\":\"https:\\\/\\\/static.purejewels.com\\\/wp-content\\\/uploads\\\/2020\\\/11\\\/Logo-PJ-New-1.png\",\"width\":150,\"height\":80,\"caption\":\"PureJewels UK\"},\"image\":{\"@id\":\"https:\\\/\\\/www.purejewels.com\\\/#\\\/schema\\\/logo\\\/image\\\/\"}}]}<\/script>\n<!-- \/ Yoast SEO plugin. -->","yoast_head_json":{"title":"G\u00fcnl\u00fck \u015e\u0131kl\u0131k i\u00e7in Dokulu 22 Ayar Alt\u0131n Halka K\u00fcpeler","description":"Klasik dokulu y\u00fczeye sahip, zarif 22 ayar alt\u0131n halka k\u00fcpeler. \u0130ngiltere'de damgal\u0131 bu zarif halka k\u00fcpeler, g\u00fcnl\u00fck kullan\u0131m i\u00e7in rahatl\u0131k sa\u011flayacak \u015fekilde tasarlanm\u0131\u015ft\u0131r.","robots":{"index":"index","follow":"follow","max-snippet":"max-snippet:-1","max-image-preview":"max-image-preview:large","max-video-preview":"max-video-preview:-1"},"canonical":"https:\/\/www.purejewels.com\/tr\/urun\/22-ayar-altin-klasik-dokulu-halka-kupeler-53866\/","og_locale":"tr_TR","og_type":"article","og_title":"Textured 22ct Gold Hoop Earrings for Everyday Elegance","og_description":"Shop refined 22ct gold hoop earrings with a classic textured finish. Hallmarked in the UK, these elegant hoops are designed for comfortable everyday wear.","og_url":"https:\/\/www.purejewels.com\/tr\/urun\/22-ayar-altin-klasik-dokulu-halka-kupeler-53866\/","og_site_name":"PureJewels UK","article_modified_time":"2026-04-19T17:05:36+00:00","og_image":[{"width":1000,"height":1000,"url":"https:\/\/static.purejewels.com\/wp-content\/uploads\/2024\/10\/SKU-52144-52149-52145.png","type":"image\/png"}],"twitter_card":"summary_large_image","twitter_misc":{"Tahmini okuma s\u00fcresi":"1 dakika"},"schema":{"@context":"https:\/\/schema.org","@graph":[{"@type":["WebPage","ItemPage"],"@id":"https:\/\/www.purejewels.com\/product\/22ct-gold-classic-textured-hoop-earrings-53866\/","url":"https:\/\/www.purejewels.com\/product\/22ct-gold-classic-textured-hoop-earrings-53866\/","name":"G\u00fcnl\u00fck \u015e\u0131kl\u0131k i\u00e7in Dokulu 22 Ayar Alt\u0131n Halka K\u00fcpeler","isPartOf":{"@id":"https:\/\/www.purejewels.com\/#website"},"primaryImageOfPage":{"@id":"https:\/\/www.purejewels.com\/product\/22ct-gold-classic-textured-hoop-earrings-53866\/#primaryimage"},"image":{"@id":"https:\/\/www.purejewels.com\/product\/22ct-gold-classic-textured-hoop-earrings-53866\/#primaryimage"},"thumbnailUrl":"https:\/\/static.purejewels.com\/wp-content\/uploads\/2024\/10\/SKU-52144-52149-52145.png","datePublished":"2025-12-16T07:47:08+00:00","dateModified":"2026-04-19T17:05:36+00:00","description":"Klasik dokulu y\u00fczeye sahip, zarif 22 ayar alt\u0131n halka k\u00fcpeler. \u0130ngiltere'de damgal\u0131 bu zarif halka k\u00fcpeler, g\u00fcnl\u00fck kullan\u0131m i\u00e7in rahatl\u0131k sa\u011flayacak \u015fekilde tasarlanm\u0131\u015ft\u0131r.","breadcrumb":{"@id":"https:\/\/www.purejewels.com\/product\/22ct-gold-classic-textured-hoop-earrings-53866\/#breadcrumb"},"inLanguage":"tr","potentialAction":[{"@type":"ReadAction","target":["https:\/\/www.purejewels.com\/product\/22ct-gold-classic-textured-hoop-earrings-53866\/"]}]},{"@type":"ImageObject","inLanguage":"tr","@id":"https:\/\/www.purejewels.com\/product\/22ct-gold-classic-textured-hoop-earrings-53866\/#primaryimage","url":"https:\/\/static.purejewels.com\/wp-content\/uploads\/2024\/10\/SKU-52144-52149-52145.png","contentUrl":"https:\/\/static.purejewels.com\/wp-content\/uploads\/2024\/10\/SKU-52144-52149-52145.png","width":1000,"height":1000,"caption":"22ct Gold Designer Hoop Earring"},{"@type":"BreadcrumbList","@id":"https:\/\/www.purejewels.com\/product\/22ct-gold-classic-textured-hoop-earrings-53866\/#breadcrumb","itemListElement":[{"@type":"ListItem","position":1,"name":"Home","item":"https:\/\/www.purejewels.com\/"},{"@type":"ListItem","position":2,"name":"Shop","item":"https:\/\/www.purejewels.com\/shop\/"},{"@type":"ListItem","position":3,"name":"22ct Gold Classic Textured Hoop Earrings"}]},{"@type":"WebSite","@id":"https:\/\/www.purejewels.com\/#website","url":"https:\/\/www.purejewels.com\/","name":"PureJewels \u0130ngiltere","description":"Sevgiyi Payla\u015f\u0131n","publisher":{"@id":"https:\/\/www.purejewels.com\/#organization"},"potentialAction":[{"@type":"SearchAction","target":{"@type":"EntryPoint","urlTemplate":"https:\/\/www.purejewels.com\/?s={search_term_string}"},"query-input":{"@type":"PropertyValueSpecification","valueRequired":true,"valueName":"search_term_string"}}],"inLanguage":"tr"},{"@type":"Organization","@id":"https:\/\/www.purejewels.com\/#organization","name":"PureJewels \u0130ngiltere","url":"https:\/\/www.purejewels.com\/","logo":{"@type":"ImageObject","inLanguage":"tr","@id":"https:\/\/www.purejewels.com\/#\/schema\/logo\/image\/","url":"https:\/\/static.purejewels.com\/wp-content\/uploads\/2020\/11\/Logo-PJ-New-1.png","contentUrl":"https:\/\/static.purejewels.com\/wp-content\/uploads\/2020\/11\/Logo-PJ-New-1.png","width":150,"height":80,"caption":"PureJewels UK"},"image":{"@id":"https:\/\/www.purejewels.com\/#\/schema\/logo\/image\/"}}]}},"_links":{"self":[{"href":"https:\/\/www.purejewels.com\/tr\/wp-json\/wp\/v2\/product\/423176","targetHints":{"allow":["GET"]}}],"collection":[{"href":"https:\/\/www.purejewels.com\/tr\/wp-json\/wp\/v2\/product"}],"about":[{"href":"https:\/\/www.purejewels.com\/tr\/wp-json\/wp\/v2\/types\/product"}],"replies":[{"embeddable":true,"href":"https:\/\/www.purejewels.com\/tr\/wp-json\/wp\/v2\/comments?post=423176"}],"version-history":[{"count":3,"href":"https:\/\/www.purejewels.com\/tr\/wp-json\/wp\/v2\/product\/423176\/revisions"}],"predecessor-version":[{"id":426629,"href":"https:\/\/www.purejewels.com\/tr\/wp-json\/wp\/v2\/product\/423176\/revisions\/426629"}],"wp:featuredmedia":[{"embeddable":true,"href":"https:\/\/www.purejewels.com\/tr\/wp-json\/wp\/v2\/media\/401634"}],"wp:attachment":[{"href":"https:\/\/www.purejewels.com\/tr\/wp-json\/wp\/v2\/media?parent=423176"}],"wp:term":[{"taxonomy":"product_brand","embeddable":true,"href":"https:\/\/www.purejewels.com\/tr\/wp-json\/wp\/v2\/product_brand?post=423176"},{"taxonomy":"product_cat","embeddable":true,"href":"https:\/\/www.purejewels.com\/tr\/wp-json\/wp\/v2\/product_cat?post=423176"},{"taxonomy":"product_tag","embeddable":true,"href":"https:\/\/www.purejewels.com\/tr\/wp-json\/wp\/v2\/product_tag?post=423176"}],"curies":[{"name":"wp","href":"https:\/\/api.w.org\/{rel}","templated":true}]}}