{"id":423237,"date":"2025-12-16T13:43:01","date_gmt":"2025-12-16T13:43:01","guid":{"rendered":"https:\/\/www.purejewels.com\/?post_type=product&#038;p=423237"},"modified":"2026-03-06T12:13:31","modified_gmt":"2026-03-06T12:13:31","slug":"22-ayar-altin-dikdortgen-halka-zincir-53836","status":"publish","type":"product","link":"https:\/\/www.purejewels.com\/tr\/product\/22ct-gold-rectangular-link-chain-53836\/","title":{"rendered":"22 ayar alt\u0131n dikd\u00f6rtgen halka zincir \u2013 20 in\u00e7"},"content":{"rendered":"<p data-start=\"0\" data-end=\"359\"><strong data-start=\"0\" data-end=\"10\">Tasar\u0131m<\/strong><br data-start=\"10\" data-end=\"13\" \/>Bu dikd\u00f6rtgen ba\u011flant\u0131 zinciri, boyun \u00e7izgisi boyunca g\u00fc\u00e7l\u00fc ancak zarif bir ritim yaratan uzun, temiz kenarl\u0131 ba\u011flant\u0131larla tan\u0131mlan\u0131r. Geometrik form, zincire \u00e7a\u011fda\u015f bir karakter kazand\u0131r\u0131rken, 22 ayar alt\u0131n\u0131n do\u011fal s\u0131cakl\u0131\u011f\u0131n\u0131n odak noktas\u0131 olmas\u0131n\u0131 sa\u011flar. 20 in\u00e7 uzunlu\u011funda, modern ve dengeli bir g\u00f6r\u00fcn\u00fcm sunan kendine g\u00fcvenen bir d\u00f6k\u00fcm sa\u011flar.<\/p>\n<p data-start=\"361\" data-end=\"788\"><strong data-start=\"361\" data-end=\"378\">Zanaatkarl\u0131k<\/strong><br data-start=\"378\" data-end=\"381\" \/>22 ayar som alt\u0131ndan \u00fcretilen her bir dikd\u00f6rtgen halka, sa\u011flaml\u0131k, rahatl\u0131k ve ak\u0131c\u0131 hareket sa\u011flamak i\u00e7in hassas bir \u015fekilde \u015fekillendirilmi\u015f ve p\u00fcr\u00fczs\u00fcz bir \u015fekilde i\u015flenmi\u015ftir. Halkalar, yap\u0131y\u0131 korumak ve zincirin boyunda do\u011fal bir \u015fekilde durmas\u0131n\u0131 sa\u011flamak i\u00e7in \u00f6zenle birle\u015ftirilmi\u015ftir. \u0130nce alt\u0131n\u0131n derinli\u011fini vurgulamak i\u00e7in cilalanm\u0131\u015f ve safl\u0131k sertifikas\u0131 i\u00e7in Birle\u015fik Krall\u0131k'ta damgalanm\u0131\u015f olan bu par\u00e7a, kal\u0131c\u0131 kaliteyi ve ustaca i\u015f\u00e7ili\u011fi yans\u0131tmaktad\u0131r.<\/p>\n<p data-start=\"790\" data-end=\"1173\" data-is-last-node=\"\" data-is-only-node=\"\"><strong data-start=\"790\" data-end=\"807\">Stil Fikirleri<\/strong><br data-start=\"807\" data-end=\"810\" \/>Bu zinciri tek ba\u015f\u0131na takarak, g\u00fcnd\u00fczden geceye kolayca ge\u00e7i\u015f yapan sade ve mimari bir g\u00f6r\u00fcn\u00fcm elde edin. 20 in\u00e7 uzunlu\u011fu, daha k\u0131sa zincirlerle katmanlama veya ki\u015fisel anlam katmak i\u00e7in bir kolye ucu ile stilize etmek i\u00e7in idealdir. G\u00fcnl\u00fck kullan\u0131m, y\u0131ld\u00f6n\u00fcmleri veya \u00f6nemli g\u00fcnler i\u00e7in hediye etmek ve modern bir m\u00fccevher koleksiyonu olu\u015fturmak i\u00e7in uygun, \u00e7ok y\u00f6nl\u00fc bir par\u00e7ad\u0131r.<\/p>","protected":false},"excerpt":{"rendered":"<p>Bu 22 ayar alt\u0131n dikd\u00f6rtgen ba\u011flant\u0131 zinciri, cesur ama zarif bir siluet olu\u015fturan temiz, uzun ba\u011flant\u0131lara sahiptir. 20 in\u00e7 uzunlu\u011funda tasarlanan zincir, boyun \u00e7izgisinin biraz alt\u0131nda durarak kendinden emin ve \u00e7ok y\u00f6nl\u00fc bir g\u00f6r\u00fcn\u00fcm sunar. Parlak kaplama, ince alt\u0131n\u0131n zengin s\u0131cakl\u0131\u011f\u0131n\u0131 vurgular. Tek ba\u015f\u0131na veya bir kolye ucu ile birlikte tak\u0131labilen modern bir temel aksesuar.<\/p>\n<p><strong>Malzeme:<\/strong> 22 ayar alt\u0131n (91,6% saf alt\u0131n)<strong><br \/>\nHallmark:\u00a0<\/strong>\u0130ngiliz Damgas\u0131<strong><br \/>\n<\/strong><strong>Br\u00fct A\u011f\u0131rl\u0131k: <\/strong>9,12 Gms<br \/>\n<strong>Uzunluk:<\/strong> 20 in\u00e7<br \/>\n<strong>SKU:<\/strong> 53836, 53838, 53841<\/p>\n<p><strong>Fiyat ve Teslimat<\/strong>: KDV ve teslimat \u00fccreti dahil<br \/>\n<a href=\"https:\/\/www.purejewels.com\/tr\/i%cc%87ade-poli%cc%87ti%cc%87kasi\/\">\u0130ade Politikas\u0131<\/a><\/p>","protected":false},"featured_media":339589,"comment_status":"closed","ping_status":"closed","template":"","meta":{"_eb_attr":"","_crsspst_to_jayantr4sg-hostcom":true},"product_brand":[],"product_cat":[5018,5015,1791,1559,1475,1773,5597,1774,1573,1574],"product_tag":[65,1430],"class_list":{"0":"post-423237","1":"product","2":"type-product","3":"status-publish","4":"has-post-thumbnail","6":"product_cat-20-inch-mens-chain","7":"product_cat-20-inch-ladies-chain","8":"product_cat-anniversary-gifts","9":"product_cat-birthday-gifts","10":"product_cat-gold-chains","11":"product_cat-ladies-chains","12":"product_cat-link-chain","13":"product_cat-mens-chains","14":"product_cat-wedding-gifts","15":"product_cat-womens-jewellery","16":"product_tag-chains","17":"product_tag-diwali-gift","19":"first","20":"instock","21":"taxable","22":"shipping-taxable","23":"purchasable","24":"product-type-simple","25":"add-to-wishlist-before_image"},"yoast_head":"<!-- This site is optimized with the Yoast SEO plugin v27.5 - https:\/\/yoast.com\/product\/yoast-seo-wordpress\/ -->\n<title>Rectangular Link 22ct Gold Chain Necklace | PureJewels UK<\/title>\n<meta name=\"description\" content=\"Shop a 22ct gold rectangular link chain in a 20-inch length. Hallmarked in the UK, this polished chain offers a modern silhouette and versatile everyday styling.\" \/>\n<meta name=\"robots\" content=\"index, follow, max-snippet:-1, max-image-preview:large, max-video-preview:-1\" \/>\n<link rel=\"canonical\" href=\"https:\/\/www.purejewels.com\/tr\/urun\/22-ayar-altin-dikdortgen-halka-zincir-53836\/\" \/>\n<meta property=\"og:locale\" content=\"tr_TR\" \/>\n<meta property=\"og:type\" content=\"article\" \/>\n<meta property=\"og:title\" content=\"Rectangular Link 22ct Gold Chain Necklace | PureJewels UK\" \/>\n<meta property=\"og:description\" content=\"Shop a 22ct gold rectangular link chain in a 20-inch length. Hallmarked in the UK, this polished chain offers a modern silhouette and versatile everyday styling.\" \/>\n<meta property=\"og:url\" content=\"https:\/\/www.purejewels.com\/tr\/urun\/22-ayar-altin-dikdortgen-halka-zincir-53836\/\" \/>\n<meta property=\"og:site_name\" content=\"PureJewels UK\" \/>\n<meta property=\"article:modified_time\" content=\"2026-03-06T12:13:31+00:00\" \/>\n<meta property=\"og:image\" content=\"https:\/\/static.purejewels.com\/wp-content\/uploads\/2022\/10\/42652-1.jpg\" \/>\n\t<meta property=\"og:image:width\" content=\"1000\" \/>\n\t<meta property=\"og:image:height\" content=\"1000\" \/>\n\t<meta property=\"og:image:type\" content=\"image\/jpeg\" \/>\n<meta name=\"twitter:card\" content=\"summary_large_image\" \/>\n<meta name=\"twitter:label1\" content=\"Tahmini okuma s\u00fcresi\" \/>\n\t<meta name=\"twitter:data1\" content=\"1 dakika\" \/>\n<script type=\"application\/ld+json\" class=\"yoast-schema-graph\">{\"@context\":\"https:\\\/\\\/schema.org\",\"@graph\":[{\"@type\":[\"WebPage\",\"ItemPage\"],\"@id\":\"https:\\\/\\\/www.purejewels.com\\\/product\\\/22ct-gold-rectangular-link-chain-53836\\\/\",\"url\":\"https:\\\/\\\/www.purejewels.com\\\/product\\\/22ct-gold-rectangular-link-chain-53836\\\/\",\"name\":\"Rectangular Link 22ct Gold Chain Necklace | PureJewels UK\",\"isPartOf\":{\"@id\":\"https:\\\/\\\/www.purejewels.com\\\/#website\"},\"primaryImageOfPage\":{\"@id\":\"https:\\\/\\\/www.purejewels.com\\\/product\\\/22ct-gold-rectangular-link-chain-53836\\\/#primaryimage\"},\"image\":{\"@id\":\"https:\\\/\\\/www.purejewels.com\\\/product\\\/22ct-gold-rectangular-link-chain-53836\\\/#primaryimage\"},\"thumbnailUrl\":\"https:\\\/\\\/static.purejewels.com\\\/wp-content\\\/uploads\\\/2022\\\/10\\\/42652-1.jpg\",\"datePublished\":\"2025-12-16T13:43:01+00:00\",\"dateModified\":\"2026-03-06T12:13:31+00:00\",\"description\":\"Shop a 22ct gold rectangular link chain in a 20-inch length. Hallmarked in the UK, this polished chain offers a modern silhouette and versatile everyday styling.\",\"breadcrumb\":{\"@id\":\"https:\\\/\\\/www.purejewels.com\\\/product\\\/22ct-gold-rectangular-link-chain-53836\\\/#breadcrumb\"},\"inLanguage\":\"tr\",\"potentialAction\":[{\"@type\":\"ReadAction\",\"target\":[\"https:\\\/\\\/www.purejewels.com\\\/product\\\/22ct-gold-rectangular-link-chain-53836\\\/\"]}]},{\"@type\":\"ImageObject\",\"inLanguage\":\"tr\",\"@id\":\"https:\\\/\\\/www.purejewels.com\\\/product\\\/22ct-gold-rectangular-link-chain-53836\\\/#primaryimage\",\"url\":\"https:\\\/\\\/static.purejewels.com\\\/wp-content\\\/uploads\\\/2022\\\/10\\\/42652-1.jpg\",\"contentUrl\":\"https:\\\/\\\/static.purejewels.com\\\/wp-content\\\/uploads\\\/2022\\\/10\\\/42652-1.jpg\",\"width\":1000,\"height\":1000,\"caption\":\"22ct Gold | Link Chain | 22 Inches\"},{\"@type\":\"BreadcrumbList\",\"@id\":\"https:\\\/\\\/www.purejewels.com\\\/product\\\/22ct-gold-rectangular-link-chain-53836\\\/#breadcrumb\",\"itemListElement\":[{\"@type\":\"ListItem\",\"position\":1,\"name\":\"Home\",\"item\":\"https:\\\/\\\/www.purejewels.com\\\/\"},{\"@type\":\"ListItem\",\"position\":2,\"name\":\"Shop\",\"item\":\"https:\\\/\\\/www.purejewels.com\\\/shop\\\/\"},{\"@type\":\"ListItem\",\"position\":3,\"name\":\"22ct Gold Rectangular Link Chain \u2013 20 Inches\"}]},{\"@type\":\"WebSite\",\"@id\":\"https:\\\/\\\/www.purejewels.com\\\/#website\",\"url\":\"https:\\\/\\\/www.purejewels.com\\\/\",\"name\":\"PureJewels UK\",\"description\":\"Share the Love\",\"publisher\":{\"@id\":\"https:\\\/\\\/www.purejewels.com\\\/#organization\"},\"potentialAction\":[{\"@type\":\"SearchAction\",\"target\":{\"@type\":\"EntryPoint\",\"urlTemplate\":\"https:\\\/\\\/www.purejewels.com\\\/?s={search_term_string}\"},\"query-input\":{\"@type\":\"PropertyValueSpecification\",\"valueRequired\":true,\"valueName\":\"search_term_string\"}}],\"inLanguage\":\"tr\"},{\"@type\":\"Organization\",\"@id\":\"https:\\\/\\\/www.purejewels.com\\\/#organization\",\"name\":\"PureJewels UK\",\"url\":\"https:\\\/\\\/www.purejewels.com\\\/\",\"logo\":{\"@type\":\"ImageObject\",\"inLanguage\":\"tr\",\"@id\":\"https:\\\/\\\/www.purejewels.com\\\/#\\\/schema\\\/logo\\\/image\\\/\",\"url\":\"https:\\\/\\\/static.purejewels.com\\\/wp-content\\\/uploads\\\/2020\\\/11\\\/Logo-PJ-New-1.png\",\"contentUrl\":\"https:\\\/\\\/static.purejewels.com\\\/wp-content\\\/uploads\\\/2020\\\/11\\\/Logo-PJ-New-1.png\",\"width\":150,\"height\":80,\"caption\":\"PureJewels UK\"},\"image\":{\"@id\":\"https:\\\/\\\/www.purejewels.com\\\/#\\\/schema\\\/logo\\\/image\\\/\"}}]}<\/script>\n<!-- \/ Yoast SEO plugin. -->","yoast_head_json":{"title":"Dikd\u00f6rtgen Ba\u011flant\u0131l\u0131 22 Ayar Alt\u0131n Zincir Kolye | PureJewels UK","description":"20 in\u00e7 uzunlu\u011funda 22 ayar alt\u0131n dikd\u00f6rtgen halka zincir sat\u0131n al\u0131n. \u0130ngiltere'de damgal\u0131 bu cilal\u0131 zincir, modern bir siluet ve \u00e7ok y\u00f6nl\u00fc g\u00fcnl\u00fck stil sunar.","robots":{"index":"index","follow":"follow","max-snippet":"max-snippet:-1","max-image-preview":"max-image-preview:large","max-video-preview":"max-video-preview:-1"},"canonical":"https:\/\/www.purejewels.com\/tr\/urun\/22-ayar-altin-dikdortgen-halka-zincir-53836\/","og_locale":"tr_TR","og_type":"article","og_title":"Rectangular Link 22ct Gold Chain Necklace | PureJewels UK","og_description":"Shop a 22ct gold rectangular link chain in a 20-inch length. Hallmarked in the UK, this polished chain offers a modern silhouette and versatile everyday styling.","og_url":"https:\/\/www.purejewels.com\/tr\/urun\/22-ayar-altin-dikdortgen-halka-zincir-53836\/","og_site_name":"PureJewels UK","article_modified_time":"2026-03-06T12:13:31+00:00","og_image":[{"width":1000,"height":1000,"url":"https:\/\/static.purejewels.com\/wp-content\/uploads\/2022\/10\/42652-1.jpg","type":"image\/jpeg"}],"twitter_card":"summary_large_image","twitter_misc":{"Tahmini okuma s\u00fcresi":"1 dakika"},"schema":{"@context":"https:\/\/schema.org","@graph":[{"@type":["WebPage","ItemPage"],"@id":"https:\/\/www.purejewels.com\/product\/22ct-gold-rectangular-link-chain-53836\/","url":"https:\/\/www.purejewels.com\/product\/22ct-gold-rectangular-link-chain-53836\/","name":"Dikd\u00f6rtgen Ba\u011flant\u0131l\u0131 22 Ayar Alt\u0131n Zincir Kolye | PureJewels UK","isPartOf":{"@id":"https:\/\/www.purejewels.com\/#website"},"primaryImageOfPage":{"@id":"https:\/\/www.purejewels.com\/product\/22ct-gold-rectangular-link-chain-53836\/#primaryimage"},"image":{"@id":"https:\/\/www.purejewels.com\/product\/22ct-gold-rectangular-link-chain-53836\/#primaryimage"},"thumbnailUrl":"https:\/\/static.purejewels.com\/wp-content\/uploads\/2022\/10\/42652-1.jpg","datePublished":"2025-12-16T13:43:01+00:00","dateModified":"2026-03-06T12:13:31+00:00","description":"20 in\u00e7 uzunlu\u011funda 22 ayar alt\u0131n dikd\u00f6rtgen halka zincir sat\u0131n al\u0131n. \u0130ngiltere'de damgal\u0131 bu cilal\u0131 zincir, modern bir siluet ve \u00e7ok y\u00f6nl\u00fc g\u00fcnl\u00fck stil sunar.","breadcrumb":{"@id":"https:\/\/www.purejewels.com\/product\/22ct-gold-rectangular-link-chain-53836\/#breadcrumb"},"inLanguage":"tr","potentialAction":[{"@type":"ReadAction","target":["https:\/\/www.purejewels.com\/product\/22ct-gold-rectangular-link-chain-53836\/"]}]},{"@type":"ImageObject","inLanguage":"tr","@id":"https:\/\/www.purejewels.com\/product\/22ct-gold-rectangular-link-chain-53836\/#primaryimage","url":"https:\/\/static.purejewels.com\/wp-content\/uploads\/2022\/10\/42652-1.jpg","contentUrl":"https:\/\/static.purejewels.com\/wp-content\/uploads\/2022\/10\/42652-1.jpg","width":1000,"height":1000,"caption":"22ct Gold | Link Chain | 22 Inches"},{"@type":"BreadcrumbList","@id":"https:\/\/www.purejewels.com\/product\/22ct-gold-rectangular-link-chain-53836\/#breadcrumb","itemListElement":[{"@type":"ListItem","position":1,"name":"Home","item":"https:\/\/www.purejewels.com\/"},{"@type":"ListItem","position":2,"name":"Shop","item":"https:\/\/www.purejewels.com\/shop\/"},{"@type":"ListItem","position":3,"name":"22ct Gold Rectangular Link Chain \u2013 20 Inches"}]},{"@type":"WebSite","@id":"https:\/\/www.purejewels.com\/#website","url":"https:\/\/www.purejewels.com\/","name":"PureJewels \u0130ngiltere","description":"Sevgiyi Payla\u015f\u0131n","publisher":{"@id":"https:\/\/www.purejewels.com\/#organization"},"potentialAction":[{"@type":"SearchAction","target":{"@type":"EntryPoint","urlTemplate":"https:\/\/www.purejewels.com\/?s={search_term_string}"},"query-input":{"@type":"PropertyValueSpecification","valueRequired":true,"valueName":"search_term_string"}}],"inLanguage":"tr"},{"@type":"Organization","@id":"https:\/\/www.purejewels.com\/#organization","name":"PureJewels \u0130ngiltere","url":"https:\/\/www.purejewels.com\/","logo":{"@type":"ImageObject","inLanguage":"tr","@id":"https:\/\/www.purejewels.com\/#\/schema\/logo\/image\/","url":"https:\/\/static.purejewels.com\/wp-content\/uploads\/2020\/11\/Logo-PJ-New-1.png","contentUrl":"https:\/\/static.purejewels.com\/wp-content\/uploads\/2020\/11\/Logo-PJ-New-1.png","width":150,"height":80,"caption":"PureJewels UK"},"image":{"@id":"https:\/\/www.purejewels.com\/#\/schema\/logo\/image\/"}}]}},"_links":{"self":[{"href":"https:\/\/www.purejewels.com\/tr\/wp-json\/wp\/v2\/product\/423237","targetHints":{"allow":["GET"]}}],"collection":[{"href":"https:\/\/www.purejewels.com\/tr\/wp-json\/wp\/v2\/product"}],"about":[{"href":"https:\/\/www.purejewels.com\/tr\/wp-json\/wp\/v2\/types\/product"}],"replies":[{"embeddable":true,"href":"https:\/\/www.purejewels.com\/tr\/wp-json\/wp\/v2\/comments?post=423237"}],"version-history":[{"count":1,"href":"https:\/\/www.purejewels.com\/tr\/wp-json\/wp\/v2\/product\/423237\/revisions"}],"predecessor-version":[{"id":423238,"href":"https:\/\/www.purejewels.com\/tr\/wp-json\/wp\/v2\/product\/423237\/revisions\/423238"}],"wp:featuredmedia":[{"embeddable":true,"href":"https:\/\/www.purejewels.com\/tr\/wp-json\/wp\/v2\/media\/339589"}],"wp:attachment":[{"href":"https:\/\/www.purejewels.com\/tr\/wp-json\/wp\/v2\/media?parent=423237"}],"wp:term":[{"taxonomy":"product_brand","embeddable":true,"href":"https:\/\/www.purejewels.com\/tr\/wp-json\/wp\/v2\/product_brand?post=423237"},{"taxonomy":"product_cat","embeddable":true,"href":"https:\/\/www.purejewels.com\/tr\/wp-json\/wp\/v2\/product_cat?post=423237"},{"taxonomy":"product_tag","embeddable":true,"href":"https:\/\/www.purejewels.com\/tr\/wp-json\/wp\/v2\/product_tag?post=423237"}],"curies":[{"name":"wp","href":"https:\/\/api.w.org\/{rel}","templated":true}]}}