{"id":423273,"date":"2025-12-17T06:27:55","date_gmt":"2025-12-17T06:27:55","guid":{"rendered":"https:\/\/www.purejewels.com\/?post_type=product&#038;p=423273"},"modified":"2026-03-11T09:56:20","modified_gmt":"2026-03-11T09:56:20","slug":"bebekler-icin-ayarlanabilir-22-ayar-altin-bileklik-53736","status":"publish","type":"product","link":"https:\/\/www.purejewels.com\/tr\/product\/adjustable-22ct-gold-bangle-for-infants-53736\/","title":{"rendered":"Bebekler i\u00e7in Ayarlanabilir 22 Ayar Alt\u0131n Bileklik"},"content":{"rendered":"<h3 data-start=\"910\" data-end=\"934\"><strong data-start=\"914\" data-end=\"932\">Tasar\u0131m Konsepti<\/strong><\/h3>\n<p data-start=\"935\" data-end=\"1241\">Bu bileklik, geleneksel duygular ile \u00f6zenli tasar\u0131m\u0131n bir kar\u0131\u015f\u0131m\u0131d\u0131r. Yumu\u015fak kesimli y\u00fczeyi \u0131\u015f\u0131lt\u0131 katarken, esnek formu \u015f\u0131kl\u0131\u011f\u0131ndan \u00f6d\u00fcn vermeden rahat\u00e7a tak\u0131labilmesini sa\u011flar. PureJewels'in anlaml\u0131 m\u00fccevherlere olan ba\u011fl\u0131l\u0131\u011f\u0131ndan ilham alan bu bileklik, \u015fimdi de\u011fer verilecek ve daha sonra nesilden nesile aktar\u0131lacak \u015fekilde tasarlanm\u0131\u015ft\u0131r.<\/p>\n<h3 data-start=\"165\" data-end=\"186\"><strong data-start=\"169\" data-end=\"186\">Zanaatkarl\u0131k<\/strong><\/h3>\n<p data-start=\"188\" data-end=\"857\">Bu ayarlanabilir bileklik, PureJewels'in tan\u0131nd\u0131\u011f\u0131 sanat ve gelene\u011fin bir kan\u0131t\u0131d\u0131r. 22 ayar sar\u0131 alt\u0131ndan titizlikle i\u015flenmi\u015f olan bu bileklik, her hareketinde \u0131\u015f\u0131\u011f\u0131 yakalayan yumu\u015fak kesimli, elmas kesim bir y\u00fczeye sahiptir \u2014 ince ama parlak. Ayarlanabilir tasar\u0131m, \u00e7ocu\u011funuz b\u00fcy\u00fcd\u00fck\u00e7e geni\u015fleyecek \u015fekilde \u00f6zenle tasarlanm\u0131\u015ft\u0131r, b\u00f6ylece g\u00fcvenli ve rahat bir kullan\u0131m sa\u011flar. Her par\u00e7a, safl\u0131\u011f\u0131n\u0131 ve orijinalli\u011fini onaylayan Londra Assay Office taraf\u0131ndan damgalanm\u0131\u015ft\u0131r.<\/p>\n<h3 data-start=\"864\" data-end=\"885\"><strong data-start=\"868\" data-end=\"885\">Stil Fikirleri<\/strong><\/h3>\n<p data-start=\"887\" data-end=\"1540\">Bu zarif bileklik, yeni do\u011fan bir bebek, bebe\u011fin ilk do\u011fum g\u00fcn\u00fc veya isim koyma t\u00f6reni i\u00e7in anlaml\u0131 bir hediye olur. Tek ba\u015f\u0131na tak\u0131ld\u0131\u011f\u0131nda, k\u00fc\u00e7\u00fck bir \u00e7ocu\u011fun bile\u011fine yumu\u015fak bir alt\u0131n par\u0131lt\u0131s\u0131 katar; \u00f6zel foto\u011fraflar veya de\u011ferli aile etkinlikleri i\u00e7in m\u00fckemmeldir. Zamans\u0131z sadeli\u011fi, daha geleneksel bir g\u00f6r\u00fcn\u00fcm i\u00e7in di\u011fer bebek bilezikleri veya halhallarla birlikte tak\u0131lmas\u0131na da olanak tan\u0131r. Bebekler i\u00e7in tasarlanm\u0131\u015f olsa da, dayan\u0131kl\u0131 tasar\u0131m\u0131 ve y\u00fcksek kaliteli i\u015f\u00e7ili\u011fi sayesinde saklanabilir ve nesilden nesile aktar\u0131labilir, b\u00f6ylece aile tarihinin de\u011ferli bir par\u00e7as\u0131 haline gelebilir.<\/p>","protected":false},"excerpt":{"rendered":"<p>Bebekler i\u00e7in \u00f6zenle tasarlanm\u0131\u015f bu Ayarlanabilir 22 ayar Alt\u0131n Bileklik ile de\u011ferli ba\u015flang\u0131\u00e7lar\u0131 kutlay\u0131n. Y\u00fcksek safl\u0131kta sar\u0131 alt\u0131ndan \u00fcretilen bileklik, \u0131\u015f\u0131\u011f\u0131 nazik\u00e7e yans\u0131tan yumu\u015fak bir parlakl\u0131\u011fa sahip klasik elmas kesim tasar\u0131m\u0131na sahiptir. Ayarlanabilir mekanizmas\u0131, \u00e7ocu\u011funuz b\u00fcy\u00fcd\u00fck\u00e7e g\u00fcvenli ve rahat bir kullan\u0131m sa\u011flar, bu da onu do\u011fum g\u00fcnleri, isim koyma t\u00f6renleri veya ilk d\u00f6n\u00fcm noktalar\u0131 i\u00e7in ideal bir hat\u0131ra haline getirir.<\/p>\n<ul>\n<li><strong>Malzeme:<\/strong> 22 Ayar Alt\u0131n (91,6% Saf Alt\u0131n)<\/li>\n<li><strong>Hallmark:\u00a0<\/strong>\u0130ngiliz Damgas\u0131<\/li>\n<li><strong>Br\u00fct A\u011f\u0131rl\u0131k: <\/strong>4.24 Gms<\/li>\n<li><b>Boyut: <\/b>Ayarlanabilir<\/li>\n<li><strong>SKU: <\/strong>53736, 53737, 53734, 53735, 53733, 54749, 54750, 54752, 54753, 54755, 54756<\/li>\n<\/ul>\n<p>&nbsp;<\/p>\n<p><strong>Fiyat ve Teslimat:\u00a0<\/strong>KDV ve teslimat \u00fccretleri dahil<br \/>\n<strong><a href=\"https:\/\/www.purejewels.com\/tr\/i%cc%87ade-poli%cc%87ti%cc%87kasi\/\">\u0130ade Politikas\u0131<\/a><\/strong><\/p>\n<p>&nbsp;<\/p>","protected":false},"featured_media":309164,"comment_status":"closed","ping_status":"closed","template":"","meta":{"_eb_attr":"","_crsspst_to_jayantr4sg-hostcom":true},"product_brand":[],"product_cat":[5677,1576,1233,1229,252,1526,1436,5349],"product_tag":[1546,5373],"class_list":{"0":"post-423273","1":"product","2":"type-product","3":"status-publish","4":"has-post-thumbnail","6":"product_cat-babys-gold-bangle","7":"product_cat-childrens-jewellery","8":"product_cat-gold-bangles","9":"product_cat-22ct-gold-jewellery","10":"product_cat-jali-collections","11":"product_cat-kids-bangles","12":"product_cat-kids-bracelet-kada","13":"product_cat-yellow-gold-jewellery","14":"product_tag-children","15":"product_tag-indian-gold-bangles-for-kids","17":"first","18":"instock","19":"featured","20":"taxable","21":"shipping-taxable","22":"purchasable","23":"product-type-simple","24":"add-to-wishlist-before_image"},"yoast_head":"<!-- This site is optimized with the Yoast SEO plugin v27.3 - https:\/\/yoast.com\/product\/yoast-seo-wordpress\/ -->\n<title>Adjustable 22ct Baby Gold Bangle | PureJewels London<\/title>\n<meta name=\"description\" content=\"Beautiful 22ct gold adjustable bangle for infants. A timeless keepsake crafted with love and comfort in mind. Hallmarked and gift-ready.\" \/>\n<meta name=\"robots\" content=\"noindex, nofollow\" \/>\n<meta property=\"og:locale\" content=\"tr_TR\" \/>\n<meta property=\"og:type\" content=\"article\" \/>\n<meta property=\"og:title\" content=\"Adjustable 22ct Baby Gold Bangle | PureJewels London\" \/>\n<meta property=\"og:description\" content=\"Beautiful 22ct gold adjustable bangle for infants. A timeless keepsake crafted with love and comfort in mind. Hallmarked and gift-ready.\" \/>\n<meta property=\"og:url\" content=\"https:\/\/www.purejewels.com\/tr\/urun\/bebekler-icin-ayarlanabilir-22-ayar-altin-bileklik-53736\/\" \/>\n<meta property=\"og:site_name\" content=\"PureJewels UK\" \/>\n<meta property=\"article:modified_time\" content=\"2026-03-11T09:56:20+00:00\" \/>\n<meta property=\"og:image\" content=\"https:\/\/static.purejewels.com\/wp-content\/uploads\/2019\/01\/28960.png\" \/>\n\t<meta property=\"og:image:width\" content=\"1000\" \/>\n\t<meta property=\"og:image:height\" content=\"1000\" \/>\n\t<meta property=\"og:image:type\" content=\"image\/png\" \/>\n<meta name=\"twitter:card\" content=\"summary_large_image\" \/>\n<meta name=\"twitter:label1\" content=\"Tahmini okuma s\u00fcresi\" \/>\n\t<meta name=\"twitter:data1\" content=\"2 dakika\" \/>\n<script type=\"application\/ld+json\" class=\"yoast-schema-graph\">{\"@context\":\"https:\\\/\\\/schema.org\",\"@graph\":[{\"@type\":[\"WebPage\",\"ItemPage\"],\"@id\":\"https:\\\/\\\/www.purejewels.com\\\/product\\\/adjustable-22ct-gold-bangle-for-infants-53736\\\/\",\"url\":\"https:\\\/\\\/www.purejewels.com\\\/product\\\/adjustable-22ct-gold-bangle-for-infants-53736\\\/\",\"name\":\"Adjustable 22ct Baby Gold Bangle | PureJewels London\",\"isPartOf\":{\"@id\":\"https:\\\/\\\/www.purejewels.com\\\/#website\"},\"primaryImageOfPage\":{\"@id\":\"https:\\\/\\\/www.purejewels.com\\\/product\\\/adjustable-22ct-gold-bangle-for-infants-53736\\\/#primaryimage\"},\"image\":{\"@id\":\"https:\\\/\\\/www.purejewels.com\\\/product\\\/adjustable-22ct-gold-bangle-for-infants-53736\\\/#primaryimage\"},\"thumbnailUrl\":\"https:\\\/\\\/static.purejewels.com\\\/wp-content\\\/uploads\\\/2019\\\/01\\\/28960.png\",\"datePublished\":\"2025-12-17T06:27:55+00:00\",\"dateModified\":\"2026-03-11T09:56:20+00:00\",\"description\":\"Beautiful 22ct gold adjustable bangle for infants. A timeless keepsake crafted with love and comfort in mind. Hallmarked and gift-ready.\",\"breadcrumb\":{\"@id\":\"https:\\\/\\\/www.purejewels.com\\\/product\\\/adjustable-22ct-gold-bangle-for-infants-53736\\\/#breadcrumb\"},\"inLanguage\":\"tr\",\"potentialAction\":[{\"@type\":\"ReadAction\",\"target\":[\"https:\\\/\\\/www.purejewels.com\\\/product\\\/adjustable-22ct-gold-bangle-for-infants-53736\\\/\"]}]},{\"@type\":\"ImageObject\",\"inLanguage\":\"tr\",\"@id\":\"https:\\\/\\\/www.purejewels.com\\\/product\\\/adjustable-22ct-gold-bangle-for-infants-53736\\\/#primaryimage\",\"url\":\"https:\\\/\\\/static.purejewels.com\\\/wp-content\\\/uploads\\\/2019\\\/01\\\/28960.png\",\"contentUrl\":\"https:\\\/\\\/static.purejewels.com\\\/wp-content\\\/uploads\\\/2019\\\/01\\\/28960.png\",\"width\":1000,\"height\":1000,\"caption\":\"Indian Gold Baby Bangles UK\"},{\"@type\":\"BreadcrumbList\",\"@id\":\"https:\\\/\\\/www.purejewels.com\\\/product\\\/adjustable-22ct-gold-bangle-for-infants-53736\\\/#breadcrumb\",\"itemListElement\":[{\"@type\":\"ListItem\",\"position\":1,\"name\":\"Home\",\"item\":\"https:\\\/\\\/www.purejewels.com\\\/\"},{\"@type\":\"ListItem\",\"position\":2,\"name\":\"Shop\",\"item\":\"https:\\\/\\\/www.purejewels.com\\\/shop\\\/\"},{\"@type\":\"ListItem\",\"position\":3,\"name\":\"Adjustable 22ct Gold Bangle for Infants\"}]},{\"@type\":\"WebSite\",\"@id\":\"https:\\\/\\\/www.purejewels.com\\\/#website\",\"url\":\"https:\\\/\\\/www.purejewels.com\\\/\",\"name\":\"PureJewels UK\",\"description\":\"Share the Love\",\"publisher\":{\"@id\":\"https:\\\/\\\/www.purejewels.com\\\/#organization\"},\"potentialAction\":[{\"@type\":\"SearchAction\",\"target\":{\"@type\":\"EntryPoint\",\"urlTemplate\":\"https:\\\/\\\/www.purejewels.com\\\/?s={search_term_string}\"},\"query-input\":{\"@type\":\"PropertyValueSpecification\",\"valueRequired\":true,\"valueName\":\"search_term_string\"}}],\"inLanguage\":\"tr\"},{\"@type\":\"Organization\",\"@id\":\"https:\\\/\\\/www.purejewels.com\\\/#organization\",\"name\":\"PureJewels UK\",\"url\":\"https:\\\/\\\/www.purejewels.com\\\/\",\"logo\":{\"@type\":\"ImageObject\",\"inLanguage\":\"tr\",\"@id\":\"https:\\\/\\\/www.purejewels.com\\\/#\\\/schema\\\/logo\\\/image\\\/\",\"url\":\"https:\\\/\\\/static.purejewels.com\\\/wp-content\\\/uploads\\\/2020\\\/11\\\/Logo-PJ-New-1.png\",\"contentUrl\":\"https:\\\/\\\/static.purejewels.com\\\/wp-content\\\/uploads\\\/2020\\\/11\\\/Logo-PJ-New-1.png\",\"width\":150,\"height\":80,\"caption\":\"PureJewels UK\"},\"image\":{\"@id\":\"https:\\\/\\\/www.purejewels.com\\\/#\\\/schema\\\/logo\\\/image\\\/\"}}]}<\/script>\n<!-- \/ Yoast SEO plugin. -->","yoast_head_json":{"title":"Ayarlanabilir 22 ayar Bebek Alt\u0131n Bileklik | PureJewels Londra","description":"Bebekler i\u00e7in g\u00fczel 22 ayar alt\u0131n ayarlanabilir bileklik. Sevgi ve rahatl\u0131k d\u00fc\u015f\u00fcn\u00fclerek tasarlanm\u0131\u015f zamans\u0131z bir hat\u0131ra. Damgal\u0131 ve hediyeye haz\u0131r.","robots":{"index":"noindex","follow":"nofollow"},"og_locale":"tr_TR","og_type":"article","og_title":"Adjustable 22ct Baby Gold Bangle | PureJewels London","og_description":"Beautiful 22ct gold adjustable bangle for infants. A timeless keepsake crafted with love and comfort in mind. Hallmarked and gift-ready.","og_url":"https:\/\/www.purejewels.com\/tr\/urun\/bebekler-icin-ayarlanabilir-22-ayar-altin-bileklik-53736\/","og_site_name":"PureJewels UK","article_modified_time":"2026-03-11T09:56:20+00:00","og_image":[{"width":1000,"height":1000,"url":"https:\/\/static.purejewels.com\/wp-content\/uploads\/2019\/01\/28960.png","type":"image\/png"}],"twitter_card":"summary_large_image","twitter_misc":{"Tahmini okuma s\u00fcresi":"2 dakika"},"schema":{"@context":"https:\/\/schema.org","@graph":[{"@type":["WebPage","ItemPage"],"@id":"https:\/\/www.purejewels.com\/product\/adjustable-22ct-gold-bangle-for-infants-53736\/","url":"https:\/\/www.purejewels.com\/product\/adjustable-22ct-gold-bangle-for-infants-53736\/","name":"Ayarlanabilir 22 ayar Bebek Alt\u0131n Bileklik | PureJewels Londra","isPartOf":{"@id":"https:\/\/www.purejewels.com\/#website"},"primaryImageOfPage":{"@id":"https:\/\/www.purejewels.com\/product\/adjustable-22ct-gold-bangle-for-infants-53736\/#primaryimage"},"image":{"@id":"https:\/\/www.purejewels.com\/product\/adjustable-22ct-gold-bangle-for-infants-53736\/#primaryimage"},"thumbnailUrl":"https:\/\/static.purejewels.com\/wp-content\/uploads\/2019\/01\/28960.png","datePublished":"2025-12-17T06:27:55+00:00","dateModified":"2026-03-11T09:56:20+00:00","description":"Bebekler i\u00e7in g\u00fczel 22 ayar alt\u0131n ayarlanabilir bileklik. Sevgi ve rahatl\u0131k d\u00fc\u015f\u00fcn\u00fclerek tasarlanm\u0131\u015f zamans\u0131z bir hat\u0131ra. Damgal\u0131 ve hediyeye haz\u0131r.","breadcrumb":{"@id":"https:\/\/www.purejewels.com\/product\/adjustable-22ct-gold-bangle-for-infants-53736\/#breadcrumb"},"inLanguage":"tr","potentialAction":[{"@type":"ReadAction","target":["https:\/\/www.purejewels.com\/product\/adjustable-22ct-gold-bangle-for-infants-53736\/"]}]},{"@type":"ImageObject","inLanguage":"tr","@id":"https:\/\/www.purejewels.com\/product\/adjustable-22ct-gold-bangle-for-infants-53736\/#primaryimage","url":"https:\/\/static.purejewels.com\/wp-content\/uploads\/2019\/01\/28960.png","contentUrl":"https:\/\/static.purejewels.com\/wp-content\/uploads\/2019\/01\/28960.png","width":1000,"height":1000,"caption":"Indian Gold Baby Bangles UK"},{"@type":"BreadcrumbList","@id":"https:\/\/www.purejewels.com\/product\/adjustable-22ct-gold-bangle-for-infants-53736\/#breadcrumb","itemListElement":[{"@type":"ListItem","position":1,"name":"Home","item":"https:\/\/www.purejewels.com\/"},{"@type":"ListItem","position":2,"name":"Shop","item":"https:\/\/www.purejewels.com\/shop\/"},{"@type":"ListItem","position":3,"name":"Adjustable 22ct Gold Bangle for Infants"}]},{"@type":"WebSite","@id":"https:\/\/www.purejewels.com\/#website","url":"https:\/\/www.purejewels.com\/","name":"PureJewels \u0130ngiltere","description":"Sevgiyi Payla\u015f\u0131n","publisher":{"@id":"https:\/\/www.purejewels.com\/#organization"},"potentialAction":[{"@type":"SearchAction","target":{"@type":"EntryPoint","urlTemplate":"https:\/\/www.purejewels.com\/?s={search_term_string}"},"query-input":{"@type":"PropertyValueSpecification","valueRequired":true,"valueName":"search_term_string"}}],"inLanguage":"tr"},{"@type":"Organization","@id":"https:\/\/www.purejewels.com\/#organization","name":"PureJewels \u0130ngiltere","url":"https:\/\/www.purejewels.com\/","logo":{"@type":"ImageObject","inLanguage":"tr","@id":"https:\/\/www.purejewels.com\/#\/schema\/logo\/image\/","url":"https:\/\/static.purejewels.com\/wp-content\/uploads\/2020\/11\/Logo-PJ-New-1.png","contentUrl":"https:\/\/static.purejewels.com\/wp-content\/uploads\/2020\/11\/Logo-PJ-New-1.png","width":150,"height":80,"caption":"PureJewels UK"},"image":{"@id":"https:\/\/www.purejewels.com\/#\/schema\/logo\/image\/"}}]}},"_links":{"self":[{"href":"https:\/\/www.purejewels.com\/tr\/wp-json\/wp\/v2\/product\/423273","targetHints":{"allow":["GET"]}}],"collection":[{"href":"https:\/\/www.purejewels.com\/tr\/wp-json\/wp\/v2\/product"}],"about":[{"href":"https:\/\/www.purejewels.com\/tr\/wp-json\/wp\/v2\/types\/product"}],"replies":[{"embeddable":true,"href":"https:\/\/www.purejewels.com\/tr\/wp-json\/wp\/v2\/comments?post=423273"}],"version-history":[{"count":3,"href":"https:\/\/www.purejewels.com\/tr\/wp-json\/wp\/v2\/product\/423273\/revisions"}],"predecessor-version":[{"id":426952,"href":"https:\/\/www.purejewels.com\/tr\/wp-json\/wp\/v2\/product\/423273\/revisions\/426952"}],"wp:featuredmedia":[{"embeddable":true,"href":"https:\/\/www.purejewels.com\/tr\/wp-json\/wp\/v2\/media\/309164"}],"wp:attachment":[{"href":"https:\/\/www.purejewels.com\/tr\/wp-json\/wp\/v2\/media?parent=423273"}],"wp:term":[{"taxonomy":"product_brand","embeddable":true,"href":"https:\/\/www.purejewels.com\/tr\/wp-json\/wp\/v2\/product_brand?post=423273"},{"taxonomy":"product_cat","embeddable":true,"href":"https:\/\/www.purejewels.com\/tr\/wp-json\/wp\/v2\/product_cat?post=423273"},{"taxonomy":"product_tag","embeddable":true,"href":"https:\/\/www.purejewels.com\/tr\/wp-json\/wp\/v2\/product_tag?post=423273"}],"curies":[{"name":"wp","href":"https:\/\/api.w.org\/{rel}","templated":true}]}}