{"id":423645,"date":"2025-12-22T09:00:28","date_gmt":"2025-12-22T09:00:28","guid":{"rendered":"https:\/\/www.purejewels.com\/?post_type=product&#038;p=423645"},"modified":"2026-04-06T14:19:53","modified_gmt":"2026-04-06T13:19:53","slug":"22-ayar-altin-noktali-dokulu-bebek-bilezigi-ayarlanabilir-53751","status":"publish","type":"product","link":"https:\/\/www.purejewels.com\/tr\/product\/22ct-gold-dot-textured-baby-bangle-adjustable-53751\/","title":{"rendered":"22 ayar alt\u0131n noktal\u0131 dokulu bebek bilezi\u011fi \u2013 Ayarlanabilir"},"content":{"rendered":"<p><strong>Tasar\u0131m Konsepti<\/strong><\/p>\n<p>Hayat\u0131n ilk d\u00f6n\u00fcm noktalar\u0131n\u0131 kutlamak i\u00e7in tasarlanan bu 22 ayar alt\u0131n noktal\u0131 dokulu bebek bilezi\u011fi, \u0131\u015f\u0131\u011f\u0131 ince ve ne\u015feli bir \u0131\u015f\u0131lt\u0131yla yakalayan zarif noktal\u0131 bir kaplama ile s\u00fcslenmi\u015ftir. Tasar\u0131m masumiyeti, gelene\u011fi ve b\u00fcy\u00fcme yolculu\u011funu yans\u0131tarak hem yeni do\u011fanlar hem de k\u00fc\u00e7\u00fck \u00e7ocuklar i\u00e7in ideal bir hediye olmaktad\u0131r.<\/p>\n<p><strong>Zanaatkarl\u0131k<\/strong><\/p>\n<p>Y\u00fcksek safl\u0131kta 22 ayar alt\u0131ndan ustal\u0131kla \u00fcretilen bu bileklik, PureJewels'\u0131n zanaatkarl\u0131\u011fa olan ba\u011fl\u0131l\u0131\u011f\u0131n\u0131 yans\u0131t\u0131yor. \u0130nce nokta dokulu desen, geleneksel kuyumculuk teknikleri kullan\u0131larak uygulanm\u0131\u015f ve dokunsal ve parlak bir y\u00fczey elde edilmi\u015ftir. Her par\u00e7a, alt\u0131n safl\u0131\u011f\u0131n\u0131 ve sizin i\u00e7 huzurunuzu garanti eden Londra Assay Office taraf\u0131ndan damgalanm\u0131\u015ft\u0131r.<\/p>\n<p><strong>Stil Fikirleri<\/strong><\/p>\n<ul>\n<li>\u0130sim koyma t\u00f6renleri, ilk do\u011fum g\u00fcnleri veya bebek partileri i\u00e7in d\u00fc\u015f\u00fcnceli bir hediye<\/li>\n<li>Ki\u015fisel bir dokunu\u015f i\u00e7in i\u00e7 taraf\u0131na grav\u00fcr yap\u0131labilir<\/li>\n<li>Geleneksel olarak bir\u00e7ok k\u00fclt\u00fcrde koruma, kutsama ve kutlama amac\u0131yla giyilir.<\/li>\n<li>L\u00fcks PureJewels hediye kutusunda sunulur, aile yadigar\u0131 hediye olarak m\u00fckemmeldir.<\/li>\n<\/ul>\n<p data-start=\"0\" data-end=\"154\">22 Ayar Alt\u0131n Nokta Dokulu Bebek Bilekli\u011fi - Ayarlanabilir, hassas tasar\u0131m\u0131 kal\u0131c\u0131 de\u011ferle birle\u015ftirerek \u00e7ocuklara bayram hediyeleri i\u00e7in de\u011ferli bir se\u00e7imdir.<\/p>\n<p data-start=\"156\" data-end=\"282\" data-is-last-node=\"\" data-is-only-node=\"\">","protected":false},"excerpt":{"rendered":"<p>Nokta desenli y\u00fczeye ve ayarlanabilir tasar\u0131ma sahip, el i\u015f\u00e7ili\u011fi ile \u00fcretilmi\u015f 22 ayar alt\u0131n bebek bilezi\u011fi. \u00c7ocu\u011funuzla birlikte b\u00fcy\u00fcyen anlaml\u0131 bir hat\u0131ra.<\/p>\n<ul>\n<li><strong>Malzeme:<\/strong> 22 Ayar Alt\u0131n (91,6% Saf Alt\u0131n)<\/li>\n<li><strong>Hallmark:\u00a0<\/strong>\u0130ngiliz Damgas\u0131<\/li>\n<li><strong>Br\u00fct A\u011f\u0131rl\u0131k: <\/strong>4.59 Gms<\/li>\n<li><b>Boyut: <\/b>Ayarlanabilir<\/li>\n<li><strong>SKU: <\/strong>53743, 53745, 53740, 54775, 54776, 54779, 54781, 54783<\/li>\n<\/ul>\n<p>&nbsp;<\/p>\n<p><strong>Fiyat ve Teslimat:\u00a0<\/strong>KDV ve teslimat \u00fccretleri dahil<br \/>\n<strong><a href=\"https:\/\/www.purejewels.com\/tr\/i%cc%87ade-poli%cc%87ti%cc%87kasi\/\">\u0130ade Politikas\u0131<\/a><\/strong><\/p>\n<p>&nbsp;<\/p>","protected":false},"featured_media":423646,"comment_status":"closed","ping_status":"closed","template":"","meta":{"_eb_attr":"","_crsspst_to_jayantr4sg-hostcom":true},"product_brand":[],"product_cat":[5677,1576,1233,1229,252,1526,1436,5349],"product_tag":[1546,5373],"class_list":{"0":"post-423645","1":"product","2":"type-product","3":"status-publish","4":"has-post-thumbnail","6":"product_cat-babys-gold-bangle","7":"product_cat-childrens-jewellery","8":"product_cat-gold-bangles","9":"product_cat-22ct-gold-jewellery","10":"product_cat-jali-collections","11":"product_cat-kids-bangles","12":"product_cat-kids-bracelet-kada","13":"product_cat-yellow-gold-jewellery","14":"product_tag-children","15":"product_tag-indian-gold-bangles-for-kids","17":"first","18":"instock","19":"featured","20":"taxable","21":"shipping-taxable","22":"purchasable","23":"product-type-simple","24":"add-to-wishlist-before_image"},"yoast_head":"<!-- This site is optimized with the Yoast SEO plugin v27.3 - https:\/\/yoast.com\/product\/yoast-seo-wordpress\/ -->\n<title>Adjustable 22ct Gold Baby Bangle with Dot Texture<\/title>\n<meta name=\"description\" content=\"Discover our 22ct Gold Adjustable Baby Bangle with a fine dot-textured finish. A meaningful and flexible gold gift for newborns. Shop baby jewellery at PureJewels.\" \/>\n<meta name=\"robots\" content=\"noindex, nofollow\" \/>\n<meta property=\"og:locale\" content=\"tr_TR\" \/>\n<meta property=\"og:type\" content=\"article\" \/>\n<meta property=\"og:title\" content=\"Adjustable 22ct Gold Baby Bangle with Dot Texture\" \/>\n<meta property=\"og:description\" content=\"Discover our 22ct Gold Adjustable Baby Bangle with a fine dot-textured finish. A meaningful and flexible gold gift for newborns. Shop baby jewellery at PureJewels.\" \/>\n<meta property=\"og:url\" content=\"https:\/\/www.purejewels.com\/tr\/urun\/22-ayar-altin-noktali-dokulu-bebek-bilezigi-ayarlanabilir-53751\/\" \/>\n<meta property=\"og:site_name\" content=\"PureJewels UK\" \/>\n<meta property=\"article:modified_time\" content=\"2026-04-06T13:19:53+00:00\" \/>\n<meta property=\"og:image\" content=\"https:\/\/static.purejewels.com\/wp-content\/uploads\/2025\/12\/image00008.jpg\" \/>\n\t<meta property=\"og:image:width\" content=\"1000\" \/>\n\t<meta property=\"og:image:height\" content=\"1000\" \/>\n\t<meta property=\"og:image:type\" content=\"image\/jpeg\" \/>\n<meta name=\"twitter:card\" content=\"summary_large_image\" \/>\n<meta name=\"twitter:label1\" content=\"Tahmini okuma s\u00fcresi\" \/>\n\t<meta name=\"twitter:data1\" content=\"1 dakika\" \/>\n<script type=\"application\/ld+json\" class=\"yoast-schema-graph\">{\"@context\":\"https:\\\/\\\/schema.org\",\"@graph\":[{\"@type\":[\"WebPage\",\"ItemPage\"],\"@id\":\"https:\\\/\\\/www.purejewels.com\\\/product\\\/22ct-gold-dot-textured-baby-bangle-adjustable-53751\\\/\",\"url\":\"https:\\\/\\\/www.purejewels.com\\\/product\\\/22ct-gold-dot-textured-baby-bangle-adjustable-53751\\\/\",\"name\":\"Adjustable 22ct Gold Baby Bangle with Dot Texture\",\"isPartOf\":{\"@id\":\"https:\\\/\\\/www.purejewels.com\\\/#website\"},\"primaryImageOfPage\":{\"@id\":\"https:\\\/\\\/www.purejewels.com\\\/product\\\/22ct-gold-dot-textured-baby-bangle-adjustable-53751\\\/#primaryimage\"},\"image\":{\"@id\":\"https:\\\/\\\/www.purejewels.com\\\/product\\\/22ct-gold-dot-textured-baby-bangle-adjustable-53751\\\/#primaryimage\"},\"thumbnailUrl\":\"https:\\\/\\\/static.purejewels.com\\\/wp-content\\\/uploads\\\/2025\\\/12\\\/image00008.jpg\",\"datePublished\":\"2025-12-22T09:00:28+00:00\",\"dateModified\":\"2026-04-06T13:19:53+00:00\",\"description\":\"Discover our 22ct Gold Adjustable Baby Bangle with a fine dot-textured finish. A meaningful and flexible gold gift for newborns. Shop baby jewellery at PureJewels.\",\"breadcrumb\":{\"@id\":\"https:\\\/\\\/www.purejewels.com\\\/product\\\/22ct-gold-dot-textured-baby-bangle-adjustable-53751\\\/#breadcrumb\"},\"inLanguage\":\"tr\",\"potentialAction\":[{\"@type\":\"ReadAction\",\"target\":[\"https:\\\/\\\/www.purejewels.com\\\/product\\\/22ct-gold-dot-textured-baby-bangle-adjustable-53751\\\/\"]}]},{\"@type\":\"ImageObject\",\"inLanguage\":\"tr\",\"@id\":\"https:\\\/\\\/www.purejewels.com\\\/product\\\/22ct-gold-dot-textured-baby-bangle-adjustable-53751\\\/#primaryimage\",\"url\":\"https:\\\/\\\/static.purejewels.com\\\/wp-content\\\/uploads\\\/2025\\\/12\\\/image00008.jpg\",\"contentUrl\":\"https:\\\/\\\/static.purejewels.com\\\/wp-content\\\/uploads\\\/2025\\\/12\\\/image00008.jpg\",\"width\":1000,\"height\":1000,\"caption\":\"22ct Gold Dot Textured Baby Bangle \u2013 Adjustable\"},{\"@type\":\"BreadcrumbList\",\"@id\":\"https:\\\/\\\/www.purejewels.com\\\/product\\\/22ct-gold-dot-textured-baby-bangle-adjustable-53751\\\/#breadcrumb\",\"itemListElement\":[{\"@type\":\"ListItem\",\"position\":1,\"name\":\"Home\",\"item\":\"https:\\\/\\\/www.purejewels.com\\\/\"},{\"@type\":\"ListItem\",\"position\":2,\"name\":\"Shop\",\"item\":\"https:\\\/\\\/www.purejewels.com\\\/shop\\\/\"},{\"@type\":\"ListItem\",\"position\":3,\"name\":\"22ct Gold Dot Textured Baby Bangle \u2013 Adjustable\"}]},{\"@type\":\"WebSite\",\"@id\":\"https:\\\/\\\/www.purejewels.com\\\/#website\",\"url\":\"https:\\\/\\\/www.purejewels.com\\\/\",\"name\":\"PureJewels UK\",\"description\":\"Share the Love\",\"publisher\":{\"@id\":\"https:\\\/\\\/www.purejewels.com\\\/#organization\"},\"potentialAction\":[{\"@type\":\"SearchAction\",\"target\":{\"@type\":\"EntryPoint\",\"urlTemplate\":\"https:\\\/\\\/www.purejewels.com\\\/?s={search_term_string}\"},\"query-input\":{\"@type\":\"PropertyValueSpecification\",\"valueRequired\":true,\"valueName\":\"search_term_string\"}}],\"inLanguage\":\"tr\"},{\"@type\":\"Organization\",\"@id\":\"https:\\\/\\\/www.purejewels.com\\\/#organization\",\"name\":\"PureJewels UK\",\"url\":\"https:\\\/\\\/www.purejewels.com\\\/\",\"logo\":{\"@type\":\"ImageObject\",\"inLanguage\":\"tr\",\"@id\":\"https:\\\/\\\/www.purejewels.com\\\/#\\\/schema\\\/logo\\\/image\\\/\",\"url\":\"https:\\\/\\\/static.purejewels.com\\\/wp-content\\\/uploads\\\/2020\\\/11\\\/Logo-PJ-New-1.png\",\"contentUrl\":\"https:\\\/\\\/static.purejewels.com\\\/wp-content\\\/uploads\\\/2020\\\/11\\\/Logo-PJ-New-1.png\",\"width\":150,\"height\":80,\"caption\":\"PureJewels UK\"},\"image\":{\"@id\":\"https:\\\/\\\/www.purejewels.com\\\/#\\\/schema\\\/logo\\\/image\\\/\"}}]}<\/script>\n<!-- \/ Yoast SEO plugin. -->","yoast_head_json":{"title":"Ayarlanabilir 22 ayar alt\u0131n bebek bilezi\u011fi, nokta desenli","description":"\u0130nce nokta dokulu y\u00fczeye sahip 22 ayar alt\u0131n ayarlanabilir bebek bilezi\u011fimizi ke\u015ffedin. Yeni do\u011fanlar i\u00e7in anlaml\u0131 ve esnek bir alt\u0131n hediye. PureJewels'da bebek tak\u0131lar\u0131n\u0131 sat\u0131n al\u0131n.","robots":{"index":"noindex","follow":"nofollow"},"og_locale":"tr_TR","og_type":"article","og_title":"Adjustable 22ct Gold Baby Bangle with Dot Texture","og_description":"Discover our 22ct Gold Adjustable Baby Bangle with a fine dot-textured finish. A meaningful and flexible gold gift for newborns. Shop baby jewellery at PureJewels.","og_url":"https:\/\/www.purejewels.com\/tr\/urun\/22-ayar-altin-noktali-dokulu-bebek-bilezigi-ayarlanabilir-53751\/","og_site_name":"PureJewels UK","article_modified_time":"2026-04-06T13:19:53+00:00","og_image":[{"width":1000,"height":1000,"url":"https:\/\/static.purejewels.com\/wp-content\/uploads\/2025\/12\/image00008.jpg","type":"image\/jpeg"}],"twitter_card":"summary_large_image","twitter_misc":{"Tahmini okuma s\u00fcresi":"1 dakika"},"schema":{"@context":"https:\/\/schema.org","@graph":[{"@type":["WebPage","ItemPage"],"@id":"https:\/\/www.purejewels.com\/product\/22ct-gold-dot-textured-baby-bangle-adjustable-53751\/","url":"https:\/\/www.purejewels.com\/product\/22ct-gold-dot-textured-baby-bangle-adjustable-53751\/","name":"Ayarlanabilir 22 ayar alt\u0131n bebek bilezi\u011fi, nokta desenli","isPartOf":{"@id":"https:\/\/www.purejewels.com\/#website"},"primaryImageOfPage":{"@id":"https:\/\/www.purejewels.com\/product\/22ct-gold-dot-textured-baby-bangle-adjustable-53751\/#primaryimage"},"image":{"@id":"https:\/\/www.purejewels.com\/product\/22ct-gold-dot-textured-baby-bangle-adjustable-53751\/#primaryimage"},"thumbnailUrl":"https:\/\/static.purejewels.com\/wp-content\/uploads\/2025\/12\/image00008.jpg","datePublished":"2025-12-22T09:00:28+00:00","dateModified":"2026-04-06T13:19:53+00:00","description":"\u0130nce nokta dokulu y\u00fczeye sahip 22 ayar alt\u0131n ayarlanabilir bebek bilezi\u011fimizi ke\u015ffedin. Yeni do\u011fanlar i\u00e7in anlaml\u0131 ve esnek bir alt\u0131n hediye. PureJewels'da bebek tak\u0131lar\u0131n\u0131 sat\u0131n al\u0131n.","breadcrumb":{"@id":"https:\/\/www.purejewels.com\/product\/22ct-gold-dot-textured-baby-bangle-adjustable-53751\/#breadcrumb"},"inLanguage":"tr","potentialAction":[{"@type":"ReadAction","target":["https:\/\/www.purejewels.com\/product\/22ct-gold-dot-textured-baby-bangle-adjustable-53751\/"]}]},{"@type":"ImageObject","inLanguage":"tr","@id":"https:\/\/www.purejewels.com\/product\/22ct-gold-dot-textured-baby-bangle-adjustable-53751\/#primaryimage","url":"https:\/\/static.purejewels.com\/wp-content\/uploads\/2025\/12\/image00008.jpg","contentUrl":"https:\/\/static.purejewels.com\/wp-content\/uploads\/2025\/12\/image00008.jpg","width":1000,"height":1000,"caption":"22ct Gold Dot Textured Baby Bangle \u2013 Adjustable"},{"@type":"BreadcrumbList","@id":"https:\/\/www.purejewels.com\/product\/22ct-gold-dot-textured-baby-bangle-adjustable-53751\/#breadcrumb","itemListElement":[{"@type":"ListItem","position":1,"name":"Home","item":"https:\/\/www.purejewels.com\/"},{"@type":"ListItem","position":2,"name":"Shop","item":"https:\/\/www.purejewels.com\/shop\/"},{"@type":"ListItem","position":3,"name":"22ct Gold Dot Textured Baby Bangle \u2013 Adjustable"}]},{"@type":"WebSite","@id":"https:\/\/www.purejewels.com\/#website","url":"https:\/\/www.purejewels.com\/","name":"PureJewels \u0130ngiltere","description":"Sevgiyi Payla\u015f\u0131n","publisher":{"@id":"https:\/\/www.purejewels.com\/#organization"},"potentialAction":[{"@type":"SearchAction","target":{"@type":"EntryPoint","urlTemplate":"https:\/\/www.purejewels.com\/?s={search_term_string}"},"query-input":{"@type":"PropertyValueSpecification","valueRequired":true,"valueName":"search_term_string"}}],"inLanguage":"tr"},{"@type":"Organization","@id":"https:\/\/www.purejewels.com\/#organization","name":"PureJewels \u0130ngiltere","url":"https:\/\/www.purejewels.com\/","logo":{"@type":"ImageObject","inLanguage":"tr","@id":"https:\/\/www.purejewels.com\/#\/schema\/logo\/image\/","url":"https:\/\/static.purejewels.com\/wp-content\/uploads\/2020\/11\/Logo-PJ-New-1.png","contentUrl":"https:\/\/static.purejewels.com\/wp-content\/uploads\/2020\/11\/Logo-PJ-New-1.png","width":150,"height":80,"caption":"PureJewels UK"},"image":{"@id":"https:\/\/www.purejewels.com\/#\/schema\/logo\/image\/"}}]}},"_links":{"self":[{"href":"https:\/\/www.purejewels.com\/tr\/wp-json\/wp\/v2\/product\/423645","targetHints":{"allow":["GET"]}}],"collection":[{"href":"https:\/\/www.purejewels.com\/tr\/wp-json\/wp\/v2\/product"}],"about":[{"href":"https:\/\/www.purejewels.com\/tr\/wp-json\/wp\/v2\/types\/product"}],"replies":[{"embeddable":true,"href":"https:\/\/www.purejewels.com\/tr\/wp-json\/wp\/v2\/comments?post=423645"}],"version-history":[{"count":4,"href":"https:\/\/www.purejewels.com\/tr\/wp-json\/wp\/v2\/product\/423645\/revisions"}],"predecessor-version":[{"id":427018,"href":"https:\/\/www.purejewels.com\/tr\/wp-json\/wp\/v2\/product\/423645\/revisions\/427018"}],"wp:featuredmedia":[{"embeddable":true,"href":"https:\/\/www.purejewels.com\/tr\/wp-json\/wp\/v2\/media\/423646"}],"wp:attachment":[{"href":"https:\/\/www.purejewels.com\/tr\/wp-json\/wp\/v2\/media?parent=423645"}],"wp:term":[{"taxonomy":"product_brand","embeddable":true,"href":"https:\/\/www.purejewels.com\/tr\/wp-json\/wp\/v2\/product_brand?post=423645"},{"taxonomy":"product_cat","embeddable":true,"href":"https:\/\/www.purejewels.com\/tr\/wp-json\/wp\/v2\/product_cat?post=423645"},{"taxonomy":"product_tag","embeddable":true,"href":"https:\/\/www.purejewels.com\/tr\/wp-json\/wp\/v2\/product_tag?post=423645"}],"curies":[{"name":"wp","href":"https:\/\/api.w.org\/{rel}","templated":true}]}}