{"id":423665,"date":"2026-01-21T11:19:30","date_gmt":"2026-01-21T11:19:30","guid":{"rendered":"https:\/\/www.purejewels.com\/?post_type=product&#038;p=423665"},"modified":"2026-04-20T09:57:29","modified_gmt":"2026-04-20T08:57:29","slug":"22-ayar-altin-boncuklu-ikili-zincir-bileklik-53927","status":"publish","type":"product","link":"https:\/\/www.purejewels.com\/tr\/product\/22ct-gold-beaded-duo-chain-bracelet-53927\/","title":{"rendered":"22 ayar alt\u0131n boncuklu ikili zincir bileklik"},"content":{"rendered":"<p><strong>Tasar\u0131m Konsepti<\/strong><\/p>\n<p>22 ayar alt\u0131n boncuklu ikili zincir bileklik, denge ve hareketin bir kutlamas\u0131d\u0131r. Dokulu k\u00fcresel boncuklarla s\u00fcslenmi\u015f \u00e7ift ince alt\u0131n zincirden olu\u015fan tasar\u0131m, ak\u0131c\u0131l\u0131k ve kad\u0131ns\u0131 zarafet hissi uyand\u0131r\u0131r. Katmanl\u0131 g\u00f6r\u00fcn\u00fcm, ince bir derinlik yaratarak, \u015f\u0131kl\u0131k dokunu\u015fuyla zarif detaylar\u0131 sevenler i\u00e7in idealdir. Tek ba\u015f\u0131na veya katmanl\u0131 olarak tak\u0131ld\u0131\u011f\u0131nda, bu par\u00e7a m\u00fccevher koleksiyonunuza hassas bir zenginlik katar ve gelenek ile \u00e7a\u011fda\u015f stili g\u00fczel bir \u015fekilde birle\u015ftirir.<\/p>\n<p><strong>Zanaatkarl\u0131k<\/strong><\/p>\n<p>Saf 22 ayar sar\u0131 alt\u0131ndan ustal\u0131kla el i\u015f\u00e7ili\u011fi ile \u00fcretilen bu bileklik, geleneksel esintili boncuk detaylar\u0131n\u0131 modern \u00e7ift zincirli sil\u00fcetle birle\u015ftiriyor. Her bir boncuk, yumu\u015fak bir doku ile hassas bir \u015fekilde i\u015flenerek, a\u015f\u0131r\u0131ya ka\u00e7madan nazik bir \u0131\u015f\u0131lt\u0131 sunuyor. Londra Assay Office taraf\u0131ndan damgalanm\u0131\u015f olup, safl\u0131k, \u00f6zg\u00fcnl\u00fck ve ince i\u015f\u00e7ilik garantisi vermektedir.<\/p>\n<p><strong>Stil Fikirleri<\/strong><\/p>\n<ul>\n<li>G\u00fcnl\u00fck veya \u00f6zel g\u00fcnler i\u00e7in yumu\u015fak bir aksesuar olarak tek ba\u015f\u0131na giyilebilir.<\/li>\n<li>Uyumlu bir g\u00f6r\u00fcn\u00fcm i\u00e7in alt\u0131n k\u00fcpeler veya boncuklu kolye ile kombinleyin.<\/li>\n<li>Daha \u00e7a\u011fda\u015f bir estetik i\u00e7in ince bilezikler veya ba\u015fka bir bileklikle katmanlay\u0131n.<\/li>\n<li>\u00d6zel g\u00fcnler veya ki\u015fisel d\u00f6n\u00fcm noktalar\u0131 i\u00e7in anlaml\u0131 bir hediye<\/li>\n<\/ul>","protected":false},"excerpt":{"rendered":"<p>22 ayar alt\u0131ndan ustaca i\u015flenmi\u015f, iki ince zincir ve zarif dokulu boncuklarla s\u00fcslenmi\u015f sofistike bir bileklik. Hafif, zarif ve g\u00fcnl\u00fck kullan\u0131m veya \u00f6zel g\u00fcnler i\u00e7in m\u00fckemmel bir se\u00e7im.<\/p>\n<p><strong>Malzeme:<\/strong> 22 Ayar Alt\u0131n (91,6% Saf Alt\u0131n)<strong><br \/>\nHallmark:\u00a0<\/strong>\u0130ngiliz Damgas\u0131<strong><br \/>\n<\/strong><strong>Br\u00fct A\u011f\u0131rl\u0131k: <\/strong>4.60 Gms<br \/>\n<strong>Uzunluk:<\/strong> 7.0 in\u00e7<br \/>\n<strong>SKU:<\/strong> 55447, 55454, 55453, 55452, 55451, 55449, 55455<\/p>\n<p><strong>Fiyat ve Teslimat<\/strong>: KDV ve teslimat \u00fccreti dahil<br \/>\n<a href=\"https:\/\/www.purejewels.com\/tr\/i%cc%87ade-poli%cc%87ti%cc%87kasi\/\">\u0130ade Politikas\u0131<\/a><\/p>","protected":false},"featured_media":428559,"comment_status":"closed","ping_status":"closed","template":"","meta":{"_eb_attr":"","_crsspst_to_jayantr4sg-hostcom":true},"product_brand":[],"product_cat":[1791,5441,1559,1793,1792,1324,1627,1229,5344,1575,1569,1574,5349],"product_tag":[5634],"class_list":{"0":"post-423665","1":"product","2":"type-product","3":"status-publish","4":"has-post-thumbnail","6":"product_cat-anniversary-gifts","7":"product_cat-gold-bead-bracelets","8":"product_cat-birthday-gifts","9":"product_cat-diwali-gifts","10":"product_cat-festival-gifts","11":"product_cat-gold-bracelet","12":"product_cat-ladies-bracelet","13":"product_cat-22ct-gold-jewellery","14":"product_cat-jewellery-under-750","15":"product_cat-teenage-jewellery","16":"product_cat-valentine-day-gifts","17":"product_cat-womens-jewellery","18":"product_cat-yellow-gold-jewellery","19":"product_tag-22ct-gold-bracelet-for-ladies","21":"first","22":"instock","23":"taxable","24":"shipping-taxable","25":"purchasable","26":"product-type-simple","27":"add-to-wishlist-before_image"},"yoast_head":"<!-- This site is optimized with the Yoast SEO plugin v27.4 - https:\/\/yoast.com\/product\/yoast-seo-wordpress\/ -->\n<title>Elegant 22ct Real Gold Duo Chain Bracelet with Beads, Purejewels<\/title>\n<meta name=\"description\" content=\"Discover the 22ct Gold Beaded Chain Bracelet \u2013 a graceful double-chain bracelet with delicate textured beads. Ideal for gifting or everyday wear.\" \/>\n<meta name=\"robots\" content=\"index, follow, max-snippet:-1, max-image-preview:large, max-video-preview:-1\" \/>\n<link rel=\"canonical\" href=\"https:\/\/www.purejewels.com\/tr\/urun\/22-ayar-altin-boncuklu-ikili-zincir-bileklik-53927\/\" \/>\n<meta property=\"og:locale\" content=\"tr_TR\" \/>\n<meta property=\"og:type\" content=\"article\" \/>\n<meta property=\"og:title\" content=\"Elegant 22ct Real Gold Duo Chain Bracelet with Beads, Purejewels\" \/>\n<meta property=\"og:description\" content=\"Discover the 22ct Gold Beaded Chain Bracelet \u2013 a graceful double-chain bracelet with delicate textured beads. Ideal for gifting or everyday wear.\" \/>\n<meta property=\"og:url\" content=\"https:\/\/www.purejewels.com\/tr\/urun\/22-ayar-altin-boncuklu-ikili-zincir-bileklik-53927\/\" \/>\n<meta property=\"og:site_name\" content=\"PureJewels UK\" \/>\n<meta property=\"article:modified_time\" content=\"2026-04-20T08:57:29+00:00\" \/>\n<meta property=\"og:image\" content=\"https:\/\/static.purejewels.com\/wp-content\/uploads\/2026\/01\/sku-55447-top-.jpg\" \/>\n\t<meta property=\"og:image:width\" content=\"1000\" \/>\n\t<meta property=\"og:image:height\" content=\"1000\" \/>\n\t<meta property=\"og:image:type\" content=\"image\/jpeg\" \/>\n<meta name=\"twitter:card\" content=\"summary_large_image\" \/>\n<meta name=\"twitter:label1\" content=\"Tahmini okuma s\u00fcresi\" \/>\n\t<meta name=\"twitter:data1\" content=\"1 dakika\" \/>\n<script type=\"application\/ld+json\" class=\"yoast-schema-graph\">{\"@context\":\"https:\\\/\\\/schema.org\",\"@graph\":[{\"@type\":[\"WebPage\",\"ItemPage\"],\"@id\":\"https:\\\/\\\/www.purejewels.com\\\/product\\\/22ct-gold-beaded-duo-chain-bracelet-53927\\\/\",\"url\":\"https:\\\/\\\/www.purejewels.com\\\/product\\\/22ct-gold-beaded-duo-chain-bracelet-53927\\\/\",\"name\":\"Elegant 22ct Real Gold Duo Chain Bracelet with Beads, Purejewels\",\"isPartOf\":{\"@id\":\"https:\\\/\\\/www.purejewels.com\\\/#website\"},\"primaryImageOfPage\":{\"@id\":\"https:\\\/\\\/www.purejewels.com\\\/product\\\/22ct-gold-beaded-duo-chain-bracelet-53927\\\/#primaryimage\"},\"image\":{\"@id\":\"https:\\\/\\\/www.purejewels.com\\\/product\\\/22ct-gold-beaded-duo-chain-bracelet-53927\\\/#primaryimage\"},\"thumbnailUrl\":\"https:\\\/\\\/static.purejewels.com\\\/wp-content\\\/uploads\\\/2026\\\/01\\\/sku-55447-top-.jpg\",\"datePublished\":\"2026-01-21T11:19:30+00:00\",\"dateModified\":\"2026-04-20T08:57:29+00:00\",\"description\":\"Discover the 22ct Gold Beaded Chain Bracelet \u2013 a graceful double-chain bracelet with delicate textured beads. Ideal for gifting or everyday wear.\",\"breadcrumb\":{\"@id\":\"https:\\\/\\\/www.purejewels.com\\\/product\\\/22ct-gold-beaded-duo-chain-bracelet-53927\\\/#breadcrumb\"},\"inLanguage\":\"tr\",\"potentialAction\":[{\"@type\":\"ReadAction\",\"target\":[\"https:\\\/\\\/www.purejewels.com\\\/product\\\/22ct-gold-beaded-duo-chain-bracelet-53927\\\/\"]}]},{\"@type\":\"ImageObject\",\"inLanguage\":\"tr\",\"@id\":\"https:\\\/\\\/www.purejewels.com\\\/product\\\/22ct-gold-beaded-duo-chain-bracelet-53927\\\/#primaryimage\",\"url\":\"https:\\\/\\\/static.purejewels.com\\\/wp-content\\\/uploads\\\/2026\\\/01\\\/sku-55447-top-.jpg\",\"contentUrl\":\"https:\\\/\\\/static.purejewels.com\\\/wp-content\\\/uploads\\\/2026\\\/01\\\/sku-55447-top-.jpg\",\"width\":1000,\"height\":1000,\"caption\":\"22ct Gold Beaded Duo Chain Bracelet\"},{\"@type\":\"BreadcrumbList\",\"@id\":\"https:\\\/\\\/www.purejewels.com\\\/product\\\/22ct-gold-beaded-duo-chain-bracelet-53927\\\/#breadcrumb\",\"itemListElement\":[{\"@type\":\"ListItem\",\"position\":1,\"name\":\"Home\",\"item\":\"https:\\\/\\\/www.purejewels.com\\\/\"},{\"@type\":\"ListItem\",\"position\":2,\"name\":\"Shop\",\"item\":\"https:\\\/\\\/www.purejewels.com\\\/shop\\\/\"},{\"@type\":\"ListItem\",\"position\":3,\"name\":\"22ct Gold Beaded Duo Chain Bracelet\"}]},{\"@type\":\"WebSite\",\"@id\":\"https:\\\/\\\/www.purejewels.com\\\/#website\",\"url\":\"https:\\\/\\\/www.purejewels.com\\\/\",\"name\":\"PureJewels UK\",\"description\":\"Share the Love\",\"publisher\":{\"@id\":\"https:\\\/\\\/www.purejewels.com\\\/#organization\"},\"potentialAction\":[{\"@type\":\"SearchAction\",\"target\":{\"@type\":\"EntryPoint\",\"urlTemplate\":\"https:\\\/\\\/www.purejewels.com\\\/?s={search_term_string}\"},\"query-input\":{\"@type\":\"PropertyValueSpecification\",\"valueRequired\":true,\"valueName\":\"search_term_string\"}}],\"inLanguage\":\"tr\"},{\"@type\":\"Organization\",\"@id\":\"https:\\\/\\\/www.purejewels.com\\\/#organization\",\"name\":\"PureJewels UK\",\"url\":\"https:\\\/\\\/www.purejewels.com\\\/\",\"logo\":{\"@type\":\"ImageObject\",\"inLanguage\":\"tr\",\"@id\":\"https:\\\/\\\/www.purejewels.com\\\/#\\\/schema\\\/logo\\\/image\\\/\",\"url\":\"https:\\\/\\\/static.purejewels.com\\\/wp-content\\\/uploads\\\/2020\\\/11\\\/Logo-PJ-New-1.png\",\"contentUrl\":\"https:\\\/\\\/static.purejewels.com\\\/wp-content\\\/uploads\\\/2020\\\/11\\\/Logo-PJ-New-1.png\",\"width\":150,\"height\":80,\"caption\":\"PureJewels UK\"},\"image\":{\"@id\":\"https:\\\/\\\/www.purejewels.com\\\/#\\\/schema\\\/logo\\\/image\\\/\"}}]}<\/script>\n<!-- \/ Yoast SEO plugin. -->","yoast_head_json":{"title":"Zarif 22 Ayar Ger\u00e7ek Alt\u0131n Boncuklu \u0130kili Zincir Bileklik, Purejewels","description":"22 Ayar Alt\u0131n Boncuklu Zincir Bilezi\u011fi ke\u015ffedin - narin dokulu boncuklara sahip zarif bir \u00e7ift zincir bilezik. Hediye vermek veya g\u00fcnl\u00fck kullan\u0131m i\u00e7in idealdir.","robots":{"index":"index","follow":"follow","max-snippet":"max-snippet:-1","max-image-preview":"max-image-preview:large","max-video-preview":"max-video-preview:-1"},"canonical":"https:\/\/www.purejewels.com\/tr\/urun\/22-ayar-altin-boncuklu-ikili-zincir-bileklik-53927\/","og_locale":"tr_TR","og_type":"article","og_title":"Elegant 22ct Real Gold Duo Chain Bracelet with Beads, Purejewels","og_description":"Discover the 22ct Gold Beaded Chain Bracelet \u2013 a graceful double-chain bracelet with delicate textured beads. Ideal for gifting or everyday wear.","og_url":"https:\/\/www.purejewels.com\/tr\/urun\/22-ayar-altin-boncuklu-ikili-zincir-bileklik-53927\/","og_site_name":"PureJewels UK","article_modified_time":"2026-04-20T08:57:29+00:00","og_image":[{"width":1000,"height":1000,"url":"https:\/\/static.purejewels.com\/wp-content\/uploads\/2026\/01\/sku-55447-top-.jpg","type":"image\/jpeg"}],"twitter_card":"summary_large_image","twitter_misc":{"Tahmini okuma s\u00fcresi":"1 dakika"},"schema":{"@context":"https:\/\/schema.org","@graph":[{"@type":["WebPage","ItemPage"],"@id":"https:\/\/www.purejewels.com\/product\/22ct-gold-beaded-duo-chain-bracelet-53927\/","url":"https:\/\/www.purejewels.com\/product\/22ct-gold-beaded-duo-chain-bracelet-53927\/","name":"Zarif 22 Ayar Ger\u00e7ek Alt\u0131n Boncuklu \u0130kili Zincir Bileklik, Purejewels","isPartOf":{"@id":"https:\/\/www.purejewels.com\/#website"},"primaryImageOfPage":{"@id":"https:\/\/www.purejewels.com\/product\/22ct-gold-beaded-duo-chain-bracelet-53927\/#primaryimage"},"image":{"@id":"https:\/\/www.purejewels.com\/product\/22ct-gold-beaded-duo-chain-bracelet-53927\/#primaryimage"},"thumbnailUrl":"https:\/\/static.purejewels.com\/wp-content\/uploads\/2026\/01\/sku-55447-top-.jpg","datePublished":"2026-01-21T11:19:30+00:00","dateModified":"2026-04-20T08:57:29+00:00","description":"22 Ayar Alt\u0131n Boncuklu Zincir Bilezi\u011fi ke\u015ffedin - narin dokulu boncuklara sahip zarif bir \u00e7ift zincir bilezik. Hediye vermek veya g\u00fcnl\u00fck kullan\u0131m i\u00e7in idealdir.","breadcrumb":{"@id":"https:\/\/www.purejewels.com\/product\/22ct-gold-beaded-duo-chain-bracelet-53927\/#breadcrumb"},"inLanguage":"tr","potentialAction":[{"@type":"ReadAction","target":["https:\/\/www.purejewels.com\/product\/22ct-gold-beaded-duo-chain-bracelet-53927\/"]}]},{"@type":"ImageObject","inLanguage":"tr","@id":"https:\/\/www.purejewels.com\/product\/22ct-gold-beaded-duo-chain-bracelet-53927\/#primaryimage","url":"https:\/\/static.purejewels.com\/wp-content\/uploads\/2026\/01\/sku-55447-top-.jpg","contentUrl":"https:\/\/static.purejewels.com\/wp-content\/uploads\/2026\/01\/sku-55447-top-.jpg","width":1000,"height":1000,"caption":"22ct Gold Beaded Duo Chain Bracelet"},{"@type":"BreadcrumbList","@id":"https:\/\/www.purejewels.com\/product\/22ct-gold-beaded-duo-chain-bracelet-53927\/#breadcrumb","itemListElement":[{"@type":"ListItem","position":1,"name":"Home","item":"https:\/\/www.purejewels.com\/"},{"@type":"ListItem","position":2,"name":"Shop","item":"https:\/\/www.purejewels.com\/shop\/"},{"@type":"ListItem","position":3,"name":"22ct Gold Beaded Duo Chain Bracelet"}]},{"@type":"WebSite","@id":"https:\/\/www.purejewels.com\/#website","url":"https:\/\/www.purejewels.com\/","name":"PureJewels \u0130ngiltere","description":"Sevgiyi Payla\u015f\u0131n","publisher":{"@id":"https:\/\/www.purejewels.com\/#organization"},"potentialAction":[{"@type":"SearchAction","target":{"@type":"EntryPoint","urlTemplate":"https:\/\/www.purejewels.com\/?s={search_term_string}"},"query-input":{"@type":"PropertyValueSpecification","valueRequired":true,"valueName":"search_term_string"}}],"inLanguage":"tr"},{"@type":"Organization","@id":"https:\/\/www.purejewels.com\/#organization","name":"PureJewels \u0130ngiltere","url":"https:\/\/www.purejewels.com\/","logo":{"@type":"ImageObject","inLanguage":"tr","@id":"https:\/\/www.purejewels.com\/#\/schema\/logo\/image\/","url":"https:\/\/static.purejewels.com\/wp-content\/uploads\/2020\/11\/Logo-PJ-New-1.png","contentUrl":"https:\/\/static.purejewels.com\/wp-content\/uploads\/2020\/11\/Logo-PJ-New-1.png","width":150,"height":80,"caption":"PureJewels UK"},"image":{"@id":"https:\/\/www.purejewels.com\/#\/schema\/logo\/image\/"}}]}},"_links":{"self":[{"href":"https:\/\/www.purejewels.com\/tr\/wp-json\/wp\/v2\/product\/423665","targetHints":{"allow":["GET"]}}],"collection":[{"href":"https:\/\/www.purejewels.com\/tr\/wp-json\/wp\/v2\/product"}],"about":[{"href":"https:\/\/www.purejewels.com\/tr\/wp-json\/wp\/v2\/types\/product"}],"replies":[{"embeddable":true,"href":"https:\/\/www.purejewels.com\/tr\/wp-json\/wp\/v2\/comments?post=423665"}],"version-history":[{"count":5,"href":"https:\/\/www.purejewels.com\/tr\/wp-json\/wp\/v2\/product\/423665\/revisions"}],"predecessor-version":[{"id":428557,"href":"https:\/\/www.purejewels.com\/tr\/wp-json\/wp\/v2\/product\/423665\/revisions\/428557"}],"wp:featuredmedia":[{"embeddable":true,"href":"https:\/\/www.purejewels.com\/tr\/wp-json\/wp\/v2\/media\/428559"}],"wp:attachment":[{"href":"https:\/\/www.purejewels.com\/tr\/wp-json\/wp\/v2\/media?parent=423665"}],"wp:term":[{"taxonomy":"product_brand","embeddable":true,"href":"https:\/\/www.purejewels.com\/tr\/wp-json\/wp\/v2\/product_brand?post=423665"},{"taxonomy":"product_cat","embeddable":true,"href":"https:\/\/www.purejewels.com\/tr\/wp-json\/wp\/v2\/product_cat?post=423665"},{"taxonomy":"product_tag","embeddable":true,"href":"https:\/\/www.purejewels.com\/tr\/wp-json\/wp\/v2\/product_tag?post=423665"}],"curies":[{"name":"wp","href":"https:\/\/api.w.org\/{rel}","templated":true}]}}