{"id":423694,"date":"2025-12-22T12:20:23","date_gmt":"2025-12-22T12:20:23","guid":{"rendered":"https:\/\/www.purejewels.com\/?post_type=product&#038;p=423694"},"modified":"2026-03-27T04:27:27","modified_gmt":"2026-03-27T04:27:27","slug":"22-ayar-altin-ince-boncuklu-kadin-bilezigi-53934","status":"publish","type":"product","link":"https:\/\/www.purejewels.com\/tr\/product\/fine-beaded-gold-women-bracelet-in-22ct-53934\/","title":{"rendered":"22 ayar ince boncuklu alt\u0131n kad\u0131n bilezi\u011fi"},"content":{"rendered":"<p><strong>Tasar\u0131m Konsepti<\/strong><\/p>\n<p>22 ayar alt\u0131n ince boncuklu kad\u0131n bilezi\u011fi, narin g\u00fczelli\u011fe ve zamans\u0131z gelene\u011fe bir \u00f6vg\u00fc niteli\u011findedir. Zarif tek s\u0131ra tasar\u0131m\u0131, ince dokulu alt\u0131n boncuklar\u0131n ritmiyle vurgulanarak, ince bir \u0131\u015f\u0131lt\u0131 ve zarif bir \u00e7ekicilik sunar. Bu par\u00e7a, sade zarafeti sevenler i\u00e7in m\u00fckemmeldir \u2014 hafiflik ve l\u00fcks\u00fcn giyilebilir bir ifadesi.<\/p>\n<p><strong>Zanaatkarl\u0131k<\/strong><\/p>\n<p>Y\u00fcksek safl\u0131kta 22 ayar sar\u0131 alt\u0131ndan \u00fcretilen her bir bilezik, yetenekli zanaatkarlar taraf\u0131ndan \u00f6zenle el i\u015f\u00e7ili\u011fi ile \u00fcretilmi\u015ftir. Alt\u0131n boncuklar, y\u00fczeye yumu\u015fak ve \u0131\u015f\u0131lt\u0131l\u0131 bir parlakl\u0131k katan karma\u015f\u0131k dokularla i\u015flenmi\u015ftir. Zincir sa\u011flam ancak narindir ve bilezik, alt\u0131n safl\u0131\u011f\u0131n\u0131 ve orijinalli\u011fini garanti etmek i\u00e7in Londra Assay Office taraf\u0131ndan damgalanm\u0131\u015ft\u0131r.<\/p>\n<p><strong>Stil Fikirleri<\/strong><\/p>\n<p>Bu ince boncuklu 22 ayar alt\u0131n bilezi\u011fi Sevgililer G\u00fcn\u00fc i\u00e7in zarif bir vurgu olarak \u015fekillendirin, zahmetsizce romantik hissettiren yumu\u015fak ve kad\u0131ns\u0131 bir g\u00f6r\u00fcn\u00fcm i\u00e7in tek ba\u015f\u0131na tak\u0131n. Narin formu, ince alt\u0131n bilekliklerle katmanlamak veya modern bir Sevgililer G\u00fcn\u00fc stili i\u00e7in klasik bir saatle e\u015fle\u015ftirmek i\u00e7in idealdir. \u0130ster g\u00fcnl\u00fck k\u0131yafetlerle ister gece k\u0131yafetleriyle tak\u0131ls\u0131n, a\u015fk\u0131 incelik ve zarafetle kutlaman\u0131n zarif bir yolunu sunar.<\/p>","protected":false},"excerpt":{"rendered":"<p>Saf 22 ayar alt\u0131ndan i\u015flenmi\u015f zarif bir bileklik, g\u00fczel dokulu alt\u0131n boncuklarla s\u00fcslenmi\u015f ince bir zincirden olu\u015fur. Hafif ve zarif \u2014 g\u00fcnl\u00fck kullan\u0131m veya \u00f6zenli bir hediye i\u00e7in m\u00fckemmeldir.<\/p>\n<p><strong>Malzeme:<\/strong> 22 Ayar Alt\u0131n (91,6% Saf Alt\u0131n)<strong><br \/>\nHallmark:\u00a0<\/strong>\u0130ngiliz Damgas\u0131<strong><br \/>\n<\/strong><strong>Br\u00fct A\u011f\u0131rl\u0131k: <\/strong>2.52 Gms<br \/>\n<strong>Uzunluk:<\/strong> 7 in\u00e7<br \/>\n<strong>SKU:<\/strong> 53934, 53933, 53931, 53929, 52941, 54724, 54723<\/p>\n<p><strong>Fiyat ve Teslimat<\/strong>: KDV ve teslimat \u00fccreti dahil<br \/>\n<a href=\"https:\/\/www.purejewels.com\/tr\/i%cc%87ade-poli%cc%87ti%cc%87kasi\/\">\u0130ade Politikas\u0131<\/a><\/p>","protected":false},"featured_media":423697,"comment_status":"closed","ping_status":"closed","template":"","meta":{"_eb_attr":"","_crsspst_to_jayantr4sg-hostcom":true},"product_brand":[],"product_cat":[1791,5441,1559,1793,1792,1324,1627,1229,5343,1575,1569,1574,5349],"product_tag":[5634],"class_list":{"0":"post-423694","1":"product","2":"type-product","3":"status-publish","4":"has-post-thumbnail","6":"product_cat-anniversary-gifts","7":"product_cat-gold-bead-bracelets","8":"product_cat-birthday-gifts","9":"product_cat-diwali-gifts","10":"product_cat-festival-gifts","11":"product_cat-gold-bracelet","12":"product_cat-ladies-bracelet","13":"product_cat-22ct-gold-jewellery","14":"product_cat-jewellery-under-550","15":"product_cat-teenage-jewellery","16":"product_cat-valentine-day-gifts","17":"product_cat-womens-jewellery","18":"product_cat-yellow-gold-jewellery","19":"product_tag-22ct-gold-bracelet-for-ladies","21":"first","22":"instock","23":"taxable","24":"shipping-taxable","25":"purchasable","26":"product-type-simple","27":"add-to-wishlist-before_image"},"yoast_head":"<!-- This site is optimized with the Yoast SEO plugin v27.3 - https:\/\/yoast.com\/product\/yoast-seo-wordpress\/ -->\n<title>Delicate 22ct Gold Women\u2019s Bracelet with Beads<\/title>\n<meta name=\"description\" content=\"Discover the Fine Beaded Gold Women Bracelet in 22ct \u2013 a delicate, hallmarked gold bracelet with soft-textured beads. Lightweight and perfect for gifting or daily wear.\" \/>\n<meta name=\"robots\" content=\"index, follow, max-snippet:-1, max-image-preview:large, max-video-preview:-1\" \/>\n<link rel=\"canonical\" href=\"https:\/\/www.purejewels.com\/tr\/urun\/22-ayar-altin-ince-boncuklu-kadin-bilezigi-53934\/\" \/>\n<meta property=\"og:locale\" content=\"tr_TR\" \/>\n<meta property=\"og:type\" content=\"article\" \/>\n<meta property=\"og:title\" content=\"Delicate 22ct Gold Women\u2019s Bracelet with Beads\" \/>\n<meta property=\"og:description\" content=\"Discover the Fine Beaded Gold Women Bracelet in 22ct \u2013 a delicate, hallmarked gold bracelet with soft-textured beads. Lightweight and perfect for gifting or daily wear.\" \/>\n<meta property=\"og:url\" content=\"https:\/\/www.purejewels.com\/tr\/urun\/22-ayar-altin-ince-boncuklu-kadin-bilezigi-53934\/\" \/>\n<meta property=\"og:site_name\" content=\"PureJewels UK\" \/>\n<meta property=\"article:modified_time\" content=\"2026-03-27T04:27:27+00:00\" \/>\n<meta property=\"og:image\" content=\"https:\/\/static.purejewels.com\/wp-content\/uploads\/2025\/12\/53934.jpg\" \/>\n\t<meta property=\"og:image:width\" content=\"1000\" \/>\n\t<meta property=\"og:image:height\" content=\"1000\" \/>\n\t<meta property=\"og:image:type\" content=\"image\/jpeg\" \/>\n<meta name=\"twitter:card\" content=\"summary_large_image\" \/>\n<meta name=\"twitter:label1\" content=\"Tahmini okuma s\u00fcresi\" \/>\n\t<meta name=\"twitter:data1\" content=\"1 dakika\" \/>\n<script type=\"application\/ld+json\" class=\"yoast-schema-graph\">{\"@context\":\"https:\\\/\\\/schema.org\",\"@graph\":[{\"@type\":[\"WebPage\",\"ItemPage\"],\"@id\":\"https:\\\/\\\/www.purejewels.com\\\/product\\\/fine-beaded-gold-women-bracelet-in-22ct-53934\\\/\",\"url\":\"https:\\\/\\\/www.purejewels.com\\\/product\\\/fine-beaded-gold-women-bracelet-in-22ct-53934\\\/\",\"name\":\"Delicate 22ct Gold Women\u2019s Bracelet with Beads\",\"isPartOf\":{\"@id\":\"https:\\\/\\\/www.purejewels.com\\\/#website\"},\"primaryImageOfPage\":{\"@id\":\"https:\\\/\\\/www.purejewels.com\\\/product\\\/fine-beaded-gold-women-bracelet-in-22ct-53934\\\/#primaryimage\"},\"image\":{\"@id\":\"https:\\\/\\\/www.purejewels.com\\\/product\\\/fine-beaded-gold-women-bracelet-in-22ct-53934\\\/#primaryimage\"},\"thumbnailUrl\":\"https:\\\/\\\/static.purejewels.com\\\/wp-content\\\/uploads\\\/2025\\\/12\\\/53934.jpg\",\"datePublished\":\"2025-12-22T12:20:23+00:00\",\"dateModified\":\"2026-03-27T04:27:27+00:00\",\"description\":\"Discover the Fine Beaded Gold Women Bracelet in 22ct \u2013 a delicate, hallmarked gold bracelet with soft-textured beads. Lightweight and perfect for gifting or daily wear.\",\"breadcrumb\":{\"@id\":\"https:\\\/\\\/www.purejewels.com\\\/product\\\/fine-beaded-gold-women-bracelet-in-22ct-53934\\\/#breadcrumb\"},\"inLanguage\":\"tr\",\"potentialAction\":[{\"@type\":\"ReadAction\",\"target\":[\"https:\\\/\\\/www.purejewels.com\\\/product\\\/fine-beaded-gold-women-bracelet-in-22ct-53934\\\/\"]}]},{\"@type\":\"ImageObject\",\"inLanguage\":\"tr\",\"@id\":\"https:\\\/\\\/www.purejewels.com\\\/product\\\/fine-beaded-gold-women-bracelet-in-22ct-53934\\\/#primaryimage\",\"url\":\"https:\\\/\\\/static.purejewels.com\\\/wp-content\\\/uploads\\\/2025\\\/12\\\/53934.jpg\",\"contentUrl\":\"https:\\\/\\\/static.purejewels.com\\\/wp-content\\\/uploads\\\/2025\\\/12\\\/53934.jpg\",\"width\":1000,\"height\":1000,\"caption\":\"Fine Beaded Gold Women Bracelet in 22ct\"},{\"@type\":\"BreadcrumbList\",\"@id\":\"https:\\\/\\\/www.purejewels.com\\\/product\\\/fine-beaded-gold-women-bracelet-in-22ct-53934\\\/#breadcrumb\",\"itemListElement\":[{\"@type\":\"ListItem\",\"position\":1,\"name\":\"Home\",\"item\":\"https:\\\/\\\/www.purejewels.com\\\/\"},{\"@type\":\"ListItem\",\"position\":2,\"name\":\"Shop\",\"item\":\"https:\\\/\\\/www.purejewels.com\\\/shop\\\/\"},{\"@type\":\"ListItem\",\"position\":3,\"name\":\"Fine Beaded Gold Women Bracelet in 22ct\"}]},{\"@type\":\"WebSite\",\"@id\":\"https:\\\/\\\/www.purejewels.com\\\/#website\",\"url\":\"https:\\\/\\\/www.purejewels.com\\\/\",\"name\":\"PureJewels UK\",\"description\":\"Share the Love\",\"publisher\":{\"@id\":\"https:\\\/\\\/www.purejewels.com\\\/#organization\"},\"potentialAction\":[{\"@type\":\"SearchAction\",\"target\":{\"@type\":\"EntryPoint\",\"urlTemplate\":\"https:\\\/\\\/www.purejewels.com\\\/?s={search_term_string}\"},\"query-input\":{\"@type\":\"PropertyValueSpecification\",\"valueRequired\":true,\"valueName\":\"search_term_string\"}}],\"inLanguage\":\"tr\"},{\"@type\":\"Organization\",\"@id\":\"https:\\\/\\\/www.purejewels.com\\\/#organization\",\"name\":\"PureJewels UK\",\"url\":\"https:\\\/\\\/www.purejewels.com\\\/\",\"logo\":{\"@type\":\"ImageObject\",\"inLanguage\":\"tr\",\"@id\":\"https:\\\/\\\/www.purejewels.com\\\/#\\\/schema\\\/logo\\\/image\\\/\",\"url\":\"https:\\\/\\\/static.purejewels.com\\\/wp-content\\\/uploads\\\/2020\\\/11\\\/Logo-PJ-New-1.png\",\"contentUrl\":\"https:\\\/\\\/static.purejewels.com\\\/wp-content\\\/uploads\\\/2020\\\/11\\\/Logo-PJ-New-1.png\",\"width\":150,\"height\":80,\"caption\":\"PureJewels UK\"},\"image\":{\"@id\":\"https:\\\/\\\/www.purejewels.com\\\/#\\\/schema\\\/logo\\\/image\\\/\"}}]}<\/script>\n<!-- \/ Yoast SEO plugin. -->","yoast_head_json":{"title":"Hassas 22 ayar alt\u0131n boncuklu kad\u0131n bilezi\u011fi","description":"22 ayar alt\u0131n incili kad\u0131n bilezi\u011fini ke\u015ffedin \u2013 yumu\u015fak dokulu incilerle s\u00fcslenmi\u015f, zarif ve damgal\u0131 bir alt\u0131n bilezik. Hafif ve hediye etmek veya g\u00fcnl\u00fck kullan\u0131m i\u00e7in m\u00fckemmel.","robots":{"index":"index","follow":"follow","max-snippet":"max-snippet:-1","max-image-preview":"max-image-preview:large","max-video-preview":"max-video-preview:-1"},"canonical":"https:\/\/www.purejewels.com\/tr\/urun\/22-ayar-altin-ince-boncuklu-kadin-bilezigi-53934\/","og_locale":"tr_TR","og_type":"article","og_title":"Delicate 22ct Gold Women\u2019s Bracelet with Beads","og_description":"Discover the Fine Beaded Gold Women Bracelet in 22ct \u2013 a delicate, hallmarked gold bracelet with soft-textured beads. Lightweight and perfect for gifting or daily wear.","og_url":"https:\/\/www.purejewels.com\/tr\/urun\/22-ayar-altin-ince-boncuklu-kadin-bilezigi-53934\/","og_site_name":"PureJewels UK","article_modified_time":"2026-03-27T04:27:27+00:00","og_image":[{"width":1000,"height":1000,"url":"https:\/\/static.purejewels.com\/wp-content\/uploads\/2025\/12\/53934.jpg","type":"image\/jpeg"}],"twitter_card":"summary_large_image","twitter_misc":{"Tahmini okuma s\u00fcresi":"1 dakika"},"schema":{"@context":"https:\/\/schema.org","@graph":[{"@type":["WebPage","ItemPage"],"@id":"https:\/\/www.purejewels.com\/product\/fine-beaded-gold-women-bracelet-in-22ct-53934\/","url":"https:\/\/www.purejewels.com\/product\/fine-beaded-gold-women-bracelet-in-22ct-53934\/","name":"Hassas 22 ayar alt\u0131n boncuklu kad\u0131n bilezi\u011fi","isPartOf":{"@id":"https:\/\/www.purejewels.com\/#website"},"primaryImageOfPage":{"@id":"https:\/\/www.purejewels.com\/product\/fine-beaded-gold-women-bracelet-in-22ct-53934\/#primaryimage"},"image":{"@id":"https:\/\/www.purejewels.com\/product\/fine-beaded-gold-women-bracelet-in-22ct-53934\/#primaryimage"},"thumbnailUrl":"https:\/\/static.purejewels.com\/wp-content\/uploads\/2025\/12\/53934.jpg","datePublished":"2025-12-22T12:20:23+00:00","dateModified":"2026-03-27T04:27:27+00:00","description":"22 ayar alt\u0131n incili kad\u0131n bilezi\u011fini ke\u015ffedin \u2013 yumu\u015fak dokulu incilerle s\u00fcslenmi\u015f, zarif ve damgal\u0131 bir alt\u0131n bilezik. Hafif ve hediye etmek veya g\u00fcnl\u00fck kullan\u0131m i\u00e7in m\u00fckemmel.","breadcrumb":{"@id":"https:\/\/www.purejewels.com\/product\/fine-beaded-gold-women-bracelet-in-22ct-53934\/#breadcrumb"},"inLanguage":"tr","potentialAction":[{"@type":"ReadAction","target":["https:\/\/www.purejewels.com\/product\/fine-beaded-gold-women-bracelet-in-22ct-53934\/"]}]},{"@type":"ImageObject","inLanguage":"tr","@id":"https:\/\/www.purejewels.com\/product\/fine-beaded-gold-women-bracelet-in-22ct-53934\/#primaryimage","url":"https:\/\/static.purejewels.com\/wp-content\/uploads\/2025\/12\/53934.jpg","contentUrl":"https:\/\/static.purejewels.com\/wp-content\/uploads\/2025\/12\/53934.jpg","width":1000,"height":1000,"caption":"Fine Beaded Gold Women Bracelet in 22ct"},{"@type":"BreadcrumbList","@id":"https:\/\/www.purejewels.com\/product\/fine-beaded-gold-women-bracelet-in-22ct-53934\/#breadcrumb","itemListElement":[{"@type":"ListItem","position":1,"name":"Home","item":"https:\/\/www.purejewels.com\/"},{"@type":"ListItem","position":2,"name":"Shop","item":"https:\/\/www.purejewels.com\/shop\/"},{"@type":"ListItem","position":3,"name":"Fine Beaded Gold Women Bracelet in 22ct"}]},{"@type":"WebSite","@id":"https:\/\/www.purejewels.com\/#website","url":"https:\/\/www.purejewels.com\/","name":"PureJewels \u0130ngiltere","description":"Sevgiyi Payla\u015f\u0131n","publisher":{"@id":"https:\/\/www.purejewels.com\/#organization"},"potentialAction":[{"@type":"SearchAction","target":{"@type":"EntryPoint","urlTemplate":"https:\/\/www.purejewels.com\/?s={search_term_string}"},"query-input":{"@type":"PropertyValueSpecification","valueRequired":true,"valueName":"search_term_string"}}],"inLanguage":"tr"},{"@type":"Organization","@id":"https:\/\/www.purejewels.com\/#organization","name":"PureJewels \u0130ngiltere","url":"https:\/\/www.purejewels.com\/","logo":{"@type":"ImageObject","inLanguage":"tr","@id":"https:\/\/www.purejewels.com\/#\/schema\/logo\/image\/","url":"https:\/\/static.purejewels.com\/wp-content\/uploads\/2020\/11\/Logo-PJ-New-1.png","contentUrl":"https:\/\/static.purejewels.com\/wp-content\/uploads\/2020\/11\/Logo-PJ-New-1.png","width":150,"height":80,"caption":"PureJewels UK"},"image":{"@id":"https:\/\/www.purejewels.com\/#\/schema\/logo\/image\/"}}]}},"_links":{"self":[{"href":"https:\/\/www.purejewels.com\/tr\/wp-json\/wp\/v2\/product\/423694","targetHints":{"allow":["GET"]}}],"collection":[{"href":"https:\/\/www.purejewels.com\/tr\/wp-json\/wp\/v2\/product"}],"about":[{"href":"https:\/\/www.purejewels.com\/tr\/wp-json\/wp\/v2\/types\/product"}],"replies":[{"embeddable":true,"href":"https:\/\/www.purejewels.com\/tr\/wp-json\/wp\/v2\/comments?post=423694"}],"version-history":[{"count":3,"href":"https:\/\/www.purejewels.com\/tr\/wp-json\/wp\/v2\/product\/423694\/revisions"}],"predecessor-version":[{"id":425645,"href":"https:\/\/www.purejewels.com\/tr\/wp-json\/wp\/v2\/product\/423694\/revisions\/425645"}],"wp:featuredmedia":[{"embeddable":true,"href":"https:\/\/www.purejewels.com\/tr\/wp-json\/wp\/v2\/media\/423697"}],"wp:attachment":[{"href":"https:\/\/www.purejewels.com\/tr\/wp-json\/wp\/v2\/media?parent=423694"}],"wp:term":[{"taxonomy":"product_brand","embeddable":true,"href":"https:\/\/www.purejewels.com\/tr\/wp-json\/wp\/v2\/product_brand?post=423694"},{"taxonomy":"product_cat","embeddable":true,"href":"https:\/\/www.purejewels.com\/tr\/wp-json\/wp\/v2\/product_cat?post=423694"},{"taxonomy":"product_tag","embeddable":true,"href":"https:\/\/www.purejewels.com\/tr\/wp-json\/wp\/v2\/product_tag?post=423694"}],"curies":[{"name":"wp","href":"https:\/\/api.w.org\/{rel}","templated":true}]}}