{"id":423710,"date":"2026-02-23T10:18:12","date_gmt":"2026-02-23T10:18:12","guid":{"rendered":"https:\/\/www.purejewels.com\/?post_type=product&#038;p=423710"},"modified":"2026-04-16T13:18:42","modified_gmt":"2026-04-16T12:18:42","slug":"22-ayar-altin-noktali-boncuk-zincir-bileklik-53986","status":"publish","type":"product","link":"https:\/\/www.purejewels.com\/tr\/product\/22ct-gold-dotted-bead-chain-bracelet-53986\/","title":{"rendered":"22 ayar alt\u0131n noktal\u0131 boncuk zincir bileklik"},"content":{"rendered":"<h3 data-start=\"435\" data-end=\"453\">Tasar\u0131m Konsepti<\/h3>\n<p data-start=\"454\" data-end=\"766\">Bu bileklik, ince kesimli \u00e7izgili dokulu boncuklar\u0131yla ince detaylar\u0131 \u00f6n plana \u00e7\u0131kararak, alt\u0131n bilekle birlikte hareket ederken yumu\u015fak vurgular yarat\u0131r. E\u015fit aral\u0131kl\u0131 boncuk tasar\u0131m\u0131 ritim ve denge sa\u011flarken, ince zincir g\u00f6r\u00fcn\u00fcm\u00fc hafif ve \u00e7a\u011fda\u015f tutar. Klasik alt\u0131n tak\u0131lar\u0131n modern bir yorumu.<\/p>\n<h3 data-start=\"768\" data-end=\"785\">Zanaatkarl\u0131k<\/h3>\n<p data-start=\"786\" data-end=\"1110\">22 ayar sar\u0131 alt\u0131ndan \u00f6zenle i\u015flenmi\u015f her bir boncuk, doku ve derinli\u011fi vurgulamak i\u00e7in hassas kesim \u00e7izgi detaylar\u0131yla \u00f6zenle tamamlanm\u0131\u015ft\u0131r. Boncuklar, g\u00fcnl\u00fck kullan\u0131mda rahatl\u0131k ve esneklik sa\u011flayan ince bir zincire g\u00fcvenli bir \u015fekilde entegre edilmi\u015ftir. \u0130ngiltere'de damgal\u0131 olan bileklik, garantili alt\u0131n safl\u0131\u011f\u0131 ve \u00f6zenli i\u015f\u00e7ili\u011fi yans\u0131tmaktad\u0131r.<\/p>\n<h3 data-start=\"1112\" data-end=\"1129\">Stil Fikirleri<\/h3>\n<p data-start=\"1130\" data-end=\"1406\">Hassas, g\u00fcnl\u00fck bir vurgu i\u00e7in tek ba\u015f\u0131na tak\u0131n veya sade alt\u0131n zincirler ve bileziklerle birlikte katmanlayarak \u00f6zenle se\u00e7ilmi\u015f bir bilek tak\u0131m\u0131 olu\u015fturun. Hafif zarafeti, hem g\u00fcndelik giyim hem de \u00f6zel anlar i\u00e7in uygun olmas\u0131n\u0131 sa\u011flar. Do\u011fum g\u00fcnleri, y\u0131ld\u00f6n\u00fcmleri veya anlaml\u0131 d\u00f6n\u00fcm noktalar\u0131 i\u00e7in d\u00fc\u015f\u00fcnceli bir hediye.<\/p>","protected":false},"excerpt":{"rendered":"<p>Saf 22 ayar alt\u0131ndan i\u015flenmi\u015f zarif bir bileklik, g\u00fczel dokulu alt\u0131n boncuklarla s\u00fcslenmi\u015f ince bir zincirden olu\u015fur. Hafif ve zarif \u2014 g\u00fcnl\u00fck kullan\u0131m veya \u00f6zenli bir hediye i\u00e7in m\u00fckemmeldir.<\/p>\n<p><strong>Malzeme:<\/strong> 22 Ayar Alt\u0131n (91,6% Saf Alt\u0131n)<strong><br \/>\nHallmark:\u00a0<\/strong>\u0130ngiliz Damgas\u0131<strong><br \/>\n<\/strong><strong>Br\u00fct A\u011f\u0131rl\u0131k: <\/strong>1,97 gram<br \/>\n<strong>Uzunluk:<\/strong> 7 in\u00e7<br \/>\n<strong>SKU:<\/strong> 53959, 53957, 53954, 54728<\/p>\n<p><strong>Fiyat ve Teslimat<\/strong>: KDV ve teslimat \u00fccreti dahil<br \/>\n<a href=\"https:\/\/www.purejewels.com\/tr\/i%cc%87ade-poli%cc%87ti%cc%87kasi\/\">\u0130ade Politikas\u0131<\/a><\/p>","protected":false},"featured_media":423734,"comment_status":"closed","ping_status":"closed","template":"","meta":{"_eb_attr":"","_crsspst_to_jayantr4sg-hostcom":true},"product_brand":[],"product_cat":[1791,5441,1559,1793,1792,1324,1627,1229,5343,1575,1569,1574,5349],"product_tag":[5634],"class_list":{"0":"post-423710","1":"product","2":"type-product","3":"status-publish","4":"has-post-thumbnail","6":"product_cat-anniversary-gifts","7":"product_cat-gold-bead-bracelets","8":"product_cat-birthday-gifts","9":"product_cat-diwali-gifts","10":"product_cat-festival-gifts","11":"product_cat-gold-bracelet","12":"product_cat-ladies-bracelet","13":"product_cat-22ct-gold-jewellery","14":"product_cat-jewellery-under-550","15":"product_cat-teenage-jewellery","16":"product_cat-valentine-day-gifts","17":"product_cat-womens-jewellery","18":"product_cat-yellow-gold-jewellery","19":"product_tag-22ct-gold-bracelet-for-ladies","21":"first","22":"instock","23":"taxable","24":"shipping-taxable","25":"purchasable","26":"product-type-simple","27":"add-to-wishlist-before_image"},"yoast_head":"<!-- This site is optimized with the Yoast SEO plugin v27.4 - https:\/\/yoast.com\/product\/yoast-seo-wordpress\/ -->\n<title>Delicate 22ct Gold Bead Bracelet with Cut-Texture Finish<\/title>\n<meta name=\"description\" content=\"A refined single-line bracelet crafted in 22ct yellow gold, featuring cut-textured beads on a fine chain. Hallmarked in the UK and ideal for everyday elegance.\" \/>\n<meta name=\"robots\" content=\"index, follow, max-snippet:-1, max-image-preview:large, max-video-preview:-1\" \/>\n<link rel=\"canonical\" href=\"https:\/\/www.purejewels.com\/tr\/urun\/22-ayar-altin-noktali-boncuk-zincir-bileklik-53986\/\" \/>\n<meta property=\"og:locale\" content=\"tr_TR\" \/>\n<meta property=\"og:type\" content=\"article\" \/>\n<meta property=\"og:title\" content=\"Delicate 22ct Gold Bead Bracelet with Cut-Texture Finish\" \/>\n<meta property=\"og:description\" content=\"A refined single-line bracelet crafted in 22ct yellow gold, featuring cut-textured beads on a fine chain. Hallmarked in the UK and ideal for everyday elegance.\" \/>\n<meta property=\"og:url\" content=\"https:\/\/www.purejewels.com\/tr\/urun\/22-ayar-altin-noktali-boncuk-zincir-bileklik-53986\/\" \/>\n<meta property=\"og:site_name\" content=\"PureJewels UK\" \/>\n<meta property=\"article:modified_time\" content=\"2026-04-16T12:18:42+00:00\" \/>\n<meta property=\"og:image\" content=\"https:\/\/static.purejewels.com\/wp-content\/uploads\/2025\/12\/53957.jpg\" \/>\n\t<meta property=\"og:image:width\" content=\"1000\" \/>\n\t<meta property=\"og:image:height\" content=\"1000\" \/>\n\t<meta property=\"og:image:type\" content=\"image\/jpeg\" \/>\n<meta name=\"twitter:card\" content=\"summary_large_image\" \/>\n<meta name=\"twitter:label1\" content=\"Tahmini okuma s\u00fcresi\" \/>\n\t<meta name=\"twitter:data1\" content=\"1 dakika\" \/>\n<script type=\"application\/ld+json\" class=\"yoast-schema-graph\">{\"@context\":\"https:\\\/\\\/schema.org\",\"@graph\":[{\"@type\":[\"WebPage\",\"ItemPage\"],\"@id\":\"https:\\\/\\\/www.purejewels.com\\\/product\\\/22ct-gold-dotted-bead-chain-bracelet-53986\\\/\",\"url\":\"https:\\\/\\\/www.purejewels.com\\\/product\\\/22ct-gold-dotted-bead-chain-bracelet-53986\\\/\",\"name\":\"Delicate 22ct Gold Bead Bracelet with Cut-Texture Finish\",\"isPartOf\":{\"@id\":\"https:\\\/\\\/www.purejewels.com\\\/#website\"},\"primaryImageOfPage\":{\"@id\":\"https:\\\/\\\/www.purejewels.com\\\/product\\\/22ct-gold-dotted-bead-chain-bracelet-53986\\\/#primaryimage\"},\"image\":{\"@id\":\"https:\\\/\\\/www.purejewels.com\\\/product\\\/22ct-gold-dotted-bead-chain-bracelet-53986\\\/#primaryimage\"},\"thumbnailUrl\":\"https:\\\/\\\/static.purejewels.com\\\/wp-content\\\/uploads\\\/2025\\\/12\\\/53957.jpg\",\"datePublished\":\"2026-02-23T10:18:12+00:00\",\"dateModified\":\"2026-04-16T12:18:42+00:00\",\"description\":\"A refined single-line bracelet crafted in 22ct yellow gold, featuring cut-textured beads on a fine chain. Hallmarked in the UK and ideal for everyday elegance.\",\"breadcrumb\":{\"@id\":\"https:\\\/\\\/www.purejewels.com\\\/product\\\/22ct-gold-dotted-bead-chain-bracelet-53986\\\/#breadcrumb\"},\"inLanguage\":\"tr\",\"potentialAction\":[{\"@type\":\"ReadAction\",\"target\":[\"https:\\\/\\\/www.purejewels.com\\\/product\\\/22ct-gold-dotted-bead-chain-bracelet-53986\\\/\"]}]},{\"@type\":\"ImageObject\",\"inLanguage\":\"tr\",\"@id\":\"https:\\\/\\\/www.purejewels.com\\\/product\\\/22ct-gold-dotted-bead-chain-bracelet-53986\\\/#primaryimage\",\"url\":\"https:\\\/\\\/static.purejewels.com\\\/wp-content\\\/uploads\\\/2025\\\/12\\\/53957.jpg\",\"contentUrl\":\"https:\\\/\\\/static.purejewels.com\\\/wp-content\\\/uploads\\\/2025\\\/12\\\/53957.jpg\",\"width\":1000,\"height\":1000,\"caption\":\"22ct Gold Dotted Bead Chain Bracelet\"},{\"@type\":\"BreadcrumbList\",\"@id\":\"https:\\\/\\\/www.purejewels.com\\\/product\\\/22ct-gold-dotted-bead-chain-bracelet-53986\\\/#breadcrumb\",\"itemListElement\":[{\"@type\":\"ListItem\",\"position\":1,\"name\":\"Home\",\"item\":\"https:\\\/\\\/www.purejewels.com\\\/\"},{\"@type\":\"ListItem\",\"position\":2,\"name\":\"Shop\",\"item\":\"https:\\\/\\\/www.purejewels.com\\\/shop\\\/\"},{\"@type\":\"ListItem\",\"position\":3,\"name\":\"22ct Gold Dotted Bead Chain Bracelet\"}]},{\"@type\":\"WebSite\",\"@id\":\"https:\\\/\\\/www.purejewels.com\\\/#website\",\"url\":\"https:\\\/\\\/www.purejewels.com\\\/\",\"name\":\"PureJewels UK\",\"description\":\"Share the Love\",\"publisher\":{\"@id\":\"https:\\\/\\\/www.purejewels.com\\\/#organization\"},\"potentialAction\":[{\"@type\":\"SearchAction\",\"target\":{\"@type\":\"EntryPoint\",\"urlTemplate\":\"https:\\\/\\\/www.purejewels.com\\\/?s={search_term_string}\"},\"query-input\":{\"@type\":\"PropertyValueSpecification\",\"valueRequired\":true,\"valueName\":\"search_term_string\"}}],\"inLanguage\":\"tr\"},{\"@type\":\"Organization\",\"@id\":\"https:\\\/\\\/www.purejewels.com\\\/#organization\",\"name\":\"PureJewels UK\",\"url\":\"https:\\\/\\\/www.purejewels.com\\\/\",\"logo\":{\"@type\":\"ImageObject\",\"inLanguage\":\"tr\",\"@id\":\"https:\\\/\\\/www.purejewels.com\\\/#\\\/schema\\\/logo\\\/image\\\/\",\"url\":\"https:\\\/\\\/static.purejewels.com\\\/wp-content\\\/uploads\\\/2020\\\/11\\\/Logo-PJ-New-1.png\",\"contentUrl\":\"https:\\\/\\\/static.purejewels.com\\\/wp-content\\\/uploads\\\/2020\\\/11\\\/Logo-PJ-New-1.png\",\"width\":150,\"height\":80,\"caption\":\"PureJewels UK\"},\"image\":{\"@id\":\"https:\\\/\\\/www.purejewels.com\\\/#\\\/schema\\\/logo\\\/image\\\/\"}}]}<\/script>\n<!-- \/ Yoast SEO plugin. -->","yoast_head_json":{"title":"Kesme Dokulu Kaplama ile Zarif 22 Ayar Alt\u0131n Boncuk Bileklik","description":"22 ayar sar\u0131 alt\u0131ndan i\u015flenmi\u015f, ince zincir \u00fczerinde kesme dokulu boncuklara sahip zarif tek s\u0131ra bilezik. \u0130ngiltere'de damgal\u0131 ve g\u00fcnl\u00fck \u015f\u0131kl\u0131k i\u00e7in ideal.","robots":{"index":"index","follow":"follow","max-snippet":"max-snippet:-1","max-image-preview":"max-image-preview:large","max-video-preview":"max-video-preview:-1"},"canonical":"https:\/\/www.purejewels.com\/tr\/urun\/22-ayar-altin-noktali-boncuk-zincir-bileklik-53986\/","og_locale":"tr_TR","og_type":"article","og_title":"Delicate 22ct Gold Bead Bracelet with Cut-Texture Finish","og_description":"A refined single-line bracelet crafted in 22ct yellow gold, featuring cut-textured beads on a fine chain. Hallmarked in the UK and ideal for everyday elegance.","og_url":"https:\/\/www.purejewels.com\/tr\/urun\/22-ayar-altin-noktali-boncuk-zincir-bileklik-53986\/","og_site_name":"PureJewels UK","article_modified_time":"2026-04-16T12:18:42+00:00","og_image":[{"width":1000,"height":1000,"url":"https:\/\/static.purejewels.com\/wp-content\/uploads\/2025\/12\/53957.jpg","type":"image\/jpeg"}],"twitter_card":"summary_large_image","twitter_misc":{"Tahmini okuma s\u00fcresi":"1 dakika"},"schema":{"@context":"https:\/\/schema.org","@graph":[{"@type":["WebPage","ItemPage"],"@id":"https:\/\/www.purejewels.com\/product\/22ct-gold-dotted-bead-chain-bracelet-53986\/","url":"https:\/\/www.purejewels.com\/product\/22ct-gold-dotted-bead-chain-bracelet-53986\/","name":"Kesme Dokulu Kaplama ile Zarif 22 Ayar Alt\u0131n Boncuk Bileklik","isPartOf":{"@id":"https:\/\/www.purejewels.com\/#website"},"primaryImageOfPage":{"@id":"https:\/\/www.purejewels.com\/product\/22ct-gold-dotted-bead-chain-bracelet-53986\/#primaryimage"},"image":{"@id":"https:\/\/www.purejewels.com\/product\/22ct-gold-dotted-bead-chain-bracelet-53986\/#primaryimage"},"thumbnailUrl":"https:\/\/static.purejewels.com\/wp-content\/uploads\/2025\/12\/53957.jpg","datePublished":"2026-02-23T10:18:12+00:00","dateModified":"2026-04-16T12:18:42+00:00","description":"22 ayar sar\u0131 alt\u0131ndan i\u015flenmi\u015f, ince zincir \u00fczerinde kesme dokulu boncuklara sahip zarif tek s\u0131ra bilezik. \u0130ngiltere'de damgal\u0131 ve g\u00fcnl\u00fck \u015f\u0131kl\u0131k i\u00e7in ideal.","breadcrumb":{"@id":"https:\/\/www.purejewels.com\/product\/22ct-gold-dotted-bead-chain-bracelet-53986\/#breadcrumb"},"inLanguage":"tr","potentialAction":[{"@type":"ReadAction","target":["https:\/\/www.purejewels.com\/product\/22ct-gold-dotted-bead-chain-bracelet-53986\/"]}]},{"@type":"ImageObject","inLanguage":"tr","@id":"https:\/\/www.purejewels.com\/product\/22ct-gold-dotted-bead-chain-bracelet-53986\/#primaryimage","url":"https:\/\/static.purejewels.com\/wp-content\/uploads\/2025\/12\/53957.jpg","contentUrl":"https:\/\/static.purejewels.com\/wp-content\/uploads\/2025\/12\/53957.jpg","width":1000,"height":1000,"caption":"22ct Gold Dotted Bead Chain Bracelet"},{"@type":"BreadcrumbList","@id":"https:\/\/www.purejewels.com\/product\/22ct-gold-dotted-bead-chain-bracelet-53986\/#breadcrumb","itemListElement":[{"@type":"ListItem","position":1,"name":"Home","item":"https:\/\/www.purejewels.com\/"},{"@type":"ListItem","position":2,"name":"Shop","item":"https:\/\/www.purejewels.com\/shop\/"},{"@type":"ListItem","position":3,"name":"22ct Gold Dotted Bead Chain Bracelet"}]},{"@type":"WebSite","@id":"https:\/\/www.purejewels.com\/#website","url":"https:\/\/www.purejewels.com\/","name":"PureJewels \u0130ngiltere","description":"Sevgiyi Payla\u015f\u0131n","publisher":{"@id":"https:\/\/www.purejewels.com\/#organization"},"potentialAction":[{"@type":"SearchAction","target":{"@type":"EntryPoint","urlTemplate":"https:\/\/www.purejewels.com\/?s={search_term_string}"},"query-input":{"@type":"PropertyValueSpecification","valueRequired":true,"valueName":"search_term_string"}}],"inLanguage":"tr"},{"@type":"Organization","@id":"https:\/\/www.purejewels.com\/#organization","name":"PureJewels \u0130ngiltere","url":"https:\/\/www.purejewels.com\/","logo":{"@type":"ImageObject","inLanguage":"tr","@id":"https:\/\/www.purejewels.com\/#\/schema\/logo\/image\/","url":"https:\/\/static.purejewels.com\/wp-content\/uploads\/2020\/11\/Logo-PJ-New-1.png","contentUrl":"https:\/\/static.purejewels.com\/wp-content\/uploads\/2020\/11\/Logo-PJ-New-1.png","width":150,"height":80,"caption":"PureJewels UK"},"image":{"@id":"https:\/\/www.purejewels.com\/#\/schema\/logo\/image\/"}}]}},"_links":{"self":[{"href":"https:\/\/www.purejewels.com\/tr\/wp-json\/wp\/v2\/product\/423710","targetHints":{"allow":["GET"]}}],"collection":[{"href":"https:\/\/www.purejewels.com\/tr\/wp-json\/wp\/v2\/product"}],"about":[{"href":"https:\/\/www.purejewels.com\/tr\/wp-json\/wp\/v2\/types\/product"}],"replies":[{"embeddable":true,"href":"https:\/\/www.purejewels.com\/tr\/wp-json\/wp\/v2\/comments?post=423710"}],"version-history":[{"count":3,"href":"https:\/\/www.purejewels.com\/tr\/wp-json\/wp\/v2\/product\/423710\/revisions"}],"predecessor-version":[{"id":426356,"href":"https:\/\/www.purejewels.com\/tr\/wp-json\/wp\/v2\/product\/423710\/revisions\/426356"}],"wp:featuredmedia":[{"embeddable":true,"href":"https:\/\/www.purejewels.com\/tr\/wp-json\/wp\/v2\/media\/423734"}],"wp:attachment":[{"href":"https:\/\/www.purejewels.com\/tr\/wp-json\/wp\/v2\/media?parent=423710"}],"wp:term":[{"taxonomy":"product_brand","embeddable":true,"href":"https:\/\/www.purejewels.com\/tr\/wp-json\/wp\/v2\/product_brand?post=423710"},{"taxonomy":"product_cat","embeddable":true,"href":"https:\/\/www.purejewels.com\/tr\/wp-json\/wp\/v2\/product_cat?post=423710"},{"taxonomy":"product_tag","embeddable":true,"href":"https:\/\/www.purejewels.com\/tr\/wp-json\/wp\/v2\/product_tag?post=423710"}],"curies":[{"name":"wp","href":"https:\/\/api.w.org\/{rel}","templated":true}]}}