{"id":423737,"date":"2025-12-23T06:59:59","date_gmt":"2025-12-23T06:59:59","guid":{"rendered":"https:\/\/www.purejewels.com\/?post_type=product&#038;p=423737"},"modified":"2026-01-06T10:00:36","modified_gmt":"2026-01-06T10:00:36","slug":"22-ayar-altin-dogrusal-cubuk-boncuklu-bileklik-53532","status":"publish","type":"product","link":"https:\/\/www.purejewels.com\/tr\/product\/22ct-gold-linear-bar-bead-bracelet-53532\/","title":{"rendered":"22 ayar alt\u0131n do\u011frusal \u00e7ubuk boncuklu bileklik"},"content":{"rendered":"<h3 data-start=\"516\" data-end=\"534\">Tasar\u0131m Konsepti<\/h3>\n<p data-start=\"535\" data-end=\"874\">Bilezik, ince bir \u00e7izgi \u00e7ubu\u011fu etraf\u0131nda \u015fekillenerek bilekte sakin bir odak noktas\u0131 olu\u015ftururken, e\u015fit aral\u0131klarla yerle\u015ftirilmi\u015f boncuklar yumu\u015fak bir ritim ve doku kat\u0131yor. Temiz geometrisi ve ince oranlar\u0131, modern bir duyarl\u0131l\u0131k katarak onu hem minimal hem de anlaml\u0131 hissettiren \u00e7ok y\u00f6nl\u00fc bir par\u00e7a haline getiriyor. Tasar\u0131m, \u00f6l\u00e7\u00fcl\u00fcl\u00fck, detay ve dengeyi \u00f6n plana \u00e7\u0131kar\u0131yor.<\/p>\n<h3 data-start=\"876\" data-end=\"893\">Zanaatkarl\u0131k<\/h3>\n<p data-start=\"894\" data-end=\"1234\">22 ayar sar\u0131 alt\u0131ndan \u00fcretilen lineer \u00e7ubuk ve boncuk unsurlar hassas bir \u015fekilde \u015fekillendirilmi\u015f ve ince bir zincire g\u00fcvenli bir \u015fekilde entegre edilmi\u015ftir. Bileklik, y\u00fcksek safl\u0131kta alt\u0131n\u0131n do\u011fal s\u0131cakl\u0131\u011f\u0131n\u0131 vurgulayan yumu\u015fak bir cilayla kaplanm\u0131\u015f olup g\u00fcnl\u00fck kullan\u0131mda rahatl\u0131k sa\u011flar. Her par\u00e7a, alt\u0131n safl\u0131\u011f\u0131n\u0131 ve kalitesini garanti eden Birle\u015fik Krall\u0131k damgas\u0131 ta\u015f\u0131maktad\u0131r.<\/p>\n<h3 data-start=\"1236\" data-end=\"1253\">Stil Fikirleri<\/h3>\n<p data-start=\"1254\" data-end=\"1538\">Zarif ve sade bir g\u00f6r\u00fcn\u00fcm i\u00e7in tek ba\u015f\u0131na tak\u0131n veya modern bir bilek tak\u0131m\u0131 olu\u015fturmak i\u00e7in ince alt\u0131n zincirler ve bileziklerle birlikte kullan\u0131n. Hafif tasar\u0131m\u0131, g\u00fcnl\u00fck stil i\u00e7in ideal olmas\u0131n\u0131n yan\u0131 s\u0131ra ak\u015fam giyimi i\u00e7in de yeterince zariftir. Do\u011fum g\u00fcnleri, y\u0131ld\u00f6n\u00fcmleri veya \u00f6zel g\u00fcnler i\u00e7in d\u00fc\u015f\u00fcnceli bir hediye.<\/p>","protected":false},"excerpt":{"rendered":"<p>22 ayar sar\u0131 alt\u0131ndan ustaca i\u015flenmi\u015f, zarif bir tek s\u0131ra bilezik. \u0130nce detayl\u0131 alt\u0131n boncuklarla \u00e7er\u00e7evelenmi\u015f, zarif bir \u00e7izgiye sahip. Dengeli ve \u015f\u0131k tasar\u0131m\u0131yla, g\u00fcnl\u00fck alt\u0131n tak\u0131lar\u0131n \u00e7a\u011fda\u015f bir yorumunu sunuyor. Rahat\u00e7a tak\u0131labilmesi ve katmanlanabilmesi i\u00e7in tasarlanm\u0131\u015ft\u0131r.<\/p>\n<p><strong>Malzeme:<\/strong> 22 Ayar Alt\u0131n (91,6% Saf Alt\u0131n)<strong><br \/>\nHallmark:\u00a0<\/strong>\u0130ngiliz Damgas\u0131<strong><br \/>\n<\/strong><strong>Br\u00fct A\u011f\u0131rl\u0131k: <\/strong>1.80 Gms<br \/>\n<strong>Uzunluk:<\/strong> 7 in\u00e7<br \/>\n<strong>SKU:<\/strong> 53532<\/p>\n<p><strong>Fiyat ve Teslimat<\/strong>: KDV ve teslimat \u00fccreti dahil<br \/>\n<a href=\"https:\/\/www.purejewels.com\/tr\/i%cc%87ade-poli%cc%87ti%cc%87kasi\/\">\u0130ade Politikas\u0131<\/a><\/p>","protected":false},"featured_media":423739,"comment_status":"closed","ping_status":"closed","template":"","meta":{"_eb_attr":"","_crsspst_to_jayantr4sg-hostcom":true},"product_brand":[],"product_cat":[1791,5441,1559,1793,1792,1324,1627,1229,5343,1575,1569,1574,5349],"product_tag":[5634],"class_list":{"0":"post-423737","1":"product","2":"type-product","3":"status-publish","4":"has-post-thumbnail","6":"product_cat-anniversary-gifts","7":"product_cat-gold-bead-bracelets","8":"product_cat-birthday-gifts","9":"product_cat-diwali-gifts","10":"product_cat-festival-gifts","11":"product_cat-gold-bracelet","12":"product_cat-ladies-bracelet","13":"product_cat-22ct-gold-jewellery","14":"product_cat-jewellery-under-550","15":"product_cat-teenage-jewellery","16":"product_cat-valentine-day-gifts","17":"product_cat-womens-jewellery","18":"product_cat-yellow-gold-jewellery","19":"product_tag-22ct-gold-bracelet-for-ladies","21":"first","22":"outofstock","23":"taxable","24":"shipping-taxable","25":"product-type-simple","26":"add-to-wishlist-before_image"},"yoast_head":"<!-- This site is optimized with the Yoast SEO plugin v27.6 - https:\/\/yoast.com\/product\/yoast-seo-wordpress\/ -->\n<title>Delicate 22ct Gold Bracelet with Bar and Bead Detailing<\/title>\n<meta name=\"description\" content=\"A refined single-line bracelet crafted in 22ct yellow gold, featuring a central bar and subtle bead accents. Hallmarked in the UK and designed for elegant everyday wear.\" \/>\n<meta name=\"robots\" content=\"index, follow, max-snippet:-1, max-image-preview:large, max-video-preview:-1\" \/>\n<link rel=\"canonical\" href=\"https:\/\/www.purejewels.com\/tr\/urun\/22-ayar-altin-dogrusal-cubuk-boncuklu-bileklik-53532\/\" \/>\n<meta property=\"og:locale\" content=\"tr_TR\" \/>\n<meta property=\"og:type\" content=\"article\" \/>\n<meta property=\"og:title\" content=\"Delicate 22ct Gold Bracelet with Bar and Bead Detailing\" \/>\n<meta property=\"og:description\" content=\"A refined single-line bracelet crafted in 22ct yellow gold, featuring a central bar and subtle bead accents. Hallmarked in the UK and designed for elegant everyday wear.\" \/>\n<meta property=\"og:url\" content=\"https:\/\/www.purejewels.com\/tr\/urun\/22-ayar-altin-dogrusal-cubuk-boncuklu-bileklik-53532\/\" \/>\n<meta property=\"og:site_name\" content=\"PureJewels UK\" \/>\n<meta property=\"article:modified_time\" content=\"2026-01-06T10:00:36+00:00\" \/>\n<meta property=\"og:image\" content=\"https:\/\/static.purejewels.com\/wp-content\/uploads\/2025\/12\/53532.jpg\" \/>\n\t<meta property=\"og:image:width\" content=\"1000\" \/>\n\t<meta property=\"og:image:height\" content=\"1000\" \/>\n\t<meta property=\"og:image:type\" content=\"image\/jpeg\" \/>\n<meta name=\"twitter:card\" content=\"summary_large_image\" \/>\n<meta name=\"twitter:label1\" content=\"Tahmini okuma s\u00fcresi\" \/>\n\t<meta name=\"twitter:data1\" content=\"1 dakika\" \/>\n<script type=\"application\/ld+json\" class=\"yoast-schema-graph\">{\"@context\":\"https:\\\/\\\/schema.org\",\"@graph\":[{\"@type\":[\"WebPage\",\"ItemPage\"],\"@id\":\"https:\\\/\\\/www.purejewels.com\\\/product\\\/22ct-gold-linear-bar-bead-bracelet-53532\\\/\",\"url\":\"https:\\\/\\\/www.purejewels.com\\\/product\\\/22ct-gold-linear-bar-bead-bracelet-53532\\\/\",\"name\":\"Delicate 22ct Gold Bracelet with Bar and Bead Detailing\",\"isPartOf\":{\"@id\":\"https:\\\/\\\/www.purejewels.com\\\/#website\"},\"primaryImageOfPage\":{\"@id\":\"https:\\\/\\\/www.purejewels.com\\\/product\\\/22ct-gold-linear-bar-bead-bracelet-53532\\\/#primaryimage\"},\"image\":{\"@id\":\"https:\\\/\\\/www.purejewels.com\\\/product\\\/22ct-gold-linear-bar-bead-bracelet-53532\\\/#primaryimage\"},\"thumbnailUrl\":\"https:\\\/\\\/static.purejewels.com\\\/wp-content\\\/uploads\\\/2025\\\/12\\\/53532.jpg\",\"datePublished\":\"2025-12-23T06:59:59+00:00\",\"dateModified\":\"2026-01-06T10:00:36+00:00\",\"description\":\"A refined single-line bracelet crafted in 22ct yellow gold, featuring a central bar and subtle bead accents. Hallmarked in the UK and designed for elegant everyday wear.\",\"breadcrumb\":{\"@id\":\"https:\\\/\\\/www.purejewels.com\\\/product\\\/22ct-gold-linear-bar-bead-bracelet-53532\\\/#breadcrumb\"},\"inLanguage\":\"tr\",\"potentialAction\":[{\"@type\":\"ReadAction\",\"target\":[\"https:\\\/\\\/www.purejewels.com\\\/product\\\/22ct-gold-linear-bar-bead-bracelet-53532\\\/\"]}]},{\"@type\":\"ImageObject\",\"inLanguage\":\"tr\",\"@id\":\"https:\\\/\\\/www.purejewels.com\\\/product\\\/22ct-gold-linear-bar-bead-bracelet-53532\\\/#primaryimage\",\"url\":\"https:\\\/\\\/static.purejewels.com\\\/wp-content\\\/uploads\\\/2025\\\/12\\\/53532.jpg\",\"contentUrl\":\"https:\\\/\\\/static.purejewels.com\\\/wp-content\\\/uploads\\\/2025\\\/12\\\/53532.jpg\",\"width\":1000,\"height\":1000,\"caption\":\"22ct Gold Linear Bar Bead Bracelet\"},{\"@type\":\"BreadcrumbList\",\"@id\":\"https:\\\/\\\/www.purejewels.com\\\/product\\\/22ct-gold-linear-bar-bead-bracelet-53532\\\/#breadcrumb\",\"itemListElement\":[{\"@type\":\"ListItem\",\"position\":1,\"name\":\"Home\",\"item\":\"https:\\\/\\\/www.purejewels.com\\\/\"},{\"@type\":\"ListItem\",\"position\":2,\"name\":\"Shop\",\"item\":\"https:\\\/\\\/www.purejewels.com\\\/shop\\\/\"},{\"@type\":\"ListItem\",\"position\":3,\"name\":\"22ct Gold Linear Bar Bead Bracelet\"}]},{\"@type\":\"WebSite\",\"@id\":\"https:\\\/\\\/www.purejewels.com\\\/#website\",\"url\":\"https:\\\/\\\/www.purejewels.com\\\/\",\"name\":\"PureJewels UK\",\"description\":\"Share the Love\",\"publisher\":{\"@id\":\"https:\\\/\\\/www.purejewels.com\\\/#organization\"},\"potentialAction\":[{\"@type\":\"SearchAction\",\"target\":{\"@type\":\"EntryPoint\",\"urlTemplate\":\"https:\\\/\\\/www.purejewels.com\\\/?s={search_term_string}\"},\"query-input\":{\"@type\":\"PropertyValueSpecification\",\"valueRequired\":true,\"valueName\":\"search_term_string\"}}],\"inLanguage\":\"tr\"},{\"@type\":\"Organization\",\"@id\":\"https:\\\/\\\/www.purejewels.com\\\/#organization\",\"name\":\"PureJewels UK\",\"url\":\"https:\\\/\\\/www.purejewels.com\\\/\",\"logo\":{\"@type\":\"ImageObject\",\"inLanguage\":\"tr\",\"@id\":\"https:\\\/\\\/www.purejewels.com\\\/#\\\/schema\\\/logo\\\/image\\\/\",\"url\":\"https:\\\/\\\/static.purejewels.com\\\/wp-content\\\/uploads\\\/2020\\\/11\\\/Logo-PJ-New-1.png\",\"contentUrl\":\"https:\\\/\\\/static.purejewels.com\\\/wp-content\\\/uploads\\\/2020\\\/11\\\/Logo-PJ-New-1.png\",\"width\":150,\"height\":80,\"caption\":\"PureJewels UK\"},\"image\":{\"@id\":\"https:\\\/\\\/www.purejewels.com\\\/#\\\/schema\\\/logo\\\/image\\\/\"}}]}<\/script>\n<!-- \/ Yoast SEO plugin. -->","yoast_head_json":{"title":"\u00c7ubuk ve Boncuk Detayl\u0131 Narin 22 Ayar Alt\u0131n Bileklik","description":"22 ayar sar\u0131 alt\u0131ndan i\u015flenmi\u015f, zarif tek s\u0131ra bilezik. Ortada bir \u00e7ubuk ve ince boncuk detaylar\u0131 bulunur. \u0130ngiltere'de damgalanm\u0131\u015f ve g\u00fcnl\u00fck kullan\u0131m i\u00e7in tasarlanm\u0131\u015ft\u0131r.","robots":{"index":"index","follow":"follow","max-snippet":"max-snippet:-1","max-image-preview":"max-image-preview:large","max-video-preview":"max-video-preview:-1"},"canonical":"https:\/\/www.purejewels.com\/tr\/urun\/22-ayar-altin-dogrusal-cubuk-boncuklu-bileklik-53532\/","og_locale":"tr_TR","og_type":"article","og_title":"Delicate 22ct Gold Bracelet with Bar and Bead Detailing","og_description":"A refined single-line bracelet crafted in 22ct yellow gold, featuring a central bar and subtle bead accents. Hallmarked in the UK and designed for elegant everyday wear.","og_url":"https:\/\/www.purejewels.com\/tr\/urun\/22-ayar-altin-dogrusal-cubuk-boncuklu-bileklik-53532\/","og_site_name":"PureJewels UK","article_modified_time":"2026-01-06T10:00:36+00:00","og_image":[{"width":1000,"height":1000,"url":"https:\/\/static.purejewels.com\/wp-content\/uploads\/2025\/12\/53532.jpg","type":"image\/jpeg"}],"twitter_card":"summary_large_image","twitter_misc":{"Tahmini okuma s\u00fcresi":"1 dakika"},"schema":{"@context":"https:\/\/schema.org","@graph":[{"@type":["WebPage","ItemPage"],"@id":"https:\/\/www.purejewels.com\/product\/22ct-gold-linear-bar-bead-bracelet-53532\/","url":"https:\/\/www.purejewels.com\/product\/22ct-gold-linear-bar-bead-bracelet-53532\/","name":"\u00c7ubuk ve Boncuk Detayl\u0131 Narin 22 Ayar Alt\u0131n Bileklik","isPartOf":{"@id":"https:\/\/www.purejewels.com\/#website"},"primaryImageOfPage":{"@id":"https:\/\/www.purejewels.com\/product\/22ct-gold-linear-bar-bead-bracelet-53532\/#primaryimage"},"image":{"@id":"https:\/\/www.purejewels.com\/product\/22ct-gold-linear-bar-bead-bracelet-53532\/#primaryimage"},"thumbnailUrl":"https:\/\/static.purejewels.com\/wp-content\/uploads\/2025\/12\/53532.jpg","datePublished":"2025-12-23T06:59:59+00:00","dateModified":"2026-01-06T10:00:36+00:00","description":"22 ayar sar\u0131 alt\u0131ndan i\u015flenmi\u015f, zarif tek s\u0131ra bilezik. Ortada bir \u00e7ubuk ve ince boncuk detaylar\u0131 bulunur. \u0130ngiltere'de damgalanm\u0131\u015f ve g\u00fcnl\u00fck kullan\u0131m i\u00e7in tasarlanm\u0131\u015ft\u0131r.","breadcrumb":{"@id":"https:\/\/www.purejewels.com\/product\/22ct-gold-linear-bar-bead-bracelet-53532\/#breadcrumb"},"inLanguage":"tr","potentialAction":[{"@type":"ReadAction","target":["https:\/\/www.purejewels.com\/product\/22ct-gold-linear-bar-bead-bracelet-53532\/"]}]},{"@type":"ImageObject","inLanguage":"tr","@id":"https:\/\/www.purejewels.com\/product\/22ct-gold-linear-bar-bead-bracelet-53532\/#primaryimage","url":"https:\/\/static.purejewels.com\/wp-content\/uploads\/2025\/12\/53532.jpg","contentUrl":"https:\/\/static.purejewels.com\/wp-content\/uploads\/2025\/12\/53532.jpg","width":1000,"height":1000,"caption":"22ct Gold Linear Bar Bead Bracelet"},{"@type":"BreadcrumbList","@id":"https:\/\/www.purejewels.com\/product\/22ct-gold-linear-bar-bead-bracelet-53532\/#breadcrumb","itemListElement":[{"@type":"ListItem","position":1,"name":"Home","item":"https:\/\/www.purejewels.com\/"},{"@type":"ListItem","position":2,"name":"Shop","item":"https:\/\/www.purejewels.com\/shop\/"},{"@type":"ListItem","position":3,"name":"22ct Gold Linear Bar Bead Bracelet"}]},{"@type":"WebSite","@id":"https:\/\/www.purejewels.com\/#website","url":"https:\/\/www.purejewels.com\/","name":"PureJewels \u0130ngiltere","description":"Sevgiyi Payla\u015f\u0131n","publisher":{"@id":"https:\/\/www.purejewels.com\/#organization"},"potentialAction":[{"@type":"SearchAction","target":{"@type":"EntryPoint","urlTemplate":"https:\/\/www.purejewels.com\/?s={search_term_string}"},"query-input":{"@type":"PropertyValueSpecification","valueRequired":true,"valueName":"search_term_string"}}],"inLanguage":"tr"},{"@type":"Organization","@id":"https:\/\/www.purejewels.com\/#organization","name":"PureJewels \u0130ngiltere","url":"https:\/\/www.purejewels.com\/","logo":{"@type":"ImageObject","inLanguage":"tr","@id":"https:\/\/www.purejewels.com\/#\/schema\/logo\/image\/","url":"https:\/\/static.purejewels.com\/wp-content\/uploads\/2020\/11\/Logo-PJ-New-1.png","contentUrl":"https:\/\/static.purejewels.com\/wp-content\/uploads\/2020\/11\/Logo-PJ-New-1.png","width":150,"height":80,"caption":"PureJewels UK"},"image":{"@id":"https:\/\/www.purejewels.com\/#\/schema\/logo\/image\/"}}]}},"_links":{"self":[{"href":"https:\/\/www.purejewels.com\/tr\/wp-json\/wp\/v2\/product\/423737","targetHints":{"allow":["GET"]}}],"collection":[{"href":"https:\/\/www.purejewels.com\/tr\/wp-json\/wp\/v2\/product"}],"about":[{"href":"https:\/\/www.purejewels.com\/tr\/wp-json\/wp\/v2\/types\/product"}],"replies":[{"embeddable":true,"href":"https:\/\/www.purejewels.com\/tr\/wp-json\/wp\/v2\/comments?post=423737"}],"version-history":[{"count":1,"href":"https:\/\/www.purejewels.com\/tr\/wp-json\/wp\/v2\/product\/423737\/revisions"}],"predecessor-version":[{"id":423738,"href":"https:\/\/www.purejewels.com\/tr\/wp-json\/wp\/v2\/product\/423737\/revisions\/423738"}],"wp:featuredmedia":[{"embeddable":true,"href":"https:\/\/www.purejewels.com\/tr\/wp-json\/wp\/v2\/media\/423739"}],"wp:attachment":[{"href":"https:\/\/www.purejewels.com\/tr\/wp-json\/wp\/v2\/media?parent=423737"}],"wp:term":[{"taxonomy":"product_brand","embeddable":true,"href":"https:\/\/www.purejewels.com\/tr\/wp-json\/wp\/v2\/product_brand?post=423737"},{"taxonomy":"product_cat","embeddable":true,"href":"https:\/\/www.purejewels.com\/tr\/wp-json\/wp\/v2\/product_cat?post=423737"},{"taxonomy":"product_tag","embeddable":true,"href":"https:\/\/www.purejewels.com\/tr\/wp-json\/wp\/v2\/product_tag?post=423737"}],"curies":[{"name":"wp","href":"https:\/\/api.w.org\/{rel}","templated":true}]}}